{"id":65835,"date":"2021-10-21T22:04:15","date_gmt":"2021-10-21T22:04:15","guid":{"rendered":"https:\/\/ucm.one\/?post_type=product&#038;p=65835"},"modified":"2025-05-13T12:32:26","modified_gmt":"2025-05-13T12:32:26","slug":"was-waere-wenn","status":"publish","type":"product","link":"https:\/\/ucm.one\/de\/produkt\/was-waere-wenn\/","title":{"rendered":"Was w\u00e4re, wenn &#8230;?"},"content":{"rendered":"<div class=\"wpb_text_column wpb_content_element \">\n<div class=\"wpb_wrapper\">\n<div class=\"\">\n<div class=\"wpb_text_column wpb_content_element \">\n<div class=\"wpb_wrapper\">\n<p style=\"font-weight: 400;\">In Willshagen, einem Dorf auf der DDR-Seite der innerdeutschen Grenze, geht das Ger\u00fccht um, dass die Grenze begradigt werden soll. Als eine West-Limousine vor dem leerstehenden Schloss auftaucht, wird gemunkelt, der alte Graf w\u00fcrde zur\u00fcckkehren. W\u00e4hrend die einen in freudiger Erwartung alles auf Hochglanz polieren, organisieren andere den Widerstand.<\/p>\n<p><span style=\"font-weight: 400;\">Dabei bringt das Liebesleben der jungen Paare zwischen Gro\u00df- und Neubauern einiges durcheinander.<\/span><\/p>\n<\/div>\n<\/div>\n<\/div>\n<\/div>\n<\/div>\n<div><div class=\"gap\" style=\"line-height: 20px; height: 20px;\"><\/div><\/div>\n<h5>Weitere Informationen<\/h5>\n<div>\n<div>\n<table style=\"height: 46px; width: 100%; border-collapse: collapse; border-color: #ffffff; background-color: #ffffff; border-style: hidden;\">\n<tbody>\n<tr style=\"height: 23px; border-style: hidden; border-color: #ffffff; background-color: #ffffff;\">\n<td style=\"width: 4.701195219123506%; height: 23px; border-style: hidden;\">Film:<\/td>\n<td style=\"width: 95.29880478087651%; height: 23px; border-style: hidden;\"><a title=\"Was w\u00e4re, wenn \u2026? (1960) von Gerhard Klingenberg | Edition Cinefest\" href=\"https:\/\/ucm.one\/de\/was-waere-wenn\/\">Was w\u00e4re, wenn \u2026?<\/a><\/td>\n<\/tr>\n<tr style=\"height: 23px;\">\n<td style=\"width: 4.701195219123506%; height: 23px; border-style: hidden;\">Label:<\/td>\n<td style=\"width: 95.29880478087651%; height: 23px; border-style: hidden;\"><a title=\"Edition Cinefest \/ Artkeim\u00b2\" href=\"https:\/\/ucm.one\/de\/film-labels\/artkeim\/\">Edition Cinefest \/ Artkeim\u00b2<\/a><\/td>\n<\/tr>\n<\/tbody>\n<\/table>\n<\/div>\n<div><\/div>\n<\/div>\n<div>\n<div><div class=\"gap\" style=\"line-height: 10px; height: 10px;\"><\/div><\/div>\n<div>\u2117 1960 <strong>DEFA Studio f\u00fcr Spielfilme<\/strong>, \u00a0\u00a9 2022\u00a0<strong>Artkeim\u00b2\u00a0<\/strong>\/ <span style=\"font-family: 'arial black', sans-serif;\"><strong>UCM.ONE<\/strong> <span style=\"font-family: arial, helvetica, sans-serif;\">in Kooperation mit der\u00a0<strong>DEFA-Stiftung <\/strong>&amp;<strong> ICESTORM Entertainment<\/strong><\/span><\/span><\/div>\n<div>\n<div class=\"gap\" style=\"line-height: 20px; height: 20px;\"><\/div>\n<div><\/div>\n<div>\n<div><div class=\"gap\" style=\"line-height: 10px; height: 10px;\"><\/div><\/div>\n<div><span style=\"color: #003a80;\"><strong>\u27a0 <a style=\"color: #003a80;\" href=\"https:\/\/ucm.one\/de\/produkt-kategorie\/art-de\/filme-de\/\">zum Shop<\/a><\/strong><\/span><\/div>\n<div><div class=\"gap\" style=\"line-height: 20px; height: 20px;\"><\/div><\/div>\n<\/div>\n<\/div>\n<\/div>\n","protected":false},"excerpt":{"rendered":"<p>Regie: <strong><a title=\"\" href=\"https:\/\/ucm.one\/?s=%22Gerhard+Klingenberg%22&amp;post_type=product\">Gerhard Klingenberg<\/a><\/strong><\/p>\n<p>Label: <a title=\"\" href=\"https:\/\/ucm.one\/de\/produkt-kategorie\/label-film-de\/artkeim-de\/edition-cinefest-de\/\"><strong>Edition Cinefest<\/strong><\/a><strong> \/ <\/strong><a title=\"\" href=\"https:\/\/ucm.one\/de\/produkt-kategorie\/label-film-de\/artkeim-de\/\"><strong>Artkeim\u00b2<\/strong><\/a><\/p>\n<p>Art:\u00a0<a title=\"\" href=\"https:\/\/ucm.one\/de\/produkt-kategorie\/art-de\/filme-de\/\"><strong>Film<\/strong><\/a><strong> (<a title=\"\" href=\"https:\/\/ucm.one\/de\/produkt-kategorie\/genre-film-de\/klassiker-de\/\">Klassiker<\/a>)<\/strong><\/p>\n<p>Genres: <strong><a title=\"\" href=\"https:\/\/ucm.one\/de\/produkt-kategorie\/genre-film-de\/drama-de\/\">Drama<\/a>,\u00a0<\/strong><a title=\"\" href=\"https:\/\/ucm.one\/de\/produkt-kategorie\/genre-film-de\/komoedie-de\/\"><b>Kom\u00f6die<\/b><\/a><\/p>\n<p>Jahr: <strong>1960<\/strong><\/p>\n<p>FSK: <strong>6<\/strong><\/p>\n<p>Format: <strong>DVD<\/strong><\/p>\n","protected":false},"featured_media":66265,"comment_status":"open","ping_status":"closed","template":"","meta":{"_acf_changed":false},"product_brand":[],"product_cat":[10334,10337,12093,10338,10356,12074,9708,10331],"product_tag":[12090,12080,12091,12081,12082,12083,12084,12085,12075,12086,12076,12087,12077,12088,12078,12089,12079],"class_list":{"0":"post-65835","1":"product","2":"type-product","3":"status-publish","4":"has-post-thumbnail","6":"product_cat-drama-de","7":"product_cat-sonderedition-de","8":"product_cat-klassiker-de","9":"product_cat-artkeim-de","10":"product_cat-komoedie-de","11":"product_cat-edition-cinefest-de","12":"product_cat-filme-de","13":"product_cat-dvd-de","14":"product_tag-hanns-anselm-perten","15":"product_tag-artkeim","16":"product_tag-fritz-hofbauer","17":"product_tag-ddr","18":"product_tag-defa","19":"product_tag-hedda-zinner","20":"product_tag-willi-narloch","21":"product_tag-gerd-ehlers","22":"product_tag-was-waere","23":"product_tag-manfred-krug","24":"product_tag-wenn","25":"product_tag-angela-brunner","26":"product_tag-gerhard-klingenberg","27":"product_tag-heinz-froelich","28":"product_tag-edition-cinefest","29":"product_tag-trude-bechmann","30":"product_tag-cinefest","31":"product_shipping_class-dvd-2","32":"description-off","34":"first","35":"instock","36":"taxable","37":"shipping-taxable","38":"purchasable","39":"product-type-simple"},"acf":[],"yoast_head":"<!-- This site is optimized with the Yoast SEO plugin v27.2 - https:\/\/yoast.com\/product\/yoast-seo-wordpress\/ -->\n<title>Was w\u00e4re, wenn ...?<\/title>\n<meta name=\"description\" content=\"Shop | Was w\u00e4re, wenn ...? | 1960 | Edition Cinefest \/ Artkeim\u00b2 | DVD | FSK 6\" \/>\n<meta name=\"robots\" content=\"index, follow, max-snippet:-1, max-image-preview:large, max-video-preview:-1\" \/>\n<link rel=\"canonical\" href=\"https:\/\/ucm.one\/de\/produkt\/was-waere-wenn\/\" \/>\n<meta property=\"og:locale\" content=\"de_DE\" \/>\n<meta property=\"og:type\" content=\"article\" \/>\n<meta property=\"og:title\" content=\"Was w\u00e4re, wenn ...?\" \/>\n<meta property=\"og:description\" content=\"Shop | Was w\u00e4re, wenn ...? | 1960 | Edition Cinefest \/ Artkeim\u00b2 | DVD | FSK 6VD | FSK 16\" \/>\n<meta property=\"og:url\" content=\"https:\/\/ucm.one\/de\/produkt\/was-waere-wenn\/\" \/>\n<meta property=\"og:site_name\" content=\"UCM.ONE\" \/>\n<meta property=\"article:modified_time\" content=\"2025-05-13T12:32:26+00:00\" \/>\n<meta property=\"og:image\" content=\"https:\/\/ucm.one\/wp-content\/uploads\/2021\/10\/C-Was-Waere-Wenn-2D-FSK6.jpg\" \/>\n<meta name=\"twitter:card\" content=\"summary_large_image\" \/>\n<meta name=\"twitter:title\" content=\"Was w\u00e4re, wenn ...?\" \/>\n<meta name=\"twitter:description\" content=\"Shop | Was w\u00e4re, wenn ...? | 1960 | Edition Cinefest \/ Artkeim\u00b2 | DVD | FSK 6\" \/>\n<meta name=\"twitter:image\" content=\"https:\/\/ucm.one\/wp-content\/uploads\/2021\/10\/C-Was-Waere-Wenn-2D-FSK6.jpg\" \/>\n<meta name=\"twitter:label1\" content=\"Gesch\u00e4tzte Lesezeit\" \/>\n\t<meta name=\"twitter:data1\" content=\"1\u00a0Minute\" \/>\n<!-- \/ Yoast SEO plugin. -->","yoast_head_json":{"title":"Was w\u00e4re, wenn ...?","description":"Shop | Was w\u00e4re, wenn ...? | 1960 | Edition Cinefest \/ Artkeim\u00b2 | DVD | FSK 6","robots":{"index":"index","follow":"follow","max-snippet":"max-snippet:-1","max-image-preview":"max-image-preview:large","max-video-preview":"max-video-preview:-1"},"canonical":"https:\/\/ucm.one\/de\/produkt\/was-waere-wenn\/","og_locale":"de_DE","og_type":"article","og_title":"Was w\u00e4re, wenn ...?","og_description":"Shop | Was w\u00e4re, wenn ...? | 1960 | Edition Cinefest \/ Artkeim\u00b2 | DVD | FSK 6VD | FSK 16","og_url":"https:\/\/ucm.one\/de\/produkt\/was-waere-wenn\/","og_site_name":"UCM.ONE","article_modified_time":"2025-05-13T12:32:26+00:00","og_image":[{"url":"https:\/\/ucm.one\/wp-content\/uploads\/2021\/10\/C-Was-Waere-Wenn-2D-FSK6.jpg","type":"","width":"","height":""}],"twitter_card":"summary_large_image","twitter_title":"Was w\u00e4re, wenn ...?","twitter_description":"Shop | Was w\u00e4re, wenn ...? | 1960 | Edition Cinefest \/ Artkeim\u00b2 | DVD | FSK 6","twitter_image":"https:\/\/ucm.one\/wp-content\/uploads\/2021\/10\/C-Was-Waere-Wenn-2D-FSK6.jpg","twitter_misc":{"Gesch\u00e4tzte Lesezeit":"1\u00a0Minute"},"schema":{"@context":"https:\/\/schema.org","@graph":[{"@type":"WebPage","@id":"https:\/\/ucm.one\/de\/produkt\/was-waere-wenn\/","url":"https:\/\/ucm.one\/de\/produkt\/was-waere-wenn\/","name":"Was w\u00e4re, wenn ...?","isPartOf":{"@id":"https:\/\/ucm.one\/de\/#website"},"primaryImageOfPage":{"@id":"https:\/\/ucm.one\/de\/produkt\/was-waere-wenn\/#primaryimage"},"image":{"@id":"https:\/\/ucm.one\/de\/produkt\/was-waere-wenn\/#primaryimage"},"thumbnailUrl":"https:\/\/ucm.one\/wp-content\/uploads\/2021\/10\/C-Was-Waere-Wenn-FSK-6.jpg","datePublished":"2021-10-21T22:04:15+00:00","dateModified":"2025-05-13T12:32:26+00:00","description":"Shop | Was w\u00e4re, wenn ...? | 1960 | Edition Cinefest \/ Artkeim\u00b2 | DVD | FSK 6","breadcrumb":{"@id":"https:\/\/ucm.one\/de\/produkt\/was-waere-wenn\/#breadcrumb"},"inLanguage":"de","potentialAction":[{"@type":"ReadAction","target":["https:\/\/ucm.one\/de\/produkt\/was-waere-wenn\/"]}]},{"@type":"ImageObject","inLanguage":"de","@id":"https:\/\/ucm.one\/de\/produkt\/was-waere-wenn\/#primaryimage","url":"https:\/\/ucm.one\/wp-content\/uploads\/2021\/10\/C-Was-Waere-Wenn-FSK-6.jpg","contentUrl":"https:\/\/ucm.one\/wp-content\/uploads\/2021\/10\/C-Was-Waere-Wenn-FSK-6.jpg","width":699,"height":1000},{"@type":"BreadcrumbList","@id":"https:\/\/ucm.one\/de\/produkt\/was-waere-wenn\/#breadcrumb","itemListElement":[{"@type":"ListItem","position":1,"name":"Home","item":"https:\/\/ucm.one\/de\/"},{"@type":"ListItem","position":2,"name":"Shop","item":"https:\/\/ucm.one\/de\/shop\/"},{"@type":"ListItem","position":3,"name":"Was w\u00e4re, wenn &#8230;?"}]},{"@type":"WebSite","@id":"https:\/\/ucm.one\/de\/#website","url":"https:\/\/ucm.one\/de\/","name":"UCM.ONE","description":"","publisher":{"@id":"https:\/\/ucm.one\/de\/#organization"},"potentialAction":[{"@type":"SearchAction","target":{"@type":"EntryPoint","urlTemplate":"https:\/\/ucm.one\/de\/?s={search_term_string}"},"query-input":{"@type":"PropertyValueSpecification","valueRequired":true,"valueName":"search_term_string"}}],"inLanguage":"de"},{"@type":"Organization","@id":"https:\/\/ucm.one\/de\/#organization","name":"UCM.ONE","url":"https:\/\/ucm.one\/de\/","logo":{"@type":"ImageObject","inLanguage":"de","@id":"https:\/\/ucm.one\/de\/#\/schema\/logo\/image\/","url":"https:\/\/ucm.one\/wp-content\/uploads\/2019\/10\/UCM.ONE-Logo-RGB.svg","contentUrl":"https:\/\/ucm.one\/wp-content\/uploads\/2019\/10\/UCM.ONE-Logo-RGB.svg","width":1,"height":1,"caption":"UCM.ONE"},"image":{"@id":"https:\/\/ucm.one\/de\/#\/schema\/logo\/image\/"}}]}},"_links":{"self":[{"href":"https:\/\/ucm.one\/de\/wp-json\/wp\/v2\/product\/65835","targetHints":{"allow":["GET"]}}],"collection":[{"href":"https:\/\/ucm.one\/de\/wp-json\/wp\/v2\/product"}],"about":[{"href":"https:\/\/ucm.one\/de\/wp-json\/wp\/v2\/types\/product"}],"replies":[{"embeddable":true,"href":"https:\/\/ucm.one\/de\/wp-json\/wp\/v2\/comments?post=65835"}],"wp:featuredmedia":[{"embeddable":true,"href":"https:\/\/ucm.one\/de\/wp-json\/wp\/v2\/media\/66265"}],"wp:attachment":[{"href":"https:\/\/ucm.one\/de\/wp-json\/wp\/v2\/media?parent=65835"}],"wp:term":[{"taxonomy":"product_brand","embeddable":true,"href":"https:\/\/ucm.one\/de\/wp-json\/wp\/v2\/product_brand?post=65835"},{"taxonomy":"product_cat","embeddable":true,"href":"https:\/\/ucm.one\/de\/wp-json\/wp\/v2\/product_cat?post=65835"},{"taxonomy":"product_tag","embeddable":true,"href":"https:\/\/ucm.one\/de\/wp-json\/wp\/v2\/product_tag?post=65835"}],"curies":[{"name":"wp","href":"https:\/\/api.w.org\/{rel}","templated":true}]}}