{"id":65600,"date":"2020-09-25T11:30:58","date_gmt":"2020-09-25T11:30:58","guid":{"rendered":"https:\/\/ucm.one\/?post_type=product&#038;p=65600"},"modified":"2023-07-12T14:38:10","modified_gmt":"2023-07-12T14:38:10","slug":"barabbas-er-lebte-weil-jesus-starb","status":"publish","type":"product","link":"https:\/\/ucm.one\/de\/produkt\/barabbas-er-lebte-weil-jesus-starb\/","title":{"rendered":"Barabbas &#8211; Er lebte, weil Jesus starb"},"content":{"rendered":"<div class=\"wpb_text_column wpb_content_element \">\n<div class=\"wpb_wrapper\">\n<div class=\"\">\n<div class=\"wpb_text_column wpb_content_element \">\n<div class=\"wpb_wrapper\">\n<p>Eben noch glaubt Barabbas, dass er wegen eines Mordes hingerichtet wird. Doch dann fordert das Volk Jerusalems seine Freilassung und stattdessen den Kreuzestod von Jesus Christus. Barabbas meint eigentlich, den Tod f\u00fcr seine Tat verdient zu haben. Statt seiner wird jedoch der offensichtlich unschuldige Jesus hingerichtet. Es folgen die drei Tage bis zur Auferstehung Jesu, in denen Barabbas sich mithilfe seines Gef\u00e4hrten Melchior auf den Weg macht, die Wahrheit \u00fcber den Nazarener herauszufinden. Er trifft Maria, einige J\u00fcnger, Maria Magdalena und Joseph und fragt sich immer ernsthafter: \u201cIst Jesus Gott?\u201d Dieser russische Bibelfilm ist fiktiv, bietet aber einen guten Blick auf das, was Jesus durch seinen Kreuzestod f\u00fcr die Menschen getan hat.<\/p>\n<\/div>\n<\/div>\n<\/div>\n<\/div>\n<\/div>\n<div><div class=\"gap\" style=\"line-height: 20px; height: 20px;\"><\/div><\/div>\n<h5>Weitere Informationen<\/h5>\n<div>\n<div>\n<table style=\"height: 46px; width: 100%; border-collapse: collapse; border-color: #ffffff; background-color: #ffffff; border-style: hidden;\">\n<tbody>\n<tr style=\"height: 23px; border-style: hidden; border-color: #ffffff; background-color: #ffffff;\">\n<td style=\"width: 4.701195219123506%; height: 23px; border-style: hidden;\">Film:<\/td>\n<td style=\"width: 95.29880478087651%; height: 23px; border-style: hidden;\"><a title=\"Barabbas \u2013 Er lebte, weil Jesus starb (2019) von Evgeniy Emelin | U1 Films Berlin\" href=\"https:\/\/ucm.one\/de\/barabbas-er-lebte-weil-jesus-starb\/\">Barabbas \u2013 Er lebte, weil Jesus starb<\/a><\/td>\n<\/tr>\n<tr style=\"height: 23px;\">\n<td style=\"width: 4.701195219123506%; height: 23px; border-style: hidden;\">Label:<\/td>\n<td style=\"width: 95.29880478087651%; height: 23px; border-style: hidden;\"><a title=\"U1 Films Berlin\" href=\"https:\/\/ucm.one\/de\/film-labels\/u1-films-berlin\/\">U1 Films Berlin<\/a><\/td>\n<\/tr>\n<\/tbody>\n<\/table>\n<\/div>\n<div><\/div>\n<\/div>\n<div>\n<div><div class=\"gap\" style=\"line-height: 10px; height: 10px;\"><\/div><\/div>\n<div>\u2117 2019 <strong>Artworks Film<\/strong>, \u00a9 2020\u00a0<strong>U1 Films Berlin<\/strong> \/ <span style=\"font-family: 'arial black', sans-serif;\"><strong>UCM.ONE<\/strong><\/span><\/div>\n<div><div class=\"gap\" style=\"line-height: 20px; height: 20px;\"><\/div><\/div>\n<div>\n<div><\/div>\n<div>\n<div><div class=\"gap\" style=\"line-height: 10px; height: 10px;\"><\/div><\/div>\n<div><span style=\"color: #003a80;\"><strong>\u27a0 <a style=\"color: #003a80;\" href=\"https:\/\/ucm.one\/de\/produkt-kategorie\/art-de\/filme-de\/\">zum Shop<\/a><\/strong><\/span><\/div>\n<div><div class=\"gap\" style=\"line-height: 20px; height: 20px;\"><\/div><\/div>\n<\/div>\n<\/div>\n<\/div>\n","protected":false},"excerpt":{"rendered":"<p>Regie: <a title=\"\" href=\"https:\/\/ucm.one\/?s=%22Evgeniy+Emelin%22&amp;post_type=product\"><strong>Evgeniy Emelin<\/strong><\/a><\/p>\n<p>Label:\u00a0<a href=\"https:\/\/ucm.one\/de\/produkt-kategorie\/label-film-de\/u1-films-berlin-de\/\"><strong>U1 Films Berlin<\/strong><\/a><\/p>\n<p>Art:\u00a0<strong><a href=\"https:\/\/ucm.one\/de\/produkt-kategorie\/art-de\/filme-de\/\">Film<\/a> (Spielfilm)<\/strong><\/p>\n<p>Genre:\u00a0<b><a title=\"\" href=\"https:\/\/ucm.one\/de\/produkt-kategorie\/genre-film-de\/drama-de\/\">Drama<\/a>, <a title=\"\" href=\"https:\/\/ucm.one\/de\/produkt-kategorie\/genre-film-de\/history-de\/\">History<\/a><\/b><\/p>\n<p>Jahr: <strong>2019<\/strong><\/p>\n<p>FSK: <strong>12<\/strong><\/p>\n<p>Formate: <strong>Diverse<\/strong><\/p>\n","protected":false},"featured_media":65601,"comment_status":"open","ping_status":"closed","template":"","meta":{"_acf_changed":false},"product_brand":[],"product_cat":[10334,10340,10952,9708,10331,10332],"product_tag":[12050,12051,12052,12053,12043,12054,12044,12055,12045,12056,12046,12057,12047,12058,12048,12049],"class_list":{"0":"post-65600","1":"product","2":"type-product","3":"status-publish","4":"has-post-thumbnail","6":"product_cat-drama-de","7":"product_cat-u1-films-berlin-de","8":"product_cat-history-de","9":"product_cat-filme-de","10":"product_cat-dvd-de","11":"product_cat-blu-ray-de","12":"product_tag-glaube","13":"product_tag-christus","14":"product_tag-juden","15":"product_tag-jerusalem","16":"product_tag-barabbas","17":"product_tag-maria","18":"product_tag-jesus","19":"product_tag-maria-magdalena","20":"product_tag-er-lebte","21":"product_tag-joseph","22":"product_tag-weil-jesus-starb","23":"product_tag-roemer","24":"product_tag-pilatus","25":"product_tag-nazareth","26":"product_tag-evangelium","27":"product_tag-bibel","28":"pa_format-dvd","29":"pa_format-blu-ray-de","30":"description-off","32":"first","33":"instock","34":"sale","35":"taxable","36":"shipping-taxable","37":"purchasable","38":"product-type-variable"},"acf":[],"yoast_head":"<!-- This site is optimized with the Yoast SEO plugin v27.5 - https:\/\/yoast.com\/product\/yoast-seo-wordpress\/ -->\n<title>Barabbas - Er lebte, weil Jesus starb<\/title>\n<meta name=\"description\" content=\"Shop | Barabbas - Er lebte, weil Jesus starb | 2019 | U1 Films Berlin | Blu-Ray, DVD | FSK 12\" \/>\n<meta name=\"robots\" content=\"index, follow, max-snippet:-1, max-image-preview:large, max-video-preview:-1\" \/>\n<link rel=\"canonical\" href=\"https:\/\/ucm.one\/de\/produkt\/barabbas-er-lebte-weil-jesus-starb\/\" \/>\n<meta property=\"og:locale\" content=\"de_DE\" \/>\n<meta property=\"og:type\" content=\"article\" \/>\n<meta property=\"og:title\" content=\"Barabbas - Er lebte, weil Jesus starb\" \/>\n<meta property=\"og:description\" content=\"Shop | Barabbas - Er lebte, weil Jesus starb | 2019 | U1 Films Berlin | Blu-Ray, DVD | FSK 12lu-Ray, DVD | FSK 16\" \/>\n<meta property=\"og:url\" content=\"https:\/\/ucm.one\/de\/produkt\/barabbas-er-lebte-weil-jesus-starb\/\" \/>\n<meta property=\"og:site_name\" content=\"UCM.ONE\" \/>\n<meta property=\"article:modified_time\" content=\"2023-07-12T14:38:10+00:00\" \/>\n<meta property=\"og:image\" content=\"https:\/\/ucm.one\/wp-content\/uploads\/2020\/07\/P-Barabbas.jpg\" \/>\n<meta name=\"twitter:card\" content=\"summary_large_image\" \/>\n<meta name=\"twitter:title\" content=\"Barabbas - Er lebte, weil Jesus starb\" \/>\n<meta name=\"twitter:description\" content=\"Shop | Barabbas - Er lebte, weil Jesus starb | 2019 | U1 Films Berlin | Blu-Ray, DVD | FSK 12\" \/>\n<meta name=\"twitter:image\" content=\"https:\/\/ucm.one\/wp-content\/uploads\/2020\/07\/P-Barabbas.jpg\" \/>\n<meta name=\"twitter:label1\" content=\"Gesch\u00e4tzte Lesezeit\" \/>\n\t<meta name=\"twitter:data1\" content=\"1\u00a0Minute\" \/>\n<!-- \/ Yoast SEO plugin. -->","yoast_head_json":{"title":"Barabbas - Er lebte, weil Jesus starb","description":"Shop | Barabbas - Er lebte, weil Jesus starb | 2019 | U1 Films Berlin | Blu-Ray, DVD | FSK 12","robots":{"index":"index","follow":"follow","max-snippet":"max-snippet:-1","max-image-preview":"max-image-preview:large","max-video-preview":"max-video-preview:-1"},"canonical":"https:\/\/ucm.one\/de\/produkt\/barabbas-er-lebte-weil-jesus-starb\/","og_locale":"de_DE","og_type":"article","og_title":"Barabbas - Er lebte, weil Jesus starb","og_description":"Shop | Barabbas - Er lebte, weil Jesus starb | 2019 | U1 Films Berlin | Blu-Ray, DVD | FSK 12lu-Ray, DVD | FSK 16","og_url":"https:\/\/ucm.one\/de\/produkt\/barabbas-er-lebte-weil-jesus-starb\/","og_site_name":"UCM.ONE","article_modified_time":"2023-07-12T14:38:10+00:00","og_image":[{"url":"https:\/\/ucm.one\/wp-content\/uploads\/2020\/07\/P-Barabbas.jpg","type":"","width":"","height":""}],"twitter_card":"summary_large_image","twitter_title":"Barabbas - Er lebte, weil Jesus starb","twitter_description":"Shop | Barabbas - Er lebte, weil Jesus starb | 2019 | U1 Films Berlin | Blu-Ray, DVD | FSK 12","twitter_image":"https:\/\/ucm.one\/wp-content\/uploads\/2020\/07\/P-Barabbas.jpg","twitter_misc":{"Gesch\u00e4tzte Lesezeit":"1\u00a0Minute"},"schema":{"@context":"https:\/\/schema.org","@graph":[{"@type":"WebPage","@id":"https:\/\/ucm.one\/de\/produkt\/barabbas-er-lebte-weil-jesus-starb\/","url":"https:\/\/ucm.one\/de\/produkt\/barabbas-er-lebte-weil-jesus-starb\/","name":"Barabbas - Er lebte, weil Jesus starb","isPartOf":{"@id":"https:\/\/ucm.one\/de\/#website"},"primaryImageOfPage":{"@id":"https:\/\/ucm.one\/de\/produkt\/barabbas-er-lebte-weil-jesus-starb\/#primaryimage"},"image":{"@id":"https:\/\/ucm.one\/de\/produkt\/barabbas-er-lebte-weil-jesus-starb\/#primaryimage"},"thumbnailUrl":"https:\/\/ucm.one\/wp-content\/uploads\/2022\/03\/C-Barabbas-FSK-12.jpg","datePublished":"2020-09-25T11:30:58+00:00","dateModified":"2023-07-12T14:38:10+00:00","description":"Shop | Barabbas - Er lebte, weil Jesus starb | 2019 | U1 Films Berlin | Blu-Ray, DVD | FSK 12","breadcrumb":{"@id":"https:\/\/ucm.one\/de\/produkt\/barabbas-er-lebte-weil-jesus-starb\/#breadcrumb"},"inLanguage":"de","potentialAction":[{"@type":"ReadAction","target":["https:\/\/ucm.one\/de\/produkt\/barabbas-er-lebte-weil-jesus-starb\/"]}]},{"@type":"ImageObject","inLanguage":"de","@id":"https:\/\/ucm.one\/de\/produkt\/barabbas-er-lebte-weil-jesus-starb\/#primaryimage","url":"https:\/\/ucm.one\/wp-content\/uploads\/2022\/03\/C-Barabbas-FSK-12.jpg","contentUrl":"https:\/\/ucm.one\/wp-content\/uploads\/2022\/03\/C-Barabbas-FSK-12.jpg","width":699,"height":1000},{"@type":"BreadcrumbList","@id":"https:\/\/ucm.one\/de\/produkt\/barabbas-er-lebte-weil-jesus-starb\/#breadcrumb","itemListElement":[{"@type":"ListItem","position":1,"name":"Home","item":"https:\/\/ucm.one\/de\/"},{"@type":"ListItem","position":2,"name":"Shop","item":"https:\/\/ucm.one\/de\/shop\/"},{"@type":"ListItem","position":3,"name":"Barabbas &#8211; Er lebte, weil Jesus starb"}]},{"@type":"WebSite","@id":"https:\/\/ucm.one\/de\/#website","url":"https:\/\/ucm.one\/de\/","name":"UCM.ONE","description":"","publisher":{"@id":"https:\/\/ucm.one\/de\/#organization"},"potentialAction":[{"@type":"SearchAction","target":{"@type":"EntryPoint","urlTemplate":"https:\/\/ucm.one\/de\/?s={search_term_string}"},"query-input":{"@type":"PropertyValueSpecification","valueRequired":true,"valueName":"search_term_string"}}],"inLanguage":"de"},{"@type":"Organization","@id":"https:\/\/ucm.one\/de\/#organization","name":"UCM.ONE","url":"https:\/\/ucm.one\/de\/","logo":{"@type":"ImageObject","inLanguage":"de","@id":"https:\/\/ucm.one\/de\/#\/schema\/logo\/image\/","url":"https:\/\/ucm.one\/wp-content\/uploads\/2019\/10\/UCM.ONE-Logo-RGB.svg","contentUrl":"https:\/\/ucm.one\/wp-content\/uploads\/2019\/10\/UCM.ONE-Logo-RGB.svg","width":1,"height":1,"caption":"UCM.ONE"},"image":{"@id":"https:\/\/ucm.one\/de\/#\/schema\/logo\/image\/"}}]}},"_links":{"self":[{"href":"https:\/\/ucm.one\/de\/wp-json\/wp\/v2\/product\/65600","targetHints":{"allow":["GET"]}}],"collection":[{"href":"https:\/\/ucm.one\/de\/wp-json\/wp\/v2\/product"}],"about":[{"href":"https:\/\/ucm.one\/de\/wp-json\/wp\/v2\/types\/product"}],"replies":[{"embeddable":true,"href":"https:\/\/ucm.one\/de\/wp-json\/wp\/v2\/comments?post=65600"}],"wp:featuredmedia":[{"embeddable":true,"href":"https:\/\/ucm.one\/de\/wp-json\/wp\/v2\/media\/65601"}],"wp:attachment":[{"href":"https:\/\/ucm.one\/de\/wp-json\/wp\/v2\/media?parent=65600"}],"wp:term":[{"taxonomy":"product_brand","embeddable":true,"href":"https:\/\/ucm.one\/de\/wp-json\/wp\/v2\/product_brand?post=65600"},{"taxonomy":"product_cat","embeddable":true,"href":"https:\/\/ucm.one\/de\/wp-json\/wp\/v2\/product_cat?post=65600"},{"taxonomy":"product_tag","embeddable":true,"href":"https:\/\/ucm.one\/de\/wp-json\/wp\/v2\/product_tag?post=65600"}],"curies":[{"name":"wp","href":"https:\/\/api.w.org\/{rel}","templated":true}]}}