{"id":65435,"date":"2022-01-13T20:07:22","date_gmt":"2022-01-13T20:07:22","guid":{"rendered":"https:\/\/ucm.one\/?post_type=product&#038;p=65435"},"modified":"2023-06-18T13:06:16","modified_gmt":"2023-06-18T13:06:16","slug":"the-occupants-sie-wollen-dein-leben","status":"publish","type":"product","link":"https:\/\/ucm.one\/de\/produkt\/the-occupants-sie-wollen-dein-leben\/","title":{"rendered":"The Occupants &#8211; Sie wollen Dein Leben"},"content":{"rendered":"<div class=\"wpb_text_column wpb_content_element \">\n<div class=\"wpb_wrapper\">\n<div class=\"\">\n<div class=\"wpb_text_column wpb_content_element \">\n<div class=\"wpb_wrapper\">\n<p>Lucys neues Leben scheint perfekt: mit dem neuen Ehemann und Baby im neuen Zuhause \u2013 aber alte Geister lassen sie nicht los. Sie hat ihr Leben der Aufgabe verschrieben, Familien dabei zu helfen, den \u201eKreislauf\u201c des Missbrauchs zu durchbrechen. Als sie und ihr Ehemann Wade die Echos einer gewaltt\u00e4tigen Familientrag\u00f6die in ihrem Haus feststellen, versucht Lucy, den gequ\u00e4lten Seelen zu helfen, sich von ihrer Qual zu befreien und weiterzuziehen . Sie stellt jedoch fest, dass diese Geister ihre Hilfe nicht wollen \u2013 sie wollen Lucy und ihre Familie in ihren Untergang f\u00fchren\u2026.<\/p>\n<\/div>\n<\/div>\n<\/div>\n<\/div>\n<\/div>\n<div><div class=\"gap\" style=\"line-height: 20px; height: 20px;\"><\/div><\/div>\n<h5>Weitere Informationen<\/h5>\n<div>\n<div>\n<table style=\"height: 46px; width: 100%; border-collapse: collapse; border-color: #ffffff; background-color: #ffffff; border-style: hidden;\">\n<tbody>\n<tr style=\"height: 23px; border-style: hidden; border-color: #ffffff; background-color: #ffffff;\">\n<td style=\"width: 4.701195219123506%; height: 23px; border-style: hidden;\">Film:<\/td>\n<td style=\"width: 95.29880478087651%; height: 23px; border-style: hidden;\"><a title=\"The Occupants \u2013 Sie wollen Dein Leben\" href=\"https:\/\/ucm.one\/de\/the-occupants-sie-wollen-dein-leben\/\">The Occupants \u2013 Sie wollen Dein Leben<\/a><\/td>\n<\/tr>\n<tr style=\"height: 23px;\">\n<td style=\"width: 4.701195219123506%; height: 23px; border-style: hidden;\">Label:<\/td>\n<td style=\"width: 95.29880478087651%; height: 23px; border-style: hidden;\"><a title=\"U1 Films Berlin\" href=\"https:\/\/ucm.one\/de\/film-labels\/u1-films-berlin\/\">U1 Films Berlin<\/a><\/td>\n<\/tr>\n<\/tbody>\n<\/table>\n<\/div>\n<div><\/div>\n<\/div>\n<div>\n<div><div class=\"gap\" style=\"line-height: 10px; height: 10px;\"><\/div><\/div>\n<div>\u2117 2014\u00a0<strong>Blood Relative Productions<\/strong>, \u00a0\u00a9 2022\u00a0<strong><span style=\"font-family: 'arial black', sans-serif;\">U1<\/span> Films Berlin\u00a0<\/strong>\/ <span style=\"font-family: 'arial black', sans-serif;\"><strong>UCM.ONE<\/strong><\/span><\/div>\n<div><div class=\"gap\" style=\"line-height: 20px; height: 20px;\"><\/div><\/div>\n<div>\n<div><\/div>\n<div>\n<div><div class=\"gap\" style=\"line-height: 10px; height: 10px;\"><\/div><\/div>\n<div><span style=\"color: #003a80;\"><strong>\u27a0 <a style=\"color: #003a80;\" href=\"https:\/\/ucm.one\/de\/produkt-kategorie\/art-de\/filme-de\/\">zum Shop<\/a><\/strong><\/span><\/div>\n<div><div class=\"gap\" style=\"line-height: 20px; height: 20px;\"><\/div><\/div>\n<\/div>\n<\/div>\n<\/div>\n","protected":false},"excerpt":{"rendered":"<p>Regie: <strong><a title=\"Todd Alcott\" href=\"https:\/\/ucm.one\/de\/?s=%22Todd+Alcott%22&amp;post_type=product\">Todd Alcott<\/a><\/strong><\/p>\n<p>Label: <a title=\"U1 Films Berlin\" href=\"https:\/\/ucm.one\/de\/produkt-kategorie\/label-film-de\/u1-films-berlin-de\/\"><strong>U1 Films Berlin<\/strong><\/a><\/p>\n<p>Art:\u00a0<strong><a href=\"https:\/\/ucm.one\/de\/produkt-kategorie\/art-de\/filme-de\/\">Film<\/a> (Spielfilm)<\/strong><\/p>\n<p>Genres: <b><a href=\"https:\/\/ucm.one\/de\/produkt-kategorie\/genre-film-de\/horror-de\/\">Horror<\/a>, <a title=\"\" href=\"https:\/\/ucm.one\/de\/produkt-kategorie\/genre-film-de\/horror-de\/thriller-de\/\">Thriller<\/a><\/b><\/p>\n<p>Jahr: <strong>2014<\/strong><\/p>\n<p>FSK: <strong>16<\/strong><\/p>\n<p>Format: <strong>DVD<\/strong><\/p>\n","protected":false},"featured_media":65436,"comment_status":"open","ping_status":"closed","template":"","meta":{"_acf_changed":false},"product_brand":[],"product_cat":[9708,10327,10330,10331,10340],"product_tag":[10352,11026,12004,12005,12006,12007,12008,12009,12010,10349],"class_list":{"0":"post-65435","1":"product","2":"type-product","3":"status-publish","4":"has-post-thumbnail","6":"product_cat-filme-de","7":"product_cat-horror-de","8":"product_cat-thriller-de","9":"product_cat-dvd-de","10":"product_cat-u1-films-berlin-de","11":"product_tag-thriller","12":"product_tag-u1-films-berlin","13":"product_tag-the-occupants","14":"product_tag-sie-wollen-dein-leben","15":"product_tag-todd-alcott","16":"product_tag-christin-milioti","17":"product_tag-michel-rady","18":"product_tag-james-urbaniak","19":"product_tag-toby-huss","20":"product_tag-horror","21":"product_shipping_class-dvd-2","22":"description-off","24":"first","25":"instock","26":"taxable","27":"shipping-taxable","28":"purchasable","29":"product-type-simple"},"acf":[],"yoast_head":"<!-- This site is optimized with the Yoast SEO plugin v27.2 - https:\/\/yoast.com\/product\/yoast-seo-wordpress\/ -->\n<title>The Occupants - Sie wollen Dein Leben<\/title>\n<meta name=\"description\" content=\"Shop | The Occupants - Sie wollen Dein Leben | 2006 | U1 Films Berlin | DVD | FSK 16\" \/>\n<meta name=\"robots\" content=\"index, follow, max-snippet:-1, max-image-preview:large, max-video-preview:-1\" \/>\n<link rel=\"canonical\" href=\"https:\/\/ucm.one\/de\/produkt\/the-occupants-sie-wollen-dein-leben\/\" \/>\n<meta property=\"og:locale\" content=\"de_DE\" \/>\n<meta property=\"og:type\" content=\"article\" \/>\n<meta property=\"og:title\" content=\"The Occupants - Sie wollen Dein Leben\" \/>\n<meta property=\"og:description\" content=\"Shop | The Occupants - Sie wollen Dein Leben | 2006 | U1 Films Berlin | DVD | FSK 16\" \/>\n<meta property=\"og:url\" content=\"https:\/\/ucm.one\/de\/produkt\/the-occupants-sie-wollen-dein-leben\/\" \/>\n<meta property=\"og:site_name\" content=\"UCM.ONE\" \/>\n<meta property=\"article:modified_time\" content=\"2023-06-18T13:06:16+00:00\" \/>\n<meta property=\"og:image\" content=\"https:\/\/ucm.one\/wp-content\/uploads\/2022\/03\/C-The-Occupants-YT.jpg\" \/>\n<meta name=\"twitter:card\" content=\"summary_large_image\" \/>\n<meta name=\"twitter:title\" content=\"The Occupants - Sie wollen Dein Leben\" \/>\n<meta name=\"twitter:description\" content=\"Shop | The Occupants - Sie wollen Dein Leben | 2006 | U1 Films Berlin | DVD | FSK 16\" \/>\n<meta name=\"twitter:image\" content=\"https:\/\/ucm.one\/wp-content\/uploads\/2022\/03\/C-The-Occupants-YT.jpg\" \/>\n<meta name=\"twitter:label1\" content=\"Gesch\u00e4tzte Lesezeit\" \/>\n\t<meta name=\"twitter:data1\" content=\"1\u00a0Minute\" \/>\n<!-- \/ Yoast SEO plugin. -->","yoast_head_json":{"title":"The Occupants - Sie wollen Dein Leben","description":"Shop | The Occupants - Sie wollen Dein Leben | 2006 | U1 Films Berlin | DVD | FSK 16","robots":{"index":"index","follow":"follow","max-snippet":"max-snippet:-1","max-image-preview":"max-image-preview:large","max-video-preview":"max-video-preview:-1"},"canonical":"https:\/\/ucm.one\/de\/produkt\/the-occupants-sie-wollen-dein-leben\/","og_locale":"de_DE","og_type":"article","og_title":"The Occupants - Sie wollen Dein Leben","og_description":"Shop | The Occupants - Sie wollen Dein Leben | 2006 | U1 Films Berlin | DVD | FSK 16","og_url":"https:\/\/ucm.one\/de\/produkt\/the-occupants-sie-wollen-dein-leben\/","og_site_name":"UCM.ONE","article_modified_time":"2023-06-18T13:06:16+00:00","og_image":[{"url":"https:\/\/ucm.one\/wp-content\/uploads\/2022\/03\/C-The-Occupants-YT.jpg","type":"","width":"","height":""}],"twitter_card":"summary_large_image","twitter_title":"The Occupants - Sie wollen Dein Leben","twitter_description":"Shop | The Occupants - Sie wollen Dein Leben | 2006 | U1 Films Berlin | DVD | FSK 16","twitter_image":"https:\/\/ucm.one\/wp-content\/uploads\/2022\/03\/C-The-Occupants-YT.jpg","twitter_misc":{"Gesch\u00e4tzte Lesezeit":"1\u00a0Minute"},"schema":{"@context":"https:\/\/schema.org","@graph":[{"@type":"WebPage","@id":"https:\/\/ucm.one\/de\/produkt\/the-occupants-sie-wollen-dein-leben\/","url":"https:\/\/ucm.one\/de\/produkt\/the-occupants-sie-wollen-dein-leben\/","name":"The Occupants - Sie wollen Dein Leben","isPartOf":{"@id":"https:\/\/ucm.one\/de\/#website"},"primaryImageOfPage":{"@id":"https:\/\/ucm.one\/de\/produkt\/the-occupants-sie-wollen-dein-leben\/#primaryimage"},"image":{"@id":"https:\/\/ucm.one\/de\/produkt\/the-occupants-sie-wollen-dein-leben\/#primaryimage"},"thumbnailUrl":"https:\/\/ucm.one\/wp-content\/uploads\/2022\/03\/C-The-Occupants-FSK16.jpg","datePublished":"2022-01-13T20:07:22+00:00","dateModified":"2023-06-18T13:06:16+00:00","description":"Shop | The Occupants - Sie wollen Dein Leben | 2006 | U1 Films Berlin | DVD | FSK 16","breadcrumb":{"@id":"https:\/\/ucm.one\/de\/produkt\/the-occupants-sie-wollen-dein-leben\/#breadcrumb"},"inLanguage":"de","potentialAction":[{"@type":"ReadAction","target":["https:\/\/ucm.one\/de\/produkt\/the-occupants-sie-wollen-dein-leben\/"]}]},{"@type":"ImageObject","inLanguage":"de","@id":"https:\/\/ucm.one\/de\/produkt\/the-occupants-sie-wollen-dein-leben\/#primaryimage","url":"https:\/\/ucm.one\/wp-content\/uploads\/2022\/03\/C-The-Occupants-FSK16.jpg","contentUrl":"https:\/\/ucm.one\/wp-content\/uploads\/2022\/03\/C-The-Occupants-FSK16.jpg","width":699,"height":1000},{"@type":"BreadcrumbList","@id":"https:\/\/ucm.one\/de\/produkt\/the-occupants-sie-wollen-dein-leben\/#breadcrumb","itemListElement":[{"@type":"ListItem","position":1,"name":"Home","item":"https:\/\/ucm.one\/de\/"},{"@type":"ListItem","position":2,"name":"Shop","item":"https:\/\/ucm.one\/de\/shop\/"},{"@type":"ListItem","position":3,"name":"The Occupants &#8211; Sie wollen Dein Leben"}]},{"@type":"WebSite","@id":"https:\/\/ucm.one\/de\/#website","url":"https:\/\/ucm.one\/de\/","name":"UCM.ONE","description":"","publisher":{"@id":"https:\/\/ucm.one\/de\/#organization"},"potentialAction":[{"@type":"SearchAction","target":{"@type":"EntryPoint","urlTemplate":"https:\/\/ucm.one\/de\/?s={search_term_string}"},"query-input":{"@type":"PropertyValueSpecification","valueRequired":true,"valueName":"search_term_string"}}],"inLanguage":"de"},{"@type":"Organization","@id":"https:\/\/ucm.one\/de\/#organization","name":"UCM.ONE","url":"https:\/\/ucm.one\/de\/","logo":{"@type":"ImageObject","inLanguage":"de","@id":"https:\/\/ucm.one\/de\/#\/schema\/logo\/image\/","url":"https:\/\/ucm.one\/wp-content\/uploads\/2019\/10\/UCM.ONE-Logo-RGB.svg","contentUrl":"https:\/\/ucm.one\/wp-content\/uploads\/2019\/10\/UCM.ONE-Logo-RGB.svg","width":1,"height":1,"caption":"UCM.ONE"},"image":{"@id":"https:\/\/ucm.one\/de\/#\/schema\/logo\/image\/"}}]}},"_links":{"self":[{"href":"https:\/\/ucm.one\/de\/wp-json\/wp\/v2\/product\/65435","targetHints":{"allow":["GET"]}}],"collection":[{"href":"https:\/\/ucm.one\/de\/wp-json\/wp\/v2\/product"}],"about":[{"href":"https:\/\/ucm.one\/de\/wp-json\/wp\/v2\/types\/product"}],"replies":[{"embeddable":true,"href":"https:\/\/ucm.one\/de\/wp-json\/wp\/v2\/comments?post=65435"}],"wp:featuredmedia":[{"embeddable":true,"href":"https:\/\/ucm.one\/de\/wp-json\/wp\/v2\/media\/65436"}],"wp:attachment":[{"href":"https:\/\/ucm.one\/de\/wp-json\/wp\/v2\/media?parent=65435"}],"wp:term":[{"taxonomy":"product_brand","embeddable":true,"href":"https:\/\/ucm.one\/de\/wp-json\/wp\/v2\/product_brand?post=65435"},{"taxonomy":"product_cat","embeddable":true,"href":"https:\/\/ucm.one\/de\/wp-json\/wp\/v2\/product_cat?post=65435"},{"taxonomy":"product_tag","embeddable":true,"href":"https:\/\/ucm.one\/de\/wp-json\/wp\/v2\/product_tag?post=65435"}],"curies":[{"name":"wp","href":"https:\/\/api.w.org\/{rel}","templated":true}]}}