{"id":65362,"date":"2022-03-03T18:49:15","date_gmt":"2022-03-03T18:49:15","guid":{"rendered":"https:\/\/ucm.one\/?post_type=product&#038;p=65362"},"modified":"2023-06-18T12:59:07","modified_gmt":"2023-06-18T12:59:07","slug":"devils-triangle-das-geheimnis-von-atlantis","status":"publish","type":"product","link":"https:\/\/ucm.one\/de\/produkt\/devils-triangle-das-geheimnis-von-atlantis\/","title":{"rendered":"Devil\u2019s Triangle &#8211; Das Geheimnis von Atlantis"},"content":{"rendered":"<div class=\"wpb_text_column wpb_content_element \">\n<div class=\"wpb_wrapper\">\n<div class=\"\">\n<div class=\"wpb_text_column wpb_content_element \">\n<div class=\"wpb_wrapper\">\n<div class=\"wpb_text_column wpb_content_element \">\n<div class=\"wpb_wrapper\">\n<div class=\"wpb_text_column wpb_content_element \">\n<div class=\"wpb_wrapper\">\n<p>Eine Linienmaschine st\u00fcrzt in der Nacht bei schweren Turbulenzen inmitten des ber\u00fcchtigten Bermuda-Dreiecks ab. Die \u00dcberlebenden, darunter das Meeresbiologen-Paar Vera (<strong>Morgan Bradley<\/strong>) und Del Collins (<strong>Liam Hawley<\/strong>), k\u00f6nnen sich auf eine Insel retten, deren kriegerische Bewohner sich als \u201eAtlanter\u201c, Angeh\u00f6rige der sagenumwobenen versunkenen Stadt Atlantis, ausgeben. Mit einem Tiefsee-U-Boot werden sie nach Atlantis gebracht, einer Stadt, die unter einer Kuppel tief auf dem Meeresgrund verborgen liegt und von einem riesigen dreik\u00f6pfigen Seemonster bewacht wird.<\/p>\n<\/div>\n<\/div>\n<div class=\"wpb_text_column wpb_content_element \">\n<div class=\"wpb_wrapper\">\n<p>Die anf\u00e4ngliche Begeisterung der Wissenschaftler f\u00fcr die erstaunlichen technischen Errungenschaften, die es dort gibt, w\u00e4hrt allerdings nur kurz. Denn die Atlanter wollen die Menschheit, die die Meere und damit die Umwelt ihrer Heimat \u00fcber Jahrhunderte zerst\u00f6rt hat, komplett vernichten. Mit Hilfe des ebenfalls in Atlantis \u201egestrandeten\u201c Ex-Soldaten Pluto (<strong>Fred Williamson<\/strong>) setzen die beiden nun alles daran, dies zu verhindern\u2026<\/p>\n<\/div>\n<\/div>\n<\/div>\n<\/div>\n<\/div>\n<\/div>\n<\/div>\n<\/div>\n<\/div>\n<div><div class=\"gap\" style=\"line-height: 20px; height: 20px;\"><\/div><\/div>\n<h5>Weitere Informationen<\/h5>\n<div>\n<div>\n<table style=\"height: 46px; width: 100%; border-collapse: collapse; border-color: #ffffff; background-color: #ffffff; border-style: hidden;\">\n<tbody>\n<tr style=\"height: 23px; border-style: hidden; border-color: #ffffff; background-color: #ffffff;\">\n<td style=\"width: 4.701195219123506%; height: 23px; border-style: hidden;\">Film:<\/td>\n<td style=\"width: 95.29880478087651%; height: 23px; border-style: hidden;\"><a title=\"The Devil\u2019s Triangle \u2013 Das Geheimnis von Atlantis (U1 Films Berlin)\" href=\"https:\/\/ucm.one\/de\/devils-triangle-das-geheimnis-von-atlantis\/\">The Devil\u2019s Triangle \u2013 Das Geheimnis von Atlantis<\/a><\/td>\n<\/tr>\n<tr style=\"height: 23px;\">\n<td style=\"width: 4.701195219123506%; height: 23px; border-style: hidden;\">Label:<\/td>\n<td style=\"width: 95.29880478087651%; height: 23px; border-style: hidden;\"><a title=\"U1 Films Berlin\" href=\"https:\/\/ucm.one\/de\/film-labels\/u1-films-berlin\/\">U1 Films Berlin<\/a><\/td>\n<\/tr>\n<\/tbody>\n<\/table>\n<\/div>\n<div><\/div>\n<\/div>\n<div>\n<div><div class=\"gap\" style=\"line-height: 10px; height: 10px;\"><\/div><\/div>\n<div>\u2117 2021\u00a0<strong>The Asylum<\/strong>, \u00a9 2022\u00a0<strong><span style=\"font-family: 'arial black', sans-serif;\">U1<\/span> Films Berlin<\/strong> \/ <span style=\"font-family: 'arial black', sans-serif;\"><strong>UCM.ONE<\/strong><\/span><\/div>\n<div><div class=\"gap\" style=\"line-height: 20px; height: 20px;\"><\/div><\/div>\n<\/div>\n<div>\n<div><\/div>\n<div>\n<div><div class=\"gap\" style=\"line-height: 10px; height: 10px;\"><\/div><\/div>\n<div><span style=\"color: #003a80;\"><strong>\u27a0 <a style=\"color: #003a80;\" href=\"https:\/\/ucm.one\/de\/produkt-kategorie\/art-de\/filme-de\/\">zum Shop<\/a><\/strong><\/span><\/div>\n<div><div class=\"gap\" style=\"line-height: 20px; height: 20px;\"><\/div><\/div>\n<\/div>\n<\/div>\n","protected":false},"excerpt":{"rendered":"<p>Regie: <strong><a title=\"Brendan Petrizzo\" href=\"https:\/\/ucm.one\/de\/?s=%22Brendan+Petrizzo%22&amp;post_type=product\">Brendan Petrizzo<\/a><\/strong><\/p>\n<p>Label:\u00a0<a href=\"https:\/\/ucm.one\/de\/produkt-kategorie\/label-film-de\/u1-films-berlin-de\/\"><strong>U1 Films Berlin<\/strong><\/a><\/p>\n<p>Art:\u00a0<strong><a href=\"https:\/\/ucm.one\/de\/produkt-kategorie\/art-de\/filme-de\/\">Film<\/a> (Spielfilm)<\/strong><\/p>\n<p>Genres:\u00a0<b><a title=\"\" href=\"https:\/\/ucm.one\/de\/produkt-kategorie\/genre-film-de\/fantasy-de\/\">Fantasy<\/a>, <a title=\"\" href=\"https:\/\/ucm.one\/de\/produkt-kategorie\/genre-film-de\/action-de\/\">Action<\/a><\/b><\/p>\n<p>Jahr: <strong>2021<\/strong><\/p>\n<p>FSK: <strong>16<\/strong><\/p>\n<p>Formate: <strong>Diverse<\/strong><\/p>\n","protected":false},"featured_media":65363,"comment_status":"open","ping_status":"closed","template":"","meta":{"_acf_changed":false},"product_brand":[],"product_cat":[10340,10358,9708,10328,10331,10332],"product_tag":[11991,11992,11993,11994,11026,11995,11313,11996,11986,11987,11988,11989,11990],"class_list":{"0":"post-65362","1":"product","2":"type-product","3":"status-publish","4":"has-post-thumbnail","6":"product_cat-u1-films-berlin-de","7":"product_cat-action-de","8":"product_cat-filme-de","9":"product_cat-fantasy-de","10":"product_cat-dvd-de","11":"product_cat-blu-ray-de","12":"product_tag-brendan-petrizzo","13":"product_tag-fred-williamson","14":"product_tag-diana-prince","15":"product_tag-morgan-bradley","16":"product_tag-u1-films-berlin","17":"product_tag-alyson-gorske","18":"product_tag-action","19":"product_tag-liam-hawley","20":"product_tag-devils-triangle","21":"product_tag-das-geheimnis-von-atlantis","22":"product_tag-atlantis","23":"product_tag-fantasy","24":"product_tag-bermuda-dreieck","25":"pa_format-dvd","26":"pa_format-blu-ray-de","27":"description-off","29":"first","30":"instock","31":"taxable","32":"shipping-taxable","33":"purchasable","34":"product-type-variable"},"acf":[],"yoast_head":"<!-- This site is optimized with the Yoast SEO plugin v27.5 - https:\/\/yoast.com\/product\/yoast-seo-wordpress\/ -->\n<title>The Devil\u2019s Triangle - Das Geheimnis von Atlantis<\/title>\n<meta name=\"description\" content=\"Shop | The Devil\u2019s Triangle - Das Geheimnis von Atlantis | 2021 | U1 Films Berlin | Blu-Ray, DVD | FSK 16\" \/>\n<meta name=\"robots\" content=\"index, follow, max-snippet:-1, max-image-preview:large, max-video-preview:-1\" \/>\n<link rel=\"canonical\" href=\"https:\/\/ucm.one\/de\/produkt\/devils-triangle-das-geheimnis-von-atlantis\/\" \/>\n<meta property=\"og:locale\" content=\"de_DE\" \/>\n<meta property=\"og:type\" content=\"article\" \/>\n<meta property=\"og:title\" content=\"The Devil\u2019s Triangle - Das Geheimnis von Atlantis\" \/>\n<meta property=\"og:description\" content=\"Shop | The Devil\u2019s Triangle - Das Geheimnis von Atlantis | 2021 | U1 Films Berlin | Blu-Ray, DVD | FSK 16\" \/>\n<meta property=\"og:url\" content=\"https:\/\/ucm.one\/de\/produkt\/devils-triangle-das-geheimnis-von-atlantis\/\" \/>\n<meta property=\"og:site_name\" content=\"UCM.ONE\" \/>\n<meta property=\"article:modified_time\" content=\"2023-06-18T12:59:07+00:00\" \/>\n<meta property=\"og:image\" content=\"https:\/\/ucm.one\/wp-content\/uploads\/2022\/03\/C-Devils-Triangle-FSK16.jpg\" \/>\n\t<meta property=\"og:image:width\" content=\"696\" \/>\n\t<meta property=\"og:image:height\" content=\"1000\" \/>\n\t<meta property=\"og:image:type\" content=\"image\/jpeg\" \/>\n<meta name=\"twitter:card\" content=\"summary_large_image\" \/>\n<meta name=\"twitter:label1\" content=\"Gesch\u00e4tzte Lesezeit\" \/>\n\t<meta name=\"twitter:data1\" content=\"1\u00a0Minute\" \/>\n<!-- \/ Yoast SEO plugin. -->","yoast_head_json":{"title":"The Devil\u2019s Triangle - Das Geheimnis von Atlantis","description":"Shop | The Devil\u2019s Triangle - Das Geheimnis von Atlantis | 2021 | U1 Films Berlin | Blu-Ray, DVD | FSK 16","robots":{"index":"index","follow":"follow","max-snippet":"max-snippet:-1","max-image-preview":"max-image-preview:large","max-video-preview":"max-video-preview:-1"},"canonical":"https:\/\/ucm.one\/de\/produkt\/devils-triangle-das-geheimnis-von-atlantis\/","og_locale":"de_DE","og_type":"article","og_title":"The Devil\u2019s Triangle - Das Geheimnis von Atlantis","og_description":"Shop | The Devil\u2019s Triangle - Das Geheimnis von Atlantis | 2021 | U1 Films Berlin | Blu-Ray, DVD | FSK 16","og_url":"https:\/\/ucm.one\/de\/produkt\/devils-triangle-das-geheimnis-von-atlantis\/","og_site_name":"UCM.ONE","article_modified_time":"2023-06-18T12:59:07+00:00","og_image":[{"width":696,"height":1000,"url":"https:\/\/ucm.one\/wp-content\/uploads\/2022\/03\/C-Devils-Triangle-FSK16.jpg","type":"image\/jpeg"}],"twitter_card":"summary_large_image","twitter_misc":{"Gesch\u00e4tzte Lesezeit":"1\u00a0Minute"},"schema":{"@context":"https:\/\/schema.org","@graph":[{"@type":"WebPage","@id":"https:\/\/ucm.one\/de\/produkt\/devils-triangle-das-geheimnis-von-atlantis\/","url":"https:\/\/ucm.one\/de\/produkt\/devils-triangle-das-geheimnis-von-atlantis\/","name":"The Devil\u2019s Triangle - Das Geheimnis von Atlantis","isPartOf":{"@id":"https:\/\/ucm.one\/de\/#website"},"primaryImageOfPage":{"@id":"https:\/\/ucm.one\/de\/produkt\/devils-triangle-das-geheimnis-von-atlantis\/#primaryimage"},"image":{"@id":"https:\/\/ucm.one\/de\/produkt\/devils-triangle-das-geheimnis-von-atlantis\/#primaryimage"},"thumbnailUrl":"https:\/\/ucm.one\/wp-content\/uploads\/2022\/03\/C-Devils-Triangle-FSK16.jpg","datePublished":"2022-03-03T18:49:15+00:00","dateModified":"2023-06-18T12:59:07+00:00","description":"Shop | The Devil\u2019s Triangle - Das Geheimnis von Atlantis | 2021 | U1 Films Berlin | Blu-Ray, DVD | FSK 16","breadcrumb":{"@id":"https:\/\/ucm.one\/de\/produkt\/devils-triangle-das-geheimnis-von-atlantis\/#breadcrumb"},"inLanguage":"de","potentialAction":[{"@type":"ReadAction","target":["https:\/\/ucm.one\/de\/produkt\/devils-triangle-das-geheimnis-von-atlantis\/"]}]},{"@type":"ImageObject","inLanguage":"de","@id":"https:\/\/ucm.one\/de\/produkt\/devils-triangle-das-geheimnis-von-atlantis\/#primaryimage","url":"https:\/\/ucm.one\/wp-content\/uploads\/2022\/03\/C-Devils-Triangle-FSK16.jpg","contentUrl":"https:\/\/ucm.one\/wp-content\/uploads\/2022\/03\/C-Devils-Triangle-FSK16.jpg","width":696,"height":1000},{"@type":"BreadcrumbList","@id":"https:\/\/ucm.one\/de\/produkt\/devils-triangle-das-geheimnis-von-atlantis\/#breadcrumb","itemListElement":[{"@type":"ListItem","position":1,"name":"Home","item":"https:\/\/ucm.one\/de\/"},{"@type":"ListItem","position":2,"name":"Shop","item":"https:\/\/ucm.one\/de\/shop\/"},{"@type":"ListItem","position":3,"name":"Devil\u2019s Triangle &#8211; Das Geheimnis von Atlantis"}]},{"@type":"WebSite","@id":"https:\/\/ucm.one\/de\/#website","url":"https:\/\/ucm.one\/de\/","name":"UCM.ONE","description":"","publisher":{"@id":"https:\/\/ucm.one\/de\/#organization"},"potentialAction":[{"@type":"SearchAction","target":{"@type":"EntryPoint","urlTemplate":"https:\/\/ucm.one\/de\/?s={search_term_string}"},"query-input":{"@type":"PropertyValueSpecification","valueRequired":true,"valueName":"search_term_string"}}],"inLanguage":"de"},{"@type":"Organization","@id":"https:\/\/ucm.one\/de\/#organization","name":"UCM.ONE","url":"https:\/\/ucm.one\/de\/","logo":{"@type":"ImageObject","inLanguage":"de","@id":"https:\/\/ucm.one\/de\/#\/schema\/logo\/image\/","url":"https:\/\/ucm.one\/wp-content\/uploads\/2019\/10\/UCM.ONE-Logo-RGB.svg","contentUrl":"https:\/\/ucm.one\/wp-content\/uploads\/2019\/10\/UCM.ONE-Logo-RGB.svg","width":1,"height":1,"caption":"UCM.ONE"},"image":{"@id":"https:\/\/ucm.one\/de\/#\/schema\/logo\/image\/"}}]}},"_links":{"self":[{"href":"https:\/\/ucm.one\/de\/wp-json\/wp\/v2\/product\/65362","targetHints":{"allow":["GET"]}}],"collection":[{"href":"https:\/\/ucm.one\/de\/wp-json\/wp\/v2\/product"}],"about":[{"href":"https:\/\/ucm.one\/de\/wp-json\/wp\/v2\/types\/product"}],"replies":[{"embeddable":true,"href":"https:\/\/ucm.one\/de\/wp-json\/wp\/v2\/comments?post=65362"}],"wp:featuredmedia":[{"embeddable":true,"href":"https:\/\/ucm.one\/de\/wp-json\/wp\/v2\/media\/65363"}],"wp:attachment":[{"href":"https:\/\/ucm.one\/de\/wp-json\/wp\/v2\/media?parent=65362"}],"wp:term":[{"taxonomy":"product_brand","embeddable":true,"href":"https:\/\/ucm.one\/de\/wp-json\/wp\/v2\/product_brand?post=65362"},{"taxonomy":"product_cat","embeddable":true,"href":"https:\/\/ucm.one\/de\/wp-json\/wp\/v2\/product_cat?post=65362"},{"taxonomy":"product_tag","embeddable":true,"href":"https:\/\/ucm.one\/de\/wp-json\/wp\/v2\/product_tag?post=65362"}],"curies":[{"name":"wp","href":"https:\/\/api.w.org\/{rel}","templated":true}]}}