{"id":62956,"date":"2021-01-22T22:31:30","date_gmt":"2021-01-22T22:31:30","guid":{"rendered":"https:\/\/ucm.one\/?post_type=product&#038;p=62956"},"modified":"2023-07-17T16:48:01","modified_gmt":"2023-07-17T16:48:01","slug":"dead-dicks-richie-kann-nicht-sterben","status":"publish","type":"product","link":"https:\/\/ucm.one\/de\/produkt\/dead-dicks-richie-kann-nicht-sterben\/","title":{"rendered":"Dead Dicks &#8211; Richie kann nicht sterben"},"content":{"rendered":"<div class=\"wpb_text_column wpb_content_element \">\n<div class=\"wpb_wrapper\">\n<div class=\"\">\n<div class=\"wpb_text_column wpb_content_element \">\n<div class=\"wpb_wrapper\">\n<p>Nachdem Becca (<strong>Jillian Harris<\/strong>) die Zusage f\u00fcr einen neuen Job erhalten hat, ist sie unsicher, wie sie ihrem instabilen und selbstmordgef\u00e4hrdeten \u00e4lteren Bruder Richie &#8222;Dick\u201c (<strong>Heston Horwin<\/strong>) sagen soll, dass sie plant, wegzuziehen. Als eines Abends ihr Telefon klingelt und Richie sie anfleht, sofort in seine Wohnung zu kommen, ahnt sie Schlimmes. Vorort findet sie ihn dann tot im Kleiderschrank &#8211; augenscheinlich hat er sich erh\u00e4ngt. Doch im selben Augenblick steht er pl\u00f6tzlich splitterfasernackt und lebendig hinter ihr. Er offenbart ihr, dass er nicht sterben kann und dass er trotz mehrerer Selbstmordversuche immer wieder durch ein seltsames Loch in seiner Schlafzimmerwand wiedergeboren wird. Doch was sollen sie nun mit all den Leichen aus seinen fr\u00fcheren Versuchen machen und was steckt eigentlich dahinter?<\/p>\n<\/div>\n<\/div>\n<\/div>\n<\/div>\n<\/div>\n<div><div class=\"gap\" style=\"line-height: 20px; height: 20px;\"><\/div><\/div>\n<h5>Weitere Informationen<\/h5>\n<div>\n<div>\n<table style=\"height: 46px; width: 100%; border-collapse: collapse; border-color: #ffffff; background-color: #ffffff; border-style: hidden;\">\n<tbody>\n<tr style=\"height: 23px; border-style: hidden; border-color: #ffffff; background-color: #ffffff;\">\n<td style=\"width: 4.701195219123506%; height: 23px; border-style: hidden;\">Film:<\/td>\n<td style=\"width: 95.29880478087651%; height: 23px; border-style: hidden;\"><a title=\"Dead Dicks - Richie kann nicht sterben\" href=\"https:\/\/ucm.one\/de\/dead-dicks\/\">Dead Dicks &#8211; Richie kann nicht sterben<\/a><\/td>\n<\/tr>\n<tr style=\"height: 23px;\">\n<td style=\"width: 4.701195219123506%; height: 23px; border-style: hidden;\">Label:<\/td>\n<td style=\"width: 95.29880478087651%; height: 23px; border-style: hidden;\"><a title=\"U1 Films Berlin\" href=\"https:\/\/ucm.one\/de\/film-labels\/u1-films-berlin\/\">U1 Films Berlin<\/a><\/td>\n<\/tr>\n<\/tbody>\n<\/table>\n<\/div>\n<div><\/div>\n<\/div>\n<div>\n<div><div class=\"gap\" style=\"line-height: 10px; height: 10px;\"><\/div><\/div>\n<div>\u2117 2019\u00a0<strong>Postal Code Films <\/strong>&amp; <strong>Red Clay Pictures<\/strong>, \u00a9 2021\u00a0<strong><span style=\"font-family: 'arial black', sans-serif;\">U1<\/span> Films Berlin<\/strong> \/ <span style=\"font-family: 'arial black', sans-serif;\"><strong>UCM.ONE<\/strong><\/span><\/div>\n<div><div class=\"gap\" style=\"line-height: 20px; height: 20px;\"><\/div><\/div>\n<div>\n<div><\/div>\n<div>\n<div><div class=\"gap\" style=\"line-height: 10px; height: 10px;\"><\/div><\/div>\n<div><span style=\"color: #003a80;\"><strong>\u27a0 <a style=\"color: #003a80;\" href=\"https:\/\/ucm.one\/de\/produkt-kategorie\/art-de\/filme-de\/\">zum Shop<\/a><\/strong><\/span><\/div>\n<div><div class=\"gap\" style=\"line-height: 20px; height: 20px;\"><\/div><\/div>\n<\/div>\n<\/div>\n<\/div>\n","protected":false},"excerpt":{"rendered":"<p>Regie: <span lang=\"EN-US\"><strong><a title=\"Chris Bavota\" href=\"https:\/\/ucm.one\/de\/?s=%22Chris+Bavota%22&amp;post_type=product\">Chris Bavota<\/a><\/strong>, <strong><a title=\"Lee Paula Springer\" href=\"https:\/\/ucm.one\/de\/?s=%22Lee+Paula+Springer%22&amp;post_type=product\">Lee Paula Springer<\/a><\/strong><\/span><\/p>\n<p>Label: <a href=\"https:\/\/ucm.one\/de\/produkt-kategorie\/label-film-de\/u1-films-berlin-de\/\"><strong>U1 Films Berlin<\/strong><\/a><\/p>\n<p>Art:\u00a0<strong><a href=\"https:\/\/ucm.one\/de\/produkt-kategorie\/art-de\/filme-de\/\">Film<\/a> (Spielfilm)<\/strong><\/p>\n<p>Genres:\u00a0<b><a href=\"https:\/\/ucm.one\/de\/produkt-kategorie\/genre-film-de\/thriller-de\/\">Thriller<\/a>,\u00a0<a href=\"https:\/\/ucm.one\/de\/produkt-kategorie\/genre-film-de\/mystery-de\/\">Mystery<\/a><\/b><\/p>\n<p>Jahr: <strong>2021<\/strong><\/p>\n<p>FSK: <strong>18<\/strong><\/p>\n<p>Formate: <strong>Diverse<\/strong><\/p>\n","protected":false},"featured_media":62957,"comment_status":"open","ping_status":"closed","template":"","meta":{"_acf_changed":false},"product_brand":[],"product_cat":[9708,10327,10329,10331,10332,10340,10356],"product_tag":[],"class_list":{"0":"post-62956","1":"product","2":"type-product","3":"status-publish","4":"has-post-thumbnail","6":"product_cat-filme-de","7":"product_cat-horror-de","8":"product_cat-mystery-de","9":"product_cat-dvd-de","10":"product_cat-blu-ray-de","11":"product_cat-u1-films-berlin-de","12":"product_cat-komoedie-de","13":"pa_format-blu-ray-de","14":"pa_format-dvd","15":"description-off","17":"first","18":"instock","19":"taxable","20":"shipping-taxable","21":"purchasable","22":"product-type-variable"},"acf":[],"yoast_head":"<!-- This site is optimized with the Yoast SEO plugin v27.2 - https:\/\/yoast.com\/product\/yoast-seo-wordpress\/ -->\n<title>Dead Dicks - Richie kann nicht sterben<\/title>\n<meta name=\"description\" content=\"Shop | Dead Dicks - Richie kann nicht sterben | 2021 | U1 Films Berlin | Blu-Ray, DVD | FSK 18\" \/>\n<meta name=\"robots\" content=\"index, follow, max-snippet:-1, max-image-preview:large, max-video-preview:-1\" \/>\n<link rel=\"canonical\" href=\"https:\/\/ucm.one\/de\/produkt\/dead-dicks-richie-kann-nicht-sterben\/\" \/>\n<meta property=\"og:locale\" content=\"de_DE\" \/>\n<meta property=\"og:type\" content=\"article\" \/>\n<meta property=\"og:title\" content=\"Dead Dicks - Richie kann nicht sterben\" \/>\n<meta property=\"og:description\" content=\"Shop | Dead Dicks - Richie kann nicht sterben | 2021 | U1 Films Berlin | Blu-Ray, DVD | FSK 18\" \/>\n<meta property=\"og:url\" content=\"https:\/\/ucm.one\/de\/produkt\/dead-dicks-richie-kann-nicht-sterben\/\" \/>\n<meta property=\"og:site_name\" content=\"UCM.ONE\" \/>\n<meta property=\"article:modified_time\" content=\"2023-07-17T16:48:01+00:00\" \/>\n<meta property=\"og:image\" content=\"https:\/\/ucm.one\/wp-content\/uploads\/2022\/01\/C-Dead-Dicks-DVD-FSK-18.jpg\" \/>\n\t<meta property=\"og:image:width\" content=\"699\" \/>\n\t<meta property=\"og:image:height\" content=\"1000\" \/>\n\t<meta property=\"og:image:type\" content=\"image\/jpeg\" \/>\n<meta name=\"twitter:card\" content=\"summary_large_image\" \/>\n<meta name=\"twitter:label1\" content=\"Gesch\u00e4tzte Lesezeit\" \/>\n\t<meta name=\"twitter:data1\" content=\"1\u00a0Minute\" \/>\n<!-- \/ Yoast SEO plugin. -->","yoast_head_json":{"title":"Dead Dicks - Richie kann nicht sterben","description":"Shop | Dead Dicks - Richie kann nicht sterben | 2021 | U1 Films Berlin | Blu-Ray, DVD | FSK 18","robots":{"index":"index","follow":"follow","max-snippet":"max-snippet:-1","max-image-preview":"max-image-preview:large","max-video-preview":"max-video-preview:-1"},"canonical":"https:\/\/ucm.one\/de\/produkt\/dead-dicks-richie-kann-nicht-sterben\/","og_locale":"de_DE","og_type":"article","og_title":"Dead Dicks - Richie kann nicht sterben","og_description":"Shop | Dead Dicks - Richie kann nicht sterben | 2021 | U1 Films Berlin | Blu-Ray, DVD | FSK 18","og_url":"https:\/\/ucm.one\/de\/produkt\/dead-dicks-richie-kann-nicht-sterben\/","og_site_name":"UCM.ONE","article_modified_time":"2023-07-17T16:48:01+00:00","og_image":[{"width":699,"height":1000,"url":"https:\/\/ucm.one\/wp-content\/uploads\/2022\/01\/C-Dead-Dicks-DVD-FSK-18.jpg","type":"image\/jpeg"}],"twitter_card":"summary_large_image","twitter_misc":{"Gesch\u00e4tzte Lesezeit":"1\u00a0Minute"},"schema":{"@context":"https:\/\/schema.org","@graph":[{"@type":"WebPage","@id":"https:\/\/ucm.one\/de\/produkt\/dead-dicks-richie-kann-nicht-sterben\/","url":"https:\/\/ucm.one\/de\/produkt\/dead-dicks-richie-kann-nicht-sterben\/","name":"Dead Dicks - Richie kann nicht sterben","isPartOf":{"@id":"https:\/\/ucm.one\/de\/#website"},"primaryImageOfPage":{"@id":"https:\/\/ucm.one\/de\/produkt\/dead-dicks-richie-kann-nicht-sterben\/#primaryimage"},"image":{"@id":"https:\/\/ucm.one\/de\/produkt\/dead-dicks-richie-kann-nicht-sterben\/#primaryimage"},"thumbnailUrl":"https:\/\/ucm.one\/wp-content\/uploads\/2022\/01\/C-Dead-Dicks-DVD-FSK-18.jpg","datePublished":"2021-01-22T22:31:30+00:00","dateModified":"2023-07-17T16:48:01+00:00","description":"Shop | Dead Dicks - Richie kann nicht sterben | 2021 | U1 Films Berlin | Blu-Ray, DVD | FSK 18","breadcrumb":{"@id":"https:\/\/ucm.one\/de\/produkt\/dead-dicks-richie-kann-nicht-sterben\/#breadcrumb"},"inLanguage":"de","potentialAction":[{"@type":"ReadAction","target":["https:\/\/ucm.one\/de\/produkt\/dead-dicks-richie-kann-nicht-sterben\/"]}]},{"@type":"ImageObject","inLanguage":"de","@id":"https:\/\/ucm.one\/de\/produkt\/dead-dicks-richie-kann-nicht-sterben\/#primaryimage","url":"https:\/\/ucm.one\/wp-content\/uploads\/2022\/01\/C-Dead-Dicks-DVD-FSK-18.jpg","contentUrl":"https:\/\/ucm.one\/wp-content\/uploads\/2022\/01\/C-Dead-Dicks-DVD-FSK-18.jpg","width":699,"height":1000},{"@type":"BreadcrumbList","@id":"https:\/\/ucm.one\/de\/produkt\/dead-dicks-richie-kann-nicht-sterben\/#breadcrumb","itemListElement":[{"@type":"ListItem","position":1,"name":"Home","item":"https:\/\/ucm.one\/de\/"},{"@type":"ListItem","position":2,"name":"Shop","item":"https:\/\/ucm.one\/de\/shop\/"},{"@type":"ListItem","position":3,"name":"Dead Dicks &#8211; Richie kann nicht sterben"}]},{"@type":"WebSite","@id":"https:\/\/ucm.one\/de\/#website","url":"https:\/\/ucm.one\/de\/","name":"UCM.ONE","description":"","publisher":{"@id":"https:\/\/ucm.one\/de\/#organization"},"potentialAction":[{"@type":"SearchAction","target":{"@type":"EntryPoint","urlTemplate":"https:\/\/ucm.one\/de\/?s={search_term_string}"},"query-input":{"@type":"PropertyValueSpecification","valueRequired":true,"valueName":"search_term_string"}}],"inLanguage":"de"},{"@type":"Organization","@id":"https:\/\/ucm.one\/de\/#organization","name":"UCM.ONE","url":"https:\/\/ucm.one\/de\/","logo":{"@type":"ImageObject","inLanguage":"de","@id":"https:\/\/ucm.one\/de\/#\/schema\/logo\/image\/","url":"https:\/\/ucm.one\/wp-content\/uploads\/2019\/10\/UCM.ONE-Logo-RGB.svg","contentUrl":"https:\/\/ucm.one\/wp-content\/uploads\/2019\/10\/UCM.ONE-Logo-RGB.svg","width":1,"height":1,"caption":"UCM.ONE"},"image":{"@id":"https:\/\/ucm.one\/de\/#\/schema\/logo\/image\/"}}]}},"_links":{"self":[{"href":"https:\/\/ucm.one\/de\/wp-json\/wp\/v2\/product\/62956","targetHints":{"allow":["GET"]}}],"collection":[{"href":"https:\/\/ucm.one\/de\/wp-json\/wp\/v2\/product"}],"about":[{"href":"https:\/\/ucm.one\/de\/wp-json\/wp\/v2\/types\/product"}],"replies":[{"embeddable":true,"href":"https:\/\/ucm.one\/de\/wp-json\/wp\/v2\/comments?post=62956"}],"wp:featuredmedia":[{"embeddable":true,"href":"https:\/\/ucm.one\/de\/wp-json\/wp\/v2\/media\/62957"}],"wp:attachment":[{"href":"https:\/\/ucm.one\/de\/wp-json\/wp\/v2\/media?parent=62956"}],"wp:term":[{"taxonomy":"product_brand","embeddable":true,"href":"https:\/\/ucm.one\/de\/wp-json\/wp\/v2\/product_brand?post=62956"},{"taxonomy":"product_cat","embeddable":true,"href":"https:\/\/ucm.one\/de\/wp-json\/wp\/v2\/product_cat?post=62956"},{"taxonomy":"product_tag","embeddable":true,"href":"https:\/\/ucm.one\/de\/wp-json\/wp\/v2\/product_tag?post=62956"}],"curies":[{"name":"wp","href":"https:\/\/api.w.org\/{rel}","templated":true}]}}