{"id":62860,"date":"2020-10-02T01:56:26","date_gmt":"2020-10-02T01:56:26","guid":{"rendered":"https:\/\/ucm.one\/?post_type=product&#038;p=62860"},"modified":"2024-06-11T18:32:47","modified_gmt":"2024-06-11T18:32:47","slug":"die-schreckensmacht-der-zombies","status":"publish","type":"product","link":"https:\/\/ucm.one\/de\/produkt\/die-schreckensmacht-der-zombies\/","title":{"rendered":"Die Schreckensmacht der Zombies"},"content":{"rendered":"<div class=\"wpb_text_column wpb_content_element \">\n<div class=\"wpb_wrapper\">\n<div class=\"\">\n<div class=\"wpb_text_column wpb_content_element \">\n<div class=\"wpb_wrapper\">\n<p>Die Besatzung eines kleinen Ausflug-Dampfers entdeckt eine kleine, scheinbar verlassene, Insel, nachdem ihr Schiff durch ein seltsames Seebeben auf eine Schlammbank gelaufen ist. Dort finden sie auch die Leiche ihres verschwundenen Kapit\u00e4ns und treffen auf einen mysteri\u00f6sen Inselbewohner, der sie auffordert, das Eiland so schnell wie m\u00f6glich zu verlassen. Die Touristen \u00fcbernachten in einem alten Hotel und erkunden die unerforschte Wildnis. Aber eine dunkle Bedrohung lauert auf die Urlauber, denn die Insel birgt ein t\u00f6dliches Geheimnis. Aus den Untiefen vor den Str\u00e4nden entsteigen untote Kampfsoldaten einer deutschen Eliteeinheit aus dem Zweiten Weltkrieg und machen Jagd auf die ungebetenen G\u00e4ste. Ein grauenvoller Alptraum beginnt &#8230;<\/p>\n<\/div>\n<\/div>\n<\/div>\n<\/div>\n<\/div>\n<div><div class=\"gap\" style=\"line-height: 20px; height: 20px;\"><\/div><\/div>\n<h5>Weitere Informationen<\/h5>\n<div>\n<div>\n<table style=\"height: 46px; width: 100%; border-collapse: collapse; border-color: #ffffff; background-color: #ffffff; border-style: hidden;\">\n<tbody>\n<tr style=\"height: 23px; border-style: hidden; border-color: #ffffff; background-color: #ffffff;\">\n<td style=\"width: 4.701195219123506%; height: 23px; border-style: hidden;\">Film:<\/td>\n<td style=\"width: 95.29880478087651%; height: 23px; border-style: hidden;\"><a title=\"\u201cSchreckensmacht der Zombies\u201d jetzt auf DVD, Blu-Ray und VoD\" href=\"https:\/\/ucm.one\/de\/schreckensmacht-der-zombies\">Schreckensmacht der Zombies<\/a><\/td>\n<\/tr>\n<tr style=\"height: 23px;\">\n<td style=\"width: 4.701195219123506%; height: 23px; border-style: hidden;\">Label:<\/td>\n<td style=\"width: 95.29880478087651%; height: 23px; border-style: hidden;\"><a title=\"U8Films Berlin\" href=\"https:\/\/ucm.one\/de\/film-labels\/u1-films-berlin\/#u8-films-berlin\">U8 Films Berlin<\/a><\/td>\n<\/tr>\n<\/tbody>\n<\/table>\n<\/div>\n<div><\/div>\n<\/div>\n<div>\n<div><div class=\"gap\" style=\"line-height: 10px; height: 10px;\"><\/div><\/div>\n<div>\u2117 1977 <strong>Zopix Company<\/strong>,\u00a0 \u00a9 2020\u00a0<strong><span style=\"font-family: 'arial black', sans-serif;\">U8<\/span> Films Berlin<\/strong>\u00a0\/ <span style=\"font-family: 'arial black', sans-serif;\"><strong>UCM.ONE<\/strong><\/span><\/div>\n<div><div class=\"gap\" style=\"line-height: 20px; height: 20px;\"><\/div><\/div>\n<div>\n<div><\/div>\n<div>\n<div><div class=\"gap\" style=\"line-height: 10px; height: 10px;\"><\/div><\/div>\n<div><span style=\"color: #003a80;\"><strong>\u27a0 <a style=\"color: #003a80;\" href=\"https:\/\/ucm.one\/de\/produkt-kategorie\/art-de\/filme-de\/\">zum Shop<\/a><\/strong><\/span><\/div>\n<div><div class=\"gap\" style=\"line-height: 20px; height: 20px;\"><\/div><\/div>\n<\/div>\n<\/div>\n<\/div>\n","protected":false},"excerpt":{"rendered":"<p>Regie: <a title=\"\" href=\"https:\/\/ucm.one\/de\/?s=%22Ken+Wiederhorn%22&amp;post_type=product\"><strong>Ken Wiederhorn<\/strong><\/a><\/p>\n<p>Label: <a href=\"https:\/\/ucm.one\/de\/produkt-kategorie\/label-film-de\/u1-films-berlin-de\/u8-films-berlin-de\/\"><strong>U8 Films Berlin<\/strong><\/a><\/p>\n<p>Art:\u00a0<strong><a href=\"https:\/\/ucm.one\/de\/produkt-kategorie\/art-de\/filme-de\/\">Film<\/a> (Spielfilm)<\/strong><\/p>\n<p>Genres:\u00a0<b><a href=\"https:\/\/ucm.one\/de\/produkt-kategorie\/genre-film-de\/horror-de\/\">Horror<\/a>, <a href=\"https:\/\/ucm.one\/de\/produkt-kategorie\/genre-film-de\/mystery-de\/\">Mystery<\/a><\/b><\/p>\n<p>Jahr: <strong>1977<\/strong><\/p>\n<p>FSK: 1<strong>6<\/strong><\/p>\n<p>Formate: <strong>Diverse<\/strong><\/p>\n","protected":false},"featured_media":82229,"comment_status":"open","ping_status":"closed","template":"","meta":{"_acf_changed":false},"product_brand":[],"product_cat":[10343,9708,10327,10329,10331,10332],"product_tag":[11715,11716,11707,11708,11709,11710,11711,11712,11713,11714],"class_list":{"0":"post-62860","1":"product","2":"type-product","3":"status-publish","4":"has-post-thumbnail","6":"product_cat-u8-films-berlin-de","7":"product_cat-filme-de","8":"product_cat-horror-de","9":"product_cat-mystery-de","10":"product_cat-dvd-de","11":"product_cat-blu-ray-de","12":"product_tag-nazi","13":"product_tag-zombies","14":"product_tag-die-schreckensmacht-der-zombies","15":"product_tag-shock-waves","16":"product_tag-die-aus-der-tiefe-kamen","17":"product_tag-ken-wiederhorn","18":"product_tag-brooke-adams","19":"product_tag-peter-cushing","20":"product_tag-john-carradine","21":"product_tag-star-wars","22":"product_shipping_class-dvd-2","23":"pa_format-dvd","24":"pa_format-blu-ray-de","25":"description-off","27":"first","28":"instock","29":"sale","30":"taxable","31":"shipping-taxable","32":"purchasable","33":"product-type-variable"},"acf":[],"yoast_head":"<!-- This site is optimized with the Yoast SEO plugin v27.2 - https:\/\/yoast.com\/product\/yoast-seo-wordpress\/ -->\n<title>Die Schreckensmacht der Zombies<\/title>\n<meta name=\"description\" content=\"Shop | Die Schreckensmacht der Zombies | 2020 | U8 Films Berlin | Blu-Ray, DVD | FSK 16\" \/>\n<meta name=\"robots\" content=\"index, follow, max-snippet:-1, max-image-preview:large, max-video-preview:-1\" \/>\n<link rel=\"canonical\" href=\"https:\/\/ucm.one\/de\/produkt\/die-schreckensmacht-der-zombies\/\" \/>\n<meta property=\"og:locale\" content=\"de_DE\" \/>\n<meta property=\"og:type\" content=\"article\" \/>\n<meta property=\"og:title\" content=\"Die Schreckensmacht der Zombies\" \/>\n<meta property=\"og:description\" content=\"Shop | Die Schreckensmacht der Zombies | 2020 | U8 Films Berlin | Blu-Ray, DVD | FSK 16\" \/>\n<meta property=\"og:url\" content=\"https:\/\/ucm.one\/de\/produkt\/die-schreckensmacht-der-zombies\/\" \/>\n<meta property=\"og:site_name\" content=\"UCM.ONE\" \/>\n<meta property=\"article:modified_time\" content=\"2024-06-11T18:32:47+00:00\" \/>\n<meta property=\"og:image\" content=\"https:\/\/ucm.one\/wp-content\/uploads\/2020\/10\/C-Schreckensmacht-der-Zombies-BD-FSK-16.jpg\" \/>\n\t<meta property=\"og:image:width\" content=\"699\" \/>\n\t<meta property=\"og:image:height\" content=\"1000\" \/>\n\t<meta property=\"og:image:type\" content=\"image\/jpeg\" \/>\n<meta name=\"twitter:card\" content=\"summary_large_image\" \/>\n<meta name=\"twitter:label1\" content=\"Gesch\u00e4tzte Lesezeit\" \/>\n\t<meta name=\"twitter:data1\" content=\"1\u00a0Minute\" \/>\n<!-- \/ Yoast SEO plugin. -->","yoast_head_json":{"title":"Die Schreckensmacht der Zombies","description":"Shop | Die Schreckensmacht der Zombies | 2020 | U8 Films Berlin | Blu-Ray, DVD | FSK 16","robots":{"index":"index","follow":"follow","max-snippet":"max-snippet:-1","max-image-preview":"max-image-preview:large","max-video-preview":"max-video-preview:-1"},"canonical":"https:\/\/ucm.one\/de\/produkt\/die-schreckensmacht-der-zombies\/","og_locale":"de_DE","og_type":"article","og_title":"Die Schreckensmacht der Zombies","og_description":"Shop | Die Schreckensmacht der Zombies | 2020 | U8 Films Berlin | Blu-Ray, DVD | FSK 16","og_url":"https:\/\/ucm.one\/de\/produkt\/die-schreckensmacht-der-zombies\/","og_site_name":"UCM.ONE","article_modified_time":"2024-06-11T18:32:47+00:00","og_image":[{"width":699,"height":1000,"url":"https:\/\/ucm.one\/wp-content\/uploads\/2020\/10\/C-Schreckensmacht-der-Zombies-BD-FSK-16.jpg","type":"image\/jpeg"}],"twitter_card":"summary_large_image","twitter_misc":{"Gesch\u00e4tzte Lesezeit":"1\u00a0Minute"},"schema":{"@context":"https:\/\/schema.org","@graph":[{"@type":"WebPage","@id":"https:\/\/ucm.one\/de\/produkt\/die-schreckensmacht-der-zombies\/","url":"https:\/\/ucm.one\/de\/produkt\/die-schreckensmacht-der-zombies\/","name":"Die Schreckensmacht der Zombies","isPartOf":{"@id":"https:\/\/ucm.one\/de\/#website"},"primaryImageOfPage":{"@id":"https:\/\/ucm.one\/de\/produkt\/die-schreckensmacht-der-zombies\/#primaryimage"},"image":{"@id":"https:\/\/ucm.one\/de\/produkt\/die-schreckensmacht-der-zombies\/#primaryimage"},"thumbnailUrl":"https:\/\/ucm.one\/wp-content\/uploads\/2020\/10\/C-Schreckensmacht-der-Zombies-BD-FSK-16.jpg","datePublished":"2020-10-02T01:56:26+00:00","dateModified":"2024-06-11T18:32:47+00:00","description":"Shop | Die Schreckensmacht der Zombies | 2020 | U8 Films Berlin | Blu-Ray, DVD | FSK 16","breadcrumb":{"@id":"https:\/\/ucm.one\/de\/produkt\/die-schreckensmacht-der-zombies\/#breadcrumb"},"inLanguage":"de","potentialAction":[{"@type":"ReadAction","target":["https:\/\/ucm.one\/de\/produkt\/die-schreckensmacht-der-zombies\/"]}]},{"@type":"ImageObject","inLanguage":"de","@id":"https:\/\/ucm.one\/de\/produkt\/die-schreckensmacht-der-zombies\/#primaryimage","url":"https:\/\/ucm.one\/wp-content\/uploads\/2020\/10\/C-Schreckensmacht-der-Zombies-BD-FSK-16.jpg","contentUrl":"https:\/\/ucm.one\/wp-content\/uploads\/2020\/10\/C-Schreckensmacht-der-Zombies-BD-FSK-16.jpg","width":699,"height":1000},{"@type":"BreadcrumbList","@id":"https:\/\/ucm.one\/de\/produkt\/die-schreckensmacht-der-zombies\/#breadcrumb","itemListElement":[{"@type":"ListItem","position":1,"name":"Home","item":"https:\/\/ucm.one\/de\/"},{"@type":"ListItem","position":2,"name":"Shop","item":"https:\/\/ucm.one\/de\/shop\/"},{"@type":"ListItem","position":3,"name":"Die Schreckensmacht der Zombies"}]},{"@type":"WebSite","@id":"https:\/\/ucm.one\/de\/#website","url":"https:\/\/ucm.one\/de\/","name":"UCM.ONE","description":"","publisher":{"@id":"https:\/\/ucm.one\/de\/#organization"},"potentialAction":[{"@type":"SearchAction","target":{"@type":"EntryPoint","urlTemplate":"https:\/\/ucm.one\/de\/?s={search_term_string}"},"query-input":{"@type":"PropertyValueSpecification","valueRequired":true,"valueName":"search_term_string"}}],"inLanguage":"de"},{"@type":"Organization","@id":"https:\/\/ucm.one\/de\/#organization","name":"UCM.ONE","url":"https:\/\/ucm.one\/de\/","logo":{"@type":"ImageObject","inLanguage":"de","@id":"https:\/\/ucm.one\/de\/#\/schema\/logo\/image\/","url":"https:\/\/ucm.one\/wp-content\/uploads\/2019\/10\/UCM.ONE-Logo-RGB.svg","contentUrl":"https:\/\/ucm.one\/wp-content\/uploads\/2019\/10\/UCM.ONE-Logo-RGB.svg","width":1,"height":1,"caption":"UCM.ONE"},"image":{"@id":"https:\/\/ucm.one\/de\/#\/schema\/logo\/image\/"}}]}},"_links":{"self":[{"href":"https:\/\/ucm.one\/de\/wp-json\/wp\/v2\/product\/62860","targetHints":{"allow":["GET"]}}],"collection":[{"href":"https:\/\/ucm.one\/de\/wp-json\/wp\/v2\/product"}],"about":[{"href":"https:\/\/ucm.one\/de\/wp-json\/wp\/v2\/types\/product"}],"replies":[{"embeddable":true,"href":"https:\/\/ucm.one\/de\/wp-json\/wp\/v2\/comments?post=62860"}],"wp:featuredmedia":[{"embeddable":true,"href":"https:\/\/ucm.one\/de\/wp-json\/wp\/v2\/media\/82229"}],"wp:attachment":[{"href":"https:\/\/ucm.one\/de\/wp-json\/wp\/v2\/media?parent=62860"}],"wp:term":[{"taxonomy":"product_brand","embeddable":true,"href":"https:\/\/ucm.one\/de\/wp-json\/wp\/v2\/product_brand?post=62860"},{"taxonomy":"product_cat","embeddable":true,"href":"https:\/\/ucm.one\/de\/wp-json\/wp\/v2\/product_cat?post=62860"},{"taxonomy":"product_tag","embeddable":true,"href":"https:\/\/ucm.one\/de\/wp-json\/wp\/v2\/product_tag?post=62860"}],"curies":[{"name":"wp","href":"https:\/\/api.w.org\/{rel}","templated":true}]}}