{"id":62674,"date":"2021-02-15T19:53:38","date_gmt":"2021-02-15T19:53:38","guid":{"rendered":"https:\/\/ucm.one\/?post_type=product&#038;p=62674"},"modified":"2023-06-18T22:29:29","modified_gmt":"2023-06-18T22:29:29","slug":"boris-brejcha-my-name-is-remixes","status":"publish","type":"product","link":"https:\/\/ucm.one\/de\/produkt\/boris-brejcha-my-name-is-remixes\/","title":{"rendered":"Boris Brejcha &#8211; My Name Is (Remixes)"},"content":{"rendered":"<div class=\"wpb_text_column wpb_content_element \">\n<div class=\"wpb_wrapper\">\n<div class=\"\">\n<div class=\"wpb_text_column wpb_content_element \">\n<div class=\"wpb_wrapper\">\n<div class=\"wpb_text_column wpb_content_element \">\n<div class=\"wpb_wrapper\">\n<p>Mit seinen drei Alben &#8222;<span class=\"a-text-italic\"><strong>Die Maschinen kontrollieren uns<\/strong>&#8222;<\/span>, &#8222;<span class=\"a-text-italic\"><strong>Mein wahres Ich<\/strong>&#8222;<\/span> und &#8222;<span class=\"a-text-italic\"><strong>My Name Is<\/strong>&#8222;<\/span> wurde <strong><span class=\"a-text-bold\">Boris Brejcha<\/span><\/strong>, 1981 in Frankenthal geboren und aufgewachsen, K\u00fcnstler des neuen deutschen Techno, zu einem der einflussreichsten Newcomer in Europa.\u00a0Irgendwie scheint es f\u00fcr <strong>Boris Brejcha<\/strong> m\u00f6glich zu sein, epische Klangcharakteristika mit enormer Funktionalit\u00e4t, emotional reichen Farben und Ekstase zusammenzubringen. So reich wie die Original-Album-Tracks sind auch die Interpretationen der elf Remix-K\u00fcnstler. Jedes St\u00fcck wurde von einem anderen abslout hoch qualitativen K\u00fcnstler geremixed.<\/p>\n<p>Jeder von ihnen ist Teil der A-Klasse europ\u00e4isch Technokunst und zwar: <span class=\"a-text-bold\"><strong>Deepgroove<\/strong>, <strong>Simon Wish<\/strong>, <strong>Patrick Kunkel<\/strong>, <strong>Slok<\/strong>, <strong>Sascha Sonido<\/strong>, <strong>Florian Meindl<\/strong>, <strong>Warren Fellow<\/strong>, <strong>Kanio<\/strong>, <strong>Dragan Georgiev<\/strong>, <strong>Daniel Schlender<\/strong><\/span> und <strong><span class=\"a-text-bold\">Hans Bouffmyhre<\/span><\/strong>. Wir brauchen uns zum Beispiel nur an <strong>Slok<\/strong>s letztes Album auf <strong>Circle Music<\/strong> zu erinnern, um nur noch das Beste von Techno zu erwarten &#8211; und so nimmt er all seine tribale Attraktivit\u00e4t und garniert sie mit einem s\u00fc\u00dfen Tech-House-Flavour.\u00a0<strong><span class=\"a-text-bold\">Florian Meindl<\/span><\/strong> schnappt sich das Titelst\u00fcck und dreht es zu einer kristallklaren und irren Odyssee aus Klang. <strong><span class=\"a-text-bold\">Hans Bouffmyhre<\/span><\/strong> nimmt das Titelst\u00fcck &#8222;<span class=\"a-text-italic\"><strong>Diffusor<\/strong>&#8222;<\/span> (die erste Single des Albums) und gibt ihm einer Art Science-Fiction-Charakter. <strong><span class=\"a-text-bold\">Warren Fellow<\/span><\/strong> geht bei &#8222;<span class=\"a-text-italic\"><strong>Sommersprosse<\/strong>&#8222;<\/span> den lockeren launischen Weg mit dramatischen Melodiefarben, <strong><span class=\"a-text-bold\">Kanio<\/span><\/strong> verwandelt &#8222;<span class=\"a-text-italic\"><strong>Express Myself<\/strong>&#8222;<\/span> in ein funky Beatmonster mit gro\u00dfen Basslines und <strong><span class=\"a-text-bold\">Sascha Sonido<\/span><\/strong> tut es ihm gleich und verwandelt &#8222;<span class=\"a-text-italic\"><strong>Flockentanz<\/strong>&#8222;<\/span> in einen Traum aus 1001 Nacht.<\/p>\n<\/div>\n<\/div>\n<\/div>\n<\/div>\n<\/div>\n<\/div>\n<\/div>\n<div><div class=\"gap\" style=\"line-height: 20px; height: 20px;\"><\/div><\/div>\n<h5>Weitere Informationen<\/h5>\n<div>\n<div>\n<table style=\"height: 46px; width: 100%; border-collapse: collapse; border-color: #ffffff; background-color: #ffffff; border-style: hidden;\">\n<tbody>\n<tr style=\"height: 23px; border-style: hidden; border-color: #ffffff; background-color: #ffffff;\">\n<td style=\"width: 4.701195219123506%; height: 23px; border-style: hidden;\">K\u00fcnstler:<\/td>\n<td style=\"width: 95.29880478087651%; height: 23px; border-style: hidden;\"><a title=\"Boris Brejcha | Harthouse\" href=\"https:\/\/ucm.one\/de\/tag\/boris-brejcha\">Boris Brejcha <\/a><\/td>\n<\/tr>\n<tr style=\"height: 23px;\">\n<td style=\"width: 4.701195219123506%; height: 23px; border-style: hidden;\">Label:<\/td>\n<td style=\"width: 95.29880478087651%; height: 23px; border-style: hidden;\"><a title=\"Harthouse\" href=\"https:\/\/ucm.one\/de\/musik-labels\/harthouse\/\">Harthouse<\/a><\/td>\n<\/tr>\n<\/tbody>\n<\/table>\n<\/div>\n<div><\/div>\n<div><div class=\"gap\" style=\"line-height: 10px; height: 10px;\"><\/div><\/div>\n<div>\u2117 2011\u00a0<strong>Harthouse Mannheim \/ daredo,\u00a0\u00a9\u00a0<\/strong>2021\u00a0<strong>Harthouse \/ UCM.ONE<\/strong><\/div>\n<div><div class=\"gap\" style=\"line-height: 20px; height: 20px;\"><\/div><\/div>\n<div><\/div>\n<div>\n<div><div class=\"gap\" style=\"line-height: 10px; height: 10px;\"><\/div><\/div>\n<div><span style=\"color: #003a80;\"><strong>\u27a0 <a style=\"color: #003a80;\" title=\"\" href=\"https:\/\/ucm.one\/de\/produkt-kategorie\/art-de\/musik-de\/\">zum Shop<\/a><\/strong><\/span><\/div>\n<div><div class=\"gap\" style=\"line-height: 20px; height: 20px;\"><\/div><\/div>\n<\/div>\n<\/div>\n","protected":false},"excerpt":{"rendered":"<p>Artist: <strong><a title=\"\" href=\"https:\/\/ucm.one\/de\/?s=Boris+Brejcha&amp;post_type=product\">Boris Brejcha<\/a><\/strong><\/p>\n<p>Label:\u00a0<a href=\"https:\/\/ucm.one\/de\/produkt-kategorie\/label-musik-de\/harthouse-de\"><b>Harthouse<\/b><\/a><\/p>\n<p>Art:\u00a0<strong><a href=\"https:\/\/ucm.one\/de\/produkt-kategorie\/art-de\/musik-de\/\">Musik<\/a>\u00a0(Album)<\/strong><\/p>\n<p>Genres:\u00a0<b><a href=\"https:\/\/ucm.one\/de\/produkt-kategorie\/genre-musik-de\/dance-de\/techno-de\/\">Techno<\/a>,\u00a0<a title=\"\" href=\"https:\/\/ucm.one\/de\/produkt-kategorie\/genre-musik-de\/dance-de\/minimal-de\">Minimal<\/a><\/b><\/p>\n<p>Jahre: <strong>2011 &amp; 2021<\/strong><\/p>\n<p>Format: <strong>CD<\/strong><\/p>\n","protected":false},"featured_media":62675,"comment_status":"open","ping_status":"closed","template":"","meta":{"_acf_changed":false},"product_brand":[],"product_cat":[10320,9796,9797,9813,9713],"product_tag":[11669,11670,9760,11199,11671,11661,11662,9798,11663,9799,11664,9804,11665,9805,11666,11667,11668],"class_list":{"0":"post-62674","1":"product","2":"type-product","3":"status-publish","4":"has-post-thumbnail","6":"product_cat-minimal-de","7":"product_cat-harthouse-de","8":"product_cat-techno-de","9":"product_cat-cd-de","10":"product_cat-musik-de","11":"product_tag-warren-fellow","12":"product_tag-dragan-georgiev","13":"product_tag-cd","14":"product_tag-my-name-is","15":"product_tag-kanio","16":"product_tag-hans-bouffmyhre","17":"product_tag-slok","18":"product_tag-boris-brejcha","19":"product_tag-deepgroove","20":"product_tag-harthouse","21":"product_tag-patrick-kunkel","22":"product_tag-remixes","23":"product_tag-simon-wish","24":"product_tag-techno","25":"product_tag-daniel-schlender","26":"product_tag-sascha-sonido","27":"product_tag-florian-meindl","28":"product_shipping_class-cd-3","29":"pa_format-splatter-vinyl","30":"pa_format-cd","31":"description-off","33":"first","34":"outofstock","35":"taxable","36":"shipping-taxable","37":"purchasable","38":"product-type-simple"},"acf":[],"yoast_head":"<!-- This site is optimized with the Yoast SEO plugin v27.5 - https:\/\/yoast.com\/product\/yoast-seo-wordpress\/ -->\n<title>Boris Brejcha - My Name Is (Remixes)<\/title>\n<meta name=\"description\" content=\"Shop | Boris Brejcha - My Name Is (Remixes) | 2011 + 2021 | Harthouse | CD\" \/>\n<meta name=\"robots\" content=\"index, follow, max-snippet:-1, max-image-preview:large, max-video-preview:-1\" \/>\n<link rel=\"canonical\" href=\"https:\/\/ucm.one\/de\/produkt\/boris-brejcha-my-name-is-remixes\/\" \/>\n<meta property=\"og:locale\" content=\"de_DE\" \/>\n<meta property=\"og:type\" content=\"article\" \/>\n<meta property=\"og:title\" content=\"Boris Brejcha - My Name Is (Remixes)\" \/>\n<meta property=\"og:description\" content=\"Shop | Boris Brejcha - My Name Is (Remixes) | 2011 + 2021 | Harthouse | CD\" \/>\n<meta property=\"og:url\" content=\"https:\/\/ucm.one\/de\/produkt\/boris-brejcha-my-name-is-remixes\/\" \/>\n<meta property=\"og:site_name\" content=\"UCM.ONE\" \/>\n<meta property=\"article:modified_time\" content=\"2023-06-18T22:29:29+00:00\" \/>\n<meta property=\"og:image\" content=\"https:\/\/ucm.one\/wp-content\/uploads\/2022\/01\/C-Boris-Brejcha-My-Name-is-Remixes.jpg\" \/>\n<meta name=\"twitter:card\" content=\"summary_large_image\" \/>\n<meta name=\"twitter:title\" content=\"Boris Brejcha - My Name Is (Remixes)\" \/>\n<meta name=\"twitter:description\" content=\"Shop | Boris Brejcha - My Name Is (Remixes) | 2011 + 2021 | Harthouse | CD\" \/>\n<meta name=\"twitter:image\" content=\"https:\/\/ucm.one\/wp-content\/uploads\/2022\/01\/C-Boris-Brejcha-My-Name-is-Remixes.jpg\" \/>\n<meta name=\"twitter:label1\" content=\"Gesch\u00e4tzte Lesezeit\" \/>\n\t<meta name=\"twitter:data1\" content=\"1\u00a0Minute\" \/>\n<!-- \/ Yoast SEO plugin. -->","yoast_head_json":{"title":"Boris Brejcha - My Name Is (Remixes)","description":"Shop | Boris Brejcha - My Name Is (Remixes) | 2011 + 2021 | Harthouse | CD","robots":{"index":"index","follow":"follow","max-snippet":"max-snippet:-1","max-image-preview":"max-image-preview:large","max-video-preview":"max-video-preview:-1"},"canonical":"https:\/\/ucm.one\/de\/produkt\/boris-brejcha-my-name-is-remixes\/","og_locale":"de_DE","og_type":"article","og_title":"Boris Brejcha - My Name Is (Remixes)","og_description":"Shop | Boris Brejcha - My Name Is (Remixes) | 2011 + 2021 | Harthouse | CD","og_url":"https:\/\/ucm.one\/de\/produkt\/boris-brejcha-my-name-is-remixes\/","og_site_name":"UCM.ONE","article_modified_time":"2023-06-18T22:29:29+00:00","og_image":[{"url":"https:\/\/ucm.one\/wp-content\/uploads\/2022\/01\/C-Boris-Brejcha-My-Name-is-Remixes.jpg","type":"","width":"","height":""}],"twitter_card":"summary_large_image","twitter_title":"Boris Brejcha - My Name Is (Remixes)","twitter_description":"Shop | Boris Brejcha - My Name Is (Remixes) | 2011 + 2021 | Harthouse | CD","twitter_image":"https:\/\/ucm.one\/wp-content\/uploads\/2022\/01\/C-Boris-Brejcha-My-Name-is-Remixes.jpg","twitter_misc":{"Gesch\u00e4tzte Lesezeit":"1\u00a0Minute"},"schema":{"@context":"https:\/\/schema.org","@graph":[{"@type":"WebPage","@id":"https:\/\/ucm.one\/de\/produkt\/boris-brejcha-my-name-is-remixes\/","url":"https:\/\/ucm.one\/de\/produkt\/boris-brejcha-my-name-is-remixes\/","name":"Boris Brejcha - My Name Is (Remixes)","isPartOf":{"@id":"https:\/\/ucm.one\/de\/#website"},"primaryImageOfPage":{"@id":"https:\/\/ucm.one\/de\/produkt\/boris-brejcha-my-name-is-remixes\/#primaryimage"},"image":{"@id":"https:\/\/ucm.one\/de\/produkt\/boris-brejcha-my-name-is-remixes\/#primaryimage"},"thumbnailUrl":"https:\/\/ucm.one\/wp-content\/uploads\/2022\/01\/C-Boris-Brejcha-My-Name-is-Remixes.jpg","datePublished":"2021-02-15T19:53:38+00:00","dateModified":"2023-06-18T22:29:29+00:00","description":"Shop | Boris Brejcha - My Name Is (Remixes) | 2011 + 2021 | Harthouse | CD","breadcrumb":{"@id":"https:\/\/ucm.one\/de\/produkt\/boris-brejcha-my-name-is-remixes\/#breadcrumb"},"inLanguage":"de","potentialAction":[{"@type":"ReadAction","target":["https:\/\/ucm.one\/de\/produkt\/boris-brejcha-my-name-is-remixes\/"]}]},{"@type":"ImageObject","inLanguage":"de","@id":"https:\/\/ucm.one\/de\/produkt\/boris-brejcha-my-name-is-remixes\/#primaryimage","url":"https:\/\/ucm.one\/wp-content\/uploads\/2022\/01\/C-Boris-Brejcha-My-Name-is-Remixes.jpg","contentUrl":"https:\/\/ucm.one\/wp-content\/uploads\/2022\/01\/C-Boris-Brejcha-My-Name-is-Remixes.jpg","width":1000,"height":1000},{"@type":"BreadcrumbList","@id":"https:\/\/ucm.one\/de\/produkt\/boris-brejcha-my-name-is-remixes\/#breadcrumb","itemListElement":[{"@type":"ListItem","position":1,"name":"Home","item":"https:\/\/ucm.one\/de\/"},{"@type":"ListItem","position":2,"name":"Shop","item":"https:\/\/ucm.one\/de\/shop\/"},{"@type":"ListItem","position":3,"name":"Boris Brejcha &#8211; My Name Is (Remixes)"}]},{"@type":"WebSite","@id":"https:\/\/ucm.one\/de\/#website","url":"https:\/\/ucm.one\/de\/","name":"UCM.ONE","description":"","publisher":{"@id":"https:\/\/ucm.one\/de\/#organization"},"potentialAction":[{"@type":"SearchAction","target":{"@type":"EntryPoint","urlTemplate":"https:\/\/ucm.one\/de\/?s={search_term_string}"},"query-input":{"@type":"PropertyValueSpecification","valueRequired":true,"valueName":"search_term_string"}}],"inLanguage":"de"},{"@type":"Organization","@id":"https:\/\/ucm.one\/de\/#organization","name":"UCM.ONE","url":"https:\/\/ucm.one\/de\/","logo":{"@type":"ImageObject","inLanguage":"de","@id":"https:\/\/ucm.one\/de\/#\/schema\/logo\/image\/","url":"https:\/\/ucm.one\/wp-content\/uploads\/2019\/10\/UCM.ONE-Logo-RGB.svg","contentUrl":"https:\/\/ucm.one\/wp-content\/uploads\/2019\/10\/UCM.ONE-Logo-RGB.svg","width":1,"height":1,"caption":"UCM.ONE"},"image":{"@id":"https:\/\/ucm.one\/de\/#\/schema\/logo\/image\/"}}]}},"_links":{"self":[{"href":"https:\/\/ucm.one\/de\/wp-json\/wp\/v2\/product\/62674","targetHints":{"allow":["GET"]}}],"collection":[{"href":"https:\/\/ucm.one\/de\/wp-json\/wp\/v2\/product"}],"about":[{"href":"https:\/\/ucm.one\/de\/wp-json\/wp\/v2\/types\/product"}],"replies":[{"embeddable":true,"href":"https:\/\/ucm.one\/de\/wp-json\/wp\/v2\/comments?post=62674"}],"wp:featuredmedia":[{"embeddable":true,"href":"https:\/\/ucm.one\/de\/wp-json\/wp\/v2\/media\/62675"}],"wp:attachment":[{"href":"https:\/\/ucm.one\/de\/wp-json\/wp\/v2\/media?parent=62674"}],"wp:term":[{"taxonomy":"product_brand","embeddable":true,"href":"https:\/\/ucm.one\/de\/wp-json\/wp\/v2\/product_brand?post=62674"},{"taxonomy":"product_cat","embeddable":true,"href":"https:\/\/ucm.one\/de\/wp-json\/wp\/v2\/product_cat?post=62674"},{"taxonomy":"product_tag","embeddable":true,"href":"https:\/\/ucm.one\/de\/wp-json\/wp\/v2\/product_tag?post=62674"}],"curies":[{"name":"wp","href":"https:\/\/api.w.org\/{rel}","templated":true}]}}