{"id":62565,"date":"2020-12-04T01:08:54","date_gmt":"2020-12-04T01:08:54","guid":{"rendered":"https:\/\/ucm.one\/?post_type=product&#038;p=62565"},"modified":"2023-10-20T11:17:28","modified_gmt":"2023-10-20T11:17:28","slug":"alien-addiction","status":"publish","type":"product","link":"https:\/\/ucm.one\/de\/produkt\/alien-addiction\/","title":{"rendered":"Alien Addiction"},"content":{"rendered":"<div class=\"wpb_text_column wpb_content_element \">\n<div class=\"wpb_wrapper\">\n<div class=\"\">\n<div class=\"wpb_text_column wpb_content_element \">\n<div class=\"wpb_wrapper\">\n<p>Bauerntrampel Riko (<strong>Jimi Jackson<\/strong>) lebt mitten im Nirgendwo im neuseel\u00e4ndischen Hinterland bei seiner Tante. Er und seine Kumpels haben nichts Besseres zu tun, als von morgens bis abends abzuh\u00e4ngen. Die andauernden schr\u00e4gen Warnungen seiner Tante vor einer Alien Invasion f\u00fchren allgemein zur Belustigung der Gang. Doch eines Tages, w\u00e4hrend er unter der Dusche steht, f\u00fchlt er sich beobachtet und als er sich umdreht, stehen dort zwei riesige, vollkommen blaue Wesen. Schnell stellt sich heraus, dass diese Aliens mindestens genauso durchgeknallt sind wie Riko und seine Saufkumpane. Sie haben eine gro\u00dfe Vorliebe: Sie rauchen in ihren ganz speziellen kosmischen Haschpfeifen menschliche Exkremente! Denn besseren Stoff, so sagen sie, gibt es im ganzen Universum nicht. Zwischen Riko und den intergalaktischen Besuchern entwickelt sich eine dicke Freundschaft. Allerdings hat auch der Weltraumforscher Peter Mackintosh (<strong>Thomas Sainsbury<\/strong>) mitbekommen, dass die Erde zwei neue Besucher hat und stellt dem Trio unerbittlich nach\u2026<\/p>\n<\/div>\n<\/div>\n<\/div>\n<\/div>\n<\/div>\n<div><div class=\"gap\" style=\"line-height: 20px; height: 20px;\"><\/div><\/div>\n<h5>Weitere Informationen<\/h5>\n<div>\n<div>\n<table style=\"height: 46px; width: 100%; border-collapse: collapse; border-color: #ffffff; background-color: #ffffff; border-style: hidden;\">\n<tbody>\n<tr style=\"height: 23px; border-style: hidden; border-color: #ffffff; background-color: #ffffff;\">\n<td style=\"width: 4.701195219123506%; height: 23px; border-style: hidden;\">Film:<\/td>\n<td style=\"width: 95.29880478087651%; height: 23px; border-style: hidden;\"><a title=\"Ab heute kann der Film \u201eAlien Addiction\u201c (U1 Films Berlin) erworben bzw. angesehen werden\" href=\"https:\/\/ucm.one\/de\/ab-heute-kann-der-film-alien-addiction-u1-films-berlin-erworben-bzw-angesehen-werden\/\">Alien Addiction<\/a><\/td>\n<\/tr>\n<tr style=\"height: 23px;\">\n<td style=\"width: 4.701195219123506%; height: 23px; border-style: hidden;\">Label:<\/td>\n<td style=\"width: 95.29880478087651%; height: 23px; border-style: hidden;\"><a title=\"U1 Films Berlin\" href=\"https:\/\/ucm.one\/de\/film-labels\/u1-films-berlin\/\">U1 Films Berlin<\/a><\/td>\n<\/tr>\n<\/tbody>\n<\/table>\n<\/div>\n<div><\/div>\n<\/div>\n<div>\n<div><div class=\"gap\" style=\"line-height: 10px; height: 10px;\"><\/div><\/div>\n<div>\u2117 2018 <strong>Zonic TV<\/strong>, \u00a9 2020\u00a0<strong><span style=\"font-family: 'arial black', sans-serif;\">U1<\/span> Films Berlin<\/strong> \/ <span style=\"font-family: 'arial black', sans-serif;\"><strong>UCM.ONE<\/strong><\/span><\/div>\n<div><div class=\"gap\" style=\"line-height: 20px; height: 20px;\"><\/div><\/div>\n<div>\n<div><\/div>\n<div>\n<div><div class=\"gap\" style=\"line-height: 10px; height: 10px;\"><\/div><\/div>\n<div><span style=\"color: #003a80;\"><strong>\u27a0 <a style=\"color: #003a80;\" href=\"https:\/\/ucm.one\/de\/produkt-kategorie\/art-de\/filme-de\/\">zum Shop<\/a><\/strong><\/span><\/div>\n<div><div class=\"gap\" style=\"line-height: 20px; height: 20px;\"><\/div><\/div>\n<\/div>\n<\/div>\n<\/div>\n","protected":false},"excerpt":{"rendered":"<p>Regie: <strong><a title=\"Shae Sterling\" href=\"https:\/\/ucm.one\/de\/?s=%22Shae+Sterling%22&amp;post_type=product\">Shae Sterling<\/a><\/strong><\/p>\n<p>Label: <a href=\"https:\/\/ucm.one\/de\/produkt-kategorie\/label-film-de\/u1-films-berlin-de\/\"><strong>U1 Films Berlin<\/strong><\/a><\/p>\n<p>Art:\u00a0<strong><a href=\"https:\/\/ucm.one\/de\/produkt-kategorie\/art-de\/filme-de\/\">Film<\/a> (Spielfilm)<\/strong><\/p>\n<p>Genre:\u00a0<a href=\"https:\/\/ucm.one\/de\/produkt-kategorie\/genre-film-de\/science-fiction-de\/\"><b>Science-Fiction<\/b><\/a>, <a href=\"https:\/\/ucm.one\/de\/produkt-kategorie\/genre-film-de\/komoedie-de\/\"><b>Kom\u00f6die<\/b><\/a><\/p>\n<p>Jahr: <strong>2018<\/strong><\/p>\n<p>FSK: <strong>16<\/strong><\/p>\n<p>Formate: <strong>Diverse<\/strong><\/p>\n","protected":false},"featured_media":62541,"comment_status":"open","ping_status":"closed","template":"","meta":{"_acf_changed":false},"product_brand":[],"product_cat":[9708,10331,10332,10340,10354,10356],"product_tag":[11027,11526,11038,11527,11517,11518,11519,11520,11521,11522,11523,11524,11026,11525],"class_list":{"0":"post-62565","1":"product","2":"type-product","3":"status-publish","4":"has-post-thumbnail","6":"product_cat-filme-de","7":"product_cat-dvd-de","8":"product_cat-blu-ray-de","9":"product_cat-u1-films-berlin-de","10":"product_cat-science-fiction-de","11":"product_cat-komoedie-de","12":"product_tag-science-fiction","13":"product_tag-florence-film-awards","14":"product_tag-aliens","15":"product_tag-gelos-comedy-film-festival","16":"product_tag-alien-addiction","17":"product_tag-shae-sterling","18":"product_tag-jimi-jackson","19":"product_tag-thomas-sainsbury","20":"product_tag-harry-summerfield","21":"product_tag-jojo-waaka","22":"product_tag-ayham-ghalayini","23":"product_tag-komoedie","24":"product_tag-u1-films-berlin","25":"product_tag-kosice-international-film-festival","26":"product_shipping_class-dvd-2","27":"pa_format-blu-ray-de","28":"pa_format-dvd","29":"description-off","31":"first","32":"instock","33":"sale","34":"taxable","35":"shipping-taxable","36":"purchasable","37":"product-type-variable"},"acf":[],"yoast_head":"<!-- This site is optimized with the Yoast SEO plugin v27.2 - https:\/\/yoast.com\/product\/yoast-seo-wordpress\/ -->\n<title>Alien Addiction<\/title>\n<meta name=\"description\" content=\"Shop | Alien Addiction | 2018 | U1 Films Berlin | Blu-Ray, DVD | FSK 16\" \/>\n<meta name=\"robots\" content=\"index, follow, max-snippet:-1, max-image-preview:large, max-video-preview:-1\" \/>\n<link rel=\"canonical\" href=\"https:\/\/ucm.one\/de\/produkt\/alien-addiction\/\" \/>\n<meta property=\"og:locale\" content=\"de_DE\" \/>\n<meta property=\"og:type\" content=\"article\" \/>\n<meta property=\"og:title\" content=\"Alien Addiction\" \/>\n<meta property=\"og:description\" content=\"Shop | Alien Addiction | 2018 | U1 Films Berlin | Blu-Ray, DVD | FSK 16\" \/>\n<meta property=\"og:url\" content=\"https:\/\/ucm.one\/de\/produkt\/alien-addiction\/\" \/>\n<meta property=\"og:site_name\" content=\"UCM.ONE\" \/>\n<meta property=\"article:modified_time\" content=\"2023-10-20T11:17:28+00:00\" \/>\n<meta property=\"og:image\" content=\"https:\/\/ucm.one\/wp-content\/uploads\/2022\/01\/B-Alien-Addiction-DVD-FSK-16.jpg\" \/>\n\t<meta property=\"og:image:width\" content=\"1549\" \/>\n\t<meta property=\"og:image:height\" content=\"2199\" \/>\n\t<meta property=\"og:image:type\" content=\"image\/jpeg\" \/>\n<meta name=\"twitter:card\" content=\"summary_large_image\" \/>\n<meta name=\"twitter:label1\" content=\"Gesch\u00e4tzte Lesezeit\" \/>\n\t<meta name=\"twitter:data1\" content=\"1\u00a0Minute\" \/>\n<!-- \/ Yoast SEO plugin. -->","yoast_head_json":{"title":"Alien Addiction","description":"Shop | Alien Addiction | 2018 | U1 Films Berlin | Blu-Ray, DVD | FSK 16","robots":{"index":"index","follow":"follow","max-snippet":"max-snippet:-1","max-image-preview":"max-image-preview:large","max-video-preview":"max-video-preview:-1"},"canonical":"https:\/\/ucm.one\/de\/produkt\/alien-addiction\/","og_locale":"de_DE","og_type":"article","og_title":"Alien Addiction","og_description":"Shop | Alien Addiction | 2018 | U1 Films Berlin | Blu-Ray, DVD | FSK 16","og_url":"https:\/\/ucm.one\/de\/produkt\/alien-addiction\/","og_site_name":"UCM.ONE","article_modified_time":"2023-10-20T11:17:28+00:00","og_image":[{"width":1549,"height":2199,"url":"https:\/\/ucm.one\/wp-content\/uploads\/2022\/01\/B-Alien-Addiction-DVD-FSK-16.jpg","type":"image\/jpeg"}],"twitter_card":"summary_large_image","twitter_misc":{"Gesch\u00e4tzte Lesezeit":"1\u00a0Minute"},"schema":{"@context":"https:\/\/schema.org","@graph":[{"@type":"WebPage","@id":"https:\/\/ucm.one\/de\/produkt\/alien-addiction\/","url":"https:\/\/ucm.one\/de\/produkt\/alien-addiction\/","name":"Alien Addiction","isPartOf":{"@id":"https:\/\/ucm.one\/de\/#website"},"primaryImageOfPage":{"@id":"https:\/\/ucm.one\/de\/produkt\/alien-addiction\/#primaryimage"},"image":{"@id":"https:\/\/ucm.one\/de\/produkt\/alien-addiction\/#primaryimage"},"thumbnailUrl":"https:\/\/ucm.one\/wp-content\/uploads\/2022\/01\/B-Alien-Addiction-DVD-FSK-16.jpg","datePublished":"2020-12-04T01:08:54+00:00","dateModified":"2023-10-20T11:17:28+00:00","description":"Shop | Alien Addiction | 2018 | U1 Films Berlin | Blu-Ray, DVD | FSK 16","breadcrumb":{"@id":"https:\/\/ucm.one\/de\/produkt\/alien-addiction\/#breadcrumb"},"inLanguage":"de","potentialAction":[{"@type":"ReadAction","target":["https:\/\/ucm.one\/de\/produkt\/alien-addiction\/"]}]},{"@type":"ImageObject","inLanguage":"de","@id":"https:\/\/ucm.one\/de\/produkt\/alien-addiction\/#primaryimage","url":"https:\/\/ucm.one\/wp-content\/uploads\/2022\/01\/B-Alien-Addiction-DVD-FSK-16.jpg","contentUrl":"https:\/\/ucm.one\/wp-content\/uploads\/2022\/01\/B-Alien-Addiction-DVD-FSK-16.jpg","width":1549,"height":2199},{"@type":"BreadcrumbList","@id":"https:\/\/ucm.one\/de\/produkt\/alien-addiction\/#breadcrumb","itemListElement":[{"@type":"ListItem","position":1,"name":"Home","item":"https:\/\/ucm.one\/de\/"},{"@type":"ListItem","position":2,"name":"Shop","item":"https:\/\/ucm.one\/de\/shop\/"},{"@type":"ListItem","position":3,"name":"Alien Addiction"}]},{"@type":"WebSite","@id":"https:\/\/ucm.one\/de\/#website","url":"https:\/\/ucm.one\/de\/","name":"UCM.ONE","description":"","publisher":{"@id":"https:\/\/ucm.one\/de\/#organization"},"potentialAction":[{"@type":"SearchAction","target":{"@type":"EntryPoint","urlTemplate":"https:\/\/ucm.one\/de\/?s={search_term_string}"},"query-input":{"@type":"PropertyValueSpecification","valueRequired":true,"valueName":"search_term_string"}}],"inLanguage":"de"},{"@type":"Organization","@id":"https:\/\/ucm.one\/de\/#organization","name":"UCM.ONE","url":"https:\/\/ucm.one\/de\/","logo":{"@type":"ImageObject","inLanguage":"de","@id":"https:\/\/ucm.one\/de\/#\/schema\/logo\/image\/","url":"https:\/\/ucm.one\/wp-content\/uploads\/2019\/10\/UCM.ONE-Logo-RGB.svg","contentUrl":"https:\/\/ucm.one\/wp-content\/uploads\/2019\/10\/UCM.ONE-Logo-RGB.svg","width":1,"height":1,"caption":"UCM.ONE"},"image":{"@id":"https:\/\/ucm.one\/de\/#\/schema\/logo\/image\/"}}]}},"_links":{"self":[{"href":"https:\/\/ucm.one\/de\/wp-json\/wp\/v2\/product\/62565","targetHints":{"allow":["GET"]}}],"collection":[{"href":"https:\/\/ucm.one\/de\/wp-json\/wp\/v2\/product"}],"about":[{"href":"https:\/\/ucm.one\/de\/wp-json\/wp\/v2\/types\/product"}],"replies":[{"embeddable":true,"href":"https:\/\/ucm.one\/de\/wp-json\/wp\/v2\/comments?post=62565"}],"wp:featuredmedia":[{"embeddable":true,"href":"https:\/\/ucm.one\/de\/wp-json\/wp\/v2\/media\/62541"}],"wp:attachment":[{"href":"https:\/\/ucm.one\/de\/wp-json\/wp\/v2\/media?parent=62565"}],"wp:term":[{"taxonomy":"product_brand","embeddable":true,"href":"https:\/\/ucm.one\/de\/wp-json\/wp\/v2\/product_brand?post=62565"},{"taxonomy":"product_cat","embeddable":true,"href":"https:\/\/ucm.one\/de\/wp-json\/wp\/v2\/product_cat?post=62565"},{"taxonomy":"product_tag","embeddable":true,"href":"https:\/\/ucm.one\/de\/wp-json\/wp\/v2\/product_tag?post=62565"}],"curies":[{"name":"wp","href":"https:\/\/api.w.org\/{rel}","templated":true}]}}