{"id":62482,"date":"2021-03-26T19:04:54","date_gmt":"2021-03-26T19:04:54","guid":{"rendered":"https:\/\/ucm.one\/?post_type=product&#038;p=62482"},"modified":"2024-10-10T11:18:37","modified_gmt":"2024-10-10T11:18:37","slug":"15-killings-interview-mit-einem-serienkiller","status":"publish","type":"product","link":"https:\/\/ucm.one\/de\/produkt\/15-killings-interview-mit-einem-serienkiller\/","title":{"rendered":"15 Killings &#8211; Interview mit einem Serienkiller"},"content":{"rendered":"<div class=\"wpb_text_column wpb_content_element \">\n<div class=\"wpb_wrapper\">\n<div class=\"\">\n<div class=\"wpb_text_column wpb_content_element \">\n<div class=\"wpb_wrapper\">\n<p>Die anerkannte Neurologin Dr. Kentyl (<strong>Maria Olsen<\/strong>) besch\u00e4ftigt sich zu Studienzwecken mit dem inhaftierten 15-fachen M\u00f6rder Norris (<strong>Steve Bongeorno<\/strong>). Sie l\u00e4sst sich von ihm detailliert seine Taten schildern und erhofft sich so neue Erkenntnisse zu den Vorg\u00e4ngen im Gehirn von Serient\u00e4tern. Doch seine Schilderungen, wie er verzweifelte Barbesucher und Obdachlose aufgabelte, um sie im Schlaf zu strangulieren und anschlie\u00dfend die Leichen in seiner Wohnung unter den Dielenbrettern zu verbergen, schockieren sie zutiefst. Erst als sich Nachbarn \u00fcber den Verwesungsgestank aus Norris\u2018 Apartment beschwerten und er anfing, die Leichen \u00fcber das Abflusssystem des Hauses zu entsorgen, wurde man auf den unauff\u00e4lligen Nachbarn aufmerksam. Kentyl gewinnt einen tieferen Einblick in Norris\u2018 Psyche, als ihr lieb ist.<\/p>\n<\/div>\n<\/div>\n<\/div>\n<\/div>\n<\/div>\n<div><div class=\"gap\" style=\"line-height: 20px; height: 20px;\"><\/div><\/div>\n<h5>Weitere Informationen<\/h5>\n<div>\n<div>\n<table style=\"height: 46px; width: 100%; border-collapse: collapse; border-color: #ffffff; background-color: #ffffff; border-style: hidden;\">\n<tbody>\n<tr style=\"height: 23px; border-style: hidden; border-color: #ffffff; background-color: #ffffff;\">\n<td style=\"width: 4.701195219123506%; height: 23px; border-style: hidden;\">Film:<\/td>\n<td style=\"width: 95.29880478087651%; height: 23px; border-style: hidden;\"><a title=\"Neuver\u00f6ffentlichung: \u201e15 Killings \u2013 Interview mit einem Serienkiller\u201c\" href=\"https:\/\/ucm.one\/de\/neuveroeffentlichung-15-killings-interview-mit-einem-serienkiller\/\">15 Killings \u2013 Interview mit einem Serienkiller<\/a><\/td>\n<\/tr>\n<tr style=\"height: 23px;\">\n<td style=\"width: 4.701195219123506%; height: 23px; border-style: hidden;\">Label:<\/td>\n<td style=\"width: 95.29880478087651%; height: 23px; border-style: hidden;\"><a title=\"U1 Films Berlin\" href=\"https:\/\/ucm.one\/de\/film-labels\/u1-films-berlin\/\">U1 Films Berlin<\/a><\/td>\n<\/tr>\n<\/tbody>\n<\/table>\n<\/div>\n<div><\/div>\n<\/div>\n<div>\n<div><div class=\"gap\" style=\"line-height: 10px; height: 10px;\"><\/div><\/div>\n<div>\u2117 2020\u00a0<strong>Devilworks<\/strong>, \u00a9 2021\u00a0<strong><span style=\"font-family: 'arial black', sans-serif;\">U1<\/span> Films Berlin<\/strong> \/ <span style=\"font-family: 'arial black', sans-serif;\"><strong>UCM.ONE<\/strong><\/span><\/div>\n<div><div class=\"gap\" style=\"line-height: 20px; height: 20px;\"><\/div><\/div>\n<div>\n<div><\/div>\n<div>\n<div><div class=\"gap\" style=\"line-height: 10px; height: 10px;\"><\/div><\/div>\n<div><span style=\"color: #003a80;\"><strong>\u27a0 <a style=\"color: #003a80;\" href=\"https:\/\/ucm.one\/de\/produkt-kategorie\/art-de\/filme-de\/\">zum Shop<\/a><\/strong><\/span><\/div>\n<div><div class=\"gap\" style=\"line-height: 20px; height: 20px;\"><\/div><\/div>\n<\/div>\n<\/div>\n<\/div>\n","protected":false},"excerpt":{"rendered":"<p>Regie: <strong><a title=\"I. Drakos\" href=\"https:\/\/ucm.one\/de\/?s=%22I.+Drakos%22&amp;post_type=product\">I. Drakos<\/a><\/strong><\/p>\n<p>Label: <a href=\"https:\/\/ucm.one\/de\/produkt-kategorie\/label-film-de\/u1-films-berlin-de\/\"><strong>U1 Films Berlin<\/strong><\/a><\/p>\n<p>Art:\u00a0<strong><a href=\"https:\/\/ucm.one\/de\/produkt-kategorie\/art-de\/filme-de\/\">Film<\/a> (Spielfilm)<\/strong><\/p>\n<p>Genres:\u00a0<b><a href=\"https:\/\/ucm.one\/de\/produkt-kategorie\/genre-film-de\/thriller-de\/\">Thriller<\/a>, <a href=\"https:\/\/ucm.one\/de\/produkt-kategorie\/genre-film-de\/drama-de\/\">Drama<\/a><\/b><\/p>\n<p>Jahr: <strong>2020<\/strong><\/p>\n<p>FSK: <strong>18<\/strong><\/p>\n<p>Formate: <strong>Diverse<\/strong><\/p>\n","protected":false},"featured_media":62506,"comment_status":"open","ping_status":"closed","template":"","meta":{"_acf_changed":false},"product_brand":[],"product_cat":[10331,10332,10334,10335,10340,9708,10330],"product_tag":[11488,11489,11490,11491,11492,10352,11493,11494,11495,11026,11486,11487],"class_list":{"0":"post-62482","1":"product","2":"type-product","3":"status-publish","4":"has-post-thumbnail","6":"product_cat-dvd-de","7":"product_cat-blu-ray-de","8":"product_cat-drama-de","9":"product_cat-krimi-de","10":"product_cat-u1-films-berlin-de","11":"product_cat-filme-de","12":"product_cat-thriller-de","13":"product_tag-serienmoerder","14":"product_tag-steve-bongeorno","15":"product_tag-krista-bradley","16":"product_tag-maria-olsen","17":"product_tag-adam-s-ford","18":"product_tag-thriller","19":"product_tag-marla-kalin","20":"product_tag-john-dracos","21":"product_tag-drama","22":"product_tag-u1-films-berlin","23":"product_tag-15-killings","24":"product_tag-interview-mit-einem-serienkiller","25":"product_shipping_class-dvd-2","26":"pa_format-dvd","27":"pa_format-blu-ray-de","28":"description-off","30":"first","31":"instock","32":"taxable","33":"shipping-taxable","34":"purchasable","35":"product-type-variable"},"acf":[],"yoast_head":"<!-- This site is optimized with the Yoast SEO plugin v27.2 - https:\/\/yoast.com\/product\/yoast-seo-wordpress\/ -->\n<title>15 Killings - Interview mit einem Serienkiller<\/title>\n<meta name=\"description\" content=\"Shop | 15 Killings - Interview mit einem Serienkiller | 2020 | U1 Films Berlin | Blu-Ray, DVD | FSK 18\" \/>\n<meta name=\"robots\" content=\"index, follow, max-snippet:-1, max-image-preview:large, max-video-preview:-1\" \/>\n<link rel=\"canonical\" href=\"https:\/\/ucm.one\/de\/produkt\/15-killings-interview-mit-einem-serienkiller\/\" \/>\n<meta property=\"og:locale\" content=\"de_DE\" \/>\n<meta property=\"og:type\" content=\"article\" \/>\n<meta property=\"og:title\" content=\"15 Killings - Interview mit einem Serienkiller\" \/>\n<meta property=\"og:description\" content=\"Shop | 15 Killings - Interview mit einem Serienkiller | 2020 | U1 Films Berlin | Blu-Ray, DVD | FSK 18\" \/>\n<meta property=\"og:url\" content=\"https:\/\/ucm.one\/de\/produkt\/15-killings-interview-mit-einem-serienkiller\/\" \/>\n<meta property=\"og:site_name\" content=\"UCM.ONE\" \/>\n<meta property=\"article:modified_time\" content=\"2024-10-10T11:18:37+00:00\" \/>\n<meta property=\"og:image\" content=\"https:\/\/ucm.one\/wp-content\/uploads\/2022\/01\/C-15-Killings-DVD-FSK18.jpg\" \/>\n\t<meta property=\"og:image:width\" content=\"845\" \/>\n\t<meta property=\"og:image:height\" content=\"1200\" \/>\n\t<meta property=\"og:image:type\" content=\"image\/jpeg\" \/>\n<meta name=\"twitter:card\" content=\"summary_large_image\" \/>\n<meta name=\"twitter:label1\" content=\"Gesch\u00e4tzte Lesezeit\" \/>\n\t<meta name=\"twitter:data1\" content=\"1\u00a0Minute\" \/>\n<!-- \/ Yoast SEO plugin. -->","yoast_head_json":{"title":"15 Killings - Interview mit einem Serienkiller","description":"Shop | 15 Killings - Interview mit einem Serienkiller | 2020 | U1 Films Berlin | Blu-Ray, DVD | FSK 18","robots":{"index":"index","follow":"follow","max-snippet":"max-snippet:-1","max-image-preview":"max-image-preview:large","max-video-preview":"max-video-preview:-1"},"canonical":"https:\/\/ucm.one\/de\/produkt\/15-killings-interview-mit-einem-serienkiller\/","og_locale":"de_DE","og_type":"article","og_title":"15 Killings - Interview mit einem Serienkiller","og_description":"Shop | 15 Killings - Interview mit einem Serienkiller | 2020 | U1 Films Berlin | Blu-Ray, DVD | FSK 18","og_url":"https:\/\/ucm.one\/de\/produkt\/15-killings-interview-mit-einem-serienkiller\/","og_site_name":"UCM.ONE","article_modified_time":"2024-10-10T11:18:37+00:00","og_image":[{"width":845,"height":1200,"url":"https:\/\/ucm.one\/wp-content\/uploads\/2022\/01\/C-15-Killings-DVD-FSK18.jpg","type":"image\/jpeg"}],"twitter_card":"summary_large_image","twitter_misc":{"Gesch\u00e4tzte Lesezeit":"1\u00a0Minute"},"schema":{"@context":"https:\/\/schema.org","@graph":[{"@type":"WebPage","@id":"https:\/\/ucm.one\/de\/produkt\/15-killings-interview-mit-einem-serienkiller\/","url":"https:\/\/ucm.one\/de\/produkt\/15-killings-interview-mit-einem-serienkiller\/","name":"15 Killings - Interview mit einem Serienkiller","isPartOf":{"@id":"https:\/\/ucm.one\/de\/#website"},"primaryImageOfPage":{"@id":"https:\/\/ucm.one\/de\/produkt\/15-killings-interview-mit-einem-serienkiller\/#primaryimage"},"image":{"@id":"https:\/\/ucm.one\/de\/produkt\/15-killings-interview-mit-einem-serienkiller\/#primaryimage"},"thumbnailUrl":"https:\/\/ucm.one\/wp-content\/uploads\/2022\/01\/C-15-Killings-DVD-FSK18.jpg","datePublished":"2021-03-26T19:04:54+00:00","dateModified":"2024-10-10T11:18:37+00:00","description":"Shop | 15 Killings - Interview mit einem Serienkiller | 2020 | U1 Films Berlin | Blu-Ray, DVD | FSK 18","breadcrumb":{"@id":"https:\/\/ucm.one\/de\/produkt\/15-killings-interview-mit-einem-serienkiller\/#breadcrumb"},"inLanguage":"de","potentialAction":[{"@type":"ReadAction","target":["https:\/\/ucm.one\/de\/produkt\/15-killings-interview-mit-einem-serienkiller\/"]}]},{"@type":"ImageObject","inLanguage":"de","@id":"https:\/\/ucm.one\/de\/produkt\/15-killings-interview-mit-einem-serienkiller\/#primaryimage","url":"https:\/\/ucm.one\/wp-content\/uploads\/2022\/01\/C-15-Killings-DVD-FSK18.jpg","contentUrl":"https:\/\/ucm.one\/wp-content\/uploads\/2022\/01\/C-15-Killings-DVD-FSK18.jpg","width":845,"height":1200},{"@type":"BreadcrumbList","@id":"https:\/\/ucm.one\/de\/produkt\/15-killings-interview-mit-einem-serienkiller\/#breadcrumb","itemListElement":[{"@type":"ListItem","position":1,"name":"Home","item":"https:\/\/ucm.one\/de\/"},{"@type":"ListItem","position":2,"name":"Shop","item":"https:\/\/ucm.one\/de\/shop\/"},{"@type":"ListItem","position":3,"name":"15 Killings &#8211; Interview mit einem Serienkiller"}]},{"@type":"WebSite","@id":"https:\/\/ucm.one\/de\/#website","url":"https:\/\/ucm.one\/de\/","name":"UCM.ONE","description":"","publisher":{"@id":"https:\/\/ucm.one\/de\/#organization"},"potentialAction":[{"@type":"SearchAction","target":{"@type":"EntryPoint","urlTemplate":"https:\/\/ucm.one\/de\/?s={search_term_string}"},"query-input":{"@type":"PropertyValueSpecification","valueRequired":true,"valueName":"search_term_string"}}],"inLanguage":"de"},{"@type":"Organization","@id":"https:\/\/ucm.one\/de\/#organization","name":"UCM.ONE","url":"https:\/\/ucm.one\/de\/","logo":{"@type":"ImageObject","inLanguage":"de","@id":"https:\/\/ucm.one\/de\/#\/schema\/logo\/image\/","url":"https:\/\/ucm.one\/wp-content\/uploads\/2019\/10\/UCM.ONE-Logo-RGB.svg","contentUrl":"https:\/\/ucm.one\/wp-content\/uploads\/2019\/10\/UCM.ONE-Logo-RGB.svg","width":1,"height":1,"caption":"UCM.ONE"},"image":{"@id":"https:\/\/ucm.one\/de\/#\/schema\/logo\/image\/"}}]}},"_links":{"self":[{"href":"https:\/\/ucm.one\/de\/wp-json\/wp\/v2\/product\/62482","targetHints":{"allow":["GET"]}}],"collection":[{"href":"https:\/\/ucm.one\/de\/wp-json\/wp\/v2\/product"}],"about":[{"href":"https:\/\/ucm.one\/de\/wp-json\/wp\/v2\/types\/product"}],"replies":[{"embeddable":true,"href":"https:\/\/ucm.one\/de\/wp-json\/wp\/v2\/comments?post=62482"}],"wp:featuredmedia":[{"embeddable":true,"href":"https:\/\/ucm.one\/de\/wp-json\/wp\/v2\/media\/62506"}],"wp:attachment":[{"href":"https:\/\/ucm.one\/de\/wp-json\/wp\/v2\/media?parent=62482"}],"wp:term":[{"taxonomy":"product_brand","embeddable":true,"href":"https:\/\/ucm.one\/de\/wp-json\/wp\/v2\/product_brand?post=62482"},{"taxonomy":"product_cat","embeddable":true,"href":"https:\/\/ucm.one\/de\/wp-json\/wp\/v2\/product_cat?post=62482"},{"taxonomy":"product_tag","embeddable":true,"href":"https:\/\/ucm.one\/de\/wp-json\/wp\/v2\/product_tag?post=62482"}],"curies":[{"name":"wp","href":"https:\/\/api.w.org\/{rel}","templated":true}]}}