{"id":62226,"date":"2021-02-19T00:59:03","date_gmt":"2021-02-19T00:59:03","guid":{"rendered":"https:\/\/ucm.one\/?post_type=product&#038;p=62226"},"modified":"2024-09-05T09:42:45","modified_gmt":"2024-09-05T09:42:45","slug":"das-arche-noah-prinzip","status":"publish","type":"product","link":"https:\/\/ucm.one\/de\/produkt\/das-arche-noah-prinzip\/","title":{"rendered":"Das Arche Noah Prinzip"},"content":{"rendered":"<div class=\"wpb_text_column wpb_content_element \">\n<div class=\"wpb_wrapper\">\n<div class=\"\">\n<div class=\"wpb_text_column wpb_content_element \">\n<div class=\"wpb_wrapper\">\n<p>Die beiden Astronauten Max Marek (<strong>Franz Buchrieser<\/strong>) und Billy Hayes (<strong>Richy M\u00fcller<\/strong>) erforschen 1997 auf der Raumstation Florida Arklab Ger\u00e4te, die Einfluss auf das globale Klima haben sollen. Als es im Nahen Osten zu einer Krise kommt, soll die Technik der Wetterkontrolle f\u00fcr milit\u00e4rische Zwecke missbraucht werden: Die Strahlen zur Wetter-Beeinflussung haben einen Nebeneffekt, sie wirken wie eine Tarnkappe. So k\u00f6nnte eine blitzschnelle Invasion alliierter Streitkr\u00e4fte unentdeckt bleiben. Durch den Einsatz der Strahlen w\u00fcrde jedoch eine verheerende Flutkatastrophe biblischen Ausma\u00dfes ausgel\u00f6st werden. Max hat Skrupel und sabotiert die Computerprogramme. Als die Bodenkontrolle diese Manipulation bemerkt, werden zwei weitere Astronauten ins All geschickt, um Max und Billy abzul\u00f6sen: der undurchschaubare Gregor (<strong>Nikolas Lansky<\/strong>) und Eva (<strong>Avira Joel<\/strong>), Max\u00b4 Frau. Gregor ist befugt, die Befehle des Milit\u00e4rs durchzusetzen, notfalls auch mit Gewalt. Es kommt zum Kampf \u2013 jeder muss sich \u00fcberlegen, auf welcher Seite er steht. Ein m\u00f6rderischer Wettlauf mit der Zeit beginnt &#8230;.<\/p>\n<\/div>\n<\/div>\n<\/div>\n<\/div>\n<\/div>\n<div><div class=\"gap\" style=\"line-height: 20px; height: 20px;\"><\/div><\/div>\n<h5>Weitere Informationen<\/h5>\n<div>\n<div>\n<table style=\"height: 46px; width: 100%; border-collapse: collapse; border-color: #ffffff; background-color: #ffffff; border-style: hidden;\">\n<tbody>\n<tr style=\"height: 23px; border-style: hidden; border-color: #ffffff; background-color: #ffffff;\">\n<td style=\"width: 4.701195219123506%; height: 23px; border-style: hidden;\">Film:<\/td>\n<td style=\"width: 95.29880478087651%; height: 23px; border-style: hidden;\"><a title=\"Das Arche Noah Prinzip (1983) von Roland Emmerich | U8 Films Berlin\" href=\"https:\/\/ucm.one\/de\/das-arche-noah-prinzip\/\">Das Arche Noah Prinzip<\/a><\/td>\n<\/tr>\n<tr style=\"height: 23px;\">\n<td style=\"width: 4.701195219123506%; height: 23px; border-style: hidden;\">Label:<\/td>\n<td style=\"width: 95.29880478087651%; height: 23px; border-style: hidden;\"><a title=\"U8 Films Berlin\" href=\"https:\/\/ucm.one\/de\/film-labels\/u1-films-berlin\/#u8-films-berlin\">U8 Films Berlin<\/a><\/td>\n<\/tr>\n<\/tbody>\n<\/table>\n<\/div>\n<div><\/div>\n<\/div>\n<div>\n<div><div class=\"gap\" style=\"line-height: 10px; height: 10px;\"><\/div><\/div>\n<div>\u2117 1984\u00a0<strong>Solaris Film, Maran Films, Centropolis Productions<\/strong>,\u00a0\u00a9 2021\u00a0<strong>U8 Films Berlin<\/strong> \/ <span style=\"font-family: 'arial black', sans-serif;\"><strong>UCM.ONE<\/strong><\/span><\/div>\n<div><div class=\"gap\" style=\"line-height: 20px; height: 20px;\"><\/div><\/div>\n<div>\n<div><\/div>\n<div>\n<div><div class=\"gap\" style=\"line-height: 10px; height: 10px;\"><\/div><\/div>\n<div><span style=\"color: #003a80;\"><strong>\u27a0 <a style=\"color: #003a80;\" href=\"https:\/\/ucm.one\/de\/produkt-kategorie\/art-de\/filme-de\/\">zum Shop<\/a><\/strong><\/span><\/div>\n<div><div class=\"gap\" style=\"line-height: 20px; height: 20px;\"><\/div><\/div>\n<\/div>\n<\/div>\n<\/div>\n","protected":false},"excerpt":{"rendered":"<p>Regie:\u00a0<a title=\"\" href=\"https:\/\/ucm.one\/de\/?s=%22roland+emmerich%22&amp;post_type=product\"><strong>Roland Emmerich<\/strong><\/a><\/p>\n<p>Label:\u00a0<a title=\"\" href=\"https:\/\/ucm.one\/de\/produkt-kategorie\/label-film-de\/u1-films-berlin-de\/u8-films-berlin-de\/\"><strong>U8 Films Berlin<\/strong><\/a><\/p>\n<p>Art:\u00a0<strong><a href=\"https:\/\/ucm.one\/de\/produkt-kategorie\/art-de\/filme-de\/\">Film<\/a> (Spielfilm)<\/strong><\/p>\n<p>Genres:\u00a0<b><a href=\"https:\/\/ucm.one\/de\/produkt-kategorie\/genre-film-de\/science-fiction-de\/\">Science-Fiction<\/a>, <a href=\"https:\/\/ucm.one\/de\/produkt-kategorie\/genre-film-de\/drama-de\/\">Drama<\/a><\/b><\/p>\n<p>Jahr: <strong>1984<\/strong><\/p>\n<p>FSK: <strong>12<\/strong><\/p>\n<p>Formate: <strong>Diverse<\/strong><\/p>\n","protected":false},"featured_media":62229,"comment_status":"open","ping_status":"closed","template":"","meta":{"_acf_changed":false},"product_brand":[],"product_cat":[10340,10343,10354,9708,12093,10331,10332,10334],"product_tag":[11400,11401,11402,11403,11404,11027,11405,11395,11396,11397,11398,11399],"class_list":{"0":"post-62226","1":"product","2":"type-product","3":"status-publish","4":"has-post-thumbnail","6":"product_cat-u1-films-berlin-de","7":"product_cat-u8-films-berlin-de","8":"product_cat-science-fiction-de","9":"product_cat-filme-de","10":"product_cat-klassiker-de","11":"product_cat-dvd-de","12":"product_cat-blu-ray-de","13":"product_cat-drama-de","14":"product_tag-richy-mueller","15":"product_tag-franz-buchrieser","16":"product_tag-aviva-joel","17":"product_tag-matthias-heller","18":"product_tag-nikolas-lansky","19":"product_tag-science-fiction","20":"product_tag-matthias-fuchs","21":"product_tag-das-arche-noah-prinzip","22":"product_tag-roland-emmerich","23":"product_tag-bernd-eichinger","24":"product_tag-independence-day","25":"product_tag-egon-werdin","26":"product_shipping_class-dvd-2","27":"pa_format-dvd","28":"pa_format-blu-ray-de","29":"description-off","31":"first","32":"instock","33":"sale","34":"taxable","35":"shipping-taxable","36":"purchasable","37":"product-type-variable"},"acf":[],"yoast_head":"<!-- This site is optimized with the Yoast SEO plugin v27.5 - https:\/\/yoast.com\/product\/yoast-seo-wordpress\/ -->\n<title>Das Arche Noah Prinzip<\/title>\n<meta name=\"description\" content=\"Shop | Das Arche Noah Prinzip | 1984 | U8 Films Berlin | Blu-Ray, DVD | FSK 12\" \/>\n<meta name=\"robots\" content=\"index, follow, max-snippet:-1, max-image-preview:large, max-video-preview:-1\" \/>\n<link rel=\"canonical\" href=\"https:\/\/ucm.one\/de\/produkt\/das-arche-noah-prinzip\/\" \/>\n<meta property=\"og:locale\" content=\"de_DE\" \/>\n<meta property=\"og:type\" content=\"article\" \/>\n<meta property=\"og:title\" content=\"Das Arche Noah Prinzip\" \/>\n<meta property=\"og:description\" content=\"Shop | Das Arche Noah Prinzip | 1984 | U8 Films Berlin | Blu-Ray, DVD | FSK 12\" \/>\n<meta property=\"og:url\" content=\"https:\/\/ucm.one\/de\/produkt\/das-arche-noah-prinzip\/\" \/>\n<meta property=\"og:site_name\" content=\"UCM.ONE\" \/>\n<meta property=\"article:modified_time\" content=\"2024-09-05T09:42:45+00:00\" \/>\n<meta property=\"og:image\" content=\"https:\/\/ucm.one\/wp-content\/uploads\/2022\/01\/C-Arche-Noah-Prinzip_FSK-12.jpg\" \/>\n\t<meta property=\"og:image:width\" content=\"699\" \/>\n\t<meta property=\"og:image:height\" content=\"1000\" \/>\n\t<meta property=\"og:image:type\" content=\"image\/jpeg\" \/>\n<meta name=\"twitter:card\" content=\"summary_large_image\" \/>\n<meta name=\"twitter:label1\" content=\"Gesch\u00e4tzte Lesezeit\" \/>\n\t<meta name=\"twitter:data1\" content=\"1\u00a0Minute\" \/>\n<!-- \/ Yoast SEO plugin. -->","yoast_head_json":{"title":"Das Arche Noah Prinzip","description":"Shop | Das Arche Noah Prinzip | 1984 | U8 Films Berlin | Blu-Ray, DVD | FSK 12","robots":{"index":"index","follow":"follow","max-snippet":"max-snippet:-1","max-image-preview":"max-image-preview:large","max-video-preview":"max-video-preview:-1"},"canonical":"https:\/\/ucm.one\/de\/produkt\/das-arche-noah-prinzip\/","og_locale":"de_DE","og_type":"article","og_title":"Das Arche Noah Prinzip","og_description":"Shop | Das Arche Noah Prinzip | 1984 | U8 Films Berlin | Blu-Ray, DVD | FSK 12","og_url":"https:\/\/ucm.one\/de\/produkt\/das-arche-noah-prinzip\/","og_site_name":"UCM.ONE","article_modified_time":"2024-09-05T09:42:45+00:00","og_image":[{"width":699,"height":1000,"url":"https:\/\/ucm.one\/wp-content\/uploads\/2022\/01\/C-Arche-Noah-Prinzip_FSK-12.jpg","type":"image\/jpeg"}],"twitter_card":"summary_large_image","twitter_misc":{"Gesch\u00e4tzte Lesezeit":"1\u00a0Minute"},"schema":{"@context":"https:\/\/schema.org","@graph":[{"@type":"WebPage","@id":"https:\/\/ucm.one\/de\/produkt\/das-arche-noah-prinzip\/","url":"https:\/\/ucm.one\/de\/produkt\/das-arche-noah-prinzip\/","name":"Das Arche Noah Prinzip","isPartOf":{"@id":"https:\/\/ucm.one\/de\/#website"},"primaryImageOfPage":{"@id":"https:\/\/ucm.one\/de\/produkt\/das-arche-noah-prinzip\/#primaryimage"},"image":{"@id":"https:\/\/ucm.one\/de\/produkt\/das-arche-noah-prinzip\/#primaryimage"},"thumbnailUrl":"https:\/\/ucm.one\/wp-content\/uploads\/2022\/01\/C-Arche-Noah-Prinzip_FSK-12.jpg","datePublished":"2021-02-19T00:59:03+00:00","dateModified":"2024-09-05T09:42:45+00:00","description":"Shop | Das Arche Noah Prinzip | 1984 | U8 Films Berlin | Blu-Ray, DVD | FSK 12","breadcrumb":{"@id":"https:\/\/ucm.one\/de\/produkt\/das-arche-noah-prinzip\/#breadcrumb"},"inLanguage":"de","potentialAction":[{"@type":"ReadAction","target":["https:\/\/ucm.one\/de\/produkt\/das-arche-noah-prinzip\/"]}]},{"@type":"ImageObject","inLanguage":"de","@id":"https:\/\/ucm.one\/de\/produkt\/das-arche-noah-prinzip\/#primaryimage","url":"https:\/\/ucm.one\/wp-content\/uploads\/2022\/01\/C-Arche-Noah-Prinzip_FSK-12.jpg","contentUrl":"https:\/\/ucm.one\/wp-content\/uploads\/2022\/01\/C-Arche-Noah-Prinzip_FSK-12.jpg","width":699,"height":1000},{"@type":"BreadcrumbList","@id":"https:\/\/ucm.one\/de\/produkt\/das-arche-noah-prinzip\/#breadcrumb","itemListElement":[{"@type":"ListItem","position":1,"name":"Home","item":"https:\/\/ucm.one\/de\/"},{"@type":"ListItem","position":2,"name":"Shop","item":"https:\/\/ucm.one\/de\/shop\/"},{"@type":"ListItem","position":3,"name":"Das Arche Noah Prinzip"}]},{"@type":"WebSite","@id":"https:\/\/ucm.one\/de\/#website","url":"https:\/\/ucm.one\/de\/","name":"UCM.ONE","description":"","publisher":{"@id":"https:\/\/ucm.one\/de\/#organization"},"potentialAction":[{"@type":"SearchAction","target":{"@type":"EntryPoint","urlTemplate":"https:\/\/ucm.one\/de\/?s={search_term_string}"},"query-input":{"@type":"PropertyValueSpecification","valueRequired":true,"valueName":"search_term_string"}}],"inLanguage":"de"},{"@type":"Organization","@id":"https:\/\/ucm.one\/de\/#organization","name":"UCM.ONE","url":"https:\/\/ucm.one\/de\/","logo":{"@type":"ImageObject","inLanguage":"de","@id":"https:\/\/ucm.one\/de\/#\/schema\/logo\/image\/","url":"https:\/\/ucm.one\/wp-content\/uploads\/2019\/10\/UCM.ONE-Logo-RGB.svg","contentUrl":"https:\/\/ucm.one\/wp-content\/uploads\/2019\/10\/UCM.ONE-Logo-RGB.svg","width":1,"height":1,"caption":"UCM.ONE"},"image":{"@id":"https:\/\/ucm.one\/de\/#\/schema\/logo\/image\/"}}]}},"_links":{"self":[{"href":"https:\/\/ucm.one\/de\/wp-json\/wp\/v2\/product\/62226","targetHints":{"allow":["GET"]}}],"collection":[{"href":"https:\/\/ucm.one\/de\/wp-json\/wp\/v2\/product"}],"about":[{"href":"https:\/\/ucm.one\/de\/wp-json\/wp\/v2\/types\/product"}],"replies":[{"embeddable":true,"href":"https:\/\/ucm.one\/de\/wp-json\/wp\/v2\/comments?post=62226"}],"wp:featuredmedia":[{"embeddable":true,"href":"https:\/\/ucm.one\/de\/wp-json\/wp\/v2\/media\/62229"}],"wp:attachment":[{"href":"https:\/\/ucm.one\/de\/wp-json\/wp\/v2\/media?parent=62226"}],"wp:term":[{"taxonomy":"product_brand","embeddable":true,"href":"https:\/\/ucm.one\/de\/wp-json\/wp\/v2\/product_brand?post=62226"},{"taxonomy":"product_cat","embeddable":true,"href":"https:\/\/ucm.one\/de\/wp-json\/wp\/v2\/product_cat?post=62226"},{"taxonomy":"product_tag","embeddable":true,"href":"https:\/\/ucm.one\/de\/wp-json\/wp\/v2\/product_tag?post=62226"}],"curies":[{"name":"wp","href":"https:\/\/api.w.org\/{rel}","templated":true}]}}