{"id":61871,"date":"2024-03-27T23:04:49","date_gmt":"2024-03-27T23:04:49","guid":{"rendered":"https:\/\/ucm.one\/?post_type=product&#038;p=61871"},"modified":"2025-10-21T08:43:55","modified_gmt":"2025-10-21T08:43:55","slug":"the-patriot-kampf-ums-ueberleben","status":"publish","type":"product","link":"https:\/\/ucm.one\/de\/produkt\/the-patriot-kampf-ums-ueberleben\/","title":{"rendered":"The Patriot &#8211; Kampf ums \u00dcberleben"},"content":{"rendered":"<div class=\"wpb_text_column wpb_content_element \">\n<div class=\"wpb_wrapper\">\n<div class=\"\">\n<div class=\"wpb_text_column wpb_content_element \">\n<div class=\"wpb_wrapper\">\n<div class=\"wpb_text_column wpb_content_element \">\n<div class=\"wpb_wrapper\">\n<p>Der naturverbundene Arzt und Heilpraktiker Dr. Wesley McClaren (<strong>Steven Seagal<\/strong>) ist eigentlich ein ganz solider und netter Mensch, der keiner Fliege was zuleide tun kann. Das \u00e4ndert sich schlagartig, als sich in den Rocky Mountains militante Faschisten niederlassen, die Amerika erobern wollen. Der amerikanischen Bev\u00f6lkerung droht die ultimative Katastrophe. Um milit\u00e4rische und technologische Einrichtungen der USA unter ihre Kontrolle stellen zu k\u00f6nnen, haben fanatische Terroristen einen t\u00f6dlichen Virus eingesetzt, der sich rasend schnell unter den Menschen einer Kleinstadt in Nebraska verbreitet. Ein Killervirus, der die gesamte Bev\u00f6lkerung Nordamerikas in k\u00fcrzester Zeit vernichten k\u00f6nnte.<\/p>\n<\/div>\n<\/div>\n<div class=\"wpb_text_column wpb_content_element \">\n<div class=\"wpb_wrapper\">\n<p>Gegen den Virus scheint Dr. Wesley McClaren immun zu sein, aber nicht gegen den russischen Elitekiller Govol, der verhindern soll, da\u00df \u00dcberlebende wie McClaren die Stadt verlassen und, als m\u00f6glicher Tr\u00e4ger des Virus selbst zur t\u00f6dlichen Waffe werden. Zur Zielscheibe des Killers geworden, bleibt den Stadtmenschen keine andere Wahl als einen gnadenlosen Kampf gegen einen \u00fcberm\u00e4chtigen Gegner zu f\u00fchren.<\/p>\n<p>\u201c<strong>The Patriot<\/strong>\u201d ist der zweite abendf\u00fcllende Spielfilm des Oscar\u00ae-pr\u00e4mierten Kameramanns\u00a0<strong>Dean Semler<\/strong>\u00a0(\u201e<strong>Der mit dem Wolf tanzt<\/strong>\u201c, \u201e<strong>Todestille<\/strong>\u201c \u201e<strong>Apocalypto<\/strong>\u201c, \u201e<strong>Waterworld<\/strong>\u201c) und besticht vor allem durch die hervorragende Kameraf\u00fchrung.<\/p>\n<\/div>\n<\/div>\n<\/div>\n<\/div>\n<\/div>\n<\/div>\n<\/div>\n<div><div class=\"gap\" style=\"line-height: 20px; height: 20px;\"><\/div><\/div>\n<h5>Weitere Informationen<\/h5>\n<div>\n<div>\n<table style=\"height: 46px;width: 100%;border-collapse: collapse;border-color: #ffffff;background-color: #ffffff;border-style: hidden\">\n<tbody>\n<tr style=\"height: 23px;border-style: hidden;border-color: #ffffff;background-color: #ffffff\">\n<td style=\"width: 4.701195219123506%;height: 23px;border-style: hidden\">Film:<\/td>\n<td style=\"width: 95.29880478087651%;height: 23px;border-style: hidden\"><a title=\"The Patriot (1998) von Dean Semler | B-Spree Pictures\" href=\"https:\/\/ucm.one\/de\/the-patriot\/\">The Patriot &#8211; Kampf ums \u00dcberleben<\/a><\/td>\n<\/tr>\n<tr style=\"height: 23px\">\n<td style=\"width: 4.701195219123506%;height: 23px;border-style: hidden\">Label:<\/td>\n<td style=\"width: 95.29880478087651%;height: 23px;border-style: hidden\"><a title=\"B-Spree Pictures\" href=\"https:\/\/ucm.one\/de\/film-labels\/b-spree-pictures\">B-Spree Pictures<\/a><\/td>\n<\/tr>\n<\/tbody>\n<\/table>\n<\/div>\n<div><\/div>\n<\/div>\n<div>\n<div><div class=\"gap\" style=\"line-height: 10px; height: 10px;\"><\/div><\/div>\n<div>\u2117 1998 <strong>Interlight<\/strong>, <strong>Seagal\/Nasso Productions<\/strong>, <strong>Baldwin\/Cohen Productions<\/strong>, \u00a9 2021 <strong>B-Spree Pictures<\/strong><strong>\u00a0<\/strong>&amp; \u00a9 2024 <strong>M-Square Classics<\/strong> \/ <span style=\"font-family: 'arial black', sans-serif\"><strong>UCM.ONE<\/strong><\/span><\/div>\n<div><div class=\"gap\" style=\"line-height: 20px; height: 20px;\"><\/div><\/div>\n<div>\n<div><\/div>\n<div>\n<div><div class=\"gap\" style=\"line-height: 10px; height: 10px;\"><\/div><\/div>\n<div><span style=\"color: #003a80\"><strong>\u27a0 <a style=\"color: #003a80\" href=\"https:\/\/ucm.one\/de\/produkt-kategorie\/art-de\/filme-de\/\">zum Shop<\/a><\/strong><\/span><\/div>\n<div><div class=\"gap\" style=\"line-height: 20px; height: 20px;\"><\/div><\/div>\n<\/div>\n<\/div>\n<\/div>\n","protected":false},"excerpt":{"rendered":"<p>Regie: <a title=\"Dean Semler\" href=\"https:\/\/ucm.one\/de\/?s=%22Dean+Semler%22&amp;post_type=product\"><strong>Dean Semler<\/strong><\/a><\/p>\n<p>Label: <a title=\"B-Spree Pictures\" href=\"https:\/\/ucm.one\/de\/produkt-kategorie\/label-film-de\/b-spree-pictures-de\"><strong>B-Spree Pictures<\/strong><\/a><strong>, <\/strong><strong><a title=\"M-Square Classics\" href=\"https:\/\/ucm.one\/de\/produkt-kategorie\/label-film-de\/m-square-classics-de\">M-Square Classics<\/a><\/strong><\/p>\n<p>Art:\u00a0<strong><a href=\"https:\/\/ucm.one\/de\/produkt-kategorie\/art-de\/filme-de\/\">Film<\/a> (Spielfilm)<\/strong><\/p>\n<p>Genres:\u00a0<a href=\"https:\/\/ucm.one\/de\/produkt-kategorie\/genre-film-de\/action-de\/\"><b>Action<\/b><\/a>,\u00a0<a href=\"https:\/\/ucm.one\/de\/produkt-kategorie\/genre-film-de\/thriller-de\/\"><b>Thriller<\/b><\/a><\/p>\n<p>Jahr: <strong>2021 &amp; 2024<\/strong><\/p>\n<p>FSK: <strong>18<\/strong><\/p>\n<p>Formate: <strong>Diverse<\/strong><\/p>\n","protected":false},"featured_media":61875,"comment_status":"open","ping_status":"closed","template":"","meta":{"_acf_changed":false},"product_brand":[],"product_cat":[10341,9708,10358,10323,10324,10330,10331,10332,10333],"product_tag":[11358,11359,11360,10942,11361,11362,11313,11363,11353,11364,11354,11365,11355,11366,11356,11357],"class_list":{"0":"post-61871","1":"product","2":"type-product","3":"status-publish","4":"has-post-thumbnail","6":"product_cat-b-spree-pictures-de","7":"product_cat-filme-de","8":"product_cat-action-de","9":"product_cat-m-square-pictures-de","10":"product_cat-m-square-classics-de","11":"product_cat-thriller-de","12":"product_cat-dvd-de","13":"product_cat-blu-ray-de","14":"product_cat-mediabooks-de","15":"product_tag-silas-weir-mitchell","16":"product_tag-cia","17":"product_tag-virus","18":"product_tag-b-spree-pictures","19":"product_tag-camilla-belle","20":"product_tag-dan-beene","21":"product_tag-action","22":"product_tag-damon-collazo","23":"product_tag-the-patriot","24":"product_tag-whitney-yellow-robe","25":"product_tag-dean-semler","26":"product_tag-brad-leland","27":"product_tag-steven-seagal","28":"product_tag-molly-mcclure","29":"product_tag-gailard-sartain","30":"product_tag-l-q-jones","31":"pa_format-blu-ray-de","32":"pa_format-mediabook-blu-ray-dvd","33":"pa_format-dvd","34":"pa_format-blu-ray-auflage-2024-de","35":"description-off","37":"first","38":"instock","39":"sale","40":"taxable","41":"shipping-taxable","42":"purchasable","43":"product-type-variable"},"acf":[],"yoast_head":"<!-- This site is optimized with the Yoast SEO plugin v27.2 - https:\/\/yoast.com\/product\/yoast-seo-wordpress\/ -->\n<title>The Patriot - Kampf ums \u00dcberleben<\/title>\n<meta name=\"description\" content=\"Shop | The Patriot - Kampf ums \u00dcberleben | 2021 &amp; 2024 | B-Spree Picture &amp; M-Square Classics | Limitiertes Mediabook, Blu-Ray, DVD | FSK 18\" \/>\n<meta name=\"robots\" content=\"index, follow, max-snippet:-1, max-image-preview:large, max-video-preview:-1\" \/>\n<link rel=\"canonical\" href=\"https:\/\/ucm.one\/de\/produkt\/the-patriot-kampf-ums-ueberleben\/\" \/>\n<meta property=\"og:locale\" content=\"de_DE\" \/>\n<meta property=\"og:type\" content=\"article\" \/>\n<meta property=\"og:title\" content=\"The Patriot - Kampf ums \u00dcberleben\" \/>\n<meta property=\"og:description\" content=\"Shop | The Patriot - Kampf ums \u00dcberleben | 2021 &amp; 2024 | B-Spree Picture &amp; M-Square Classics | Limitiertes Mediabook, Blu-Ray, DVD | FSK 18\" \/>\n<meta property=\"og:url\" content=\"https:\/\/ucm.one\/de\/produkt\/the-patriot-kampf-ums-ueberleben\/\" \/>\n<meta property=\"og:site_name\" content=\"UCM.ONE\" \/>\n<meta property=\"article:modified_time\" content=\"2025-10-21T08:43:55+00:00\" \/>\n<meta property=\"og:image\" content=\"https:\/\/ucm.one\/wp-content\/uploads\/2021\/02\/P-The-Patriot-20.jpg\" \/>\n<meta name=\"twitter:card\" content=\"summary_large_image\" \/>\n<meta name=\"twitter:title\" content=\"The Patriot - Kampf ums \u00dcberleben\" \/>\n<meta name=\"twitter:description\" content=\"Shop | The Patriot - Kampf ums \u00dcberleben | 2021 &amp; 2024 | B-Spree Picture &amp; M-Square Classics | Limitiertes Mediabook, Blu-Ray, DVD | FSK 18\" \/>\n<meta name=\"twitter:image\" content=\"https:\/\/ucm.one\/wp-content\/uploads\/2021\/02\/P-The-Patriot-20.jpg\" \/>\n<meta name=\"twitter:label1\" content=\"Gesch\u00e4tzte Lesezeit\" \/>\n\t<meta name=\"twitter:data1\" content=\"2\u00a0Minuten\" \/>\n<!-- \/ Yoast SEO plugin. -->","yoast_head_json":{"title":"The Patriot - Kampf ums \u00dcberleben","description":"Shop | The Patriot - Kampf ums \u00dcberleben | 2021 & 2024 | B-Spree Picture & M-Square Classics | Limitiertes Mediabook, Blu-Ray, DVD | FSK 18","robots":{"index":"index","follow":"follow","max-snippet":"max-snippet:-1","max-image-preview":"max-image-preview:large","max-video-preview":"max-video-preview:-1"},"canonical":"https:\/\/ucm.one\/de\/produkt\/the-patriot-kampf-ums-ueberleben\/","og_locale":"de_DE","og_type":"article","og_title":"The Patriot - Kampf ums \u00dcberleben","og_description":"Shop | The Patriot - Kampf ums \u00dcberleben | 2021 & 2024 | B-Spree Picture & M-Square Classics | Limitiertes Mediabook, Blu-Ray, DVD | FSK 18","og_url":"https:\/\/ucm.one\/de\/produkt\/the-patriot-kampf-ums-ueberleben\/","og_site_name":"UCM.ONE","article_modified_time":"2025-10-21T08:43:55+00:00","og_image":[{"url":"https:\/\/ucm.one\/wp-content\/uploads\/2021\/02\/P-The-Patriot-20.jpg","type":"","width":"","height":""}],"twitter_card":"summary_large_image","twitter_title":"The Patriot - Kampf ums \u00dcberleben","twitter_description":"Shop | The Patriot - Kampf ums \u00dcberleben | 2021 & 2024 | B-Spree Picture & M-Square Classics | Limitiertes Mediabook, Blu-Ray, DVD | FSK 18","twitter_image":"https:\/\/ucm.one\/wp-content\/uploads\/2021\/02\/P-The-Patriot-20.jpg","twitter_misc":{"Gesch\u00e4tzte Lesezeit":"2\u00a0Minuten"},"schema":{"@context":"https:\/\/schema.org","@graph":[{"@type":"WebPage","@id":"https:\/\/ucm.one\/de\/produkt\/the-patriot-kampf-ums-ueberleben\/","url":"https:\/\/ucm.one\/de\/produkt\/the-patriot-kampf-ums-ueberleben\/","name":"The Patriot - Kampf ums \u00dcberleben","isPartOf":{"@id":"https:\/\/ucm.one\/de\/#website"},"primaryImageOfPage":{"@id":"https:\/\/ucm.one\/de\/produkt\/the-patriot-kampf-ums-ueberleben\/#primaryimage"},"image":{"@id":"https:\/\/ucm.one\/de\/produkt\/the-patriot-kampf-ums-ueberleben\/#primaryimage"},"thumbnailUrl":"https:\/\/ucm.one\/wp-content\/uploads\/2022\/01\/C-The-Patriot-DVD-FSK-18.jpg","datePublished":"2024-03-27T23:04:49+00:00","dateModified":"2025-10-21T08:43:55+00:00","description":"Shop | The Patriot - Kampf ums \u00dcberleben | 2021 & 2024 | B-Spree Picture & M-Square Classics | Limitiertes Mediabook, Blu-Ray, DVD | FSK 18","breadcrumb":{"@id":"https:\/\/ucm.one\/de\/produkt\/the-patriot-kampf-ums-ueberleben\/#breadcrumb"},"inLanguage":"de","potentialAction":[{"@type":"ReadAction","target":["https:\/\/ucm.one\/de\/produkt\/the-patriot-kampf-ums-ueberleben\/"]}]},{"@type":"ImageObject","inLanguage":"de","@id":"https:\/\/ucm.one\/de\/produkt\/the-patriot-kampf-ums-ueberleben\/#primaryimage","url":"https:\/\/ucm.one\/wp-content\/uploads\/2022\/01\/C-The-Patriot-DVD-FSK-18.jpg","contentUrl":"https:\/\/ucm.one\/wp-content\/uploads\/2022\/01\/C-The-Patriot-DVD-FSK-18.jpg","width":699,"height":1000},{"@type":"BreadcrumbList","@id":"https:\/\/ucm.one\/de\/produkt\/the-patriot-kampf-ums-ueberleben\/#breadcrumb","itemListElement":[{"@type":"ListItem","position":1,"name":"Home","item":"https:\/\/ucm.one\/de\/"},{"@type":"ListItem","position":2,"name":"Shop","item":"https:\/\/ucm.one\/de\/shop\/"},{"@type":"ListItem","position":3,"name":"The Patriot &#8211; Kampf ums \u00dcberleben"}]},{"@type":"WebSite","@id":"https:\/\/ucm.one\/de\/#website","url":"https:\/\/ucm.one\/de\/","name":"UCM.ONE","description":"","publisher":{"@id":"https:\/\/ucm.one\/de\/#organization"},"potentialAction":[{"@type":"SearchAction","target":{"@type":"EntryPoint","urlTemplate":"https:\/\/ucm.one\/de\/?s={search_term_string}"},"query-input":{"@type":"PropertyValueSpecification","valueRequired":true,"valueName":"search_term_string"}}],"inLanguage":"de"},{"@type":"Organization","@id":"https:\/\/ucm.one\/de\/#organization","name":"UCM.ONE","url":"https:\/\/ucm.one\/de\/","logo":{"@type":"ImageObject","inLanguage":"de","@id":"https:\/\/ucm.one\/de\/#\/schema\/logo\/image\/","url":"https:\/\/ucm.one\/wp-content\/uploads\/2019\/10\/UCM.ONE-Logo-RGB.svg","contentUrl":"https:\/\/ucm.one\/wp-content\/uploads\/2019\/10\/UCM.ONE-Logo-RGB.svg","width":1,"height":1,"caption":"UCM.ONE"},"image":{"@id":"https:\/\/ucm.one\/de\/#\/schema\/logo\/image\/"}}]}},"_links":{"self":[{"href":"https:\/\/ucm.one\/de\/wp-json\/wp\/v2\/product\/61871","targetHints":{"allow":["GET"]}}],"collection":[{"href":"https:\/\/ucm.one\/de\/wp-json\/wp\/v2\/product"}],"about":[{"href":"https:\/\/ucm.one\/de\/wp-json\/wp\/v2\/types\/product"}],"replies":[{"embeddable":true,"href":"https:\/\/ucm.one\/de\/wp-json\/wp\/v2\/comments?post=61871"}],"wp:featuredmedia":[{"embeddable":true,"href":"https:\/\/ucm.one\/de\/wp-json\/wp\/v2\/media\/61875"}],"wp:attachment":[{"href":"https:\/\/ucm.one\/de\/wp-json\/wp\/v2\/media?parent=61871"}],"wp:term":[{"taxonomy":"product_brand","embeddable":true,"href":"https:\/\/ucm.one\/de\/wp-json\/wp\/v2\/product_brand?post=61871"},{"taxonomy":"product_cat","embeddable":true,"href":"https:\/\/ucm.one\/de\/wp-json\/wp\/v2\/product_cat?post=61871"},{"taxonomy":"product_tag","embeddable":true,"href":"https:\/\/ucm.one\/de\/wp-json\/wp\/v2\/product_tag?post=61871"}],"curies":[{"name":"wp","href":"https:\/\/api.w.org\/{rel}","templated":true}]}}