{"id":61853,"date":"2021-11-12T22:11:26","date_gmt":"2021-11-12T22:11:26","guid":{"rendered":"https:\/\/ucm.one\/?post_type=product&#038;p=61853"},"modified":"2025-11-30T21:31:55","modified_gmt":"2025-11-30T21:31:55","slug":"cyst","status":"publish","type":"product","link":"https:\/\/ucm.one\/de\/produkt\/cyst\/","title":{"rendered":"Cyst"},"content":{"rendered":"<div class=\"wpb_text_column wpb_content_element \">\n<div class=\"wpb_wrapper\">\n<div class=\"\">\n<div class=\"wpb_text_column wpb_content_element \">\n<div class=\"wpb_wrapper\">\n<div class=\"wpb_text_column wpb_content_element \">\n<div class=\"wpb_wrapper\">\n<p>USA in den 1960ern: Der Hautarzt Dr. Guy (<strong>George Hardy<\/strong>) ist besessen davon, auf dem Gebiet der Zytologie einen revolution\u00e4ren Durchbruch zu erzielen. Dazu hat er eine Apparatur entwickelt, die mittels eines Laserstrahls und einer Absaugvorrichtung Zysten jeglicher Gr\u00f6\u00dfe, f\u00fcr den Patienten minimal invasiv, entfernen kann.<\/p>\n<\/div>\n<\/div>\n<div class=\"wpb_text_column wpb_content_element \">\n<div class=\"wpb_wrapper\">\n<p>Der gro\u00dfe Tag ist gekommen \u2013 nach einem Scheitern bei der ersten Pr\u00e4sentation soll nun die Kommission des Patentamts von der Funktionsweise des Apparates \u00fcberzeugt werden. Krankenschwester Patricia (<strong>Eva Habermann<\/strong>), die am eigenen Leibe erfahren hat, dass der Apparat noch lange nicht ausgereift ist und die deshalb heute ihrem letzten Arbeitstag und dem Ende ihrer Schicht entgegenfiebert, assistiert Dr. Guy bei der Demonstration. Hierzu wurde ein Patient ausgew\u00e4hlt, auf dessen R\u00fccken eine riesige Zyste gewachsen ist. Doch der Eingriff geht schief. Der Patient stirbt und ein riesiges Zystenmonster macht sich auf die Jagd nach jedem, der die Klinik nicht rechtzeitig verlassen konnte. Dabei frisst und absorbiert es die Menschen nach Lust und Laune in einem Blut- und Schleimbad von unvorstellbarem Ausma\u00df\u2026<\/p>\n<\/div>\n<\/div>\n<\/div>\n<\/div>\n<\/div>\n<\/div>\n<\/div>\n<div><div class=\"gap\" style=\"line-height: 20px; height: 20px;\"><\/div><\/div>\n<h5>Weitere Informationen<\/h5>\n<div>\n<div>\n<table style=\"height: 46px; width: 100%; border-collapse: collapse; border-color: #ffffff; background-color: #ffffff; border-style: hidden;\">\n<tbody>\n<tr style=\"height: 23px; border-style: hidden; border-color: #ffffff; background-color: #ffffff;\">\n<td style=\"width: 4.701195219123506%; height: 23px; border-style: hidden;\">Film:<\/td>\n<td style=\"width: 95.29880478087651%; height: 23px; border-style: hidden;\"><a title=\"Cyst (2020) von Tyler Russell | B-Spree Pictures\" href=\"https:\/\/ucm.one\/de\/cyst\/\">Cyst<\/a><\/td>\n<\/tr>\n<tr style=\"height: 23px;\">\n<td style=\"width: 4.701195219123506%; height: 23px; border-style: hidden;\">Label:<\/td>\n<td style=\"width: 95.29880478087651%; height: 23px; border-style: hidden;\"><a title=\"B-Spree Pictures\" href=\"https:\/\/ucm.one\/de\/film-labels\/b-spree-pictures\">B-Spree Pictures<\/a><\/td>\n<\/tr>\n<\/tbody>\n<\/table>\n<\/div>\n<div><\/div>\n<\/div>\n<div>\n<div><div class=\"gap\" style=\"line-height: 10px; height: 10px;\"><\/div><\/div>\n<div>\u2117 2020 <strong>Fantomfilm<\/strong> &amp;\u00a0<strong>Narrative-Films TX<\/strong>, \u00a0\u00a9 2021\u00a0<strong>B-Spree Pictures<\/strong> \/ <span style=\"font-family: 'arial black', sans-serif;\"><strong>UCM.ONE<\/strong><\/span><\/div>\n<div><div class=\"gap\" style=\"line-height: 20px; height: 20px;\"><\/div><\/div>\n<div>\n<div><\/div>\n<div>\n<div><div class=\"gap\" style=\"line-height: 10px; height: 10px;\"><\/div><\/div>\n<div><span style=\"color: #003a80;\"><strong>\u27a0 <a style=\"color: #003a80;\" href=\"https:\/\/ucm.one\/de\/produkt-kategorie\/art-de\/filme-de\/\">zum Shop<\/a><\/strong><\/span><\/div>\n<div><div class=\"gap\" style=\"line-height: 20px; height: 20px;\"><\/div><\/div>\n<\/div>\n<\/div>\n<\/div>\n","protected":false},"excerpt":{"rendered":"<p>Regie: <a title=\"Tyler Russell\" href=\"https:\/\/ucm.one\/de\/?s=%22Tyler+Russell%22&amp;post_type=product\"><strong>Tyler Russell<\/strong><\/a><\/p>\n<p>Label: <a title=\"B-Spree Pictures\" href=\"https:\/\/ucm.one\/de\/produkt-kategorie\/label-film-de\/b-spree-pictures-de\"><strong>B-Spree Pictures<\/strong><\/a><\/p>\n<p>Art:\u00a0<strong><a href=\"https:\/\/ucm.one\/de\/produkt-kategorie\/art-de\/filme-de\/\">Film<\/a> (Spielfilm)<\/strong><\/p>\n<p>Genres:\u00a0<b><a href=\"https:\/\/ucm.one\/de\/produkt-kategorie\/genre-film-de\/horror-de\/\">Horror<\/a>, <a href=\"https:\/\/ucm.one\/de\/produkt-kategorie\/genre-film-de\/komoedie-de\/\">Kom\u00f6die<\/a><\/b><\/p>\n<p>Jahr: <strong>2020<\/strong><\/p>\n<p>FSK: <strong>18<\/strong><\/p>\n<p>Formate: <strong>Diverse<\/strong><\/p>\n","protected":false},"featured_media":61863,"comment_status":"open","ping_status":"closed","template":"","meta":{"_acf_changed":false},"product_brand":[],"product_cat":[10333,10341,10356,9708,10327,10331,10332],"product_tag":[11347,11348,11349,10349,11350,11351,10942,11352,11343,11344,11345,11346],"class_list":{"0":"post-61853","1":"product","2":"type-product","3":"status-publish","4":"has-post-thumbnail","6":"product_cat-mediabooks-de","7":"product_cat-b-spree-pictures-de","8":"product_cat-komoedie-de","9":"product_cat-filme-de","10":"product_cat-horror-de","11":"product_cat-dvd-de","12":"product_cat-blu-ray-de","13":"product_tag-fantomfilm","14":"product_tag-tyler-russell","15":"product_tag-jason-douglas","16":"product_tag-horror","17":"product_tag-gene-jones","18":"product_tag-creature","19":"product_tag-b-spree-pictures","20":"product_tag-comedy","21":"product_tag-cyst","22":"product_tag-eva-habermann","23":"product_tag-george-hardy","24":"product_tag-greg-sestero","25":"pa_format-dvd","26":"pa_format-blu-ray-de","27":"pa_format-mediabook-blu-ray-dvd","28":"description-off","30":"first","31":"instock","32":"taxable","33":"shipping-taxable","34":"purchasable","35":"product-type-variable"},"acf":[],"yoast_head":"<!-- This site is optimized with the Yoast SEO plugin v27.2 - https:\/\/yoast.com\/product\/yoast-seo-wordpress\/ -->\n<title>Cyst<\/title>\n<meta name=\"description\" content=\"Shop | Cyst | 2021 | B-Spree Pictures | Limitiertes Mediabook, Blu-Ray, DVD | FSK 18\" \/>\n<meta name=\"robots\" content=\"index, follow, max-snippet:-1, max-image-preview:large, max-video-preview:-1\" \/>\n<link rel=\"canonical\" href=\"https:\/\/ucm.one\/de\/produkt\/cyst\/\" \/>\n<meta property=\"og:locale\" content=\"de_DE\" \/>\n<meta property=\"og:type\" content=\"article\" \/>\n<meta property=\"og:title\" content=\"Cyst\" \/>\n<meta property=\"og:description\" content=\"Shop | Cyst | 2021 | B-Spree Pictures | Limitiertes Mediabook, Blu-Ray, DVD | FSK 18\" \/>\n<meta property=\"og:url\" content=\"https:\/\/ucm.one\/de\/produkt\/cyst\/\" \/>\n<meta property=\"og:site_name\" content=\"UCM.ONE\" \/>\n<meta property=\"article:modified_time\" content=\"2025-11-30T21:31:55+00:00\" \/>\n<meta property=\"og:image\" content=\"https:\/\/ucm.one\/wp-content\/uploads\/2022\/01\/C-CYST-FSK-18.jpg\" \/>\n\t<meta property=\"og:image:width\" content=\"699\" \/>\n\t<meta property=\"og:image:height\" content=\"1000\" \/>\n\t<meta property=\"og:image:type\" content=\"image\/jpeg\" \/>\n<meta name=\"twitter:card\" content=\"summary_large_image\" \/>\n<meta name=\"twitter:label1\" content=\"Gesch\u00e4tzte Lesezeit\" \/>\n\t<meta name=\"twitter:data1\" content=\"1\u00a0Minute\" \/>\n<!-- \/ Yoast SEO plugin. -->","yoast_head_json":{"title":"Cyst","description":"Shop | Cyst | 2021 | B-Spree Pictures | Limitiertes Mediabook, Blu-Ray, DVD | FSK 18","robots":{"index":"index","follow":"follow","max-snippet":"max-snippet:-1","max-image-preview":"max-image-preview:large","max-video-preview":"max-video-preview:-1"},"canonical":"https:\/\/ucm.one\/de\/produkt\/cyst\/","og_locale":"de_DE","og_type":"article","og_title":"Cyst","og_description":"Shop | Cyst | 2021 | B-Spree Pictures | Limitiertes Mediabook, Blu-Ray, DVD | FSK 18","og_url":"https:\/\/ucm.one\/de\/produkt\/cyst\/","og_site_name":"UCM.ONE","article_modified_time":"2025-11-30T21:31:55+00:00","og_image":[{"width":699,"height":1000,"url":"https:\/\/ucm.one\/wp-content\/uploads\/2022\/01\/C-CYST-FSK-18.jpg","type":"image\/jpeg"}],"twitter_card":"summary_large_image","twitter_misc":{"Gesch\u00e4tzte Lesezeit":"1\u00a0Minute"},"schema":{"@context":"https:\/\/schema.org","@graph":[{"@type":"WebPage","@id":"https:\/\/ucm.one\/de\/produkt\/cyst\/","url":"https:\/\/ucm.one\/de\/produkt\/cyst\/","name":"Cyst","isPartOf":{"@id":"https:\/\/ucm.one\/de\/#website"},"primaryImageOfPage":{"@id":"https:\/\/ucm.one\/de\/produkt\/cyst\/#primaryimage"},"image":{"@id":"https:\/\/ucm.one\/de\/produkt\/cyst\/#primaryimage"},"thumbnailUrl":"https:\/\/ucm.one\/wp-content\/uploads\/2022\/01\/C-CYST-FSK-18.jpg","datePublished":"2021-11-12T22:11:26+00:00","dateModified":"2025-11-30T21:31:55+00:00","description":"Shop | Cyst | 2021 | B-Spree Pictures | Limitiertes Mediabook, Blu-Ray, DVD | FSK 18","breadcrumb":{"@id":"https:\/\/ucm.one\/de\/produkt\/cyst\/#breadcrumb"},"inLanguage":"de","potentialAction":[{"@type":"ReadAction","target":["https:\/\/ucm.one\/de\/produkt\/cyst\/"]}]},{"@type":"ImageObject","inLanguage":"de","@id":"https:\/\/ucm.one\/de\/produkt\/cyst\/#primaryimage","url":"https:\/\/ucm.one\/wp-content\/uploads\/2022\/01\/C-CYST-FSK-18.jpg","contentUrl":"https:\/\/ucm.one\/wp-content\/uploads\/2022\/01\/C-CYST-FSK-18.jpg","width":699,"height":1000},{"@type":"BreadcrumbList","@id":"https:\/\/ucm.one\/de\/produkt\/cyst\/#breadcrumb","itemListElement":[{"@type":"ListItem","position":1,"name":"Home","item":"https:\/\/ucm.one\/de\/"},{"@type":"ListItem","position":2,"name":"Shop","item":"https:\/\/ucm.one\/de\/shop\/"},{"@type":"ListItem","position":3,"name":"Cyst"}]},{"@type":"WebSite","@id":"https:\/\/ucm.one\/de\/#website","url":"https:\/\/ucm.one\/de\/","name":"UCM.ONE","description":"","publisher":{"@id":"https:\/\/ucm.one\/de\/#organization"},"potentialAction":[{"@type":"SearchAction","target":{"@type":"EntryPoint","urlTemplate":"https:\/\/ucm.one\/de\/?s={search_term_string}"},"query-input":{"@type":"PropertyValueSpecification","valueRequired":true,"valueName":"search_term_string"}}],"inLanguage":"de"},{"@type":"Organization","@id":"https:\/\/ucm.one\/de\/#organization","name":"UCM.ONE","url":"https:\/\/ucm.one\/de\/","logo":{"@type":"ImageObject","inLanguage":"de","@id":"https:\/\/ucm.one\/de\/#\/schema\/logo\/image\/","url":"https:\/\/ucm.one\/wp-content\/uploads\/2019\/10\/UCM.ONE-Logo-RGB.svg","contentUrl":"https:\/\/ucm.one\/wp-content\/uploads\/2019\/10\/UCM.ONE-Logo-RGB.svg","width":1,"height":1,"caption":"UCM.ONE"},"image":{"@id":"https:\/\/ucm.one\/de\/#\/schema\/logo\/image\/"}}]}},"_links":{"self":[{"href":"https:\/\/ucm.one\/de\/wp-json\/wp\/v2\/product\/61853","targetHints":{"allow":["GET"]}}],"collection":[{"href":"https:\/\/ucm.one\/de\/wp-json\/wp\/v2\/product"}],"about":[{"href":"https:\/\/ucm.one\/de\/wp-json\/wp\/v2\/types\/product"}],"replies":[{"embeddable":true,"href":"https:\/\/ucm.one\/de\/wp-json\/wp\/v2\/comments?post=61853"}],"wp:featuredmedia":[{"embeddable":true,"href":"https:\/\/ucm.one\/de\/wp-json\/wp\/v2\/media\/61863"}],"wp:attachment":[{"href":"https:\/\/ucm.one\/de\/wp-json\/wp\/v2\/media?parent=61853"}],"wp:term":[{"taxonomy":"product_brand","embeddable":true,"href":"https:\/\/ucm.one\/de\/wp-json\/wp\/v2\/product_brand?post=61853"},{"taxonomy":"product_cat","embeddable":true,"href":"https:\/\/ucm.one\/de\/wp-json\/wp\/v2\/product_cat?post=61853"},{"taxonomy":"product_tag","embeddable":true,"href":"https:\/\/ucm.one\/de\/wp-json\/wp\/v2\/product_tag?post=61853"}],"curies":[{"name":"wp","href":"https:\/\/api.w.org\/{rel}","templated":true}]}}