{"id":61837,"date":"2021-07-19T20:42:05","date_gmt":"2021-07-19T20:42:05","guid":{"rendered":"https:\/\/ucm.one\/?post_type=product&#038;p=61837"},"modified":"2024-10-10T11:18:37","modified_gmt":"2024-10-10T11:18:37","slug":"a-deadly-legend-das-tor-zur-hoelle-ist-geoeffnet","status":"publish","type":"product","link":"https:\/\/ucm.one\/de\/produkt\/a-deadly-legend-das-tor-zur-hoelle-ist-geoeffnet\/","title":{"rendered":"A Deadly Legend \u2013 Das Tor zur H\u00f6lle ist ge\u00f6ffnet"},"content":{"rendered":"<div class=\"wpb_text_column wpb_content_element \">\n<div class=\"wpb_wrapper\">\n<div class=\"\">\n<div class=\"wpb_text_column wpb_content_element \">\n<div class=\"wpb_wrapper\">\n<div class=\"wpb_text_column wpb_content_element \">\n<div class=\"wpb_wrapper\">\n<p>Als die Immobilienmaklerin Joan Huntar (<strong>Kristen Anne Ferraro<\/strong>) das Gel\u00e4nde eines alten Sommercamps am Pilgrim Lake kauft, wird sie vom alten Carl Turner (<strong>Judd Hirsch<\/strong>) gewarnt: Im fr\u00fchen 18. Jahrhundert soll dort n\u00e4mlich, der Legende nach, eine heidnische Sekte blutige Opferrituale und Teufelsanbetungen durchgef\u00fchrt haben. Doch die Warnungen werden in den Wind geschlagen und als die Feierlichkeiten anl\u00e4sslich des ersten Spatenstichs bereits in vollem Gange sind, bricht das Chaos los: Bei den Grabungsarbeiten wird eine Art Stonehenge freigelegt und die Pforte zur H\u00f6lle scheint bereits ge\u00f6ffnet zu sein! D\u00e4monen aus der Zwischenwelt haben sich bereits vieler Bewohner von Pilgrim bem\u00e4chtigt und streben danach, die ewige Finsternis \u00fcber die Menschheit zu bringen.<\/p>\n<\/div>\n<\/div>\n<div class=\"wpb_text_column wpb_content_element \">\n<div class=\"wpb_wrapper\">\n<p>Nur der ortsans\u00e4ssige Antiquit\u00e4tenh\u00e4ndler Matthias Leary (<strong>Corbin Bernsen<\/strong>) scheint einen Weg zu kennen, die Pforte f\u00fcr immer zu versiegeln.<\/p>\n<\/div>\n<\/div>\n<\/div>\n<\/div>\n<\/div>\n<\/div>\n<\/div>\n<div><div class=\"gap\" style=\"line-height: 20px; height: 20px;\"><\/div><\/div>\n<h5>Weitere Informationen<\/h5>\n<div>\n<div>\n<table style=\"height: 46px; width: 100%; border-collapse: collapse; border-color: #ffffff; background-color: #ffffff; border-style: hidden;\">\n<tbody>\n<tr style=\"height: 23px; border-style: hidden; border-color: #ffffff; background-color: #ffffff;\">\n<td style=\"width: 4.701195219123506%; height: 23px; border-style: hidden;\">Film:<\/td>\n<td style=\"width: 95.29880478087651%; height: 23px; border-style: hidden;\"><a title=\"Heute erscheint \u201eA Deadly Legend \u2013 Das Tor zur H\u00f6lle ist ge\u00f6ffnet\u201c auf DVD, Blu-Ray und bei VoD-Portalen\" href=\"https:\/\/ucm.one\/de\/heute-erscheint-a-deadly-legend-das-tor-zur-hoelle-ist-geoeffnet-auf-dvd-blu-ray-und-bei-vod-portalen\/\">A Deadly Legend \u2013 Das Tor zur H\u00f6lle ist ge\u00f6ffnet<\/a><\/td>\n<\/tr>\n<tr style=\"height: 23px;\">\n<td style=\"width: 4.701195219123506%; height: 23px; border-style: hidden;\">Label:<\/td>\n<td style=\"width: 95.29880478087651%; height: 23px; border-style: hidden;\"><a title=\"U1 Films Berlin\" href=\"https:\/\/ucm.one\/de\/film-labels\/u1-films-berlin\/\">U1 Films Berlin<\/a><\/td>\n<\/tr>\n<\/tbody>\n<\/table>\n<\/div>\n<div><\/div>\n<\/div>\n<div>\n<div><div class=\"gap\" style=\"line-height: 10px; height: 10px;\"><\/div><\/div>\n<div>\u2117 2020 <strong>REMcycle Productions<\/strong>, \u00a9 2021\u00a0<strong>U1 Films Berlin<\/strong> \/ <span style=\"font-family: 'arial black', sans-serif;\"><strong>UCM.ONE<\/strong><\/span><\/div>\n<div><div class=\"gap\" style=\"line-height: 20px; height: 20px;\"><\/div><\/div>\n<div>\n<div><\/div>\n<div>\n<div><div class=\"gap\" style=\"line-height: 10px; height: 10px;\"><\/div><\/div>\n<div><span style=\"color: #003a80;\"><strong>\u27a0 <a style=\"color: #003a80;\" href=\"https:\/\/ucm.one\/de\/produkt-kategorie\/art-de\/filme-de\/\">zum Shop<\/a><\/strong><\/span><\/div>\n<div><div class=\"gap\" style=\"line-height: 20px; height: 20px;\"><\/div><\/div>\n<\/div>\n<\/div>\n<\/div>\n","protected":false},"excerpt":{"rendered":"<p>Regie: <a title=\"Pamela Moriarty\" href=\"https:\/\/ucm.one\/de\/?s=%22Pamela+Moriarty%22&amp;post_type=product\"><strong>Pamela Moriarty<\/strong><\/a><\/p>\n<p>Label: <a href=\"https:\/\/ucm.one\/de\/produkt-kategorie\/label-film-de\/u1-films-berlin-de\/\"><strong>U1 Films Berlin<\/strong><\/a><\/p>\n<p>Art:\u00a0<strong><a href=\"https:\/\/ucm.one\/de\/produkt-kategorie\/art-de\/filme-de\/\">Film<\/a> (Spielfilm)<\/strong><\/p>\n<p>Genres:\u00a0<b><a href=\"https:\/\/ucm.one\/de\/produkt-kategorie\/genre-film-de\/horror-de\/\">Horror<\/a>, <a href=\"https:\/\/ucm.one\/de\/produkt-kategorie\/genre-film-de\/mystery-de\/\">Mystery<\/a><\/b><\/p>\n<p>Jahr: <strong>2020<\/strong><\/p>\n<p>FSK: <strong>18<\/strong><\/p>\n<p>Formate: <strong>Diverse<\/strong><\/p>\n","protected":false},"featured_media":61840,"comment_status":"open","ping_status":"closed","template":"","meta":{"_acf_changed":false},"product_brand":[],"product_cat":[9708,10327,10329,10331,10332,10340],"product_tag":[11336,10349,11337,11338,11026,11339,11329,11340,11330,11341,11331,11332,11333,11334,11335],"class_list":{"0":"post-61837","1":"product","2":"type-product","3":"status-publish","4":"has-post-thumbnail","6":"product_cat-filme-de","7":"product_cat-horror-de","8":"product_cat-mystery-de","9":"product_cat-dvd-de","10":"product_cat-blu-ray-de","11":"product_cat-u1-films-berlin-de","12":"product_tag-mystery","13":"product_tag-horror","14":"product_tag-tank-girl","15":"product_tag-orange-is-the-new-black","16":"product_tag-u1-films-berlin","17":"product_tag-friedhof-der-kuscheltiere","18":"product_tag-a-deadly-legend","19":"product_tag-blair-witch-project","20":"product_tag-pamela-moriarty","21":"product_tag-poltergeist","22":"product_tag-kristen-anne-ferraro","23":"product_tag-corbin-bernsen","24":"product_tag-eric-wolf","25":"product_tag-dwayne-thomas","26":"product_tag-summer","27":"pa_format-dvd","28":"pa_format-blu-ray-de","29":"description-off","31":"first","32":"instock","33":"taxable","34":"shipping-taxable","35":"purchasable","36":"product-type-variable"},"acf":[],"yoast_head":"<!-- This site is optimized with the Yoast SEO plugin v27.2 - https:\/\/yoast.com\/product\/yoast-seo-wordpress\/ -->\n<title>A Deadly Legend \u2013 Das Tor zur H\u00f6lle ist ge\u00f6ffnet<\/title>\n<meta name=\"description\" content=\"Shop | A Deadly Legend \u2013 Das Tor zur H\u00f6lle ist ge\u00f6ffnet | 2020 | U1 Films Berlin | Blu-Ray, DVD | FSK 18\" \/>\n<meta name=\"robots\" content=\"index, follow, max-snippet:-1, max-image-preview:large, max-video-preview:-1\" \/>\n<link rel=\"canonical\" href=\"https:\/\/ucm.one\/de\/produkt\/a-deadly-legend-das-tor-zur-hoelle-ist-geoeffnet\/\" \/>\n<meta property=\"og:locale\" content=\"de_DE\" \/>\n<meta property=\"og:type\" content=\"article\" \/>\n<meta property=\"og:title\" content=\"A Deadly Legend \u2013 Das Tor zur H\u00f6lle ist ge\u00f6ffnet\" \/>\n<meta property=\"og:description\" content=\"Shop | A Deadly Legend \u2013 Das Tor zur H\u00f6lle ist ge\u00f6ffnet | 2020 | U1 Films Berlin | Blu-Ray, DVD | FSK 18\" \/>\n<meta property=\"og:url\" content=\"https:\/\/ucm.one\/de\/produkt\/a-deadly-legend-das-tor-zur-hoelle-ist-geoeffnet\/\" \/>\n<meta property=\"og:site_name\" content=\"UCM.ONE\" \/>\n<meta property=\"article:modified_time\" content=\"2024-10-10T11:18:37+00:00\" \/>\n<meta property=\"og:image\" content=\"https:\/\/ucm.one\/wp-content\/uploads\/2022\/01\/C-Deadly-Legend-DVD-FSK-18.jpg\" \/>\n\t<meta property=\"og:image:width\" content=\"699\" \/>\n\t<meta property=\"og:image:height\" content=\"1000\" \/>\n\t<meta property=\"og:image:type\" content=\"image\/jpeg\" \/>\n<meta name=\"twitter:card\" content=\"summary_large_image\" \/>\n<meta name=\"twitter:label1\" content=\"Gesch\u00e4tzte Lesezeit\" \/>\n\t<meta name=\"twitter:data1\" content=\"1\u00a0Minute\" \/>\n<!-- \/ Yoast SEO plugin. -->","yoast_head_json":{"title":"A Deadly Legend \u2013 Das Tor zur H\u00f6lle ist ge\u00f6ffnet","description":"Shop | A Deadly Legend \u2013 Das Tor zur H\u00f6lle ist ge\u00f6ffnet | 2020 | U1 Films Berlin | Blu-Ray, DVD | FSK 18","robots":{"index":"index","follow":"follow","max-snippet":"max-snippet:-1","max-image-preview":"max-image-preview:large","max-video-preview":"max-video-preview:-1"},"canonical":"https:\/\/ucm.one\/de\/produkt\/a-deadly-legend-das-tor-zur-hoelle-ist-geoeffnet\/","og_locale":"de_DE","og_type":"article","og_title":"A Deadly Legend \u2013 Das Tor zur H\u00f6lle ist ge\u00f6ffnet","og_description":"Shop | A Deadly Legend \u2013 Das Tor zur H\u00f6lle ist ge\u00f6ffnet | 2020 | U1 Films Berlin | Blu-Ray, DVD | FSK 18","og_url":"https:\/\/ucm.one\/de\/produkt\/a-deadly-legend-das-tor-zur-hoelle-ist-geoeffnet\/","og_site_name":"UCM.ONE","article_modified_time":"2024-10-10T11:18:37+00:00","og_image":[{"width":699,"height":1000,"url":"https:\/\/ucm.one\/wp-content\/uploads\/2022\/01\/C-Deadly-Legend-DVD-FSK-18.jpg","type":"image\/jpeg"}],"twitter_card":"summary_large_image","twitter_misc":{"Gesch\u00e4tzte Lesezeit":"1\u00a0Minute"},"schema":{"@context":"https:\/\/schema.org","@graph":[{"@type":"WebPage","@id":"https:\/\/ucm.one\/de\/produkt\/a-deadly-legend-das-tor-zur-hoelle-ist-geoeffnet\/","url":"https:\/\/ucm.one\/de\/produkt\/a-deadly-legend-das-tor-zur-hoelle-ist-geoeffnet\/","name":"A Deadly Legend \u2013 Das Tor zur H\u00f6lle ist ge\u00f6ffnet","isPartOf":{"@id":"https:\/\/ucm.one\/de\/#website"},"primaryImageOfPage":{"@id":"https:\/\/ucm.one\/de\/produkt\/a-deadly-legend-das-tor-zur-hoelle-ist-geoeffnet\/#primaryimage"},"image":{"@id":"https:\/\/ucm.one\/de\/produkt\/a-deadly-legend-das-tor-zur-hoelle-ist-geoeffnet\/#primaryimage"},"thumbnailUrl":"https:\/\/ucm.one\/wp-content\/uploads\/2022\/01\/C-Deadly-Legend-DVD-FSK-18.jpg","datePublished":"2021-07-19T20:42:05+00:00","dateModified":"2024-10-10T11:18:37+00:00","description":"Shop | A Deadly Legend \u2013 Das Tor zur H\u00f6lle ist ge\u00f6ffnet | 2020 | U1 Films Berlin | Blu-Ray, DVD | FSK 18","breadcrumb":{"@id":"https:\/\/ucm.one\/de\/produkt\/a-deadly-legend-das-tor-zur-hoelle-ist-geoeffnet\/#breadcrumb"},"inLanguage":"de","potentialAction":[{"@type":"ReadAction","target":["https:\/\/ucm.one\/de\/produkt\/a-deadly-legend-das-tor-zur-hoelle-ist-geoeffnet\/"]}]},{"@type":"ImageObject","inLanguage":"de","@id":"https:\/\/ucm.one\/de\/produkt\/a-deadly-legend-das-tor-zur-hoelle-ist-geoeffnet\/#primaryimage","url":"https:\/\/ucm.one\/wp-content\/uploads\/2022\/01\/C-Deadly-Legend-DVD-FSK-18.jpg","contentUrl":"https:\/\/ucm.one\/wp-content\/uploads\/2022\/01\/C-Deadly-Legend-DVD-FSK-18.jpg","width":699,"height":1000},{"@type":"BreadcrumbList","@id":"https:\/\/ucm.one\/de\/produkt\/a-deadly-legend-das-tor-zur-hoelle-ist-geoeffnet\/#breadcrumb","itemListElement":[{"@type":"ListItem","position":1,"name":"Home","item":"https:\/\/ucm.one\/de\/"},{"@type":"ListItem","position":2,"name":"Shop","item":"https:\/\/ucm.one\/de\/shop\/"},{"@type":"ListItem","position":3,"name":"A Deadly Legend \u2013 Das Tor zur H\u00f6lle ist ge\u00f6ffnet"}]},{"@type":"WebSite","@id":"https:\/\/ucm.one\/de\/#website","url":"https:\/\/ucm.one\/de\/","name":"UCM.ONE","description":"","publisher":{"@id":"https:\/\/ucm.one\/de\/#organization"},"potentialAction":[{"@type":"SearchAction","target":{"@type":"EntryPoint","urlTemplate":"https:\/\/ucm.one\/de\/?s={search_term_string}"},"query-input":{"@type":"PropertyValueSpecification","valueRequired":true,"valueName":"search_term_string"}}],"inLanguage":"de"},{"@type":"Organization","@id":"https:\/\/ucm.one\/de\/#organization","name":"UCM.ONE","url":"https:\/\/ucm.one\/de\/","logo":{"@type":"ImageObject","inLanguage":"de","@id":"https:\/\/ucm.one\/de\/#\/schema\/logo\/image\/","url":"https:\/\/ucm.one\/wp-content\/uploads\/2019\/10\/UCM.ONE-Logo-RGB.svg","contentUrl":"https:\/\/ucm.one\/wp-content\/uploads\/2019\/10\/UCM.ONE-Logo-RGB.svg","width":1,"height":1,"caption":"UCM.ONE"},"image":{"@id":"https:\/\/ucm.one\/de\/#\/schema\/logo\/image\/"}}]}},"_links":{"self":[{"href":"https:\/\/ucm.one\/de\/wp-json\/wp\/v2\/product\/61837","targetHints":{"allow":["GET"]}}],"collection":[{"href":"https:\/\/ucm.one\/de\/wp-json\/wp\/v2\/product"}],"about":[{"href":"https:\/\/ucm.one\/de\/wp-json\/wp\/v2\/types\/product"}],"replies":[{"embeddable":true,"href":"https:\/\/ucm.one\/de\/wp-json\/wp\/v2\/comments?post=61837"}],"wp:featuredmedia":[{"embeddable":true,"href":"https:\/\/ucm.one\/de\/wp-json\/wp\/v2\/media\/61840"}],"wp:attachment":[{"href":"https:\/\/ucm.one\/de\/wp-json\/wp\/v2\/media?parent=61837"}],"wp:term":[{"taxonomy":"product_brand","embeddable":true,"href":"https:\/\/ucm.one\/de\/wp-json\/wp\/v2\/product_brand?post=61837"},{"taxonomy":"product_cat","embeddable":true,"href":"https:\/\/ucm.one\/de\/wp-json\/wp\/v2\/product_cat?post=61837"},{"taxonomy":"product_tag","embeddable":true,"href":"https:\/\/ucm.one\/de\/wp-json\/wp\/v2\/product_tag?post=61837"}],"curies":[{"name":"wp","href":"https:\/\/api.w.org\/{rel}","templated":true}]}}