{"id":61826,"date":"2021-07-30T19:59:27","date_gmt":"2021-07-30T19:59:27","guid":{"rendered":"https:\/\/ucm.one\/?post_type=product&#038;p=61826"},"modified":"2023-10-20T11:14:46","modified_gmt":"2023-10-20T11:14:46","slug":"airliner-sky-battle-terrorziel-atomkraftwerk","status":"publish","type":"product","link":"https:\/\/ucm.one\/de\/produkt\/airliner-sky-battle-terrorziel-atomkraftwerk\/","title":{"rendered":"Airliner Sky Battle &#8211; Terrorziel Atomkraftwerk"},"content":{"rendered":"<div class=\"wpb_text_column wpb_content_element \">\n<div class=\"wpb_wrapper\">\n<div class=\"\">\n<div class=\"wpb_text_column wpb_content_element \">\n<div class=\"wpb_wrapper\">\n<div class=\"wpb_text_column wpb_content_element \">\n<div class=\"wpb_wrapper\">\n<div class=\"wpb_text_column wpb_content_element \">\n<div class=\"wpb_wrapper\">\n<p>Zwei russische Top-Terroristen entf\u00fchren ein amerikanisches Verkehrsflugzeug und planen, es in ein Atomkraftwerk in der N\u00e4he von Washington, D.C. abst\u00fcrzen zu lassen. Die daraus resultierende nukleare Katastrophe w\u00fcrde einen Gro\u00dfteil der US-Ostk\u00fcste dem Erdboden gleichmachen. Der Clou an ihrem Plan: Sie haben bereits im Vorfeld einen komplexen Virus in das Computersystem des Pentagon eingeschleust, der das gesamte Milit\u00e4r und alle Verteidigungsm\u00f6glichkeiten lahmlegt. Die IT-Wissenschaftlerin Dr. Meili Liu (<strong>Bai Ling<\/strong>) arbeitet nun fieberhaft daran, das Verteidigungssystem wieder instand zu setzen und die Abfangj\u00e4ger in die Luft zu bekommen.<\/p>\n<\/div>\n<\/div>\n<div class=\"wpb_text_column wpb_content_element \">\n<div class=\"wpb_wrapper\">\n<p>Doch es bleiben nur 60 Minuten Zeit, bevor das entf\u00fchrte Flugzeug das Kraftwerk erreicht. Einzig ein voll besetztes Passagierflugzeug befindet sich in Reichweite der entf\u00fchrten Maschine \u2013 doch ist man bereit, diesen Preis zu zahlen, um eine noch gr\u00f6\u00dfere Katastrophe zu verhindern?<\/p>\n<\/div>\n<\/div>\n<\/div>\n<\/div>\n<\/div>\n<\/div>\n<\/div>\n<\/div>\n<\/div>\n<div><div class=\"gap\" style=\"line-height: 20px; height: 20px;\"><\/div><\/div>\n<h5>Weitere Informationen<\/h5>\n<div>\n<div>\n<table style=\"height: 46px; width: 100%; border-collapse: collapse; border-color: #ffffff; background-color: #ffffff; border-style: hidden;\">\n<tbody>\n<tr style=\"height: 23px; border-style: hidden; border-color: #ffffff; background-color: #ffffff;\">\n<td style=\"width: 4.701195219123506%; height: 23px; border-style: hidden;\">Film:<\/td>\n<td style=\"width: 95.29880478087651%; height: 23px; border-style: hidden;\"><a title=\"\u201eAirliner Sky Battle \u2013 Terrorziel Atomkraftwerk\u201c erscheint bei U1 Films Berlin\" href=\"https:\/\/ucm.one\/de\/airliner-sky-battle-terrorziel-atomkraftwerk-erscheint-bei-u1-films-berlin\/\">Airliner Sky Battle \u2013 Terrorziel Atomkraftwerk<\/a><\/td>\n<\/tr>\n<tr style=\"height: 23px;\">\n<td style=\"width: 4.701195219123506%; height: 23px; border-style: hidden;\">Label:<\/td>\n<td style=\"width: 95.29880478087651%; height: 23px; border-style: hidden;\"><a title=\"U1 Films Berlin\" href=\"https:\/\/ucm.one\/de\/film-labels\/u1-films-berlin\/\">U1 Films Berlin<\/a><\/td>\n<\/tr>\n<\/tbody>\n<\/table>\n<\/div>\n<div><\/div>\n<\/div>\n<div>\n<div><div class=\"gap\" style=\"line-height: 10px; height: 10px;\"><\/div><\/div>\n<div>\u2117 2020\u00a0<strong>The Asylum<\/strong>, \u00a9 2021\u00a0<strong>U1 Films Berlin<\/strong> \/ <span style=\"font-family: 'arial black', sans-serif;\"><strong>UCM.ONE<\/strong><\/span><\/div>\n<div><div class=\"gap\" style=\"line-height: 20px; height: 20px;\"><\/div><\/div>\n<\/div>\n<div><\/div>\n<div>\n<div><div class=\"gap\" style=\"line-height: 10px; height: 10px;\"><\/div><\/div>\n<div><span style=\"color: #003a80;\"><strong>\u27a0 <a style=\"color: #003a80;\" href=\"https:\/\/ucm.one\/de\/produkt-kategorie\/art-de\/filme-de\/\">zum Shop<\/a><\/strong><\/span><\/div>\n<div><div class=\"gap\" style=\"line-height: 20px; height: 20px;\"><\/div><\/div>\n<\/div>\n","protected":false},"excerpt":{"rendered":"<p>Regie: <strong><a title=\"Rob Pallatina\" href=\"https:\/\/ucm.one\/de\/?s=%22Rob+Pallatina%22&amp;post_type=product\">Rob Pallatina<\/a><\/strong><\/p>\n<p>Label:\u00a0<a href=\"https:\/\/ucm.one\/de\/produkt-kategorie\/label-film-de\/u1-films-berlin-de\/\"><strong>U1 Films Berlin<\/strong><\/a><\/p>\n<p>Art:\u00a0<strong><a href=\"https:\/\/ucm.one\/de\/produkt-kategorie\/art-de\/filme-de\/\">Film<\/a> (Spielfilm)<\/strong><\/p>\n<p>Genres: <strong><a href=\"https:\/\/ucm.one\/de\/produkt-kategorie\/genre-film-de\/thriller-de\/\">Thriller<\/a>,<\/strong>\u00a0<a href=\"https:\/\/ucm.one\/de\/produkt-kategorie\/genre-film-de\/action-de\/\"><b>Action<\/b><\/a><\/p>\n<p>Jahr: <strong>2020<\/strong><\/p>\n<p>FSK: <strong>16<\/strong><\/p>\n<p>Formate: <strong>Diverse<\/strong><\/p>\n","protected":false},"featured_media":61832,"comment_status":"open","ping_status":"closed","template":"","meta":{"_acf_changed":false},"product_brand":[],"product_cat":[10330,10331,10332,10340,10358,9708],"product_tag":[11319,11320,11321,11322,11323,11324,11325,11326,11026,11327,11301,11328,11304],"class_list":{"0":"post-61826","1":"product","2":"type-product","3":"status-publish","4":"has-post-thumbnail","6":"product_cat-thriller-de","7":"product_cat-dvd-de","8":"product_cat-blu-ray-de","9":"product_cat-u1-films-berlin-de","10":"product_cat-action-de","11":"product_cat-filme-de","12":"product_tag-airliner-sky-battle","13":"product_tag-terror","14":"product_tag-terrorziel","15":"product_tag-atomkraftwerk","16":"product_tag-rob-pallatina","17":"product_tag-bai-ling","18":"product_tag-marisha-shine","19":"product_tag-wade-baker","20":"product_tag-u1-films-berlin","21":"product_tag-xavi-israel","22":"product_tag-the-asylum","23":"product_tag-gina-vitori","24":"product_tag-joseph-michael-harris","25":"product_shipping_class-dvd-2","26":"pa_format-dvd","27":"pa_format-blu-ray-de","28":"description-off","30":"first","31":"instock","32":"taxable","33":"shipping-taxable","34":"purchasable","35":"product-type-variable"},"acf":[],"yoast_head":"<!-- This site is optimized with the Yoast SEO plugin v27.2 - https:\/\/yoast.com\/product\/yoast-seo-wordpress\/ -->\n<title>Airliner Sky Battle \u2013 Terrorziel Atomkraftwerk<\/title>\n<meta name=\"description\" content=\"Shop | Airliner Sky Battle \u2013 Terrorziel Atomkraftwerk | 2021 | U1 Films Berlin | Blu-Ray, DVD | FSK 16\" \/>\n<meta name=\"robots\" content=\"index, follow, max-snippet:-1, max-image-preview:large, max-video-preview:-1\" \/>\n<link rel=\"canonical\" href=\"https:\/\/ucm.one\/de\/produkt\/airliner-sky-battle-terrorziel-atomkraftwerk\/\" \/>\n<meta property=\"og:locale\" content=\"de_DE\" \/>\n<meta property=\"og:type\" content=\"article\" \/>\n<meta property=\"og:title\" content=\"Airliner Sky Battle \u2013 Terrorziel Atomkraftwerk\" \/>\n<meta property=\"og:description\" content=\"Shop | Airliner Sky Battle \u2013 Terrorziel Atomkraftwerk | 2021 | U1 Films Berlin | Blu-Ray, DVD | FSK 16\" \/>\n<meta property=\"og:url\" content=\"https:\/\/ucm.one\/de\/produkt\/airliner-sky-battle-terrorziel-atomkraftwerk\/\" \/>\n<meta property=\"og:site_name\" content=\"UCM.ONE\" \/>\n<meta property=\"article:modified_time\" content=\"2023-10-20T11:14:46+00:00\" \/>\n<meta property=\"og:image\" content=\"https:\/\/ucm.one\/wp-content\/uploads\/2022\/01\/C-Ailriner-Sky-Battle-DVD-FSK-16.jpg\" \/>\n\t<meta property=\"og:image:width\" content=\"699\" \/>\n\t<meta property=\"og:image:height\" content=\"1000\" \/>\n\t<meta property=\"og:image:type\" content=\"image\/jpeg\" \/>\n<meta name=\"twitter:card\" content=\"summary_large_image\" \/>\n<meta name=\"twitter:label1\" content=\"Gesch\u00e4tzte Lesezeit\" \/>\n\t<meta name=\"twitter:data1\" content=\"1\u00a0Minute\" \/>\n<!-- \/ Yoast SEO plugin. -->","yoast_head_json":{"title":"Airliner Sky Battle \u2013 Terrorziel Atomkraftwerk","description":"Shop | Airliner Sky Battle \u2013 Terrorziel Atomkraftwerk | 2021 | U1 Films Berlin | Blu-Ray, DVD | FSK 16","robots":{"index":"index","follow":"follow","max-snippet":"max-snippet:-1","max-image-preview":"max-image-preview:large","max-video-preview":"max-video-preview:-1"},"canonical":"https:\/\/ucm.one\/de\/produkt\/airliner-sky-battle-terrorziel-atomkraftwerk\/","og_locale":"de_DE","og_type":"article","og_title":"Airliner Sky Battle \u2013 Terrorziel Atomkraftwerk","og_description":"Shop | Airliner Sky Battle \u2013 Terrorziel Atomkraftwerk | 2021 | U1 Films Berlin | Blu-Ray, DVD | FSK 16","og_url":"https:\/\/ucm.one\/de\/produkt\/airliner-sky-battle-terrorziel-atomkraftwerk\/","og_site_name":"UCM.ONE","article_modified_time":"2023-10-20T11:14:46+00:00","og_image":[{"width":699,"height":1000,"url":"https:\/\/ucm.one\/wp-content\/uploads\/2022\/01\/C-Ailriner-Sky-Battle-DVD-FSK-16.jpg","type":"image\/jpeg"}],"twitter_card":"summary_large_image","twitter_misc":{"Gesch\u00e4tzte Lesezeit":"1\u00a0Minute"},"schema":{"@context":"https:\/\/schema.org","@graph":[{"@type":"WebPage","@id":"https:\/\/ucm.one\/de\/produkt\/airliner-sky-battle-terrorziel-atomkraftwerk\/","url":"https:\/\/ucm.one\/de\/produkt\/airliner-sky-battle-terrorziel-atomkraftwerk\/","name":"Airliner Sky Battle \u2013 Terrorziel Atomkraftwerk","isPartOf":{"@id":"https:\/\/ucm.one\/de\/#website"},"primaryImageOfPage":{"@id":"https:\/\/ucm.one\/de\/produkt\/airliner-sky-battle-terrorziel-atomkraftwerk\/#primaryimage"},"image":{"@id":"https:\/\/ucm.one\/de\/produkt\/airliner-sky-battle-terrorziel-atomkraftwerk\/#primaryimage"},"thumbnailUrl":"https:\/\/ucm.one\/wp-content\/uploads\/2022\/01\/C-Ailriner-Sky-Battle-DVD-FSK-16.jpg","datePublished":"2021-07-30T19:59:27+00:00","dateModified":"2023-10-20T11:14:46+00:00","description":"Shop | Airliner Sky Battle \u2013 Terrorziel Atomkraftwerk | 2021 | U1 Films Berlin | Blu-Ray, DVD | FSK 16","breadcrumb":{"@id":"https:\/\/ucm.one\/de\/produkt\/airliner-sky-battle-terrorziel-atomkraftwerk\/#breadcrumb"},"inLanguage":"de","potentialAction":[{"@type":"ReadAction","target":["https:\/\/ucm.one\/de\/produkt\/airliner-sky-battle-terrorziel-atomkraftwerk\/"]}]},{"@type":"ImageObject","inLanguage":"de","@id":"https:\/\/ucm.one\/de\/produkt\/airliner-sky-battle-terrorziel-atomkraftwerk\/#primaryimage","url":"https:\/\/ucm.one\/wp-content\/uploads\/2022\/01\/C-Ailriner-Sky-Battle-DVD-FSK-16.jpg","contentUrl":"https:\/\/ucm.one\/wp-content\/uploads\/2022\/01\/C-Ailriner-Sky-Battle-DVD-FSK-16.jpg","width":699,"height":1000},{"@type":"BreadcrumbList","@id":"https:\/\/ucm.one\/de\/produkt\/airliner-sky-battle-terrorziel-atomkraftwerk\/#breadcrumb","itemListElement":[{"@type":"ListItem","position":1,"name":"Home","item":"https:\/\/ucm.one\/de\/"},{"@type":"ListItem","position":2,"name":"Shop","item":"https:\/\/ucm.one\/de\/shop\/"},{"@type":"ListItem","position":3,"name":"Airliner Sky Battle &#8211; Terrorziel Atomkraftwerk"}]},{"@type":"WebSite","@id":"https:\/\/ucm.one\/de\/#website","url":"https:\/\/ucm.one\/de\/","name":"UCM.ONE","description":"","publisher":{"@id":"https:\/\/ucm.one\/de\/#organization"},"potentialAction":[{"@type":"SearchAction","target":{"@type":"EntryPoint","urlTemplate":"https:\/\/ucm.one\/de\/?s={search_term_string}"},"query-input":{"@type":"PropertyValueSpecification","valueRequired":true,"valueName":"search_term_string"}}],"inLanguage":"de"},{"@type":"Organization","@id":"https:\/\/ucm.one\/de\/#organization","name":"UCM.ONE","url":"https:\/\/ucm.one\/de\/","logo":{"@type":"ImageObject","inLanguage":"de","@id":"https:\/\/ucm.one\/de\/#\/schema\/logo\/image\/","url":"https:\/\/ucm.one\/wp-content\/uploads\/2019\/10\/UCM.ONE-Logo-RGB.svg","contentUrl":"https:\/\/ucm.one\/wp-content\/uploads\/2019\/10\/UCM.ONE-Logo-RGB.svg","width":1,"height":1,"caption":"UCM.ONE"},"image":{"@id":"https:\/\/ucm.one\/de\/#\/schema\/logo\/image\/"}}]}},"_links":{"self":[{"href":"https:\/\/ucm.one\/de\/wp-json\/wp\/v2\/product\/61826","targetHints":{"allow":["GET"]}}],"collection":[{"href":"https:\/\/ucm.one\/de\/wp-json\/wp\/v2\/product"}],"about":[{"href":"https:\/\/ucm.one\/de\/wp-json\/wp\/v2\/types\/product"}],"replies":[{"embeddable":true,"href":"https:\/\/ucm.one\/de\/wp-json\/wp\/v2\/comments?post=61826"}],"wp:featuredmedia":[{"embeddable":true,"href":"https:\/\/ucm.one\/de\/wp-json\/wp\/v2\/media\/61832"}],"wp:attachment":[{"href":"https:\/\/ucm.one\/de\/wp-json\/wp\/v2\/media?parent=61826"}],"wp:term":[{"taxonomy":"product_brand","embeddable":true,"href":"https:\/\/ucm.one\/de\/wp-json\/wp\/v2\/product_brand?post=61826"},{"taxonomy":"product_cat","embeddable":true,"href":"https:\/\/ucm.one\/de\/wp-json\/wp\/v2\/product_cat?post=61826"},{"taxonomy":"product_tag","embeddable":true,"href":"https:\/\/ucm.one\/de\/wp-json\/wp\/v2\/product_tag?post=61826"}],"curies":[{"name":"wp","href":"https:\/\/api.w.org\/{rel}","templated":true}]}}