{"id":61802,"date":"2022-01-15T14:57:32","date_gmt":"2022-01-15T14:57:32","guid":{"rendered":"https:\/\/ucm.one\/?post_type=product&#038;p=61802"},"modified":"2023-06-18T13:04:19","modified_gmt":"2023-06-18T13:04:19","slug":"the-rebels-of-world-war-ii-operation-avalanche","status":"publish","type":"product","link":"https:\/\/ucm.one\/de\/produkt\/the-rebels-of-world-war-ii-operation-avalanche\/","title":{"rendered":"The Rebels of World War II \u2013 Operation Avalanche"},"content":{"rendered":"<div class=\"wpb_text_column wpb_content_element \">\n<div class=\"wpb_wrapper\">\n<div class=\"\">\n<div class=\"wpb_text_column wpb_content_element \">\n<div class=\"wpb_wrapper\">\n<div class=\"wpb_text_column wpb_content_element \">\n<div class=\"wpb_wrapper\">\n<p>September 1943, der Zweite Weltkrieg ist auf seinem H\u00f6hepunkt und die Vorbereitungen zur\u00a0<strong>Operation Avalanche<\/strong>, Codename f\u00fcr die Ladung der Alliierten im Golf von Salerno, ist in vollem Gange. Das Liberty-Versorgungsschiff, die S.S. Lawton B. Evans unter dem Kommando von Lt. William Snow (<strong>Eric Roberts<\/strong>) soll, unterst\u00fctz von zwei Patrouillentorpedobooten, Material zur Bildung eines Br\u00fcckenkopfes in Salerno liefern. Doch direkt vor der K\u00fcste Italiens ger\u00e4t das Schiff ins Kreuzfeuer eines deutschen U-Boots und zweier gewaltiger landgest\u00fctzter 88mm-Gesch\u00fctze der Wehrmacht. Entgegen des Befehls von General Bradley (<strong>William Baldwin<\/strong>) entscheidet sich Snow zu einem Himmelfahrtskommando. Er will mit einer kleinen Einheit an Land gehen und die Gesch\u00fctzt\u00fcrme vernichten. Hierbei wird er nicht nur von todesmutigen Marinesoldaten, sondern auch von dem mexikanischen Bordkoch (<strong>Danny Trejo<\/strong>) unterst\u00fctzt, der noch eine ganz eigene Rechnung mit dem Nazi-Regime offen hat\u2026<\/p>\n<\/div>\n<\/div>\n<\/div>\n<\/div>\n<\/div>\n<\/div>\n<\/div>\n<div><div class=\"gap\" style=\"line-height: 20px; height: 20px;\"><\/div><\/div>\n<h5>Weitere Informationen<\/h5>\n<div>\n<div>\n<table style=\"height: 46px; width: 100%; border-collapse: collapse; border-color: #ffffff; background-color: #ffffff; border-style: hidden;\">\n<tbody>\n<tr style=\"height: 23px; border-style: hidden; border-color: #ffffff; background-color: #ffffff;\">\n<td style=\"width: 4.701195219123506%; height: 23px; border-style: hidden;\">Film:<\/td>\n<td style=\"width: 95.29880478087651%; height: 23px; border-style: hidden;\"><a title=\"The Rebels of Word War II \u2013 Operation Avalanche\" href=\"https:\/\/ucm.one\/de\/rebels-of-word-war-ii-operation-avalanche-digital-und-physisch-ab-heute-erhaeltlich\/\">The Rebels of Word War II \u2013 Operation Avalanche<\/a><\/td>\n<\/tr>\n<tr style=\"height: 23px;\">\n<td style=\"width: 4.701195219123506%; height: 23px; border-style: hidden;\">Label:<\/td>\n<td style=\"width: 95.29880478087651%; height: 23px; border-style: hidden;\"><a title=\"U1 Films Berlin\" href=\"https:\/\/ucm.one\/de\/film-labels\/u1-films-berlin\/\">U1 Films Berlin<\/a><\/td>\n<\/tr>\n<\/tbody>\n<\/table>\n<\/div>\n<div><\/div>\n<\/div>\n<div>\n<div><div class=\"gap\" style=\"line-height: 10px; height: 10px;\"><\/div><\/div>\n<div>\u2117 2021\u00a0<strong>The Asylum<\/strong>, \u00a9 2021\u00a0<strong>U1 Films Berlin<\/strong> \/ <span style=\"font-family: 'arial black', sans-serif;\"><strong>UCM.ONE<\/strong><\/span><\/div>\n<div><div class=\"gap\" style=\"line-height: 20px; height: 20px;\"><\/div><\/div>\n<\/div>\n<div>\n<div><\/div>\n<div>\n<div><div class=\"gap\" style=\"line-height: 10px; height: 10px;\"><\/div><\/div>\n<div><span style=\"color: #003a80;\"><strong>\u27a0 <a style=\"color: #003a80;\" href=\"https:\/\/ucm.one\/de\/produkt-kategorie\/art-de\/filme-de\/\">zum Shop<\/a><\/strong><\/span><\/div>\n<div><div class=\"gap\" style=\"line-height: 20px; height: 20px;\"><\/div><\/div>\n<\/div>\n<\/div>\n","protected":false},"excerpt":{"rendered":"<p>Regie: <strong><a title=\"Nick Lyon\" href=\"https:\/\/ucm.one\/de\/?s=%22Nick+Lyon%22&amp;post_type=product\">Nick Lyon<\/a><\/strong><\/p>\n<p>Label:\u00a0<a href=\"https:\/\/ucm.one\/de\/produkt-kategorie\/label-film-de\/u1-films-berlin-de\/\"><strong>U1 Films Berlin<\/strong><\/a><\/p>\n<p>Art:\u00a0<strong><a href=\"https:\/\/ucm.one\/de\/produkt-kategorie\/art-de\/filme-de\/\">Film<\/a> (Spielfilm)<\/strong><\/p>\n<p>Genres:\u00a0<b><a href=\"https:\/\/ucm.one\/de\/produkt-kategorie\/genre-film-de\/krieg-de\/\">Krieg<\/a>, <a href=\"https:\/\/ucm.one\/de\/produkt-kategorie\/genre-film-de\/action-de\/\">Action<\/a><\/b><\/p>\n<p>Jahr: <strong>2021<\/strong><\/p>\n<p>FSK: <strong>16<\/strong><\/p>\n<p>Formate: <strong>Diverse<\/strong><\/p>\n","protected":false},"featured_media":61808,"comment_status":"open","ping_status":"closed","template":"","meta":{"_acf_changed":false},"product_brand":[],"product_cat":[9708,11308,10331,10332,10340,10358],"product_tag":[11316,11026,11317,11301,11318,11307,11310,11311,11312,11313,11314,11315],"class_list":{"0":"post-61802","1":"product","2":"type-product","3":"status-publish","4":"has-post-thumbnail","6":"product_cat-filme-de","7":"product_cat-krieg-de","8":"product_cat-dvd-de","9":"product_cat-blu-ray-de","10":"product_cat-u1-films-berlin-de","11":"product_cat-action-de","12":"product_tag-danny-trejo","13":"product_tag-u1-films-berlin","14":"product_tag-geoff-meed","15":"product_tag-the-asylum","16":"product_tag-william-baldwin","17":"product_tag-eric-roberts","18":"product_tag-rebels-of-world-war-ii","19":"product_tag-rebels-of-ww-ii","20":"product_tag-operation-avalanche","21":"product_tag-action","22":"product_tag-ww-ii","23":"product_tag-kriegsfilm","24":"pa_format-dvd","25":"pa_format-blu-ray-de","26":"description-off","28":"first","29":"instock","30":"taxable","31":"shipping-taxable","32":"purchasable","33":"product-type-variable"},"acf":[],"yoast_head":"<!-- This site is optimized with the Yoast SEO plugin v27.5 - https:\/\/yoast.com\/product\/yoast-seo-wordpress\/ -->\n<title>Rebels of World War II - Operation Avalanche<\/title>\n<meta name=\"description\" content=\"Shop | Rebels of World War II - Operation Avalanche | 2021 | U1 Films Berlin | Blu-Ray, DVD | FSK 16\" \/>\n<meta name=\"robots\" content=\"index, follow, max-snippet:-1, max-image-preview:large, max-video-preview:-1\" \/>\n<link rel=\"canonical\" href=\"https:\/\/ucm.one\/de\/produkt\/the-rebels-of-world-war-ii-operation-avalanche\/\" \/>\n<meta property=\"og:locale\" content=\"de_DE\" \/>\n<meta property=\"og:type\" content=\"article\" \/>\n<meta property=\"og:title\" content=\"Rebels of World War II - Operation Avalanche\" \/>\n<meta property=\"og:description\" content=\"Shop | Rebels of World War II - Operation Avalanche | 2021 | U1 Films Berlin | Blu-Ray, DVD | FSK 16\" \/>\n<meta property=\"og:url\" content=\"https:\/\/ucm.one\/de\/produkt\/the-rebels-of-world-war-ii-operation-avalanche\/\" \/>\n<meta property=\"og:site_name\" content=\"UCM.ONE\" \/>\n<meta property=\"article:modified_time\" content=\"2023-06-18T13:04:19+00:00\" \/>\n<meta property=\"og:image\" content=\"https:\/\/ucm.one\/wp-content\/uploads\/2021\/11\/C-The-Rebels-of-WWII-FSK16.jpg\" \/>\n\t<meta property=\"og:image:width\" content=\"699\" \/>\n\t<meta property=\"og:image:height\" content=\"1000\" \/>\n\t<meta property=\"og:image:type\" content=\"image\/jpeg\" \/>\n<meta name=\"twitter:card\" content=\"summary_large_image\" \/>\n<meta name=\"twitter:label1\" content=\"Gesch\u00e4tzte Lesezeit\" \/>\n\t<meta name=\"twitter:data1\" content=\"1\u00a0Minute\" \/>\n<!-- \/ Yoast SEO plugin. -->","yoast_head_json":{"title":"Rebels of World War II - Operation Avalanche","description":"Shop | Rebels of World War II - Operation Avalanche | 2021 | U1 Films Berlin | Blu-Ray, DVD | FSK 16","robots":{"index":"index","follow":"follow","max-snippet":"max-snippet:-1","max-image-preview":"max-image-preview:large","max-video-preview":"max-video-preview:-1"},"canonical":"https:\/\/ucm.one\/de\/produkt\/the-rebels-of-world-war-ii-operation-avalanche\/","og_locale":"de_DE","og_type":"article","og_title":"Rebels of World War II - Operation Avalanche","og_description":"Shop | Rebels of World War II - Operation Avalanche | 2021 | U1 Films Berlin | Blu-Ray, DVD | FSK 16","og_url":"https:\/\/ucm.one\/de\/produkt\/the-rebels-of-world-war-ii-operation-avalanche\/","og_site_name":"UCM.ONE","article_modified_time":"2023-06-18T13:04:19+00:00","og_image":[{"width":699,"height":1000,"url":"https:\/\/ucm.one\/wp-content\/uploads\/2021\/11\/C-The-Rebels-of-WWII-FSK16.jpg","type":"image\/jpeg"}],"twitter_card":"summary_large_image","twitter_misc":{"Gesch\u00e4tzte Lesezeit":"1\u00a0Minute"},"schema":{"@context":"https:\/\/schema.org","@graph":[{"@type":"WebPage","@id":"https:\/\/ucm.one\/de\/produkt\/the-rebels-of-world-war-ii-operation-avalanche\/","url":"https:\/\/ucm.one\/de\/produkt\/the-rebels-of-world-war-ii-operation-avalanche\/","name":"Rebels of World War II - Operation Avalanche","isPartOf":{"@id":"https:\/\/ucm.one\/de\/#website"},"primaryImageOfPage":{"@id":"https:\/\/ucm.one\/de\/produkt\/the-rebels-of-world-war-ii-operation-avalanche\/#primaryimage"},"image":{"@id":"https:\/\/ucm.one\/de\/produkt\/the-rebels-of-world-war-ii-operation-avalanche\/#primaryimage"},"thumbnailUrl":"https:\/\/ucm.one\/wp-content\/uploads\/2021\/11\/C-The-Rebels-of-WWII-FSK16.jpg","datePublished":"2022-01-15T14:57:32+00:00","dateModified":"2023-06-18T13:04:19+00:00","description":"Shop | Rebels of World War II - Operation Avalanche | 2021 | U1 Films Berlin | Blu-Ray, DVD | FSK 16","breadcrumb":{"@id":"https:\/\/ucm.one\/de\/produkt\/the-rebels-of-world-war-ii-operation-avalanche\/#breadcrumb"},"inLanguage":"de","potentialAction":[{"@type":"ReadAction","target":["https:\/\/ucm.one\/de\/produkt\/the-rebels-of-world-war-ii-operation-avalanche\/"]}]},{"@type":"ImageObject","inLanguage":"de","@id":"https:\/\/ucm.one\/de\/produkt\/the-rebels-of-world-war-ii-operation-avalanche\/#primaryimage","url":"https:\/\/ucm.one\/wp-content\/uploads\/2021\/11\/C-The-Rebels-of-WWII-FSK16.jpg","contentUrl":"https:\/\/ucm.one\/wp-content\/uploads\/2021\/11\/C-The-Rebels-of-WWII-FSK16.jpg","width":699,"height":1000},{"@type":"BreadcrumbList","@id":"https:\/\/ucm.one\/de\/produkt\/the-rebels-of-world-war-ii-operation-avalanche\/#breadcrumb","itemListElement":[{"@type":"ListItem","position":1,"name":"Home","item":"https:\/\/ucm.one\/de\/"},{"@type":"ListItem","position":2,"name":"Shop","item":"https:\/\/ucm.one\/de\/shop\/"},{"@type":"ListItem","position":3,"name":"The Rebels of World War II \u2013 Operation Avalanche"}]},{"@type":"WebSite","@id":"https:\/\/ucm.one\/de\/#website","url":"https:\/\/ucm.one\/de\/","name":"UCM.ONE","description":"","publisher":{"@id":"https:\/\/ucm.one\/de\/#organization"},"potentialAction":[{"@type":"SearchAction","target":{"@type":"EntryPoint","urlTemplate":"https:\/\/ucm.one\/de\/?s={search_term_string}"},"query-input":{"@type":"PropertyValueSpecification","valueRequired":true,"valueName":"search_term_string"}}],"inLanguage":"de"},{"@type":"Organization","@id":"https:\/\/ucm.one\/de\/#organization","name":"UCM.ONE","url":"https:\/\/ucm.one\/de\/","logo":{"@type":"ImageObject","inLanguage":"de","@id":"https:\/\/ucm.one\/de\/#\/schema\/logo\/image\/","url":"https:\/\/ucm.one\/wp-content\/uploads\/2019\/10\/UCM.ONE-Logo-RGB.svg","contentUrl":"https:\/\/ucm.one\/wp-content\/uploads\/2019\/10\/UCM.ONE-Logo-RGB.svg","width":1,"height":1,"caption":"UCM.ONE"},"image":{"@id":"https:\/\/ucm.one\/de\/#\/schema\/logo\/image\/"}}]}},"_links":{"self":[{"href":"https:\/\/ucm.one\/de\/wp-json\/wp\/v2\/product\/61802","targetHints":{"allow":["GET"]}}],"collection":[{"href":"https:\/\/ucm.one\/de\/wp-json\/wp\/v2\/product"}],"about":[{"href":"https:\/\/ucm.one\/de\/wp-json\/wp\/v2\/types\/product"}],"replies":[{"embeddable":true,"href":"https:\/\/ucm.one\/de\/wp-json\/wp\/v2\/comments?post=61802"}],"wp:featuredmedia":[{"embeddable":true,"href":"https:\/\/ucm.one\/de\/wp-json\/wp\/v2\/media\/61808"}],"wp:attachment":[{"href":"https:\/\/ucm.one\/de\/wp-json\/wp\/v2\/media?parent=61802"}],"wp:term":[{"taxonomy":"product_brand","embeddable":true,"href":"https:\/\/ucm.one\/de\/wp-json\/wp\/v2\/product_brand?post=61802"},{"taxonomy":"product_cat","embeddable":true,"href":"https:\/\/ucm.one\/de\/wp-json\/wp\/v2\/product_cat?post=61802"},{"taxonomy":"product_tag","embeddable":true,"href":"https:\/\/ucm.one\/de\/wp-json\/wp\/v2\/product_tag?post=61802"}],"curies":[{"name":"wp","href":"https:\/\/api.w.org\/{rel}","templated":true}]}}