{"id":61418,"date":"2022-08-06T21:36:15","date_gmt":"2022-08-06T21:36:15","guid":{"rendered":"https:\/\/ucm.one\/?post_type=product&#038;p=61418"},"modified":"2024-03-12T08:22:28","modified_gmt":"2024-03-12T08:22:28","slug":"der-dritte-raum-hale-bopp-mutation-part-2","status":"publish","type":"product","link":"https:\/\/ucm.one\/de\/produkt\/der-dritte-raum-hale-bopp-mutation-part-2\/","title":{"rendered":"Der Dritte Raum &#8211; Hale Bopp Mutation (Part 2)"},"content":{"rendered":"<div class=\"wpb-content-wrapper\"><div class=\"wpb_text_column wpb_content_element \">\n<div class=\"wpb_wrapper\">\n<div class=\"\">\n<div class=\"wpb_text_column wpb_content_element \">\n<div class=\"wpb_wrapper\">\n<div class=\"wpb_text_column wpb_content_element \">\n<div class=\"wpb_wrapper\">\n<div class=\"\">\n<div class=\"wpb_text_column wpb_content_element \">\n<div class=\"wpb_wrapper\">\n<div class=\"\">\n<div class=\"\">\n<div class=\"wpb_text_column wpb_content_element \">\n<div class=\"wpb_wrapper\">\n<div class=\"wpb_text_column wpb_content_element \">\n<div class=\"wpb_wrapper\">\n<div class=\"\">\n<div class=\"wpb_text_column wpb_content_element \">\n<div class=\"wpb_wrapper\">\n<div class=\"\">\n<div class=\"\">\n<div class=\"vc_row wpb_row vc_row-fluid\">\n<div class=\"wpb_column vc_column_container vc_col-sm-12\">\n<div class=\"vc_column-inner\">\n<div class=\"wpb_wrapper\">\n<div class=\"wpb_text_column wpb_content_element \">\n<div class=\"wpb_wrapper\">\n<div class=\"\">\n<div class=\"\">\n<p>Ein Track, der Generationen von Produzenten und Millionen von Musikfans inspiriert und verbl\u00fcfft hat, verdient nicht nur jede Menge Respekt, sondern auch eine k\u00f6nigliche Behandlung, wenn es um eine Wiederver\u00f6ffentlichung geht. Also los geht&#8217;s, die neuen &#8222;<strong>Hale Bopp Mutation<\/strong>&#8222;-Ver\u00f6ffentlichungen mit der allerersten Version vom April 1997, zwei neuen Bearbeitungen und f\u00fcnf (!) neuen Remixen sind dabei, unsere Geh\u00f6rg\u00e4nge zu erreichen. Die Vinyl Edition ist in zwei Teile aufgeteilt. Hier geht es um Teil 2.<\/p>\n<\/div>\n<\/div>\n<\/div>\n<\/div>\n<\/div>\n<\/div>\n<\/div>\n<\/div>\n<\/div>\n<\/div>\n<\/div>\n<\/div>\n<\/div>\n<\/div>\n<\/div>\n<\/div>\n<\/div>\n<div class=\"wpb_text_column wpb_content_element \">\n<div class=\"wpb_wrapper\">\n<div class=\"wpb_text_column wpb_content_element \">\n<div class=\"wpb_wrapper\">\n<div class=\"\"><\/div>\n<\/div>\n<\/div>\n<\/div>\n<\/div>\n<\/div>\n<\/div>\n<\/div>\n<\/div>\n<\/div>\n<\/div>\n<\/div>\n<\/div>\n<\/div>\n<\/div>\n<\/div>\n<\/div>\n<div><div class=\"gap\" style=\"line-height: 20px; height: 20px;\"><\/div><\/div>\n<h5>Weitere Informationen<\/h5>\n<div>\n<div>\n<table style=\"height: 46px;width: 100%;border-collapse: collapse;border-color: #ffffff;background-color: #ffffff;border-style: hidden\">\n<tbody>\n<tr style=\"height: 23px;border-style: hidden;border-color: #ffffff;background-color: #ffffff\">\n<td style=\"width: 4.724409448818898%;height: 23px;border-style: hidden\">K\u00fcnstler:<\/td>\n<td style=\"width: 95.27559055118111%;height: 23px;border-style: hidden\"><a title=\"Der Dritte Raum | Harthouse\" href=\"https:\/\/ucm.one\/de\/tag\/der-dritte-raum\">Der Dritte Raum<\/a><\/td>\n<\/tr>\n<tr style=\"height: 23px\">\n<td style=\"width: 4.724409448818898%;height: 23px;border-style: hidden\">Label:<\/td>\n<td style=\"width: 95.27559055118111%;height: 23px;border-style: hidden\"><a title=\"Harthouse\" href=\"https:\/\/ucm.one\/de\/musik-labels\/harthouse\/\">Harthouse<\/a><\/td>\n<\/tr>\n<\/tbody>\n<\/table>\n<\/div>\n<div><\/div>\n<div><div class=\"gap\" style=\"line-height: 10px; height: 10px;\"><\/div><\/div>\n<div>\u2117 1998\u00a0<strong>Virgin \/ <span style=\"font-family: 'arial black', sans-serif\">EMI<\/span><\/strong>,\u00a0\u00a9 2022\u00a0<strong>Harthouse<\/strong> \/ <span style=\"font-family: 'arial black', sans-serif\"><strong>UCM.ONE<\/strong><\/span><\/div>\n<div><div class=\"gap\" style=\"line-height: 20px; height: 20px;\"><\/div><\/div>\n<div>\n<div><\/div>\n<div><div class=\"gap\" style=\"line-height: 10px; height: 10px;\"><\/div><\/div>\n<div><span style=\"color: #003a80\"><strong>\u27a0 <a style=\"color: #003a80\" title=\"\" href=\"https:\/\/ucm.one\/de\/produkt-kategorie\/art-de\/musik-de\/\">zum Shop<\/a><\/strong><\/span><\/div>\n<div><div class=\"gap\" style=\"line-height: 20px; height: 20px;\"><\/div><\/div>\n<\/div>\n<\/div>\n<\/div>","protected":false},"excerpt":{"rendered":"<p>Artist:\u00a0<a href=\"https:\/\/ucm.one\/de\/?s=%22Der+Dritte+Raum%22&amp;post_type=product\"><strong>Der Dritte Raum<\/strong><\/a><\/p>\n<p>Label:\u00a0<a href=\"https:\/\/ucm.one\/de\/produkt-kategorie\/label-musik-de\/harthouse-de\"><b>Harthouse<\/b><\/a><\/p>\n<p>Art:\u00a0<strong><a href=\"https:\/\/ucm.one\/de\/produkt-kategorie\/art-de\/musik-de\/\">Musik<\/a>\u00a0(EP)<\/strong><\/p>\n<p>Genres:\u00a0<b><a href=\"https:\/\/ucm.one\/de\/produkt-kategorie\/genre-musik-de\/dance-de\/techno-de\/\">Techno<\/a>,\u00a0<a href=\"https:\/\/ucm.one\/de\/produkt-kategorie\/genre-musik-de\/dance-de\/progressive-trance\/\">Progressive Trance<\/a><\/b><\/p>\n<p>Jahre: <strong>1998 &amp;\u00a02022<\/strong><\/p>\n<p>Format: <b>Vinyl (12&#8243;)<\/b><\/p>\n","protected":false},"featured_media":61420,"comment_status":"open","ping_status":"closed","template":"","meta":{"_acf_changed":false},"product_brand":[],"product_cat":[9857,10010,10318,9713,10322,9714,9755,9796,9797],"product_tag":[11266,11268,11269,10385,10386,10387,9799,10960,9805],"class_list":{"0":"post-61418","1":"product","2":"type-product","3":"status-publish","4":"has-post-thumbnail","6":"product_cat-dance-de","7":"product_cat-genre-musik-de","8":"product_cat-progressive-trance","9":"product_cat-musik-de","10":"product_cat-trance-de","11":"product_cat-vinyl-de","12":"product_cat-label-musik-de","13":"product_cat-harthouse-de","14":"product_cat-techno-de","15":"product_tag-progressive-trance","16":"product_tag-hale-bopp-mutation","17":"product_tag-hale-bopp","18":"product_tag-der-dritte-raum","19":"product_tag-the-third-room","20":"product_tag-andreas-krueger","21":"product_tag-harthouse","22":"product_tag-berlin","23":"product_tag-techno","24":"product_shipping_class-vinyl-2","25":"pa_format-12-black-vinyl","26":"description-off","28":"first","29":"outofstock","30":"taxable","31":"shipping-taxable","32":"purchasable","33":"product-type-simple"},"acf":[],"yoast_head":"<!-- This site is optimized with the Yoast SEO plugin v27.2 - https:\/\/yoast.com\/product\/yoast-seo-wordpress\/ -->\n<title>Der Dritte Raum - Hale Bopp Mutation (Part 2)<\/title>\n<meta name=\"description\" content=\"Shop | Der Dritte Raum - Hale Bopp Mutation (Part 2) | 1998 &amp; 2022 | Harthouse | Vinyl (12&quot;)\" \/>\n<meta name=\"robots\" content=\"index, follow, max-snippet:-1, max-image-preview:large, max-video-preview:-1\" \/>\n<link rel=\"canonical\" href=\"https:\/\/ucm.one\/de\/produkt\/der-dritte-raum-hale-bopp-mutation-part-2\/\" \/>\n<meta property=\"og:locale\" content=\"de_DE\" \/>\n<meta property=\"og:type\" content=\"article\" \/>\n<meta property=\"og:title\" content=\"Der Dritte Raum - Hale Bopp Mutation (Part 2)\" \/>\n<meta property=\"og:description\" content=\"Shop | Der Dritte Raum - Hale Bopp Mutation (Part 2) | 1998 &amp; 2022 | Harthouse | Vinyl (12&quot;)\" \/>\n<meta property=\"og:url\" content=\"https:\/\/ucm.one\/de\/produkt\/der-dritte-raum-hale-bopp-mutation-part-2\/\" \/>\n<meta property=\"og:site_name\" content=\"UCM.ONE\" \/>\n<meta property=\"article:modified_time\" content=\"2024-03-12T08:22:28+00:00\" \/>\n<meta property=\"og:image\" content=\"https:\/\/ucm.one\/wp-content\/uploads\/2021\/12\/C-Der-Dritte-Raum-Hale-Bopp-Mutation-2.jpg\" \/>\n<meta name=\"twitter:card\" content=\"summary_large_image\" \/>\n<meta name=\"twitter:title\" content=\"Der Dritte Raum - Hale Bopp Mutation (Part 2)\" \/>\n<meta name=\"twitter:description\" content=\"Shop | Der Dritte Raum - Hale Bopp Mutation (Part 2) | 1998 &amp; 2022 | Harthouse | Vinyl (12&quot;)\" \/>\n<meta name=\"twitter:image\" content=\"https:\/\/ucm.one\/wp-content\/uploads\/2021\/12\/C-Der-Dritte-Raum-Hale-Bopp-Mutation-2.jpg\" \/>\n<meta name=\"twitter:label1\" content=\"Gesch\u00e4tzte Lesezeit\" \/>\n\t<meta name=\"twitter:data1\" content=\"1\u00a0Minute\" \/>\n<!-- \/ Yoast SEO plugin. -->","yoast_head_json":{"title":"Der Dritte Raum - Hale Bopp Mutation (Part 2)","description":"Shop | Der Dritte Raum - Hale Bopp Mutation (Part 2) | 1998 & 2022 | Harthouse | Vinyl (12\")","robots":{"index":"index","follow":"follow","max-snippet":"max-snippet:-1","max-image-preview":"max-image-preview:large","max-video-preview":"max-video-preview:-1"},"canonical":"https:\/\/ucm.one\/de\/produkt\/der-dritte-raum-hale-bopp-mutation-part-2\/","og_locale":"de_DE","og_type":"article","og_title":"Der Dritte Raum - Hale Bopp Mutation (Part 2)","og_description":"Shop | Der Dritte Raum - Hale Bopp Mutation (Part 2) | 1998 & 2022 | Harthouse | Vinyl (12\")","og_url":"https:\/\/ucm.one\/de\/produkt\/der-dritte-raum-hale-bopp-mutation-part-2\/","og_site_name":"UCM.ONE","article_modified_time":"2024-03-12T08:22:28+00:00","og_image":[{"url":"https:\/\/ucm.one\/wp-content\/uploads\/2021\/12\/C-Der-Dritte-Raum-Hale-Bopp-Mutation-2.jpg","type":"","width":"","height":""}],"twitter_card":"summary_large_image","twitter_title":"Der Dritte Raum - Hale Bopp Mutation (Part 2)","twitter_description":"Shop | Der Dritte Raum - Hale Bopp Mutation (Part 2) | 1998 & 2022 | Harthouse | Vinyl (12\")","twitter_image":"https:\/\/ucm.one\/wp-content\/uploads\/2021\/12\/C-Der-Dritte-Raum-Hale-Bopp-Mutation-2.jpg","twitter_misc":{"Gesch\u00e4tzte Lesezeit":"1\u00a0Minute"},"schema":{"@context":"https:\/\/schema.org","@graph":[{"@type":"WebPage","@id":"https:\/\/ucm.one\/de\/produkt\/der-dritte-raum-hale-bopp-mutation-part-2\/","url":"https:\/\/ucm.one\/de\/produkt\/der-dritte-raum-hale-bopp-mutation-part-2\/","name":"Der Dritte Raum - Hale Bopp Mutation (Part 2)","isPartOf":{"@id":"https:\/\/ucm.one\/de\/#website"},"primaryImageOfPage":{"@id":"https:\/\/ucm.one\/de\/produkt\/der-dritte-raum-hale-bopp-mutation-part-2\/#primaryimage"},"image":{"@id":"https:\/\/ucm.one\/de\/produkt\/der-dritte-raum-hale-bopp-mutation-part-2\/#primaryimage"},"thumbnailUrl":"https:\/\/ucm.one\/wp-content\/uploads\/2021\/12\/C-Der-Dritte-Raum-Hale-Bopp-Mutation-2.jpg","datePublished":"2022-08-06T21:36:15+00:00","dateModified":"2024-03-12T08:22:28+00:00","description":"Shop | Der Dritte Raum - Hale Bopp Mutation (Part 2) | 1998 & 2022 | Harthouse | Vinyl (12\")","breadcrumb":{"@id":"https:\/\/ucm.one\/de\/produkt\/der-dritte-raum-hale-bopp-mutation-part-2\/#breadcrumb"},"inLanguage":"de","potentialAction":[{"@type":"ReadAction","target":["https:\/\/ucm.one\/de\/produkt\/der-dritte-raum-hale-bopp-mutation-part-2\/"]}]},{"@type":"ImageObject","inLanguage":"de","@id":"https:\/\/ucm.one\/de\/produkt\/der-dritte-raum-hale-bopp-mutation-part-2\/#primaryimage","url":"https:\/\/ucm.one\/wp-content\/uploads\/2021\/12\/C-Der-Dritte-Raum-Hale-Bopp-Mutation-2.jpg","contentUrl":"https:\/\/ucm.one\/wp-content\/uploads\/2021\/12\/C-Der-Dritte-Raum-Hale-Bopp-Mutation-2.jpg","width":1000,"height":1000},{"@type":"BreadcrumbList","@id":"https:\/\/ucm.one\/de\/produkt\/der-dritte-raum-hale-bopp-mutation-part-2\/#breadcrumb","itemListElement":[{"@type":"ListItem","position":1,"name":"Home","item":"https:\/\/ucm.one\/de\/"},{"@type":"ListItem","position":2,"name":"Shop","item":"https:\/\/ucm.one\/de\/shop\/"},{"@type":"ListItem","position":3,"name":"Der Dritte Raum &#8211; Hale Bopp Mutation (Part 2)"}]},{"@type":"WebSite","@id":"https:\/\/ucm.one\/de\/#website","url":"https:\/\/ucm.one\/de\/","name":"UCM.ONE","description":"","publisher":{"@id":"https:\/\/ucm.one\/de\/#organization"},"potentialAction":[{"@type":"SearchAction","target":{"@type":"EntryPoint","urlTemplate":"https:\/\/ucm.one\/de\/?s={search_term_string}"},"query-input":{"@type":"PropertyValueSpecification","valueRequired":true,"valueName":"search_term_string"}}],"inLanguage":"de"},{"@type":"Organization","@id":"https:\/\/ucm.one\/de\/#organization","name":"UCM.ONE","url":"https:\/\/ucm.one\/de\/","logo":{"@type":"ImageObject","inLanguage":"de","@id":"https:\/\/ucm.one\/de\/#\/schema\/logo\/image\/","url":"https:\/\/ucm.one\/wp-content\/uploads\/2019\/10\/UCM.ONE-Logo-RGB.svg","contentUrl":"https:\/\/ucm.one\/wp-content\/uploads\/2019\/10\/UCM.ONE-Logo-RGB.svg","width":1,"height":1,"caption":"UCM.ONE"},"image":{"@id":"https:\/\/ucm.one\/de\/#\/schema\/logo\/image\/"}}]}},"_links":{"self":[{"href":"https:\/\/ucm.one\/de\/wp-json\/wp\/v2\/product\/61418","targetHints":{"allow":["GET"]}}],"collection":[{"href":"https:\/\/ucm.one\/de\/wp-json\/wp\/v2\/product"}],"about":[{"href":"https:\/\/ucm.one\/de\/wp-json\/wp\/v2\/types\/product"}],"replies":[{"embeddable":true,"href":"https:\/\/ucm.one\/de\/wp-json\/wp\/v2\/comments?post=61418"}],"wp:featuredmedia":[{"embeddable":true,"href":"https:\/\/ucm.one\/de\/wp-json\/wp\/v2\/media\/61420"}],"wp:attachment":[{"href":"https:\/\/ucm.one\/de\/wp-json\/wp\/v2\/media?parent=61418"}],"wp:term":[{"taxonomy":"product_brand","embeddable":true,"href":"https:\/\/ucm.one\/de\/wp-json\/wp\/v2\/product_brand?post=61418"},{"taxonomy":"product_cat","embeddable":true,"href":"https:\/\/ucm.one\/de\/wp-json\/wp\/v2\/product_cat?post=61418"},{"taxonomy":"product_tag","embeddable":true,"href":"https:\/\/ucm.one\/de\/wp-json\/wp\/v2\/product_tag?post=61418"}],"curies":[{"name":"wp","href":"https:\/\/api.w.org\/{rel}","templated":true}]}}