{"id":60730,"date":"2021-08-16T16:30:23","date_gmt":"2021-08-16T16:30:23","guid":{"rendered":"https:\/\/ucm.one\/?post_type=product&#038;p=60730"},"modified":"2023-06-18T22:22:02","modified_gmt":"2023-06-18T22:22:02","slug":"boris-brejcha-my-name-is","status":"publish","type":"product","link":"https:\/\/ucm.one\/de\/produkt\/boris-brejcha-my-name-is\/","title":{"rendered":"Boris Brejcha &#8211; My Name Is"},"content":{"rendered":"<div class=\"wpb_text_column wpb_content_element \">\n<div class=\"wpb_wrapper\">\n<div class=\"\">\n<div class=\"wpb_text_column wpb_content_element \">\n<div class=\"wpb_wrapper\">\n<div class=\"wpb_text_column wpb_content_element \">\n<div class=\"wpb_wrapper\">\n<p>Sounddesign von einem anderen Planeten, funktionale, intelligente Arrangements, clevere Elemente zwischen \u201cHandmade\u201d und Kinoformat und immer wieder \u00fcberraschende Ideen pr\u00e4gen die Musik des Ausnahmetalents <strong>Boris Brejcha<\/strong>. Er ist einer der produktivsten Musiker unserer Zeit und trotz der scheinbar kurzen Intervalle zwischen seinen Ver\u00f6ffentlichungen klingen seine Tracks nicht nach Flie\u00dfbandarbeit, die nach einem bestimmten Schema angelegt ist. Vielfalt und Individualit\u00e4t sind Brejchas Markenzeichen und doch erkennt man seine Handschrift vor allem an den abwechslungsreichen Arrangements, in denen kein Bruch dem anderen gleicht.<\/p>\n<\/div>\n<\/div>\n<\/div>\n<\/div>\n<\/div>\n<\/div>\n<\/div>\n<div><div class=\"gap\" style=\"line-height: 20px; height: 20px;\"><\/div><\/div>\n<h5>Weitere Informationen<\/h5>\n<div>\n<div>\n<table style=\"height: 46px; width: 100%; border-collapse: collapse; border-color: #ffffff; background-color: #ffffff; border-style: hidden;\">\n<tbody>\n<tr style=\"height: 23px; border-style: hidden; border-color: #ffffff; background-color: #ffffff;\">\n<td style=\"width: 4.701195219123506%; height: 23px; border-style: hidden;\">K\u00fcnstler:<\/td>\n<td style=\"width: 95.29880478087651%; height: 23px; border-style: hidden;\"><a title=\"Boris Brejcha | Harthouse\" href=\"https:\/\/ucm.one\/de\/tag\/boris-brejcha\">Boris Brejcha <\/a><\/td>\n<\/tr>\n<tr style=\"height: 23px;\">\n<td style=\"width: 4.701195219123506%; height: 23px; border-style: hidden;\">Label:<\/td>\n<td style=\"width: 95.29880478087651%; height: 23px; border-style: hidden;\"><a title=\"Harthouse\" href=\"https:\/\/ucm.one\/de\/musik-labels\/harthouse\/\">Harthouse<\/a><\/td>\n<\/tr>\n<\/tbody>\n<\/table>\n<\/div>\n<div><\/div>\n<div><div class=\"gap\" style=\"line-height: 10px; height: 10px;\"><\/div><\/div>\n<div>\u2117 2010\u00a0<strong>Harthouse Mannheim \/ daredo<\/strong>,\u00a0\u00a9 2022\u00a0<strong>Harthouse<\/strong> \/ <span style=\"font-family: 'arial black', sans-serif;\"><strong>UCM.ONE<\/strong><\/span><\/div>\n<div><div class=\"gap\" style=\"line-height: 20px; height: 20px;\"><\/div><\/div>\n<div><\/div>\n<div>\n<div><div class=\"gap\" style=\"line-height: 10px; height: 10px;\"><\/div><\/div>\n<div><span style=\"color: #003a80;\"><strong>\u27a0 <a style=\"color: #003a80;\" title=\"\" href=\"https:\/\/ucm.one\/de\/produkt-kategorie\/art-de\/musik-de\/\">zum Shop<\/a><\/strong><\/span><\/div>\n<div><div class=\"gap\" style=\"line-height: 20px; height: 20px;\"><\/div><\/div>\n<\/div>\n<\/div>\n","protected":false},"excerpt":{"rendered":"<p>Artist: <strong><a title=\"\" href=\"https:\/\/ucm.one\/de\/?s=Boris+Brejcha&amp;post_type=product\">Boris Brejcha<\/a><\/strong><\/p>\n<p>Label:\u00a0<a href=\"https:\/\/ucm.one\/de\/produkt-kategorie\/label-musik-de\/harthouse-de\"><b>Harthouse<\/b><\/a><\/p>\n<p>Art:\u00a0<strong><a href=\"https:\/\/ucm.one\/de\/produkt-kategorie\/art-de\/musik-de\/\">Musik<\/a>\u00a0(Album)<\/strong><\/p>\n<p>Genres:\u00a0<b><a href=\"https:\/\/ucm.one\/de\/produkt-kategorie\/genre-musik-de\/dance-de\/techno-de\/\">Techno<\/a>,\u00a0<a title=\"\" href=\"https:\/\/ucm.one\/de\/produkt-kategorie\/genre-musik-de\/dance-de\/minimal-de\">Minimal<\/a><\/b><\/p>\n<p>Jahre: <strong>2010 &amp; 2021<\/strong><\/p>\n<p>Formate: <strong>Diverse<\/strong><\/p>\n","protected":false},"featured_media":55704,"comment_status":"open","ping_status":"closed","template":"","meta":{"_acf_changed":false},"product_brand":[],"product_cat":[9713,9813,9714,10320,9796,9797],"product_tag":[9799,9805,9806,9869,9870,9760,11199,9798],"class_list":{"0":"post-60730","1":"product","2":"type-product","3":"status-publish","4":"has-post-thumbnail","6":"product_cat-musik-de","7":"product_cat-cd-de","8":"product_cat-vinyl-de","9":"product_cat-minimal-de","10":"product_cat-harthouse-de","11":"product_cat-techno-de","12":"product_tag-harthouse","13":"product_tag-techno","14":"product_tag-vinyl","15":"product_tag-splatter","16":"product_tag-dance","17":"product_tag-cd","18":"product_tag-my-name-is","19":"product_tag-boris-brejcha","20":"pa_format-cd","21":"pa_format-splatter-vinyl","22":"description-off","24":"first","25":"instock","26":"taxable","27":"shipping-taxable","28":"purchasable","29":"product-type-variable"},"acf":[],"yoast_head":"<!-- This site is optimized with the Yoast SEO plugin v27.2 - https:\/\/yoast.com\/product\/yoast-seo-wordpress\/ -->\n<title>Boris Brejcha - Die Maschinen kontrollieren uns<\/title>\n<meta name=\"description\" content=\"Shop | Boris Brejcha - Die Maschinen kontrollieren uns | 2010 + 2021 | Harthouse | CD, 2xLP (Splatter Vinyl)\" \/>\n<meta name=\"robots\" content=\"index, follow, max-snippet:-1, max-image-preview:large, max-video-preview:-1\" \/>\n<link rel=\"canonical\" href=\"https:\/\/ucm.one\/de\/produkt\/boris-brejcha-my-name-is\/\" \/>\n<meta property=\"og:locale\" content=\"de_DE\" \/>\n<meta property=\"og:type\" content=\"article\" \/>\n<meta property=\"og:title\" content=\"Boris Brejcha - Die Maschinen kontrollieren uns\" \/>\n<meta property=\"og:description\" content=\"Shop | Boris Brejcha - Die Maschinen kontrollieren uns | 2010 + 2021 | Harthouse | CD, 2xLP (Splatter Vinyl)\" \/>\n<meta property=\"og:url\" content=\"https:\/\/ucm.one\/de\/produkt\/boris-brejcha-my-name-is\/\" \/>\n<meta property=\"og:site_name\" content=\"UCM.ONE\" \/>\n<meta property=\"article:modified_time\" content=\"2023-06-18T22:22:02+00:00\" \/>\n<meta property=\"og:image\" content=\"https:\/\/ucm.one\/wp-content\/uploads\/2021\/07\/C-Boris-Brejcha-My-Name-is.jpg\" \/>\n<meta name=\"twitter:card\" content=\"summary_large_image\" \/>\n<meta name=\"twitter:title\" content=\"Boris Brejcha - Die Maschinen kontrollieren uns\" \/>\n<meta name=\"twitter:description\" content=\"Shop | Boris Brejcha - Die Maschinen kontrollieren uns | 2010 + 2021 | Harthouse | CD, 2xLP (Splatter Vinyl)\" \/>\n<meta name=\"twitter:image\" content=\"https:\/\/ucm.one\/wp-content\/uploads\/2021\/07\/C-Boris-Brejcha-My-Name-is.jpg\" \/>\n<meta name=\"twitter:label1\" content=\"Gesch\u00e4tzte Lesezeit\" \/>\n\t<meta name=\"twitter:data1\" content=\"1\u00a0Minute\" \/>\n<!-- \/ Yoast SEO plugin. -->","yoast_head_json":{"title":"Boris Brejcha - Die Maschinen kontrollieren uns","description":"Shop | Boris Brejcha - Die Maschinen kontrollieren uns | 2010 + 2021 | Harthouse | CD, 2xLP (Splatter Vinyl)","robots":{"index":"index","follow":"follow","max-snippet":"max-snippet:-1","max-image-preview":"max-image-preview:large","max-video-preview":"max-video-preview:-1"},"canonical":"https:\/\/ucm.one\/de\/produkt\/boris-brejcha-my-name-is\/","og_locale":"de_DE","og_type":"article","og_title":"Boris Brejcha - Die Maschinen kontrollieren uns","og_description":"Shop | Boris Brejcha - Die Maschinen kontrollieren uns | 2010 + 2021 | Harthouse | CD, 2xLP (Splatter Vinyl)","og_url":"https:\/\/ucm.one\/de\/produkt\/boris-brejcha-my-name-is\/","og_site_name":"UCM.ONE","article_modified_time":"2023-06-18T22:22:02+00:00","og_image":[{"url":"https:\/\/ucm.one\/wp-content\/uploads\/2021\/07\/C-Boris-Brejcha-My-Name-is.jpg","type":"","width":"","height":""}],"twitter_card":"summary_large_image","twitter_title":"Boris Brejcha - Die Maschinen kontrollieren uns","twitter_description":"Shop | Boris Brejcha - Die Maschinen kontrollieren uns | 2010 + 2021 | Harthouse | CD, 2xLP (Splatter Vinyl)","twitter_image":"https:\/\/ucm.one\/wp-content\/uploads\/2021\/07\/C-Boris-Brejcha-My-Name-is.jpg","twitter_misc":{"Gesch\u00e4tzte Lesezeit":"1\u00a0Minute"},"schema":{"@context":"https:\/\/schema.org","@graph":[{"@type":"WebPage","@id":"https:\/\/ucm.one\/de\/produkt\/boris-brejcha-my-name-is\/","url":"https:\/\/ucm.one\/de\/produkt\/boris-brejcha-my-name-is\/","name":"Boris Brejcha - Die Maschinen kontrollieren uns","isPartOf":{"@id":"https:\/\/ucm.one\/de\/#website"},"primaryImageOfPage":{"@id":"https:\/\/ucm.one\/de\/produkt\/boris-brejcha-my-name-is\/#primaryimage"},"image":{"@id":"https:\/\/ucm.one\/de\/produkt\/boris-brejcha-my-name-is\/#primaryimage"},"thumbnailUrl":"https:\/\/ucm.one\/wp-content\/uploads\/2021\/07\/C-Boris-Brejcha-My-Name-is.jpg","datePublished":"2021-08-16T16:30:23+00:00","dateModified":"2023-06-18T22:22:02+00:00","description":"Shop | Boris Brejcha - Die Maschinen kontrollieren uns | 2010 + 2021 | Harthouse | CD, 2xLP (Splatter Vinyl)","breadcrumb":{"@id":"https:\/\/ucm.one\/de\/produkt\/boris-brejcha-my-name-is\/#breadcrumb"},"inLanguage":"de","potentialAction":[{"@type":"ReadAction","target":["https:\/\/ucm.one\/de\/produkt\/boris-brejcha-my-name-is\/"]}]},{"@type":"ImageObject","inLanguage":"de","@id":"https:\/\/ucm.one\/de\/produkt\/boris-brejcha-my-name-is\/#primaryimage","url":"https:\/\/ucm.one\/wp-content\/uploads\/2021\/07\/C-Boris-Brejcha-My-Name-is.jpg","contentUrl":"https:\/\/ucm.one\/wp-content\/uploads\/2021\/07\/C-Boris-Brejcha-My-Name-is.jpg","width":1000,"height":1000},{"@type":"BreadcrumbList","@id":"https:\/\/ucm.one\/de\/produkt\/boris-brejcha-my-name-is\/#breadcrumb","itemListElement":[{"@type":"ListItem","position":1,"name":"Home","item":"https:\/\/ucm.one\/de\/"},{"@type":"ListItem","position":2,"name":"Shop","item":"https:\/\/ucm.one\/de\/shop\/"},{"@type":"ListItem","position":3,"name":"Boris Brejcha &#8211; My Name Is"}]},{"@type":"WebSite","@id":"https:\/\/ucm.one\/de\/#website","url":"https:\/\/ucm.one\/de\/","name":"UCM.ONE","description":"","publisher":{"@id":"https:\/\/ucm.one\/de\/#organization"},"potentialAction":[{"@type":"SearchAction","target":{"@type":"EntryPoint","urlTemplate":"https:\/\/ucm.one\/de\/?s={search_term_string}"},"query-input":{"@type":"PropertyValueSpecification","valueRequired":true,"valueName":"search_term_string"}}],"inLanguage":"de"},{"@type":"Organization","@id":"https:\/\/ucm.one\/de\/#organization","name":"UCM.ONE","url":"https:\/\/ucm.one\/de\/","logo":{"@type":"ImageObject","inLanguage":"de","@id":"https:\/\/ucm.one\/de\/#\/schema\/logo\/image\/","url":"https:\/\/ucm.one\/wp-content\/uploads\/2019\/10\/UCM.ONE-Logo-RGB.svg","contentUrl":"https:\/\/ucm.one\/wp-content\/uploads\/2019\/10\/UCM.ONE-Logo-RGB.svg","width":1,"height":1,"caption":"UCM.ONE"},"image":{"@id":"https:\/\/ucm.one\/de\/#\/schema\/logo\/image\/"}}]}},"_links":{"self":[{"href":"https:\/\/ucm.one\/de\/wp-json\/wp\/v2\/product\/60730","targetHints":{"allow":["GET"]}}],"collection":[{"href":"https:\/\/ucm.one\/de\/wp-json\/wp\/v2\/product"}],"about":[{"href":"https:\/\/ucm.one\/de\/wp-json\/wp\/v2\/types\/product"}],"replies":[{"embeddable":true,"href":"https:\/\/ucm.one\/de\/wp-json\/wp\/v2\/comments?post=60730"}],"wp:featuredmedia":[{"embeddable":true,"href":"https:\/\/ucm.one\/de\/wp-json\/wp\/v2\/media\/55704"}],"wp:attachment":[{"href":"https:\/\/ucm.one\/de\/wp-json\/wp\/v2\/media?parent=60730"}],"wp:term":[{"taxonomy":"product_brand","embeddable":true,"href":"https:\/\/ucm.one\/de\/wp-json\/wp\/v2\/product_brand?post=60730"},{"taxonomy":"product_cat","embeddable":true,"href":"https:\/\/ucm.one\/de\/wp-json\/wp\/v2\/product_cat?post=60730"},{"taxonomy":"product_tag","embeddable":true,"href":"https:\/\/ucm.one\/de\/wp-json\/wp\/v2\/product_tag?post=60730"}],"curies":[{"name":"wp","href":"https:\/\/api.w.org\/{rel}","templated":true}]}}