{"id":60374,"date":"2021-12-14T00:15:09","date_gmt":"2021-12-14T00:15:09","guid":{"rendered":"https:\/\/ucm.one\/?post_type=product&#038;p=60374"},"modified":"2023-06-18T13:07:06","modified_gmt":"2023-06-18T13:07:06","slug":"the-cage-die-letzten-ueberlebenden","status":"publish","type":"product","link":"https:\/\/ucm.one\/de\/produkt\/the-cage-die-letzten-ueberlebenden\/","title":{"rendered":"The Cage &#8211; Die letzten \u00dcberlebenden"},"content":{"rendered":"<div class=\"wpb_text_column wpb_content_element \">\n<div class=\"wpb_wrapper\">\n<div class=\"\">\n<div class=\"wpb_text_column wpb_content_element \">\n<div class=\"wpb_wrapper\">\n<p>Nachdem die Menschheit von Aliens nahezu ausgel\u00f6scht worden ist, scheint es nur noch zwei Menschen zu geben: Eva (<strong>Karina Vel\u00e1squez<\/strong>) und Fausto (<strong>Juvel Vielma<\/strong>). Beide leben seit der Invasion am Rande der Ruinen einer ehemaligen Gro\u00dfstadt, inmitten der inzwischen zur\u00fcckkehrenden Wildnis. Nur Fausto wagt sich hin und wieder in die Stadt, um nach lebensnotwendigen Dingen zu suchen. Kein ungef\u00e4hrliches Unterfangen, denn die Raumschiffe und Drohnen der Invasoren stehen \u00fcberall am Himmel und scannen die Umgebung permanent nach \u00dcberlebenden. Eines Tages wird die gewohnte Routine unerwartet durch die Ankunft einer dritten \u00dcberlebenden, der mysteri\u00f6sen Dafne (<strong>Ananda Troconis<\/strong>), unterbrochen. Doch Dafne bringt nicht nur ein neues positives Lebensgef\u00fchl zur\u00fcck, sondern scheint selbst Teil eines gr\u00f6\u00dferen Plans zu sein, die Menschheit zu retten.<\/p>\n<\/div>\n<\/div>\n<\/div>\n<\/div>\n<\/div>\n<div><div class=\"gap\" style=\"line-height: 20px; height: 20px;\"><\/div><\/div>\n<h5>Weitere Informationen<\/h5>\n<div>\n<div>\n<table style=\"height: 46px; width: 100%; border-collapse: collapse; border-color: #ffffff; background-color: #ffffff; border-style: hidden;\">\n<tbody>\n<tr style=\"height: 23px; border-style: hidden; border-color: #ffffff; background-color: #ffffff;\">\n<td style=\"width: 4.701195219123506%; height: 23px; border-style: hidden;\">Film:<\/td>\n<td style=\"width: 95.29880478087651%; height: 23px; border-style: hidden;\"><a title=\"\u201cThe Cage \u2013 Die letzten \u00dcberlebenden\u201d von Jos\u00e9 Salaverr\u00eda ab heute physisch und digital erh\u00e4ltlich\" href=\"https:\/\/ucm.one\/de\/the-cage-die-letzten-ueberlebenden\/\">The Cage &#8211; Die letzten \u00dcberlebenden<\/a><\/td>\n<\/tr>\n<tr style=\"height: 23px;\">\n<td style=\"width: 4.701195219123506%; height: 23px; border-style: hidden;\">Label:<\/td>\n<td style=\"width: 95.29880478087651%; height: 23px; border-style: hidden;\"><a title=\"U1 Films Berlin\" href=\"https:\/\/ucm.one\/de\/film-labels\/u1-films-berlin\/\">U1 Films Berlin<\/a><\/td>\n<\/tr>\n<\/tbody>\n<\/table>\n<\/div>\n<div><\/div>\n<\/div>\n<div>\n<div><div class=\"gap\" style=\"line-height: 10px; height: 10px;\"><\/div><\/div>\n<div>\u2117 2018\u00a0<strong>Cinestesia Media<\/strong>, \u00a9 2021\u00a0<strong>U1 Films Berlin<\/strong> \/ <span style=\"font-family: 'arial black', sans-serif;\"><strong>UCM.ONE<\/strong><\/span><\/div>\n<div><div class=\"gap\" style=\"line-height: 20px; height: 20px;\"><\/div><\/div>\n<div>\n<div><\/div>\n<div>\n<div><div class=\"gap\" style=\"line-height: 10px; height: 10px;\"><\/div><\/div>\n<div><span style=\"color: #003a80;\"><strong>\u27a0 <a style=\"color: #003a80;\" href=\"https:\/\/ucm.one\/de\/produkt-kategorie\/art-de\/filme-de\/\">zum Shop<\/a><\/strong><\/span><\/div>\n<div><div class=\"gap\" style=\"line-height: 20px; height: 20px;\"><\/div><\/div>\n<\/div>\n<\/div>\n<\/div>\n<div><\/div>\n","protected":false},"excerpt":{"rendered":"<p>Regie:\u00a0<a href=\"https:\/\/ucm.one\/de\/?s=%22Jos\u00e9+Salaverr%C3%ADa%22&amp;post_type=product\"><strong>Jos\u00e9 Salaverr\u00eda<\/strong><\/a><\/p>\n<p>Label: <a href=\"https:\/\/ucm.one\/de\/produkt-kategorie\/label-film-de\/u1-films-berlin-de\/\"><strong>U1 Films Berlin<\/strong><\/a><\/p>\n<p>Art:\u00a0<strong><a href=\"https:\/\/ucm.one\/de\/produkt-kategorie\/art-de\/filme-de\/\">Film<\/a> (Spielfilm)<\/strong><\/p>\n<p>Genres:\u00a0<b><a href=\"https:\/\/ucm.one\/de\/produkt-kategorie\/genre-film-de\/science-fiction-de\/\">Science-Fiction<\/a>, <a href=\"https:\/\/ucm.one\/de\/produkt-kategorie\/genre-film-de\/mystery-de\/\">Mystery<\/a><\/b><\/p>\n<p>Jahr: <strong>2018<\/strong><\/p>\n<p>FSK: <strong>16<\/strong><\/p>\n<p>Formate: <strong>Diverse<\/strong><\/p>\n","protected":false},"featured_media":60377,"comment_status":"open","ping_status":"closed","template":"","meta":{"_acf_changed":false},"product_brand":[],"product_cat":[10329,10331,10332,10340,10354,13156,9708],"product_tag":[11035,11036,11037,11038,11039,11040,11041,11026,11042,11027,11033,11034],"class_list":{"0":"post-60374","1":"product","2":"type-product","3":"status-publish","4":"has-post-thumbnail","6":"product_cat-mystery-de","7":"product_cat-dvd-de","8":"product_cat-blu-ray-de","9":"product_cat-u1-films-berlin-de","10":"product_cat-science-fiction-de","11":"product_cat-arthouse-de","12":"product_cat-filme-de","13":"product_tag-die-letzten-ueberlebenden","14":"product_tag-venezuela","15":"product_tag-la-jaula","16":"product_tag-aliens","17":"product_tag-invasion","18":"product_tag-karina-velasquez","19":"product_tag-ananda-troconis","20":"product_tag-u1-films-berlin","21":"product_tag-juvel-vielma","22":"product_tag-science-fiction","23":"product_tag-the-cage","24":"product_tag-jose-salaverria","25":"pa_format-dvd","26":"pa_format-blu-ray-de","27":"description-off","29":"first","30":"instock","31":"taxable","32":"shipping-taxable","33":"purchasable","34":"product-type-variable"},"acf":[],"yoast_head":"<!-- This site is optimized with the Yoast SEO plugin v27.2 - https:\/\/yoast.com\/product\/yoast-seo-wordpress\/ -->\n<title>The Cage - Die letzten \u00dcberlebenden<\/title>\n<meta name=\"description\" content=\"Shop | The Cage - Die letzten \u00dcberlebenden | 2021 | U1 Films Berlin | Blu-Ray, DVD | FSK 16\" \/>\n<meta name=\"robots\" content=\"index, follow, max-snippet:-1, max-image-preview:large, max-video-preview:-1\" \/>\n<link rel=\"canonical\" href=\"https:\/\/ucm.one\/de\/produkt\/the-cage-die-letzten-ueberlebenden\/\" \/>\n<meta property=\"og:locale\" content=\"de_DE\" \/>\n<meta property=\"og:type\" content=\"article\" \/>\n<meta property=\"og:title\" content=\"The Cage - Die letzten \u00dcberlebenden\" \/>\n<meta property=\"og:description\" content=\"Shop | The Cage - Die letzten \u00dcberlebenden | 2021 | U1 Films Berlin | Blu-Ray, DVD | FSK 16\" \/>\n<meta property=\"og:url\" content=\"https:\/\/ucm.one\/de\/produkt\/the-cage-die-letzten-ueberlebenden\/\" \/>\n<meta property=\"og:site_name\" content=\"UCM.ONE\" \/>\n<meta property=\"article:modified_time\" content=\"2023-06-18T13:07:06+00:00\" \/>\n<meta property=\"og:image\" content=\"https:\/\/ucm.one\/wp-content\/uploads\/2021\/12\/C-The-Cage-DVD-FSK16.jpg\" \/>\n<meta name=\"twitter:card\" content=\"summary_large_image\" \/>\n<meta name=\"twitter:title\" content=\"The Cage - Die letzten \u00dcberlebenden\" \/>\n<meta name=\"twitter:description\" content=\"Shop | The Cage - Die letzten \u00dcberlebenden | 2021 | U1 Films Berlin | Blu-Ray, DVD | FSK 16\" \/>\n<meta name=\"twitter:image\" content=\"https:\/\/ucm.one\/wp-content\/uploads\/2021\/12\/C-The-Cage-DVD-FSK16.jpg\" \/>\n<meta name=\"twitter:label1\" content=\"Gesch\u00e4tzte Lesezeit\" \/>\n\t<meta name=\"twitter:data1\" content=\"1\u00a0Minute\" \/>\n<!-- \/ Yoast SEO plugin. -->","yoast_head_json":{"title":"The Cage - Die letzten \u00dcberlebenden","description":"Shop | The Cage - Die letzten \u00dcberlebenden | 2021 | U1 Films Berlin | Blu-Ray, DVD | FSK 16","robots":{"index":"index","follow":"follow","max-snippet":"max-snippet:-1","max-image-preview":"max-image-preview:large","max-video-preview":"max-video-preview:-1"},"canonical":"https:\/\/ucm.one\/de\/produkt\/the-cage-die-letzten-ueberlebenden\/","og_locale":"de_DE","og_type":"article","og_title":"The Cage - Die letzten \u00dcberlebenden","og_description":"Shop | The Cage - Die letzten \u00dcberlebenden | 2021 | U1 Films Berlin | Blu-Ray, DVD | FSK 16","og_url":"https:\/\/ucm.one\/de\/produkt\/the-cage-die-letzten-ueberlebenden\/","og_site_name":"UCM.ONE","article_modified_time":"2023-06-18T13:07:06+00:00","og_image":[{"url":"https:\/\/ucm.one\/wp-content\/uploads\/2021\/12\/C-The-Cage-DVD-FSK16.jpg","type":"","width":"","height":""}],"twitter_card":"summary_large_image","twitter_title":"The Cage - Die letzten \u00dcberlebenden","twitter_description":"Shop | The Cage - Die letzten \u00dcberlebenden | 2021 | U1 Films Berlin | Blu-Ray, DVD | FSK 16","twitter_image":"https:\/\/ucm.one\/wp-content\/uploads\/2021\/12\/C-The-Cage-DVD-FSK16.jpg","twitter_misc":{"Gesch\u00e4tzte Lesezeit":"1\u00a0Minute"},"schema":{"@context":"https:\/\/schema.org","@graph":[{"@type":"WebPage","@id":"https:\/\/ucm.one\/de\/produkt\/the-cage-die-letzten-ueberlebenden\/","url":"https:\/\/ucm.one\/de\/produkt\/the-cage-die-letzten-ueberlebenden\/","name":"The Cage - Die letzten \u00dcberlebenden","isPartOf":{"@id":"https:\/\/ucm.one\/de\/#website"},"primaryImageOfPage":{"@id":"https:\/\/ucm.one\/de\/produkt\/the-cage-die-letzten-ueberlebenden\/#primaryimage"},"image":{"@id":"https:\/\/ucm.one\/de\/produkt\/the-cage-die-letzten-ueberlebenden\/#primaryimage"},"thumbnailUrl":"https:\/\/ucm.one\/wp-content\/uploads\/2021\/12\/C-The-Cage-DVD-FSK16.jpg","datePublished":"2021-12-14T00:15:09+00:00","dateModified":"2023-06-18T13:07:06+00:00","description":"Shop | The Cage - Die letzten \u00dcberlebenden | 2021 | U1 Films Berlin | Blu-Ray, DVD | FSK 16","breadcrumb":{"@id":"https:\/\/ucm.one\/de\/produkt\/the-cage-die-letzten-ueberlebenden\/#breadcrumb"},"inLanguage":"de","potentialAction":[{"@type":"ReadAction","target":["https:\/\/ucm.one\/de\/produkt\/the-cage-die-letzten-ueberlebenden\/"]}]},{"@type":"ImageObject","inLanguage":"de","@id":"https:\/\/ucm.one\/de\/produkt\/the-cage-die-letzten-ueberlebenden\/#primaryimage","url":"https:\/\/ucm.one\/wp-content\/uploads\/2021\/12\/C-The-Cage-DVD-FSK16.jpg","contentUrl":"https:\/\/ucm.one\/wp-content\/uploads\/2021\/12\/C-The-Cage-DVD-FSK16.jpg","width":699,"height":1000},{"@type":"BreadcrumbList","@id":"https:\/\/ucm.one\/de\/produkt\/the-cage-die-letzten-ueberlebenden\/#breadcrumb","itemListElement":[{"@type":"ListItem","position":1,"name":"Home","item":"https:\/\/ucm.one\/de\/"},{"@type":"ListItem","position":2,"name":"Shop","item":"https:\/\/ucm.one\/de\/shop\/"},{"@type":"ListItem","position":3,"name":"The Cage &#8211; Die letzten \u00dcberlebenden"}]},{"@type":"WebSite","@id":"https:\/\/ucm.one\/de\/#website","url":"https:\/\/ucm.one\/de\/","name":"UCM.ONE","description":"","publisher":{"@id":"https:\/\/ucm.one\/de\/#organization"},"potentialAction":[{"@type":"SearchAction","target":{"@type":"EntryPoint","urlTemplate":"https:\/\/ucm.one\/de\/?s={search_term_string}"},"query-input":{"@type":"PropertyValueSpecification","valueRequired":true,"valueName":"search_term_string"}}],"inLanguage":"de"},{"@type":"Organization","@id":"https:\/\/ucm.one\/de\/#organization","name":"UCM.ONE","url":"https:\/\/ucm.one\/de\/","logo":{"@type":"ImageObject","inLanguage":"de","@id":"https:\/\/ucm.one\/de\/#\/schema\/logo\/image\/","url":"https:\/\/ucm.one\/wp-content\/uploads\/2019\/10\/UCM.ONE-Logo-RGB.svg","contentUrl":"https:\/\/ucm.one\/wp-content\/uploads\/2019\/10\/UCM.ONE-Logo-RGB.svg","width":1,"height":1,"caption":"UCM.ONE"},"image":{"@id":"https:\/\/ucm.one\/de\/#\/schema\/logo\/image\/"}}]}},"_links":{"self":[{"href":"https:\/\/ucm.one\/de\/wp-json\/wp\/v2\/product\/60374","targetHints":{"allow":["GET"]}}],"collection":[{"href":"https:\/\/ucm.one\/de\/wp-json\/wp\/v2\/product"}],"about":[{"href":"https:\/\/ucm.one\/de\/wp-json\/wp\/v2\/types\/product"}],"replies":[{"embeddable":true,"href":"https:\/\/ucm.one\/de\/wp-json\/wp\/v2\/comments?post=60374"}],"wp:featuredmedia":[{"embeddable":true,"href":"https:\/\/ucm.one\/de\/wp-json\/wp\/v2\/media\/60377"}],"wp:attachment":[{"href":"https:\/\/ucm.one\/de\/wp-json\/wp\/v2\/media?parent=60374"}],"wp:term":[{"taxonomy":"product_brand","embeddable":true,"href":"https:\/\/ucm.one\/de\/wp-json\/wp\/v2\/product_brand?post=60374"},{"taxonomy":"product_cat","embeddable":true,"href":"https:\/\/ucm.one\/de\/wp-json\/wp\/v2\/product_cat?post=60374"},{"taxonomy":"product_tag","embeddable":true,"href":"https:\/\/ucm.one\/de\/wp-json\/wp\/v2\/product_tag?post=60374"}],"curies":[{"name":"wp","href":"https:\/\/api.w.org\/{rel}","templated":true}]}}