{"id":60362,"date":"2021-12-13T23:40:47","date_gmt":"2021-12-13T23:40:47","guid":{"rendered":"https:\/\/ucm.one\/?post_type=product&#038;p=60362"},"modified":"2023-10-20T11:17:28","modified_gmt":"2023-10-20T11:17:28","slug":"alien-outbreak-es-gibt-kein-entkommen","status":"publish","type":"product","link":"https:\/\/ucm.one\/de\/produkt\/alien-outbreak-es-gibt-kein-entkommen\/","title":{"rendered":"Alien Outbreak &#8211; Es gibt kein Entkommen"},"content":{"rendered":"<div class=\"wpb_text_column wpb_content_element \">\n<div class=\"wpb_wrapper\">\n<div class=\"\">\n<div class=\"wpb_text_column wpb_content_element \">\n<div class=\"wpb_wrapper\">\n<p>Die Polizisten Zoe Norris (<strong>Katherine Drake<\/strong>) und Patrick (<strong>Ritchie Crane<\/strong>) haben alle H\u00e4nde voll zu tun, als sich pl\u00f6tzlich die Notrufe wegen unerkl\u00e4rlicher Selbstmorde h\u00e4ufen. Nachdem Zoe dann auch noch miterleben muss, wie sich kurz nachdem Freitod eines Farmers auch dessen Frau mit einer Schrotflinte das Gesicht wegschie\u00dft, sieht sie etwas Au\u00dfergew\u00f6hnliches: Riesige Maschinenwesen, die von einem Raumschiff abgesetzt werden und sofort Jagd auf Menschen machen! Zoe und Patrick sehen sich nun gezwungen, den Kampf gegen die ungebetenen au\u00dferirdischen Besucher aufzunehmen und verschanzen sich zun\u00e4chst in ihrem Polizeirevier. Doch im \u00dcberlebenskampf erkennen sie, dass die Au\u00dferirdischen ganz andere Absichten als die Vernichtung der Menschheit haben\u2026<\/p>\n<\/div>\n<\/div>\n<\/div>\n<\/div>\n<\/div>\n<div><div class=\"gap\" style=\"line-height: 20px; height: 20px;\"><\/div><\/div>\n<h5>Weitere Informationen<\/h5>\n<div>\n<div>\n<table style=\"height: 46px; width: 100%; border-collapse: collapse; border-color: #ffffff; background-color: #ffffff; border-style: hidden;\">\n<tbody>\n<tr style=\"height: 23px; border-style: hidden; border-color: #ffffff; background-color: #ffffff;\">\n<td style=\"width: 4.701195219123506%; height: 23px; border-style: hidden;\">Film:<\/td>\n<td style=\"width: 95.29880478087651%; height: 23px; border-style: hidden;\"><a title=\"\u201cAlien Outbreak\u201d von Neil Rowe (U1 Films Berlin) ab heute auf Blu-Ray, DVD und VoD-Portalen erh\u00e4ltlich\" href=\"https:\/\/ucm.one\/de\/alien-outbreak-von-neil-rowe-u1-films-berlin-ab-heute-auf-blu-ray-dvd-und-vod-portalen-erhaeltlich\/\">Alien Outbreak &#8211; Es gibt kein Entkommen<\/a><\/td>\n<\/tr>\n<tr style=\"height: 23px;\">\n<td style=\"width: 4.701195219123506%; height: 23px; border-style: hidden;\">Label:<\/td>\n<td style=\"width: 95.29880478087651%; height: 23px; border-style: hidden;\"><a title=\"U1 Films Berlin\" href=\"https:\/\/ucm.one\/de\/film-labels\/u1-films-berlin\/\">U1 Films Berlin<\/a><\/td>\n<\/tr>\n<\/tbody>\n<\/table>\n<\/div>\n<div><\/div>\n<\/div>\n<div>\n<div><div class=\"gap\" style=\"line-height: 10px; height: 10px;\"><\/div><\/div>\n<div>\u2117 2020\u00a0<strong>Rendered Pictures<\/strong>, \u00a9 2021\u00a0<strong>U1 Films Berlin<\/strong> \/ <span style=\"font-family: 'arial black', sans-serif;\"><strong>UCM.ONE<\/strong><\/span><\/div>\n<div><div class=\"gap\" style=\"line-height: 20px; height: 20px;\"><\/div><\/div>\n<div>\n<div><\/div>\n<div>\n<div><div class=\"gap\" style=\"line-height: 10px; height: 10px;\"><\/div><\/div>\n<div><span style=\"color: #003a80;\"><strong>\u27a0 <a style=\"color: #003a80;\" href=\"https:\/\/ucm.one\/de\/produkt-kategorie\/art-de\/filme-de\/\">zum Shop<\/a><\/strong><\/span><\/div>\n<div><div class=\"gap\" style=\"line-height: 20px; height: 20px;\"><\/div><\/div>\n<\/div>\n<\/div>\n<\/div>\n","protected":false},"excerpt":{"rendered":"<p>Regie:\u00a0<a href=\"https:\/\/ucm.one\/de\/?s=%22Neil+Rowe%22&amp;post_type=product\"><strong>Neil Rowe<\/strong><\/a><\/p>\n<p>Label:\u00a0<a href=\"https:\/\/ucm.one\/de\/produkt-kategorie\/label-film-de\/u1-films-berlin-de\/\"><strong>U1 Films Berlin<\/strong><\/a><\/p>\n<p>Art:\u00a0<strong><a href=\"https:\/\/ucm.one\/de\/produkt-kategorie\/art-de\/filme-de\/\">Film<\/a> (Spielfilm)<\/strong><\/p>\n<p>Genre:\u00a0<b><a href=\"https:\/\/ucm.one\/de\/produkt-kategorie\/genre-film-de\/science-fiction-de\/\">Science-Fiction<\/a>, <a href=\"https:\/\/ucm.one\/de\/produkt-kategorie\/genre-film-de\/action-de\/\">Action<\/a><\/b><\/p>\n<p>Jahr: <strong>2020<\/strong><\/p>\n<p>FSK: <strong>16<\/strong><\/p>\n<p>Formate: <strong>Diverse<\/strong><\/p>\n","protected":false},"featured_media":60365,"comment_status":"open","ping_status":"closed","template":"","meta":{"_acf_changed":false},"product_brand":[],"product_cat":[10331,10332,10340,10354,10358,9708],"product_tag":[11028,11029,11030,11031,11032,11342,11024,11025,11026,11027],"class_list":{"0":"post-60362","1":"product","2":"type-product","3":"status-publish","4":"has-post-thumbnail","6":"product_cat-dvd-de","7":"product_cat-blu-ray-de","8":"product_cat-u1-films-berlin-de","9":"product_cat-science-fiction-de","10":"product_cat-action-de","11":"product_cat-filme-de","12":"product_tag-katherine-drake","13":"product_tag-ritchie-crane","14":"product_tag-philip-alexander-baker","15":"product_tag-michael-terry","16":"product_tag-ian-rowe","17":"product_tag-es-gibt-kein-entkommen","18":"product_tag-alien-outbreak","19":"product_tag-neil-rowe","20":"product_tag-u1-films-berlin","21":"product_tag-science-fiction","22":"pa_format-dvd","23":"pa_format-blu-ray-de","24":"description-off","26":"first","27":"instock","28":"taxable","29":"shipping-taxable","30":"purchasable","31":"product-type-variable"},"acf":[],"yoast_head":"<!-- This site is optimized with the Yoast SEO plugin v27.2 - https:\/\/yoast.com\/product\/yoast-seo-wordpress\/ -->\n<title>Alien Outbreak - Es gibt kein Entkommen<\/title>\n<meta name=\"description\" content=\"Shop | Alien Outbreak - Es gibt kein Entkommen | 2021 | U1 Films Berlin | Blu-Ray, DVD | FSK 16\" \/>\n<meta name=\"robots\" content=\"index, follow, max-snippet:-1, max-image-preview:large, max-video-preview:-1\" \/>\n<link rel=\"canonical\" href=\"https:\/\/ucm.one\/de\/produkt\/alien-outbreak-es-gibt-kein-entkommen\/\" \/>\n<meta property=\"og:locale\" content=\"de_DE\" \/>\n<meta property=\"og:type\" content=\"article\" \/>\n<meta property=\"og:title\" content=\"Alien Outbreak - Es gibt kein Entkommen\" \/>\n<meta property=\"og:description\" content=\"Shop | Alien Outbreak - Es gibt kein Entkommen | 2021 | U1 Films Berlin | Blu-Ray, DVD | FSK 16\" \/>\n<meta property=\"og:url\" content=\"https:\/\/ucm.one\/de\/produkt\/alien-outbreak-es-gibt-kein-entkommen\/\" \/>\n<meta property=\"og:site_name\" content=\"UCM.ONE\" \/>\n<meta property=\"article:modified_time\" content=\"2023-10-20T11:17:28+00:00\" \/>\n<meta property=\"og:image\" content=\"https:\/\/ucm.one\/wp-content\/uploads\/2021\/12\/C-Alien-Outbreak-DVD-FSK16.jpg\" \/>\n<meta name=\"twitter:card\" content=\"summary_large_image\" \/>\n<meta name=\"twitter:title\" content=\"Alien Outbreak - Es gibt kein Entkommen\" \/>\n<meta name=\"twitter:description\" content=\"Shop | Alien Outbreak - Es gibt kein Entkommen | 2021 | U1 Films Berlin | Blu-Ray, DVD | FSK 16\" \/>\n<meta name=\"twitter:image\" content=\"https:\/\/ucm.one\/wp-content\/uploads\/2021\/12\/C-Alien-Outbreak-DVD-FSK16.jpg\" \/>\n<meta name=\"twitter:label1\" content=\"Gesch\u00e4tzte Lesezeit\" \/>\n\t<meta name=\"twitter:data1\" content=\"1\u00a0Minute\" \/>\n<!-- \/ Yoast SEO plugin. -->","yoast_head_json":{"title":"Alien Outbreak - Es gibt kein Entkommen","description":"Shop | Alien Outbreak - Es gibt kein Entkommen | 2021 | U1 Films Berlin | Blu-Ray, DVD | FSK 16","robots":{"index":"index","follow":"follow","max-snippet":"max-snippet:-1","max-image-preview":"max-image-preview:large","max-video-preview":"max-video-preview:-1"},"canonical":"https:\/\/ucm.one\/de\/produkt\/alien-outbreak-es-gibt-kein-entkommen\/","og_locale":"de_DE","og_type":"article","og_title":"Alien Outbreak - Es gibt kein Entkommen","og_description":"Shop | Alien Outbreak - Es gibt kein Entkommen | 2021 | U1 Films Berlin | Blu-Ray, DVD | FSK 16","og_url":"https:\/\/ucm.one\/de\/produkt\/alien-outbreak-es-gibt-kein-entkommen\/","og_site_name":"UCM.ONE","article_modified_time":"2023-10-20T11:17:28+00:00","og_image":[{"url":"https:\/\/ucm.one\/wp-content\/uploads\/2021\/12\/C-Alien-Outbreak-DVD-FSK16.jpg","type":"","width":"","height":""}],"twitter_card":"summary_large_image","twitter_title":"Alien Outbreak - Es gibt kein Entkommen","twitter_description":"Shop | Alien Outbreak - Es gibt kein Entkommen | 2021 | U1 Films Berlin | Blu-Ray, DVD | FSK 16","twitter_image":"https:\/\/ucm.one\/wp-content\/uploads\/2021\/12\/C-Alien-Outbreak-DVD-FSK16.jpg","twitter_misc":{"Gesch\u00e4tzte Lesezeit":"1\u00a0Minute"},"schema":{"@context":"https:\/\/schema.org","@graph":[{"@type":"WebPage","@id":"https:\/\/ucm.one\/de\/produkt\/alien-outbreak-es-gibt-kein-entkommen\/","url":"https:\/\/ucm.one\/de\/produkt\/alien-outbreak-es-gibt-kein-entkommen\/","name":"Alien Outbreak - Es gibt kein Entkommen","isPartOf":{"@id":"https:\/\/ucm.one\/de\/#website"},"primaryImageOfPage":{"@id":"https:\/\/ucm.one\/de\/produkt\/alien-outbreak-es-gibt-kein-entkommen\/#primaryimage"},"image":{"@id":"https:\/\/ucm.one\/de\/produkt\/alien-outbreak-es-gibt-kein-entkommen\/#primaryimage"},"thumbnailUrl":"https:\/\/ucm.one\/wp-content\/uploads\/2021\/12\/C-Alien-Outbreak-DVD-FSK16.jpg","datePublished":"2021-12-13T23:40:47+00:00","dateModified":"2023-10-20T11:17:28+00:00","description":"Shop | Alien Outbreak - Es gibt kein Entkommen | 2021 | U1 Films Berlin | Blu-Ray, DVD | FSK 16","breadcrumb":{"@id":"https:\/\/ucm.one\/de\/produkt\/alien-outbreak-es-gibt-kein-entkommen\/#breadcrumb"},"inLanguage":"de","potentialAction":[{"@type":"ReadAction","target":["https:\/\/ucm.one\/de\/produkt\/alien-outbreak-es-gibt-kein-entkommen\/"]}]},{"@type":"ImageObject","inLanguage":"de","@id":"https:\/\/ucm.one\/de\/produkt\/alien-outbreak-es-gibt-kein-entkommen\/#primaryimage","url":"https:\/\/ucm.one\/wp-content\/uploads\/2021\/12\/C-Alien-Outbreak-DVD-FSK16.jpg","contentUrl":"https:\/\/ucm.one\/wp-content\/uploads\/2021\/12\/C-Alien-Outbreak-DVD-FSK16.jpg","width":699,"height":1000},{"@type":"BreadcrumbList","@id":"https:\/\/ucm.one\/de\/produkt\/alien-outbreak-es-gibt-kein-entkommen\/#breadcrumb","itemListElement":[{"@type":"ListItem","position":1,"name":"Home","item":"https:\/\/ucm.one\/de\/"},{"@type":"ListItem","position":2,"name":"Shop","item":"https:\/\/ucm.one\/de\/shop\/"},{"@type":"ListItem","position":3,"name":"Alien Outbreak &#8211; Es gibt kein Entkommen"}]},{"@type":"WebSite","@id":"https:\/\/ucm.one\/de\/#website","url":"https:\/\/ucm.one\/de\/","name":"UCM.ONE","description":"","publisher":{"@id":"https:\/\/ucm.one\/de\/#organization"},"potentialAction":[{"@type":"SearchAction","target":{"@type":"EntryPoint","urlTemplate":"https:\/\/ucm.one\/de\/?s={search_term_string}"},"query-input":{"@type":"PropertyValueSpecification","valueRequired":true,"valueName":"search_term_string"}}],"inLanguage":"de"},{"@type":"Organization","@id":"https:\/\/ucm.one\/de\/#organization","name":"UCM.ONE","url":"https:\/\/ucm.one\/de\/","logo":{"@type":"ImageObject","inLanguage":"de","@id":"https:\/\/ucm.one\/de\/#\/schema\/logo\/image\/","url":"https:\/\/ucm.one\/wp-content\/uploads\/2019\/10\/UCM.ONE-Logo-RGB.svg","contentUrl":"https:\/\/ucm.one\/wp-content\/uploads\/2019\/10\/UCM.ONE-Logo-RGB.svg","width":1,"height":1,"caption":"UCM.ONE"},"image":{"@id":"https:\/\/ucm.one\/de\/#\/schema\/logo\/image\/"}}]}},"_links":{"self":[{"href":"https:\/\/ucm.one\/de\/wp-json\/wp\/v2\/product\/60362","targetHints":{"allow":["GET"]}}],"collection":[{"href":"https:\/\/ucm.one\/de\/wp-json\/wp\/v2\/product"}],"about":[{"href":"https:\/\/ucm.one\/de\/wp-json\/wp\/v2\/types\/product"}],"replies":[{"embeddable":true,"href":"https:\/\/ucm.one\/de\/wp-json\/wp\/v2\/comments?post=60362"}],"wp:featuredmedia":[{"embeddable":true,"href":"https:\/\/ucm.one\/de\/wp-json\/wp\/v2\/media\/60365"}],"wp:attachment":[{"href":"https:\/\/ucm.one\/de\/wp-json\/wp\/v2\/media?parent=60362"}],"wp:term":[{"taxonomy":"product_brand","embeddable":true,"href":"https:\/\/ucm.one\/de\/wp-json\/wp\/v2\/product_brand?post=60362"},{"taxonomy":"product_cat","embeddable":true,"href":"https:\/\/ucm.one\/de\/wp-json\/wp\/v2\/product_cat?post=60362"},{"taxonomy":"product_tag","embeddable":true,"href":"https:\/\/ucm.one\/de\/wp-json\/wp\/v2\/product_tag?post=60362"}],"curies":[{"name":"wp","href":"https:\/\/api.w.org\/{rel}","templated":true}]}}