{"id":60259,"date":"2021-12-13T17:27:19","date_gmt":"2021-12-13T17:27:19","guid":{"rendered":"https:\/\/ucm.one\/?post_type=product&#038;p=60259"},"modified":"2024-10-10T11:18:37","modified_gmt":"2024-10-10T11:18:37","slug":"100-000-dollar-in-der-sonne","status":"publish","type":"product","link":"https:\/\/ucm.one\/de\/produkt\/100-000-dollar-in-der-sonne\/","title":{"rendered":"100.000 Dollar in der Sonne"},"content":{"rendered":"<div class=\"wpb_text_column wpb_content_element \">\n<div class=\"wpb_wrapper\">\n<div class=\"\">\n<div class=\"wpb_text_column wpb_content_element \">\n<div class=\"wpb_wrapper\">\n<p>Irgendwo in der afrikanischen Sahara: Der Lkw-Fahrer Rocco (<strong>Jean-Paul Belmondo<\/strong>) hat es satt von seinem Chef Castigliano (<strong>Gert Fr\u00f6be<\/strong>) immer nur die schlechtesten Trucks zugewiesen zu bekommen. Als ausgerechnet der neue Fahrer Steiner (<strong>Reginald Kernan<\/strong>) einen nagelneuen Truck fahren soll, platzt ihm der Kragen und er klaut das Gef\u00e4hrt mit der gesamten Ladung, um beide hinter der Grenze zu verscheuern. Castigliano, au\u00dfer sich vor Wut, schickt daraufhin seinen besten Fahrer und Freund Herv\u00e9 (<strong>Lino Ventura<\/strong>) hinter ihm her, um seine Ware und seinen LKW wieder zu bekommen. Es kommt zu einem unerbittlichen W\u00fcsten-Wettrennen zwischen den beiden Ausnahmefahrern\u2026<\/p>\n<\/div>\n<\/div>\n<\/div>\n<\/div>\n<\/div>\n<div><div class=\"gap\" style=\"line-height: 20px; height: 20px;\"><\/div><\/div>\n<h5>Weitere Informationen<\/h5>\n<div>\n<div>\n<table style=\"height: 46px; width: 100%; border-collapse: collapse; border-color: #ffffff; background-color: #ffffff; border-style: hidden;\">\n<tbody>\n<tr style=\"height: 23px; border-style: hidden; border-color: #ffffff; background-color: #ffffff;\">\n<td style=\"width: 4.701195219123506%; height: 23px; border-style: hidden;\">Film:<\/td>\n<td style=\"width: 95.29880478087651%; height: 23px; border-style: hidden;\"><a title=\"\u201e100.000 Dollar in der Sonne\u201c von Henri Verneuil mit Jean-Paul Belmondo und Lino Ventura\" href=\"https:\/\/ucm.one\/de\/100-000-dollar-in-der-sonne-mit-jean-paul-belmondo-und-lino-ventura\/\">100.000 Dollar in der Sonne<\/a><\/td>\n<\/tr>\n<tr style=\"height: 23px;\">\n<td style=\"width: 4.701195219123506%; height: 23px; border-style: hidden;\">Label:<\/td>\n<td style=\"width: 95.29880478087651%; height: 23px; border-style: hidden;\"><a title=\"M-Square Classics\" href=\"https:\/\/ucm.one\/de\/film-labels\/m-square-pictures\/#m-square-classics\">M-Square Classics<\/a><\/td>\n<\/tr>\n<\/tbody>\n<\/table>\n<\/div>\n<div><\/div>\n<\/div>\n<div>\n<div><div class=\"gap\" style=\"line-height: 10px; height: 10px;\"><\/div><\/div>\n<div>\u2117 <strong>Gaumont International<\/strong>, <strong>Trianon Films<\/strong>, <strong>Ultra Fills<\/strong>, \u00a0\u00a9 2021\u00a0<strong>M-Square Classics<\/strong> \/ <span style=\"font-family: 'arial black', sans-serif;\"><strong>UCM.ONE<\/strong><\/span><\/div>\n<div><div class=\"gap\" style=\"line-height: 20px; height: 20px;\"><\/div><\/div>\n<div>\n<div><\/div>\n<div>\n<div><div class=\"gap\" style=\"line-height: 10px; height: 10px;\"><\/div><\/div>\n<div><span style=\"color: #003a80;\"><strong>\u27a0 <a style=\"color: #003a80;\" href=\"https:\/\/ucm.one\/de\/produkt-kategorie\/art-de\/filme-de\/\">zum Shop<\/a><\/strong><\/span><\/div>\n<div><div class=\"gap\" style=\"line-height: 20px; height: 20px;\"><\/div><\/div>\n<\/div>\n<\/div>\n<\/div>\n","protected":false},"excerpt":{"rendered":"<p>Regie: <a href=\"https:\/\/ucm.one\/de\/?s=%22Henri+Verneuil%22&amp;post_type=product\"><strong>Henri Verneuil<\/strong><\/a><\/p>\n<p>Label: <a href=\"https:\/\/ucm.one\/de\/produkt-kategorie\/label-film-de\/m-square-pictures-de\/m-square-classics-de\/\"><strong>M-Square Classics<\/strong><\/a><\/p>\n<p>Art:\u00a0<strong><a href=\"https:\/\/ucm.one\/de\/produkt-kategorie\/art-de\/filme-de\/\">Film<\/a> (<a title=\"\" href=\"https:\/\/ucm.one\/de\/produkt-kategorie\/genre-film-de\/klassiker-de\/\">Klassiker<\/a>)<\/strong><\/p>\n<p>Genre:\u00a0<b><a href=\"https:\/\/ucm.one\/de\/produkt-kategorie\/genre-film-de\/komoedie-de\/\">Kom\u00f6die<\/a>, <a href=\"https:\/\/ucm.one\/de\/produkt-kategorie\/genre-film-de\/abenteuer\/\">Abenteuer<\/a><\/b><\/p>\n<p>Jahr: <strong>1964<\/strong><\/p>\n<p>FSK: <strong>6<\/strong><\/p>\n<p>Formate: <strong>Diverse<\/strong><\/p>\n","protected":false},"featured_media":60263,"comment_status":"open","ping_status":"closed","template":"","meta":{"_acf_changed":false},"product_brand":[],"product_cat":[9708,10324,10331,10332,10333,10356,10357,12093],"product_tag":[10999,11000,11001,11002,11003,11004,11005,11006],"class_list":{"0":"post-60259","1":"product","2":"type-product","3":"status-publish","4":"has-post-thumbnail","6":"product_cat-filme-de","7":"product_cat-m-square-classics-de","8":"product_cat-dvd-de","9":"product_cat-blu-ray-de","10":"product_cat-mediabooks-de","11":"product_cat-komoedie-de","12":"product_cat-abenteuer","13":"product_cat-klassiker-de","14":"product_tag-100-000-dollar-in-der-sonne","15":"product_tag-henri-verneuil","16":"product_tag-cent-mille-dollars-au-soleil","17":"product_tag-jean-paul-belmondo","18":"product_tag-lino-ventura","19":"product_tag-reginald-kernan","20":"product_tag-gert-froebe","21":"product_tag-bernard-blier","22":"product_shipping_class-dvd-2","23":"pa_format-dvd","24":"pa_format-blu-ray-de","25":"pa_format-mediabook-blu-ray-dvd","26":"description-off","28":"first","29":"instock","30":"taxable","31":"shipping-taxable","32":"purchasable","33":"product-type-variable"},"acf":[],"yoast_head":"<!-- This site is optimized with the Yoast SEO plugin v27.5 - https:\/\/yoast.com\/product\/yoast-seo-wordpress\/ -->\n<title>100.000 Dollar in der Sonne<\/title>\n<meta name=\"description\" content=\"Shop | 100.000 Dollar in der Sonne | 2021 | M-Square Classics | Blu-Ray, DVD | FSK 6\" \/>\n<meta name=\"robots\" content=\"index, follow, max-snippet:-1, max-image-preview:large, max-video-preview:-1\" \/>\n<link rel=\"canonical\" href=\"https:\/\/ucm.one\/de\/produkt\/100-000-dollar-in-der-sonne\/\" \/>\n<meta property=\"og:locale\" content=\"de_DE\" \/>\n<meta property=\"og:type\" content=\"article\" \/>\n<meta property=\"og:title\" content=\"100.000 Dollar in der Sonne\" \/>\n<meta property=\"og:description\" content=\"Shop | 100.000 Dollar in der Sonne | 2021 | M-Square Classics | Blu-Ray, DVD | FSK 6\" \/>\n<meta property=\"og:url\" content=\"https:\/\/ucm.one\/de\/produkt\/100-000-dollar-in-der-sonne\/\" \/>\n<meta property=\"og:site_name\" content=\"UCM.ONE\" \/>\n<meta property=\"article:modified_time\" content=\"2024-10-10T11:18:37+00:00\" \/>\n<meta property=\"og:image\" content=\"https:\/\/ucm.one\/wp-content\/uploads\/2021\/12\/C-100000-Dollar-in-der-Sonne-FSK6.jpg\" \/>\n<meta name=\"twitter:card\" content=\"summary_large_image\" \/>\n<meta name=\"twitter:title\" content=\"100.000 Dollar in der Sonne\" \/>\n<meta name=\"twitter:description\" content=\"Shop | 100.000 Dollar in der Sonne | 2021 | M-Square Classics | Blu-Ray, DVD | FSK 6\" \/>\n<meta name=\"twitter:image\" content=\"https:\/\/ucm.one\/wp-content\/uploads\/2021\/12\/C-100000-Dollar-in-der-Sonne-FSK6.jpg\" \/>\n<meta name=\"twitter:label1\" content=\"Gesch\u00e4tzte Lesezeit\" \/>\n\t<meta name=\"twitter:data1\" content=\"1\u00a0Minute\" \/>\n<!-- \/ Yoast SEO plugin. -->","yoast_head_json":{"title":"100.000 Dollar in der Sonne","description":"Shop | 100.000 Dollar in der Sonne | 2021 | M-Square Classics | Blu-Ray, DVD | FSK 6","robots":{"index":"index","follow":"follow","max-snippet":"max-snippet:-1","max-image-preview":"max-image-preview:large","max-video-preview":"max-video-preview:-1"},"canonical":"https:\/\/ucm.one\/de\/produkt\/100-000-dollar-in-der-sonne\/","og_locale":"de_DE","og_type":"article","og_title":"100.000 Dollar in der Sonne","og_description":"Shop | 100.000 Dollar in der Sonne | 2021 | M-Square Classics | Blu-Ray, DVD | FSK 6","og_url":"https:\/\/ucm.one\/de\/produkt\/100-000-dollar-in-der-sonne\/","og_site_name":"UCM.ONE","article_modified_time":"2024-10-10T11:18:37+00:00","og_image":[{"url":"https:\/\/ucm.one\/wp-content\/uploads\/2021\/12\/C-100000-Dollar-in-der-Sonne-FSK6.jpg","type":"","width":"","height":""}],"twitter_card":"summary_large_image","twitter_title":"100.000 Dollar in der Sonne","twitter_description":"Shop | 100.000 Dollar in der Sonne | 2021 | M-Square Classics | Blu-Ray, DVD | FSK 6","twitter_image":"https:\/\/ucm.one\/wp-content\/uploads\/2021\/12\/C-100000-Dollar-in-der-Sonne-FSK6.jpg","twitter_misc":{"Gesch\u00e4tzte Lesezeit":"1\u00a0Minute"},"schema":{"@context":"https:\/\/schema.org","@graph":[{"@type":"WebPage","@id":"https:\/\/ucm.one\/de\/produkt\/100-000-dollar-in-der-sonne\/","url":"https:\/\/ucm.one\/de\/produkt\/100-000-dollar-in-der-sonne\/","name":"100.000 Dollar in der Sonne","isPartOf":{"@id":"https:\/\/ucm.one\/de\/#website"},"primaryImageOfPage":{"@id":"https:\/\/ucm.one\/de\/produkt\/100-000-dollar-in-der-sonne\/#primaryimage"},"image":{"@id":"https:\/\/ucm.one\/de\/produkt\/100-000-dollar-in-der-sonne\/#primaryimage"},"thumbnailUrl":"https:\/\/ucm.one\/wp-content\/uploads\/2021\/12\/C-100000-Dollar-in-der-Sonne-FSK6.jpg","datePublished":"2021-12-13T17:27:19+00:00","dateModified":"2024-10-10T11:18:37+00:00","description":"Shop | 100.000 Dollar in der Sonne | 2021 | M-Square Classics | Blu-Ray, DVD | FSK 6","breadcrumb":{"@id":"https:\/\/ucm.one\/de\/produkt\/100-000-dollar-in-der-sonne\/#breadcrumb"},"inLanguage":"de","potentialAction":[{"@type":"ReadAction","target":["https:\/\/ucm.one\/de\/produkt\/100-000-dollar-in-der-sonne\/"]}]},{"@type":"ImageObject","inLanguage":"de","@id":"https:\/\/ucm.one\/de\/produkt\/100-000-dollar-in-der-sonne\/#primaryimage","url":"https:\/\/ucm.one\/wp-content\/uploads\/2021\/12\/C-100000-Dollar-in-der-Sonne-FSK6.jpg","contentUrl":"https:\/\/ucm.one\/wp-content\/uploads\/2021\/12\/C-100000-Dollar-in-der-Sonne-FSK6.jpg","width":699,"height":1000},{"@type":"BreadcrumbList","@id":"https:\/\/ucm.one\/de\/produkt\/100-000-dollar-in-der-sonne\/#breadcrumb","itemListElement":[{"@type":"ListItem","position":1,"name":"Home","item":"https:\/\/ucm.one\/de\/"},{"@type":"ListItem","position":2,"name":"Shop","item":"https:\/\/ucm.one\/de\/shop\/"},{"@type":"ListItem","position":3,"name":"100.000 Dollar in der Sonne"}]},{"@type":"WebSite","@id":"https:\/\/ucm.one\/de\/#website","url":"https:\/\/ucm.one\/de\/","name":"UCM.ONE","description":"","publisher":{"@id":"https:\/\/ucm.one\/de\/#organization"},"potentialAction":[{"@type":"SearchAction","target":{"@type":"EntryPoint","urlTemplate":"https:\/\/ucm.one\/de\/?s={search_term_string}"},"query-input":{"@type":"PropertyValueSpecification","valueRequired":true,"valueName":"search_term_string"}}],"inLanguage":"de"},{"@type":"Organization","@id":"https:\/\/ucm.one\/de\/#organization","name":"UCM.ONE","url":"https:\/\/ucm.one\/de\/","logo":{"@type":"ImageObject","inLanguage":"de","@id":"https:\/\/ucm.one\/de\/#\/schema\/logo\/image\/","url":"https:\/\/ucm.one\/wp-content\/uploads\/2019\/10\/UCM.ONE-Logo-RGB.svg","contentUrl":"https:\/\/ucm.one\/wp-content\/uploads\/2019\/10\/UCM.ONE-Logo-RGB.svg","width":1,"height":1,"caption":"UCM.ONE"},"image":{"@id":"https:\/\/ucm.one\/de\/#\/schema\/logo\/image\/"}}]}},"_links":{"self":[{"href":"https:\/\/ucm.one\/de\/wp-json\/wp\/v2\/product\/60259","targetHints":{"allow":["GET"]}}],"collection":[{"href":"https:\/\/ucm.one\/de\/wp-json\/wp\/v2\/product"}],"about":[{"href":"https:\/\/ucm.one\/de\/wp-json\/wp\/v2\/types\/product"}],"replies":[{"embeddable":true,"href":"https:\/\/ucm.one\/de\/wp-json\/wp\/v2\/comments?post=60259"}],"wp:featuredmedia":[{"embeddable":true,"href":"https:\/\/ucm.one\/de\/wp-json\/wp\/v2\/media\/60263"}],"wp:attachment":[{"href":"https:\/\/ucm.one\/de\/wp-json\/wp\/v2\/media?parent=60259"}],"wp:term":[{"taxonomy":"product_brand","embeddable":true,"href":"https:\/\/ucm.one\/de\/wp-json\/wp\/v2\/product_brand?post=60259"},{"taxonomy":"product_cat","embeddable":true,"href":"https:\/\/ucm.one\/de\/wp-json\/wp\/v2\/product_cat?post=60259"},{"taxonomy":"product_tag","embeddable":true,"href":"https:\/\/ucm.one\/de\/wp-json\/wp\/v2\/product_tag?post=60259"}],"curies":[{"name":"wp","href":"https:\/\/api.w.org\/{rel}","templated":true}]}}