{"id":60162,"date":"2021-12-12T02:40:31","date_gmt":"2021-12-12T02:40:31","guid":{"rendered":"https:\/\/ucm.one\/?post_type=product&#038;p=60162"},"modified":"2023-06-18T22:11:02","modified_gmt":"2023-06-18T22:11:02","slug":"repentance-volume-i-reborn","status":"publish","type":"product","link":"https:\/\/ucm.one\/de\/produkt\/repentance-volume-i-reborn\/","title":{"rendered":"Repentance &#8211; Volume I \u2013 Reborn"},"content":{"rendered":"<div class=\"wpb_text_column wpb_content_element \">\n<div class=\"wpb_wrapper\">\n<div class=\"\">\n<p>Die aus Chicago, Illinois stammende Metalband <strong>Repentance<\/strong> ver\u00f6ffentlicht ihre brandneue EP &#8222;<strong>Volume I &#8211; Reborn<\/strong>&#8220; \u00fcber das deutsche Label <strong>Noble Demon<\/strong>. F\u00fcnf Tracks mit aggressiven, rasanten und technischen Kompositionen, verst\u00e4rkt durch eine straffe und scharfe Produktion, liefern ein beeindruckendes Noble Demon-Deb\u00fct und einen perfekten Appetizer f\u00fcr ein Full-Length Album, welches in nicht allzu ferner Zukunft folgen wird!<\/p>\n<\/div>\n<\/div>\n<\/div>\n<div><div class=\"gap\" style=\"line-height: 20px; height: 20px;\"><\/div><\/div>\n<h5>Weitere Informationen<\/h5>\n<div>\n<div>\n<table style=\"height: 46px; width: 100%; border-collapse: collapse; border-color: #ffffff; background-color: #ffffff; border-style: hidden;\">\n<tbody>\n<tr style=\"height: 23px; border-style: hidden; border-color: #ffffff; background-color: #ffffff;\">\n<td style=\"width: 58.953125px; height: 23px; border-style: hidden;\">Band:<\/td>\n<td style=\"width: 1204.0625px; height: 23px; border-style: hidden;\"><a title=\"Repentance | Noble Demon\" href=\"https:\/\/ucm.one\/de\/repentance\/\">Repentance<\/a><\/td>\n<\/tr>\n<tr style=\"height: 23px;\">\n<td style=\"width: 58.953125px; height: 23px; border-style: hidden;\">Label:<\/td>\n<td style=\"width: 1204.0625px; height: 23px; border-style: hidden;\"><a title=\"Noble Demon\" href=\"https:\/\/ucm.one\/de\/musik-labels\/noble-demon\/\">Noble Demon<\/a><\/td>\n<\/tr>\n<\/tbody>\n<\/table>\n<\/div>\n<div><\/div>\n<div><div class=\"gap\" style=\"line-height: 10px; height: 10px;\"><\/div><\/div>\n<div>\u2117 &amp;\u00a0\u00a9 2022\u00a0<strong>Noble Demon<\/strong> \/ <span style=\"font-family: 'arial black', sans-serif;\"><strong>UCM.ONE<\/strong><\/span><\/div>\n<div><div class=\"gap\" style=\"line-height: 20px; height: 20px;\"><\/div><\/div>\n<div>\n<div><\/div>\n<div><div class=\"gap\" style=\"line-height: 10px; height: 10px;\"><\/div><\/div>\n<div><span style=\"color: #003a80;\"><strong>\u27a0 <a style=\"color: #003a80;\" title=\"\" href=\"https:\/\/ucm.one\/de\/produkt-kategorie\/art-de\/musik-de\/\">zum Shop<\/a><\/strong><\/span><\/div>\n<div><div class=\"gap\" style=\"line-height: 20px; height: 20px;\"><\/div><\/div>\n<\/div>\n<\/div>\n","protected":false},"excerpt":{"rendered":"<p>Band: <a href=\"https:\/\/ucm.one\/de\/?s=Repentance&amp;post_type=produc\"><strong>Repentance<\/strong><\/a><\/p>\n<p>Label: <a href=\"https:\/\/ucm.one\/de\/produkt-kategorie\/label-musik-de\/noble-demon-de\/\"><strong>Noble Demon<\/strong><\/a><\/p>\n<p>Art: <strong><a href=\"https:\/\/ucm.one\/de\/produkt-kategorie\/art-de\/musik-de\/\">Musik<\/a> (EP)<\/strong><\/p>\n<p>Genres: <strong><a href=\"https:\/\/ucm.one\/de\/produkt-kategorie\/genre-musik-de\/metal-de\/\">Metal<\/a>, <a href=\"https:\/\/ucm.one\/de\/produkt-kategorie\/genre-musik-de\/metal-de\/modern-metal\/\">Modern Metal<\/a><\/strong><\/p>\n<p>Jahr: <strong>2022<\/strong><\/p>\n<p>Format: <strong>Vinyl<\/strong><\/p>\n","protected":false},"featured_media":58313,"comment_status":"open","ping_status":"closed","template":"","meta":{"_acf_changed":false},"product_brand":[],"product_cat":[9756,10968,9713,9714,9753,9755],"product_tag":[10974,10975,9763,10976,9764,10977,10978,10979,10969,10980,10970,10981,10971,10972,10973],"class_list":{"0":"post-60162","1":"product","2":"type-product","3":"status-publish","4":"has-post-thumbnail","6":"product_cat-noble-demon-de","7":"product_cat-modern-metal","8":"product_cat-musik-de","9":"product_cat-vinyl-de","10":"product_cat-metal-de","11":"product_cat-label-musik-de","12":"product_tag-corey-beaulieu","13":"product_tag-shaun-glass","14":"product_tag-noble-demon","15":"product_tag-modern-metal-de","16":"product_tag-metal","17":"product_tag-devildriver","18":"product_tag-jinjer","19":"product_tag-skull-fist","20":"product_tag-repentance","21":"product_tag-toxic-holocaust","22":"product_tag-volume-i","23":"product_tag-sacred-reich","24":"product_tag-trivium","25":"product_tag-reborn","26":"product_tag-adam-gilley","27":"product_shipping_class-vinyl-2","28":"description-off","30":"first","31":"instock","32":"taxable","33":"shipping-taxable","34":"purchasable","35":"product-type-simple"},"acf":[],"yoast_head":"<!-- This site is optimized with the Yoast SEO plugin v27.2 - https:\/\/yoast.com\/product\/yoast-seo-wordpress\/ -->\n<title>Repentance - Volume I \u2013 Reborn<\/title>\n<meta name=\"description\" content=\"Shop | Repentance - Volume I \u2013 Reborn | 2022 | Noble Demon | EP (Marble Vinyl)\" \/>\n<meta name=\"robots\" content=\"index, follow, max-snippet:-1, max-image-preview:large, max-video-preview:-1\" \/>\n<link rel=\"canonical\" href=\"https:\/\/ucm.one\/de\/produkt\/repentance-volume-i-reborn\/\" \/>\n<meta property=\"og:locale\" content=\"de_DE\" \/>\n<meta property=\"og:type\" content=\"article\" \/>\n<meta property=\"og:title\" content=\"Repentance - Volume I \u2013 Reborn\" \/>\n<meta property=\"og:description\" content=\"Shop | Repentance - Volume I \u2013 Reborn | 2022 | Noble Demon | EP (Marble Vinyl)\" \/>\n<meta property=\"og:url\" content=\"https:\/\/ucm.one\/de\/produkt\/repentance-volume-i-reborn\/\" \/>\n<meta property=\"og:site_name\" content=\"UCM.ONE\" \/>\n<meta property=\"article:modified_time\" content=\"2023-06-18T22:11:02+00:00\" \/>\n<meta property=\"og:image\" content=\"https:\/\/ucm.one\/wp-content\/uploads\/2021\/11\/C-Repentance-EP-Vol-1-.jpg\" \/>\n<meta name=\"twitter:card\" content=\"summary_large_image\" \/>\n<meta name=\"twitter:title\" content=\"Repentance - Volume I \u2013 Reborn\" \/>\n<meta name=\"twitter:description\" content=\"Shop | Repentance - Volume I \u2013 Reborn | 2022 | Noble Demon | EP (Marble Vinyl)\" \/>\n<meta name=\"twitter:image\" content=\"https:\/\/ucm.one\/wp-content\/uploads\/2021\/11\/C-Repentance-EP-Vol-1-.jpg\" \/>\n<!-- \/ Yoast SEO plugin. -->","yoast_head_json":{"title":"Repentance - Volume I \u2013 Reborn","description":"Shop | Repentance - Volume I \u2013 Reborn | 2022 | Noble Demon | EP (Marble Vinyl)","robots":{"index":"index","follow":"follow","max-snippet":"max-snippet:-1","max-image-preview":"max-image-preview:large","max-video-preview":"max-video-preview:-1"},"canonical":"https:\/\/ucm.one\/de\/produkt\/repentance-volume-i-reborn\/","og_locale":"de_DE","og_type":"article","og_title":"Repentance - Volume I \u2013 Reborn","og_description":"Shop | Repentance - Volume I \u2013 Reborn | 2022 | Noble Demon | EP (Marble Vinyl)","og_url":"https:\/\/ucm.one\/de\/produkt\/repentance-volume-i-reborn\/","og_site_name":"UCM.ONE","article_modified_time":"2023-06-18T22:11:02+00:00","og_image":[{"url":"https:\/\/ucm.one\/wp-content\/uploads\/2021\/11\/C-Repentance-EP-Vol-1-.jpg","type":"","width":"","height":""}],"twitter_card":"summary_large_image","twitter_title":"Repentance - Volume I \u2013 Reborn","twitter_description":"Shop | Repentance - Volume I \u2013 Reborn | 2022 | Noble Demon | EP (Marble Vinyl)","twitter_image":"https:\/\/ucm.one\/wp-content\/uploads\/2021\/11\/C-Repentance-EP-Vol-1-.jpg","schema":{"@context":"https:\/\/schema.org","@graph":[{"@type":"WebPage","@id":"https:\/\/ucm.one\/de\/produkt\/repentance-volume-i-reborn\/","url":"https:\/\/ucm.one\/de\/produkt\/repentance-volume-i-reborn\/","name":"Repentance - Volume I \u2013 Reborn","isPartOf":{"@id":"https:\/\/ucm.one\/de\/#website"},"primaryImageOfPage":{"@id":"https:\/\/ucm.one\/de\/produkt\/repentance-volume-i-reborn\/#primaryimage"},"image":{"@id":"https:\/\/ucm.one\/de\/produkt\/repentance-volume-i-reborn\/#primaryimage"},"thumbnailUrl":"https:\/\/ucm.one\/wp-content\/uploads\/2021\/11\/C-Repentance-EP-Vol-1-.jpg","datePublished":"2021-12-12T02:40:31+00:00","dateModified":"2023-06-18T22:11:02+00:00","description":"Shop | Repentance - Volume I \u2013 Reborn | 2022 | Noble Demon | EP (Marble Vinyl)","breadcrumb":{"@id":"https:\/\/ucm.one\/de\/produkt\/repentance-volume-i-reborn\/#breadcrumb"},"inLanguage":"de","potentialAction":[{"@type":"ReadAction","target":["https:\/\/ucm.one\/de\/produkt\/repentance-volume-i-reborn\/"]}]},{"@type":"ImageObject","inLanguage":"de","@id":"https:\/\/ucm.one\/de\/produkt\/repentance-volume-i-reborn\/#primaryimage","url":"https:\/\/ucm.one\/wp-content\/uploads\/2021\/11\/C-Repentance-EP-Vol-1-.jpg","contentUrl":"https:\/\/ucm.one\/wp-content\/uploads\/2021\/11\/C-Repentance-EP-Vol-1-.jpg","width":1000,"height":1000},{"@type":"BreadcrumbList","@id":"https:\/\/ucm.one\/de\/produkt\/repentance-volume-i-reborn\/#breadcrumb","itemListElement":[{"@type":"ListItem","position":1,"name":"Home","item":"https:\/\/ucm.one\/de\/"},{"@type":"ListItem","position":2,"name":"Shop","item":"https:\/\/ucm.one\/de\/shop\/"},{"@type":"ListItem","position":3,"name":"Repentance &#8211; Volume I \u2013 Reborn"}]},{"@type":"WebSite","@id":"https:\/\/ucm.one\/de\/#website","url":"https:\/\/ucm.one\/de\/","name":"UCM.ONE","description":"","publisher":{"@id":"https:\/\/ucm.one\/de\/#organization"},"potentialAction":[{"@type":"SearchAction","target":{"@type":"EntryPoint","urlTemplate":"https:\/\/ucm.one\/de\/?s={search_term_string}"},"query-input":{"@type":"PropertyValueSpecification","valueRequired":true,"valueName":"search_term_string"}}],"inLanguage":"de"},{"@type":"Organization","@id":"https:\/\/ucm.one\/de\/#organization","name":"UCM.ONE","url":"https:\/\/ucm.one\/de\/","logo":{"@type":"ImageObject","inLanguage":"de","@id":"https:\/\/ucm.one\/de\/#\/schema\/logo\/image\/","url":"https:\/\/ucm.one\/wp-content\/uploads\/2019\/10\/UCM.ONE-Logo-RGB.svg","contentUrl":"https:\/\/ucm.one\/wp-content\/uploads\/2019\/10\/UCM.ONE-Logo-RGB.svg","width":1,"height":1,"caption":"UCM.ONE"},"image":{"@id":"https:\/\/ucm.one\/de\/#\/schema\/logo\/image\/"}}]}},"_links":{"self":[{"href":"https:\/\/ucm.one\/de\/wp-json\/wp\/v2\/product\/60162","targetHints":{"allow":["GET"]}}],"collection":[{"href":"https:\/\/ucm.one\/de\/wp-json\/wp\/v2\/product"}],"about":[{"href":"https:\/\/ucm.one\/de\/wp-json\/wp\/v2\/types\/product"}],"replies":[{"embeddable":true,"href":"https:\/\/ucm.one\/de\/wp-json\/wp\/v2\/comments?post=60162"}],"wp:featuredmedia":[{"embeddable":true,"href":"https:\/\/ucm.one\/de\/wp-json\/wp\/v2\/media\/58313"}],"wp:attachment":[{"href":"https:\/\/ucm.one\/de\/wp-json\/wp\/v2\/media?parent=60162"}],"wp:term":[{"taxonomy":"product_brand","embeddable":true,"href":"https:\/\/ucm.one\/de\/wp-json\/wp\/v2\/product_brand?post=60162"},{"taxonomy":"product_cat","embeddable":true,"href":"https:\/\/ucm.one\/de\/wp-json\/wp\/v2\/product_cat?post=60162"},{"taxonomy":"product_tag","embeddable":true,"href":"https:\/\/ucm.one\/de\/wp-json\/wp\/v2\/product_tag?post=60162"}],"curies":[{"name":"wp","href":"https:\/\/api.w.org\/{rel}","templated":true}]}}