{"id":60156,"date":"2021-12-12T02:06:23","date_gmt":"2021-12-12T02:06:23","guid":{"rendered":"https:\/\/ucm.one\/?post_type=product&#038;p=60156"},"modified":"2023-09-03T20:25:19","modified_gmt":"2023-09-03T20:25:19","slug":"zornheym-keep-the-devil-away-t-shirt","status":"publish","type":"product","link":"https:\/\/ucm.one\/de\/produkt\/zornheym-keep-the-devil-away-t-shirt\/","title":{"rendered":"Zornheym &#8211; Keep The Devil Away (T-Shirt)"},"content":{"rendered":"<div class=\"wpb-content-wrapper\"><div class=\"vc_row wpb_row vc_row-fluid\">\n<div class=\"wpb_column vc_column_container vc_col-sm-12\">\n<div class=\"vc_column-inner\">\n<div class=\"wpb_wrapper\">\n<div class=\"wpb_text_column wpb_content_element \">\n<div class=\"wpb_wrapper\">\n<div class=\"wpb_text_column wpb_content_element \">\n<div class=\"wpb_wrapper\">\n<p>Das von der Kritik gefeierte Deb\u00fctalbum der Band, \u201c<strong>Where Hatred Dwells and Darkness Reigns<\/strong>\u201c, \u00f6ffnete 2017 die T\u00fcren der Einrichtung und stellte das erschreckende Konzept und die grausamen Charaktere darin vor. Vier Jahre sp\u00e4ter und mit 10 neuen Tracks, macht das neue Album von <strong>Zornheym<\/strong>\u00a0da weiter, wo sie mit dem Vorg\u00e4nger aufgeh\u00f6rt haben und l\u00e4dt den H\u00f6rer auf eine verst\u00f6rende Reise in die Tiefen der Anstalt.<\/p>\n<\/div>\n<\/div>\n<div class=\"wpb_text_column wpb_content_element \">\n<div class=\"wpb_wrapper\">\n<p>Wieder einmal erschaffen <strong>Zornheym<\/strong>\u00a0ihre ganz eigene Wall of Sound, indem sie einen echten Chor und ein Streichquartett einsetzen und die Geschichte in einer Graphic Novel zum Leben erwecken, welche die Handlung hinter dem Album begleitet und vertieft! \u201c<strong>The Zornheim Sleep Experiment<\/strong>\u201d erscheint\u00a0auf CD und Vinyl auf dem deutschen Label\u00a0<strong>Noble Demon.\u00a0<\/strong>Mit der neuen Single und dem dazugeh\u00f6rigen Musikvideo zu \u201c<strong><span lang=\"EN-GB\">Keep The Devil Away<\/span><\/strong>\u201d gab es den ersten musikalischen Eindruck zum Album.<\/p>\n<div class=\"wpb_text_column wpb_content_element \">\n<div class=\"wpb_wrapper\"><\/div>\n<\/div>\n<\/div>\n<\/div>\n<\/div>\n<\/div>\n<\/div>\n<\/div>\n<\/div>\n<\/div>\n<div class=\"vc_row wpb_row vc_row-fluid\">\n<div class=\"wpb_column vc_column_container vc_col-sm-3\/5\">\n<div class=\"vc_column-inner\">\n<div class=\"wpb_wrapper\">\n<div class=\"wpb_text_column wpb_content_element \">\n<div class=\"wpb_wrapper\">\n<div class=\"wpb_text_column wpb_content_element \">\n<div class=\"wpb_wrapper\">\n<div><div class=\"gap\" style=\"line-height: 20px; height: 20px;\"><\/div><\/div>\n<h5>Weitere Informationen<\/h5>\n<\/div>\n<div>\n<div>\n<table style=\"height: 46px; width: 100%; border-collapse: collapse; border-color: #ffffff; background-color: #ffffff; border-style: hidden;\">\n<tbody>\n<tr style=\"height: 23px; border-style: hidden; border-color: #ffffff; background-color: #ffffff;\">\n<td style=\"width: 4.058146577831617%; height: 23px;\">Band:<\/td>\n<td style=\"width: 95.94185342216838%; height: 23px;\"><a title=\"Zornheym | Noble Demon\" href=\"https:\/\/ucm.one\/de\/zornheym\/\">Zornheym<\/a><\/td>\n<\/tr>\n<tr style=\"height: 23px;\">\n<td style=\"width: 4.058146577831617%; height: 23px;\">Label:<\/td>\n<td style=\"width: 95.94185342216838%; height: 23px;\"><a title=\"Noble Demon\" href=\"https:\/\/ucm.one\/de\/musik-labels\/noble-demon\/\">Noble Demon<\/a><\/td>\n<\/tr>\n<\/tbody>\n<\/table>\n<\/div>\n<div><\/div>\n<div><div class=\"gap\" style=\"line-height: 10px; height: 10px;\"><\/div><\/div>\n<div>\u2117 &amp; \u00a9 2021 <strong>Noble Demon<\/strong> \/ <span style=\"font-family: 'arial black', sans-serif;\"><strong>UCM.ONE<\/strong><\/span><\/div>\n<div><div class=\"gap\" style=\"line-height: 20px; height: 20px;\"><\/div><\/div>\n<div>\n<div><\/div>\n<div><div class=\"gap\" style=\"line-height: 10px; height: 10px;\"><\/div><\/div>\n<div><span style=\"color: #003a80;\"><strong>\u27a0 <a style=\"color: #003a80;\" title=\"\" href=\"https:\/\/ucm.one\/de\/produkt-kategorie\/art-de\/musik-de\/\">zum Shop<\/a><\/strong><\/span><\/div>\n<div><div class=\"gap\" style=\"line-height: 20px; height: 20px;\"><\/div><\/div>\n<\/div>\n<\/div>\n<\/div>\n<\/div>\n<\/div>\n<\/div>\n<\/div>\n<\/div>\n<\/div>\n<\/div>","protected":false},"excerpt":{"rendered":"<p>Band:\u00a0<a href=\"https:\/\/ucm.one\/de\/?s=zornheym&amp;post_type=product\"><strong>Zornheym<\/strong><\/a><\/p>\n<p>Label:\u00a0<a href=\"https:\/\/ucm.one\/de\/produkt-kategorie\/label-musik-de\/noble-demon-de\/\"><strong>Noble Demon<\/strong><\/a><\/p>\n<p>Art: <strong><a href=\"https:\/\/ucm.one\/de\/produkt-kategorie\/art-de\/musik-de\/\">Musik<\/a> (<a href=\"https:\/\/ucm.one\/de\/produkt-kategorie\/merchandise-de\/\">Merchandise<\/a>)<\/strong><\/p>\n<p>Genres: <strong><a href=\"https:\/\/ucm.one\/de\/produkt-kategorie\/genre-musik-de\/metal-de\/\">Metal<\/a>, <a href=\"https:\/\/ucm.one\/de\/produkt-kategorie\/genre-musik-de\/metal-de\/symphonic-metal-de\/\">Symphonic Metal<\/a><\/strong><\/p>\n<p>Jahr: <strong>2021<\/strong><\/p>\n<p>Format: <strong>T-Shirt<\/strong><\/p>\n","protected":false},"featured_media":55582,"comment_status":"open","ping_status":"closed","template":"","meta":{"_acf_changed":false},"product_brand":[],"product_cat":[9756,9713,9823,10400,10401,10405,9753],"product_tag":[10415,9763,10416,9765,9785,10958,10966,10411,10412,10413],"class_list":{"0":"post-60156","1":"product","2":"type-product","3":"status-publish","4":"has-post-thumbnail","6":"product_cat-noble-demon-de","7":"product_cat-musik-de","8":"product_cat-doom-metal-de","9":"product_cat-merchandise-de","10":"product_cat-t-shirt-de","11":"product_cat-symphonic-metal-de","12":"product_cat-metal-de","13":"product_tag-schweden","14":"product_tag-noble-demon","15":"product_tag-stockholm","16":"product_tag-heavy-metal","17":"product_tag-dark-funeral","18":"product_tag-t-shirt","19":"product_tag-keep-the-devil-away","20":"product_tag-zornheym","21":"product_tag-zorn","22":"product_tag-the-zornheim-sleep-experiment","23":"product_shipping_class-t-shirt-2","24":"description-off","26":"first","27":"instock","28":"taxable","29":"shipping-taxable","30":"purchasable","31":"product-type-variable"},"acf":[],"yoast_head":"<!-- This site is optimized with the Yoast SEO plugin v27.2 - https:\/\/yoast.com\/product\/yoast-seo-wordpress\/ -->\n<title>Zornheym - Keep The Devil Away (T-Shirt)<\/title>\n<meta name=\"description\" content=\"Shop | Zornheym - Keep The Devil Away (T-Shirt) | 2021 | Noble Demon | T-Shirt\" \/>\n<meta name=\"robots\" content=\"index, follow, max-snippet:-1, max-image-preview:large, max-video-preview:-1\" \/>\n<link rel=\"canonical\" href=\"https:\/\/ucm.one\/de\/produkt\/zornheym-keep-the-devil-away-t-shirt\/\" \/>\n<meta property=\"og:locale\" content=\"de_DE\" \/>\n<meta property=\"og:type\" content=\"article\" \/>\n<meta property=\"og:title\" content=\"Zornheym - Keep The Devil Away (T-Shirt)\" \/>\n<meta property=\"og:description\" content=\"Shop | Zornheym - Keep The Devil Away (T-Shirt) | 2021 | Noble Demon | T-Shirt\" \/>\n<meta property=\"og:url\" content=\"https:\/\/ucm.one\/de\/produkt\/zornheym-keep-the-devil-away-t-shirt\/\" \/>\n<meta property=\"og:site_name\" content=\"UCM.ONE\" \/>\n<meta property=\"article:modified_time\" content=\"2023-09-03T20:25:19+00:00\" \/>\n<meta property=\"og:image\" content=\"https:\/\/ucm.one\/wp-content\/uploads\/2021\/08\/M-Zornheym-T-Shirt-Keep-the-devil-away-2a.jpg\" \/>\n<meta name=\"twitter:card\" content=\"summary_large_image\" \/>\n<meta name=\"twitter:title\" content=\"Zornheym - Keep The Devil Away (T-Shirt)\" \/>\n<meta name=\"twitter:description\" content=\"Shop | Zornheym - Keep The Devil Away (T-Shirt) | 2021 | Noble Demon | T-Shirt\" \/>\n<meta name=\"twitter:image\" content=\"https:\/\/ucm.one\/wp-content\/uploads\/2021\/08\/M-Zornheym-T-Shirt-Keep-the-devil-away-2a.jpg\" \/>\n<meta name=\"twitter:label1\" content=\"Gesch\u00e4tzte Lesezeit\" \/>\n\t<meta name=\"twitter:data1\" content=\"1\u00a0Minute\" \/>\n<!-- \/ Yoast SEO plugin. -->","yoast_head_json":{"title":"Zornheym - Keep The Devil Away (T-Shirt)","description":"Shop | Zornheym - Keep The Devil Away (T-Shirt) | 2021 | Noble Demon | T-Shirt","robots":{"index":"index","follow":"follow","max-snippet":"max-snippet:-1","max-image-preview":"max-image-preview:large","max-video-preview":"max-video-preview:-1"},"canonical":"https:\/\/ucm.one\/de\/produkt\/zornheym-keep-the-devil-away-t-shirt\/","og_locale":"de_DE","og_type":"article","og_title":"Zornheym - Keep The Devil Away (T-Shirt)","og_description":"Shop | Zornheym - Keep The Devil Away (T-Shirt) | 2021 | Noble Demon | T-Shirt","og_url":"https:\/\/ucm.one\/de\/produkt\/zornheym-keep-the-devil-away-t-shirt\/","og_site_name":"UCM.ONE","article_modified_time":"2023-09-03T20:25:19+00:00","og_image":[{"url":"https:\/\/ucm.one\/wp-content\/uploads\/2021\/08\/M-Zornheym-T-Shirt-Keep-the-devil-away-2a.jpg","type":"","width":"","height":""}],"twitter_card":"summary_large_image","twitter_title":"Zornheym - Keep The Devil Away (T-Shirt)","twitter_description":"Shop | Zornheym - Keep The Devil Away (T-Shirt) | 2021 | Noble Demon | T-Shirt","twitter_image":"https:\/\/ucm.one\/wp-content\/uploads\/2021\/08\/M-Zornheym-T-Shirt-Keep-the-devil-away-2a.jpg","twitter_misc":{"Gesch\u00e4tzte Lesezeit":"1\u00a0Minute"},"schema":{"@context":"https:\/\/schema.org","@graph":[{"@type":"WebPage","@id":"https:\/\/ucm.one\/de\/produkt\/zornheym-keep-the-devil-away-t-shirt\/","url":"https:\/\/ucm.one\/de\/produkt\/zornheym-keep-the-devil-away-t-shirt\/","name":"Zornheym - Keep The Devil Away (T-Shirt)","isPartOf":{"@id":"https:\/\/ucm.one\/de\/#website"},"primaryImageOfPage":{"@id":"https:\/\/ucm.one\/de\/produkt\/zornheym-keep-the-devil-away-t-shirt\/#primaryimage"},"image":{"@id":"https:\/\/ucm.one\/de\/produkt\/zornheym-keep-the-devil-away-t-shirt\/#primaryimage"},"thumbnailUrl":"https:\/\/ucm.one\/wp-content\/uploads\/2021\/08\/M-Zornheym-T-Shirt-Keep-the-devil-away-2a.jpg","datePublished":"2021-12-12T02:06:23+00:00","dateModified":"2023-09-03T20:25:19+00:00","description":"Shop | Zornheym - Keep The Devil Away (T-Shirt) | 2021 | Noble Demon | T-Shirt","breadcrumb":{"@id":"https:\/\/ucm.one\/de\/produkt\/zornheym-keep-the-devil-away-t-shirt\/#breadcrumb"},"inLanguage":"de","potentialAction":[{"@type":"ReadAction","target":["https:\/\/ucm.one\/de\/produkt\/zornheym-keep-the-devil-away-t-shirt\/"]}]},{"@type":"ImageObject","inLanguage":"de","@id":"https:\/\/ucm.one\/de\/produkt\/zornheym-keep-the-devil-away-t-shirt\/#primaryimage","url":"https:\/\/ucm.one\/wp-content\/uploads\/2021\/08\/M-Zornheym-T-Shirt-Keep-the-devil-away-2a.jpg","contentUrl":"https:\/\/ucm.one\/wp-content\/uploads\/2021\/08\/M-Zornheym-T-Shirt-Keep-the-devil-away-2a.jpg","width":1200,"height":1200},{"@type":"BreadcrumbList","@id":"https:\/\/ucm.one\/de\/produkt\/zornheym-keep-the-devil-away-t-shirt\/#breadcrumb","itemListElement":[{"@type":"ListItem","position":1,"name":"Home","item":"https:\/\/ucm.one\/de\/"},{"@type":"ListItem","position":2,"name":"Shop","item":"https:\/\/ucm.one\/de\/shop\/"},{"@type":"ListItem","position":3,"name":"Zornheym &#8211; Keep The Devil Away (T-Shirt)"}]},{"@type":"WebSite","@id":"https:\/\/ucm.one\/de\/#website","url":"https:\/\/ucm.one\/de\/","name":"UCM.ONE","description":"","publisher":{"@id":"https:\/\/ucm.one\/de\/#organization"},"potentialAction":[{"@type":"SearchAction","target":{"@type":"EntryPoint","urlTemplate":"https:\/\/ucm.one\/de\/?s={search_term_string}"},"query-input":{"@type":"PropertyValueSpecification","valueRequired":true,"valueName":"search_term_string"}}],"inLanguage":"de"},{"@type":"Organization","@id":"https:\/\/ucm.one\/de\/#organization","name":"UCM.ONE","url":"https:\/\/ucm.one\/de\/","logo":{"@type":"ImageObject","inLanguage":"de","@id":"https:\/\/ucm.one\/de\/#\/schema\/logo\/image\/","url":"https:\/\/ucm.one\/wp-content\/uploads\/2019\/10\/UCM.ONE-Logo-RGB.svg","contentUrl":"https:\/\/ucm.one\/wp-content\/uploads\/2019\/10\/UCM.ONE-Logo-RGB.svg","width":1,"height":1,"caption":"UCM.ONE"},"image":{"@id":"https:\/\/ucm.one\/de\/#\/schema\/logo\/image\/"}}]}},"_links":{"self":[{"href":"https:\/\/ucm.one\/de\/wp-json\/wp\/v2\/product\/60156","targetHints":{"allow":["GET"]}}],"collection":[{"href":"https:\/\/ucm.one\/de\/wp-json\/wp\/v2\/product"}],"about":[{"href":"https:\/\/ucm.one\/de\/wp-json\/wp\/v2\/types\/product"}],"replies":[{"embeddable":true,"href":"https:\/\/ucm.one\/de\/wp-json\/wp\/v2\/comments?post=60156"}],"wp:featuredmedia":[{"embeddable":true,"href":"https:\/\/ucm.one\/de\/wp-json\/wp\/v2\/media\/55582"}],"wp:attachment":[{"href":"https:\/\/ucm.one\/de\/wp-json\/wp\/v2\/media?parent=60156"}],"wp:term":[{"taxonomy":"product_brand","embeddable":true,"href":"https:\/\/ucm.one\/de\/wp-json\/wp\/v2\/product_brand?post=60156"},{"taxonomy":"product_cat","embeddable":true,"href":"https:\/\/ucm.one\/de\/wp-json\/wp\/v2\/product_cat?post=60156"},{"taxonomy":"product_tag","embeddable":true,"href":"https:\/\/ucm.one\/de\/wp-json\/wp\/v2\/product_tag?post=60156"}],"curies":[{"name":"wp","href":"https:\/\/api.w.org\/{rel}","templated":true}]}}