{"id":60110,"date":"2021-12-11T23:01:48","date_gmt":"2021-12-11T23:01:48","guid":{"rendered":"https:\/\/ucm.one\/?post_type=product&#038;p=60110"},"modified":"2026-03-21T11:42:11","modified_gmt":"2026-03-21T11:42:11","slug":"mercury-circle-killing-moons-t-shirt","status":"publish","type":"product","link":"https:\/\/ucm.one\/de\/produkt\/mercury-circle-killing-moons-t-shirt\/","title":{"rendered":"Mercury Circle &#8211; Killing Moons (T-Shirt)"},"content":{"rendered":"<div class=\"wpb-content-wrapper\"><div class=\"wpb_text_column wpb_content_element \">\n<div class=\"wpb_wrapper\">\n<div class=\"\">\n<div class=\"wpb_text_column wpb_content_element \">\n<div class=\"wpb_wrapper\">\n<div class=\"wpb_text_column wpb_content_element \">\n<div class=\"wpb_wrapper\">\n<div class=\"\">\n<div class=\"wpb_text_column wpb_content_element \">\n<div class=\"wpb_wrapper\">\n<div class=\"\">\n<div class=\"\">\n<div class=\"wpb_text_column wpb_content_element \">\n<div class=\"wpb_wrapper\">\n<div class=\"wpb_text_column wpb_content_element \">\n<div class=\"wpb_wrapper\">\n<div class=\"\">\n<div class=\"wpb_text_column wpb_content_element \">\n<div class=\"wpb_wrapper\">\n<div class=\"\">\n<div class=\"\">\n<div class=\"vc_row wpb_row vc_row-fluid\">\n<div class=\"wpb_column vc_column_container vc_col-sm-12\">\n<div class=\"vc_column-inner\">\n<div class=\"wpb_wrapper\">\n<div class=\"wpb_text_column wpb_content_element \">\n<div class=\"wpb_wrapper\">\n<div class=\"\">\n<div class=\"\">Nach ihrer von der Kritik hochgelobten \u201c<strong>The Dawn Of Vitriol<\/strong>\u201d EP (2020) haben\u00a0<strong>Mercury Circle<\/strong>\u00a0nun das Deb\u00fctalbum \u201c<strong>Killing Moons<\/strong>\u201d \u00fcber das deutsche Label\u00a0<strong>Noble Demon<\/strong>\u00a0ver\u00f6ffentlicht.\u00a0<strong>Mercury Circle<\/strong>\u00a0wurden 2018 von\u00a0<strong>Jaani Peuhu<\/strong>\u00a0(<strong>Iconcrash<\/strong>\u00a0und\u00a0<strong>Swallow the Sun<\/strong>) ins Leben gerufen und bestehen aus Mitgliedern von\u00a0<strong>Children od Boom<\/strong>,\u00a0<strong>Sleep of Monsters<\/strong>\u00a0und mehr. Sie kreieren eine abwechslungsreiche Mischung aus dunklem Rock mit elektrisierendem Synth-Wave und langsamem, epischem Doom. Eine vielf\u00e4ltige Mischung atmosph\u00e4rischer Kl\u00e4nge und zutiefst kraftvolle Musik, die den H\u00f6rer auf eine alles verschlingende Reise in unvorstellbare Sph\u00e4ren entf\u00fchrt.<\/div>\n<\/div>\n<\/div>\n<\/div>\n<\/div>\n<\/div>\n<\/div>\n<\/div>\n<div class=\"vc_row wpb_row vc_row-fluid\">\n<div class=\"wpb_column vc_column_container vc_col-sm-9\">\n<div class=\"vc_column-inner\">\n<div class=\"wpb_wrapper\">\n<div class=\"wpb_text_column wpb_content_element \">\n<div class=\"wpb_wrapper\">\n<div class=\"\">\n<div class=\"\">\n<div class=\"\">\n<div class=\"\">\n<p>&nbsp;<\/p>\n<\/div>\n<\/div>\n<\/div>\n<\/div>\n<\/div>\n<\/div>\n<\/div>\n<\/div>\n<\/div>\n<\/div>\n<\/div>\n<\/div>\n<\/div>\n<\/div>\n<\/div>\n<\/div>\n<\/div>\n<\/div>\n<\/div>\n<\/div>\n<\/div>\n<\/div>\n<\/div>\n<\/div>\n<\/div>\n<\/div>\n<\/div>\n<\/div>\n<\/div>\n<\/div>\n<\/div>\n<div><div class=\"gap\" style=\"line-height: 20px; height: 20px;\"><\/div><\/div>\n<h5>Weitere Informationen<\/h5>\n<div>\n<div>\n<table style=\"height: 46px; width: 100%; border-collapse: collapse; border-color: #ffffff; background-color: #ffffff; border-style: hidden;\">\n<tbody>\n<tr style=\"height: 23px; border-style: hidden; border-color: #ffffff; background-color: #ffffff;\">\n<td style=\"width: 4.701195219123506%; height: 23px; border-style: hidden;\">Band:<\/td>\n<td style=\"width: 95.29880478087651%; height: 23px; border-style: hidden;\"><a title=\"Mercury Circle | Noble Demon\" href=\"https:\/\/ucm.one\/de\/mercury-circle\/\">Mercury Circle<\/a><\/td>\n<\/tr>\n<tr style=\"height: 23px;\">\n<td style=\"width: 4.701195219123506%; height: 23px; border-style: hidden;\">Label:<\/td>\n<td style=\"width: 95.29880478087651%; height: 23px; border-style: hidden;\"><a title=\"Noble Demon\" href=\"https:\/\/ucm.one\/de\/musik-labels\/noble-demon\/\">Noble Demon<\/a><\/td>\n<\/tr>\n<\/tbody>\n<\/table>\n<\/div>\n<div><\/div>\n<\/div>\n<div>\n<div><div class=\"gap\" style=\"line-height: 10px; height: 10px;\"><\/div><\/div>\n<div>\u2117 &amp; \u00a9 2021\u00a0<strong>Noble Demon<\/strong> \/ <span style=\"font-family: 'arial black', sans-serif;\"><strong>UCM.ONE<\/strong><\/span><\/div>\n<div><div class=\"gap\" style=\"line-height: 20px; height: 20px;\"><\/div><\/div>\n<div>\n<div><\/div>\n<div><div class=\"gap\" style=\"line-height: 10px; height: 10px;\"><\/div><\/div>\n<div><span style=\"color: #003a80;\"><strong>\u27a0 <a style=\"color: #003a80;\" title=\"\" href=\"https:\/\/ucm.one\/de\/produkt-kategorie\/art-de\/musik-de\/\">zum Shop<\/a><\/strong><\/span><\/div>\n<div><div class=\"gap\" style=\"line-height: 20px; height: 20px;\"><\/div><\/div>\n<\/div>\n<\/div>\n<\/div>","protected":false},"excerpt":{"rendered":"<p>Band:\u00a0<a href=\"https:\/\/ucm.one\/de\/?s=%22Mercury+Circle%22&amp;post_type=product\"><b>Mercury Circle<\/b><\/a><\/p>\n<p>Label:\u00a0<a href=\"https:\/\/ucm.one\/de\/produkt-kategorie\/label-musik-de\/noble-demon-de\/\"><b>Noble Demon<\/b><\/a><\/p>\n<p>Art: <strong><a href=\"https:\/\/ucm.one\/de\/produkt-kategorie\/art-de\/musik-de\/\">Musik<\/a> (<a href=\"https:\/\/ucm.one\/de\/produkt-kategorie\/merchandise-de\/\">Merchandise<\/a>)<\/strong><\/p>\n<p>Genres: <b><a href=\"https:\/\/ucm.one\/de\/produkt-kategorie\/genre-musik-de\/metal-de\/doom-metal-de\/\">New Doom<\/a>, <a href=\"https:\/\/ucm.one\/de\/produkt-kategorie\/genre-musik-de\/rock-de\/gothic-rock-de\/\">Gothic Rock<\/a><\/b><\/p>\n<p>Jahr: <strong>2021<\/strong><\/p>\n<p>Formate: <b>T-Shirt<\/b><\/p>\n","protected":false},"featured_media":60113,"comment_status":"open","ping_status":"closed","template":"","meta":{"_acf_changed":false},"product_brand":[],"product_cat":[9713,9756,10400,10363,10401,10364,10365],"product_tag":[10370,10371,9763,10372,9764,10366,10367,10368,10369],"class_list":{"0":"post-60110","1":"product","2":"type-product","3":"status-publish","4":"has-post-thumbnail","6":"product_cat-musik-de","7":"product_cat-noble-demon-de","8":"product_cat-merchandise-de","9":"product_cat-gothic-rock-de","10":"product_cat-t-shirt-de","11":"product_cat-elektronica-de","12":"product_cat-gothic-electronic-de","13":"product_tag-sleep-of-monsters","14":"product_tag-iconcrash","15":"product_tag-noble-demon","16":"product_tag-swallow-the-sun","17":"product_tag-metal","18":"product_tag-mercury-circle","19":"product_tag-killing-moons","20":"product_tag-jaani-peuhu","21":"product_tag-children-od-boom","22":"product_shipping_class-t-shirt-2","23":"description-off","25":"first","26":"instock","27":"taxable","28":"shipping-taxable","29":"purchasable","30":"product-type-variable"},"acf":[],"yoast_head":"<!-- This site is optimized with the Yoast SEO plugin v27.5 - https:\/\/yoast.com\/product\/yoast-seo-wordpress\/ -->\n<title>Mercury Circle - Killong Moons (T-Shirt)<\/title>\n<meta name=\"description\" content=\"Shop | Mercury Circle - Killing Moons | 2021 | Noble Demon | T-Shirt\" \/>\n<meta name=\"robots\" content=\"index, follow, max-snippet:-1, max-image-preview:large, max-video-preview:-1\" \/>\n<link rel=\"canonical\" href=\"https:\/\/ucm.one\/de\/produkt\/mercury-circle-killing-moons-t-shirt\/\" \/>\n<meta property=\"og:locale\" content=\"de_DE\" \/>\n<meta property=\"og:type\" content=\"article\" \/>\n<meta property=\"og:title\" content=\"Mercury Circle - Killong Moons (T-Shirt)\" \/>\n<meta property=\"og:description\" content=\"Shop | Mercury Circle - Killing Moons | 2021 | Noble Demon | T-Shirt\" \/>\n<meta property=\"og:url\" content=\"https:\/\/ucm.one\/de\/produkt\/mercury-circle-killing-moons-t-shirt\/\" \/>\n<meta property=\"og:site_name\" content=\"UCM.ONE\" \/>\n<meta property=\"article:modified_time\" content=\"2026-03-21T11:42:11+00:00\" \/>\n<meta property=\"og:image\" content=\"https:\/\/ucm.one\/wp-content\/uploads\/2021\/12\/T-Mercury-Circle-Killing-Moons.jpg\" \/>\n<meta name=\"twitter:card\" content=\"summary_large_image\" \/>\n<meta name=\"twitter:title\" content=\"Mercury Circle - Killong Moons (T-Shirt)\" \/>\n<meta name=\"twitter:description\" content=\"Shop | Mercury Circle - Killing Moons | 2021 | Noble Demon | T-Shirt\" \/>\n<meta name=\"twitter:image\" content=\"https:\/\/ucm.one\/wp-content\/uploads\/2021\/12\/T-Mercury-Circle-Killing-Moons.jpg\" \/>\n<meta name=\"twitter:label1\" content=\"Gesch\u00e4tzte Lesezeit\" \/>\n\t<meta name=\"twitter:data1\" content=\"1\u00a0Minute\" \/>\n<!-- \/ Yoast SEO plugin. -->","yoast_head_json":{"title":"Mercury Circle - Killong Moons (T-Shirt)","description":"Shop | Mercury Circle - Killing Moons | 2021 | Noble Demon | T-Shirt","robots":{"index":"index","follow":"follow","max-snippet":"max-snippet:-1","max-image-preview":"max-image-preview:large","max-video-preview":"max-video-preview:-1"},"canonical":"https:\/\/ucm.one\/de\/produkt\/mercury-circle-killing-moons-t-shirt\/","og_locale":"de_DE","og_type":"article","og_title":"Mercury Circle - Killong Moons (T-Shirt)","og_description":"Shop | Mercury Circle - Killing Moons | 2021 | Noble Demon | T-Shirt","og_url":"https:\/\/ucm.one\/de\/produkt\/mercury-circle-killing-moons-t-shirt\/","og_site_name":"UCM.ONE","article_modified_time":"2026-03-21T11:42:11+00:00","og_image":[{"url":"https:\/\/ucm.one\/wp-content\/uploads\/2021\/12\/T-Mercury-Circle-Killing-Moons.jpg","type":"","width":"","height":""}],"twitter_card":"summary_large_image","twitter_title":"Mercury Circle - Killong Moons (T-Shirt)","twitter_description":"Shop | Mercury Circle - Killing Moons | 2021 | Noble Demon | T-Shirt","twitter_image":"https:\/\/ucm.one\/wp-content\/uploads\/2021\/12\/T-Mercury-Circle-Killing-Moons.jpg","twitter_misc":{"Gesch\u00e4tzte Lesezeit":"1\u00a0Minute"},"schema":{"@context":"https:\/\/schema.org","@graph":[{"@type":"WebPage","@id":"https:\/\/ucm.one\/de\/produkt\/mercury-circle-killing-moons-t-shirt\/","url":"https:\/\/ucm.one\/de\/produkt\/mercury-circle-killing-moons-t-shirt\/","name":"Mercury Circle - Killong Moons (T-Shirt)","isPartOf":{"@id":"https:\/\/ucm.one\/de\/#website"},"primaryImageOfPage":{"@id":"https:\/\/ucm.one\/de\/produkt\/mercury-circle-killing-moons-t-shirt\/#primaryimage"},"image":{"@id":"https:\/\/ucm.one\/de\/produkt\/mercury-circle-killing-moons-t-shirt\/#primaryimage"},"thumbnailUrl":"https:\/\/ucm.one\/wp-content\/uploads\/2021\/12\/T-Mercury-Circle-Killing-Moons.jpg","datePublished":"2021-12-11T23:01:48+00:00","dateModified":"2026-03-21T11:42:11+00:00","description":"Shop | Mercury Circle - Killing Moons | 2021 | Noble Demon | T-Shirt","breadcrumb":{"@id":"https:\/\/ucm.one\/de\/produkt\/mercury-circle-killing-moons-t-shirt\/#breadcrumb"},"inLanguage":"de","potentialAction":[{"@type":"ReadAction","target":["https:\/\/ucm.one\/de\/produkt\/mercury-circle-killing-moons-t-shirt\/"]}]},{"@type":"ImageObject","inLanguage":"de","@id":"https:\/\/ucm.one\/de\/produkt\/mercury-circle-killing-moons-t-shirt\/#primaryimage","url":"https:\/\/ucm.one\/wp-content\/uploads\/2021\/12\/T-Mercury-Circle-Killing-Moons.jpg","contentUrl":"https:\/\/ucm.one\/wp-content\/uploads\/2021\/12\/T-Mercury-Circle-Killing-Moons.jpg","width":1200,"height":1200},{"@type":"BreadcrumbList","@id":"https:\/\/ucm.one\/de\/produkt\/mercury-circle-killing-moons-t-shirt\/#breadcrumb","itemListElement":[{"@type":"ListItem","position":1,"name":"Home","item":"https:\/\/ucm.one\/de\/"},{"@type":"ListItem","position":2,"name":"Shop","item":"https:\/\/ucm.one\/de\/shop\/"},{"@type":"ListItem","position":3,"name":"Mercury Circle &#8211; Killing Moons (T-Shirt)"}]},{"@type":"WebSite","@id":"https:\/\/ucm.one\/de\/#website","url":"https:\/\/ucm.one\/de\/","name":"UCM.ONE","description":"","publisher":{"@id":"https:\/\/ucm.one\/de\/#organization"},"potentialAction":[{"@type":"SearchAction","target":{"@type":"EntryPoint","urlTemplate":"https:\/\/ucm.one\/de\/?s={search_term_string}"},"query-input":{"@type":"PropertyValueSpecification","valueRequired":true,"valueName":"search_term_string"}}],"inLanguage":"de"},{"@type":"Organization","@id":"https:\/\/ucm.one\/de\/#organization","name":"UCM.ONE","url":"https:\/\/ucm.one\/de\/","logo":{"@type":"ImageObject","inLanguage":"de","@id":"https:\/\/ucm.one\/de\/#\/schema\/logo\/image\/","url":"https:\/\/ucm.one\/wp-content\/uploads\/2019\/10\/UCM.ONE-Logo-RGB.svg","contentUrl":"https:\/\/ucm.one\/wp-content\/uploads\/2019\/10\/UCM.ONE-Logo-RGB.svg","width":1,"height":1,"caption":"UCM.ONE"},"image":{"@id":"https:\/\/ucm.one\/de\/#\/schema\/logo\/image\/"}}]}},"_links":{"self":[{"href":"https:\/\/ucm.one\/de\/wp-json\/wp\/v2\/product\/60110","targetHints":{"allow":["GET"]}}],"collection":[{"href":"https:\/\/ucm.one\/de\/wp-json\/wp\/v2\/product"}],"about":[{"href":"https:\/\/ucm.one\/de\/wp-json\/wp\/v2\/types\/product"}],"replies":[{"embeddable":true,"href":"https:\/\/ucm.one\/de\/wp-json\/wp\/v2\/comments?post=60110"}],"wp:featuredmedia":[{"embeddable":true,"href":"https:\/\/ucm.one\/de\/wp-json\/wp\/v2\/media\/60113"}],"wp:attachment":[{"href":"https:\/\/ucm.one\/de\/wp-json\/wp\/v2\/media?parent=60110"}],"wp:term":[{"taxonomy":"product_brand","embeddable":true,"href":"https:\/\/ucm.one\/de\/wp-json\/wp\/v2\/product_brand?post=60110"},{"taxonomy":"product_cat","embeddable":true,"href":"https:\/\/ucm.one\/de\/wp-json\/wp\/v2\/product_cat?post=60110"},{"taxonomy":"product_tag","embeddable":true,"href":"https:\/\/ucm.one\/de\/wp-json\/wp\/v2\/product_tag?post=60110"}],"curies":[{"name":"wp","href":"https:\/\/api.w.org\/{rel}","templated":true}]}}