{"id":60103,"date":"2021-12-11T21:52:56","date_gmt":"2021-12-11T21:52:56","guid":{"rendered":"https:\/\/ucm.one\/?post_type=product&#038;p=60103"},"modified":"2026-04-08T08:21:10","modified_gmt":"2026-04-08T08:21:10","slug":"harthouse-t-shirt","status":"publish","type":"product","link":"https:\/\/ucm.one\/de\/produkt\/harthouse-t-shirt\/","title":{"rendered":"Harthouse (T-Shirt)"},"content":{"rendered":"<div class=\"wpb-content-wrapper\"><div class=\"wpb_text_column wpb_content_element \">\n<div class=\"wpb_wrapper\">\n<div class=\"\">\n<div class=\"wpb_text_column wpb_content_element \">\n<div class=\"wpb_wrapper\">\n<div class=\"wpb_text_column wpb_content_element \">\n<div class=\"wpb_wrapper\">\n<div class=\"\">\n<div class=\"wpb_text_column wpb_content_element \">\n<div class=\"wpb_wrapper\">\n<div class=\"\">\n<div class=\"\">\n<div class=\"wpb_text_column wpb_content_element \">\n<div class=\"wpb_wrapper\">\n<div class=\"wpb_text_column wpb_content_element \">\n<div class=\"wpb_wrapper\">\n<div class=\"\">\n<div class=\"wpb_text_column wpb_content_element \">\n<div class=\"wpb_wrapper\">\n<div class=\"\">\n<div class=\"\">\n<div class=\"vc_row wpb_row vc_row-fluid\">\n<div class=\"wpb_column vc_column_container vc_col-sm-12\">\n<div class=\"vc_column-inner\">\n<div class=\"wpb_wrapper\">\n<div class=\"wpb_text_column wpb_content_element \">\n<div class=\"wpb_wrapper\">\n<div class=\"\">\n<div class=\"\">Im Laufe der Zeit \u00e4nderte sich auch immer mal wieder dezent das Logo und\/oder die Schriftfarbe des bekannten Schriftzuges des Labels Harthouse.. Meist dokumentierten diese \u00c4nderungen parallel stattfindende Ver\u00e4nderungen in oder um das Label selbst. So war z.B. in Frankfurt die Farbe T\u00fcrkis pr\u00e4gend, w\u00e4hrend in der Mannheimer Zeit der Schriftzug orange war. Die aktuelle Farbe des Logos ist, seitdem das Label in Berlin sitzt, rot. Dieses T-Shirt zeigt den aktuellen roten Schriftzug.<\/div>\n<\/div>\n<\/div>\n<\/div>\n<\/div>\n<\/div>\n<\/div>\n<\/div>\n<div class=\"vc_row wpb_row vc_row-fluid\">\n<div class=\"wpb_column vc_column_container vc_col-sm-9\">\n<div class=\"vc_column-inner\">\n<div class=\"wpb_wrapper\">\n<div class=\"wpb_text_column wpb_content_element \">\n<div class=\"wpb_wrapper\">\n<div class=\"\">\n<div class=\"\">\n<div class=\"\">\n<div class=\"\">\n<p>&nbsp;<\/p>\n<\/div>\n<\/div>\n<\/div>\n<\/div>\n<\/div>\n<\/div>\n<\/div>\n<\/div>\n<\/div>\n<\/div>\n<\/div>\n<\/div>\n<\/div>\n<\/div>\n<\/div>\n<\/div>\n<\/div>\n<\/div>\n<\/div>\n<\/div>\n<\/div>\n<\/div>\n<\/div>\n<\/div>\n<\/div>\n<\/div>\n<\/div>\n<\/div>\n<\/div>\n<\/div>\n<\/div>\n<div><div class=\"gap\" style=\"line-height: 20px; height: 20px;\"><\/div><\/div>\n<h5>Weitere Informationen<\/h5>\n<div>\n<div>\n<table style=\"height: 34px; width: 100%; border-collapse: collapse; border-color: #ffffff; background-color: #ffffff; border-style: hidden;\">\n<tbody>\n<tr style=\"height: 23px;\">\n<td style=\"width: 4.724409448818898%; height: 23px; border-style: hidden;\">Label:<\/td>\n<td style=\"width: 95.27559055118111%; height: 23px; border-style: hidden;\"><a title=\"Harthouse\" href=\"https:\/\/ucm.one\/de\/musik-labels\/harthouse\/\">Harthouse<\/a><\/td>\n<\/tr>\n<\/tbody>\n<\/table>\n<\/div>\n<div><\/div>\n<div><div class=\"gap\" style=\"line-height: 10px; height: 10px;\"><\/div><\/div>\n<div>\u2117 &amp; \u00a9 2022\u00a0<strong>Harthouse<\/strong> \/ <span style=\"font-family: 'arial black', sans-serif;\"><strong>UCM.ONE<\/strong><\/span><\/div>\n<div><div class=\"gap\" style=\"line-height: 20px; height: 20px;\"><\/div><\/div>\n<div>\n<div><\/div>\n<div><div class=\"gap\" style=\"line-height: 10px; height: 10px;\"><\/div><\/div>\n<div><span style=\"color: #003a80;\"><strong>\u27a0 <a style=\"color: #003a80;\" title=\"\" href=\"https:\/\/ucm.one\/de\/produkt-kategorie\/art-de\/musik-de\/\">zum Shop<\/a><\/strong><\/span><\/div>\n<div><div class=\"gap\" style=\"line-height: 20px; height: 20px;\"><\/div><\/div>\n<\/div>\n<\/div>\n<\/div>","protected":false},"excerpt":{"rendered":"<p>Label:\u00a0<a href=\"https:\/\/ucm.one\/de\/produkt-kategorie\/label-musik-de\/harthouse-de\"><b>Harthouse<\/b><\/a><\/p>\n<p>Art: <strong><a href=\"https:\/\/ucm.one\/de\/produkt-kategorie\/art-de\/musik-de\/\">Musik<\/a> (<a href=\"https:\/\/ucm.one\/de\/produkt-kategorie\/merchandise-de\/\">Merchandise<\/a>)<\/strong><\/p>\n<p>Genre:\u00a0<b><a href=\"https:\/\/ucm.one\/de\/produkt-kategorie\/genre-musik-de\/dance-de\/techno-de\/\">Techno<\/a><\/b><\/p>\n<p>Jahr: <strong>2022<\/strong><\/p>\n<p>Format: <b>T-Shirt<\/b><\/p>\n","protected":false},"featured_media":60104,"comment_status":"open","ping_status":"closed","template":"","meta":{"_acf_changed":false},"product_brand":[],"product_cat":[10401,9713,9755,9796,10400],"product_tag":[10957,10958,10959,10960,10961,9798,9799],"class_list":{"0":"post-60103","1":"product","2":"type-product","3":"status-publish","4":"has-post-thumbnail","6":"product_cat-t-shirt-de","7":"product_cat-musik-de","8":"product_cat-label-musik-de","9":"product_cat-harthouse-de","10":"product_cat-merchandise-de","11":"product_tag-harthouse-berlin","12":"product_tag-t-shirt","13":"product_tag-30-jahre-harthouse","14":"product_tag-berlin","15":"product_tag-kreuzberg","16":"product_tag-boris-brejcha","17":"product_tag-harthouse","18":"product_shipping_class-t-shirt-2","19":"description-off","21":"first","22":"instock","23":"taxable","24":"shipping-taxable","25":"purchasable","26":"product-type-variable"},"acf":[],"yoast_head":"<!-- This site is optimized with the Yoast SEO plugin v27.2 - https:\/\/yoast.com\/product\/yoast-seo-wordpress\/ -->\n<title>Harthouse (T-Shirt)<\/title>\n<meta name=\"description\" content=\"Shop | Harthouse Berlin | 2022 | Harthouse | T-Shirt\" \/>\n<meta name=\"robots\" content=\"index, follow, max-snippet:-1, max-image-preview:large, max-video-preview:-1\" \/>\n<link rel=\"canonical\" href=\"https:\/\/ucm.one\/de\/produkt\/harthouse-t-shirt\/\" \/>\n<meta property=\"og:locale\" content=\"de_DE\" \/>\n<meta property=\"og:type\" content=\"article\" \/>\n<meta property=\"og:title\" content=\"Harthouse (T-Shirt)\" \/>\n<meta property=\"og:description\" content=\"Shop | Harthouse Berlin | 2022 | Harthouse | T-Shirt\" \/>\n<meta property=\"og:url\" content=\"https:\/\/ucm.one\/de\/produkt\/harthouse-t-shirt\/\" \/>\n<meta property=\"og:site_name\" content=\"UCM.ONE\" \/>\n<meta property=\"article:modified_time\" content=\"2026-04-08T08:21:10+00:00\" \/>\n<meta property=\"og:image\" content=\"https:\/\/ucm.one\/wp-content\/uploads\/2021\/12\/T-Harthouse-Berlin-Shirt.jpg\" \/>\n<meta name=\"twitter:card\" content=\"summary_large_image\" \/>\n<meta name=\"twitter:title\" content=\"Harthouse (T-Shirt)\" \/>\n<meta name=\"twitter:description\" content=\"Shop | Harthouse Berlin | 2022 | Harthouse | T-Shirt\" \/>\n<meta name=\"twitter:image\" content=\"https:\/\/ucm.one\/wp-content\/uploads\/2021\/12\/T-Harthouse-Berlin-Shirt.jpg\" \/>\n<meta name=\"twitter:label1\" content=\"Gesch\u00e4tzte Lesezeit\" \/>\n\t<meta name=\"twitter:data1\" content=\"1\u00a0Minute\" \/>\n<!-- \/ Yoast SEO plugin. -->","yoast_head_json":{"title":"Harthouse (T-Shirt)","description":"Shop | Harthouse Berlin | 2022 | Harthouse | T-Shirt","robots":{"index":"index","follow":"follow","max-snippet":"max-snippet:-1","max-image-preview":"max-image-preview:large","max-video-preview":"max-video-preview:-1"},"canonical":"https:\/\/ucm.one\/de\/produkt\/harthouse-t-shirt\/","og_locale":"de_DE","og_type":"article","og_title":"Harthouse (T-Shirt)","og_description":"Shop | Harthouse Berlin | 2022 | Harthouse | T-Shirt","og_url":"https:\/\/ucm.one\/de\/produkt\/harthouse-t-shirt\/","og_site_name":"UCM.ONE","article_modified_time":"2026-04-08T08:21:10+00:00","og_image":[{"url":"https:\/\/ucm.one\/wp-content\/uploads\/2021\/12\/T-Harthouse-Berlin-Shirt.jpg","type":"","width":"","height":""}],"twitter_card":"summary_large_image","twitter_title":"Harthouse (T-Shirt)","twitter_description":"Shop | Harthouse Berlin | 2022 | Harthouse | T-Shirt","twitter_image":"https:\/\/ucm.one\/wp-content\/uploads\/2021\/12\/T-Harthouse-Berlin-Shirt.jpg","twitter_misc":{"Gesch\u00e4tzte Lesezeit":"1\u00a0Minute"},"schema":{"@context":"https:\/\/schema.org","@graph":[{"@type":"WebPage","@id":"https:\/\/ucm.one\/de\/produkt\/harthouse-t-shirt\/","url":"https:\/\/ucm.one\/de\/produkt\/harthouse-t-shirt\/","name":"Harthouse (T-Shirt)","isPartOf":{"@id":"https:\/\/ucm.one\/de\/#website"},"primaryImageOfPage":{"@id":"https:\/\/ucm.one\/de\/produkt\/harthouse-t-shirt\/#primaryimage"},"image":{"@id":"https:\/\/ucm.one\/de\/produkt\/harthouse-t-shirt\/#primaryimage"},"thumbnailUrl":"https:\/\/ucm.one\/wp-content\/uploads\/2021\/12\/T-Harthouse-Berlin-Shirt.jpg","datePublished":"2021-12-11T21:52:56+00:00","dateModified":"2026-04-08T08:21:10+00:00","description":"Shop | Harthouse Berlin | 2022 | Harthouse | T-Shirt","breadcrumb":{"@id":"https:\/\/ucm.one\/de\/produkt\/harthouse-t-shirt\/#breadcrumb"},"inLanguage":"de","potentialAction":[{"@type":"ReadAction","target":["https:\/\/ucm.one\/de\/produkt\/harthouse-t-shirt\/"]}]},{"@type":"ImageObject","inLanguage":"de","@id":"https:\/\/ucm.one\/de\/produkt\/harthouse-t-shirt\/#primaryimage","url":"https:\/\/ucm.one\/wp-content\/uploads\/2021\/12\/T-Harthouse-Berlin-Shirt.jpg","contentUrl":"https:\/\/ucm.one\/wp-content\/uploads\/2021\/12\/T-Harthouse-Berlin-Shirt.jpg","width":1200,"height":1200},{"@type":"BreadcrumbList","@id":"https:\/\/ucm.one\/de\/produkt\/harthouse-t-shirt\/#breadcrumb","itemListElement":[{"@type":"ListItem","position":1,"name":"Home","item":"https:\/\/ucm.one\/de\/"},{"@type":"ListItem","position":2,"name":"Shop","item":"https:\/\/ucm.one\/de\/shop\/"},{"@type":"ListItem","position":3,"name":"Harthouse (T-Shirt)"}]},{"@type":"WebSite","@id":"https:\/\/ucm.one\/de\/#website","url":"https:\/\/ucm.one\/de\/","name":"UCM.ONE","description":"","publisher":{"@id":"https:\/\/ucm.one\/de\/#organization"},"potentialAction":[{"@type":"SearchAction","target":{"@type":"EntryPoint","urlTemplate":"https:\/\/ucm.one\/de\/?s={search_term_string}"},"query-input":{"@type":"PropertyValueSpecification","valueRequired":true,"valueName":"search_term_string"}}],"inLanguage":"de"},{"@type":"Organization","@id":"https:\/\/ucm.one\/de\/#organization","name":"UCM.ONE","url":"https:\/\/ucm.one\/de\/","logo":{"@type":"ImageObject","inLanguage":"de","@id":"https:\/\/ucm.one\/de\/#\/schema\/logo\/image\/","url":"https:\/\/ucm.one\/wp-content\/uploads\/2019\/10\/UCM.ONE-Logo-RGB.svg","contentUrl":"https:\/\/ucm.one\/wp-content\/uploads\/2019\/10\/UCM.ONE-Logo-RGB.svg","width":1,"height":1,"caption":"UCM.ONE"},"image":{"@id":"https:\/\/ucm.one\/de\/#\/schema\/logo\/image\/"}}]}},"_links":{"self":[{"href":"https:\/\/ucm.one\/de\/wp-json\/wp\/v2\/product\/60103","targetHints":{"allow":["GET"]}}],"collection":[{"href":"https:\/\/ucm.one\/de\/wp-json\/wp\/v2\/product"}],"about":[{"href":"https:\/\/ucm.one\/de\/wp-json\/wp\/v2\/types\/product"}],"replies":[{"embeddable":true,"href":"https:\/\/ucm.one\/de\/wp-json\/wp\/v2\/comments?post=60103"}],"wp:featuredmedia":[{"embeddable":true,"href":"https:\/\/ucm.one\/de\/wp-json\/wp\/v2\/media\/60104"}],"wp:attachment":[{"href":"https:\/\/ucm.one\/de\/wp-json\/wp\/v2\/media?parent=60103"}],"wp:term":[{"taxonomy":"product_brand","embeddable":true,"href":"https:\/\/ucm.one\/de\/wp-json\/wp\/v2\/product_brand?post=60103"},{"taxonomy":"product_cat","embeddable":true,"href":"https:\/\/ucm.one\/de\/wp-json\/wp\/v2\/product_cat?post=60103"},{"taxonomy":"product_tag","embeddable":true,"href":"https:\/\/ucm.one\/de\/wp-json\/wp\/v2\/product_tag?post=60103"}],"curies":[{"name":"wp","href":"https:\/\/api.w.org\/{rel}","templated":true}]}}