{"id":60068,"date":"2022-03-03T16:48:39","date_gmt":"2022-03-03T16:48:39","guid":{"rendered":"https:\/\/ucm.one\/?post_type=product&#038;p=60068"},"modified":"2023-06-18T12:59:57","modified_gmt":"2023-06-18T12:59:57","slug":"baltic-tribes-die-letzten-heiden-europas","status":"publish","type":"product","link":"https:\/\/ucm.one\/de\/produkt\/baltic-tribes-die-letzten-heiden-europas\/","title":{"rendered":"Baltic Tribes &#8211; Die letzten Heiden Europas"},"content":{"rendered":"<div class=\"wpb_text_column wpb_content_element \">\n<div class=\"wpb_wrapper\">\n<div class=\"\">\n<div class=\"wpb_text_column wpb_content_element \">\n<div class=\"wpb_wrapper\">\n<p>Fr\u00fches 13. Jahrhundert: Religi\u00f6se Rituale, die Schlacht von Saule, die K\u00e4mpfe der Kreuzritter und die feurigen Schlachten um das freie Land. Wer waren die letzten Heiden Europas und woran haben sie geglaubt? All das erf\u00e4hrt und erlebt man in dieser Filmdokumentation, in der der d\u00e4nische Kaufmann Lars (Kaspars Anin\u0161) in die letzten heidnisch besiedelten Gebiete Europas reist. So kommt er in das Stammesgebiet der Balten, nimmt an religi\u00f6sen Ritualen teil, berauscht sich w\u00e4hrend der Sommersonnenwende, wird zum Sklaven der Kuronen und k\u00e4mpft schlie\u00dflich sogar gegen die Kreuzritter. Je l\u00e4nger der Christ Lars zusammen mit den Heiden umherzieht, desto mehr beginnt er, mit den Einheimischen und ihren Traditionen zu sympathisieren\u2026<\/p>\n<p>\u201c<strong>Baltic Tribes \u2013 Die letzten Heiden Europas<\/strong>\u201d ist ein popul\u00e4rwissenschaftlicher Dokumentarfilm, der eine Spielfilmhandlung mit vielen historischen Fakten verwebt und so zu einer faszinierenden Reise in eine l\u00e4ngst vergangene Epoche wird. Geschichte wird in der Regel von den Siegern erz\u00e4hlt \u2013 \u201c<strong>Baltic Tribes \u2013 Die letzten Heiden Europas<\/strong>\u201d versucht, dieses Geschichtsbild zurecht zu r\u00fccken. \u201c<strong>Baltic Tribes \u2013 Die letzten Heiden Europas<\/strong>\u201d\u00a0ist eine faszinierende Live-Action Dokumentation, die nicht nur f\u00fcr historisch Interessierte sehenswert ist.<\/p>\n<\/div>\n<\/div>\n<\/div>\n<\/div>\n<\/div>\n<div><div class=\"gap\" style=\"line-height: 20px; height: 20px;\"><\/div><\/div>\n<h5>Weitere Informationen<\/h5>\n<div>\n<div>\n<table style=\"height: 46px; width: 100%; border-collapse: collapse; border-color: #ffffff; background-color: #ffffff; border-style: hidden;\">\n<tbody>\n<tr style=\"height: 23px; border-style: hidden; border-color: #ffffff; background-color: #ffffff;\">\n<td style=\"width: 4.701195219123506%; height: 23px; border-style: hidden;\">Film:<\/td>\n<td style=\"width: 95.29880478087651%; height: 23px; border-style: hidden;\"><a title=\"Baltic Tribes \u2013 Die letzten Heiden Europas | B-Spree Classics\" href=\"https:\/\/ucm.one\/de\/baltic-tribes\/\">Baltic Tribes \u2013 Die letzten Heiden Europas<\/a><\/td>\n<\/tr>\n<tr style=\"height: 23px;\">\n<td style=\"width: 4.701195219123506%; height: 23px; border-style: hidden;\">Label:<\/td>\n<td style=\"width: 95.29880478087651%; height: 23px; border-style: hidden;\"><a title=\"B-Spree Pictures\" href=\"https:\/\/ucm.one\/de\/film-labels\/b-spree-pictures\">B-Spree Pictures<\/a><\/td>\n<\/tr>\n<\/tbody>\n<\/table>\n<\/div>\n<div><\/div>\n<\/div>\n<div>\n<div><div class=\"gap\" style=\"line-height: 10px; height: 10px;\"><\/div><\/div>\n<div>\u2117 2018\u00a0<strong>Arkana Studio, Tritone Studio<\/strong>, \u00a0\u00a9 2021\u00a0<strong>B-Spree Pictures\u00a0<\/strong>\/ <span style=\"font-family: 'arial black', sans-serif;\"><strong>UCM.ONE<\/strong><\/span><\/div>\n<div>\n<div class=\"gap\" style=\"line-height: 20px; height: 20px;\"><\/div>\n<div><\/div>\n<div>\n<div><div class=\"gap\" style=\"line-height: 10px; height: 10px;\"><\/div><\/div>\n<div><span style=\"color: #003a80;\"><strong>\u27a0 <a style=\"color: #003a80;\" href=\"https:\/\/ucm.one\/de\/produkt-kategorie\/art-de\/filme-de\/\">zum Shop<\/a><\/strong><\/span><\/div>\n<div><div class=\"gap\" style=\"line-height: 20px; height: 20px;\"><\/div><\/div>\n<\/div>\n<\/div>\n<\/div>\n","protected":false},"excerpt":{"rendered":"<p>Regie: <strong><a href=\"https:\/\/ucm.one\/de\/?s=%C4%80bele&amp;post_type=product\">Lauris \u0100bele,<\/a> <a href=\"https:\/\/ucm.one\/de\/?s=%C4%80bele&amp;post_type=product\">Raitis \u0100bele<\/a><\/strong><\/p>\n<p>Label: <a href=\"https:\/\/ucm.one\/de\/produkt-kategorie\/label-film-de\/b-spree-pictures-de\/\"><strong>B-Spree Pictures<\/strong><\/a><\/p>\n<p>Art:\u00a0<a title=\"\" href=\"https:\/\/ucm.one\/de\/produkt-kategorie\/art-de\/filme-de\/\"><strong>Film<\/strong><\/a><strong> (<\/strong><a href=\"https:\/\/ucm.one\/de\/produkt-kategorie\/genre-film-de\/dokumentarfilm-de\/\"><b>Dokumentarfilm<\/b><\/a><strong>)<\/strong><\/p>\n<p>Genres: <strong><a href=\"https:\/\/ucm.one\/de\/produkt-kategorie\/genre-film-de\/action-de\/\">Action<\/a>,\u00a0<\/strong><a href=\"https:\/\/ucm.one\/de\/produkt-kategorie\/genre-film-de\/history-de\/\"><b>History<\/b><\/a><\/p>\n<p>Jahr: <strong>2018<\/strong><\/p>\n<p>FSK: <strong>16<\/strong><\/p>\n<p>Format: <strong>DVD<\/strong><\/p>\n","protected":false},"featured_media":60072,"comment_status":"open","ping_status":"closed","template":"","meta":{"_acf_changed":false},"product_brand":[],"product_cat":[10952,9708,10331,10341,10358,10938],"product_tag":[10951,10941,10942,10943,10944,10945,10946,10947,10948,10949,10950,10940],"class_list":{"0":"post-60068","1":"product","2":"type-product","3":"status-publish","4":"has-post-thumbnail","6":"product_cat-history-de","7":"product_cat-filme-de","8":"product_cat-dvd-de","9":"product_cat-b-spree-pictures-de","10":"product_cat-action-de","11":"product_cat-dokumentarfilm-de","12":"product_tag-sudauer","13":"product_tag-heiden","14":"product_tag-b-spree-pictures","15":"product_tag-baltikum","16":"product_tag-lettland","17":"product_tag-lauris-abele","18":"product_tag-raitis-abele","19":"product_tag-kreuzritter","20":"product_tag-deutscher-orden","21":"product_tag-alt-preussen","22":"product_tag-prussen","23":"product_tag-baltic-tribes","24":"product_shipping_class-cd-3","25":"description-off","27":"first","28":"instock","29":"taxable","30":"shipping-taxable","31":"purchasable","32":"product-type-simple"},"acf":[],"yoast_head":"<!-- This site is optimized with the Yoast SEO plugin v27.2 - https:\/\/yoast.com\/product\/yoast-seo-wordpress\/ -->\n<title>Baltic Tribes \u2013 Die letzten Heiden Europas<\/title>\n<meta name=\"description\" content=\"Shop | Baltic Tribes \u2013 Die letzten Heiden Europas | 2018 | B-Spree Pictures | DVD | FSK 16\" \/>\n<meta name=\"robots\" content=\"index, follow, max-snippet:-1, max-image-preview:large, max-video-preview:-1\" \/>\n<link rel=\"canonical\" href=\"https:\/\/ucm.one\/de\/produkt\/baltic-tribes-die-letzten-heiden-europas\/\" \/>\n<meta property=\"og:locale\" content=\"de_DE\" \/>\n<meta property=\"og:type\" content=\"article\" \/>\n<meta property=\"og:title\" content=\"Baltic Tribes \u2013 Die letzten Heiden Europas\" \/>\n<meta property=\"og:description\" content=\"Shop | Baltic Tribes \u2013 Die letzten Heiden Europas | 2018 | B-Spree Pictures | DVD | FSK 16\" \/>\n<meta property=\"og:url\" content=\"https:\/\/ucm.one\/de\/produkt\/baltic-tribes-die-letzten-heiden-europas\/\" \/>\n<meta property=\"og:site_name\" content=\"UCM.ONE\" \/>\n<meta property=\"article:modified_time\" content=\"2023-06-18T12:59:57+00:00\" \/>\n<meta property=\"og:image\" content=\"https:\/\/ucm.one\/wp-content\/uploads\/2021\/12\/C-Baltic-Tribes-FSK12.jpg\" \/>\n<meta name=\"twitter:card\" content=\"summary_large_image\" \/>\n<meta name=\"twitter:title\" content=\"Baltic Tribes \u2013 Die letzten Heiden Europas\" \/>\n<meta name=\"twitter:description\" content=\"Shop | Baltic Tribes \u2013 Die letzten Heiden Europas | 2018 | B-Spree Pictures | DVD | FSK 16\" \/>\n<meta name=\"twitter:image\" content=\"https:\/\/ucm.one\/wp-content\/uploads\/2021\/12\/C-Baltic-Tribes-FSK12.jpg\" \/>\n<meta name=\"twitter:label1\" content=\"Gesch\u00e4tzte Lesezeit\" \/>\n\t<meta name=\"twitter:data1\" content=\"1\u00a0Minute\" \/>\n<!-- \/ Yoast SEO plugin. -->","yoast_head_json":{"title":"Baltic Tribes \u2013 Die letzten Heiden Europas","description":"Shop | Baltic Tribes \u2013 Die letzten Heiden Europas | 2018 | B-Spree Pictures | DVD | FSK 16","robots":{"index":"index","follow":"follow","max-snippet":"max-snippet:-1","max-image-preview":"max-image-preview:large","max-video-preview":"max-video-preview:-1"},"canonical":"https:\/\/ucm.one\/de\/produkt\/baltic-tribes-die-letzten-heiden-europas\/","og_locale":"de_DE","og_type":"article","og_title":"Baltic Tribes \u2013 Die letzten Heiden Europas","og_description":"Shop | Baltic Tribes \u2013 Die letzten Heiden Europas | 2018 | B-Spree Pictures | DVD | FSK 16","og_url":"https:\/\/ucm.one\/de\/produkt\/baltic-tribes-die-letzten-heiden-europas\/","og_site_name":"UCM.ONE","article_modified_time":"2023-06-18T12:59:57+00:00","og_image":[{"url":"https:\/\/ucm.one\/wp-content\/uploads\/2021\/12\/C-Baltic-Tribes-FSK12.jpg","type":"","width":"","height":""}],"twitter_card":"summary_large_image","twitter_title":"Baltic Tribes \u2013 Die letzten Heiden Europas","twitter_description":"Shop | Baltic Tribes \u2013 Die letzten Heiden Europas | 2018 | B-Spree Pictures | DVD | FSK 16","twitter_image":"https:\/\/ucm.one\/wp-content\/uploads\/2021\/12\/C-Baltic-Tribes-FSK12.jpg","twitter_misc":{"Gesch\u00e4tzte Lesezeit":"1\u00a0Minute"},"schema":{"@context":"https:\/\/schema.org","@graph":[{"@type":"WebPage","@id":"https:\/\/ucm.one\/de\/produkt\/baltic-tribes-die-letzten-heiden-europas\/","url":"https:\/\/ucm.one\/de\/produkt\/baltic-tribes-die-letzten-heiden-europas\/","name":"Baltic Tribes \u2013 Die letzten Heiden Europas","isPartOf":{"@id":"https:\/\/ucm.one\/de\/#website"},"primaryImageOfPage":{"@id":"https:\/\/ucm.one\/de\/produkt\/baltic-tribes-die-letzten-heiden-europas\/#primaryimage"},"image":{"@id":"https:\/\/ucm.one\/de\/produkt\/baltic-tribes-die-letzten-heiden-europas\/#primaryimage"},"thumbnailUrl":"https:\/\/ucm.one\/wp-content\/uploads\/2021\/12\/C-Baltic-Tribes-FSK12.jpg","datePublished":"2022-03-03T16:48:39+00:00","dateModified":"2023-06-18T12:59:57+00:00","description":"Shop | Baltic Tribes \u2013 Die letzten Heiden Europas | 2018 | B-Spree Pictures | DVD | FSK 16","breadcrumb":{"@id":"https:\/\/ucm.one\/de\/produkt\/baltic-tribes-die-letzten-heiden-europas\/#breadcrumb"},"inLanguage":"de","potentialAction":[{"@type":"ReadAction","target":["https:\/\/ucm.one\/de\/produkt\/baltic-tribes-die-letzten-heiden-europas\/"]}]},{"@type":"ImageObject","inLanguage":"de","@id":"https:\/\/ucm.one\/de\/produkt\/baltic-tribes-die-letzten-heiden-europas\/#primaryimage","url":"https:\/\/ucm.one\/wp-content\/uploads\/2021\/12\/C-Baltic-Tribes-FSK12.jpg","contentUrl":"https:\/\/ucm.one\/wp-content\/uploads\/2021\/12\/C-Baltic-Tribes-FSK12.jpg","width":699,"height":1000},{"@type":"BreadcrumbList","@id":"https:\/\/ucm.one\/de\/produkt\/baltic-tribes-die-letzten-heiden-europas\/#breadcrumb","itemListElement":[{"@type":"ListItem","position":1,"name":"Home","item":"https:\/\/ucm.one\/de\/"},{"@type":"ListItem","position":2,"name":"Shop","item":"https:\/\/ucm.one\/de\/shop\/"},{"@type":"ListItem","position":3,"name":"Baltic Tribes &#8211; Die letzten Heiden Europas"}]},{"@type":"WebSite","@id":"https:\/\/ucm.one\/de\/#website","url":"https:\/\/ucm.one\/de\/","name":"UCM.ONE","description":"","publisher":{"@id":"https:\/\/ucm.one\/de\/#organization"},"potentialAction":[{"@type":"SearchAction","target":{"@type":"EntryPoint","urlTemplate":"https:\/\/ucm.one\/de\/?s={search_term_string}"},"query-input":{"@type":"PropertyValueSpecification","valueRequired":true,"valueName":"search_term_string"}}],"inLanguage":"de"},{"@type":"Organization","@id":"https:\/\/ucm.one\/de\/#organization","name":"UCM.ONE","url":"https:\/\/ucm.one\/de\/","logo":{"@type":"ImageObject","inLanguage":"de","@id":"https:\/\/ucm.one\/de\/#\/schema\/logo\/image\/","url":"https:\/\/ucm.one\/wp-content\/uploads\/2019\/10\/UCM.ONE-Logo-RGB.svg","contentUrl":"https:\/\/ucm.one\/wp-content\/uploads\/2019\/10\/UCM.ONE-Logo-RGB.svg","width":1,"height":1,"caption":"UCM.ONE"},"image":{"@id":"https:\/\/ucm.one\/de\/#\/schema\/logo\/image\/"}}]}},"_links":{"self":[{"href":"https:\/\/ucm.one\/de\/wp-json\/wp\/v2\/product\/60068","targetHints":{"allow":["GET"]}}],"collection":[{"href":"https:\/\/ucm.one\/de\/wp-json\/wp\/v2\/product"}],"about":[{"href":"https:\/\/ucm.one\/de\/wp-json\/wp\/v2\/types\/product"}],"replies":[{"embeddable":true,"href":"https:\/\/ucm.one\/de\/wp-json\/wp\/v2\/comments?post=60068"}],"wp:featuredmedia":[{"embeddable":true,"href":"https:\/\/ucm.one\/de\/wp-json\/wp\/v2\/media\/60072"}],"wp:attachment":[{"href":"https:\/\/ucm.one\/de\/wp-json\/wp\/v2\/media?parent=60068"}],"wp:term":[{"taxonomy":"product_brand","embeddable":true,"href":"https:\/\/ucm.one\/de\/wp-json\/wp\/v2\/product_brand?post=60068"},{"taxonomy":"product_cat","embeddable":true,"href":"https:\/\/ucm.one\/de\/wp-json\/wp\/v2\/product_cat?post=60068"},{"taxonomy":"product_tag","embeddable":true,"href":"https:\/\/ucm.one\/de\/wp-json\/wp\/v2\/product_tag?post=60068"}],"curies":[{"name":"wp","href":"https:\/\/api.w.org\/{rel}","templated":true}]}}