{"id":59980,"date":"2021-12-10T04:42:16","date_gmt":"2021-12-10T04:42:16","guid":{"rendered":"https:\/\/ucm.one\/?post_type=product&#038;p=59980"},"modified":"2026-02-20T10:23:45","modified_gmt":"2026-02-20T10:23:45","slug":"django-ein-sarg-voll-blut","status":"publish","type":"product","link":"https:\/\/ucm.one\/de\/produkt\/django-ein-sarg-voll-blut\/","title":{"rendered":"Django &#8211; Ein Sarg voll Blut"},"content":{"rendered":"<div class=\"wpb_text_column wpb_content_element \">\n<div class=\"wpb_wrapper\">\n<div class=\"\">\n<div class=\"wpb_text_column wpb_content_element \">\n<div class=\"wpb_wrapper\">\n<p>Die beiden Revolverhelden Django (<strong>George Hilton<\/strong>) und Bull (<strong>Walter Barnes<\/strong>) kommen in das kleine St\u00e4dtchen Laredo, wo sie von Richter Warren beauftragt werden, nach verschwundenen 500.000 US-Dollar in Gold zu suchen. Dieser Goldschatz geh\u00f6rte eigentlich den Konf\u00f6derierten Staaten von Amerika und wurde von einem Offizier im Kampf ums \u00dcberleben irgendwo im Ort versteckt. Doch die einflussreiche Familie Forrester, angef\u00fchrt vom skrupellosen Jason Forester (<strong>Horst Frank<\/strong>), verwandt mit dem verstorbenen Offizier, hat ein ganz eigenes Interesse, das Gold zu finden. Deshalb versucht sie mit Hilfe einer Gruppe Banditen, die Suche von Django und Bull zu st\u00f6ren. W\u00e4hrenddessen erbittet die eigentliche Erbin Regina Forester (<strong>Loni von Friedl<\/strong>), gel\u00e4hmt und im Rollstuhl, auch die Hilfe von Django und Bull. Nach vielen Schie\u00dfereien und Zwischenf\u00e4llen gelingt es den beiden, die Banditen auszuschalten. Doch nichts ist wie es scheint, und der wahre Drahtzieher hinter der Goldsuche wird enttarnt. Django und Bull sorgen nun mit ihren Pistolen f\u00fcr bleihaltige Gerechtigkeit\u2026<\/p>\n<\/div>\n<\/div>\n<\/div>\n<\/div>\n<\/div>\n<div><div class=\"gap\" style=\"line-height: 20px; height: 20px;\"><\/div><\/div>\n<h5>Weitere Informationen<\/h5>\n<div>\n<div>\n<table style=\"height: 46px; width: 100%; border-collapse: collapse; border-color: #ffffff; background-color: #ffffff; border-style: hidden;\">\n<tbody>\n<tr style=\"height: 23px; border-style: hidden; border-color: #ffffff; background-color: #ffffff;\">\n<td style=\"width: 4.701195219123506%; height: 23px; border-style: hidden;\">Film:<\/td>\n<td style=\"width: 95.29880478087651%; height: 23px; border-style: hidden;\"><a title=\"Django \u2013 Ein Sarg voll Blut (1968) von Giuliano Carnimeo | B-Spree Classics\" href=\"https:\/\/ucm.one\/de\/django-ein-sarg-voll-blut\/\">Django \u2013 Ein Sarg voll Blut<\/a><\/td>\n<\/tr>\n<tr style=\"height: 23px;\">\n<td style=\"width: 4.701195219123506%; height: 23px; border-style: hidden;\">Label:<\/td>\n<td style=\"width: 95.29880478087651%; height: 23px; border-style: hidden;\"><a title=\"B-Spree Classics\" href=\"https:\/\/ucm.one\/de\/film-labels\/b-spree-pictures\/#b-spree-classics\">B-Spree Classics<\/a><\/td>\n<\/tr>\n<\/tbody>\n<\/table>\n<\/div>\n<div><\/div>\n<\/div>\n<div>\n<div><div class=\"gap\" style=\"line-height: 10px; height: 10px;\"><\/div><\/div>\n<div>\u2117 1968 Terra-Filmkunst, \u00a0\u00a9 2021\u00a0<strong>B-Spree Classics<\/strong> \/ <span style=\"font-family: 'arial black', sans-serif;\"><strong>UCM.ONE <\/strong><span style=\"font-family: arial, helvetica, sans-serif;\">in Kooperation mit <strong>moviemax<\/strong><\/span><\/span><\/div>\n<div><div class=\"gap\" style=\"line-height: 20px; height: 20px;\"><\/div><\/div>\n<div>\n<div><\/div>\n<div>\n<div><div class=\"gap\" style=\"line-height: 10px; height: 10px;\"><\/div><\/div>\n<div><span style=\"color: #003a80;\"><strong>\u27a0 <a style=\"color: #003a80;\" href=\"https:\/\/ucm.one\/de\/produkt-kategorie\/art-de\/filme-de\/\">zum Shop<\/a><\/strong><\/span><\/div>\n<div><div class=\"gap\" style=\"line-height: 20px; height: 20px;\"><\/div><\/div>\n<\/div>\n<\/div>\n<\/div>\n","protected":false},"excerpt":{"rendered":"<p>Regie: <a href=\"https:\/\/ucm.one\/de\/?s=%22Giuliano+Carnimeo%22&amp;post_type=product\"><strong>Giuliano Carnimeo<\/strong><\/a><\/p>\n<p>Label: <a href=\"https:\/\/ucm.one\/de\/produkt-kategorie\/label-film-de\/b-spree-pictures-de\/b-spree-classics-de\/\"><strong>B-Spree Classics<\/strong><\/a><\/p>\n<p>Art:\u00a0<strong><a href=\"https:\/\/ucm.one\/de\/produkt-kategorie\/art-de\/filme-de\/\">Film<\/a> (<a title=\"\" href=\"https:\/\/ucm.one\/de\/produkt-kategorie\/genre-film-de\/klassiker-de\/\">Klassiker<\/a>)<\/strong><\/p>\n<p>Genres:\u00a0<b><a href=\"https:\/\/ucm.one\/de\/produkt-kategorie\/genre-film-de\/western-de\/\">Western,<\/a> <a href=\"https:\/\/ucm.one\/de\/produkt-kategorie\/genre-film-de\/action-de\/\">Action<\/a><\/b><\/p>\n<p>Jahr: <strong>1968<\/strong><\/p>\n<p>FSK: <strong>18<\/strong><\/p>\n<p>Formate: <strong>Diverse<\/strong><\/p>\n","protected":false},"featured_media":59987,"comment_status":"open","ping_status":"closed","template":"","meta":{"_acf_changed":false},"product_brand":[],"product_cat":[10331,10332,10333,10342,10353,10358,9708,12093],"product_tag":[10908,10909,10910,10911,10912,10913,10914,10915,10905,10906,10907],"class_list":{"0":"post-59980","1":"product","2":"type-product","3":"status-publish","4":"has-post-thumbnail","6":"product_cat-dvd-de","7":"product_cat-blu-ray-de","8":"product_cat-mediabooks-de","9":"product_cat-b-spree-classics-de","10":"product_cat-western-de","11":"product_cat-action-de","12":"product_cat-filme-de","13":"product_cat-klassiker-de","14":"product_tag-western","15":"product_tag-italowestern","16":"product_tag-spagettiwestern","17":"product_tag-giuliano-carnimeo","18":"product_tag-george-hilton","19":"product_tag-walter-barnes","20":"product_tag-horst-frank","21":"product_tag-loni-von-friedl","22":"product_tag-django","23":"product_tag-ein-sarg-voller-blut","24":"product_tag-il-momento-di-uccidere","25":"pa_format-mediabook-blu-ray-dvd","26":"pa_format-dvd","27":"pa_format-blu-ray-de","28":"description-off","30":"first","31":"instock","32":"sale","33":"taxable","34":"shipping-taxable","35":"purchasable","36":"product-type-variable"},"acf":[],"yoast_head":"<!-- This site is optimized with the Yoast SEO plugin v27.2 - https:\/\/yoast.com\/product\/yoast-seo-wordpress\/ -->\n<title>Django - Ein Sarg voll Blut<\/title>\n<meta name=\"description\" content=\"Shop | Django - Ein Sarg voll Blut | 2021 | B-Spree Classics | Limitiertes Mediabook, Blu-Ray, DVD | FSK 18\" \/>\n<meta name=\"robots\" content=\"index, follow, max-snippet:-1, max-image-preview:large, max-video-preview:-1\" \/>\n<link rel=\"canonical\" href=\"https:\/\/ucm.one\/de\/produkt\/django-ein-sarg-voll-blut\/\" \/>\n<meta property=\"og:locale\" content=\"de_DE\" \/>\n<meta property=\"og:type\" content=\"article\" \/>\n<meta property=\"og:title\" content=\"Django - Ein Sarg voll Blut\" \/>\n<meta property=\"og:description\" content=\"Shop | Django - Ein Sarg voll Blut | 2021 | B-Spree Classics | Limitiertes Mediabook, Blu-Ray, DVD | FSK 18\" \/>\n<meta property=\"og:url\" content=\"https:\/\/ucm.one\/de\/produkt\/django-ein-sarg-voll-blut\/\" \/>\n<meta property=\"og:site_name\" content=\"UCM.ONE\" \/>\n<meta property=\"article:modified_time\" content=\"2026-02-20T10:23:45+00:00\" \/>\n<meta property=\"og:image\" content=\"https:\/\/ucm.one\/wp-content\/uploads\/2021\/12\/C-Django-Ein-Sarg-voll-Blut-FSK-18.jpg\" \/>\n\t<meta property=\"og:image:width\" content=\"699\" \/>\n\t<meta property=\"og:image:height\" content=\"1000\" \/>\n\t<meta property=\"og:image:type\" content=\"image\/jpeg\" \/>\n<meta name=\"twitter:card\" content=\"summary_large_image\" \/>\n<meta name=\"twitter:label1\" content=\"Gesch\u00e4tzte Lesezeit\" \/>\n\t<meta name=\"twitter:data1\" content=\"1\u00a0Minute\" \/>\n<!-- \/ Yoast SEO plugin. -->","yoast_head_json":{"title":"Django - Ein Sarg voll Blut","description":"Shop | Django - Ein Sarg voll Blut | 2021 | B-Spree Classics | Limitiertes Mediabook, Blu-Ray, DVD | FSK 18","robots":{"index":"index","follow":"follow","max-snippet":"max-snippet:-1","max-image-preview":"max-image-preview:large","max-video-preview":"max-video-preview:-1"},"canonical":"https:\/\/ucm.one\/de\/produkt\/django-ein-sarg-voll-blut\/","og_locale":"de_DE","og_type":"article","og_title":"Django - Ein Sarg voll Blut","og_description":"Shop | Django - Ein Sarg voll Blut | 2021 | B-Spree Classics | Limitiertes Mediabook, Blu-Ray, DVD | FSK 18","og_url":"https:\/\/ucm.one\/de\/produkt\/django-ein-sarg-voll-blut\/","og_site_name":"UCM.ONE","article_modified_time":"2026-02-20T10:23:45+00:00","og_image":[{"width":699,"height":1000,"url":"https:\/\/ucm.one\/wp-content\/uploads\/2021\/12\/C-Django-Ein-Sarg-voll-Blut-FSK-18.jpg","type":"image\/jpeg"}],"twitter_card":"summary_large_image","twitter_misc":{"Gesch\u00e4tzte Lesezeit":"1\u00a0Minute"},"schema":{"@context":"https:\/\/schema.org","@graph":[{"@type":"WebPage","@id":"https:\/\/ucm.one\/de\/produkt\/django-ein-sarg-voll-blut\/","url":"https:\/\/ucm.one\/de\/produkt\/django-ein-sarg-voll-blut\/","name":"Django - Ein Sarg voll Blut","isPartOf":{"@id":"https:\/\/ucm.one\/de\/#website"},"primaryImageOfPage":{"@id":"https:\/\/ucm.one\/de\/produkt\/django-ein-sarg-voll-blut\/#primaryimage"},"image":{"@id":"https:\/\/ucm.one\/de\/produkt\/django-ein-sarg-voll-blut\/#primaryimage"},"thumbnailUrl":"https:\/\/ucm.one\/wp-content\/uploads\/2021\/12\/C-Django-Ein-Sarg-voll-Blut-FSK-18.jpg","datePublished":"2021-12-10T04:42:16+00:00","dateModified":"2026-02-20T10:23:45+00:00","description":"Shop | Django - Ein Sarg voll Blut | 2021 | B-Spree Classics | Limitiertes Mediabook, Blu-Ray, DVD | FSK 18","breadcrumb":{"@id":"https:\/\/ucm.one\/de\/produkt\/django-ein-sarg-voll-blut\/#breadcrumb"},"inLanguage":"de","potentialAction":[{"@type":"ReadAction","target":["https:\/\/ucm.one\/de\/produkt\/django-ein-sarg-voll-blut\/"]}]},{"@type":"ImageObject","inLanguage":"de","@id":"https:\/\/ucm.one\/de\/produkt\/django-ein-sarg-voll-blut\/#primaryimage","url":"https:\/\/ucm.one\/wp-content\/uploads\/2021\/12\/C-Django-Ein-Sarg-voll-Blut-FSK-18.jpg","contentUrl":"https:\/\/ucm.one\/wp-content\/uploads\/2021\/12\/C-Django-Ein-Sarg-voll-Blut-FSK-18.jpg","width":699,"height":1000},{"@type":"BreadcrumbList","@id":"https:\/\/ucm.one\/de\/produkt\/django-ein-sarg-voll-blut\/#breadcrumb","itemListElement":[{"@type":"ListItem","position":1,"name":"Home","item":"https:\/\/ucm.one\/de\/"},{"@type":"ListItem","position":2,"name":"Shop","item":"https:\/\/ucm.one\/de\/shop\/"},{"@type":"ListItem","position":3,"name":"Django &#8211; Ein Sarg voll Blut"}]},{"@type":"WebSite","@id":"https:\/\/ucm.one\/de\/#website","url":"https:\/\/ucm.one\/de\/","name":"UCM.ONE","description":"","publisher":{"@id":"https:\/\/ucm.one\/de\/#organization"},"potentialAction":[{"@type":"SearchAction","target":{"@type":"EntryPoint","urlTemplate":"https:\/\/ucm.one\/de\/?s={search_term_string}"},"query-input":{"@type":"PropertyValueSpecification","valueRequired":true,"valueName":"search_term_string"}}],"inLanguage":"de"},{"@type":"Organization","@id":"https:\/\/ucm.one\/de\/#organization","name":"UCM.ONE","url":"https:\/\/ucm.one\/de\/","logo":{"@type":"ImageObject","inLanguage":"de","@id":"https:\/\/ucm.one\/de\/#\/schema\/logo\/image\/","url":"https:\/\/ucm.one\/wp-content\/uploads\/2019\/10\/UCM.ONE-Logo-RGB.svg","contentUrl":"https:\/\/ucm.one\/wp-content\/uploads\/2019\/10\/UCM.ONE-Logo-RGB.svg","width":1,"height":1,"caption":"UCM.ONE"},"image":{"@id":"https:\/\/ucm.one\/de\/#\/schema\/logo\/image\/"}}]}},"_links":{"self":[{"href":"https:\/\/ucm.one\/de\/wp-json\/wp\/v2\/product\/59980","targetHints":{"allow":["GET"]}}],"collection":[{"href":"https:\/\/ucm.one\/de\/wp-json\/wp\/v2\/product"}],"about":[{"href":"https:\/\/ucm.one\/de\/wp-json\/wp\/v2\/types\/product"}],"replies":[{"embeddable":true,"href":"https:\/\/ucm.one\/de\/wp-json\/wp\/v2\/comments?post=59980"}],"wp:featuredmedia":[{"embeddable":true,"href":"https:\/\/ucm.one\/de\/wp-json\/wp\/v2\/media\/59987"}],"wp:attachment":[{"href":"https:\/\/ucm.one\/de\/wp-json\/wp\/v2\/media?parent=59980"}],"wp:term":[{"taxonomy":"product_brand","embeddable":true,"href":"https:\/\/ucm.one\/de\/wp-json\/wp\/v2\/product_brand?post=59980"},{"taxonomy":"product_cat","embeddable":true,"href":"https:\/\/ucm.one\/de\/wp-json\/wp\/v2\/product_cat?post=59980"},{"taxonomy":"product_tag","embeddable":true,"href":"https:\/\/ucm.one\/de\/wp-json\/wp\/v2\/product_tag?post=59980"}],"curies":[{"name":"wp","href":"https:\/\/api.w.org\/{rel}","templated":true}]}}