{"id":56942,"date":"2021-10-03T00:08:59","date_gmt":"2021-10-03T00:08:59","guid":{"rendered":"https:\/\/ucm.one\/?post_type=product&#038;p=56942"},"modified":"2026-03-30T22:31:10","modified_gmt":"2026-03-30T22:31:10","slug":"boris-brejcha-die-maschinen-kontrollieren-uns","status":"publish","type":"product","link":"https:\/\/ucm.one\/de\/produkt\/boris-brejcha-die-maschinen-kontrollieren-uns\/","title":{"rendered":"Boris Brejcha &#8211; Die Maschinen kontrollieren uns"},"content":{"rendered":"<div class=\"wpb_text_column wpb_content_element \">\n<div class=\"wpb_wrapper\">\n<div class=\"\">\n<div class=\"wpb_text_column wpb_content_element \">\n<div class=\"wpb_wrapper\">\n<div class=\"wpb_text_column wpb_content_element \">\n<div class=\"wpb_wrapper\">\n<p>Das Alben \u201c<b>Die Maschinen kontrollieren uns<\/b>\u201d\u00a0von <strong>Boris Brejcha<\/strong> ist \u00a0ein ganz spezielles Album. Denn es ist ein Album, welches zur selben Zeit wie das erste Album von <strong>Boris Brejcha<\/strong> \u201c<strong>Die Maschinen sind gestrandet<\/strong>\u201d in limitierter Auflage von 500 St\u00fcck exklusiv \u00fcber den damaligen Mailorder <strong>humpty<\/strong>\u00a0als CD angeboten wurde. Die Alben unterscheiden sich durch Artwork und ein paar unterschiedlichen Titel und Mixen.<\/p>\n<div class=\"wpb_text_column wpb_content_element \">\n<div class=\"wpb_wrapper\">\n<div class=\"wpb_text_column wpb_content_element \">\n<div class=\"wpb_wrapper\">\n<p>Seine ersten undenkbaren digitalen Ver\u00f6ffentlichungen erreichten schnell die Spitze mehrerer Online-Charts und nachdem er mit Harthouse verbunden wurde, ver\u00f6ffentlichte er zwei digitale Singles mit gro\u00dfem Einfluss auf die europ\u00e4ische Elektronikszene. Tats\u00e4chlich fand man den Namen <strong>Boris Brejcha<\/strong>\u00a0auch schnell in den Playlists der bekanntesten DJs \u2013 und das schon seit der Ver\u00f6ffentlichung seines ersten Albums \u201e<strong>Die Maschinen sind gestrandet<\/strong>\u201c auf dem deutschen Label <strong>Harthouse<\/strong>. Das Label fungierte dabei als Plattform f\u00fcr seine extrem zukunftsweisenden Arbeiten.<\/p>\n<\/div>\n<\/div>\n<\/div>\n<\/div>\n<\/div>\n<\/div>\n<\/div>\n<\/div>\n<\/div>\n<\/div>\n<\/div>\n<div><div class=\"gap\" style=\"line-height: 20px; height: 20px;\"><\/div><\/div>\n<h5>Weitere Informationen<\/h5>\n<div>\n<div>\n<table style=\"height: 46px; width: 100%; border-collapse: collapse; border-color: #ffffff; background-color: #ffffff; border-style: hidden;\">\n<tbody>\n<tr style=\"height: 23px; border-style: hidden; border-color: #ffffff; background-color: #ffffff;\">\n<td style=\"width: 4.701195219123506%; height: 23px; border-style: hidden;\">K\u00fcnstler:<\/td>\n<td style=\"width: 95.29880478087651%; height: 23px; border-style: hidden;\"><a title=\"Boris Brejcha | Harthouse\" href=\"https:\/\/ucm.one\/de\/tag\/boris-brejcha\">Boris Brejcha <\/a><\/td>\n<\/tr>\n<tr style=\"height: 23px;\">\n<td style=\"width: 4.701195219123506%; height: 23px; border-style: hidden;\">Label:<\/td>\n<td style=\"width: 95.29880478087651%; height: 23px; border-style: hidden;\"><a title=\"Harthouse\" href=\"https:\/\/ucm.one\/de\/musik-labels\/harthouse\/\">Harthouse<\/a><\/td>\n<\/tr>\n<\/tbody>\n<\/table>\n<\/div>\n<div><\/div>\n<div><div class=\"gap\" style=\"line-height: 10px; height: 10px;\"><\/div><\/div>\n<div>\u2117 2007\u00a0<strong>Harthouse Mannheim \/ daredo<\/strong>,\u00a0\u00a9 2021\u00a0<strong>Harthouse<\/strong> \/ <span style=\"font-family: 'arial black', sans-serif;\"><strong>UCM.ONE<\/strong><\/span><\/div>\n<div><div class=\"gap\" style=\"line-height: 20px; height: 20px;\"><\/div><\/div>\n<div>\n<div><\/div>\n<div><div class=\"gap\" style=\"line-height: 10px; height: 10px;\"><\/div><\/div>\n<div><span style=\"color: #003a80;\"><strong>\u27a0 <a style=\"color: #003a80;\" title=\"\" href=\"https:\/\/ucm.one\/de\/produkt-kategorie\/art-de\/musik-de\/\">zum Shop<\/a><\/strong><\/span><\/div>\n<div><div class=\"gap\" style=\"line-height: 20px; height: 20px;\"><\/div><\/div>\n<\/div>\n<\/div>\n","protected":false},"excerpt":{"rendered":"<p>Artist:\u00a0<strong><a title=\"\" href=\"https:\/\/ucm.one\/de\/?s=Boris+Brejcha&amp;post_type=product\">Boris Brejcha<\/a><\/strong><\/p>\n<p>Label:\u00a0<a href=\"https:\/\/ucm.one\/de\/produkt-kategorie\/label-musik-de\/harthouse-de\"><b>Harthouse<\/b><\/a><\/p>\n<p>Art:\u00a0<strong><a href=\"https:\/\/ucm.one\/de\/produkt-kategorie\/art-de\/musik-de\/\">Musik<\/a>\u00a0(Album)<\/strong><\/p>\n<p>Genres:\u00a0<b><a href=\"https:\/\/ucm.one\/de\/produkt-kategorie\/genre-musik-de\/dance-de\/techno-de\/\">Techno<\/a>,\u00a0<a title=\"\" href=\"https:\/\/ucm.one\/de\/produkt-kategorie\/genre-musik-de\/dance-de\/minimal-de\">Minimal<\/a><\/b><\/p>\n<p>Jahre: <strong>2007 &amp; 2021<\/strong><\/p>\n<p>Formate: <strong>Diverse<\/strong><\/p>\n","protected":false},"featured_media":55657,"comment_status":"open","ping_status":"closed","template":"","meta":{"_acf_changed":false},"product_brand":[],"product_cat":[9714,9857,9755,9796,10316,9797,10320,9713,9813],"product_tag":[9869,9870,9760,9798,9799,10420,9805,9806],"class_list":{"0":"post-56942","1":"product","2":"type-product","3":"status-publish","4":"has-post-thumbnail","6":"product_cat-vinyl-de","7":"product_cat-dance-de","8":"product_cat-label-musik-de","9":"product_cat-harthouse-de","10":"product_cat-tech-house-de","11":"product_cat-techno-de","12":"product_cat-minimal-de","13":"product_cat-musik-de","14":"product_cat-cd-de","15":"product_tag-splatter","16":"product_tag-dance","17":"product_tag-cd","18":"product_tag-boris-brejcha","19":"product_tag-harthouse","20":"product_tag-die-maschinen-kontrollieren-uns","21":"product_tag-techno","22":"product_tag-vinyl","23":"product_shipping_class-cd-3","24":"pa_format-cd","25":"pa_format-3xlp-splattered-vinyl-en","26":"description-off","28":"first","29":"instock","30":"taxable","31":"shipping-taxable","32":"purchasable","33":"product-type-variable"},"acf":[],"yoast_head":"<!-- This site is optimized with the Yoast SEO plugin v27.2 - https:\/\/yoast.com\/product\/yoast-seo-wordpress\/ -->\n<title>Boris Brejcha - Die Maschinen kontrollieren uns<\/title>\n<meta name=\"description\" content=\"Shop | Boris Brejcha - Die Maschinen kontrollieren uns | 2007 + 2021 | Harthouse | CD, 3xLP (Splatter Vinyl)\" \/>\n<meta name=\"robots\" content=\"index, follow, max-snippet:-1, max-image-preview:large, max-video-preview:-1\" \/>\n<link rel=\"canonical\" href=\"https:\/\/ucm.one\/de\/produkt\/boris-brejcha-die-maschinen-kontrollieren-uns\/\" \/>\n<meta property=\"og:locale\" content=\"de_DE\" \/>\n<meta property=\"og:type\" content=\"article\" \/>\n<meta property=\"og:title\" content=\"Boris Brejcha - Die Maschinen kontrollieren uns\" \/>\n<meta property=\"og:description\" content=\"Shop | Boris Brejcha - Die Maschinen kontrollieren uns | 2007 + 2021 | Harthouse | CD, 3xLP (Splatter Vinyl)\" \/>\n<meta property=\"og:url\" content=\"https:\/\/ucm.one\/de\/produkt\/boris-brejcha-die-maschinen-kontrollieren-uns\/\" \/>\n<meta property=\"og:site_name\" content=\"UCM.ONE\" \/>\n<meta property=\"article:modified_time\" content=\"2026-03-30T22:31:10+00:00\" \/>\n<meta property=\"og:image\" content=\"https:\/\/ucm.one\/wp-content\/uploads\/2030\/08\/C-Boris-Brejcha-Die-Maschinen-kontrollieren-uns-1.jpg\" \/>\n<meta name=\"twitter:card\" content=\"summary_large_image\" \/>\n<meta name=\"twitter:title\" content=\"Boris Brejcha - Die Maschinen kontrollieren uns\" \/>\n<meta name=\"twitter:description\" content=\"Shop | Boris Brejcha - Die Maschinen kontrollieren uns | 2007 + 2021 | Harthouse | CD, 3xLP (Splatter Vinyl)\" \/>\n<meta name=\"twitter:image\" content=\"https:\/\/ucm.one\/wp-content\/uploads\/2030\/08\/C-Boris-Brejcha-Die-Maschinen-kontrollieren-uns-1.jpg\" \/>\n<meta name=\"twitter:label1\" content=\"Gesch\u00e4tzte Lesezeit\" \/>\n\t<meta name=\"twitter:data1\" content=\"1\u00a0Minute\" \/>\n<!-- \/ Yoast SEO plugin. -->","yoast_head_json":{"title":"Boris Brejcha - Die Maschinen kontrollieren uns","description":"Shop | Boris Brejcha - Die Maschinen kontrollieren uns | 2007 + 2021 | Harthouse | CD, 3xLP (Splatter Vinyl)","robots":{"index":"index","follow":"follow","max-snippet":"max-snippet:-1","max-image-preview":"max-image-preview:large","max-video-preview":"max-video-preview:-1"},"canonical":"https:\/\/ucm.one\/de\/produkt\/boris-brejcha-die-maschinen-kontrollieren-uns\/","og_locale":"de_DE","og_type":"article","og_title":"Boris Brejcha - Die Maschinen kontrollieren uns","og_description":"Shop | Boris Brejcha - Die Maschinen kontrollieren uns | 2007 + 2021 | Harthouse | CD, 3xLP (Splatter Vinyl)","og_url":"https:\/\/ucm.one\/de\/produkt\/boris-brejcha-die-maschinen-kontrollieren-uns\/","og_site_name":"UCM.ONE","article_modified_time":"2026-03-30T22:31:10+00:00","og_image":[{"url":"https:\/\/ucm.one\/wp-content\/uploads\/2030\/08\/C-Boris-Brejcha-Die-Maschinen-kontrollieren-uns-1.jpg","type":"","width":"","height":""}],"twitter_card":"summary_large_image","twitter_title":"Boris Brejcha - Die Maschinen kontrollieren uns","twitter_description":"Shop | Boris Brejcha - Die Maschinen kontrollieren uns | 2007 + 2021 | Harthouse | CD, 3xLP (Splatter Vinyl)","twitter_image":"https:\/\/ucm.one\/wp-content\/uploads\/2030\/08\/C-Boris-Brejcha-Die-Maschinen-kontrollieren-uns-1.jpg","twitter_misc":{"Gesch\u00e4tzte Lesezeit":"1\u00a0Minute"},"schema":{"@context":"https:\/\/schema.org","@graph":[{"@type":"WebPage","@id":"https:\/\/ucm.one\/de\/produkt\/boris-brejcha-die-maschinen-kontrollieren-uns\/","url":"https:\/\/ucm.one\/de\/produkt\/boris-brejcha-die-maschinen-kontrollieren-uns\/","name":"Boris Brejcha - Die Maschinen kontrollieren uns","isPartOf":{"@id":"https:\/\/ucm.one\/de\/#website"},"primaryImageOfPage":{"@id":"https:\/\/ucm.one\/de\/produkt\/boris-brejcha-die-maschinen-kontrollieren-uns\/#primaryimage"},"image":{"@id":"https:\/\/ucm.one\/de\/produkt\/boris-brejcha-die-maschinen-kontrollieren-uns\/#primaryimage"},"thumbnailUrl":"https:\/\/ucm.one\/wp-content\/uploads\/2030\/08\/C-Boris-Brejcha-Die-Maschinen-kontrollieren-uns-1.jpg","datePublished":"2021-10-03T00:08:59+00:00","dateModified":"2026-03-30T22:31:10+00:00","description":"Shop | Boris Brejcha - Die Maschinen kontrollieren uns | 2007 + 2021 | Harthouse | CD, 3xLP (Splatter Vinyl)","breadcrumb":{"@id":"https:\/\/ucm.one\/de\/produkt\/boris-brejcha-die-maschinen-kontrollieren-uns\/#breadcrumb"},"inLanguage":"de","potentialAction":[{"@type":"ReadAction","target":["https:\/\/ucm.one\/de\/produkt\/boris-brejcha-die-maschinen-kontrollieren-uns\/"]}]},{"@type":"ImageObject","inLanguage":"de","@id":"https:\/\/ucm.one\/de\/produkt\/boris-brejcha-die-maschinen-kontrollieren-uns\/#primaryimage","url":"https:\/\/ucm.one\/wp-content\/uploads\/2030\/08\/C-Boris-Brejcha-Die-Maschinen-kontrollieren-uns-1.jpg","contentUrl":"https:\/\/ucm.one\/wp-content\/uploads\/2030\/08\/C-Boris-Brejcha-Die-Maschinen-kontrollieren-uns-1.jpg","width":1000,"height":1000},{"@type":"BreadcrumbList","@id":"https:\/\/ucm.one\/de\/produkt\/boris-brejcha-die-maschinen-kontrollieren-uns\/#breadcrumb","itemListElement":[{"@type":"ListItem","position":1,"name":"Home","item":"https:\/\/ucm.one\/de\/"},{"@type":"ListItem","position":2,"name":"Shop","item":"https:\/\/ucm.one\/de\/shop\/"},{"@type":"ListItem","position":3,"name":"Boris Brejcha &#8211; Die Maschinen kontrollieren uns"}]},{"@type":"WebSite","@id":"https:\/\/ucm.one\/de\/#website","url":"https:\/\/ucm.one\/de\/","name":"UCM.ONE","description":"","publisher":{"@id":"https:\/\/ucm.one\/de\/#organization"},"potentialAction":[{"@type":"SearchAction","target":{"@type":"EntryPoint","urlTemplate":"https:\/\/ucm.one\/de\/?s={search_term_string}"},"query-input":{"@type":"PropertyValueSpecification","valueRequired":true,"valueName":"search_term_string"}}],"inLanguage":"de"},{"@type":"Organization","@id":"https:\/\/ucm.one\/de\/#organization","name":"UCM.ONE","url":"https:\/\/ucm.one\/de\/","logo":{"@type":"ImageObject","inLanguage":"de","@id":"https:\/\/ucm.one\/de\/#\/schema\/logo\/image\/","url":"https:\/\/ucm.one\/wp-content\/uploads\/2019\/10\/UCM.ONE-Logo-RGB.svg","contentUrl":"https:\/\/ucm.one\/wp-content\/uploads\/2019\/10\/UCM.ONE-Logo-RGB.svg","width":1,"height":1,"caption":"UCM.ONE"},"image":{"@id":"https:\/\/ucm.one\/de\/#\/schema\/logo\/image\/"}}]}},"_links":{"self":[{"href":"https:\/\/ucm.one\/de\/wp-json\/wp\/v2\/product\/56942","targetHints":{"allow":["GET"]}}],"collection":[{"href":"https:\/\/ucm.one\/de\/wp-json\/wp\/v2\/product"}],"about":[{"href":"https:\/\/ucm.one\/de\/wp-json\/wp\/v2\/types\/product"}],"replies":[{"embeddable":true,"href":"https:\/\/ucm.one\/de\/wp-json\/wp\/v2\/comments?post=56942"}],"wp:featuredmedia":[{"embeddable":true,"href":"https:\/\/ucm.one\/de\/wp-json\/wp\/v2\/media\/55657"}],"wp:attachment":[{"href":"https:\/\/ucm.one\/de\/wp-json\/wp\/v2\/media?parent=56942"}],"wp:term":[{"taxonomy":"product_brand","embeddable":true,"href":"https:\/\/ucm.one\/de\/wp-json\/wp\/v2\/product_brand?post=56942"},{"taxonomy":"product_cat","embeddable":true,"href":"https:\/\/ucm.one\/de\/wp-json\/wp\/v2\/product_cat?post=56942"},{"taxonomy":"product_tag","embeddable":true,"href":"https:\/\/ucm.one\/de\/wp-json\/wp\/v2\/product_tag?post=56942"}],"curies":[{"name":"wp","href":"https:\/\/api.w.org\/{rel}","templated":true}]}}