{"id":56918,"date":"2021-01-02T18:48:32","date_gmt":"2021-01-02T18:48:32","guid":{"rendered":"https:\/\/ucm.one\/?post_type=product&#038;p=56918"},"modified":"2025-10-07T17:16:09","modified_gmt":"2025-10-07T17:16:09","slug":"der-dritte-raum-d3r-25-eins","status":"publish","type":"product","link":"https:\/\/ucm.one\/de\/produkt\/der-dritte-raum-d3r-25-eins\/","title":{"rendered":"Der Dritte Raum &#8211; D3R\u200b-\u200b25 Eins"},"content":{"rendered":"<div class=\"wpb-content-wrapper\"><div class=\"wpb_text_column wpb_content_element \">\n<div class=\"wpb_wrapper\">\n<div class=\"\">\n<div class=\"wpb_text_column wpb_content_element \">\n<div class=\"wpb_wrapper\">\n<div class=\"wpb_text_column wpb_content_element \">\n<div class=\"wpb_wrapper\">\n<div class=\"\">\n<div class=\"wpb_text_column wpb_content_element \">\n<div class=\"wpb_wrapper\">\n<div class=\"\">\n<div class=\"\">\n<div class=\"wpb_text_column wpb_content_element \">\n<div class=\"wpb_wrapper\">\n<div class=\"wpb_text_column wpb_content_element \">\n<div class=\"wpb_wrapper\">\n<div class=\"\">\n<div class=\"wpb_text_column wpb_content_element \">\n<div class=\"wpb_wrapper\">\n<div class=\"\">\n<div class=\"\">\n<div class=\"vc_row wpb_row vc_row-fluid\">\n<div class=\"wpb_column vc_column_container vc_col-sm-12\">\n<div class=\"vc_column-inner\">\n<div class=\"wpb_wrapper\">\n<div class=\"wpb_text_column wpb_content_element \">\n<div class=\"wpb_wrapper\">\n<div class=\"\">\n<div class=\"\">25 Jahre <strong>Der Dritte Raum<\/strong>. 25 Jahre <strong>Technogeschichte<\/strong>. Der Pionierproduzent Andreas Kr\u00fcger hat auf diesem Album zahlreiche Klassiker und Hits zusammengestellt, die bis auf eine Ausnahme (\u201c<strong>Plasmatica<\/strong>\u201d, 1992) komplett RECONSTRUCTED sind. \u201c<strong>25 EINS<\/strong>\u201d ist das erste einer Reihe von Ver\u00f6ffentlichungen anl\u00e4sslich des 25-j\u00e4hrigen Jubil\u00e4ums von<strong> Der Dritte Raum<\/strong>, welche auf dem legend\u00e4ren, 1992 von Techno-Ikone Sven V\u00e4th gegr\u00fcndeten Harthouse-Label erscheinen. Obwohl sich Der Dritte Raum in den letzten 25 Jahren stilistisch ver\u00e4ndert hat, sind sowohl die zeitlosen Tracks auf \u201c<strong>25 EINS<\/strong>\u201d als auch aktuelle Produktionen von \u201c<strong>Polarized Echoes<\/strong>\u201d immer eindeutig als Kr\u00fcger Tracks erkennbar. Seine perfekte Mischung aus Techno, Trance, Electro und House begeistert seit vielen Generationen Generationen von Ravern, und mit \u201c<strong>25 EINS<\/strong>\u201d beginnt die Reise in den Klangraum des Dritten Raumes mit den charakteristischen und einzigartigen Kl\u00e4ngen und Effekten von Kr\u00fcger Musik.<\/div>\n<\/div>\n<\/div>\n<\/div>\n<\/div>\n<\/div>\n<\/div>\n<\/div>\n<\/div>\n<\/div>\n<\/div>\n<\/div>\n<\/div>\n<\/div>\n<\/div>\n<\/div>\n<\/div>\n<div class=\"wpb_text_column wpb_content_element \">\n<div class=\"wpb_wrapper\">\n<div class=\"wpb_text_column wpb_content_element \">\n<div class=\"wpb_wrapper\">\n<div class=\"\"><\/div>\n<\/div>\n<\/div>\n<\/div>\n<\/div>\n<\/div>\n<\/div>\n<\/div>\n<\/div>\n<\/div>\n<\/div>\n<\/div>\n<\/div>\n<\/div>\n<\/div>\n<\/div>\n<\/div>\n<div><div class=\"gap\" style=\"line-height: 20px; height: 20px;\"><\/div><\/div>\n<h5>Weitere Informationen<\/h5>\n<div>\n<div>\n<table style=\"height: 46px;width: 100%;border-collapse: collapse;border-color: #ffffff;background-color: #ffffff;border-style: hidden\">\n<tbody>\n<tr style=\"height: 23px;border-style: hidden;border-color: #ffffff;background-color: #ffffff\">\n<td style=\"width: 4.724409448818898%;height: 23px;border-style: hidden\">K\u00fcnstler:<\/td>\n<td style=\"width: 95.27559055118111%;height: 23px;border-style: hidden\"><a title=\"Der Dritte Raum | Harthouse\" href=\"https:\/\/ucm.one\/de\/tag\/der-dritte-raum\">Der Dritte Raum<\/a><\/td>\n<\/tr>\n<tr style=\"height: 23px\">\n<td style=\"width: 4.724409448818898%;height: 23px;border-style: hidden\">Label:<\/td>\n<td style=\"width: 95.27559055118111%;height: 23px;border-style: hidden\"><a title=\"Harthouse\" href=\"https:\/\/ucm.one\/de\/musik-labels\/harthouse\/\">Harthouse<\/a><\/td>\n<\/tr>\n<\/tbody>\n<\/table>\n<\/div>\n<div><\/div>\n<div><div class=\"gap\" style=\"line-height: 10px; height: 10px;\"><\/div><\/div>\n<div>\u2117 &amp; \u00a9 2017\u00a0<strong>Harthouse<\/strong> \/ <span style=\"font-family: 'arial black', sans-serif\"><strong>UCM.ONE<\/strong><\/span><\/div>\n<div><div class=\"gap\" style=\"line-height: 20px; height: 20px;\"><\/div><\/div>\n<\/div>\n<div>\n<div><\/div>\n<div><div class=\"gap\" style=\"line-height: 10px; height: 10px;\"><\/div><\/div>\n<div><span style=\"color: #003a80\"><strong>\u27a0 <a style=\"color: #003a80\" title=\"\" href=\"https:\/\/ucm.one\/de\/produkt-kategorie\/art-de\/musik-de\/\">zum Shop<\/a><\/strong><\/span><\/div>\n<div><div class=\"gap\" style=\"line-height: 20px; height: 20px;\"><\/div><\/div>\n<\/div>\n<\/div>","protected":false},"excerpt":{"rendered":"<p>Artist: <a href=\"https:\/\/ucm.one\/de\/?s=%22Der+Dritte+Raum%22&amp;post_type=product\"><strong>Der Dritte Raum<\/strong><\/a><\/p>\n<p>Label:\u00a0<a href=\"https:\/\/ucm.one\/de\/produkt-kategorie\/label-musik-de\/harthouse-de\"><b>Harthouse<\/b><\/a><\/p>\n<p>Art:\u00a0<strong><a href=\"https:\/\/ucm.one\/de\/produkt-kategorie\/art-de\/musik-de\/\">Musik<\/a>\u00a0(Album)<\/strong><\/p>\n<p>Genres:\u00a0<b><a href=\"https:\/\/ucm.one\/de\/produkt-kategorie\/genre-musik-de\/dance-de\/techno-de\/\">Techno<\/a>,\u00a0<a href=\"https:\/\/ucm.one\/de\/produkt-kategorie\/genre-musik-de\/dance-de\/progressive-trance\/\">Progressive Trance<\/a><\/b><\/p>\n<p>Jahr: <strong>2017<\/strong><\/p>\n<p>Format: <b>CD<\/b><\/p>\n","protected":false},"featured_media":35290,"comment_status":"open","ping_status":"closed","template":"","meta":{"_acf_changed":false},"product_brand":[],"product_cat":[9796,9797,9813,9857,10010,10318,9713,10319,9755,10322],"product_tag":[10385,10386,10387,9799,10394,10395,10396,10397,10398],"class_list":{"0":"post-56918","1":"product","2":"type-product","3":"status-publish","4":"has-post-thumbnail","6":"product_cat-harthouse-de","7":"product_cat-techno-de","8":"product_cat-cd-de","9":"product_cat-dance-de","10":"product_cat-genre-musik-de","11":"product_cat-progressive-trance","12":"product_cat-musik-de","13":"product_cat-progressive-house-de","14":"product_cat-label-musik-de","15":"product_cat-trance-de","16":"product_tag-der-dritte-raum","17":"product_tag-the-third-room","18":"product_tag-andreas-krueger","19":"product_tag-harthouse","20":"product_tag-d3r-25-eins","21":"product_tag-d3r-25","22":"product_tag-halo-bopp","23":"product_tag-trommelmaschine","24":"product_tag-wellenbad","25":"product_shipping_class-cd-3","26":"pa_format-cd-digipak","27":"description-off","29":"first","30":"instock","31":"taxable","32":"shipping-taxable","33":"purchasable","34":"product-type-simple"},"acf":[],"yoast_head":"<!-- This site is optimized with the Yoast SEO plugin v27.2 - https:\/\/yoast.com\/product\/yoast-seo-wordpress\/ -->\n<title>Der Dritte Raum - D3R\u200b-\u200b25 Eins<\/title>\n<meta name=\"description\" content=\"Shop | Der Dritte Raum - D3R\u200b-\u200b25 Eins | 2021 | Harthouse | CD\" \/>\n<meta name=\"robots\" content=\"index, follow, max-snippet:-1, max-image-preview:large, max-video-preview:-1\" \/>\n<link rel=\"canonical\" href=\"https:\/\/ucm.one\/de\/produkt\/der-dritte-raum-d3r-25-eins\/\" \/>\n<meta property=\"og:locale\" content=\"de_DE\" \/>\n<meta property=\"og:type\" content=\"article\" \/>\n<meta property=\"og:title\" content=\"Der Dritte Raum - D3R\u200b-\u200b25 Eins\" \/>\n<meta property=\"og:description\" content=\"Shop | Der Dritte Raum - D3R\u200b-\u200b25 Eins | 2021 | Harthouse | CD\" \/>\n<meta property=\"og:url\" content=\"https:\/\/ucm.one\/de\/produkt\/der-dritte-raum-d3r-25-eins\/\" \/>\n<meta property=\"og:site_name\" content=\"UCM.ONE\" \/>\n<meta property=\"article:modified_time\" content=\"2025-10-07T17:16:09+00:00\" \/>\n<meta property=\"og:image\" content=\"https:\/\/ucm.one\/wp-content\/uploads\/2019\/10\/Der-Dritte-Raum-D3R-25-scaled.jpg\" \/>\n<meta name=\"twitter:card\" content=\"summary_large_image\" \/>\n<meta name=\"twitter:title\" content=\"Der Dritte Raum - D3R\u200b-\u200b25 Eins\" \/>\n<meta name=\"twitter:description\" content=\"Shop | Der Dritte Raum - D3R\u200b-\u200b25 Eins | 2021 | Harthouse | CD\" \/>\n<meta name=\"twitter:image\" content=\"https:\/\/ucm.one\/wp-content\/uploads\/2019\/10\/Der-Dritte-Raum-D3R-25-scaled.jpg\" \/>\n<meta name=\"twitter:label1\" content=\"Gesch\u00e4tzte Lesezeit\" \/>\n\t<meta name=\"twitter:data1\" content=\"2\u00a0Minuten\" \/>\n<!-- \/ Yoast SEO plugin. -->","yoast_head_json":{"title":"Der Dritte Raum - D3R\u200b-\u200b25 Eins","description":"Shop | Der Dritte Raum - D3R\u200b-\u200b25 Eins | 2021 | Harthouse | CD","robots":{"index":"index","follow":"follow","max-snippet":"max-snippet:-1","max-image-preview":"max-image-preview:large","max-video-preview":"max-video-preview:-1"},"canonical":"https:\/\/ucm.one\/de\/produkt\/der-dritte-raum-d3r-25-eins\/","og_locale":"de_DE","og_type":"article","og_title":"Der Dritte Raum - D3R\u200b-\u200b25 Eins","og_description":"Shop | Der Dritte Raum - D3R\u200b-\u200b25 Eins | 2021 | Harthouse | CD","og_url":"https:\/\/ucm.one\/de\/produkt\/der-dritte-raum-d3r-25-eins\/","og_site_name":"UCM.ONE","article_modified_time":"2025-10-07T17:16:09+00:00","og_image":[{"url":"https:\/\/ucm.one\/wp-content\/uploads\/2019\/10\/Der-Dritte-Raum-D3R-25-scaled.jpg","type":"","width":"","height":""}],"twitter_card":"summary_large_image","twitter_title":"Der Dritte Raum - D3R\u200b-\u200b25 Eins","twitter_description":"Shop | Der Dritte Raum - D3R\u200b-\u200b25 Eins | 2021 | Harthouse | CD","twitter_image":"https:\/\/ucm.one\/wp-content\/uploads\/2019\/10\/Der-Dritte-Raum-D3R-25-scaled.jpg","twitter_misc":{"Gesch\u00e4tzte Lesezeit":"2\u00a0Minuten"},"schema":{"@context":"https:\/\/schema.org","@graph":[{"@type":"WebPage","@id":"https:\/\/ucm.one\/de\/produkt\/der-dritte-raum-d3r-25-eins\/","url":"https:\/\/ucm.one\/de\/produkt\/der-dritte-raum-d3r-25-eins\/","name":"Der Dritte Raum - D3R\u200b-\u200b25 Eins","isPartOf":{"@id":"https:\/\/ucm.one\/de\/#website"},"primaryImageOfPage":{"@id":"https:\/\/ucm.one\/de\/produkt\/der-dritte-raum-d3r-25-eins\/#primaryimage"},"image":{"@id":"https:\/\/ucm.one\/de\/produkt\/der-dritte-raum-d3r-25-eins\/#primaryimage"},"thumbnailUrl":"https:\/\/ucm.one\/wp-content\/uploads\/2019\/10\/Der-Dritte-Raum-D3R-25-scaled.jpg","datePublished":"2021-01-02T18:48:32+00:00","dateModified":"2025-10-07T17:16:09+00:00","description":"Shop | Der Dritte Raum - D3R\u200b-\u200b25 Eins | 2021 | Harthouse | CD","breadcrumb":{"@id":"https:\/\/ucm.one\/de\/produkt\/der-dritte-raum-d3r-25-eins\/#breadcrumb"},"inLanguage":"de","potentialAction":[{"@type":"ReadAction","target":["https:\/\/ucm.one\/de\/produkt\/der-dritte-raum-d3r-25-eins\/"]}]},{"@type":"ImageObject","inLanguage":"de","@id":"https:\/\/ucm.one\/de\/produkt\/der-dritte-raum-d3r-25-eins\/#primaryimage","url":"https:\/\/ucm.one\/wp-content\/uploads\/2019\/10\/Der-Dritte-Raum-D3R-25-scaled.jpg","contentUrl":"https:\/\/ucm.one\/wp-content\/uploads\/2019\/10\/Der-Dritte-Raum-D3R-25-scaled.jpg","width":2560,"height":2560},{"@type":"BreadcrumbList","@id":"https:\/\/ucm.one\/de\/produkt\/der-dritte-raum-d3r-25-eins\/#breadcrumb","itemListElement":[{"@type":"ListItem","position":1,"name":"Home","item":"https:\/\/ucm.one\/de\/"},{"@type":"ListItem","position":2,"name":"Shop","item":"https:\/\/ucm.one\/de\/shop\/"},{"@type":"ListItem","position":3,"name":"Der Dritte Raum &#8211; D3R\u200b-\u200b25 Eins"}]},{"@type":"WebSite","@id":"https:\/\/ucm.one\/de\/#website","url":"https:\/\/ucm.one\/de\/","name":"UCM.ONE","description":"","publisher":{"@id":"https:\/\/ucm.one\/de\/#organization"},"potentialAction":[{"@type":"SearchAction","target":{"@type":"EntryPoint","urlTemplate":"https:\/\/ucm.one\/de\/?s={search_term_string}"},"query-input":{"@type":"PropertyValueSpecification","valueRequired":true,"valueName":"search_term_string"}}],"inLanguage":"de"},{"@type":"Organization","@id":"https:\/\/ucm.one\/de\/#organization","name":"UCM.ONE","url":"https:\/\/ucm.one\/de\/","logo":{"@type":"ImageObject","inLanguage":"de","@id":"https:\/\/ucm.one\/de\/#\/schema\/logo\/image\/","url":"https:\/\/ucm.one\/wp-content\/uploads\/2019\/10\/UCM.ONE-Logo-RGB.svg","contentUrl":"https:\/\/ucm.one\/wp-content\/uploads\/2019\/10\/UCM.ONE-Logo-RGB.svg","width":1,"height":1,"caption":"UCM.ONE"},"image":{"@id":"https:\/\/ucm.one\/de\/#\/schema\/logo\/image\/"}}]}},"_links":{"self":[{"href":"https:\/\/ucm.one\/de\/wp-json\/wp\/v2\/product\/56918","targetHints":{"allow":["GET"]}}],"collection":[{"href":"https:\/\/ucm.one\/de\/wp-json\/wp\/v2\/product"}],"about":[{"href":"https:\/\/ucm.one\/de\/wp-json\/wp\/v2\/types\/product"}],"replies":[{"embeddable":true,"href":"https:\/\/ucm.one\/de\/wp-json\/wp\/v2\/comments?post=56918"}],"wp:featuredmedia":[{"embeddable":true,"href":"https:\/\/ucm.one\/de\/wp-json\/wp\/v2\/media\/35290"}],"wp:attachment":[{"href":"https:\/\/ucm.one\/de\/wp-json\/wp\/v2\/media?parent=56918"}],"wp:term":[{"taxonomy":"product_brand","embeddable":true,"href":"https:\/\/ucm.one\/de\/wp-json\/wp\/v2\/product_brand?post=56918"},{"taxonomy":"product_cat","embeddable":true,"href":"https:\/\/ucm.one\/de\/wp-json\/wp\/v2\/product_cat?post=56918"},{"taxonomy":"product_tag","embeddable":true,"href":"https:\/\/ucm.one\/de\/wp-json\/wp\/v2\/product_tag?post=56918"}],"curies":[{"name":"wp","href":"https:\/\/api.w.org\/{rel}","templated":true}]}}