{"id":56898,"date":"2021-10-02T15:00:24","date_gmt":"2021-10-02T15:00:24","guid":{"rendered":"https:\/\/ucm.one\/?post_type=product&#038;p=56898"},"modified":"2025-02-14T22:03:19","modified_gmt":"2025-02-14T22:03:19","slug":"mercury-circle-killing-moons","status":"publish","type":"product","link":"https:\/\/ucm.one\/de\/produkt\/mercury-circle-killing-moons\/","title":{"rendered":"Mercury Circle &#8211; Killing Moons"},"content":{"rendered":"<div class=\"wpb_text_column wpb_content_element \">\n<div class=\"wpb_wrapper\">\n<div class=\"\">\n<p>Nach ihrer von der Kritik hochgelobten &#8222;<strong>The Dawn Of Vitriol<\/strong>&#8220; EP (2020) haben <strong>Mercury Circle<\/strong> nun das Deb\u00fctalbum &#8222;<strong>Killing Moons<\/strong>&#8220; \u00fcber das deutsche Label <strong>Noble Demon<\/strong> ver\u00f6ffentlicht. <strong>Mercury Circle<\/strong> wurden 2018 von <strong>Jaani Peuhu<\/strong> (<strong>Iconcrash<\/strong> und <strong>Swallow the Sun<\/strong>) ins Leben gerufen und bestehen aus Mitgliedern von <strong>Children od Boom<\/strong>, <strong>Sleep of Monsters<\/strong>\u00a0und mehr. Sie kreieren eine abwechslungsreiche Mischung aus dunklem Rock mit elektrisierendem Synth-Wave und langsamem, epischem Doom. Eine vielf\u00e4ltige Mischung atmosph\u00e4rischer Kl\u00e4nge und zutiefst kraftvolle Musik, die den H\u00f6rer auf eine alles verschlingende Reise in unvorstellbare Sph\u00e4ren entf\u00fchrt.<\/p>\n<\/div>\n<\/div>\n<\/div>\n<div><div class=\"gap\" style=\"line-height: 20px; height: 20px;\"><\/div><\/div>\n<h5>Weitere Informationen<\/h5>\n<div>\n<div>\n<table style=\"height: 46px; width: 100%; border-collapse: collapse; border-color: #ffffff; background-color: #ffffff; border-style: hidden;\">\n<tbody>\n<tr style=\"height: 23px; border-style: hidden; border-color: #ffffff; background-color: #ffffff;\">\n<td style=\"width: 4.701195219123506%; height: 23px; border-style: hidden;\">Band:<\/td>\n<td style=\"width: 95.29880478087651%; height: 23px; border-style: hidden;\"><a title=\"Mercury Circle | Noble Demon\" href=\"https:\/\/ucm.one\/de\/mercury-circle\/\">Mercury Circle<\/a><\/td>\n<\/tr>\n<tr style=\"height: 23px;\">\n<td style=\"width: 4.701195219123506%; height: 23px; border-style: hidden;\">Label:<\/td>\n<td style=\"width: 95.29880478087651%; height: 23px; border-style: hidden;\"><a title=\"Noble Demon\" href=\"https:\/\/ucm.one\/de\/musik-labels\/noble-demon\/\">Noble Demon<\/a><\/td>\n<\/tr>\n<\/tbody>\n<\/table>\n<\/div>\n<div><\/div>\n<div><div class=\"gap\" style=\"line-height: 10px; height: 10px;\"><\/div><\/div>\n<div>\u2117 &amp; \u00a9 2021\u00a0<strong>Noble Demon<\/strong> \/ <span style=\"font-family: 'arial black', sans-serif;\"><strong>UCM.ONE<\/strong><\/span><\/div>\n<div><div class=\"gap\" style=\"line-height: 20px; height: 20px;\"><\/div><\/div>\n<div>\n<div><\/div>\n<div><div class=\"gap\" style=\"line-height: 10px; height: 10px;\"><\/div><\/div>\n<div><span style=\"color: #003a80;\"><strong>\u27a0 <a style=\"color: #003a80;\" title=\"\" href=\"https:\/\/ucm.one\/de\/produkt-kategorie\/art-de\/musik-de\/\">zum Shop<\/a><\/strong><\/span><\/div>\n<div><div class=\"gap\" style=\"line-height: 20px; height: 20px;\"><\/div><\/div>\n<\/div>\n<\/div>\n","protected":false},"excerpt":{"rendered":"<p>Band:\u00a0<a href=\"https:\/\/ucm.one\/de\/?s=%22Mercury+Circle%22&amp;post_type=product\"><b>Mercury Circle<\/b><\/a><\/p>\n<p>Label:\u00a0<a href=\"https:\/\/ucm.one\/de\/produkt-kategorie\/label-musik-de\/noble-demon-de\/\"><b>Noble Demon<\/b><\/a><\/p>\n<p>Art: <strong><a href=\"https:\/\/ucm.one\/de\/produkt-kategorie\/art-de\/musik-de\/\">Musik<\/a> (Album)<\/strong><\/p>\n<p>Genres: <b><a href=\"https:\/\/ucm.one\/de\/produkt-kategorie\/genre-musik-de\/metal-de\/doom-metal-de\/\">New Doom<\/a>, <a href=\"https:\/\/ucm.one\/de\/produkt-kategorie\/genre-musik-de\/rock-de\/gothic-rock-de\/\">Gothic Rock<\/a><\/b><\/p>\n<p>Jahr: <strong>2021<\/strong><\/p>\n<p>Formate: <strong>Diverse<\/strong><\/p>\n","protected":false},"featured_media":53597,"comment_status":"open","ping_status":"closed","template":"","meta":{"_acf_changed":false},"product_brand":[],"product_cat":[9823,9753,9755,9921,9756,10010,10363,10364,10365,9813,9713,9822,9714],"product_tag":[10369,10370,10371,10372,9760,9763,9764,9806,10366,10367,10368],"class_list":{"0":"post-56898","1":"product","2":"type-product","3":"status-publish","4":"has-post-thumbnail","6":"product_cat-doom-metal-de","7":"product_cat-metal-de","8":"product_cat-label-musik-de","9":"product_cat-rock-de","10":"product_cat-noble-demon-de","11":"product_cat-genre-musik-de","12":"product_cat-gothic-rock-de","13":"product_cat-elektronica-de","14":"product_cat-gothic-electronic-de","15":"product_cat-cd-de","16":"product_cat-musik-de","17":"product_cat-melancholic-metal-de","18":"product_cat-vinyl-de","19":"product_tag-children-od-boom","20":"product_tag-sleep-of-monsters","21":"product_tag-iconcrash","22":"product_tag-swallow-the-sun","23":"product_tag-cd","24":"product_tag-noble-demon","25":"product_tag-metal","26":"product_tag-vinyl","27":"product_tag-mercury-circle","28":"product_tag-killing-moons","29":"product_tag-jaani-peuhu","30":"pa_format-2xlp-red-grey-marble-vinyl","31":"pa_format-cd-digipak","32":"description-off","34":"first","35":"instock","36":"taxable","37":"shipping-taxable","38":"purchasable","39":"product-type-variable"},"acf":[],"yoast_head":"<!-- This site is optimized with the Yoast SEO plugin v27.5 - https:\/\/yoast.com\/product\/yoast-seo-wordpress\/ -->\n<title>Mercury Circle - Killing Moons<\/title>\n<meta name=\"description\" content=\"Shop | Mercury Circle - Killing Moons | 2021 | Noble Demon | CD, 2xLP (Marbled Vinyl)\" \/>\n<meta name=\"robots\" content=\"index, follow, max-snippet:-1, max-image-preview:large, max-video-preview:-1\" \/>\n<link rel=\"canonical\" href=\"https:\/\/ucm.one\/de\/produkt\/mercury-circle-killing-moons\/\" \/>\n<meta property=\"og:locale\" content=\"de_DE\" \/>\n<meta property=\"og:type\" content=\"article\" \/>\n<meta property=\"og:title\" content=\"Mercury Circle - Killing Moons\" \/>\n<meta property=\"og:description\" content=\"Shop | Mercury Circle - Killing Moons | 2021 | Noble Demon | CD, 2xLP (Marbled Vinyl)\" \/>\n<meta property=\"og:url\" content=\"https:\/\/ucm.one\/de\/produkt\/mercury-circle-killing-moons\/\" \/>\n<meta property=\"og:site_name\" content=\"UCM.ONE\" \/>\n<meta property=\"article:modified_time\" content=\"2025-02-14T22:03:19+00:00\" \/>\n<meta property=\"og:image\" content=\"https:\/\/ucm.one\/wp-content\/uploads\/2021\/06\/C-Mercury-Circle-Killing-Moons.jpg\" \/>\n<meta name=\"twitter:card\" content=\"summary_large_image\" \/>\n<meta name=\"twitter:title\" content=\"Mercury Circle - Killing Moons\" \/>\n<meta name=\"twitter:description\" content=\"Shop | Mercury Circle - Killing Moons | 2021 | Noble Demon | CD, 2xLP (Marbled Vinyl)\" \/>\n<meta name=\"twitter:image\" content=\"https:\/\/ucm.one\/wp-content\/uploads\/2021\/06\/C-Mercury-Circle-Killing-Moons.jpg\" \/>\n<meta name=\"twitter:label1\" content=\"Gesch\u00e4tzte Lesezeit\" \/>\n\t<meta name=\"twitter:data1\" content=\"1\u00a0Minute\" \/>\n<!-- \/ Yoast SEO plugin. -->","yoast_head_json":{"title":"Mercury Circle - Killing Moons","description":"Shop | Mercury Circle - Killing Moons | 2021 | Noble Demon | CD, 2xLP (Marbled Vinyl)","robots":{"index":"index","follow":"follow","max-snippet":"max-snippet:-1","max-image-preview":"max-image-preview:large","max-video-preview":"max-video-preview:-1"},"canonical":"https:\/\/ucm.one\/de\/produkt\/mercury-circle-killing-moons\/","og_locale":"de_DE","og_type":"article","og_title":"Mercury Circle - Killing Moons","og_description":"Shop | Mercury Circle - Killing Moons | 2021 | Noble Demon | CD, 2xLP (Marbled Vinyl)","og_url":"https:\/\/ucm.one\/de\/produkt\/mercury-circle-killing-moons\/","og_site_name":"UCM.ONE","article_modified_time":"2025-02-14T22:03:19+00:00","og_image":[{"url":"https:\/\/ucm.one\/wp-content\/uploads\/2021\/06\/C-Mercury-Circle-Killing-Moons.jpg","type":"","width":"","height":""}],"twitter_card":"summary_large_image","twitter_title":"Mercury Circle - Killing Moons","twitter_description":"Shop | Mercury Circle - Killing Moons | 2021 | Noble Demon | CD, 2xLP (Marbled Vinyl)","twitter_image":"https:\/\/ucm.one\/wp-content\/uploads\/2021\/06\/C-Mercury-Circle-Killing-Moons.jpg","twitter_misc":{"Gesch\u00e4tzte Lesezeit":"1\u00a0Minute"},"schema":{"@context":"https:\/\/schema.org","@graph":[{"@type":"WebPage","@id":"https:\/\/ucm.one\/de\/produkt\/mercury-circle-killing-moons\/","url":"https:\/\/ucm.one\/de\/produkt\/mercury-circle-killing-moons\/","name":"Mercury Circle - Killing Moons","isPartOf":{"@id":"https:\/\/ucm.one\/de\/#website"},"primaryImageOfPage":{"@id":"https:\/\/ucm.one\/de\/produkt\/mercury-circle-killing-moons\/#primaryimage"},"image":{"@id":"https:\/\/ucm.one\/de\/produkt\/mercury-circle-killing-moons\/#primaryimage"},"thumbnailUrl":"https:\/\/ucm.one\/wp-content\/uploads\/2021\/06\/C-Mercury-Circle-Killing-Moons.jpg","datePublished":"2021-10-02T15:00:24+00:00","dateModified":"2025-02-14T22:03:19+00:00","description":"Shop | Mercury Circle - Killing Moons | 2021 | Noble Demon | CD, 2xLP (Marbled Vinyl)","breadcrumb":{"@id":"https:\/\/ucm.one\/de\/produkt\/mercury-circle-killing-moons\/#breadcrumb"},"inLanguage":"de","potentialAction":[{"@type":"ReadAction","target":["https:\/\/ucm.one\/de\/produkt\/mercury-circle-killing-moons\/"]}]},{"@type":"ImageObject","inLanguage":"de","@id":"https:\/\/ucm.one\/de\/produkt\/mercury-circle-killing-moons\/#primaryimage","url":"https:\/\/ucm.one\/wp-content\/uploads\/2021\/06\/C-Mercury-Circle-Killing-Moons.jpg","contentUrl":"https:\/\/ucm.one\/wp-content\/uploads\/2021\/06\/C-Mercury-Circle-Killing-Moons.jpg","width":1000,"height":1000},{"@type":"BreadcrumbList","@id":"https:\/\/ucm.one\/de\/produkt\/mercury-circle-killing-moons\/#breadcrumb","itemListElement":[{"@type":"ListItem","position":1,"name":"Home","item":"https:\/\/ucm.one\/de\/"},{"@type":"ListItem","position":2,"name":"Shop","item":"https:\/\/ucm.one\/de\/shop\/"},{"@type":"ListItem","position":3,"name":"Mercury Circle &#8211; Killing Moons"}]},{"@type":"WebSite","@id":"https:\/\/ucm.one\/de\/#website","url":"https:\/\/ucm.one\/de\/","name":"UCM.ONE","description":"","publisher":{"@id":"https:\/\/ucm.one\/de\/#organization"},"potentialAction":[{"@type":"SearchAction","target":{"@type":"EntryPoint","urlTemplate":"https:\/\/ucm.one\/de\/?s={search_term_string}"},"query-input":{"@type":"PropertyValueSpecification","valueRequired":true,"valueName":"search_term_string"}}],"inLanguage":"de"},{"@type":"Organization","@id":"https:\/\/ucm.one\/de\/#organization","name":"UCM.ONE","url":"https:\/\/ucm.one\/de\/","logo":{"@type":"ImageObject","inLanguage":"de","@id":"https:\/\/ucm.one\/de\/#\/schema\/logo\/image\/","url":"https:\/\/ucm.one\/wp-content\/uploads\/2019\/10\/UCM.ONE-Logo-RGB.svg","contentUrl":"https:\/\/ucm.one\/wp-content\/uploads\/2019\/10\/UCM.ONE-Logo-RGB.svg","width":1,"height":1,"caption":"UCM.ONE"},"image":{"@id":"https:\/\/ucm.one\/de\/#\/schema\/logo\/image\/"}}]}},"_links":{"self":[{"href":"https:\/\/ucm.one\/de\/wp-json\/wp\/v2\/product\/56898","targetHints":{"allow":["GET"]}}],"collection":[{"href":"https:\/\/ucm.one\/de\/wp-json\/wp\/v2\/product"}],"about":[{"href":"https:\/\/ucm.one\/de\/wp-json\/wp\/v2\/types\/product"}],"replies":[{"embeddable":true,"href":"https:\/\/ucm.one\/de\/wp-json\/wp\/v2\/comments?post=56898"}],"wp:featuredmedia":[{"embeddable":true,"href":"https:\/\/ucm.one\/de\/wp-json\/wp\/v2\/media\/53597"}],"wp:attachment":[{"href":"https:\/\/ucm.one\/de\/wp-json\/wp\/v2\/media?parent=56898"}],"wp:term":[{"taxonomy":"product_brand","embeddable":true,"href":"https:\/\/ucm.one\/de\/wp-json\/wp\/v2\/product_brand?post=56898"},{"taxonomy":"product_cat","embeddable":true,"href":"https:\/\/ucm.one\/de\/wp-json\/wp\/v2\/product_cat?post=56898"},{"taxonomy":"product_tag","embeddable":true,"href":"https:\/\/ucm.one\/de\/wp-json\/wp\/v2\/product_tag?post=56898"}],"curies":[{"name":"wp","href":"https:\/\/api.w.org\/{rel}","templated":true}]}}