{"id":55882,"date":"2022-01-20T20:17:42","date_gmt":"2022-01-20T20:17:42","guid":{"rendered":"https:\/\/ucm.one\/?post_type=product&#038;p=55882"},"modified":"2025-04-03T08:04:05","modified_gmt":"2025-04-03T08:04:05","slug":"dawn-of-solace-flames-of-perdition","status":"publish","type":"product","link":"https:\/\/ucm.one\/de\/produkt\/dawn-of-solace-flames-of-perdition\/","title":{"rendered":"Dawn of Solace &#8211; Flames of Perdition"},"content":{"rendered":"<div class=\"wpb_text_column wpb_content_element \">\n<div class=\"wpb_wrapper\">\n<div class=\"\">\n<p>Am 24. Januar 2020, mehr als ein Jahrzehnt nach dem Vorg\u00e4nger &#8222;<strong>The Darkness<\/strong>&#8222;, meldete sich die finnische Death- und Gothic Doom Metal Ikone <strong>Tuomas Saukkonen<\/strong> mit &#8222;<strong>Waves<\/strong>&#8220; zur\u00fcck, seinem zweiten Soloalbum mit<strong>\u00a0 Dawn of Solace<\/strong>. Schwer und d\u00fcster, aber dennoch von einer gewissen Sch\u00f6nheit und Kraft getragen &#8211; der lang ersehnte Nachfolger zeichnete ein ehrliches &amp; pers\u00f6nliches Bild der damaligen Zeit und lieferte genau die Art von Atmosph\u00e4re, die sich jeder erhofft hatte.<\/p>\n<p>Schon w\u00e4hrend der Aufnahmen zu diesem Album war klar, dass <strong>Dawn of Solace<\/strong>\u00a0wieder zum Leben erweckt wurde &#8211; und das, ohne weitere 14 Jahre in&#8217;s Land ziehen zu lassen! &#8222;<strong>Flames of Perdition<\/strong>&#8220; kn\u00fcpft dort an, wo <strong>Dawn of Solace<\/strong>\u00a0mit &#8222;<strong>Waves<\/strong>&#8220; aufgeh\u00f6rt hat und erschafft eine Welt voller elektrisierender Melancholie, die tiefe Traurigkeit hervorruft. Wie das Leben selbst hat sich auch die Dunkelheit von <strong>Dawn of Solace<\/strong>\u00a0weiterentwickelt. Diesmal mit einer Extraportion Einsamkeit, die wir alle in den letzten 1,5 Jahren kennengelernt haben.<\/p>\n<\/div>\n<\/div>\n<\/div>\n<div><div class=\"gap\" style=\"line-height: 20px; height: 20px;\"><\/div><\/div>\n<h5>Weitere Informationen<\/h5>\n<div>\n<div>\n<table style=\"height: 46px; width: 100%; border-collapse: collapse; border-color: #ffffff; background-color: #ffffff; border-style: hidden;\">\n<tbody>\n<tr style=\"height: 23px; border-style: hidden; border-color: #ffffff; background-color: #ffffff;\">\n<td style=\"width: 58.953125px; height: 23px; border-style: hidden;\">Band:<\/td>\n<td style=\"width: 1204.0625px; height: 23px; border-style: hidden;\"><a title=\"Dawn of Solace | Noble Demon\" href=\"https:\/\/ucm.one\/de\/dawn-of-solace\/\">Dawn of Solace<\/a><\/td>\n<\/tr>\n<tr style=\"height: 23px;\">\n<td style=\"width: 58.953125px; height: 23px; border-style: hidden;\">Label:<\/td>\n<td style=\"width: 1204.0625px; height: 23px; border-style: hidden;\"><a title=\"Noble Demon\" href=\"https:\/\/ucm.one\/de\/musik-labels\/noble-demon\/\">Noble Demon<\/a><\/td>\n<\/tr>\n<\/tbody>\n<\/table>\n<\/div>\n<div><\/div>\n<div><div class=\"gap\" style=\"line-height: 10px; height: 10px;\"><\/div><\/div>\n<div>\u2117 &amp; \u00a9 2022\u00a0<strong>Noble Demon<\/strong> \/ <span style=\"font-family: 'arial black', sans-serif;\"><strong>UCM.ONE<\/strong><\/span><\/div>\n<div><div class=\"gap\" style=\"line-height: 20px; height: 20px;\"><\/div><\/div>\n<div>\n<div><\/div>\n<div>\n<div><div class=\"gap\" style=\"line-height: 10px; height: 10px;\"><\/div><\/div>\n<div><span style=\"color: #003a80;\"><strong>\u27a0 <a style=\"color: #003a80;\" title=\"\" href=\"https:\/\/ucm.one\/de\/produkt-kategorie\/art-de\/musik-de\/\">zum Shop<\/a><\/strong><\/span><\/div>\n<div><div class=\"gap\" style=\"line-height: 20px; height: 20px;\"><\/div><\/div>\n<\/div>\n<\/div>\n<\/div>\n","protected":false},"excerpt":{"rendered":"<p>Band:\u00a0<a href=\"https:\/\/ucm.one\/de\/?s=%22Dawn+of+Solace%22&amp;post_type=product\"><strong>Dawn of Solace<\/strong><\/a><\/p>\n<p>Label:\u00a0<a href=\"https:\/\/ucm.one\/de\/produkt-kategorie\/label-musik-de\/noble-demon-de\/\"><strong>Noble Demon<\/strong><\/a><\/p>\n<p>Art: <strong><a href=\"https:\/\/ucm.one\/de\/produkt-kategorie\/art-de\/musik-de\/\">Musik<\/a> (Album)<\/strong><\/p>\n<p>Genres: <strong><a href=\"https:\/\/ucm.one\/de\/produkt-kategorie\/genre-musik-de\/metal-de\/\">Metal<\/a>, <a href=\"https:\/\/ucm.one\/de\/produkt-kategorie\/genre-musik-de\/metal-de\/melancholic-metal-de\/\">Melancholic Metal<\/a><\/strong><\/p>\n<p>Jahr: <strong>2022<\/strong><\/p>\n<p>Formate: <strong>Diverse<\/strong><\/p>\n","protected":false},"featured_media":54283,"comment_status":"open","ping_status":"closed","template":"","meta":{"_acf_changed":false},"product_brand":[],"product_cat":[9813,9753,10400,9755,9713,10404,9756,9714,9822,9823],"product_tag":[10218,9814,9815,9816,9817,9760,9819,9763,9820,9821,9806,9824],"class_list":{"0":"post-55882","1":"product","2":"type-product","3":"status-publish","4":"has-post-thumbnail","6":"product_cat-cd-de","7":"product_cat-metal-de","8":"product_cat-merchandise-de","9":"product_cat-label-musik-de","10":"product_cat-musik-de","11":"product_cat-bundle-de","12":"product_cat-noble-demon-de","13":"product_cat-vinyl-de","14":"product_cat-melancholic-metal-de","15":"product_cat-doom-metal-de","16":"product_tag-flames-of-perdition","17":"product_tag-dawn-of-solace","18":"product_tag-tuomas-saukkonen","19":"product_tag-wolfheart","20":"product_tag-before-the-dawn","21":"product_tag-cd","22":"product_tag-waves","23":"product_tag-noble-demon","24":"product_tag-gothic-metal","25":"product_tag-doom-metal","26":"product_tag-vinyl","27":"product_tag-melancholic-metal","28":"pa_format-2xlp","29":"pa_format-2xlp-natural-marble-vinyl","30":"pa_format-cd-digipak-t-shirt-bundle-sun-edition","31":"pa_format-cd-digipak-t-shirt-bundle-flame-edition","32":"pa_format-2xlp-gold-splatter-vinyl-t-shirt-bundle-sun-edition","33":"pa_format-cd-digipak","34":"pa_format-2xlp-gold-splatter-vinyl-t-shirt-bundle-flame-edition","35":"pa_format-2xlp-natural-marble-vinyl-t-shirt-bundle-flame-edition","36":"pa_format-2xlp-natural-marble-vinyl-t-shirt-bundle-sun-edition","37":"pa_format-2xlp-splatter-gold-vinyl-de","38":"description-off","40":"first","41":"instock","42":"taxable","43":"shipping-taxable","44":"purchasable","45":"product-type-variable","46":"has-default-attributes"},"acf":[],"yoast_head":"<!-- This site is optimized with the Yoast SEO plugin v27.2 - https:\/\/yoast.com\/product\/yoast-seo-wordpress\/ -->\n<title>Dawn of Solace - Flames of Perdition<\/title>\n<meta name=\"description\" content=\"Shop | Dawn of Solace - Flames of Perdition | 2022| Noble Demon | CD, LP (Splatter Vinyl)\" \/>\n<meta name=\"robots\" content=\"index, follow, max-snippet:-1, max-image-preview:large, max-video-preview:-1\" \/>\n<link rel=\"canonical\" href=\"https:\/\/ucm.one\/de\/produkt\/dawn-of-solace-flames-of-perdition\/\" \/>\n<meta property=\"og:locale\" content=\"de_DE\" \/>\n<meta property=\"og:type\" content=\"article\" \/>\n<meta property=\"og:title\" content=\"Dawn of Solace - Flames of Perdition\" \/>\n<meta property=\"og:description\" content=\"Shop | Dawn of Solace - Flames of Perdition | 2022| Noble Demon | CD, LP (Splatter Vinyl)\" \/>\n<meta property=\"og:url\" content=\"https:\/\/ucm.one\/de\/produkt\/dawn-of-solace-flames-of-perdition\/\" \/>\n<meta property=\"og:site_name\" content=\"UCM.ONE\" \/>\n<meta property=\"article:modified_time\" content=\"2025-04-03T08:04:05+00:00\" \/>\n<meta property=\"og:image\" content=\"https:\/\/ucm.one\/wp-content\/uploads\/2021\/07\/C-Dawn-of-Solace-Flames-of-Perdition.jpg\" \/>\n<meta name=\"twitter:card\" content=\"summary_large_image\" \/>\n<meta name=\"twitter:title\" content=\"Dawn of Solace - Flames of Perdition\" \/>\n<meta name=\"twitter:description\" content=\"Shop | Dawn of Solace - Flames of Perdition | 2022| Noble Demon | CD, LP (Splatter Vinyl)\" \/>\n<meta name=\"twitter:image\" content=\"https:\/\/ucm.one\/wp-content\/uploads\/2021\/07\/C-Dawn-of-Solace-Flames-of-Perdition.jpg\" \/>\n<meta name=\"twitter:label1\" content=\"Gesch\u00e4tzte Lesezeit\" \/>\n\t<meta name=\"twitter:data1\" content=\"1\u00a0Minute\" \/>\n<!-- \/ Yoast SEO plugin. -->","yoast_head_json":{"title":"Dawn of Solace - Flames of Perdition","description":"Shop | Dawn of Solace - Flames of Perdition | 2022| Noble Demon | CD, LP (Splatter Vinyl)","robots":{"index":"index","follow":"follow","max-snippet":"max-snippet:-1","max-image-preview":"max-image-preview:large","max-video-preview":"max-video-preview:-1"},"canonical":"https:\/\/ucm.one\/de\/produkt\/dawn-of-solace-flames-of-perdition\/","og_locale":"de_DE","og_type":"article","og_title":"Dawn of Solace - Flames of Perdition","og_description":"Shop | Dawn of Solace - Flames of Perdition | 2022| Noble Demon | CD, LP (Splatter Vinyl)","og_url":"https:\/\/ucm.one\/de\/produkt\/dawn-of-solace-flames-of-perdition\/","og_site_name":"UCM.ONE","article_modified_time":"2025-04-03T08:04:05+00:00","og_image":[{"url":"https:\/\/ucm.one\/wp-content\/uploads\/2021\/07\/C-Dawn-of-Solace-Flames-of-Perdition.jpg","type":"","width":"","height":""}],"twitter_card":"summary_large_image","twitter_title":"Dawn of Solace - Flames of Perdition","twitter_description":"Shop | Dawn of Solace - Flames of Perdition | 2022| Noble Demon | CD, LP (Splatter Vinyl)","twitter_image":"https:\/\/ucm.one\/wp-content\/uploads\/2021\/07\/C-Dawn-of-Solace-Flames-of-Perdition.jpg","twitter_misc":{"Gesch\u00e4tzte Lesezeit":"1\u00a0Minute"},"schema":{"@context":"https:\/\/schema.org","@graph":[{"@type":"WebPage","@id":"https:\/\/ucm.one\/de\/produkt\/dawn-of-solace-flames-of-perdition\/","url":"https:\/\/ucm.one\/de\/produkt\/dawn-of-solace-flames-of-perdition\/","name":"Dawn of Solace - Flames of Perdition","isPartOf":{"@id":"https:\/\/ucm.one\/de\/#website"},"primaryImageOfPage":{"@id":"https:\/\/ucm.one\/de\/produkt\/dawn-of-solace-flames-of-perdition\/#primaryimage"},"image":{"@id":"https:\/\/ucm.one\/de\/produkt\/dawn-of-solace-flames-of-perdition\/#primaryimage"},"thumbnailUrl":"https:\/\/ucm.one\/wp-content\/uploads\/2021\/07\/C-Dawn-of-Solace-Flames-of-Perdition.jpg","datePublished":"2022-01-20T20:17:42+00:00","dateModified":"2025-04-03T08:04:05+00:00","description":"Shop | Dawn of Solace - Flames of Perdition | 2022| Noble Demon | CD, LP (Splatter Vinyl)","breadcrumb":{"@id":"https:\/\/ucm.one\/de\/produkt\/dawn-of-solace-flames-of-perdition\/#breadcrumb"},"inLanguage":"de","potentialAction":[{"@type":"ReadAction","target":["https:\/\/ucm.one\/de\/produkt\/dawn-of-solace-flames-of-perdition\/"]}]},{"@type":"ImageObject","inLanguage":"de","@id":"https:\/\/ucm.one\/de\/produkt\/dawn-of-solace-flames-of-perdition\/#primaryimage","url":"https:\/\/ucm.one\/wp-content\/uploads\/2021\/07\/C-Dawn-of-Solace-Flames-of-Perdition.jpg","contentUrl":"https:\/\/ucm.one\/wp-content\/uploads\/2021\/07\/C-Dawn-of-Solace-Flames-of-Perdition.jpg","width":1000,"height":1000},{"@type":"BreadcrumbList","@id":"https:\/\/ucm.one\/de\/produkt\/dawn-of-solace-flames-of-perdition\/#breadcrumb","itemListElement":[{"@type":"ListItem","position":1,"name":"Home","item":"https:\/\/ucm.one\/de\/"},{"@type":"ListItem","position":2,"name":"Shop","item":"https:\/\/ucm.one\/de\/shop\/"},{"@type":"ListItem","position":3,"name":"Dawn of Solace &#8211; Flames of Perdition"}]},{"@type":"WebSite","@id":"https:\/\/ucm.one\/de\/#website","url":"https:\/\/ucm.one\/de\/","name":"UCM.ONE","description":"","publisher":{"@id":"https:\/\/ucm.one\/de\/#organization"},"potentialAction":[{"@type":"SearchAction","target":{"@type":"EntryPoint","urlTemplate":"https:\/\/ucm.one\/de\/?s={search_term_string}"},"query-input":{"@type":"PropertyValueSpecification","valueRequired":true,"valueName":"search_term_string"}}],"inLanguage":"de"},{"@type":"Organization","@id":"https:\/\/ucm.one\/de\/#organization","name":"UCM.ONE","url":"https:\/\/ucm.one\/de\/","logo":{"@type":"ImageObject","inLanguage":"de","@id":"https:\/\/ucm.one\/de\/#\/schema\/logo\/image\/","url":"https:\/\/ucm.one\/wp-content\/uploads\/2019\/10\/UCM.ONE-Logo-RGB.svg","contentUrl":"https:\/\/ucm.one\/wp-content\/uploads\/2019\/10\/UCM.ONE-Logo-RGB.svg","width":1,"height":1,"caption":"UCM.ONE"},"image":{"@id":"https:\/\/ucm.one\/de\/#\/schema\/logo\/image\/"}}]}},"_links":{"self":[{"href":"https:\/\/ucm.one\/de\/wp-json\/wp\/v2\/product\/55882","targetHints":{"allow":["GET"]}}],"collection":[{"href":"https:\/\/ucm.one\/de\/wp-json\/wp\/v2\/product"}],"about":[{"href":"https:\/\/ucm.one\/de\/wp-json\/wp\/v2\/types\/product"}],"replies":[{"embeddable":true,"href":"https:\/\/ucm.one\/de\/wp-json\/wp\/v2\/comments?post=55882"}],"wp:featuredmedia":[{"embeddable":true,"href":"https:\/\/ucm.one\/de\/wp-json\/wp\/v2\/media\/54283"}],"wp:attachment":[{"href":"https:\/\/ucm.one\/de\/wp-json\/wp\/v2\/media?parent=55882"}],"wp:term":[{"taxonomy":"product_brand","embeddable":true,"href":"https:\/\/ucm.one\/de\/wp-json\/wp\/v2\/product_brand?post=55882"},{"taxonomy":"product_cat","embeddable":true,"href":"https:\/\/ucm.one\/de\/wp-json\/wp\/v2\/product_cat?post=55882"},{"taxonomy":"product_tag","embeddable":true,"href":"https:\/\/ucm.one\/de\/wp-json\/wp\/v2\/product_tag?post=55882"}],"curies":[{"name":"wp","href":"https:\/\/api.w.org\/{rel}","templated":true}]}}