{"id":53519,"date":"2021-06-05T23:52:55","date_gmt":"2021-06-05T23:52:55","guid":{"rendered":"https:\/\/ucm.one\/?post_type=product&#038;p=53519"},"modified":"2023-06-18T22:24:38","modified_gmt":"2023-06-18T22:24:38","slug":"neonfly-the-future-tonight","status":"publish","type":"product","link":"https:\/\/ucm.one\/de\/produkt\/neonfly-the-future-tonight\/","title":{"rendered":"Neonfly &#8211; The Future, Tonight"},"content":{"rendered":"<div class=\"wpb_text_column wpb_content_element \">\n<div class=\"wpb_wrapper\">\n<div class=\"\">\n<p>Mit zwei von der Kritik gefeierten Alben im Gep\u00e4ck st\u00fcrmen\u00a0<strong>Neonfly<\/strong>\u00a0seit 2011 die Hauptb\u00fchnen von Festivals und touren als Vorband f\u00fcr einige der gr\u00f6\u00dften Namen des Rock, darunter\u00a0<strong>Alice Cooper<\/strong>,\u00a0<strong>Dragonforce<\/strong>,<strong>\u00a0Anvil<\/strong>,\u00a0<strong>Gamma Ray<\/strong>\u00a0&amp;\u00a0<strong>Magnum<\/strong>. Ihre wild-dynamischen Live-Performances, die wilde Musikalit\u00e4t, einen frenetisch energetischen Frontmann und einen feuerspeienden Gitarristen kombinieren, haben ihnen einen wachsenden Ruf als fesselnde musikalische und visuelle Live-Attraktion eingebracht.<\/p>\n<p>Zusammen mit dem Rest der Welt haben\u00a0<strong>Neonfly<\/strong>\u00a0die Entbehrungen des Lockdowns w\u00e4hrend der globalen Pandemie ertragen, aber sie haben sich nicht davon abhalten lassen, neue Partnerschaften zu schmieden. Die Band hat zudem\u00a0ein neues Management mit dem aufstrebenden Unternehmen\u00a0<strong>Guilty Gorilla\u00a0<\/strong>engagiert. <strong>Neonfly<\/strong>s drittes Album \u201c<strong>The Future, Tonigh<\/strong><strong>t<\/strong>\u201d erscheint nun auf dem deutschen Label\u00a0<strong>Noble Demon<\/strong>.<\/p>\n<\/div>\n<\/div>\n<\/div>\n<div><div class=\"gap\" style=\"line-height: 20px; height: 20px;\"><\/div><\/div>\n<h5>Weitere Informationen<\/h5>\n<div>\n<div>\n<table style=\"height: 46px; width: 100%; border-collapse: collapse; border-color: #ffffff; background-color: #ffffff; border-style: hidden;\">\n<tbody>\n<tr style=\"height: 23px; border-style: hidden; border-color: #ffffff; background-color: #ffffff;\">\n<td style=\"width: 4.701195219123506%; height: 23px; border-style: hidden;\">Band:<\/td>\n<td style=\"width: 95.29880478087651%; height: 23px; border-style: hidden;\"><a title=\"Neonfly | Noble Demon\" href=\"https:\/\/ucm.one\/de\/neonfly\/\">Neonfly<\/a><\/td>\n<\/tr>\n<tr style=\"height: 23px;\">\n<td style=\"width: 4.701195219123506%; height: 23px; border-style: hidden;\">Label:<\/td>\n<td style=\"width: 95.29880478087651%; height: 23px; border-style: hidden;\"><a title=\"Noble Demon\" href=\"https:\/\/ucm.one\/de\/musik-labels\/noble-demon\/\">Noble Demon<\/a><\/td>\n<\/tr>\n<\/tbody>\n<\/table>\n<\/div>\n<div><\/div>\n<div><div class=\"gap\" style=\"line-height: 10px; height: 10px;\"><\/div><\/div>\n<div>\u2117 &amp; \u00a9 2021\u00a0<strong>Noble Demon<\/strong> \/ <span style=\"font-family: 'arial black', sans-serif;\"><strong>UCM.ONE<\/strong><\/span><\/div>\n<div><div class=\"gap\" style=\"line-height: 20px; height: 20px;\"><\/div><\/div>\n<div>\n<div><\/div>\n<div><div class=\"gap\" style=\"line-height: 10px; height: 10px;\"><\/div><\/div>\n<div><span style=\"color: #003a80;\"><strong>\u27a0 <a style=\"color: #003a80;\" title=\"\" href=\"https:\/\/ucm.one\/de\/produkt-kategorie\/art-de\/musik-de\/\">zum Shop<\/a><\/strong><\/span><\/div>\n<div><div class=\"gap\" style=\"line-height: 20px; height: 20px;\"><\/div><\/div>\n<\/div>\n<\/div>\n","protected":false},"excerpt":{"rendered":"<p>Band:\u00a0<strong><a href=\"https:\/\/ucm.one\/de\/?s=neonfly&amp;post_type=product\">Neonfly<\/a><\/strong><\/p>\n<p>Label:\u00a0<a href=\"https:\/\/ucm.one\/de\/produkt-kategorie\/label-musik-de\/noble-demon-de\/\"><strong>Noble Demon<\/strong><\/a><\/p>\n<p>Art: <strong><a href=\"https:\/\/ucm.one\/de\/produkt-kategorie\/art-de\/musik-de\/\">Musik<\/a> (Album)<\/strong><\/p>\n<p>Genres: <a href=\"https:\/\/ucm.one\/de\/produkt-kategorie\/genre-musik-de\/rock-de\/hard-rock-de\/\"><strong>Hard-Rock<\/strong><\/a>,<a href=\"https:\/\/ucm.one\/de\/produkt-kategorie\/genre-musik-de\/metal-de\/\"><strong> Alternative Metal<\/strong><\/a><\/p>\n<p>Jahr: <strong>2021<\/strong><\/p>\n<p>Formate: <strong>Diverse<\/strong><\/p>\n","protected":false},"featured_media":51019,"comment_status":"open","ping_status":"closed","template":"","meta":{"_acf_changed":false},"product_brand":[],"product_cat":[9813,9921,9922,9713,9714,9753,9755,9756],"product_tag":[9934,9935,9936,9923,9924,9928,9929,9931,9763,9932,9764,9933],"class_list":{"0":"post-53519","1":"product","2":"type-product","3":"status-publish","4":"has-post-thumbnail","6":"product_cat-cd-de","7":"product_cat-rock-de","8":"product_cat-hard-rock-de","9":"product_cat-musik-de","10":"product_cat-vinyl-de","11":"product_cat-metal-de","12":"product_cat-label-musik-de","13":"product_cat-noble-demon-de","14":"product_tag-willy-norton","15":"product_tag-the-future-tonight","16":"product_tag-bjoern-speed-strid","17":"product_tag-neonfly","18":"product_tag-guilty-gorilla","19":"product_tag-romesh-dodangoda","20":"product_tag-declan-brown","21":"product_tag-frederick-thunder","22":"product_tag-noble-demon","23":"product_tag-paul-miller","24":"product_tag-metal","25":"product_tag-hard-rock","26":"pa_format-cd-digipak","27":"pa_format-2xlp-coloured-marble-vinyl","28":"description-off","30":"first","31":"instock","32":"taxable","33":"shipping-taxable","34":"purchasable","35":"product-type-variable"},"acf":[],"yoast_head":"<!-- This site is optimized with the Yoast SEO plugin v27.2 - https:\/\/yoast.com\/product\/yoast-seo-wordpress\/ -->\n<title>Neonfly - The Future, Tonight<\/title>\n<meta name=\"description\" content=\"Shop | Neonfly - The Future, Tonight | 2021 | Noble Demon | CD, 2xLP (Splatter Vinyl)\" \/>\n<meta name=\"robots\" content=\"index, follow, max-snippet:-1, max-image-preview:large, max-video-preview:-1\" \/>\n<link rel=\"canonical\" href=\"https:\/\/ucm.one\/de\/produkt\/neonfly-the-future-tonight\/\" \/>\n<meta property=\"og:locale\" content=\"de_DE\" \/>\n<meta property=\"og:type\" content=\"article\" \/>\n<meta property=\"og:title\" content=\"Neonfly - The Future, Tonight\" \/>\n<meta property=\"og:description\" content=\"Shop | Neonfly - The Future, Tonight | 2021 | Noble Demon | CD, 2xLP (Splatter Vinyl)\" \/>\n<meta property=\"og:url\" content=\"https:\/\/ucm.one\/de\/produkt\/neonfly-the-future-tonight\/\" \/>\n<meta property=\"og:site_name\" content=\"UCM.ONE\" \/>\n<meta property=\"article:modified_time\" content=\"2023-06-18T22:24:38+00:00\" \/>\n<meta property=\"og:image\" content=\"https:\/\/ucm.one\/wp-content\/uploads\/2021\/03\/C-Neonfly-The-Future-Tonight.jpg\" \/>\n<meta name=\"twitter:card\" content=\"summary_large_image\" \/>\n<meta name=\"twitter:title\" content=\"Neonfly - The Future, Tonight\" \/>\n<meta name=\"twitter:description\" content=\"Shop | Neonfly - The Future, Tonight | 2021 | Noble Demon | CD, 2xLP (Splatter Vinyl)\" \/>\n<meta name=\"twitter:image\" content=\"https:\/\/ucm.one\/wp-content\/uploads\/2021\/03\/C-Neonfly-The-Future-Tonight.jpg\" \/>\n<meta name=\"twitter:label1\" content=\"Gesch\u00e4tzte Lesezeit\" \/>\n\t<meta name=\"twitter:data1\" content=\"1\u00a0Minute\" \/>\n<!-- \/ Yoast SEO plugin. -->","yoast_head_json":{"title":"Neonfly - The Future, Tonight","description":"Shop | Neonfly - The Future, Tonight | 2021 | Noble Demon | CD, 2xLP (Splatter Vinyl)","robots":{"index":"index","follow":"follow","max-snippet":"max-snippet:-1","max-image-preview":"max-image-preview:large","max-video-preview":"max-video-preview:-1"},"canonical":"https:\/\/ucm.one\/de\/produkt\/neonfly-the-future-tonight\/","og_locale":"de_DE","og_type":"article","og_title":"Neonfly - The Future, Tonight","og_description":"Shop | Neonfly - The Future, Tonight | 2021 | Noble Demon | CD, 2xLP (Splatter Vinyl)","og_url":"https:\/\/ucm.one\/de\/produkt\/neonfly-the-future-tonight\/","og_site_name":"UCM.ONE","article_modified_time":"2023-06-18T22:24:38+00:00","og_image":[{"url":"https:\/\/ucm.one\/wp-content\/uploads\/2021\/03\/C-Neonfly-The-Future-Tonight.jpg","type":"","width":"","height":""}],"twitter_card":"summary_large_image","twitter_title":"Neonfly - The Future, Tonight","twitter_description":"Shop | Neonfly - The Future, Tonight | 2021 | Noble Demon | CD, 2xLP (Splatter Vinyl)","twitter_image":"https:\/\/ucm.one\/wp-content\/uploads\/2021\/03\/C-Neonfly-The-Future-Tonight.jpg","twitter_misc":{"Gesch\u00e4tzte Lesezeit":"1\u00a0Minute"},"schema":{"@context":"https:\/\/schema.org","@graph":[{"@type":"WebPage","@id":"https:\/\/ucm.one\/de\/produkt\/neonfly-the-future-tonight\/","url":"https:\/\/ucm.one\/de\/produkt\/neonfly-the-future-tonight\/","name":"Neonfly - The Future, Tonight","isPartOf":{"@id":"https:\/\/ucm.one\/de\/#website"},"primaryImageOfPage":{"@id":"https:\/\/ucm.one\/de\/produkt\/neonfly-the-future-tonight\/#primaryimage"},"image":{"@id":"https:\/\/ucm.one\/de\/produkt\/neonfly-the-future-tonight\/#primaryimage"},"thumbnailUrl":"https:\/\/ucm.one\/wp-content\/uploads\/2021\/03\/C-Neonfly-The-Future-Tonight.jpg","datePublished":"2021-06-05T23:52:55+00:00","dateModified":"2023-06-18T22:24:38+00:00","description":"Shop | Neonfly - The Future, Tonight | 2021 | Noble Demon | CD, 2xLP (Splatter Vinyl)","breadcrumb":{"@id":"https:\/\/ucm.one\/de\/produkt\/neonfly-the-future-tonight\/#breadcrumb"},"inLanguage":"de","potentialAction":[{"@type":"ReadAction","target":["https:\/\/ucm.one\/de\/produkt\/neonfly-the-future-tonight\/"]}]},{"@type":"ImageObject","inLanguage":"de","@id":"https:\/\/ucm.one\/de\/produkt\/neonfly-the-future-tonight\/#primaryimage","url":"https:\/\/ucm.one\/wp-content\/uploads\/2021\/03\/C-Neonfly-The-Future-Tonight.jpg","contentUrl":"https:\/\/ucm.one\/wp-content\/uploads\/2021\/03\/C-Neonfly-The-Future-Tonight.jpg","width":1000,"height":1000},{"@type":"BreadcrumbList","@id":"https:\/\/ucm.one\/de\/produkt\/neonfly-the-future-tonight\/#breadcrumb","itemListElement":[{"@type":"ListItem","position":1,"name":"Home","item":"https:\/\/ucm.one\/de\/"},{"@type":"ListItem","position":2,"name":"Shop","item":"https:\/\/ucm.one\/de\/shop\/"},{"@type":"ListItem","position":3,"name":"Neonfly &#8211; The Future, Tonight"}]},{"@type":"WebSite","@id":"https:\/\/ucm.one\/de\/#website","url":"https:\/\/ucm.one\/de\/","name":"UCM.ONE","description":"","publisher":{"@id":"https:\/\/ucm.one\/de\/#organization"},"potentialAction":[{"@type":"SearchAction","target":{"@type":"EntryPoint","urlTemplate":"https:\/\/ucm.one\/de\/?s={search_term_string}"},"query-input":{"@type":"PropertyValueSpecification","valueRequired":true,"valueName":"search_term_string"}}],"inLanguage":"de"},{"@type":"Organization","@id":"https:\/\/ucm.one\/de\/#organization","name":"UCM.ONE","url":"https:\/\/ucm.one\/de\/","logo":{"@type":"ImageObject","inLanguage":"de","@id":"https:\/\/ucm.one\/de\/#\/schema\/logo\/image\/","url":"https:\/\/ucm.one\/wp-content\/uploads\/2019\/10\/UCM.ONE-Logo-RGB.svg","contentUrl":"https:\/\/ucm.one\/wp-content\/uploads\/2019\/10\/UCM.ONE-Logo-RGB.svg","width":1,"height":1,"caption":"UCM.ONE"},"image":{"@id":"https:\/\/ucm.one\/de\/#\/schema\/logo\/image\/"}}]}},"_links":{"self":[{"href":"https:\/\/ucm.one\/de\/wp-json\/wp\/v2\/product\/53519","targetHints":{"allow":["GET"]}}],"collection":[{"href":"https:\/\/ucm.one\/de\/wp-json\/wp\/v2\/product"}],"about":[{"href":"https:\/\/ucm.one\/de\/wp-json\/wp\/v2\/types\/product"}],"replies":[{"embeddable":true,"href":"https:\/\/ucm.one\/de\/wp-json\/wp\/v2\/comments?post=53519"}],"wp:featuredmedia":[{"embeddable":true,"href":"https:\/\/ucm.one\/de\/wp-json\/wp\/v2\/media\/51019"}],"wp:attachment":[{"href":"https:\/\/ucm.one\/de\/wp-json\/wp\/v2\/media?parent=53519"}],"wp:term":[{"taxonomy":"product_brand","embeddable":true,"href":"https:\/\/ucm.one\/de\/wp-json\/wp\/v2\/product_brand?post=53519"},{"taxonomy":"product_cat","embeddable":true,"href":"https:\/\/ucm.one\/de\/wp-json\/wp\/v2\/product_cat?post=53519"},{"taxonomy":"product_tag","embeddable":true,"href":"https:\/\/ucm.one\/de\/wp-json\/wp\/v2\/product_tag?post=53519"}],"curies":[{"name":"wp","href":"https:\/\/api.w.org\/{rel}","templated":true}]}}