{"id":52921,"date":"2024-10-29T16:41:44","date_gmt":"2024-10-29T16:41:44","guid":{"rendered":"https:\/\/ucm.one\/?post_type=product&#038;p=52921"},"modified":"2025-11-09T09:47:56","modified_gmt":"2025-11-09T09:47:56","slug":"boris-brejcha-feuerfalter-part-01","status":"publish","type":"product","link":"https:\/\/ucm.one\/de\/produkt\/boris-brejcha-feuerfalter-part-01\/","title":{"rendered":"Boris Brejcha &#8211; Feuerfalter (Part 01)"},"content":{"rendered":"<div class=\"wpb_text_column wpb_content_element \">\n<div class=\"wpb_wrapper\">\n<div class=\"\">\n<div class=\"wpb_text_column wpb_content_element \">\n<div class=\"wpb_wrapper\">\n<p>Das vierte Album von Boris Brejcha \u201c<strong>Feuerfalter (Part 1)<\/strong>\u201d ist wie die Beschreibung eines Feuerfalters und zugleich eine Art R\u00fcckblick auf die imposante Karriere von <strong>Boris Brejcha<\/strong>. So\u00a0f\u00fchlt es sich an, wenn <strong>Boris Brejcha<\/strong> Musik macht. \u201cFeuerfalter\u201d ist ein Album, das bewusst zeigt, wie vielseitig der K\u00fcnstler arbeitet. Mal leicht schwebend, mal wild mit dem Fl\u00fcgel schlagend, dabei immer voller Leidenschaft. Die Einfl\u00fcsse seiner Reisen und Auftritte pr\u00e4gen immer wieder seine Kunst.<\/p>\n<p>Das Album ist ebenfalls als Doppel-CD erh\u00e4ltlich: <a title=\"Feuerfalter (Part 01) [Deluxe Edition]\" href=\"https:\/\/ucm.one\/de\/produkt\/boris-brejcha-feuerfalter-part-01-deluxe-edition\/\">Feuerfalter (Part 01) [Deluxe Edition]<\/a><\/p>\n<\/div>\n<\/div>\n<\/div>\n<\/div>\n<\/div>\n<div><div class=\"gap\" style=\"line-height: 20px; height: 20px;\"><\/div><\/div>\n<h5>Weitere Informationen<\/h5>\n<div>\n<div>\n<table style=\"height: 46px; width: 100%; border-collapse: collapse; border-color: #ffffff; background-color: #ffffff; border-style: hidden;\">\n<tbody>\n<tr style=\"height: 23px; border-style: hidden; border-color: #ffffff; background-color: #ffffff;\">\n<td style=\"width: 4.701195219123506%; height: 23px; border-style: hidden;\">K\u00fcnstler:<\/td>\n<td style=\"width: 95.29880478087651%; height: 23px; border-style: hidden;\"><a title=\"Boris Brejcha | Harthouse\" href=\"https:\/\/ucm.one\/de\/tag\/boris-brejcha\">Boris Brejcha <\/a><\/td>\n<\/tr>\n<tr style=\"height: 23px;\">\n<td style=\"width: 4.701195219123506%; height: 23px; border-style: hidden;\">Label:<\/td>\n<td style=\"width: 95.29880478087651%; height: 23px; border-style: hidden;\"><a title=\"Harthouse\" href=\"https:\/\/ucm.one\/de\/musik-labels\/harthouse\/\">Harthouse<\/a><\/td>\n<\/tr>\n<\/tbody>\n<\/table>\n<\/div>\n<div><\/div>\n<div><div class=\"gap\" style=\"line-height: 10px; height: 10px;\"><\/div><\/div>\n<div>\u2117 2013 <strong>Harthouse Mannheim \/ daredo<\/strong>, \u00a9 2021 &amp; 2025 <strong>Harthouse<\/strong> \/ <span style=\"font-family: 'arial black', sans-serif;\"><strong>UCM.ONE<\/strong><\/span><\/div>\n<div><div class=\"gap\" style=\"line-height: 20px; height: 20px;\"><\/div><\/div>\n<div>\n<div><\/div>\n<div><div class=\"gap\" style=\"line-height: 10px; height: 10px;\"><\/div><\/div>\n<div><span style=\"color: #003a80;\"><strong>\u27a0 <a style=\"color: #003a80;\" title=\"\" href=\"https:\/\/ucm.one\/de\/produkt-kategorie\/art-de\/musik-de\/\">zum Shop<\/a><\/strong><\/span><\/div>\n<div><div class=\"gap\" style=\"line-height: 20px; height: 20px;\"><\/div><\/div>\n<\/div>\n<\/div>\n","protected":false},"excerpt":{"rendered":"<p>Artist:\u00a0<strong><a title=\"\" href=\"https:\/\/ucm.one\/de\/?s=Boris+Brejcha&amp;post_type=product\">Boris Brejcha<\/a><\/strong><\/p>\n<p>Label:\u00a0<a href=\"https:\/\/ucm.one\/de\/produkt-kategorie\/label-musik-de\/harthouse-de\"><b>Harthouse<\/b><\/a><\/p>\n<p>Art:\u00a0<strong><a href=\"https:\/\/ucm.one\/de\/produkt-kategorie\/art-de\/musik-de\/\">Musik<\/a>\u00a0(Album)<\/strong><\/p>\n<p>Genres:\u00a0<b><a href=\"https:\/\/ucm.one\/de\/produkt-kategorie\/genre-musik-de\/dance-de\/techno-de\/\">Techno<\/a>,\u00a0<a title=\"\" href=\"https:\/\/ucm.one\/de\/produkt-kategorie\/genre-musik-de\/dance-de\/minimal-de\">Minimal<\/a><\/b><\/p>\n<p>Jahre: <strong>2013, 2021 &amp; 2025<\/strong><\/p>\n<p>Formate: <strong>Diverse<\/strong><\/p>\n","protected":false},"featured_media":48890,"comment_status":"open","ping_status":"closed","template":"","meta":{"_acf_changed":false},"product_brand":[],"product_cat":[9755,9796,9797,10316,9713,9714,9813,9857],"product_tag":[9867,9868,9760,9869,9870,9798,9799,9805,9806],"class_list":{"0":"post-52921","1":"product","2":"type-product","3":"status-publish","4":"has-post-thumbnail","6":"product_cat-label-musik-de","7":"product_cat-harthouse-de","8":"product_cat-techno-de","9":"product_cat-tech-house-de","10":"product_cat-musik-de","11":"product_cat-vinyl-de","12":"product_cat-cd-de","13":"product_cat-dance-de","14":"product_tag-feuerfalter","15":"product_tag-part-01","16":"product_tag-cd","17":"product_tag-splatter","18":"product_tag-dance","19":"product_tag-boris-brejcha","20":"product_tag-harthouse","21":"product_tag-techno","22":"product_tag-vinyl","23":"pa_format-splatter-vinyl","24":"pa_format-2xlp-white-splatter-vinyl","25":"pa_format-2xlp-red-white-marbled-viny-de","26":"pa_format-2xlp-red-black-marbled-viny","27":"pa_format-cd","28":"description-off","30":"first","31":"instock","32":"taxable","33":"shipping-taxable","34":"purchasable","35":"product-type-variable"},"acf":[],"yoast_head":"<!-- This site is optimized with the Yoast SEO plugin v27.2 - https:\/\/yoast.com\/product\/yoast-seo-wordpress\/ -->\n<title>Boris Brejcha - Feuerfalter (Part 01)<\/title>\n<meta name=\"description\" content=\"Shop | Boris Brejcha - Feuerfalter (Part 01) | 2013, 2021 &amp; 2025 | Harthouse | CD, 2xLP (Splatter Vinyl)\" \/>\n<meta name=\"robots\" content=\"index, follow, max-snippet:-1, max-image-preview:large, max-video-preview:-1\" \/>\n<link rel=\"canonical\" href=\"https:\/\/ucm.one\/de\/produkt\/boris-brejcha-feuerfalter-part-01\/\" \/>\n<meta property=\"og:locale\" content=\"de_DE\" \/>\n<meta property=\"og:type\" content=\"article\" \/>\n<meta property=\"og:title\" content=\"Boris Brejcha - Feuerfalter (Part 01)\" \/>\n<meta property=\"og:description\" content=\"Shop | Boris Brejcha - Feuerfalter (Part 01) | 2013, 2021 &amp; 2025 | Harthouse | CD, 2xLP (Splatter Vinyl)\" \/>\n<meta property=\"og:url\" content=\"https:\/\/ucm.one\/de\/produkt\/boris-brejcha-feuerfalter-part-01\/\" \/>\n<meta property=\"og:site_name\" content=\"UCM.ONE\" \/>\n<meta property=\"article:modified_time\" content=\"2025-11-09T09:47:56+00:00\" \/>\n<meta property=\"og:image\" content=\"https:\/\/ucm.one\/wp-content\/uploads\/2021\/01\/C-Boris-Brejcha-Feuerfalter-Part-1.jpg\" \/>\n<meta name=\"twitter:card\" content=\"summary_large_image\" \/>\n<meta name=\"twitter:title\" content=\"Boris Brejcha - Feuerfalter (Part 01)\" \/>\n<meta name=\"twitter:description\" content=\"Shop | Boris Brejcha - Feuerfalter (Part 01) | 2013, 2021 &amp; 2025 | Harthouse | CD, 2xLP (Splatter Vinyl)\" \/>\n<meta name=\"twitter:image\" content=\"https:\/\/ucm.one\/wp-content\/uploads\/2021\/01\/C-Boris-Brejcha-Feuerfalter-Part-1.jpg\" \/>\n<meta name=\"twitter:label1\" content=\"Gesch\u00e4tzte Lesezeit\" \/>\n\t<meta name=\"twitter:data1\" content=\"1\u00a0Minute\" \/>\n<!-- \/ Yoast SEO plugin. -->","yoast_head_json":{"title":"Boris Brejcha - Feuerfalter (Part 01)","description":"Shop | Boris Brejcha - Feuerfalter (Part 01) | 2013, 2021 & 2025 | Harthouse | CD, 2xLP (Splatter Vinyl)","robots":{"index":"index","follow":"follow","max-snippet":"max-snippet:-1","max-image-preview":"max-image-preview:large","max-video-preview":"max-video-preview:-1"},"canonical":"https:\/\/ucm.one\/de\/produkt\/boris-brejcha-feuerfalter-part-01\/","og_locale":"de_DE","og_type":"article","og_title":"Boris Brejcha - Feuerfalter (Part 01)","og_description":"Shop | Boris Brejcha - Feuerfalter (Part 01) | 2013, 2021 & 2025 | Harthouse | CD, 2xLP (Splatter Vinyl)","og_url":"https:\/\/ucm.one\/de\/produkt\/boris-brejcha-feuerfalter-part-01\/","og_site_name":"UCM.ONE","article_modified_time":"2025-11-09T09:47:56+00:00","og_image":[{"url":"https:\/\/ucm.one\/wp-content\/uploads\/2021\/01\/C-Boris-Brejcha-Feuerfalter-Part-1.jpg","type":"","width":"","height":""}],"twitter_card":"summary_large_image","twitter_title":"Boris Brejcha - Feuerfalter (Part 01)","twitter_description":"Shop | Boris Brejcha - Feuerfalter (Part 01) | 2013, 2021 & 2025 | Harthouse | CD, 2xLP (Splatter Vinyl)","twitter_image":"https:\/\/ucm.one\/wp-content\/uploads\/2021\/01\/C-Boris-Brejcha-Feuerfalter-Part-1.jpg","twitter_misc":{"Gesch\u00e4tzte Lesezeit":"1\u00a0Minute"},"schema":{"@context":"https:\/\/schema.org","@graph":[{"@type":"WebPage","@id":"https:\/\/ucm.one\/de\/produkt\/boris-brejcha-feuerfalter-part-01\/","url":"https:\/\/ucm.one\/de\/produkt\/boris-brejcha-feuerfalter-part-01\/","name":"Boris Brejcha - Feuerfalter (Part 01)","isPartOf":{"@id":"https:\/\/ucm.one\/de\/#website"},"primaryImageOfPage":{"@id":"https:\/\/ucm.one\/de\/produkt\/boris-brejcha-feuerfalter-part-01\/#primaryimage"},"image":{"@id":"https:\/\/ucm.one\/de\/produkt\/boris-brejcha-feuerfalter-part-01\/#primaryimage"},"thumbnailUrl":"https:\/\/ucm.one\/wp-content\/uploads\/2021\/01\/C-Boris-Brejcha-Feuerfalter-Part-1.jpg","datePublished":"2024-10-29T16:41:44+00:00","dateModified":"2025-11-09T09:47:56+00:00","description":"Shop | Boris Brejcha - Feuerfalter (Part 01) | 2013, 2021 & 2025 | Harthouse | CD, 2xLP (Splatter Vinyl)","breadcrumb":{"@id":"https:\/\/ucm.one\/de\/produkt\/boris-brejcha-feuerfalter-part-01\/#breadcrumb"},"inLanguage":"de","potentialAction":[{"@type":"ReadAction","target":["https:\/\/ucm.one\/de\/produkt\/boris-brejcha-feuerfalter-part-01\/"]}]},{"@type":"ImageObject","inLanguage":"de","@id":"https:\/\/ucm.one\/de\/produkt\/boris-brejcha-feuerfalter-part-01\/#primaryimage","url":"https:\/\/ucm.one\/wp-content\/uploads\/2021\/01\/C-Boris-Brejcha-Feuerfalter-Part-1.jpg","contentUrl":"https:\/\/ucm.one\/wp-content\/uploads\/2021\/01\/C-Boris-Brejcha-Feuerfalter-Part-1.jpg","width":1000,"height":1000},{"@type":"BreadcrumbList","@id":"https:\/\/ucm.one\/de\/produkt\/boris-brejcha-feuerfalter-part-01\/#breadcrumb","itemListElement":[{"@type":"ListItem","position":1,"name":"Home","item":"https:\/\/ucm.one\/de\/"},{"@type":"ListItem","position":2,"name":"Shop","item":"https:\/\/ucm.one\/de\/shop\/"},{"@type":"ListItem","position":3,"name":"Boris Brejcha &#8211; Feuerfalter (Part 01)"}]},{"@type":"WebSite","@id":"https:\/\/ucm.one\/de\/#website","url":"https:\/\/ucm.one\/de\/","name":"UCM.ONE","description":"","publisher":{"@id":"https:\/\/ucm.one\/de\/#organization"},"potentialAction":[{"@type":"SearchAction","target":{"@type":"EntryPoint","urlTemplate":"https:\/\/ucm.one\/de\/?s={search_term_string}"},"query-input":{"@type":"PropertyValueSpecification","valueRequired":true,"valueName":"search_term_string"}}],"inLanguage":"de"},{"@type":"Organization","@id":"https:\/\/ucm.one\/de\/#organization","name":"UCM.ONE","url":"https:\/\/ucm.one\/de\/","logo":{"@type":"ImageObject","inLanguage":"de","@id":"https:\/\/ucm.one\/de\/#\/schema\/logo\/image\/","url":"https:\/\/ucm.one\/wp-content\/uploads\/2019\/10\/UCM.ONE-Logo-RGB.svg","contentUrl":"https:\/\/ucm.one\/wp-content\/uploads\/2019\/10\/UCM.ONE-Logo-RGB.svg","width":1,"height":1,"caption":"UCM.ONE"},"image":{"@id":"https:\/\/ucm.one\/de\/#\/schema\/logo\/image\/"}}]}},"_links":{"self":[{"href":"https:\/\/ucm.one\/de\/wp-json\/wp\/v2\/product\/52921","targetHints":{"allow":["GET"]}}],"collection":[{"href":"https:\/\/ucm.one\/de\/wp-json\/wp\/v2\/product"}],"about":[{"href":"https:\/\/ucm.one\/de\/wp-json\/wp\/v2\/types\/product"}],"replies":[{"embeddable":true,"href":"https:\/\/ucm.one\/de\/wp-json\/wp\/v2\/comments?post=52921"}],"wp:featuredmedia":[{"embeddable":true,"href":"https:\/\/ucm.one\/de\/wp-json\/wp\/v2\/media\/48890"}],"wp:attachment":[{"href":"https:\/\/ucm.one\/de\/wp-json\/wp\/v2\/media?parent=52921"}],"wp:term":[{"taxonomy":"product_brand","embeddable":true,"href":"https:\/\/ucm.one\/de\/wp-json\/wp\/v2\/product_brand?post=52921"},{"taxonomy":"product_cat","embeddable":true,"href":"https:\/\/ucm.one\/de\/wp-json\/wp\/v2\/product_cat?post=52921"},{"taxonomy":"product_tag","embeddable":true,"href":"https:\/\/ucm.one\/de\/wp-json\/wp\/v2\/product_tag?post=52921"}],"curies":[{"name":"wp","href":"https:\/\/api.w.org\/{rel}","templated":true}]}}