{"id":52891,"date":"2021-05-22T23:02:53","date_gmt":"2021-05-22T23:02:53","guid":{"rendered":"https:\/\/ucm.one\/?post_type=product&#038;p=52891"},"modified":"2023-11-09T15:54:02","modified_gmt":"2023-11-09T15:54:02","slug":"kaunis-kuolematon-syttykoeoen-toinen-aurinko","status":"publish","type":"product","link":"https:\/\/ucm.one\/de\/produkt\/kaunis-kuolematon-syttykoeoen-toinen-aurinko\/","title":{"rendered":"Kaunis Kuolematon &#8211;  Syttyk\u00f6\u00f6n Toinen Aurinko"},"content":{"rendered":"<div class=\"wpb_text_column wpb_content_element \">\n<div class=\"wpb_wrapper\">\n<div class=\"\">\n<div class=\"wpb_text_column wpb_content_element \">\n<div class=\"wpb_wrapper\">\n<p>Die finnischen Melancholic Doom Metaler <strong>Kaunis Kuolematon<\/strong>\u00a0haben ihr brandneues Album auf dem Label <strong>Noble Demon\u00a0<\/strong>ver\u00f6ffentlicht. Nicht davor zur\u00fcckschreckend, musikalische Grenzen zu \u00fcberschreiten und die Stereotypen des Doom Metal zu erweitern, entf\u00fchrt die Band aus Hamina, Finnland, den H\u00f6rer auf eine intensive Reise hochkar\u00e4tigster Metal-Melancholie! Neun Titel voller Dunkelheit, apokalyptisch und destruktiv, Melodien, die ebenso befl\u00fcgelnd wie depressiv sind.<\/p>\n<\/div>\n<\/div>\n<div class=\"wpb_text_column wpb_content_element \">\n<div class=\"wpb_wrapper\"><\/div>\n<\/div>\n<p>\u201c<strong>Syttyk\u00f6\u00f6n Toinen Aurinko<\/strong>\u201c, dessen Texte vollst\u00e4ndig auf Finnisch sind, wurde in den <strong>DeepNoise Studios<\/strong>, Finnland, aufgenommen (<strong>Bloodred Hourglass<\/strong>, <strong>Wolfheart,<\/strong> <strong>Dawn Of Solace<\/strong>, <strong>To\/Die\/For<\/strong>), w\u00e4hrend das atemberaubende, anspruchsvolle Cover-Artwork von <strong>Niko Anttila<\/strong> (<strong>Wolfheart<\/strong>, <strong>Sabaton<\/strong>) stammt.<\/p>\n<\/div>\n<\/div>\n<\/div>\n<div><div class=\"gap\" style=\"line-height: 20px; height: 20px;\"><\/div><\/div>\n<h5>Weitere Informationen<\/h5>\n<div>\n<div>\n<table style=\"height: 46px; width: 100%; border-collapse: collapse; border-color: #ffffff; background-color: #ffffff; border-style: hidden;\">\n<tbody>\n<tr style=\"height: 23px; border-style: hidden; border-color: #ffffff; background-color: #ffffff;\">\n<td style=\"width: 4.701195219123506%; height: 23px; border-style: hidden;\">Band:<\/td>\n<td style=\"width: 95.29880478087651%; height: 23px; border-style: hidden;\"><a title=\"Kaunis Kuolematon | Noble Demon\" href=\"https:\/\/ucm.one\/de\/kaunis-kuolematon\/\">Kaunis Kuolematon<\/a><\/td>\n<\/tr>\n<tr style=\"height: 23px;\">\n<td style=\"width: 4.701195219123506%; height: 23px; border-style: hidden;\">Label:<\/td>\n<td style=\"width: 95.29880478087651%; height: 23px; border-style: hidden;\"><a title=\"Noble Demon\" href=\"https:\/\/ucm.one\/de\/musik-labels\/noble-demon\/\">Noble Demon<\/a><\/td>\n<\/tr>\n<\/tbody>\n<\/table>\n<\/div>\n<div><\/div>\n<div><div class=\"gap\" style=\"line-height: 10px; height: 10px;\"><\/div><\/div>\n<div>\u2117 &amp; \u00a9 2020\u00a0<strong>Noble Demon<\/strong> \/ <span style=\"font-family: 'arial black', sans-serif;\"><strong>UCM.ONE<\/strong><\/span><\/div>\n<div><div class=\"gap\" style=\"line-height: 20px; height: 20px;\"><\/div><\/div>\n<div>\n<div><\/div>\n<div><div class=\"gap\" style=\"line-height: 10px; height: 10px;\"><\/div><\/div>\n<div><span style=\"color: #003a80;\"><strong>\u27a0 <a style=\"color: #003a80;\" title=\"\" href=\"https:\/\/ucm.one\/de\/produkt-kategorie\/art-de\/musik-de\/\">zum Shop<\/a><\/strong><\/span><\/div>\n<div><div class=\"gap\" style=\"line-height: 20px; height: 20px;\"><\/div><\/div>\n<\/div>\n<\/div>\n","protected":false},"excerpt":{"rendered":"<p>Band: <a href=\"https:\/\/ucm.one\/de\/?s=%22Kaunis+Kuolematon%22&amp;post_type=product\"><strong>Kaunis Kuolematon<\/strong><\/a><\/p>\n<p>Label: <a href=\"https:\/\/ucm.one\/de\/produkt-kategorie\/label-musik-de\/noble-demon-de\/\"><strong>Noble Demon<\/strong><\/a><\/p>\n<p>Art: <strong><a href=\"https:\/\/ucm.one\/de\/produkt-kategorie\/art-de\/musik-de\/\">Musik<\/a> (Album)<\/strong><\/p>\n<p>Genres: <strong><a href=\"https:\/\/ucm.one\/de\/produkt-kategorie\/genre-musik-de\/metal-de\/\">Metal<\/a>, <a href=\"https:\/\/ucm.one\/de\/produkt-kategorie\/genre-musik-de\/metal-de\/melancholic-metal-de\/\">Melancholic Metal<\/a><\/strong><\/p>\n<p>Jahr: <strong>2020<\/strong><\/p>\n<p>Formate: <strong>Diverse<\/strong><\/p>\n","protected":false},"featured_media":44493,"comment_status":"open","ping_status":"closed","template":"","meta":{"_acf_changed":false},"product_brand":[],"product_cat":[9753,9755,9756,9813,9713,9714,9822],"product_tag":[9854,9864,9865,9866,9760,9763,9806,9821],"class_list":{"0":"post-52891","1":"product","2":"type-product","3":"status-publish","4":"has-post-thumbnail","6":"product_cat-metal-de","7":"product_cat-label-musik-de","8":"product_cat-noble-demon-de","9":"product_cat-cd-de","10":"product_cat-musik-de","11":"product_cat-vinyl-de","12":"product_cat-melancholic-metal-de","13":"product_tag-melodic-metal","14":"product_tag-kaunis-kuolematon","15":"product_tag-syttykoeoen-toinen-aurinko","16":"product_tag-splatter-vinyl","17":"product_tag-cd","18":"product_tag-noble-demon","19":"product_tag-vinyl","20":"product_tag-doom-metal","21":"pa_format-splatter-vinyl","22":"pa_format-cd-digipak","23":"description-off","25":"first","26":"instock","27":"taxable","28":"shipping-taxable","29":"purchasable","30":"product-type-variable"},"acf":[],"yoast_head":"<!-- This site is optimized with the Yoast SEO plugin v27.2 - https:\/\/yoast.com\/product\/yoast-seo-wordpress\/ -->\n<title>Kaunis Kuolematon - Syttyk\u00f6\u00f6n Toinen Aurinko<\/title>\n<meta name=\"description\" content=\"Shop | Kaunis Kuolematon - Syttyk\u00f6\u00f6n Toinen Aurinko | 2020 | Noble Demon | CD, 2xLP (Splatter Vinyl)\" \/>\n<meta name=\"robots\" content=\"index, follow, max-snippet:-1, max-image-preview:large, max-video-preview:-1\" \/>\n<link rel=\"canonical\" href=\"https:\/\/ucm.one\/de\/produkt\/kaunis-kuolematon-syttykoeoen-toinen-aurinko\/\" \/>\n<meta property=\"og:locale\" content=\"de_DE\" \/>\n<meta property=\"og:type\" content=\"article\" \/>\n<meta property=\"og:title\" content=\"Kaunis Kuolematon - Syttyk\u00f6\u00f6n Toinen Aurinko\" \/>\n<meta property=\"og:description\" content=\"Shop | Kaunis Kuolematon - Syttyk\u00f6\u00f6n Toinen Aurinko | 2020 | Noble Demon | CD, 2xLP (Splatter Vinyl)\" \/>\n<meta property=\"og:url\" content=\"https:\/\/ucm.one\/de\/produkt\/kaunis-kuolematon-syttykoeoen-toinen-aurinko\/\" \/>\n<meta property=\"og:site_name\" content=\"UCM.ONE\" \/>\n<meta property=\"article:modified_time\" content=\"2023-11-09T15:54:02+00:00\" \/>\n<meta property=\"og:image\" content=\"https:\/\/ucm.one\/wp-content\/uploads\/2020\/09\/C-KK-Syttykoon-Toinen-Aurinko.jpg\" \/>\n<meta name=\"twitter:card\" content=\"summary_large_image\" \/>\n<meta name=\"twitter:title\" content=\"Kaunis Kuolematon - Syttyk\u00f6\u00f6n Toinen Aurinko\" \/>\n<meta name=\"twitter:description\" content=\"Shop | Kaunis Kuolematon - Syttyk\u00f6\u00f6n Toinen Aurinko | 2020 | Noble Demon | CD, 2xLP (Splatter Vinyl)\" \/>\n<meta name=\"twitter:image\" content=\"https:\/\/ucm.one\/wp-content\/uploads\/2020\/09\/C-KK-Syttykoon-Toinen-Aurinko.jpg\" \/>\n<meta name=\"twitter:label1\" content=\"Gesch\u00e4tzte Lesezeit\" \/>\n\t<meta name=\"twitter:data1\" content=\"1\u00a0Minute\" \/>\n<!-- \/ Yoast SEO plugin. -->","yoast_head_json":{"title":"Kaunis Kuolematon - Syttyk\u00f6\u00f6n Toinen Aurinko","description":"Shop | Kaunis Kuolematon - Syttyk\u00f6\u00f6n Toinen Aurinko | 2020 | Noble Demon | CD, 2xLP (Splatter Vinyl)","robots":{"index":"index","follow":"follow","max-snippet":"max-snippet:-1","max-image-preview":"max-image-preview:large","max-video-preview":"max-video-preview:-1"},"canonical":"https:\/\/ucm.one\/de\/produkt\/kaunis-kuolematon-syttykoeoen-toinen-aurinko\/","og_locale":"de_DE","og_type":"article","og_title":"Kaunis Kuolematon - Syttyk\u00f6\u00f6n Toinen Aurinko","og_description":"Shop | Kaunis Kuolematon - Syttyk\u00f6\u00f6n Toinen Aurinko | 2020 | Noble Demon | CD, 2xLP (Splatter Vinyl)","og_url":"https:\/\/ucm.one\/de\/produkt\/kaunis-kuolematon-syttykoeoen-toinen-aurinko\/","og_site_name":"UCM.ONE","article_modified_time":"2023-11-09T15:54:02+00:00","og_image":[{"url":"https:\/\/ucm.one\/wp-content\/uploads\/2020\/09\/C-KK-Syttykoon-Toinen-Aurinko.jpg","type":"","width":"","height":""}],"twitter_card":"summary_large_image","twitter_title":"Kaunis Kuolematon - Syttyk\u00f6\u00f6n Toinen Aurinko","twitter_description":"Shop | Kaunis Kuolematon - Syttyk\u00f6\u00f6n Toinen Aurinko | 2020 | Noble Demon | CD, 2xLP (Splatter Vinyl)","twitter_image":"https:\/\/ucm.one\/wp-content\/uploads\/2020\/09\/C-KK-Syttykoon-Toinen-Aurinko.jpg","twitter_misc":{"Gesch\u00e4tzte Lesezeit":"1\u00a0Minute"},"schema":{"@context":"https:\/\/schema.org","@graph":[{"@type":"WebPage","@id":"https:\/\/ucm.one\/de\/produkt\/kaunis-kuolematon-syttykoeoen-toinen-aurinko\/","url":"https:\/\/ucm.one\/de\/produkt\/kaunis-kuolematon-syttykoeoen-toinen-aurinko\/","name":"Kaunis Kuolematon - Syttyk\u00f6\u00f6n Toinen Aurinko","isPartOf":{"@id":"https:\/\/ucm.one\/de\/#website"},"primaryImageOfPage":{"@id":"https:\/\/ucm.one\/de\/produkt\/kaunis-kuolematon-syttykoeoen-toinen-aurinko\/#primaryimage"},"image":{"@id":"https:\/\/ucm.one\/de\/produkt\/kaunis-kuolematon-syttykoeoen-toinen-aurinko\/#primaryimage"},"thumbnailUrl":"https:\/\/ucm.one\/wp-content\/uploads\/2020\/09\/C-KK-Syttykoon-Toinen-Aurinko.jpg","datePublished":"2021-05-22T23:02:53+00:00","dateModified":"2023-11-09T15:54:02+00:00","description":"Shop | Kaunis Kuolematon - Syttyk\u00f6\u00f6n Toinen Aurinko | 2020 | Noble Demon | CD, 2xLP (Splatter Vinyl)","breadcrumb":{"@id":"https:\/\/ucm.one\/de\/produkt\/kaunis-kuolematon-syttykoeoen-toinen-aurinko\/#breadcrumb"},"inLanguage":"de","potentialAction":[{"@type":"ReadAction","target":["https:\/\/ucm.one\/de\/produkt\/kaunis-kuolematon-syttykoeoen-toinen-aurinko\/"]}]},{"@type":"ImageObject","inLanguage":"de","@id":"https:\/\/ucm.one\/de\/produkt\/kaunis-kuolematon-syttykoeoen-toinen-aurinko\/#primaryimage","url":"https:\/\/ucm.one\/wp-content\/uploads\/2020\/09\/C-KK-Syttykoon-Toinen-Aurinko.jpg","contentUrl":"https:\/\/ucm.one\/wp-content\/uploads\/2020\/09\/C-KK-Syttykoon-Toinen-Aurinko.jpg","width":1000,"height":1000},{"@type":"BreadcrumbList","@id":"https:\/\/ucm.one\/de\/produkt\/kaunis-kuolematon-syttykoeoen-toinen-aurinko\/#breadcrumb","itemListElement":[{"@type":"ListItem","position":1,"name":"Home","item":"https:\/\/ucm.one\/de\/"},{"@type":"ListItem","position":2,"name":"Shop","item":"https:\/\/ucm.one\/de\/shop\/"},{"@type":"ListItem","position":3,"name":"Kaunis Kuolematon &#8211; Syttyk\u00f6\u00f6n Toinen Aurinko"}]},{"@type":"WebSite","@id":"https:\/\/ucm.one\/de\/#website","url":"https:\/\/ucm.one\/de\/","name":"UCM.ONE","description":"","publisher":{"@id":"https:\/\/ucm.one\/de\/#organization"},"potentialAction":[{"@type":"SearchAction","target":{"@type":"EntryPoint","urlTemplate":"https:\/\/ucm.one\/de\/?s={search_term_string}"},"query-input":{"@type":"PropertyValueSpecification","valueRequired":true,"valueName":"search_term_string"}}],"inLanguage":"de"},{"@type":"Organization","@id":"https:\/\/ucm.one\/de\/#organization","name":"UCM.ONE","url":"https:\/\/ucm.one\/de\/","logo":{"@type":"ImageObject","inLanguage":"de","@id":"https:\/\/ucm.one\/de\/#\/schema\/logo\/image\/","url":"https:\/\/ucm.one\/wp-content\/uploads\/2019\/10\/UCM.ONE-Logo-RGB.svg","contentUrl":"https:\/\/ucm.one\/wp-content\/uploads\/2019\/10\/UCM.ONE-Logo-RGB.svg","width":1,"height":1,"caption":"UCM.ONE"},"image":{"@id":"https:\/\/ucm.one\/de\/#\/schema\/logo\/image\/"}}]}},"_links":{"self":[{"href":"https:\/\/ucm.one\/de\/wp-json\/wp\/v2\/product\/52891","targetHints":{"allow":["GET"]}}],"collection":[{"href":"https:\/\/ucm.one\/de\/wp-json\/wp\/v2\/product"}],"about":[{"href":"https:\/\/ucm.one\/de\/wp-json\/wp\/v2\/types\/product"}],"replies":[{"embeddable":true,"href":"https:\/\/ucm.one\/de\/wp-json\/wp\/v2\/comments?post=52891"}],"wp:featuredmedia":[{"embeddable":true,"href":"https:\/\/ucm.one\/de\/wp-json\/wp\/v2\/media\/44493"}],"wp:attachment":[{"href":"https:\/\/ucm.one\/de\/wp-json\/wp\/v2\/media?parent=52891"}],"wp:term":[{"taxonomy":"product_brand","embeddable":true,"href":"https:\/\/ucm.one\/de\/wp-json\/wp\/v2\/product_brand?post=52891"},{"taxonomy":"product_cat","embeddable":true,"href":"https:\/\/ucm.one\/de\/wp-json\/wp\/v2\/product_cat?post=52891"},{"taxonomy":"product_tag","embeddable":true,"href":"https:\/\/ucm.one\/de\/wp-json\/wp\/v2\/product_tag?post=52891"}],"curies":[{"name":"wp","href":"https:\/\/api.w.org\/{rel}","templated":true}]}}