{"id":52859,"date":"2020-10-23T01:04:31","date_gmt":"2020-10-23T01:04:31","guid":{"rendered":"https:\/\/ucm.one\/?post_type=product&#038;p=52859"},"modified":"2025-11-20T17:48:32","modified_gmt":"2025-11-20T17:48:32","slug":"red-moon-architect-emptiness-weighs-the-most","status":"publish","type":"product","link":"https:\/\/ucm.one\/de\/produkt\/red-moon-architect-emptiness-weighs-the-most\/","title":{"rendered":"Red Moon Architect &#8211; Emptiness weighs the most"},"content":{"rendered":"<div class=\"wpb_text_column wpb_content_element \">\n<div class=\"wpb_wrapper\">\n<div class=\"\">\n<div class=\"wpb_text_column wpb_content_element \">\n<div class=\"wpb_wrapper\">\n<div class=\"wpb_text_column wpb_content_element \">\n<div class=\"wpb_wrapper\">\n<div class=\"\">\n<div class=\"wpb_text_column wpb_content_element \">\n<div class=\"wpb_wrapper\">\n<div class=\"\">\n<div class=\"\">\n<div class=\"wpb_text_column wpb_content_element \">\n<div class=\"wpb_wrapper\">\n<div class=\"wpb_text_column wpb_content_element \">\n<div class=\"wpb_wrapper\">\n<div class=\"\">\n<p>Die finnischen Melancholic Doom Metaller <strong>Red Moon Architect<\/strong>\u00a0haben ihr brandneues Album auf dem Label <strong>Noble Demon\u00a0<\/strong>ver\u00f6ffentlicht. Auf \u201c<strong>Emptiness Weighs The Most<\/strong>\u201d erschaffen <strong>Red Moon Architect<\/strong>\u00a0ihre ganz eigene Welt aus melancholischer Finsternis und schicken den Zuh\u00f6rer auf eine intensive und emotionale Reise durch atmosph\u00e4rische, rohe und melodische Doom-Klanglandschaften. P\u00fcnktlich zur Ver\u00f6ffentlichung ihres f\u00fcnften Studioalbums haben <strong>Red Moon Architect<\/strong>\u00a0einen neuen Videoclip zum Track \u201c<strong>One Shines Brighter<\/strong>\u201d ver\u00f6ffentlicht, welchen die Band als einen der \u201c<em>emotionalsten Tracks des Albums<\/em>\u201c beschreibt, der \u201c<em>weiblichen Gesang mit tiefen, kraftvollen Growls und sch\u00f6nen, melancholischen Melodien kombiniert<\/em>\u201c.<\/p>\n<\/div>\n<\/div>\n<\/div>\n<\/div>\n<\/div>\n<\/div>\n<\/div>\n<\/div>\n<\/div>\n<\/div>\n<\/div>\n<\/div>\n<\/div>\n<\/div>\n<div class=\"wpb_text_column wpb_content_element \">\n<div class=\"wpb_wrapper\"><\/div>\n<\/div>\n<\/div>\n<\/div>\n<\/div>\n<div><div class=\"gap\" style=\"line-height: 20px; height: 20px;\"><\/div><\/div>\n<h5>Weitere Informationen<\/h5>\n<div>\n<div>\n<table style=\"height: 46px;width: 100%;border-collapse: collapse;border-color: #ffffff;background-color: #ffffff;border-style: hidden\">\n<tbody>\n<tr style=\"height: 23px;border-style: hidden;border-color: #ffffff;background-color: #ffffff\">\n<td style=\"width: 58.953125px;height: 23px;border-style: hidden\">Band:<\/td>\n<td style=\"width: 1204.0625px;height: 23px;border-style: hidden\"><a title=\"Red Moon Architect | Noble Demon\" href=\"https:\/\/ucm.one\/de\/produkt\/red-moon-architect-emptiness-weighs-the-most\/\">Red Moon Architect<\/a><\/td>\n<\/tr>\n<tr style=\"height: 23px\">\n<td style=\"width: 58.953125px;height: 23px;border-style: hidden\">Label:<\/td>\n<td style=\"width: 1204.0625px;height: 23px;border-style: hidden\"><a title=\"Noble Demon\" href=\"https:\/\/ucm.one\/de\/musik-labels\/noble-demon\/\">Noble Demon<\/a><\/td>\n<\/tr>\n<\/tbody>\n<\/table>\n<\/div>\n<div><\/div>\n<div><div class=\"gap\" style=\"line-height: 10px; height: 10px;\"><\/div><\/div>\n<div>\u2117 &amp; \u00a9 2020\u00a0<strong>Noble Demon<\/strong> \/ <span style=\"font-family: 'arial black', sans-serif\"><strong>UCM.ONE<\/strong><\/span><\/div>\n<div><div class=\"gap\" style=\"line-height: 20px; height: 20px;\"><\/div><\/div>\n<div>\n<div><\/div>\n<div><div class=\"gap\" style=\"line-height: 10px; height: 10px;\"><\/div><\/div>\n<div><span style=\"color: #003a80\"><strong>\u27a0 <a style=\"color: #003a80\" title=\"\" href=\"https:\/\/ucm.one\/de\/produkt-kategorie\/art-de\/musik-de\/\">zum Shop<\/a><\/strong><\/span><\/div>\n<div><div class=\"gap\" style=\"line-height: 20px; height: 20px;\"><\/div><\/div>\n<\/div>\n<\/div>\n","protected":false},"excerpt":{"rendered":"<p>Band: <a href=\"https:\/\/ucm.one\/de\/?s=%22Red+Moon+Architect%22&amp;post_type=product\"><strong>Red Moon Architect<\/strong><\/a><\/p>\n<p>Label: <a href=\"https:\/\/ucm.one\/de\/produkt-kategorie\/label-musik-de\/noble-demon-de\/\"><strong>Noble Demon<\/strong><\/a><\/p>\n<p>Art: <strong><a href=\"https:\/\/ucm.one\/de\/produkt-kategorie\/art-de\/musik-de\/\">Musik<\/a> (Album)<\/strong><\/p>\n<p>Genres: <strong><a href=\"https:\/\/ucm.one\/de\/produkt-kategorie\/genre-musik-de\/metal-de\/\">Metal<\/a>, <a href=\"https:\/\/ucm.one\/de\/produkt-kategorie\/genre-musik-de\/metal-de\/doom-metal-de\/\">Doom<\/a>, <a href=\"https:\/\/ucm.one\/de\/produkt-kategorie\/genre-musik-de\/metal-de\/death-metal-de\/\">Death Metal<\/a><\/strong><\/p>\n<p>Jahr: <strong>2020<\/strong><\/p>\n<p>Format: <strong>CD<\/strong><\/p>\n","protected":false},"featured_media":42298,"comment_status":"open","ping_status":"closed","template":"","meta":{"_acf_changed":false},"product_brand":[],"product_cat":[9753,9829,9755,9756,9781,9813,9713,9823],"product_tag":[9836,9837,9760,9838,9763,9764,9787,9821],"class_list":{"0":"post-52859","1":"product","2":"type-product","3":"status-publish","4":"has-post-thumbnail","6":"product_cat-metal-de","7":"product_cat-sludge-de","8":"product_cat-label-musik-de","9":"product_cat-noble-demon-de","10":"product_cat-death-metal-de","11":"product_cat-cd-de","12":"product_cat-musik-de","13":"product_cat-doom-metal-de","14":"product_tag-red-moon-architect","15":"product_tag-emptiness-weighs-the-most","16":"product_tag-cd","17":"product_tag-finnland","18":"product_tag-noble-demon","19":"product_tag-metal","20":"product_tag-death-metal","21":"product_tag-doom-metal","22":"product_shipping_class-cd-3","23":"description-off","25":"first","26":"instock","27":"taxable","28":"shipping-taxable","29":"purchasable","30":"product-type-simple"},"acf":[],"yoast_head":"<!-- This site is optimized with the Yoast SEO plugin v27.2 - https:\/\/yoast.com\/product\/yoast-seo-wordpress\/ -->\n<title>Red Moon Architect - Emptiness weighs the most<\/title>\n<meta name=\"description\" content=\"Shop | Red Moon Architect - Emptiness weighs the most | 2020 | Noble Demon | CD\" \/>\n<meta name=\"robots\" content=\"index, follow, max-snippet:-1, max-image-preview:large, max-video-preview:-1\" \/>\n<link rel=\"canonical\" href=\"https:\/\/ucm.one\/de\/produkt\/red-moon-architect-emptiness-weighs-the-most\/\" \/>\n<meta property=\"og:locale\" content=\"de_DE\" \/>\n<meta property=\"og:type\" content=\"article\" \/>\n<meta property=\"og:title\" content=\"Red Moon Architect - Emptiness weighs the most\" \/>\n<meta property=\"og:description\" content=\"Shop | Red Moon Architect - Emptiness weighs the most | 2020 | Noble Demon | CD\" \/>\n<meta property=\"og:url\" content=\"https:\/\/ucm.one\/de\/produkt\/red-moon-architect-emptiness-weighs-the-most\/\" \/>\n<meta property=\"og:site_name\" content=\"UCM.ONE\" \/>\n<meta property=\"article:modified_time\" content=\"2025-11-20T17:48:32+00:00\" \/>\n<meta property=\"og:image\" content=\"https:\/\/ucm.one\/wp-content\/uploads\/2020\/06\/C-Red-Moon-Architect-Emptiness-Weighs-The-Most-Album.jpg\" \/>\n<meta name=\"twitter:card\" content=\"summary_large_image\" \/>\n<meta name=\"twitter:title\" content=\"Red Moon Architect - Emptiness weighs the most\" \/>\n<meta name=\"twitter:description\" content=\"Shop | Red Moon Architect - Emptiness weighs the most | 2020 | Noble Demon | CD\" \/>\n<meta name=\"twitter:image\" content=\"https:\/\/ucm.one\/wp-content\/uploads\/2020\/06\/C-Red-Moon-Architect-Emptiness-Weighs-The-Most-Album.jpg\" \/>\n<meta name=\"twitter:label1\" content=\"Gesch\u00e4tzte Lesezeit\" \/>\n\t<meta name=\"twitter:data1\" content=\"1\u00a0Minute\" \/>\n<!-- \/ Yoast SEO plugin. -->","yoast_head_json":{"title":"Red Moon Architect - Emptiness weighs the most","description":"Shop | Red Moon Architect - Emptiness weighs the most | 2020 | Noble Demon | CD","robots":{"index":"index","follow":"follow","max-snippet":"max-snippet:-1","max-image-preview":"max-image-preview:large","max-video-preview":"max-video-preview:-1"},"canonical":"https:\/\/ucm.one\/de\/produkt\/red-moon-architect-emptiness-weighs-the-most\/","og_locale":"de_DE","og_type":"article","og_title":"Red Moon Architect - Emptiness weighs the most","og_description":"Shop | Red Moon Architect - Emptiness weighs the most | 2020 | Noble Demon | CD","og_url":"https:\/\/ucm.one\/de\/produkt\/red-moon-architect-emptiness-weighs-the-most\/","og_site_name":"UCM.ONE","article_modified_time":"2025-11-20T17:48:32+00:00","og_image":[{"url":"https:\/\/ucm.one\/wp-content\/uploads\/2020\/06\/C-Red-Moon-Architect-Emptiness-Weighs-The-Most-Album.jpg","type":"","width":"","height":""}],"twitter_card":"summary_large_image","twitter_title":"Red Moon Architect - Emptiness weighs the most","twitter_description":"Shop | Red Moon Architect - Emptiness weighs the most | 2020 | Noble Demon | CD","twitter_image":"https:\/\/ucm.one\/wp-content\/uploads\/2020\/06\/C-Red-Moon-Architect-Emptiness-Weighs-The-Most-Album.jpg","twitter_misc":{"Gesch\u00e4tzte Lesezeit":"1\u00a0Minute"},"schema":{"@context":"https:\/\/schema.org","@graph":[{"@type":"WebPage","@id":"https:\/\/ucm.one\/de\/produkt\/red-moon-architect-emptiness-weighs-the-most\/","url":"https:\/\/ucm.one\/de\/produkt\/red-moon-architect-emptiness-weighs-the-most\/","name":"Red Moon Architect - Emptiness weighs the most","isPartOf":{"@id":"https:\/\/ucm.one\/de\/#website"},"primaryImageOfPage":{"@id":"https:\/\/ucm.one\/de\/produkt\/red-moon-architect-emptiness-weighs-the-most\/#primaryimage"},"image":{"@id":"https:\/\/ucm.one\/de\/produkt\/red-moon-architect-emptiness-weighs-the-most\/#primaryimage"},"thumbnailUrl":"https:\/\/ucm.one\/wp-content\/uploads\/2020\/06\/C-Red-Moon-Architect-Emptiness-Weighs-The-Most-Album.jpg","datePublished":"2020-10-23T01:04:31+00:00","dateModified":"2025-11-20T17:48:32+00:00","description":"Shop | Red Moon Architect - Emptiness weighs the most | 2020 | Noble Demon | CD","breadcrumb":{"@id":"https:\/\/ucm.one\/de\/produkt\/red-moon-architect-emptiness-weighs-the-most\/#breadcrumb"},"inLanguage":"de","potentialAction":[{"@type":"ReadAction","target":["https:\/\/ucm.one\/de\/produkt\/red-moon-architect-emptiness-weighs-the-most\/"]}]},{"@type":"ImageObject","inLanguage":"de","@id":"https:\/\/ucm.one\/de\/produkt\/red-moon-architect-emptiness-weighs-the-most\/#primaryimage","url":"https:\/\/ucm.one\/wp-content\/uploads\/2020\/06\/C-Red-Moon-Architect-Emptiness-Weighs-The-Most-Album.jpg","contentUrl":"https:\/\/ucm.one\/wp-content\/uploads\/2020\/06\/C-Red-Moon-Architect-Emptiness-Weighs-The-Most-Album.jpg","width":1000,"height":1000},{"@type":"BreadcrumbList","@id":"https:\/\/ucm.one\/de\/produkt\/red-moon-architect-emptiness-weighs-the-most\/#breadcrumb","itemListElement":[{"@type":"ListItem","position":1,"name":"Home","item":"https:\/\/ucm.one\/de\/"},{"@type":"ListItem","position":2,"name":"Shop","item":"https:\/\/ucm.one\/de\/shop\/"},{"@type":"ListItem","position":3,"name":"Red Moon Architect &#8211; Emptiness weighs the most"}]},{"@type":"WebSite","@id":"https:\/\/ucm.one\/de\/#website","url":"https:\/\/ucm.one\/de\/","name":"UCM.ONE","description":"","publisher":{"@id":"https:\/\/ucm.one\/de\/#organization"},"potentialAction":[{"@type":"SearchAction","target":{"@type":"EntryPoint","urlTemplate":"https:\/\/ucm.one\/de\/?s={search_term_string}"},"query-input":{"@type":"PropertyValueSpecification","valueRequired":true,"valueName":"search_term_string"}}],"inLanguage":"de"},{"@type":"Organization","@id":"https:\/\/ucm.one\/de\/#organization","name":"UCM.ONE","url":"https:\/\/ucm.one\/de\/","logo":{"@type":"ImageObject","inLanguage":"de","@id":"https:\/\/ucm.one\/de\/#\/schema\/logo\/image\/","url":"https:\/\/ucm.one\/wp-content\/uploads\/2019\/10\/UCM.ONE-Logo-RGB.svg","contentUrl":"https:\/\/ucm.one\/wp-content\/uploads\/2019\/10\/UCM.ONE-Logo-RGB.svg","width":1,"height":1,"caption":"UCM.ONE"},"image":{"@id":"https:\/\/ucm.one\/de\/#\/schema\/logo\/image\/"}}]}},"_links":{"self":[{"href":"https:\/\/ucm.one\/de\/wp-json\/wp\/v2\/product\/52859","targetHints":{"allow":["GET"]}}],"collection":[{"href":"https:\/\/ucm.one\/de\/wp-json\/wp\/v2\/product"}],"about":[{"href":"https:\/\/ucm.one\/de\/wp-json\/wp\/v2\/types\/product"}],"replies":[{"embeddable":true,"href":"https:\/\/ucm.one\/de\/wp-json\/wp\/v2\/comments?post=52859"}],"wp:featuredmedia":[{"embeddable":true,"href":"https:\/\/ucm.one\/de\/wp-json\/wp\/v2\/media\/42298"}],"wp:attachment":[{"href":"https:\/\/ucm.one\/de\/wp-json\/wp\/v2\/media?parent=52859"}],"wp:term":[{"taxonomy":"product_brand","embeddable":true,"href":"https:\/\/ucm.one\/de\/wp-json\/wp\/v2\/product_brand?post=52859"},{"taxonomy":"product_cat","embeddable":true,"href":"https:\/\/ucm.one\/de\/wp-json\/wp\/v2\/product_cat?post=52859"},{"taxonomy":"product_tag","embeddable":true,"href":"https:\/\/ucm.one\/de\/wp-json\/wp\/v2\/product_tag?post=52859"}],"curies":[{"name":"wp","href":"https:\/\/api.w.org\/{rel}","templated":true}]}}