{"id":52848,"date":"2020-03-20T23:43:56","date_gmt":"2020-03-20T23:43:56","guid":{"rendered":"https:\/\/ucm.one\/?post_type=product&#038;p=52848"},"modified":"2025-05-10T17:13:34","modified_gmt":"2025-05-10T17:13:34","slug":"no-raza-transcending-material-sins","status":"publish","type":"product","link":"https:\/\/ucm.one\/de\/produkt\/no-raza-transcending-material-sins\/","title":{"rendered":"No Raza &#8211; Transcending Material Sins"},"content":{"rendered":"<div class=\"wpb_text_column wpb_content_element \">\n<div class=\"wpb_wrapper\">\n<div class=\"\">\n<div class=\"wpb_text_column wpb_content_element \">\n<div class=\"wpb_wrapper\">\n<div class=\"wpb_text_column wpb_content_element \">\n<div class=\"wpb_wrapper\">\n<div class=\"\">\n<div class=\"wpb_text_column wpb_content_element \">\n<div class=\"wpb_wrapper\">\n<div class=\"\">\n<div class=\"\">Mittlerweile ans\u00e4\u00dfig in Florida, ist <b>No Raza<\/b><b>\u00a0<\/b>mit \u201c<b>Transcending Material Sins\u201d<\/b> ein vernichtender Angriff purer Zerst\u00f6rung gelungen: Rauher Gesang und t\u00f6dlich groovige Riffs, kombiniert mit einer technisch so pr\u00e4zisen, brutalen Produktion. Die Songs\u00a0pr\u00e4sentieren auf eindrucksvolle Art und Weise, wie klassischer Death Metal mit dem extremen Sound von <b>No Raza<\/b>\u00a0zu einer facettenreichen Angelegenheit verschmelzen k\u00f6nnen und diese Band nicht mehr lange nur als Underground-Geheimtipp gelten l\u00e4sst.<\/div>\n<\/div>\n<\/div>\n<\/div>\n<\/div>\n<\/div>\n<\/div>\n<\/div>\n<\/div>\n<div class=\"wpb_text_column wpb_content_element \">\n<div class=\"wpb_wrapper\"><\/div>\n<\/div>\n<\/div>\n<\/div>\n<\/div>\n<div><div class=\"gap\" style=\"line-height: 20px; height: 20px;\"><\/div><\/div>\n<h5>Weitere Informationen<\/h5>\n<div>\n<div>\n<table style=\"height: 46px; width: 100%; border-collapse: collapse; border-color: #ffffff; background-color: #ffffff; border-style: hidden;\">\n<tbody>\n<tr style=\"height: 23px; border-style: hidden; border-color: #ffffff; background-color: #ffffff;\">\n<td style=\"width: 58.953125px; height: 23px; border-style: hidden;\">Band:<\/td>\n<td style=\"width: 1204.0625px; height: 23px; border-style: hidden;\"><a title=\"No Raza | Noble Demon\" href=\"https:\/\/ucm.one\/de\/no-raza\/\">No Raza<\/a><\/td>\n<\/tr>\n<tr style=\"height: 23px;\">\n<td style=\"width: 58.953125px; height: 23px; border-style: hidden;\">Label:<\/td>\n<td style=\"width: 1204.0625px; height: 23px; border-style: hidden;\"><a title=\"Noble Demon\" href=\"https:\/\/ucm.one\/de\/musik-labels\/noble-demon\/\">Noble Demon<\/a><\/td>\n<\/tr>\n<\/tbody>\n<\/table>\n<\/div>\n<div><\/div>\n<div><div class=\"gap\" style=\"line-height: 10px; height: 10px;\"><\/div><\/div>\n<div>\u2117 &amp; \u00a9 2020\u00a0<strong>Noble Demon<\/strong> \/ <span style=\"font-family: 'arial black', sans-serif;\"><strong>UCM.ONE<\/strong><\/span><\/div>\n<div><div class=\"gap\" style=\"line-height: 20px; height: 20px;\"><\/div><\/div>\n<div>\n<div><\/div>\n<div>\n<div><div class=\"gap\" style=\"line-height: 10px; height: 10px;\"><\/div><\/div>\n<div><span style=\"color: #003a80;\"><strong>\u27a0 <a style=\"color: #003a80;\" title=\"\" href=\"https:\/\/ucm.one\/de\/produkt-kategorie\/art-de\/musik-de\/\">zum Shop<\/a><\/strong><\/span><\/div>\n<div><div class=\"gap\" style=\"line-height: 20px; height: 20px;\"><\/div><\/div>\n<\/div>\n<\/div>\n<\/div>\n","protected":false},"excerpt":{"rendered":"<p>Band: <a href=\"https:\/\/ucm.one\/de\/?s=%22No+Raza%22&amp;post_type=product\"><strong>No Raza<\/strong><\/a><\/p>\n<p>Label: <a href=\"https:\/\/ucm.one\/de\/produkt-kategorie\/label-musik-de\/noble-demon-de\/\"><strong>Noble Demon<\/strong><\/a><\/p>\n<p>Art: <strong><a href=\"https:\/\/ucm.one\/de\/produkt-kategorie\/art-de\/musik-de\/\">Musik<\/a> (Album)<\/strong><\/p>\n<p>Genres: <strong><a href=\"https:\/\/ucm.one\/de\/produkt-kategorie\/genre-musik-de\/metal-de\/\">Metal<\/a>, <a href=\"https:\/\/ucm.one\/de\/produkt-kategorie\/genre-musik-de\/metal-de\/death-metal-de\/\">Death Metal<\/a><\/strong><\/p>\n<p>Jahr: <strong>2020<\/strong><\/p>\n<p>Format: <strong>CD<\/strong><\/p>\n","protected":false},"featured_media":37341,"comment_status":"open","ping_status":"closed","template":"","meta":{"_acf_changed":false},"product_brand":[],"product_cat":[9713,9753,9755,9756,9781,9813],"product_tag":[9827,9760,9763,9787,9826],"class_list":{"0":"post-52848","1":"product","2":"type-product","3":"status-publish","4":"has-post-thumbnail","6":"product_cat-musik-de","7":"product_cat-metal-de","8":"product_cat-label-musik-de","9":"product_cat-noble-demon-de","10":"product_cat-death-metal-de","11":"product_cat-cd-de","12":"product_tag-no-raza","13":"product_tag-cd","14":"product_tag-noble-demon","15":"product_tag-death-metal","16":"product_tag-transcending-material-sins","17":"product_shipping_class-cd-3","18":"description-off","20":"first","21":"instock","22":"sale","23":"taxable","24":"shipping-taxable","25":"purchasable","26":"product-type-simple"},"acf":[],"yoast_head":"<!-- This site is optimized with the Yoast SEO plugin v27.2 - https:\/\/yoast.com\/product\/yoast-seo-wordpress\/ -->\n<title>No Raza - Transcending Material Sins<\/title>\n<meta name=\"description\" content=\"Shop | No Raza - Transcending Material Sins | 2020 | Noble Demon | CD\" \/>\n<meta name=\"robots\" content=\"index, follow, max-snippet:-1, max-image-preview:large, max-video-preview:-1\" \/>\n<link rel=\"canonical\" href=\"https:\/\/ucm.one\/de\/produkt\/no-raza-transcending-material-sins\/\" \/>\n<meta property=\"og:locale\" content=\"de_DE\" \/>\n<meta property=\"og:type\" content=\"article\" \/>\n<meta property=\"og:title\" content=\"No Raza - Transcending Material Sins\" \/>\n<meta property=\"og:description\" content=\"Shop | No Raza - Transcending Material Sins | 2020 | Noble Demon | CD\" \/>\n<meta property=\"og:url\" content=\"https:\/\/ucm.one\/de\/produkt\/no-raza-transcending-material-sins\/\" \/>\n<meta property=\"og:site_name\" content=\"UCM.ONE\" \/>\n<meta property=\"article:modified_time\" content=\"2025-05-10T17:13:34+00:00\" \/>\n<meta property=\"og:image\" content=\"https:\/\/ucm.one\/wp-content\/uploads\/2019\/12\/C-No-Raza-Transcending-Material-Sins.jpg\" \/>\n<meta name=\"twitter:card\" content=\"summary_large_image\" \/>\n<meta name=\"twitter:title\" content=\"No Raza - Transcending Material Sins\" \/>\n<meta name=\"twitter:description\" content=\"Shop | No Raza - Transcending Material Sins | 2020 | Noble Demon | CD\" \/>\n<meta name=\"twitter:image\" content=\"https:\/\/ucm.one\/wp-content\/uploads\/2019\/12\/C-No-Raza-Transcending-Material-Sins.jpg\" \/>\n<meta name=\"twitter:label1\" content=\"Gesch\u00e4tzte Lesezeit\" \/>\n\t<meta name=\"twitter:data1\" content=\"1\u00a0Minute\" \/>\n<!-- \/ Yoast SEO plugin. -->","yoast_head_json":{"title":"No Raza - Transcending Material Sins","description":"Shop | No Raza - Transcending Material Sins | 2020 | Noble Demon | CD","robots":{"index":"index","follow":"follow","max-snippet":"max-snippet:-1","max-image-preview":"max-image-preview:large","max-video-preview":"max-video-preview:-1"},"canonical":"https:\/\/ucm.one\/de\/produkt\/no-raza-transcending-material-sins\/","og_locale":"de_DE","og_type":"article","og_title":"No Raza - Transcending Material Sins","og_description":"Shop | No Raza - Transcending Material Sins | 2020 | Noble Demon | CD","og_url":"https:\/\/ucm.one\/de\/produkt\/no-raza-transcending-material-sins\/","og_site_name":"UCM.ONE","article_modified_time":"2025-05-10T17:13:34+00:00","og_image":[{"url":"https:\/\/ucm.one\/wp-content\/uploads\/2019\/12\/C-No-Raza-Transcending-Material-Sins.jpg","type":"","width":"","height":""}],"twitter_card":"summary_large_image","twitter_title":"No Raza - Transcending Material Sins","twitter_description":"Shop | No Raza - Transcending Material Sins | 2020 | Noble Demon | CD","twitter_image":"https:\/\/ucm.one\/wp-content\/uploads\/2019\/12\/C-No-Raza-Transcending-Material-Sins.jpg","twitter_misc":{"Gesch\u00e4tzte Lesezeit":"1\u00a0Minute"},"schema":{"@context":"https:\/\/schema.org","@graph":[{"@type":"WebPage","@id":"https:\/\/ucm.one\/de\/produkt\/no-raza-transcending-material-sins\/","url":"https:\/\/ucm.one\/de\/produkt\/no-raza-transcending-material-sins\/","name":"No Raza - Transcending Material Sins","isPartOf":{"@id":"https:\/\/ucm.one\/de\/#website"},"primaryImageOfPage":{"@id":"https:\/\/ucm.one\/de\/produkt\/no-raza-transcending-material-sins\/#primaryimage"},"image":{"@id":"https:\/\/ucm.one\/de\/produkt\/no-raza-transcending-material-sins\/#primaryimage"},"thumbnailUrl":"https:\/\/ucm.one\/wp-content\/uploads\/2019\/12\/C-No-Raza-Transcending-Material-Sins.jpg","datePublished":"2020-03-20T23:43:56+00:00","dateModified":"2025-05-10T17:13:34+00:00","description":"Shop | No Raza - Transcending Material Sins | 2020 | Noble Demon | CD","breadcrumb":{"@id":"https:\/\/ucm.one\/de\/produkt\/no-raza-transcending-material-sins\/#breadcrumb"},"inLanguage":"de","potentialAction":[{"@type":"ReadAction","target":["https:\/\/ucm.one\/de\/produkt\/no-raza-transcending-material-sins\/"]}]},{"@type":"ImageObject","inLanguage":"de","@id":"https:\/\/ucm.one\/de\/produkt\/no-raza-transcending-material-sins\/#primaryimage","url":"https:\/\/ucm.one\/wp-content\/uploads\/2019\/12\/C-No-Raza-Transcending-Material-Sins.jpg","contentUrl":"https:\/\/ucm.one\/wp-content\/uploads\/2019\/12\/C-No-Raza-Transcending-Material-Sins.jpg","width":1000,"height":1000},{"@type":"BreadcrumbList","@id":"https:\/\/ucm.one\/de\/produkt\/no-raza-transcending-material-sins\/#breadcrumb","itemListElement":[{"@type":"ListItem","position":1,"name":"Home","item":"https:\/\/ucm.one\/de\/"},{"@type":"ListItem","position":2,"name":"Shop","item":"https:\/\/ucm.one\/de\/shop\/"},{"@type":"ListItem","position":3,"name":"No Raza &#8211; Transcending Material Sins"}]},{"@type":"WebSite","@id":"https:\/\/ucm.one\/de\/#website","url":"https:\/\/ucm.one\/de\/","name":"UCM.ONE","description":"","publisher":{"@id":"https:\/\/ucm.one\/de\/#organization"},"potentialAction":[{"@type":"SearchAction","target":{"@type":"EntryPoint","urlTemplate":"https:\/\/ucm.one\/de\/?s={search_term_string}"},"query-input":{"@type":"PropertyValueSpecification","valueRequired":true,"valueName":"search_term_string"}}],"inLanguage":"de"},{"@type":"Organization","@id":"https:\/\/ucm.one\/de\/#organization","name":"UCM.ONE","url":"https:\/\/ucm.one\/de\/","logo":{"@type":"ImageObject","inLanguage":"de","@id":"https:\/\/ucm.one\/de\/#\/schema\/logo\/image\/","url":"https:\/\/ucm.one\/wp-content\/uploads\/2019\/10\/UCM.ONE-Logo-RGB.svg","contentUrl":"https:\/\/ucm.one\/wp-content\/uploads\/2019\/10\/UCM.ONE-Logo-RGB.svg","width":1,"height":1,"caption":"UCM.ONE"},"image":{"@id":"https:\/\/ucm.one\/de\/#\/schema\/logo\/image\/"}}]}},"_links":{"self":[{"href":"https:\/\/ucm.one\/de\/wp-json\/wp\/v2\/product\/52848","targetHints":{"allow":["GET"]}}],"collection":[{"href":"https:\/\/ucm.one\/de\/wp-json\/wp\/v2\/product"}],"about":[{"href":"https:\/\/ucm.one\/de\/wp-json\/wp\/v2\/types\/product"}],"replies":[{"embeddable":true,"href":"https:\/\/ucm.one\/de\/wp-json\/wp\/v2\/comments?post=52848"}],"wp:featuredmedia":[{"embeddable":true,"href":"https:\/\/ucm.one\/de\/wp-json\/wp\/v2\/media\/37341"}],"wp:attachment":[{"href":"https:\/\/ucm.one\/de\/wp-json\/wp\/v2\/media?parent=52848"}],"wp:term":[{"taxonomy":"product_brand","embeddable":true,"href":"https:\/\/ucm.one\/de\/wp-json\/wp\/v2\/product_brand?post=52848"},{"taxonomy":"product_cat","embeddable":true,"href":"https:\/\/ucm.one\/de\/wp-json\/wp\/v2\/product_cat?post=52848"},{"taxonomy":"product_tag","embeddable":true,"href":"https:\/\/ucm.one\/de\/wp-json\/wp\/v2\/product_tag?post=52848"}],"curies":[{"name":"wp","href":"https:\/\/api.w.org\/{rel}","templated":true}]}}