{"id":52632,"date":"2021-05-09T08:38:07","date_gmt":"2021-05-09T08:38:07","guid":{"rendered":"https:\/\/ucm.one\/?post_type=product&#038;p=52632"},"modified":"2026-03-25T01:06:50","modified_gmt":"2026-03-25T01:06:50","slug":"night-crowned-haedanfaerd","status":"publish","type":"product","link":"https:\/\/ucm.one\/de\/produkt\/night-crowned-haedanfaerd\/","title":{"rendered":"Night Crowned &#8211; H\u00e4danf\u00e4rd"},"content":{"rendered":"<div class=\"wpb-content-wrapper\"><div class=\"vc_row wpb_row vc_row-fluid\">\n<div class=\"wpb_column vc_column_container vc_col-sm-12\">\n<div class=\"vc_column-inner\">\n<div class=\"wpb_wrapper\">\n<div class=\"wpb_text_column wpb_content_element \">\n<div class=\"wpb_wrapper\">\n<p>Von Kritikern und Fans gleicherma\u00dfen als eines der besten Releases des Jahres gefeiert, sorgten <strong>Night Crowned<\/strong> mit ihrem Deb\u00fctalbum (\u201c<strong>Impius Viam<\/strong>\u201c, <strong>Noble Demon<\/strong>) im Jahr 2020 f\u00fcr Furore und Aufsehen in der Szene. Bestehend aus ehemaligen und gegenw\u00e4rtigen Mitgliedern legend\u00e4rer Acts wie <strong>Dark Funeral<\/strong>, <strong>Nightrage<\/strong> und <strong>Cipher System<\/strong> und mit einer musikalischen Vision, die so klar wie auch eindringlich und verst\u00f6rend ist, schaffte die Band mit \u201c<strong>Impius Viam<\/strong>\u201d ein imposantes Werk voller Wut, Melancholie und purer Zerst\u00f6rung und bietet ein wahres Wiedererwachen der Kl\u00e4nge einflussreicher Acts und Meisterwerke der skandinavischen 90er Jahre!<\/p>\n<\/div>\n<\/div>\n<\/div>\n<\/div>\n<\/div>\n<\/div>\n<div class=\"vc_row wpb_row vc_row-fluid\">\n<div class=\"wpb_column vc_column_container vc_col-sm-3\/5\">\n<div class=\"vc_column-inner\">\n<div class=\"wpb_wrapper\">\n<div class=\"wpb_text_column wpb_content_element \">\n<div class=\"wpb_wrapper\">\n<div class=\"wpb_text_column wpb_content_element \">\n<div class=\"wpb_wrapper\">\n<div class=\"\">Nicht m\u00fcde werdend und noch w\u00e4hrend das aktuelle Album \u00fcber den Globus getragen wurde, begannen <strong>Night Crowned<\/strong> mit den Arbeiten am Nachfolgewerk, welches auf den Titel \u201c<strong>H\u00e4danf\u00e4rd<\/strong>\u201d h\u00f6rt und am 9. Juli 2021 \u00fcber das deutsche Label <strong>Noble Demon<\/strong> erscheinen wird. Inspiriert durch eine Geschichte von S\u00e4nger <strong>K. Romlin<\/strong>, welche sich mit Begegnungen mit dem Tod auseinandersetzt, entstand schon w\u00e4hrend dem Demoprozess ein weitreichendes Konzept zum kommenden Release. Mit 9 atmosph\u00e4rischen Tracks, unterst\u00fctzt durch individuelle, niedergeschriebene Interpretationen und der Performance von <strong>K. Romlin<\/strong>, ist mit \u201c<strong>H\u00e4danf\u00e4rd<\/strong>\u201d ein Album entstanden, welches<strong> Night Crowned\u00a0<\/strong>h\u00f6chstwahrscheinlich als eines der bestgeh\u00fcteten Blackened Death Metal-Geheimnisse Schwedens hervortreten lassen wird.<\/div>\n<div><div class=\"gap\" style=\"line-height: 20px; height: 20px;\"><\/div><\/div>\n<h5>Weitere Informationen<\/h5>\n<\/div>\n<div>\n<div>\n<table style=\"height: 46px; width: 100%; border-collapse: collapse; border-color: #ffffff; background-color: #ffffff; border-style: hidden;\">\n<tbody>\n<tr style=\"height: 23px; border-style: hidden; border-color: #ffffff; background-color: #ffffff;\">\n<td style=\"width: 58.953125px; height: 23px;\">Band:<\/td>\n<td style=\"width: 1204.0625px; height: 23px;\"><a title=\"Night Crowned | Noble Demon\" href=\"https:\/\/ucm.one\/de\/night-crowned\/\">Night Crowned<\/a><\/td>\n<\/tr>\n<tr style=\"height: 23px;\">\n<td style=\"width: 58.953125px; height: 23px;\">Label:<\/td>\n<td style=\"width: 1204.0625px; height: 23px;\"><a title=\"Noble Demon\" href=\"https:\/\/ucm.one\/de\/musik-labels\/noble-demon\/\">Noble Demon<\/a><\/td>\n<\/tr>\n<\/tbody>\n<\/table>\n<\/div>\n<div><\/div>\n<div><div class=\"gap\" style=\"line-height: 10px; height: 10px;\"><\/div><\/div>\n<div>\u2117 &amp; \u00a9 2021 <strong>Noble Demon<\/strong> \/ <span style=\"font-family: 'arial black', sans-serif;\"><strong>UCM.ONE<\/strong><\/span><\/div>\n<div><div class=\"gap\" style=\"line-height: 20px; height: 20px;\"><\/div><\/div>\n<div>\n<div><\/div>\n<div><div class=\"gap\" style=\"line-height: 10px; height: 10px;\"><\/div><\/div>\n<div><span style=\"color: #003a80;\"><strong>\u27a0 <a style=\"color: #003a80;\" title=\"\" href=\"https:\/\/ucm.one\/de\/produkt-kategorie\/art-de\/musik-de\/\">zum Shop<\/a><\/strong><\/span><\/div>\n<div><div class=\"gap\" style=\"line-height: 20px; height: 20px;\"><\/div><\/div>\n<\/div>\n<\/div>\n<\/div>\n<\/div>\n<\/div>\n<\/div>\n<\/div>\n<\/div>\n<\/div>\n<\/div>","protected":false},"excerpt":{"rendered":"<p>Band: <a href=\"https:\/\/ucm.one\/de\/?s=%22Night+Crowned%22&amp;post_type=product\"><strong>Night Crowned<\/strong><\/a><\/p>\n<p>Label: <a href=\"https:\/\/ucm.one\/de\/produkt-kategorie\/label-musik-de\/noble-demon-de\/\"><strong>Noble Demon<\/strong><\/a><\/p>\n<p>Art: <strong>Musik (Album)<\/strong><\/p>\n<p>Genres: <strong><a href=\"https:\/\/ucm.one\/de\/produkt-kategorie\/genre-musik-de\/metal-de\/\">Metal,<\/a> <a href=\"https:\/\/ucm.one\/de\/produkt-kategorie\/genre-musik-de\/metal-de\/black-metal-de\/\">Black Metal<\/a><\/strong><\/p>\n<p>Jahr: <strong>2021<\/strong><\/p>\n<p>Formate: <strong>Diverse<\/strong><\/p>\n","protected":false},"featured_media":51638,"comment_status":"open","ping_status":"closed","template":"","meta":{"_acf_changed":false},"product_brand":[],"product_cat":[10404,9781,9713,9809,9714,9753,9756,9813],"product_tag":[9764,9765,9771,9782,9783,9784,9785,9810,9786,9787,9763,9788],"class_list":{"0":"post-52632","1":"product","2":"type-product","3":"status-publish","4":"has-post-thumbnail","6":"product_cat-bundle-de","7":"product_cat-death-metal-de","8":"product_cat-musik-de","9":"product_cat-black-metal-de","10":"product_cat-vinyl-de","11":"product_cat-metal-de","12":"product_cat-noble-demon-de","13":"product_cat-cd-de","14":"product_tag-metal","15":"product_tag-heavy-metal","16":"product_tag-lp","17":"product_tag-night-crowned","18":"product_tag-nattkroent","19":"product_tag-haedanfaerd","20":"product_tag-dark-funeral","21":"product_tag-black-metal","22":"product_tag-nightrage","23":"product_tag-death-metal","24":"product_tag-noble-demon","25":"product_tag-cipher-system","26":"pa_format-lp-black-vinyl-t-shirt-bundle","27":"pa_format-lp-transparent-orange-vinyl-t-shirt-bundle","28":"pa_format-2xlp-ghost-silver-vinyl-t-shirt-bundle","29":"pa_format-cd-digipak-t-shirt-bundle","30":"pa_format-cd-digipak","31":"pa_format-lp-transparent-orange-vinyl","32":"pa_format-lp-ghost-silver-marble-vinyl","33":"pa_format-lp-black-vinyl","34":"pa_label-noble-demon","35":"description-off","37":"first","38":"instock","39":"taxable","40":"shipping-taxable","41":"purchasable","42":"product-type-variable"},"acf":[],"yoast_head":"<!-- This site is optimized with the Yoast SEO plugin v27.2 - https:\/\/yoast.com\/product\/yoast-seo-wordpress\/ -->\n<title>Night Crowned - H\u00e4danf\u00e4rd<\/title>\n<meta name=\"description\" content=\"Shop | Night Crowned - H\u00e4danf\u00e4rd | 2021 | Noble Demon | CD, LP (Black Vinyl), LP (Ghost Silver Marble Vinyl), LP (Transparent Orange Vinyl), T-Shirt\" \/>\n<meta name=\"robots\" content=\"index, follow, max-snippet:-1, max-image-preview:large, max-video-preview:-1\" \/>\n<link rel=\"canonical\" href=\"https:\/\/ucm.one\/de\/produkt\/night-crowned-haedanfaerd\/\" \/>\n<meta property=\"og:locale\" content=\"de_DE\" \/>\n<meta property=\"og:type\" content=\"article\" \/>\n<meta property=\"og:title\" content=\"Night Crowned - H\u00e4danf\u00e4rd\" \/>\n<meta property=\"og:description\" content=\"Shop | Night Crowned - H\u00e4danf\u00e4rd | 2021 | Noble Demon | CD, LP (Black Vinyl), LP (Ghost Silver Marble Vinyl), LP (Transparent Orange Vinyl), T-Shirt\" \/>\n<meta property=\"og:url\" content=\"https:\/\/ucm.one\/de\/produkt\/night-crowned-haedanfaerd\/\" \/>\n<meta property=\"og:site_name\" content=\"UCM.ONE\" \/>\n<meta property=\"article:modified_time\" content=\"2026-03-25T01:06:50+00:00\" \/>\n<meta property=\"og:image\" content=\"https:\/\/ucm.one\/wp-content\/uploads\/2021\/04\/C-Night-Crowned-Hadanfard-Digital.jpg\" \/>\n<meta name=\"twitter:card\" content=\"summary_large_image\" \/>\n<meta name=\"twitter:title\" content=\"Night Crowned - H\u00e4danf\u00e4rd\" \/>\n<meta name=\"twitter:description\" content=\"Shop | Night Crowned - H\u00e4danf\u00e4rd | 2021 | Noble Demon | CD, LP (Black Vinyl), LP (Ghost Silver Marble Vinyl), LP (Transparent Orange Vinyl), T-Shirt\" \/>\n<meta name=\"twitter:image\" content=\"https:\/\/ucm.one\/wp-content\/uploads\/2021\/04\/C-Night-Crowned-Hadanfard-Digital.jpg\" \/>\n<meta name=\"twitter:label1\" content=\"Gesch\u00e4tzte Lesezeit\" \/>\n\t<meta name=\"twitter:data1\" content=\"1\u00a0Minute\" \/>\n<!-- \/ Yoast SEO plugin. -->","yoast_head_json":{"title":"Night Crowned - H\u00e4danf\u00e4rd","description":"Shop | Night Crowned - H\u00e4danf\u00e4rd | 2021 | Noble Demon | CD, LP (Black Vinyl), LP (Ghost Silver Marble Vinyl), LP (Transparent Orange Vinyl), T-Shirt","robots":{"index":"index","follow":"follow","max-snippet":"max-snippet:-1","max-image-preview":"max-image-preview:large","max-video-preview":"max-video-preview:-1"},"canonical":"https:\/\/ucm.one\/de\/produkt\/night-crowned-haedanfaerd\/","og_locale":"de_DE","og_type":"article","og_title":"Night Crowned - H\u00e4danf\u00e4rd","og_description":"Shop | Night Crowned - H\u00e4danf\u00e4rd | 2021 | Noble Demon | CD, LP (Black Vinyl), LP (Ghost Silver Marble Vinyl), LP (Transparent Orange Vinyl), T-Shirt","og_url":"https:\/\/ucm.one\/de\/produkt\/night-crowned-haedanfaerd\/","og_site_name":"UCM.ONE","article_modified_time":"2026-03-25T01:06:50+00:00","og_image":[{"url":"https:\/\/ucm.one\/wp-content\/uploads\/2021\/04\/C-Night-Crowned-Hadanfard-Digital.jpg","type":"","width":"","height":""}],"twitter_card":"summary_large_image","twitter_title":"Night Crowned - H\u00e4danf\u00e4rd","twitter_description":"Shop | Night Crowned - H\u00e4danf\u00e4rd | 2021 | Noble Demon | CD, LP (Black Vinyl), LP (Ghost Silver Marble Vinyl), LP (Transparent Orange Vinyl), T-Shirt","twitter_image":"https:\/\/ucm.one\/wp-content\/uploads\/2021\/04\/C-Night-Crowned-Hadanfard-Digital.jpg","twitter_misc":{"Gesch\u00e4tzte Lesezeit":"1\u00a0Minute"},"schema":{"@context":"https:\/\/schema.org","@graph":[{"@type":"WebPage","@id":"https:\/\/ucm.one\/de\/produkt\/night-crowned-haedanfaerd\/","url":"https:\/\/ucm.one\/de\/produkt\/night-crowned-haedanfaerd\/","name":"Night Crowned - H\u00e4danf\u00e4rd","isPartOf":{"@id":"https:\/\/ucm.one\/de\/#website"},"primaryImageOfPage":{"@id":"https:\/\/ucm.one\/de\/produkt\/night-crowned-haedanfaerd\/#primaryimage"},"image":{"@id":"https:\/\/ucm.one\/de\/produkt\/night-crowned-haedanfaerd\/#primaryimage"},"thumbnailUrl":"https:\/\/ucm.one\/wp-content\/uploads\/2021\/04\/C-Night-Crowned-Hadanfard-Digital.jpg","datePublished":"2021-05-09T08:38:07+00:00","dateModified":"2026-03-25T01:06:50+00:00","description":"Shop | Night Crowned - H\u00e4danf\u00e4rd | 2021 | Noble Demon | CD, LP (Black Vinyl), LP (Ghost Silver Marble Vinyl), LP (Transparent Orange Vinyl), T-Shirt","breadcrumb":{"@id":"https:\/\/ucm.one\/de\/produkt\/night-crowned-haedanfaerd\/#breadcrumb"},"inLanguage":"de","potentialAction":[{"@type":"ReadAction","target":["https:\/\/ucm.one\/de\/produkt\/night-crowned-haedanfaerd\/"]}]},{"@type":"ImageObject","inLanguage":"de","@id":"https:\/\/ucm.one\/de\/produkt\/night-crowned-haedanfaerd\/#primaryimage","url":"https:\/\/ucm.one\/wp-content\/uploads\/2021\/04\/C-Night-Crowned-Hadanfard-Digital.jpg","contentUrl":"https:\/\/ucm.one\/wp-content\/uploads\/2021\/04\/C-Night-Crowned-Hadanfard-Digital.jpg","width":1000,"height":1000},{"@type":"BreadcrumbList","@id":"https:\/\/ucm.one\/de\/produkt\/night-crowned-haedanfaerd\/#breadcrumb","itemListElement":[{"@type":"ListItem","position":1,"name":"Home","item":"https:\/\/ucm.one\/de\/"},{"@type":"ListItem","position":2,"name":"Shop","item":"https:\/\/ucm.one\/de\/shop\/"},{"@type":"ListItem","position":3,"name":"Night Crowned &#8211; H\u00e4danf\u00e4rd"}]},{"@type":"WebSite","@id":"https:\/\/ucm.one\/de\/#website","url":"https:\/\/ucm.one\/de\/","name":"UCM.ONE","description":"","publisher":{"@id":"https:\/\/ucm.one\/de\/#organization"},"potentialAction":[{"@type":"SearchAction","target":{"@type":"EntryPoint","urlTemplate":"https:\/\/ucm.one\/de\/?s={search_term_string}"},"query-input":{"@type":"PropertyValueSpecification","valueRequired":true,"valueName":"search_term_string"}}],"inLanguage":"de"},{"@type":"Organization","@id":"https:\/\/ucm.one\/de\/#organization","name":"UCM.ONE","url":"https:\/\/ucm.one\/de\/","logo":{"@type":"ImageObject","inLanguage":"de","@id":"https:\/\/ucm.one\/de\/#\/schema\/logo\/image\/","url":"https:\/\/ucm.one\/wp-content\/uploads\/2019\/10\/UCM.ONE-Logo-RGB.svg","contentUrl":"https:\/\/ucm.one\/wp-content\/uploads\/2019\/10\/UCM.ONE-Logo-RGB.svg","width":1,"height":1,"caption":"UCM.ONE"},"image":{"@id":"https:\/\/ucm.one\/de\/#\/schema\/logo\/image\/"}}]}},"_links":{"self":[{"href":"https:\/\/ucm.one\/de\/wp-json\/wp\/v2\/product\/52632","targetHints":{"allow":["GET"]}}],"collection":[{"href":"https:\/\/ucm.one\/de\/wp-json\/wp\/v2\/product"}],"about":[{"href":"https:\/\/ucm.one\/de\/wp-json\/wp\/v2\/types\/product"}],"replies":[{"embeddable":true,"href":"https:\/\/ucm.one\/de\/wp-json\/wp\/v2\/comments?post=52632"}],"wp:featuredmedia":[{"embeddable":true,"href":"https:\/\/ucm.one\/de\/wp-json\/wp\/v2\/media\/51638"}],"wp:attachment":[{"href":"https:\/\/ucm.one\/de\/wp-json\/wp\/v2\/media?parent=52632"}],"wp:term":[{"taxonomy":"product_brand","embeddable":true,"href":"https:\/\/ucm.one\/de\/wp-json\/wp\/v2\/product_brand?post=52632"},{"taxonomy":"product_cat","embeddable":true,"href":"https:\/\/ucm.one\/de\/wp-json\/wp\/v2\/product_cat?post=52632"},{"taxonomy":"product_tag","embeddable":true,"href":"https:\/\/ucm.one\/de\/wp-json\/wp\/v2\/product_tag?post=52632"}],"curies":[{"name":"wp","href":"https:\/\/api.w.org\/{rel}","templated":true}]}}