{"id":52463,"date":"2021-02-17T06:56:57","date_gmt":"2021-02-17T06:56:57","guid":{"rendered":"https:\/\/ucm.one\/?post_type=product&#038;p=52463"},"modified":"2023-06-18T22:28:52","modified_gmt":"2023-06-18T22:28:52","slug":"boris-brejcha-purple-noise-remixes-part-1","status":"publish","type":"product","link":"https:\/\/ucm.one\/de\/produkt\/boris-brejcha-purple-noise-remixes-part-1\/","title":{"rendered":"Boris Brejcha &#8211; Purple Noise Remixes (Part 1)"},"content":{"rendered":"<p>Lasst uns euch in diesen beschwerlichen Zeiten einen absoluten Leckerbissen servieren. Boris Brejchas &#8222;Purple Noise&#8220; ist einer seiner erfolgreichsten und beliebtesten Tracks ever und verlangt unserer Meinung nach definitiv nach einer Zugabe. Monate sp\u00e4ter nach intensivem Brainstorming und der herausragenden Kooperation mit den hoch gesch\u00e4tzten K\u00fcnstler Kollegen WorakIs, Moritz Hofbauer und Ann Clue k\u00f6nnen wir euch stolz diese gro\u00dfartige Remix EP pr\u00e4sentieren.<\/p>\n<p>Das erste Mal, dass uns der Kinnladen vor lauter Staunen nur so runterfiel war beim ersten H\u00f6ren von WorakIs&#8216; &#8222;Purple Noise&#8220; Interpretation. Wir lehnen uns mal weit aus dem Fenster und behaupten selbstbewusst hier von der &#8222;Hymne 2021&#8220; zu sprechen. Und wenn man sich mal selbst einen H\u00f6reindruck dieser musikalischen Reise verschafft hat, dann klingt das gar nicht mal so abwegig. WorakIs jedenfalls setzt mit diesem dramatischen und unglaublich ausdrucksstarken Klangerlebnis neue Ma\u00dfst\u00e4be in Sachen Storytelling.<\/p>\n<p>Moritz Hofbauer kn\u00fcpft mit einer wundervollen Achterbahnfahrt durch atmosph\u00e4rische Weiten gepaart mit zupackenden Perkussionselementen und einer k\u00fchnen Bassline nahtlos an. Es ist die beeindruckende Vielseitigkeit seines Remixes, die diesen derart herausstechen l\u00e4sst.<\/p>\n<p>Ann Clue, seit vielen, vielen Jahren eine wichtige Weggef\u00e4hrtin von Boris verzaubert uns mit ihrer Interpretation von &#8222;Purple Noise&#8220;. W\u00e4hrend sie einerseits die butterweiche Lead-Melodie durch weite R\u00e4ume voller friedlicher und harmonischer Atmosph\u00e4re gleiten l\u00e4sst, vertraut sie zugleich auf ihr Geschick treibende Rhythmen gekonnt zu implementieren.<\/p>\n<div><div class=\"gap\" style=\"line-height: 20px; height: 20px;\"><\/div><\/div>\n<h5>Weitere Informationen<\/h5>\n<table style=\"height: 45px; width: 100%; border-collapse: collapse; border-color: #ffffff; background-color: #ffffff; border-style: hidden;\">\n<tbody>\n<tr style=\"height: 23px; border-style: hidden; border-color: #ffffff; background-color: #ffffff;\">\n<td style=\"width: 5.669291338582677%; height: 23px; border-style: hidden; border-color: #ffffff; background-color: #ffffff;\">K\u00fcnstler:<\/td>\n<td style=\"width: 94.33070866141732%; height: 23px;\"><a title=\"Boris Brejcha\" href=\"https:\/\/ucm.one\/de\/tag\/boris-brejcha\/\">Boris Brejcha<\/a><\/td>\n<\/tr>\n<tr style=\"height: 23px;\">\n<td style=\"width: 5.669291338582677%; height: 22px;\">Label:<\/td>\n<td style=\"width: 94.33070866141732%; height: 22px;\"><a title=\"Harthouse\" href=\"https:\/\/ucm.one\/de\/musik-labels\/harthouse\/\">Harthouse<\/a><\/td>\n<\/tr>\n<\/tbody>\n<\/table>\n<div><\/div>\n<div><div class=\"gap\" style=\"line-height: 10px; height: 10px;\"><\/div><\/div>\n<div>\u2117 &amp; \u00a9 2021 <strong>Harthouse<\/strong> \/ <span style=\"font-family: 'arial black', sans-serif;\"><strong>UCM.ONE<\/strong><\/span><\/div>\n<div><div class=\"gap\" style=\"line-height: 20px; height: 20px;\"><\/div><\/div>\n<div>\n<div><\/div>\n<div><div class=\"gap\" style=\"line-height: 10px; height: 10px;\"><\/div><\/div>\n<div><span style=\"color: #003a80;\"><strong>\u27a0 <a style=\"color: #003a80;\" title=\"\" href=\"https:\/\/ucm.one\/de\/produkt-kategorie\/art-de\/musik-de\/\">zum Shop<\/a><\/strong><\/span><\/div>\n<div><div class=\"gap\" style=\"line-height: 20px; height: 20px;\"><\/div><\/div>\n<\/div>\n","protected":false},"excerpt":{"rendered":"<p>Artist:\u00a0<strong><a title=\"\" href=\"https:\/\/ucm.one\/de\/?s=Boris+Brejcha&amp;post_type=product\">Boris Brejcha<\/a><\/strong><\/p>\n<p>Label:\u00a0<a href=\"https:\/\/ucm.one\/de\/produkt-kategorie\/label-musik-de\/harthouse-de\"><b>Harthouse<\/b><\/a><\/p>\n<p>Art:\u00a0<strong><a href=\"https:\/\/ucm.one\/de\/produkt-kategorie\/art-de\/musik-de\/\">Musik<\/a>\u00a0(EP)<\/strong><\/p>\n<p>Genres:\u00a0<b><a href=\"https:\/\/ucm.one\/de\/produkt-kategorie\/genre-musik-de\/dance-de\/techno-de\/\">Techno<\/a>,\u00a0<a href=\"https:\/\/ucm.one\/de\/produkt-kategorie\/genre-musik-de\/dance-de\/progressive-trance\/\">Progressive Trance<\/a><\/b><\/p>\n<p>Jahr: <strong>2021<\/strong><\/p>\n<p>Format: <strong>Vinyl (12&#8243;)<\/strong><\/p>\n","protected":false},"featured_media":48734,"comment_status":"open","ping_status":"closed","template":"","meta":{"_acf_changed":false},"product_brand":[],"product_cat":[9713,9714,9796,9857,9797,10318],"product_tag":[9802,9803,9804,9805,9806,9798,9799,9800,9801],"class_list":{"0":"post-52463","1":"product","2":"type-product","3":"status-publish","4":"has-post-thumbnail","6":"product_cat-musik-de","7":"product_cat-vinyl-de","8":"product_cat-harthouse-de","9":"product_cat-dance-de","10":"product_cat-techno-de","11":"product_cat-progressive-trance","12":"product_tag-moritz-hofbauer","13":"product_tag-ann-clue","14":"product_tag-remixes","15":"product_tag-techno","16":"product_tag-vinyl","17":"product_tag-boris-brejcha","18":"product_tag-harthouse","19":"product_tag-purple-noise","20":"product_tag-worakis","21":"pa_format-12-splatter-vinyl","22":"pa_format-12-half-half-vinyl","23":"description-off","25":"first","26":"outofstock","27":"taxable","28":"shipping-taxable","29":"purchasable","30":"product-type-variable"},"acf":[],"yoast_head":"<!-- This site is optimized with the Yoast SEO plugin v27.2 - https:\/\/yoast.com\/product\/yoast-seo-wordpress\/ -->\n<title>Boris Brejcha - Purple Noise Remixes (Part 1)<\/title>\n<meta name=\"description\" content=\"Shop | Boris Brejcha - Purple Noise Remixes (Part 1) | 2021 | Harthouse | 12&quot; (Splattered Vinyl), 12&quot; \/Half\/Half Vinyl)\" \/>\n<meta name=\"robots\" content=\"index, follow, max-snippet:-1, max-image-preview:large, max-video-preview:-1\" \/>\n<link rel=\"canonical\" href=\"https:\/\/ucm.one\/de\/produkt\/boris-brejcha-purple-noise-remixes-part-1\/\" \/>\n<meta property=\"og:locale\" content=\"de_DE\" \/>\n<meta property=\"og:type\" content=\"article\" \/>\n<meta property=\"og:title\" content=\"Boris Brejcha - Purple Noise Remixes (Part 1)\" \/>\n<meta property=\"og:description\" content=\"Shop | Boris Brejcha - Purple Noise Remixes (Part 1) | 2021 | Harthouse | 12&quot; (Splattered Vinyl), 12&quot; \/Half\/Half Vinyl)\" \/>\n<meta property=\"og:url\" content=\"https:\/\/ucm.one\/de\/produkt\/boris-brejcha-purple-noise-remixes-part-1\/\" \/>\n<meta property=\"og:site_name\" content=\"UCM.ONE\" \/>\n<meta property=\"article:modified_time\" content=\"2023-06-18T22:28:52+00:00\" \/>\n<meta property=\"og:image\" content=\"https:\/\/ucm.one\/wp-content\/uploads\/2021\/01\/C-Boris-Brejcha-Purple-Noise-Remixes.jpg\" \/>\n<meta name=\"twitter:card\" content=\"summary_large_image\" \/>\n<meta name=\"twitter:title\" content=\"Boris Brejcha - Purple Noise Remixes (Part 1)\" \/>\n<meta name=\"twitter:description\" content=\"Shop | Boris Brejcha - Purple Noise Remixes (Part 1) | 2021 | Harthouse | 12&quot; (Splattered Vinyl), 12&quot; \/Half\/Half Vinyl)\" \/>\n<meta name=\"twitter:image\" content=\"https:\/\/ucm.one\/wp-content\/uploads\/2021\/01\/C-Boris-Brejcha-Purple-Noise-Remixes.jpg\" \/>\n<meta name=\"twitter:label1\" content=\"Gesch\u00e4tzte Lesezeit\" \/>\n\t<meta name=\"twitter:data1\" content=\"1\u00a0Minute\" \/>\n<!-- \/ Yoast SEO plugin. -->","yoast_head_json":{"title":"Boris Brejcha - Purple Noise Remixes (Part 1)","description":"Shop | Boris Brejcha - Purple Noise Remixes (Part 1) | 2021 | Harthouse | 12\" (Splattered Vinyl), 12\" \/Half\/Half Vinyl)","robots":{"index":"index","follow":"follow","max-snippet":"max-snippet:-1","max-image-preview":"max-image-preview:large","max-video-preview":"max-video-preview:-1"},"canonical":"https:\/\/ucm.one\/de\/produkt\/boris-brejcha-purple-noise-remixes-part-1\/","og_locale":"de_DE","og_type":"article","og_title":"Boris Brejcha - Purple Noise Remixes (Part 1)","og_description":"Shop | Boris Brejcha - Purple Noise Remixes (Part 1) | 2021 | Harthouse | 12\" (Splattered Vinyl), 12\" \/Half\/Half Vinyl)","og_url":"https:\/\/ucm.one\/de\/produkt\/boris-brejcha-purple-noise-remixes-part-1\/","og_site_name":"UCM.ONE","article_modified_time":"2023-06-18T22:28:52+00:00","og_image":[{"url":"https:\/\/ucm.one\/wp-content\/uploads\/2021\/01\/C-Boris-Brejcha-Purple-Noise-Remixes.jpg","type":"","width":"","height":""}],"twitter_card":"summary_large_image","twitter_title":"Boris Brejcha - Purple Noise Remixes (Part 1)","twitter_description":"Shop | Boris Brejcha - Purple Noise Remixes (Part 1) | 2021 | Harthouse | 12\" (Splattered Vinyl), 12\" \/Half\/Half Vinyl)","twitter_image":"https:\/\/ucm.one\/wp-content\/uploads\/2021\/01\/C-Boris-Brejcha-Purple-Noise-Remixes.jpg","twitter_misc":{"Gesch\u00e4tzte Lesezeit":"1\u00a0Minute"},"schema":{"@context":"https:\/\/schema.org","@graph":[{"@type":"WebPage","@id":"https:\/\/ucm.one\/de\/produkt\/boris-brejcha-purple-noise-remixes-part-1\/","url":"https:\/\/ucm.one\/de\/produkt\/boris-brejcha-purple-noise-remixes-part-1\/","name":"Boris Brejcha - Purple Noise Remixes (Part 1)","isPartOf":{"@id":"https:\/\/ucm.one\/de\/#website"},"primaryImageOfPage":{"@id":"https:\/\/ucm.one\/de\/produkt\/boris-brejcha-purple-noise-remixes-part-1\/#primaryimage"},"image":{"@id":"https:\/\/ucm.one\/de\/produkt\/boris-brejcha-purple-noise-remixes-part-1\/#primaryimage"},"thumbnailUrl":"https:\/\/ucm.one\/wp-content\/uploads\/2021\/01\/C-Boris-Brejcha-Purple-Noise-Remixes.jpg","datePublished":"2021-02-17T06:56:57+00:00","dateModified":"2023-06-18T22:28:52+00:00","description":"Shop | Boris Brejcha - Purple Noise Remixes (Part 1) | 2021 | Harthouse | 12\" (Splattered Vinyl), 12\" \/Half\/Half Vinyl)","breadcrumb":{"@id":"https:\/\/ucm.one\/de\/produkt\/boris-brejcha-purple-noise-remixes-part-1\/#breadcrumb"},"inLanguage":"de","potentialAction":[{"@type":"ReadAction","target":["https:\/\/ucm.one\/de\/produkt\/boris-brejcha-purple-noise-remixes-part-1\/"]}]},{"@type":"ImageObject","inLanguage":"de","@id":"https:\/\/ucm.one\/de\/produkt\/boris-brejcha-purple-noise-remixes-part-1\/#primaryimage","url":"https:\/\/ucm.one\/wp-content\/uploads\/2021\/01\/C-Boris-Brejcha-Purple-Noise-Remixes.jpg","contentUrl":"https:\/\/ucm.one\/wp-content\/uploads\/2021\/01\/C-Boris-Brejcha-Purple-Noise-Remixes.jpg","width":1000,"height":1000},{"@type":"BreadcrumbList","@id":"https:\/\/ucm.one\/de\/produkt\/boris-brejcha-purple-noise-remixes-part-1\/#breadcrumb","itemListElement":[{"@type":"ListItem","position":1,"name":"Home","item":"https:\/\/ucm.one\/de\/"},{"@type":"ListItem","position":2,"name":"Shop","item":"https:\/\/ucm.one\/de\/shop\/"},{"@type":"ListItem","position":3,"name":"Boris Brejcha &#8211; Purple Noise Remixes (Part 1)"}]},{"@type":"WebSite","@id":"https:\/\/ucm.one\/de\/#website","url":"https:\/\/ucm.one\/de\/","name":"UCM.ONE","description":"","publisher":{"@id":"https:\/\/ucm.one\/de\/#organization"},"potentialAction":[{"@type":"SearchAction","target":{"@type":"EntryPoint","urlTemplate":"https:\/\/ucm.one\/de\/?s={search_term_string}"},"query-input":{"@type":"PropertyValueSpecification","valueRequired":true,"valueName":"search_term_string"}}],"inLanguage":"de"},{"@type":"Organization","@id":"https:\/\/ucm.one\/de\/#organization","name":"UCM.ONE","url":"https:\/\/ucm.one\/de\/","logo":{"@type":"ImageObject","inLanguage":"de","@id":"https:\/\/ucm.one\/de\/#\/schema\/logo\/image\/","url":"https:\/\/ucm.one\/wp-content\/uploads\/2019\/10\/UCM.ONE-Logo-RGB.svg","contentUrl":"https:\/\/ucm.one\/wp-content\/uploads\/2019\/10\/UCM.ONE-Logo-RGB.svg","width":1,"height":1,"caption":"UCM.ONE"},"image":{"@id":"https:\/\/ucm.one\/de\/#\/schema\/logo\/image\/"}}]}},"_links":{"self":[{"href":"https:\/\/ucm.one\/de\/wp-json\/wp\/v2\/product\/52463","targetHints":{"allow":["GET"]}}],"collection":[{"href":"https:\/\/ucm.one\/de\/wp-json\/wp\/v2\/product"}],"about":[{"href":"https:\/\/ucm.one\/de\/wp-json\/wp\/v2\/types\/product"}],"replies":[{"embeddable":true,"href":"https:\/\/ucm.one\/de\/wp-json\/wp\/v2\/comments?post=52463"}],"wp:featuredmedia":[{"embeddable":true,"href":"https:\/\/ucm.one\/de\/wp-json\/wp\/v2\/media\/48734"}],"wp:attachment":[{"href":"https:\/\/ucm.one\/de\/wp-json\/wp\/v2\/media?parent=52463"}],"wp:term":[{"taxonomy":"product_brand","embeddable":true,"href":"https:\/\/ucm.one\/de\/wp-json\/wp\/v2\/product_brand?post=52463"},{"taxonomy":"product_cat","embeddable":true,"href":"https:\/\/ucm.one\/de\/wp-json\/wp\/v2\/product_cat?post=52463"},{"taxonomy":"product_tag","embeddable":true,"href":"https:\/\/ucm.one\/de\/wp-json\/wp\/v2\/product_tag?post=52463"}],"curies":[{"name":"wp","href":"https:\/\/api.w.org\/{rel}","templated":true}]}}