{"id":416892,"date":"2026-04-30T07:49:17","date_gmt":"2026-04-30T07:49:17","guid":{"rendered":"https:\/\/ucm.one\/?post_type=product&#038;p=416892"},"modified":"2026-04-30T14:43:41","modified_gmt":"2026-04-30T14:43:41","slug":"einhundertvier","status":"publish","type":"product","link":"https:\/\/ucm.one\/de\/produkt\/einhundertvier\/","title":{"rendered":"Einhundertvier"},"content":{"rendered":"<div class=\"wpb-content-wrapper\"><div class=\"wpb_text_column wpb_content_element \">\n<div class=\"wpb_wrapper\">\n<div class=\"\">\n<div class=\"wpb_text_column wpb_content_element \">\n<div class=\"wpb_wrapper\">\n<div class=\"wpb_text_column wpb_content_element \">\n<div class=\"wpb_wrapper\">\n<div class=\"wpb_text_column wpb_content_element \">\n<div class=\"wpb_wrapper\">\n<div class=\"vc_row wpb_row vc_row-fluid\">\n<div class=\"wpb_column vc_column_container vc_col-sm-9\">\n<div class=\"vc_column-inner\">\n<div class=\"wpb_wrapper\">\n<div class=\"wpb_text_column wpb_content_element \">\n<div class=\"wpb_wrapper\">\n<div class=\"wpb_text_column wpb_content_element \">\n<div class=\"wpb_wrapper\">\n<p><b>\u201eEinhundertvier\u201c \u2013 Eine Rettung in Echtzeit: <\/b><span style=\"font-weight: 400\">Die Dokumentation zeigt eindr\u00fccklich, wie dramatisch eine Seenotrettung verl\u00e4uft. 104 Menschen werden m\u00fchselig einzeln von einem sinkenden Schlauchboot geborgen \u2013 begleitet von mehreren Kameras. Als die libysche K\u00fcstenwache auftaucht, eskaliert die Lage. Tage vergehen auf hoher See, da kein Mittelmeerland das Anlegen erlaubt. Erst nach einem Sturm erreicht das Schiff Europa. <\/span><\/p>\n<p><span style=\"font-weight: 400\">Die Mittelmeerroute bleibt die t\u00f6dlichste der Welt: Allein in der ersten H\u00e4lfte 2023 ertranken fast 2.000 Menschen. Die EU verletzt dabei systematisch geltende Rechte, Frontex betreibt illegale Pushbacks und bek\u00e4mpft private Rettungsmissionen \u2013 dort, wo die EU versagt.<\/span><\/p>\n<\/div>\n<\/div>\n<\/div>\n<\/div>\n<\/div>\n<\/div>\n<\/div>\n<\/div>\n<\/div>\n<\/div>\n<\/div>\n<\/div>\n<\/div>\n<\/div>\n<\/div>\n<\/div>\n<\/div>\n<div><div class=\"gap\" style=\"line-height: 20px; height: 20px;\"><\/div><\/div>\n<h5>Weitere Informationen<\/h5>\n<div>\n<div>\n<table style=\"height: 47px;width: 100%;border-collapse: collapse;border-color: #ffffff;background-color: #ffffff;border-style: hidden\">\n<tbody>\n<tr style=\"height: 23px;border-style: hidden;border-color: #ffffff;background-color: #ffffff\">\n<td style=\"width: 4.701195219123506%;height: 23px;border-style: hidden\">Film:<\/td>\n<td style=\"width: 95.29880478087651%;height: 23px;border-style: hidden\"><a title=\"Barrikade (2021) von David Klammer | NONFY Documentaries\" href=\"https:\/\/ucm.one\/de\/einhundertvier\/\">Einhundertvier<\/a><\/td>\n<\/tr>\n<tr style=\"height: 23px\">\n<td style=\"width: 4.701195219123506%;height: 24px;border-style: hidden\">Label:<\/td>\n<td style=\"width: 95.29880478087651%;height: 24px;border-style: hidden\"><a title=\"NONFY Documentaries\" href=\"https:\/\/ucm.one\/de\/film-labels\/nonfy-documentaries\/\">NONFY Documentaries<\/a><\/td>\n<\/tr>\n<\/tbody>\n<\/table>\n<\/div>\n<div><\/div>\n<\/div>\n<div>\n<div><div class=\"gap\" style=\"line-height: 10px; height: 10px;\"><\/div><\/div>\n<div>\u2117 2023 <strong>Jonathan Sch\u00f6rnig, Uwe Nitschke<\/strong>\u00a0\u00a9 2026 <strong>NONFY Documentaries<\/strong><span style=\"font-family: arial, helvetica, sans-serif\">\u00a0<\/span>\/ <span style=\"font-family: 'arial black', sans-serif\"><strong>UCM.ONE<\/strong><\/span><\/div>\n<div><div class=\"gap\" style=\"line-height: 20px; height: 20px;\"><\/div><\/div>\n<\/div>\n<div>\n<div><\/div>\n<div>\n<div><div class=\"gap\" style=\"line-height: 10px; height: 10px;\"><\/div><\/div>\n<div><span style=\"color: #003a80\"><strong>\u27a0 <a style=\"color: #003a80\" href=\"https:\/\/ucm.one\/de\/produkt-kategorie\/art-de\/filme-de\/\">zum Shop<\/a><\/strong><\/span><\/div>\n<div><div class=\"gap\" style=\"line-height: 20px; height: 20px;\"><\/div><\/div>\n<\/div>\n<\/div>\n<\/div>","protected":false},"excerpt":{"rendered":"<p>Regie: <strong><a title=\"\" href=\"https:\/\/ucm.one\/de\/?s=%22Jonathan+Schoernig%22&amp;post_type=product\">Jonathan Sch\u00f6rnig<\/a><\/strong><\/p>\n<p>Label:\u00a0<a title=\"Artkeim\u00b2\" href=\"https:\/\/ucm.one\/de\/produkt-kategorie\/label-film-de\/nonfy-documentaries-de\/\"><strong>NONFY Documentaries<\/strong><\/a><\/p>\n<p>Art:\u00a0<strong><a href=\"https:\/\/ucm.one\/de\/produkt-kategorie\/art-de\/filme-de\/\">Film<\/a><\/strong><\/p>\n<p>Genre: <strong><a title=\"Dokumentarfilm\" href=\"https:\/\/ucm.one\/de\/produkt-kategorie\/genre-film-de\/dokumentarfilm-de\/\">Dokumentarfilm<\/a><\/strong><\/p>\n<p>Jahr: <strong>2026<\/strong><\/p>\n<p>Format: <strong>DVD<\/strong><\/p>\n","protected":false},"featured_media":416894,"comment_status":"open","ping_status":"closed","template":"","meta":{"_acf_changed":false},"product_brand":[],"product_cat":[10331,10938,12646,9708],"product_tag":[19580,12651,19576,19577,19578,19579],"class_list":{"0":"post-416892","1":"product","2":"type-product","3":"status-publish","4":"has-post-thumbnail","6":"product_cat-dvd-de","7":"product_cat-dokumentarfilm-de","8":"product_cat-nonfy-documentaries-de","9":"product_cat-filme-de","10":"product_tag-ngo","11":"product_tag-nonfy-documentaries","12":"product_tag-fluechtlinge","13":"product_tag-frontex","14":"product_tag-seenotrettung","15":"product_tag-kuestenwache","16":"product_shipping_class-dvd-2","17":"pa_format-dvd","18":"description-off","20":"first","21":"instock","22":"taxable","23":"shipping-taxable","24":"purchasable","25":"product-type-variable","26":"has-default-attributes"},"acf":[],"yoast_head":"<!-- This site is optimized with the Yoast SEO plugin v27.5 - https:\/\/yoast.com\/product\/yoast-seo-wordpress\/ -->\n<title>Einhundertvier<\/title>\n<meta name=\"description\" content=\"Shop | Einhundertvier| 2026 | NONFY Documentaries | DVD | FSK 12\" \/>\n<meta name=\"robots\" content=\"index, follow, max-snippet:-1, max-image-preview:large, max-video-preview:-1\" \/>\n<link rel=\"canonical\" href=\"https:\/\/ucm.one\/de\/produkt\/einhundertvier\/\" \/>\n<meta property=\"og:locale\" content=\"de_DE\" \/>\n<meta property=\"og:type\" content=\"article\" \/>\n<meta property=\"og:title\" content=\"Einhundertvier\" \/>\n<meta property=\"og:description\" content=\"Shop | Einhundertvier | 2023 | NONFY Documentaries | DVD\" \/>\n<meta property=\"og:url\" content=\"https:\/\/ucm.one\/de\/produkt\/einhundertvier\/\" \/>\n<meta property=\"og:site_name\" content=\"UCM.ONE\" \/>\n<meta property=\"article:modified_time\" content=\"2026-04-30T14:43:41+00:00\" \/>\n<meta property=\"og:image\" content=\"https:\/\/ucm.one\/wp-content\/uploads\/2026\/04\/DVD_2D_1.jpg\" \/>\n\t<meta property=\"og:image:width\" content=\"1565\" \/>\n\t<meta property=\"og:image:height\" content=\"2232\" \/>\n\t<meta property=\"og:image:type\" content=\"image\/jpeg\" \/>\n<meta name=\"twitter:card\" content=\"summary_large_image\" \/>\n<meta name=\"twitter:title\" content=\"Einhundertvier\" \/>\n<meta name=\"twitter:description\" content=\"Shop | Einhundertvier | 2026 | NONFY Documentaries | DVD\" \/>\n<meta name=\"twitter:image\" content=\"https:\/\/ucm.one\/wp-content\/uploads\/2026\/04\/DVD_2D_1.jpg\" \/>\n<meta name=\"twitter:label1\" content=\"Gesch\u00e4tzte Lesezeit\" \/>\n\t<meta name=\"twitter:data1\" content=\"1\u00a0Minute\" \/>\n<!-- \/ Yoast SEO plugin. -->","yoast_head_json":{"title":"Einhundertvier","description":"Shop | Einhundertvier| 2026 | NONFY Documentaries | DVD | FSK 12","robots":{"index":"index","follow":"follow","max-snippet":"max-snippet:-1","max-image-preview":"max-image-preview:large","max-video-preview":"max-video-preview:-1"},"canonical":"https:\/\/ucm.one\/de\/produkt\/einhundertvier\/","og_locale":"de_DE","og_type":"article","og_title":"Einhundertvier","og_description":"Shop | Einhundertvier | 2023 | NONFY Documentaries | DVD","og_url":"https:\/\/ucm.one\/de\/produkt\/einhundertvier\/","og_site_name":"UCM.ONE","article_modified_time":"2026-04-30T14:43:41+00:00","og_image":[{"width":1565,"height":2232,"url":"https:\/\/ucm.one\/wp-content\/uploads\/2026\/04\/DVD_2D_1.jpg","type":"image\/jpeg"}],"twitter_card":"summary_large_image","twitter_title":"Einhundertvier","twitter_description":"Shop | Einhundertvier | 2026 | NONFY Documentaries | DVD","twitter_image":"https:\/\/ucm.one\/wp-content\/uploads\/2026\/04\/DVD_2D_1.jpg","twitter_misc":{"Gesch\u00e4tzte Lesezeit":"1\u00a0Minute"},"schema":{"@context":"https:\/\/schema.org","@graph":[{"@type":"WebPage","@id":"https:\/\/ucm.one\/de\/produkt\/einhundertvier\/","url":"https:\/\/ucm.one\/de\/produkt\/einhundertvier\/","name":"Einhundertvier","isPartOf":{"@id":"https:\/\/ucm.one\/de\/#website"},"primaryImageOfPage":{"@id":"https:\/\/ucm.one\/de\/produkt\/einhundertvier\/#primaryimage"},"image":{"@id":"https:\/\/ucm.one\/de\/produkt\/einhundertvier\/#primaryimage"},"thumbnailUrl":"https:\/\/ucm.one\/wp-content\/uploads\/2026\/04\/DVD_2D_1.jpg","datePublished":"2026-04-30T07:49:17+00:00","dateModified":"2026-04-30T14:43:41+00:00","description":"Shop | Einhundertvier| 2026 | NONFY Documentaries | DVD | FSK 12","breadcrumb":{"@id":"https:\/\/ucm.one\/de\/produkt\/einhundertvier\/#breadcrumb"},"inLanguage":"de","potentialAction":[{"@type":"ReadAction","target":["https:\/\/ucm.one\/de\/produkt\/einhundertvier\/"]}]},{"@type":"ImageObject","inLanguage":"de","@id":"https:\/\/ucm.one\/de\/produkt\/einhundertvier\/#primaryimage","url":"https:\/\/ucm.one\/wp-content\/uploads\/2026\/04\/DVD_2D_1.jpg","contentUrl":"https:\/\/ucm.one\/wp-content\/uploads\/2026\/04\/DVD_2D_1.jpg","width":1565,"height":2232},{"@type":"BreadcrumbList","@id":"https:\/\/ucm.one\/de\/produkt\/einhundertvier\/#breadcrumb","itemListElement":[{"@type":"ListItem","position":1,"name":"Home","item":"https:\/\/ucm.one\/de\/"},{"@type":"ListItem","position":2,"name":"Shop","item":"https:\/\/ucm.one\/de\/shop\/"},{"@type":"ListItem","position":3,"name":"Einhundertvier"}]},{"@type":"WebSite","@id":"https:\/\/ucm.one\/de\/#website","url":"https:\/\/ucm.one\/de\/","name":"UCM.ONE","description":"","publisher":{"@id":"https:\/\/ucm.one\/de\/#organization"},"potentialAction":[{"@type":"SearchAction","target":{"@type":"EntryPoint","urlTemplate":"https:\/\/ucm.one\/de\/?s={search_term_string}"},"query-input":{"@type":"PropertyValueSpecification","valueRequired":true,"valueName":"search_term_string"}}],"inLanguage":"de"},{"@type":"Organization","@id":"https:\/\/ucm.one\/de\/#organization","name":"UCM.ONE","url":"https:\/\/ucm.one\/de\/","logo":{"@type":"ImageObject","inLanguage":"de","@id":"https:\/\/ucm.one\/de\/#\/schema\/logo\/image\/","url":"https:\/\/ucm.one\/wp-content\/uploads\/2019\/10\/UCM.ONE-Logo-RGB.svg","contentUrl":"https:\/\/ucm.one\/wp-content\/uploads\/2019\/10\/UCM.ONE-Logo-RGB.svg","width":1,"height":1,"caption":"UCM.ONE"},"image":{"@id":"https:\/\/ucm.one\/de\/#\/schema\/logo\/image\/"}}]}},"_links":{"self":[{"href":"https:\/\/ucm.one\/de\/wp-json\/wp\/v2\/product\/416892","targetHints":{"allow":["GET"]}}],"collection":[{"href":"https:\/\/ucm.one\/de\/wp-json\/wp\/v2\/product"}],"about":[{"href":"https:\/\/ucm.one\/de\/wp-json\/wp\/v2\/types\/product"}],"replies":[{"embeddable":true,"href":"https:\/\/ucm.one\/de\/wp-json\/wp\/v2\/comments?post=416892"}],"wp:featuredmedia":[{"embeddable":true,"href":"https:\/\/ucm.one\/de\/wp-json\/wp\/v2\/media\/416894"}],"wp:attachment":[{"href":"https:\/\/ucm.one\/de\/wp-json\/wp\/v2\/media?parent=416892"}],"wp:term":[{"taxonomy":"product_brand","embeddable":true,"href":"https:\/\/ucm.one\/de\/wp-json\/wp\/v2\/product_brand?post=416892"},{"taxonomy":"product_cat","embeddable":true,"href":"https:\/\/ucm.one\/de\/wp-json\/wp\/v2\/product_cat?post=416892"},{"taxonomy":"product_tag","embeddable":true,"href":"https:\/\/ucm.one\/de\/wp-json\/wp\/v2\/product_tag?post=416892"}],"curies":[{"name":"wp","href":"https:\/\/api.w.org\/{rel}","templated":true}]}}