{"id":415294,"date":"2026-03-17T11:36:58","date_gmt":"2026-03-17T11:36:58","guid":{"rendered":"https:\/\/ucm.one\/?post_type=product&#038;p=415294"},"modified":"2026-03-27T10:32:54","modified_gmt":"2026-03-27T10:32:54","slug":"neo-nuggets-eine-pulled-pork-komoedie","status":"publish","type":"product","link":"https:\/\/ucm.one\/de\/produkt\/neo-nuggets-eine-pulled-pork-komoedie\/","title":{"rendered":"Neo Nuggets \u2013 Eine Pulled Pork Kom\u00f6die"},"content":{"rendered":"<div class=\"wpb_text_column wpb_content_element \">\n<div class=\"wpb_wrapper\">\n<div class=\"\">\n<div class=\"wpb_text_column wpb_content_element \">\n<div class=\"wpb_wrapper\">\n<div class=\"wpb_text_column wpb_content_element \">\n<div class=\"wpb_wrapper\">\n<div class=\"wpb_text_column wpb_content_element \">\n<div class=\"wpb_wrapper\">\n<div class=\"wpb_text_column wpb_content_element \">\n<div class=\"wpb_wrapper\">\n<p>Flo Kienzl <strong>(Paul Pizzera) <\/strong>und Eddi Kovac<strong> (Otto Jaus) <\/strong>wollen endlich Ruhe \u2013 bis ihre totgeglaubte Schwester Samira pl\u00f6tzlich wiederauftaucht und sie in eine gef\u00e4hrliche Jagd nach einem legend\u00e4ren Schatz im Toplitzsee verwickelt. Zwischen Geheimdiensten, Verschw\u00f6rungen und skrupellosen Gegnern wie dem machtbewussten Thilo Mannheim<strong> (Benno F\u00fcrmann) <\/strong>m\u00fcssen die ungleichen Br\u00fcder zusammenhalten, um ein Netz aus L\u00fcgen zu durchbrechen und sich ihrer Vergangenheit zu stellen.<\/p>\n<p>Mit rasanter Action, pointiertem Humor und einer ordentlichen Portion \u00f6sterreichischem Schm\u00e4h erz\u00e4hlt der Film &#8222;<strong>Neo Nuggets<\/strong>&#8220; eine turbulente Spy-Comedy, in der nichts ist, wie es scheint.<\/p>\n<div class=\"gap\" style=\"line-height: 20px; height: 20px;\"><\/div>\n<\/div>\n<\/div>\n<h5>Pressestimmen<\/h5>\n<p><em>\u201eNeo Nuggets\u201c bietet hausgemachtes Popcornkino, deftig gew\u00fcrzt mit launigen Spr\u00fcchen. Der Produktionsaufwand ist f\u00fcr heimische Verh\u00e4ltnisse beachtlich, dazu gibt\u2019s gut gelaunte Gastauftritte und als Hauptspeise den deftigen Buddy-Humor von Pizzera und Jaus. Super seicht, aber sympathisch und unterhaltsam.\u201c <\/em>(<strong>Hitradio \u00d63, P. A. Straubinger<\/strong>)<\/p>\n<p><em>\u201eMit einer gelungenen Mischung aus Action, Humor und gesellschaftlicher Relevanz verspricht Neo Nuggets eine Crime-Comedy bei dem der \u00f6sterreichische Schm\u00e4h nicht zu kurz kommt!\u201c<\/em> (<strong>Kinocheck.de<\/strong>)<\/p>\n<p><em>\u201eLose Fortsetzung der Actionkom\u00f6die \u201ePulled Pork\u201c (2023) Inszenatorisch \u00fcberwiegen bei der mit wilden Zeitspr\u00fcngen erz\u00e4hlten Geschichte ein hoher Trash- Faktor und derber Humor.\u201c<\/em> (<strong>filmdienst.de<\/strong>)<\/p>\n<p><em>\u201eDie Kom\u00f6die gef\u00e4llt durch eine Geschichte, die immer wieder neue Richtungen einschl\u00e4gt, sowie ein spielfreudiges Ensemble.\u201c<\/em> (<strong>film-rezensionen.de<\/strong>)<\/p>\n<p><em>\u201eLeichtes, seichtes und eskapistisches Vergn\u00fcgen.\u201c<\/em> (<strong>kleinezeitung.at<\/strong>)<\/p>\n<\/div>\n<\/div>\n<\/div>\n<\/div>\n<\/div>\n<\/div>\n<\/div>\n<\/div>\n<\/div>\n<div><div class=\"gap\" style=\"line-height: 20px; height: 20px;\"><\/div><\/div>\n<h5>Weitere Informationen<\/h5>\n<div>\n<div>\n<table style=\"height: 46px; width: 100%; border-collapse: collapse; border-color: #ffffff; background-color: #ffffff; border-style: hidden;\">\n<tbody>\n<tr style=\"height: 23px;\">\n<td style=\"width: 4.701195%; height: 23px; border-style: hidden;\">Film:<\/td>\n<td style=\"width: 95.298805%; height: 23px; border-style: hidden;\"><a title=\"M-Square Pictures\" href=\"https:\/\/ucm.one\/de\/neo-nuggets\/\">Neo Nuggets &#8211; Eine Pulled Pork Kom\u00f6die<\/a><\/td>\n<\/tr>\n<tr style=\"height: 23px;\">\n<td style=\"width: 4.701195%; height: 23px; border-style: hidden;\">Label:<\/td>\n<td style=\"width: 95.298805%; height: 23px; border-style: hidden;\"><a title=\"M-Square Pictures\" href=\"https:\/\/ucm.one\/de\/film-labels\/b-spree-pictures\/\">B-Spree Pictures<\/a><\/td>\n<\/tr>\n<\/tbody>\n<\/table>\n<\/div>\n<div><\/div>\n<\/div>\n<div>\n<div><div class=\"gap\" style=\"line-height: 10px; height: 10px;\"><\/div><\/div>\n<div>\u2117 2025 <strong>Samsara Film, Kodachrome<\/strong>\u00a0\/ <span style=\"font-family: 'arial black', sans-serif;\"><strong>UCM.ONE<\/strong><\/span><\/div>\n<div><div class=\"gap\" style=\"line-height: 20px; height: 20px;\"><\/div><\/div>\n<div>\n<div><\/div>\n<div>\n<div><div class=\"gap\" style=\"line-height: 10px; height: 10px;\"><\/div><\/div>\n<div><span style=\"color: #003a80;\"><strong>\u27a0 <a style=\"color: #003a80;\" href=\"https:\/\/ucm.one\/de\/produkt-kategorie\/art-de\/filme-de\/\">zum Shop<\/a><\/strong><\/span><\/div>\n<div><div class=\"gap\" style=\"line-height: 20px; height: 20px;\"><\/div><\/div>\n<\/div>\n<\/div>\n<\/div>\n","protected":false},"excerpt":{"rendered":"<p>Regie: <a title=\"Brendan Petrizzo\" href=\"https:\/\/ucm.one\/de\/?s=%22Andreas+Schmied%22&amp;post_type=product\"><strong>Andreas Schmied<\/strong><\/a><\/p>\n<p>Label: <strong>Samsara Film \/ <a href=\"https:\/\/ucm.one\/de\/produkt-kategorie\/label-film-de\/b-spree-pictures-de\/\">B-Spree Pictures<\/a><\/strong><\/p>\n<p>Art:\u00a0<strong><a href=\"https:\/\/ucm.one\/de\/produkt-kategorie\/art-de\/filme-de\/\">Film<\/a> (Spielfilm)<\/strong><\/p>\n<p>Genres: <b><a title=\"\" href=\"https:\/\/ucm.one\/de\/produkt-kategorie\/genre-film-de\/komoedie-de\/\">Kom\u00f6die<\/a><\/b>, <b><a href=\"https:\/\/ucm.one\/de\/produkt-kategorie\/genre-film-de\/action-de\/\">Action<\/a><\/b><\/p>\n<p>Jahr: <strong>2026<\/strong><\/p>\n<p>FSK: <strong>12<\/strong><\/p>\n<p>Formate: <strong>Diverse<\/strong><\/p>\n","protected":false},"featured_media":415654,"comment_status":"open","ping_status":"closed","template":"","meta":{"_acf_changed":false},"product_brand":[],"product_cat":[10332,10341,10356,10358,9708,10330,10331],"product_tag":[19505,19506,19507,19508,10942,19515,19283,19284,19285,19504],"class_list":{"0":"post-415294","1":"product","2":"type-product","3":"status-publish","4":"has-post-thumbnail","6":"product_cat-blu-ray-de","7":"product_cat-b-spree-pictures-de","8":"product_cat-komoedie-de","9":"product_cat-action-de","10":"product_cat-filme-de","11":"product_cat-thriller-de","12":"product_cat-dvd-de","13":"product_tag-benno-fuehrmann","14":"product_tag-gizem-emre","15":"product_tag-melissa-naschenweng","16":"product_tag-anna-strigl","17":"product_tag-b-spree-pictures","18":"product_tag-samsara-film","19":"product_tag-pulled-pork","20":"product_tag-paul-pizzera","21":"product_tag-otto-jaus","22":"product_tag-silvia-schneider","23":"pa_format-dvd","24":"pa_format-blu-ray-de","25":"description-off","27":"first","28":"instock","29":"taxable","30":"shipping-taxable","31":"purchasable","32":"product-type-variable"},"acf":[],"yoast_head":"<!-- This site is optimized with the Yoast SEO plugin v27.2 - https:\/\/yoast.com\/product\/yoast-seo-wordpress\/ -->\n<title>Neo Nuggets<\/title>\n<meta name=\"description\" content=\"Shop | Neo Nuggets | 2026 | Blu-ray, DVD | FSK 12\" \/>\n<meta name=\"robots\" content=\"index, follow, max-snippet:-1, max-image-preview:large, max-video-preview:-1\" \/>\n<link rel=\"canonical\" href=\"https:\/\/ucm.one\/de\/produkt\/neo-nuggets-eine-pulled-pork-komoedie\/\" \/>\n<meta property=\"og:locale\" content=\"de_DE\" \/>\n<meta property=\"og:type\" content=\"article\" \/>\n<meta property=\"og:title\" content=\"Neo Nuggets\" \/>\n<meta property=\"og:description\" content=\"Shop | Neo Nuggets | 2026 | Blu-ray, DVD | FSK 12\" \/>\n<meta property=\"og:url\" content=\"https:\/\/ucm.one\/de\/produkt\/neo-nuggets-eine-pulled-pork-komoedie\/\" \/>\n<meta property=\"og:site_name\" content=\"UCM.ONE\" \/>\n<meta property=\"article:modified_time\" content=\"2026-03-27T10:32:54+00:00\" \/>\n<meta property=\"og:image\" content=\"https:\/\/ucm.one\/wp-content\/uploads\/2025\/11\/Neo-Nuggets-UCM.ONE-Plakat-fur-Webseite.jpg\" \/>\n\t<meta property=\"og:image:width\" content=\"699\" \/>\n\t<meta property=\"og:image:height\" content=\"1000\" \/>\n\t<meta property=\"og:image:type\" content=\"image\/jpeg\" \/>\n<meta name=\"twitter:card\" content=\"summary_large_image\" \/>\n<meta name=\"twitter:title\" content=\"Neo Nuggets\" \/>\n<meta name=\"twitter:description\" content=\"Shop | Neo Nuggets | 2026 | Blu-ray, DVD | FSK 12\" \/>\n<meta name=\"twitter:image\" content=\"https:\/\/ucm.one\/wp-content\/uploads\/2025\/11\/NeoNuggets_Sqare1000x1000_UCM.jpg\" \/>\n<meta name=\"twitter:label1\" content=\"Gesch\u00e4tzte Lesezeit\" \/>\n\t<meta name=\"twitter:data1\" content=\"2\u00a0Minuten\" \/>\n<!-- \/ Yoast SEO plugin. -->","yoast_head_json":{"title":"Neo Nuggets","description":"Shop | Neo Nuggets | 2026 | Blu-ray, DVD | FSK 12","robots":{"index":"index","follow":"follow","max-snippet":"max-snippet:-1","max-image-preview":"max-image-preview:large","max-video-preview":"max-video-preview:-1"},"canonical":"https:\/\/ucm.one\/de\/produkt\/neo-nuggets-eine-pulled-pork-komoedie\/","og_locale":"de_DE","og_type":"article","og_title":"Neo Nuggets","og_description":"Shop | Neo Nuggets | 2026 | Blu-ray, DVD | FSK 12","og_url":"https:\/\/ucm.one\/de\/produkt\/neo-nuggets-eine-pulled-pork-komoedie\/","og_site_name":"UCM.ONE","article_modified_time":"2026-03-27T10:32:54+00:00","og_image":[{"width":699,"height":1000,"url":"https:\/\/ucm.one\/wp-content\/uploads\/2025\/11\/Neo-Nuggets-UCM.ONE-Plakat-fur-Webseite.jpg","type":"image\/jpeg"}],"twitter_card":"summary_large_image","twitter_title":"Neo Nuggets","twitter_description":"Shop | Neo Nuggets | 2026 | Blu-ray, DVD | FSK 12","twitter_image":"https:\/\/ucm.one\/wp-content\/uploads\/2025\/11\/NeoNuggets_Sqare1000x1000_UCM.jpg","twitter_misc":{"Gesch\u00e4tzte Lesezeit":"2\u00a0Minuten"},"schema":{"@context":"https:\/\/schema.org","@graph":[{"@type":"WebPage","@id":"https:\/\/ucm.one\/de\/produkt\/neo-nuggets-eine-pulled-pork-komoedie\/","url":"https:\/\/ucm.one\/de\/produkt\/neo-nuggets-eine-pulled-pork-komoedie\/","name":"Neo Nuggets","isPartOf":{"@id":"https:\/\/ucm.one\/de\/#website"},"primaryImageOfPage":{"@id":"https:\/\/ucm.one\/de\/produkt\/neo-nuggets-eine-pulled-pork-komoedie\/#primaryimage"},"image":{"@id":"https:\/\/ucm.one\/de\/produkt\/neo-nuggets-eine-pulled-pork-komoedie\/#primaryimage"},"thumbnailUrl":"https:\/\/ucm.one\/wp-content\/uploads\/2026\/03\/C-Neo-Nuggets-DVD-2D-FSK12.jpg","datePublished":"2026-03-17T11:36:58+00:00","dateModified":"2026-03-27T10:32:54+00:00","description":"Shop | Neo Nuggets | 2026 | Blu-ray, DVD | FSK 12","breadcrumb":{"@id":"https:\/\/ucm.one\/de\/produkt\/neo-nuggets-eine-pulled-pork-komoedie\/#breadcrumb"},"inLanguage":"de","potentialAction":[{"@type":"ReadAction","target":["https:\/\/ucm.one\/de\/produkt\/neo-nuggets-eine-pulled-pork-komoedie\/"]}]},{"@type":"ImageObject","inLanguage":"de","@id":"https:\/\/ucm.one\/de\/produkt\/neo-nuggets-eine-pulled-pork-komoedie\/#primaryimage","url":"https:\/\/ucm.one\/wp-content\/uploads\/2026\/03\/C-Neo-Nuggets-DVD-2D-FSK12.jpg","contentUrl":"https:\/\/ucm.one\/wp-content\/uploads\/2026\/03\/C-Neo-Nuggets-DVD-2D-FSK12.jpg","width":699,"height":1000},{"@type":"BreadcrumbList","@id":"https:\/\/ucm.one\/de\/produkt\/neo-nuggets-eine-pulled-pork-komoedie\/#breadcrumb","itemListElement":[{"@type":"ListItem","position":1,"name":"Home","item":"https:\/\/ucm.one\/de\/"},{"@type":"ListItem","position":2,"name":"Shop","item":"https:\/\/ucm.one\/de\/shop\/"},{"@type":"ListItem","position":3,"name":"Neo Nuggets \u2013 Eine Pulled Pork Kom\u00f6die"}]},{"@type":"WebSite","@id":"https:\/\/ucm.one\/de\/#website","url":"https:\/\/ucm.one\/de\/","name":"UCM.ONE","description":"","publisher":{"@id":"https:\/\/ucm.one\/de\/#organization"},"potentialAction":[{"@type":"SearchAction","target":{"@type":"EntryPoint","urlTemplate":"https:\/\/ucm.one\/de\/?s={search_term_string}"},"query-input":{"@type":"PropertyValueSpecification","valueRequired":true,"valueName":"search_term_string"}}],"inLanguage":"de"},{"@type":"Organization","@id":"https:\/\/ucm.one\/de\/#organization","name":"UCM.ONE","url":"https:\/\/ucm.one\/de\/","logo":{"@type":"ImageObject","inLanguage":"de","@id":"https:\/\/ucm.one\/de\/#\/schema\/logo\/image\/","url":"https:\/\/ucm.one\/wp-content\/uploads\/2019\/10\/UCM.ONE-Logo-RGB.svg","contentUrl":"https:\/\/ucm.one\/wp-content\/uploads\/2019\/10\/UCM.ONE-Logo-RGB.svg","width":1,"height":1,"caption":"UCM.ONE"},"image":{"@id":"https:\/\/ucm.one\/de\/#\/schema\/logo\/image\/"}}]}},"_links":{"self":[{"href":"https:\/\/ucm.one\/de\/wp-json\/wp\/v2\/product\/415294","targetHints":{"allow":["GET"]}}],"collection":[{"href":"https:\/\/ucm.one\/de\/wp-json\/wp\/v2\/product"}],"about":[{"href":"https:\/\/ucm.one\/de\/wp-json\/wp\/v2\/types\/product"}],"replies":[{"embeddable":true,"href":"https:\/\/ucm.one\/de\/wp-json\/wp\/v2\/comments?post=415294"}],"wp:featuredmedia":[{"embeddable":true,"href":"https:\/\/ucm.one\/de\/wp-json\/wp\/v2\/media\/415654"}],"wp:attachment":[{"href":"https:\/\/ucm.one\/de\/wp-json\/wp\/v2\/media?parent=415294"}],"wp:term":[{"taxonomy":"product_brand","embeddable":true,"href":"https:\/\/ucm.one\/de\/wp-json\/wp\/v2\/product_brand?post=415294"},{"taxonomy":"product_cat","embeddable":true,"href":"https:\/\/ucm.one\/de\/wp-json\/wp\/v2\/product_cat?post=415294"},{"taxonomy":"product_tag","embeddable":true,"href":"https:\/\/ucm.one\/de\/wp-json\/wp\/v2\/product_tag?post=415294"}],"curies":[{"name":"wp","href":"https:\/\/api.w.org\/{rel}","templated":true}]}}