{"id":411546,"date":"2025-10-31T13:17:07","date_gmt":"2025-10-31T13:17:07","guid":{"rendered":"https:\/\/ucm.one\/?post_type=product&#038;p=411546"},"modified":"2025-11-30T23:44:26","modified_gmt":"2025-11-30T23:44:26","slug":"martin-liest-den-koran","status":"publish","type":"product","link":"https:\/\/ucm.one\/de\/produkt\/martin-liest-den-koran\/","title":{"rendered":"Martin liest den Koran"},"content":{"rendered":"<div class=\"wpb_text_column wpb_content_element \">\n<div class=\"wpb_wrapper\">\n<div class=\"\">\n<div class=\"wpb_text_column wpb_content_element \">\n<div class=\"wpb_wrapper\">\n<div class=\"wpb_text_column wpb_content_element \">\n<div class=\"wpb_wrapper\">\n<div class=\"wpb_text_column wpb_content_element \">\n<div class=\"wpb_wrapper\">\n<div class=\"\">\n<div class=\"wpb_text_column wpb_content_element \">\n<div class=\"wpb_wrapper\">\n<div class=\"wpb_text_column wpb_content_element \">\n<div class=\"wpb_wrapper\">\n<div class=\"wpb_text_column wpb_content_element \">\n<div class=\"wpb_wrapper\">\n<div class=\"wpb_text_column wpb_content_element \">\n<div class=\"wpb_wrapper\">\n<div>\n<p>Martin (<strong>Zejhun Demirov<\/strong>) ist ein 35 Jahre alter Familienvater mit iranischen Wurzeln, der erst seit einem Jahr den Islam studiert. Er besucht Professor Neuweiser (<strong>Ulrich Tukur<\/strong>), einen Professor f\u00fcr Islamwissenschaft, um ihm von seinem aufregenden Terroranschlag zu erz\u00e4hlen, den er heute Morgen initiiert hat. Martin ist verwirrt, wenn man Terroristen kritisiert, denn er glaubt, sie w\u00fcrden nur das befolgen, was im Koran steht. Oder kann Professor Neuweiser Martin eine Passage zeigen, die eindeutig verbietet, Menschen mit Bomben zu t\u00f6ten? Wenn nicht, wird Martins Bombe folgerichtig viele Menschen t\u00f6ten. Dem Professor bleibt keine andere Waffe als der Koran selbst, das Wort Gottes, um zu beweisen, dass Gewalt verboten ist.<\/p>\n<\/div>\n<\/div>\n<\/div>\n<div class=\"wpb_text_column wpb_content_element \">\n<div class=\"wpb_wrapper\">\n<p>Aber hat Martin den Professor wirklich nur aufgesucht, um den Rat eines \u201eweisen Mannes\u201c einzuholen oder verbirgt sich etwas anderes hinter dem unangek\u00fcndigten Besuch? Martin selbst ist den ganzen Film \u00fcber das gro\u00dfe R\u00e4tsel, das sich erst am Ende in seiner ganzen emotionalen Tiefe entfaltet \u2013 um schlie\u00dflich in den Herzen der Zuschauer zu detonieren.<\/p>\n<\/div>\n<\/div>\n<p>Ein explosiver, dramatischer Thriller von Regisseur <strong>Jurijs Saule<\/strong>, ausgezeichnet mit dem Deutschen Filmpreis 2023 f\u00fcr das beste Drehbuch.<\/p>\n<\/div>\n<\/div>\n<\/div>\n<\/div>\n<\/div>\n<\/div>\n<\/div>\n<\/div>\n<\/div>\n<div><div class=\"gap\" style=\"line-height: 20px; height: 20px;\"><\/div><\/div>\n<h5>Weitere Informationen<\/h5>\n<div>\n<div>\n<table style=\"height: 46px; width: 100%; border-collapse: collapse; border-color: #ffffff; background-color: #ffffff; border-style: hidden;\">\n<tbody>\n<tr style=\"height: 23px; border-style: hidden; border-color: #ffffff; background-color: #ffffff;\">\n<td style=\"width: 4.701195219123506%; height: 23px; border-style: hidden;\">Film:<\/td>\n<td style=\"width: 95.29880478087651%; height: 23px; border-style: hidden;\"><a title=\"Heikos Welt (2021) von Dominik Galizia | Darling Berlin\" href=\"https:\/\/ucm.one\/de\/martin-liest-den-koran\/?\">Martin liest den Koran<\/a><\/td>\n<\/tr>\n<tr style=\"height: 23px;\">\n<td style=\"width: 4.701195219123506%; height: 23px; border-style: hidden;\">Label:<\/td>\n<td style=\"width: 95.29880478087651%; height: 23px; border-style: hidden;\"><a title=\"Darling Berlin\" href=\"https:\/\/ucm.one\/de\/film-labels\/artkeim\/\">Artkeim\u00b2<\/a><\/td>\n<\/tr>\n<\/tbody>\n<\/table>\n<\/div>\n<div><\/div>\n<\/div>\n<div>\n<div><div class=\"gap\" style=\"line-height: 10px; height: 10px;\"><\/div><\/div>\n<div>\u2117 2024 Blobel Film, \u00a9 2025 <strong>Artkeim\u00b2<\/strong><span style=\"font-family: arial, helvetica, sans-serif;\">\u00a0<\/span>\/ <span style=\"font-family: 'arial black', sans-serif;\"><strong>UCM.ONE<\/strong><\/span><\/div>\n<div><div class=\"gap\" style=\"line-height: 20px; height: 20px;\"><\/div><\/div>\n<\/div>\n<div>\n<div><\/div>\n<div>\n<div><div class=\"gap\" style=\"line-height: 10px; height: 10px;\"><\/div><\/div>\n<div><span style=\"color: #003a80;\"><strong>\u27a0 <a style=\"color: #003a80;\" href=\"https:\/\/ucm.one\/de\/produkt-kategorie\/art-de\/filme-de\/\">zum Shop<\/a><\/strong><\/span><\/div>\n<div><div class=\"gap\" style=\"line-height: 20px; height: 20px;\"><\/div><\/div>\n<\/div>\n<\/div>\n<\/div>\n<\/div>\n<\/div>\n<\/div>\n<\/div>\n<\/div>\n<\/div>\n","protected":false},"excerpt":{"rendered":"<p>Regie: <a title=\"\" href=\"https:\/\/ucm.one\/de\/?s=%22Jurijs+Saule%22&amp;post_type=product\"><strong>Jurijs Saule<\/strong><\/a><\/p>\n<p>Label: <a title=\"\" href=\"https:\/\/ucm.one\/de\/produkt-kategorie\/label-film-de\/artkeim-de\/\"><strong>Artkeim\u00b2<\/strong><\/a><\/p>\n<p>Art:\u00a0<strong><a href=\"https:\/\/ucm.one\/de\/produkt-kategorie\/art-de\/filme-de\/\">Film<\/a> (Spielfilm)<\/strong><\/p>\n<p>Genres: <strong><a href=\"https:\/\/ucm.one\/de\/produkt-kategorie\/genre-film-de\/drama-de\/\">Drama<\/a><\/strong>, <b><a title=\"Kom\u00f6die\" href=\"https:\/\/ucm.one\/de\/produkt-kategorie\/genre-film-de\/thriller-de\/\">Thriller<\/a><\/b><\/p>\n<p>Jahr: <strong>2025<\/strong><\/p>\n<p>FSK: <strong>16<\/strong><\/p>\n<p>Format: <strong>DVD<\/strong><\/p>\n","protected":false},"featured_media":411609,"comment_status":"open","ping_status":"closed","template":"","meta":{"_acf_changed":false},"product_brand":[],"product_cat":[9708,10330,10331,10334,10338,13156],"product_tag":[19200,19201,19202,19203,19204,12616],"class_list":{"0":"post-411546","1":"product","2":"type-product","3":"status-publish","4":"has-post-thumbnail","6":"product_cat-filme-de","7":"product_cat-thriller-de","8":"product_cat-dvd-de","9":"product_cat-drama-de","10":"product_cat-artkeim-de","11":"product_cat-arthouse-de","12":"product_tag-martin-liest-den-koran","13":"product_tag-ulrich-tukur","14":"product_tag-tatort","15":"product_tag-koran","16":"product_tag-jurijs-saule","17":"product_tag-deutscher-filmpreis","18":"pa_format-blu-ray-de","19":"pa_format-dvd","20":"description-off","22":"first","23":"instock","24":"taxable","25":"shipping-taxable","26":"purchasable","27":"product-type-variable","28":"has-default-attributes"},"acf":[],"yoast_head":"<!-- This site is optimized with the Yoast SEO plugin v27.2 - https:\/\/yoast.com\/product\/yoast-seo-wordpress\/ -->\n<title>Martin liest den Koran<\/title>\n<meta name=\"description\" content=\"Shop | Martin liest den Koran | 2025 | Artkeim\u00b2 | DVD | FSK 16\" \/>\n<meta name=\"robots\" content=\"index, follow, max-snippet:-1, max-image-preview:large, max-video-preview:-1\" \/>\n<link rel=\"canonical\" href=\"https:\/\/ucm.one\/de\/produkt\/martin-liest-den-koran\/\" \/>\n<meta property=\"og:locale\" content=\"de_DE\" \/>\n<meta property=\"og:type\" content=\"article\" \/>\n<meta property=\"og:title\" content=\"Martin liest den Koran\" \/>\n<meta property=\"og:description\" content=\"Shop | Martin liest den Koran | 2025 | Artkeim\u00b2 | DVD | FSK 16\" \/>\n<meta property=\"og:url\" content=\"https:\/\/ucm.one\/de\/produkt\/martin-liest-den-koran\/\" \/>\n<meta property=\"og:site_name\" content=\"UCM.ONE\" \/>\n<meta property=\"article:modified_time\" content=\"2025-11-30T23:44:26+00:00\" \/>\n<meta property=\"og:image\" content=\"https:\/\/ucm.one\/wp-content\/uploads\/2025\/10\/DVD_2D_1-2-min.jpg\" \/>\n\t<meta property=\"og:image:width\" content=\"1565\" \/>\n\t<meta property=\"og:image:height\" content=\"2244\" \/>\n\t<meta property=\"og:image:type\" content=\"image\/jpeg\" \/>\n<meta name=\"twitter:card\" content=\"summary_large_image\" \/>\n<meta name=\"twitter:title\" content=\"Martin liest den Koran\" \/>\n<meta name=\"twitter:description\" content=\"Shop | Martin liest den Koran | 2025 | Artkeim\u00b2 | DVD | FSK 16\" \/>\n<meta name=\"twitter:image\" content=\"https:\/\/ucm.one\/wp-content\/uploads\/2025\/10\/DVD_2D_1-2-min.jpg\" \/>\n<meta name=\"twitter:label1\" content=\"Gesch\u00e4tzte Lesezeit\" \/>\n\t<meta name=\"twitter:data1\" content=\"2\u00a0Minuten\" \/>\n<!-- \/ Yoast SEO plugin. -->","yoast_head_json":{"title":"Martin liest den Koran","description":"Shop | Martin liest den Koran | 2025 | Artkeim\u00b2 | DVD | FSK 16","robots":{"index":"index","follow":"follow","max-snippet":"max-snippet:-1","max-image-preview":"max-image-preview:large","max-video-preview":"max-video-preview:-1"},"canonical":"https:\/\/ucm.one\/de\/produkt\/martin-liest-den-koran\/","og_locale":"de_DE","og_type":"article","og_title":"Martin liest den Koran","og_description":"Shop | Martin liest den Koran | 2025 | Artkeim\u00b2 | DVD | FSK 16","og_url":"https:\/\/ucm.one\/de\/produkt\/martin-liest-den-koran\/","og_site_name":"UCM.ONE","article_modified_time":"2025-11-30T23:44:26+00:00","og_image":[{"width":1565,"height":2244,"url":"https:\/\/ucm.one\/wp-content\/uploads\/2025\/10\/DVD_2D_1-2-min.jpg","type":"image\/jpeg"}],"twitter_card":"summary_large_image","twitter_title":"Martin liest den Koran","twitter_description":"Shop | Martin liest den Koran | 2025 | Artkeim\u00b2 | DVD | FSK 16","twitter_image":"https:\/\/ucm.one\/wp-content\/uploads\/2025\/10\/DVD_2D_1-2-min.jpg","twitter_misc":{"Gesch\u00e4tzte Lesezeit":"2\u00a0Minuten"},"schema":{"@context":"https:\/\/schema.org","@graph":[{"@type":"WebPage","@id":"https:\/\/ucm.one\/de\/produkt\/martin-liest-den-koran\/","url":"https:\/\/ucm.one\/de\/produkt\/martin-liest-den-koran\/","name":"Martin liest den Koran","isPartOf":{"@id":"https:\/\/ucm.one\/de\/#website"},"primaryImageOfPage":{"@id":"https:\/\/ucm.one\/de\/produkt\/martin-liest-den-koran\/#primaryimage"},"image":{"@id":"https:\/\/ucm.one\/de\/produkt\/martin-liest-den-koran\/#primaryimage"},"thumbnailUrl":"https:\/\/ucm.one\/wp-content\/uploads\/2025\/10\/C-Martin-liest-den-Koran.jpg","datePublished":"2025-10-31T13:17:07+00:00","dateModified":"2025-11-30T23:44:26+00:00","description":"Shop | Martin liest den Koran | 2025 | Artkeim\u00b2 | DVD | FSK 16","breadcrumb":{"@id":"https:\/\/ucm.one\/de\/produkt\/martin-liest-den-koran\/#breadcrumb"},"inLanguage":"de","potentialAction":[{"@type":"ReadAction","target":["https:\/\/ucm.one\/de\/produkt\/martin-liest-den-koran\/"]}]},{"@type":"ImageObject","inLanguage":"de","@id":"https:\/\/ucm.one\/de\/produkt\/martin-liest-den-koran\/#primaryimage","url":"https:\/\/ucm.one\/wp-content\/uploads\/2025\/10\/C-Martin-liest-den-Koran.jpg","contentUrl":"https:\/\/ucm.one\/wp-content\/uploads\/2025\/10\/C-Martin-liest-den-Koran.jpg","width":699,"height":1000},{"@type":"BreadcrumbList","@id":"https:\/\/ucm.one\/de\/produkt\/martin-liest-den-koran\/#breadcrumb","itemListElement":[{"@type":"ListItem","position":1,"name":"Home","item":"https:\/\/ucm.one\/de\/"},{"@type":"ListItem","position":2,"name":"Shop","item":"https:\/\/ucm.one\/de\/shop\/"},{"@type":"ListItem","position":3,"name":"Martin liest den Koran"}]},{"@type":"WebSite","@id":"https:\/\/ucm.one\/de\/#website","url":"https:\/\/ucm.one\/de\/","name":"UCM.ONE","description":"","publisher":{"@id":"https:\/\/ucm.one\/de\/#organization"},"potentialAction":[{"@type":"SearchAction","target":{"@type":"EntryPoint","urlTemplate":"https:\/\/ucm.one\/de\/?s={search_term_string}"},"query-input":{"@type":"PropertyValueSpecification","valueRequired":true,"valueName":"search_term_string"}}],"inLanguage":"de"},{"@type":"Organization","@id":"https:\/\/ucm.one\/de\/#organization","name":"UCM.ONE","url":"https:\/\/ucm.one\/de\/","logo":{"@type":"ImageObject","inLanguage":"de","@id":"https:\/\/ucm.one\/de\/#\/schema\/logo\/image\/","url":"https:\/\/ucm.one\/wp-content\/uploads\/2019\/10\/UCM.ONE-Logo-RGB.svg","contentUrl":"https:\/\/ucm.one\/wp-content\/uploads\/2019\/10\/UCM.ONE-Logo-RGB.svg","width":1,"height":1,"caption":"UCM.ONE"},"image":{"@id":"https:\/\/ucm.one\/de\/#\/schema\/logo\/image\/"}}]}},"_links":{"self":[{"href":"https:\/\/ucm.one\/de\/wp-json\/wp\/v2\/product\/411546","targetHints":{"allow":["GET"]}}],"collection":[{"href":"https:\/\/ucm.one\/de\/wp-json\/wp\/v2\/product"}],"about":[{"href":"https:\/\/ucm.one\/de\/wp-json\/wp\/v2\/types\/product"}],"replies":[{"embeddable":true,"href":"https:\/\/ucm.one\/de\/wp-json\/wp\/v2\/comments?post=411546"}],"wp:featuredmedia":[{"embeddable":true,"href":"https:\/\/ucm.one\/de\/wp-json\/wp\/v2\/media\/411609"}],"wp:attachment":[{"href":"https:\/\/ucm.one\/de\/wp-json\/wp\/v2\/media?parent=411546"}],"wp:term":[{"taxonomy":"product_brand","embeddable":true,"href":"https:\/\/ucm.one\/de\/wp-json\/wp\/v2\/product_brand?post=411546"},{"taxonomy":"product_cat","embeddable":true,"href":"https:\/\/ucm.one\/de\/wp-json\/wp\/v2\/product_cat?post=411546"},{"taxonomy":"product_tag","embeddable":true,"href":"https:\/\/ucm.one\/de\/wp-json\/wp\/v2\/product_tag?post=411546"}],"curies":[{"name":"wp","href":"https:\/\/api.w.org\/{rel}","templated":true}]}}