{"id":411127,"date":"2025-10-22T20:00:49","date_gmt":"2025-10-22T20:00:49","guid":{"rendered":"https:\/\/ucm.one\/?post_type=product&#038;p=411127"},"modified":"2026-02-04T11:25:00","modified_gmt":"2026-02-04T11:25:00","slug":"marianas-rest-the-bereaved-zipped-hoodie","status":"publish","type":"product","link":"https:\/\/ucm.one\/de\/produkt\/marianas-rest-the-bereaved-zipped-hoodie\/","title":{"rendered":"Marianas Rest \u2013 The Bereaved (Zipped Hoodie)"},"content":{"rendered":"<div class=\"wpb-content-wrapper\"><div class=\"vc_row wpb_row vc_row-fluid\">\n<div class=\"wpb_column vc_column_container vc_col-sm-12\">\n<div class=\"vc_column-inner\">\n<div class=\"wpb_wrapper\">\n<div class=\"wpb_text_column wpb_content_element \">\n<div class=\"wpb_wrapper\">\n<div class=\"wpb_text_column wpb_content_element \">\n<div class=\"wpb_wrapper\">\n<p class=\"p1\">Von den rauen K\u00fcsten der Ostsee zur\u00fcck mit einem emotionalen Paukenschlag: <strong>Marianas Rest<\/strong> legen mit <span class=\"s1\"><b>\u201eThe Bereaved\u201c<\/b><\/span> ihr f\u00fcnftes Studioalbum vor \u2013 und pr\u00e4sentieren sich dabei so intensiv, pers\u00f6nlich und atmosph\u00e4risch wie nie zuvor. Die aus Kotka stammende Band verbindet auf einzigartige Weise Elemente aus Doom, Death und Post-Metal zu einem Klangbild, das tief unter die Haut geht. Schwer, langsam, ergreifend \u2013 und doch immer wieder durchzogen von kraftvollen Melodien, die einem den Atem rauben.<\/p>\n<p class=\"p1\">\u201e<strong>The Bereaved<\/strong>\u201c erz\u00e4hlt eine zutiefst pers\u00f6nliche Geschichte \u00fcber Verlust, Tod und das endlose Ringen mit Schuld, Erinnerung und Akzeptanz. Ein Soundtrack f\u00fcr all jene Momente, in denen sich Dunkelheit und Trost unentwirrbar vermischen \u2013 getragen von der typisch finnischen Melancholie, die Sch\u00f6nheit und Schmerz in vollkommener Symbiose vereint.<\/p>\n<p class=\"p1\">Nach ihren gefeierten Alben \u201e<strong>Horror Vacui<\/strong>\u201c (2016), \u201e<strong>Ruins<\/strong>\u201c (2019), \u201e<strong>Fata Morgana<\/strong>\u201c (2021) und \u201e<strong>Auer<\/strong>\u201c (2023) schlagen <strong>Marianas Rest<\/strong> mit diesem Release ein neues Kapitel auf \u2013 und setzen ihre k\u00fcnstlerische Entwicklung konsequent fort. Mit ihrem neuen Label <strong>Noble Demon<\/strong> im R\u00fccken klingt die Band druckvoller und ausdrucksst\u00e4rker denn je.<\/p>\n<div>\n<div class=\"vc_row wpb_row vc_row-fluid\">\n<div class=\"wpb_column vc_column_container vc_col-sm-12\">\n<div class=\"vc_column-inner\">\n<div class=\"wpb_wrapper\">\n<div class=\"wpb_text_column wpb_content_element \">\n<div class=\"wpb_wrapper\">\n<div class=\"wpb_text_column wpb_content_element \">\n<div class=\"wpb_wrapper\">\n<div><\/div>\n<\/div>\n<\/div>\n<\/div>\n<\/div>\n<\/div>\n<\/div>\n<\/div>\n<\/div>\n<div class=\"vc_row wpb_row vc_row-fluid\">\n<div class=\"wpb_column vc_column_container vc_col-sm-3\/5\">\n<div class=\"vc_column-inner\">\n<div class=\"wpb_wrapper\">\n<div class=\"wpb_text_column wpb_content_element \">\n<div class=\"wpb_wrapper\">\n<div class=\"wpb_text_column wpb_content_element \">\n<div class=\"wpb_wrapper\">\n<div><div class=\"gap\" style=\"line-height: 20px; height: 20px;\"><\/div><\/div>\n<h5>Weitere Informationen<\/h5>\n<\/div>\n<div>\n<div>\n<table style=\"height: 46px; width: 100%; border-collapse: collapse; border-color: #ffffff; background-color: #ffffff; border-style: hidden;\">\n<tbody>\n<tr>\n<td style=\"width: 3.260517%; border-style: hidden;\">Band:<\/td>\n<td style=\"width: 96.739483%; border-style: hidden;\"><a href=\"https:\/\/ucm.one\/de\/marianas-rest\/\">Marianas Rest<\/a><\/td>\n<\/tr>\n<tr style=\"height: 23px;\">\n<td style=\"width: 3.260517%; height: 23px;\">Label:<\/td>\n<td style=\"width: 96.739483%; height: 23px;\"><a title=\"Noble Demon\" href=\"https:\/\/ucm.one\/de\/musik-labels\/noble-demon\/\">Noble Demon<\/a><\/td>\n<\/tr>\n<\/tbody>\n<\/table>\n<\/div>\n<div><\/div>\n<div><div class=\"gap\" style=\"line-height: 10px; height: 10px;\"><\/div><\/div>\n<div>\u2117 &amp; \u00a9 2025 <strong>Noble Demon<\/strong> \/ <span style=\"font-family: 'arial black', sans-serif;\"><strong>UCM.ONE<\/strong><\/span><\/div>\n<div><div class=\"gap\" style=\"line-height: 20px; height: 20px;\"><\/div><\/div>\n<div>\n<div><\/div>\n<div><div class=\"gap\" style=\"line-height: 10px; height: 10px;\"><\/div><\/div>\n<div><span style=\"color: #003a80;\"><strong>\u27a0 <a style=\"color: #003a80;\" title=\"\" href=\"https:\/\/ucm.one\/de\/produkt-kategorie\/art-de\/musik-de\/\">zum Shop<\/a><\/strong><\/span><\/div>\n<div><div class=\"gap\" style=\"line-height: 20px; height: 20px;\"><\/div><\/div>\n<\/div>\n<\/div>\n<\/div>\n<\/div>\n<\/div>\n<\/div>\n<\/div>\n<\/div>\n<\/div>\n<\/div>\n<\/div>\n<\/div>\n<\/div>\n<\/div>\n<\/div>\n<\/div>\n<\/div>\n<\/div>\n<\/div>","protected":false},"excerpt":{"rendered":"<p>Band: <a href=\"https:\/\/ucm.one\/de\/?s=%22Marianas+Rest%22&amp;post_type=product\"><strong>Marianas Rest<\/strong><\/a><\/p>\n<p>Label: <a href=\"https:\/\/ucm.one\/de\/produkt-kategorie\/label-musik-de\/noble-demon-de\/\"><strong>Noble Demon<\/strong><\/a><\/p>\n<p>Art: <strong><a href=\"https:\/\/ucm.one\/de\/produkt-kategorie\/art-de\/musik-de\/\">Musik<\/a> (<a href=\"https:\/\/ucm.one\/de\/produkt-kategorie\/merchandise-de\/\">Merchandise<\/a>)<\/strong><\/p>\n<p>Genres: <strong><a title=\"\" href=\"https:\/\/ucm.one\/de\/produkt-kategorie\/genre-musik-de\/metal-de\/melodic-metal-de\/\">Melodic Metal<\/a><a href=\"https:\/\/ucm.one\/de\/produkt-kategorie\/genre-musik-de\/metal-de\/\">, <\/a><a title=\"\" href=\"https:\/\/ucm.one\/de\/produkt-kategorie\/genre-musik-de\/metal-de\/doom-metal-de\/\">Doom Metal<\/a><\/strong><\/p>\n<p>Jahr: <strong>2025<\/strong><\/p>\n<p>Format: <strong>Zipped Hoodie<\/strong><\/p>\n","protected":false},"featured_media":411255,"comment_status":"open","ping_status":"closed","template":"","meta":{"_acf_changed":false},"product_brand":[],"product_cat":[9823,9839,9713,10400,9753,10403,9756],"product_tag":[9854,11211,16481,19128,19129,9763,10967,9764,9787,9821],"class_list":{"0":"post-411127","1":"product","2":"type-product","3":"status-publish","4":"has-post-thumbnail","6":"product_cat-doom-metal-de","7":"product_cat-melodic-metal-de","8":"product_cat-musik-de","9":"product_cat-merchandise-de","10":"product_cat-metal-de","11":"product_cat-zipped-hoodie-de","12":"product_cat-noble-demon-de","13":"product_tag-melodic-metal","14":"product_tag-hoodie","15":"product_tag-marbled-vinyl","16":"product_tag-marianas-rest","17":"product_tag-the-bereaved","18":"product_tag-noble-demon","19":"product_tag-zipped-hoodie","20":"product_tag-metal","21":"product_tag-death-metal","22":"product_tag-doom-metal","23":"product_shipping_class-hoodie-2","24":"description-off","26":"first","27":"instock","28":"taxable","29":"shipping-taxable","30":"purchasable","31":"product-type-variable"},"acf":[],"yoast_head":"<!-- This site is optimized with the Yoast SEO plugin v27.2 - https:\/\/yoast.com\/product\/yoast-seo-wordpress\/ -->\n<title>Marianas Rest \u2013 The Bereaved (Zipped Hoodie)<\/title>\n<meta name=\"description\" content=\"Shop | Marianas Rest \u2013 The Bereaved (Zipped Hoodie) | 2025 | Noble Demon\" \/>\n<meta name=\"robots\" content=\"index, follow, max-snippet:-1, max-image-preview:large, max-video-preview:-1\" \/>\n<link rel=\"canonical\" href=\"https:\/\/ucm.one\/de\/produkt\/marianas-rest-the-bereaved-zipped-hoodie\/\" \/>\n<meta property=\"og:locale\" content=\"de_DE\" \/>\n<meta property=\"og:type\" content=\"article\" \/>\n<meta property=\"og:title\" content=\"Marianas Rest \u2013 The Bereaved (Zipped Hoodie)\" \/>\n<meta property=\"og:description\" content=\"Shop | Marianas Rest \u2013 The Bereaved (Zipped Hoodie) | 2025 | Noble Demon\" \/>\n<meta property=\"og:url\" content=\"https:\/\/ucm.one\/de\/produkt\/marianas-rest-the-bereaved-zipped-hoodie\/\" \/>\n<meta property=\"og:site_name\" content=\"UCM.ONE\" \/>\n<meta property=\"article:modified_time\" content=\"2026-02-04T11:25:00+00:00\" \/>\n<meta property=\"og:image\" content=\"https:\/\/ucm.one\/wp-content\/uploads\/2025\/10\/H-Marianas-Rest-The-Bereaved-F.jpg\" \/>\n\t<meta property=\"og:image:width\" content=\"1080\" \/>\n\t<meta property=\"og:image:height\" content=\"1080\" \/>\n\t<meta property=\"og:image:type\" content=\"image\/jpeg\" \/>\n<meta name=\"twitter:card\" content=\"summary_large_image\" \/>\n<meta name=\"twitter:title\" content=\"Marianas Rest \u2013 The Bereaved (Zipped Hoodie)\" \/>\n<meta name=\"twitter:description\" content=\"Shop | Marianas Rest \u2013 The Bereaved (Zipped Hoodie) | 2025 | Noble Demon\" \/>\n<meta name=\"twitter:image\" content=\"https:\/\/ucm.one\/wp-content\/uploads\/2025\/10\/H-Marianas-Rest-The-Bereaved-F.jpg\" \/>\n<meta name=\"twitter:label1\" content=\"Gesch\u00e4tzte Lesezeit\" \/>\n\t<meta name=\"twitter:data1\" content=\"2\u00a0Minuten\" \/>\n<!-- \/ Yoast SEO plugin. -->","yoast_head_json":{"title":"Marianas Rest \u2013 The Bereaved (Zipped Hoodie)","description":"Shop | Marianas Rest \u2013 The Bereaved (Zipped Hoodie) | 2025 | Noble Demon","robots":{"index":"index","follow":"follow","max-snippet":"max-snippet:-1","max-image-preview":"max-image-preview:large","max-video-preview":"max-video-preview:-1"},"canonical":"https:\/\/ucm.one\/de\/produkt\/marianas-rest-the-bereaved-zipped-hoodie\/","og_locale":"de_DE","og_type":"article","og_title":"Marianas Rest \u2013 The Bereaved (Zipped Hoodie)","og_description":"Shop | Marianas Rest \u2013 The Bereaved (Zipped Hoodie) | 2025 | Noble Demon","og_url":"https:\/\/ucm.one\/de\/produkt\/marianas-rest-the-bereaved-zipped-hoodie\/","og_site_name":"UCM.ONE","article_modified_time":"2026-02-04T11:25:00+00:00","og_image":[{"width":1080,"height":1080,"url":"https:\/\/ucm.one\/wp-content\/uploads\/2025\/10\/H-Marianas-Rest-The-Bereaved-F.jpg","type":"image\/jpeg"}],"twitter_card":"summary_large_image","twitter_title":"Marianas Rest \u2013 The Bereaved (Zipped Hoodie)","twitter_description":"Shop | Marianas Rest \u2013 The Bereaved (Zipped Hoodie) | 2025 | Noble Demon","twitter_image":"https:\/\/ucm.one\/wp-content\/uploads\/2025\/10\/H-Marianas-Rest-The-Bereaved-F.jpg","twitter_misc":{"Gesch\u00e4tzte Lesezeit":"2\u00a0Minuten"},"schema":{"@context":"https:\/\/schema.org","@graph":[{"@type":"WebPage","@id":"https:\/\/ucm.one\/de\/produkt\/marianas-rest-the-bereaved-zipped-hoodie\/","url":"https:\/\/ucm.one\/de\/produkt\/marianas-rest-the-bereaved-zipped-hoodie\/","name":"Marianas Rest \u2013 The Bereaved (Zipped Hoodie)","isPartOf":{"@id":"https:\/\/ucm.one\/de\/#website"},"primaryImageOfPage":{"@id":"https:\/\/ucm.one\/de\/produkt\/marianas-rest-the-bereaved-zipped-hoodie\/#primaryimage"},"image":{"@id":"https:\/\/ucm.one\/de\/produkt\/marianas-rest-the-bereaved-zipped-hoodie\/#primaryimage"},"thumbnailUrl":"https:\/\/ucm.one\/wp-content\/uploads\/2025\/10\/Hg-Marianas-Rest-The-Bereaved-F.jpg","datePublished":"2025-10-22T20:00:49+00:00","dateModified":"2026-02-04T11:25:00+00:00","description":"Shop | Marianas Rest \u2013 The Bereaved (Zipped Hoodie) | 2025 | Noble Demon","breadcrumb":{"@id":"https:\/\/ucm.one\/de\/produkt\/marianas-rest-the-bereaved-zipped-hoodie\/#breadcrumb"},"inLanguage":"de","potentialAction":[{"@type":"ReadAction","target":["https:\/\/ucm.one\/de\/produkt\/marianas-rest-the-bereaved-zipped-hoodie\/"]}]},{"@type":"ImageObject","inLanguage":"de","@id":"https:\/\/ucm.one\/de\/produkt\/marianas-rest-the-bereaved-zipped-hoodie\/#primaryimage","url":"https:\/\/ucm.one\/wp-content\/uploads\/2025\/10\/Hg-Marianas-Rest-The-Bereaved-F.jpg","contentUrl":"https:\/\/ucm.one\/wp-content\/uploads\/2025\/10\/Hg-Marianas-Rest-The-Bereaved-F.jpg","width":1080,"height":1080},{"@type":"BreadcrumbList","@id":"https:\/\/ucm.one\/de\/produkt\/marianas-rest-the-bereaved-zipped-hoodie\/#breadcrumb","itemListElement":[{"@type":"ListItem","position":1,"name":"Home","item":"https:\/\/ucm.one\/de\/"},{"@type":"ListItem","position":2,"name":"Shop","item":"https:\/\/ucm.one\/de\/shop\/"},{"@type":"ListItem","position":3,"name":"Marianas Rest \u2013 The Bereaved (Zipped Hoodie)"}]},{"@type":"WebSite","@id":"https:\/\/ucm.one\/de\/#website","url":"https:\/\/ucm.one\/de\/","name":"UCM.ONE","description":"","publisher":{"@id":"https:\/\/ucm.one\/de\/#organization"},"potentialAction":[{"@type":"SearchAction","target":{"@type":"EntryPoint","urlTemplate":"https:\/\/ucm.one\/de\/?s={search_term_string}"},"query-input":{"@type":"PropertyValueSpecification","valueRequired":true,"valueName":"search_term_string"}}],"inLanguage":"de"},{"@type":"Organization","@id":"https:\/\/ucm.one\/de\/#organization","name":"UCM.ONE","url":"https:\/\/ucm.one\/de\/","logo":{"@type":"ImageObject","inLanguage":"de","@id":"https:\/\/ucm.one\/de\/#\/schema\/logo\/image\/","url":"https:\/\/ucm.one\/wp-content\/uploads\/2019\/10\/UCM.ONE-Logo-RGB.svg","contentUrl":"https:\/\/ucm.one\/wp-content\/uploads\/2019\/10\/UCM.ONE-Logo-RGB.svg","width":1,"height":1,"caption":"UCM.ONE"},"image":{"@id":"https:\/\/ucm.one\/de\/#\/schema\/logo\/image\/"}}]}},"_links":{"self":[{"href":"https:\/\/ucm.one\/de\/wp-json\/wp\/v2\/product\/411127","targetHints":{"allow":["GET"]}}],"collection":[{"href":"https:\/\/ucm.one\/de\/wp-json\/wp\/v2\/product"}],"about":[{"href":"https:\/\/ucm.one\/de\/wp-json\/wp\/v2\/types\/product"}],"replies":[{"embeddable":true,"href":"https:\/\/ucm.one\/de\/wp-json\/wp\/v2\/comments?post=411127"}],"wp:featuredmedia":[{"embeddable":true,"href":"https:\/\/ucm.one\/de\/wp-json\/wp\/v2\/media\/411255"}],"wp:attachment":[{"href":"https:\/\/ucm.one\/de\/wp-json\/wp\/v2\/media?parent=411127"}],"wp:term":[{"taxonomy":"product_brand","embeddable":true,"href":"https:\/\/ucm.one\/de\/wp-json\/wp\/v2\/product_brand?post=411127"},{"taxonomy":"product_cat","embeddable":true,"href":"https:\/\/ucm.one\/de\/wp-json\/wp\/v2\/product_cat?post=411127"},{"taxonomy":"product_tag","embeddable":true,"href":"https:\/\/ucm.one\/de\/wp-json\/wp\/v2\/product_tag?post=411127"}],"curies":[{"name":"wp","href":"https:\/\/api.w.org\/{rel}","templated":true}]}}