{"id":410760,"date":"2025-10-16T03:32:06","date_gmt":"2025-10-16T03:32:06","guid":{"rendered":"https:\/\/ucm.one\/?post_type=product&#038;p=410760"},"modified":"2025-11-01T14:40:19","modified_gmt":"2025-11-01T14:40:19","slug":"polly-blue-eyes","status":"publish","type":"product","link":"https:\/\/ucm.one\/de\/produkt\/polly-blue-eyes\/","title":{"rendered":"Polly Blue Eyes"},"content":{"rendered":"<div class=\"wpb_text_column wpb_content_element \">\n<div class=\"wpb_wrapper\">\n<div class=\"\">\n<div class=\"wpb_text_column wpb_content_element \">\n<div class=\"wpb_wrapper\">\n<p><span style=\"font-weight: 400;\">Polly (<strong>Susanne Bormann<\/strong>) kommt frisch aus dem Jugendknast und nimmt sich fest vor, sauber zu bleiben. Sie findet auch sofort einen Job und verliebt sich in Stefan (<strong>Sebastian Str\u00f6bel<\/strong>), einen Polizisten. <\/span><span style=\"font-weight: 400;\">Doch dann schie\u00dft ihre verkorkste Familie quer. Ronny (<\/span><b>Matthias Schweigh\u00f6fer<\/b><span style=\"font-weight: 400;\">), der neue Freund ihrer Schwester (<strong>Maxi Warwel<\/strong>), schl\u00e4gt Pollys Eltern (<strong>Urich Noethen<\/strong> und <\/span><b>Meret Becker<\/b><span style=\"font-weight: 400;\">) ein angeblich todsicheres Gesch\u00e4ft vor, im <\/span><span style=\"font-weight: 400;\">Aluminium-Fertighaus-Business. Nur das n\u00f6tige Startkapital fehlt. Aber auch daf\u00fcr hat Ronny einen Plan: Ein kleiner \u00dcberfall, ganz ohne Risiko, soll das n\u00f6tige Kleingeld bringen.<\/span><\/p>\n<p><span style=\"font-weight: 400;\">Die ganze Familie soll mithelfen, nat\u00fcrlich auch Polly. Nun muss sie ihre Familie vor der Polizei bewahren und gleichzeitig ihre Liebe zu Stefan retten. Und irgendwo zwischendrin muss sie auch noch ihren eigenen Weg durchs Leben finden.<\/span><\/p>\n<\/div>\n<\/div>\n<\/div>\n<\/div>\n<\/div>\n<div><div class=\"gap\" style=\"line-height: 20px; height: 20px;\"><\/div><\/div>\n<h5>Weitere Informationen<\/h5>\n<div>\n<div>\n<table style=\"height: 23px; width: 100%; border-collapse: collapse; border-color: #ffffff; background-color: #ffffff; border-style: hidden;\">\n<tbody>\n<tr>\n<td style=\"width: 4.701195%; border-style: hidden;\">Film:<\/td>\n<td style=\"width: 95.298805%; border-style: hidden;\"><a href=\"https:\/\/ucm.one\/de\/polly-blue-eyes-von-tomy-wigand-mit-matthias-schweighoefer-meret-becker-auf-blu-ray-und-dvd-erhaeltlich\/\">Polly Blue Eyes<\/a><\/td>\n<\/tr>\n<tr style=\"height: 23px;\">\n<td style=\"width: 4.701195%; height: 23px; border-style: hidden;\">Label:<\/td>\n<td style=\"width: 95.298805%; height: 23px; border-style: hidden;\"><a title=\"M-Square Classics\" href=\"https:\/\/ucm.one\/de\/film-labels\/m-square-pictures\">M-Square Pictures<\/a><\/td>\n<\/tr>\n<\/tbody>\n<\/table>\n<\/div>\n<div><\/div>\n<\/div>\n<div>\n<div><div class=\"gap\" style=\"line-height: 10px; height: 10px;\"><\/div><\/div>\n<div>\u2117 2005 <strong>equinox Film GmbH &amp; Co.<\/strong><span style=\"font-weight: 400;\"><b>,<\/b><\/span> \u00a9 2025 <strong>M-Square Pictures<\/strong> \/ <span style=\"font-family: 'arial black', sans-serif;\"><strong>UCM.ONE<\/strong><\/span><\/div>\n<div><div class=\"gap\" style=\"line-height: 20px; height: 20px;\"><\/div><\/div>\n<div>\n<div><\/div>\n<div>\n<div><div class=\"gap\" style=\"line-height: 10px; height: 10px;\"><\/div><\/div>\n<div><span style=\"color: #003a80;\"><strong>\u27a0 <a style=\"color: #003a80;\" href=\"https:\/\/ucm.one\/de\/produkt-kategorie\/art-de\/filme-de\/\">zum Shop<\/a><\/strong><\/span><\/div>\n<div><div class=\"gap\" style=\"line-height: 20px; height: 20px;\"><\/div><\/div>\n<\/div>\n<\/div>\n<\/div>\n","protected":false},"excerpt":{"rendered":"<p>Regie: <a title=\"\" href=\"https:\/\/ucm.one\/de\/?s=%22Tomy+Wiegand%22&amp;post_type=product\"><strong>Tomy Wigand<\/strong><\/a><\/p>\n<p>Label: <a href=\"https:\/\/ucm.one\/de\/produkt-kategorie\/label-film-de\/m-square-pictures-de\/\"><strong>M-Square Pictures<\/strong><\/a><\/p>\n<p>Art:\u00a0<strong><a href=\"https:\/\/ucm.one\/de\/produkt-kategorie\/art-de\/filme-de\/\">Film<\/a> (Spielfilm)<\/strong><\/p>\n<p>Genres: <b><a href=\"https:\/\/ucm.one\/de\/produkt-kategorie\/genre-film-de\/komoedie-de\/\">Kom\u00f6die<\/a>, <a title=\"\" href=\"https:\/\/ucm.one\/de\/produkt-kategorie\/genre-film-de\/liebe-beziehung\/\">Liebesfilm<\/a><\/b><\/p>\n<p>Jahr: 2025<\/p>\n<p>FSK: <strong>12<\/strong><\/p>\n<p>Formate: <strong>Diverse<\/strong><\/p>\n","protected":false},"featured_media":410771,"comment_status":"open","ping_status":"closed","template":"","meta":{"_acf_changed":false},"product_brand":[],"product_cat":[10356,10358,10361,9708,10323,10331,10332,10334],"product_tag":[19178,13268,19108,10325,19109,19110,19111,19177],"class_list":{"0":"post-410760","1":"product","2":"type-product","3":"status-publish","4":"has-post-thumbnail","6":"product_cat-komoedie-de","7":"product_cat-action-de","8":"product_cat-liebe-beziehung","9":"product_cat-filme-de","10":"product_cat-m-square-pictures-de","11":"product_cat-dvd-de","12":"product_cat-blu-ray-de","13":"product_cat-drama-de","14":"product_tag-sebastian-stroebel","15":"product_tag-meret-becker","16":"product_tag-polly-blue-eyes","17":"product_tag-m-square-pictures","18":"product_tag-tomy-wigand","19":"product_tag-matthias-schweighoefer","20":"product_tag-susanne-bormann","21":"product_tag-urich-noethen","22":"product_shipping_class-dvd-2","23":"pa_format-blu-ray-de","24":"pa_format-dvd","25":"description-off","27":"first","28":"instock","29":"taxable","30":"shipping-taxable","31":"purchasable","32":"product-type-variable"},"acf":[],"yoast_head":"<!-- This site is optimized with the Yoast SEO plugin v27.5 - https:\/\/yoast.com\/product\/yoast-seo-wordpress\/ -->\n<title>Polly Blue Eyes<\/title>\n<meta name=\"description\" content=\"Shop | Polly Blue Eyes | 2025 | M-Square Pictures | Blu-ray, DVD | FSK 12\" \/>\n<meta name=\"robots\" content=\"index, follow, max-snippet:-1, max-image-preview:large, max-video-preview:-1\" \/>\n<link rel=\"canonical\" href=\"https:\/\/ucm.one\/de\/produkt\/polly-blue-eyes\/\" \/>\n<meta property=\"og:locale\" content=\"de_DE\" \/>\n<meta property=\"og:type\" content=\"article\" \/>\n<meta property=\"og:title\" content=\"Polly Blue Eye\" \/>\n<meta property=\"og:description\" content=\"Shop | Polly Blue Eyes | 2025 | M-Square Pictures | Blu-Ray, DVD | FSK 12\" \/>\n<meta property=\"og:url\" content=\"https:\/\/ucm.one\/de\/produkt\/polly-blue-eyes\/\" \/>\n<meta property=\"og:site_name\" content=\"UCM.ONE\" \/>\n<meta property=\"article:modified_time\" content=\"2025-11-01T14:40:19+00:00\" \/>\n<meta property=\"og:image\" content=\"https:\/\/ucm.one\/wp-content\/uploads\/2025\/10\/DVD_2D_1.jpg\" \/>\n\t<meta property=\"og:image:width\" content=\"1565\" \/>\n\t<meta property=\"og:image:height\" content=\"2232\" \/>\n\t<meta property=\"og:image:type\" content=\"image\/jpeg\" \/>\n<meta name=\"twitter:card\" content=\"summary_large_image\" \/>\n<meta name=\"twitter:title\" content=\"Polly Blue Eye\" \/>\n<meta name=\"twitter:description\" content=\"Shop | Polly Blue Eyes | 2025 | M-Square Pictures | Blu-Ray, DVD | FSK 12\" \/>\n<meta name=\"twitter:image\" content=\"https:\/\/ucm.one\/wp-content\/uploads\/2025\/10\/BD_2D_Mockup_1.jpg\" \/>\n<meta name=\"twitter:label1\" content=\"Gesch\u00e4tzte Lesezeit\" \/>\n\t<meta name=\"twitter:data1\" content=\"2\u00a0Minuten\" \/>\n<!-- \/ Yoast SEO plugin. -->","yoast_head_json":{"title":"Polly Blue Eyes","description":"Shop | Polly Blue Eyes | 2025 | M-Square Pictures | Blu-ray, DVD | FSK 12","robots":{"index":"index","follow":"follow","max-snippet":"max-snippet:-1","max-image-preview":"max-image-preview:large","max-video-preview":"max-video-preview:-1"},"canonical":"https:\/\/ucm.one\/de\/produkt\/polly-blue-eyes\/","og_locale":"de_DE","og_type":"article","og_title":"Polly Blue Eye","og_description":"Shop | Polly Blue Eyes | 2025 | M-Square Pictures | Blu-Ray, DVD | FSK 12","og_url":"https:\/\/ucm.one\/de\/produkt\/polly-blue-eyes\/","og_site_name":"UCM.ONE","article_modified_time":"2025-11-01T14:40:19+00:00","og_image":[{"width":1565,"height":2232,"url":"https:\/\/ucm.one\/wp-content\/uploads\/2025\/10\/DVD_2D_1.jpg","type":"image\/jpeg"}],"twitter_card":"summary_large_image","twitter_title":"Polly Blue Eye","twitter_description":"Shop | Polly Blue Eyes | 2025 | M-Square Pictures | Blu-Ray, DVD | FSK 12","twitter_image":"https:\/\/ucm.one\/wp-content\/uploads\/2025\/10\/BD_2D_Mockup_1.jpg","twitter_misc":{"Gesch\u00e4tzte Lesezeit":"2\u00a0Minuten"},"schema":{"@context":"https:\/\/schema.org","@graph":[{"@type":"WebPage","@id":"https:\/\/ucm.one\/de\/produkt\/polly-blue-eyes\/","url":"https:\/\/ucm.one\/de\/produkt\/polly-blue-eyes\/","name":"Polly Blue Eyes","isPartOf":{"@id":"https:\/\/ucm.one\/de\/#website"},"primaryImageOfPage":{"@id":"https:\/\/ucm.one\/de\/produkt\/polly-blue-eyes\/#primaryimage"},"image":{"@id":"https:\/\/ucm.one\/de\/produkt\/polly-blue-eyes\/#primaryimage"},"thumbnailUrl":"https:\/\/ucm.one\/wp-content\/uploads\/2025\/10\/DVD_2D_1.jpg","datePublished":"2025-10-16T03:32:06+00:00","dateModified":"2025-11-01T14:40:19+00:00","description":"Shop | Polly Blue Eyes | 2025 | M-Square Pictures | Blu-ray, DVD | FSK 12","breadcrumb":{"@id":"https:\/\/ucm.one\/de\/produkt\/polly-blue-eyes\/#breadcrumb"},"inLanguage":"de","potentialAction":[{"@type":"ReadAction","target":["https:\/\/ucm.one\/de\/produkt\/polly-blue-eyes\/"]}]},{"@type":"ImageObject","inLanguage":"de","@id":"https:\/\/ucm.one\/de\/produkt\/polly-blue-eyes\/#primaryimage","url":"https:\/\/ucm.one\/wp-content\/uploads\/2025\/10\/DVD_2D_1.jpg","contentUrl":"https:\/\/ucm.one\/wp-content\/uploads\/2025\/10\/DVD_2D_1.jpg","width":1565,"height":2232},{"@type":"BreadcrumbList","@id":"https:\/\/ucm.one\/de\/produkt\/polly-blue-eyes\/#breadcrumb","itemListElement":[{"@type":"ListItem","position":1,"name":"Home","item":"https:\/\/ucm.one\/de\/"},{"@type":"ListItem","position":2,"name":"Shop","item":"https:\/\/ucm.one\/de\/shop\/"},{"@type":"ListItem","position":3,"name":"Polly Blue Eyes"}]},{"@type":"WebSite","@id":"https:\/\/ucm.one\/de\/#website","url":"https:\/\/ucm.one\/de\/","name":"UCM.ONE","description":"","publisher":{"@id":"https:\/\/ucm.one\/de\/#organization"},"potentialAction":[{"@type":"SearchAction","target":{"@type":"EntryPoint","urlTemplate":"https:\/\/ucm.one\/de\/?s={search_term_string}"},"query-input":{"@type":"PropertyValueSpecification","valueRequired":true,"valueName":"search_term_string"}}],"inLanguage":"de"},{"@type":"Organization","@id":"https:\/\/ucm.one\/de\/#organization","name":"UCM.ONE","url":"https:\/\/ucm.one\/de\/","logo":{"@type":"ImageObject","inLanguage":"de","@id":"https:\/\/ucm.one\/de\/#\/schema\/logo\/image\/","url":"https:\/\/ucm.one\/wp-content\/uploads\/2019\/10\/UCM.ONE-Logo-RGB.svg","contentUrl":"https:\/\/ucm.one\/wp-content\/uploads\/2019\/10\/UCM.ONE-Logo-RGB.svg","width":1,"height":1,"caption":"UCM.ONE"},"image":{"@id":"https:\/\/ucm.one\/de\/#\/schema\/logo\/image\/"}}]}},"_links":{"self":[{"href":"https:\/\/ucm.one\/de\/wp-json\/wp\/v2\/product\/410760","targetHints":{"allow":["GET"]}}],"collection":[{"href":"https:\/\/ucm.one\/de\/wp-json\/wp\/v2\/product"}],"about":[{"href":"https:\/\/ucm.one\/de\/wp-json\/wp\/v2\/types\/product"}],"replies":[{"embeddable":true,"href":"https:\/\/ucm.one\/de\/wp-json\/wp\/v2\/comments?post=410760"}],"wp:featuredmedia":[{"embeddable":true,"href":"https:\/\/ucm.one\/de\/wp-json\/wp\/v2\/media\/410771"}],"wp:attachment":[{"href":"https:\/\/ucm.one\/de\/wp-json\/wp\/v2\/media?parent=410760"}],"wp:term":[{"taxonomy":"product_brand","embeddable":true,"href":"https:\/\/ucm.one\/de\/wp-json\/wp\/v2\/product_brand?post=410760"},{"taxonomy":"product_cat","embeddable":true,"href":"https:\/\/ucm.one\/de\/wp-json\/wp\/v2\/product_cat?post=410760"},{"taxonomy":"product_tag","embeddable":true,"href":"https:\/\/ucm.one\/de\/wp-json\/wp\/v2\/product_tag?post=410760"}],"curies":[{"name":"wp","href":"https:\/\/api.w.org\/{rel}","templated":true}]}}