{"id":410759,"date":"2025-10-17T12:37:20","date_gmt":"2025-10-17T12:37:20","guid":{"rendered":"https:\/\/ucm.one\/?post_type=product&#038;p=410759"},"modified":"2026-01-16T19:03:49","modified_gmt":"2026-01-16T19:03:49","slug":"kaunis-kuolematon-kun-valo-minussa-kuoli","status":"publish","type":"product","link":"https:\/\/ucm.one\/de\/produkt\/kaunis-kuolematon-kun-valo-minussa-kuoli\/","title":{"rendered":"Kaunis Kuolematon &#8211; Kun Valo Minussa Kuoli"},"content":{"rendered":"<div class=\"wpb-content-wrapper\"><div class=\"vc_row wpb_row vc_row-fluid\">\n<div class=\"wpb_column vc_column_container vc_col-sm-12\">\n<div class=\"vc_column-inner\">\n<div class=\"wpb_wrapper\">\n<div class=\"wpb_text_column wpb_content_element \">\n<div class=\"wpb_wrapper\">\n<p align=\"LEFT\">Seit ihrer Gr\u00fcndung im Jahr 2012 <strong>Kaunis Kuolenaton<\/strong> kontinuierlich eine einzigartige Klanglandschaft geschaffen, die weit \u00fcber Genregrenzen hinaus Resonanz findet. Mit ihrer Mischung aus erdr\u00fcckender H\u00e4rte und emotionaler Tiefe hat sich die Band zu einer kraftvollen Stimme in der finnischen Metalszene entwickelt \u2013 und mit diesem neuen Album verfeinern sie ihre unverwechselbare Mischung aus Melancholie und Intensit\u00e4t weiter. Die aus Hamina stammende Band hat ihre urspr\u00fcngliche Besetzung von Anfang an beibehalten \u2013 eine Seltenheit in der heutigen Musikwelt. Ihre vorherigen Alben \u201e<strong>Kylm\u00e4 kaunis maailma<\/strong>\u201c (2014), \u201e<strong>Vapaus<\/strong>\u201c (2017), \u201e<strong>Syttyk\u00f6\u00f6n toinen aurinko<\/strong>\u201c (2020) und \u201e<strong>Mielenvalta<\/strong>\u201c (2023) spiegeln jeweils einen Moment der Zeit wider \u2013 weiterentwickelt, aber stets in ihrer Vision konsistent. Obwohl sie oft mit Doom und Death Metal in Verbindung gebracht werden, geht die Identit\u00e4t von <strong>Kaunis Kuolenaton<\/strong> \u00fcber Genre-Schubladen hinaus. Ihre Einstellung bleibt grunds\u00e4tzlich positiv und zukunftsorientiert.<\/p>\n<p align=\"LEFT\">Der Erfolg von \u201e<strong>Mielenvalta<\/strong>\u201c (2023, <strong>Noble Demon<\/strong>) \u2013 das Platz 6 der offiziellen finnischen Albumcharts erreichte \u2013 sowie ausverkaufte Clubshows und starke Festivalauftritte zeigen, wie sehr die Beharrlichkeit und Aufrichtigkeit der Band bei den Fans Anklang gefunden haben. Jetzt, mit \u201e<strong>Kun Valo Minussa Kuoli<\/strong>\u201c am Horizont, bereitet sich <strong>Kaunis Kuolenaton<\/strong> darauf vor, die Zuh\u00f6rer erneut in eine Welt eintauchen zu lassen, in der Melancholie herrscht \u2013 und jede Note eine Geschichte von Sch\u00f6nheit in der Dunkelheit erz\u00e4hlt.<\/p>\n<div><div class=\"gap\" style=\"line-height: 20px; height: 20px;\"><\/div><\/div>\n<h5>Weitere Informationen<\/h5>\n<div>\n<div>\n<table style=\"height: 46px; width: 100%; border-collapse: collapse; border-color: #ffffff; background-color: #ffffff; border-style: hidden;\">\n<tbody>\n<tr style=\"height: 23px; border-style: hidden; border-color: #ffffff; background-color: #ffffff;\">\n<td style=\"width: 4.701195219123506%; height: 23px; border-style: hidden;\">Band:<\/td>\n<td style=\"width: 95.29880478087651%; height: 23px; border-style: hidden;\"><a title=\"Kaunis Kuolematon | Noble Demon\" href=\"https:\/\/ucm.one\/de\/kaunis-kuolematon\/\">Kaunis Kuolematon<\/a><\/td>\n<\/tr>\n<tr style=\"height: 23px;\">\n<td style=\"width: 4.701195219123506%; height: 23px; border-style: hidden;\">Label:<\/td>\n<td style=\"width: 95.29880478087651%; height: 23px; border-style: hidden;\"><a title=\"Noble Demon\" href=\"https:\/\/ucm.one\/de\/musik-labels\/noble-demon\/\">Noble Demon<\/a><\/td>\n<\/tr>\n<\/tbody>\n<\/table>\n<\/div>\n<div><\/div>\n<div><div class=\"gap\" style=\"line-height: 10px; height: 10px;\"><\/div><\/div>\n<div>\u2117 &amp; \u00a9 2025 <strong>Noble Demon<\/strong> \/ <span style=\"font-family: 'arial black', sans-serif;\"><strong>UCM.ONE<\/strong><\/span><\/div>\n<div><div class=\"gap\" style=\"line-height: 20px; height: 20px;\"><\/div><\/div>\n<div>\n<div><\/div>\n<div><div class=\"gap\" style=\"line-height: 10px; height: 10px;\"><\/div><\/div>\n<div><span style=\"color: #003a80;\"><strong>\u27a0 <a style=\"color: #003a80;\" title=\"\" href=\"https:\/\/ucm.one\/de\/produkt-kategorie\/art-de\/musik-de\/\">zum Shop<\/a><\/strong><\/span><\/div>\n<div><div class=\"gap\" style=\"line-height: 20px; height: 20px;\"><\/div><\/div>\n<\/div>\n<\/div>\n<\/div>\n<\/div>\n<\/div>\n<\/div>\n<\/div>\n<\/div>\n<\/div>","protected":false},"excerpt":{"rendered":"<p>Band: <a href=\"https:\/\/ucm.one\/de\/?s=%22Kaunis+Kuolematon%22&amp;post_type=product\"><strong>Kaunis Kuolematon<\/strong><\/a><\/p>\n<p>Label: <a href=\"https:\/\/ucm.one\/de\/produkt-kategorie\/label-musik-de\/noble-demon-de\/\"><strong>Noble Demon<\/strong><\/a><\/p>\n<p>Art: <strong><a href=\"https:\/\/ucm.one\/de\/produkt-kategorie\/art-de\/musik-de\/\">Musik<\/a> (Album)<\/strong><\/p>\n<p>Genres: <strong><a title=\"\" href=\"https:\/\/ucm.one\/de\/produkt-kategorie\/genre-musik-de\/metal-de\/melodic-metal-de\/\">Melodic Metal<\/a><\/strong><strong>, <a title=\"\" href=\"https:\/\/ucm.one\/de\/produkt-kategorie\/genre-musik-de\/metal-de\/doom-metal-de\/\">Doom Metal<\/a><\/strong><\/p>\n<p>Jahr: <strong>2025<\/strong><\/p>\n<p>Formate: <strong>Diverse<\/strong><\/p>\n","protected":false},"featured_media":410765,"comment_status":"open","ping_status":"closed","template":"","meta":{"_acf_changed":false},"product_brand":[],"product_cat":[9813,9753,9756,9823,9781,9713,9809,9714],"product_tag":[9821,9760,9854,9763,9864,9764,9787,16481,19107,9806],"class_list":{"0":"post-410759","1":"product","2":"type-product","3":"status-publish","4":"has-post-thumbnail","6":"product_cat-cd-de","7":"product_cat-metal-de","8":"product_cat-noble-demon-de","9":"product_cat-doom-metal-de","10":"product_cat-death-metal-de","11":"product_cat-musik-de","12":"product_cat-black-metal-de","13":"product_cat-vinyl-de","14":"product_tag-doom-metal","15":"product_tag-cd","16":"product_tag-melodic-metal","17":"product_tag-noble-demon","18":"product_tag-kaunis-kuolematon","19":"product_tag-metal","20":"product_tag-death-metal","21":"product_tag-marbled-vinyl","22":"product_tag-kun-valo-minussa-kuoli","23":"product_tag-vinyl","24":"pa_format-2xlp-gold-marbled-vinyl","25":"pa_format-cd-digipak","26":"description-off","28":"first","29":"instock","30":"taxable","31":"shipping-taxable","32":"purchasable","33":"product-type-variable"},"acf":[],"yoast_head":"<!-- This site is optimized with the Yoast SEO plugin v27.5 - https:\/\/yoast.com\/product\/yoast-seo-wordpress\/ -->\n<title>Kaunis Kuolematon - Kun Valo Minussa Kuoli<\/title>\n<meta name=\"description\" content=\"Shop | Kaunis Kuolematon - Kun Valo Minussa Kuoli | 2025 | Noble Demon | CD (Digipak), 2x LP (Gold\/Black Marbled Vinyl)\" \/>\n<meta name=\"robots\" content=\"index, follow, max-snippet:-1, max-image-preview:large, max-video-preview:-1\" \/>\n<link rel=\"canonical\" href=\"https:\/\/ucm.one\/de\/produkt\/kaunis-kuolematon-kun-valo-minussa-kuoli\/\" \/>\n<meta property=\"og:locale\" content=\"de_DE\" \/>\n<meta property=\"og:type\" content=\"article\" \/>\n<meta property=\"og:title\" content=\"Kaunis Kuolematon - Kun Valo Minussa Kuoli\" \/>\n<meta property=\"og:description\" content=\"Shop | Kaunis Kuolematon - Kun Valo Minussa Kuoli | 2025 | Noble Demon | CD (Digipak), 2x LP (Gold\/Black Marbled Vinyl)\" \/>\n<meta property=\"og:url\" content=\"https:\/\/ucm.one\/de\/produkt\/kaunis-kuolematon-kun-valo-minussa-kuoli\/\" \/>\n<meta property=\"og:site_name\" content=\"UCM.ONE\" \/>\n<meta property=\"article:modified_time\" content=\"2026-01-16T19:03:49+00:00\" \/>\n<meta property=\"og:image\" content=\"https:\/\/ucm.one\/wp-content\/uploads\/2025\/10\/C-Kaunis-Kuolematon-Kun-Valo-Minussa-Kuoli.jpg\" \/>\n\t<meta property=\"og:image:width\" content=\"1000\" \/>\n\t<meta property=\"og:image:height\" content=\"1000\" \/>\n\t<meta property=\"og:image:type\" content=\"image\/jpeg\" \/>\n<meta name=\"twitter:card\" content=\"summary_large_image\" \/>\n<meta name=\"twitter:title\" content=\"KaKaunis Kuolematon - Kun Valo Minussa Kuoli\" \/>\n<meta name=\"twitter:description\" content=\"Shop | Kaunis Kuolematon - Kun Valo Minussa Kuoli | 2025 | Noble Demon | CD (Digipak), 2x LP (Gold\/Black Marbled Vinyl)\" \/>\n<meta name=\"twitter:image\" content=\"https:\/\/ucm.one\/wp-content\/uploads\/2025\/10\/C-Kaunis-Kuolematon-Kun-Valo-Minussa-Kuoli.jpg\" \/>\n<meta name=\"twitter:label1\" content=\"Gesch\u00e4tzte Lesezeit\" \/>\n\t<meta name=\"twitter:data1\" content=\"2\u00a0Minuten\" \/>\n<!-- \/ Yoast SEO plugin. -->","yoast_head_json":{"title":"Kaunis Kuolematon - Kun Valo Minussa Kuoli","description":"Shop | Kaunis Kuolematon - Kun Valo Minussa Kuoli | 2025 | Noble Demon | CD (Digipak), 2x LP (Gold\/Black Marbled Vinyl)","robots":{"index":"index","follow":"follow","max-snippet":"max-snippet:-1","max-image-preview":"max-image-preview:large","max-video-preview":"max-video-preview:-1"},"canonical":"https:\/\/ucm.one\/de\/produkt\/kaunis-kuolematon-kun-valo-minussa-kuoli\/","og_locale":"de_DE","og_type":"article","og_title":"Kaunis Kuolematon - Kun Valo Minussa Kuoli","og_description":"Shop | Kaunis Kuolematon - Kun Valo Minussa Kuoli | 2025 | Noble Demon | CD (Digipak), 2x LP (Gold\/Black Marbled Vinyl)","og_url":"https:\/\/ucm.one\/de\/produkt\/kaunis-kuolematon-kun-valo-minussa-kuoli\/","og_site_name":"UCM.ONE","article_modified_time":"2026-01-16T19:03:49+00:00","og_image":[{"width":1000,"height":1000,"url":"https:\/\/ucm.one\/wp-content\/uploads\/2025\/10\/C-Kaunis-Kuolematon-Kun-Valo-Minussa-Kuoli.jpg","type":"image\/jpeg"}],"twitter_card":"summary_large_image","twitter_title":"KaKaunis Kuolematon - Kun Valo Minussa Kuoli","twitter_description":"Shop | Kaunis Kuolematon - Kun Valo Minussa Kuoli | 2025 | Noble Demon | CD (Digipak), 2x LP (Gold\/Black Marbled Vinyl)","twitter_image":"https:\/\/ucm.one\/wp-content\/uploads\/2025\/10\/C-Kaunis-Kuolematon-Kun-Valo-Minussa-Kuoli.jpg","twitter_misc":{"Gesch\u00e4tzte Lesezeit":"2\u00a0Minuten"},"schema":{"@context":"https:\/\/schema.org","@graph":[{"@type":"WebPage","@id":"https:\/\/ucm.one\/de\/produkt\/kaunis-kuolematon-kun-valo-minussa-kuoli\/","url":"https:\/\/ucm.one\/de\/produkt\/kaunis-kuolematon-kun-valo-minussa-kuoli\/","name":"Kaunis Kuolematon - Kun Valo Minussa Kuoli","isPartOf":{"@id":"https:\/\/ucm.one\/de\/#website"},"primaryImageOfPage":{"@id":"https:\/\/ucm.one\/de\/produkt\/kaunis-kuolematon-kun-valo-minussa-kuoli\/#primaryimage"},"image":{"@id":"https:\/\/ucm.one\/de\/produkt\/kaunis-kuolematon-kun-valo-minussa-kuoli\/#primaryimage"},"thumbnailUrl":"https:\/\/ucm.one\/wp-content\/uploads\/2025\/10\/C-Kaunis-Kuolematon-Kun-Valo-Minussa-Kuoli.jpg","datePublished":"2025-10-17T12:37:20+00:00","dateModified":"2026-01-16T19:03:49+00:00","description":"Shop | Kaunis Kuolematon - Kun Valo Minussa Kuoli | 2025 | Noble Demon | CD (Digipak), 2x LP (Gold\/Black Marbled Vinyl)","breadcrumb":{"@id":"https:\/\/ucm.one\/de\/produkt\/kaunis-kuolematon-kun-valo-minussa-kuoli\/#breadcrumb"},"inLanguage":"de","potentialAction":[{"@type":"ReadAction","target":["https:\/\/ucm.one\/de\/produkt\/kaunis-kuolematon-kun-valo-minussa-kuoli\/"]}]},{"@type":"ImageObject","inLanguage":"de","@id":"https:\/\/ucm.one\/de\/produkt\/kaunis-kuolematon-kun-valo-minussa-kuoli\/#primaryimage","url":"https:\/\/ucm.one\/wp-content\/uploads\/2025\/10\/C-Kaunis-Kuolematon-Kun-Valo-Minussa-Kuoli.jpg","contentUrl":"https:\/\/ucm.one\/wp-content\/uploads\/2025\/10\/C-Kaunis-Kuolematon-Kun-Valo-Minussa-Kuoli.jpg","width":1000,"height":1000},{"@type":"BreadcrumbList","@id":"https:\/\/ucm.one\/de\/produkt\/kaunis-kuolematon-kun-valo-minussa-kuoli\/#breadcrumb","itemListElement":[{"@type":"ListItem","position":1,"name":"Home","item":"https:\/\/ucm.one\/de\/"},{"@type":"ListItem","position":2,"name":"Shop","item":"https:\/\/ucm.one\/de\/shop\/"},{"@type":"ListItem","position":3,"name":"Kaunis Kuolematon &#8211; Kun Valo Minussa Kuoli"}]},{"@type":"WebSite","@id":"https:\/\/ucm.one\/de\/#website","url":"https:\/\/ucm.one\/de\/","name":"UCM.ONE","description":"","publisher":{"@id":"https:\/\/ucm.one\/de\/#organization"},"potentialAction":[{"@type":"SearchAction","target":{"@type":"EntryPoint","urlTemplate":"https:\/\/ucm.one\/de\/?s={search_term_string}"},"query-input":{"@type":"PropertyValueSpecification","valueRequired":true,"valueName":"search_term_string"}}],"inLanguage":"de"},{"@type":"Organization","@id":"https:\/\/ucm.one\/de\/#organization","name":"UCM.ONE","url":"https:\/\/ucm.one\/de\/","logo":{"@type":"ImageObject","inLanguage":"de","@id":"https:\/\/ucm.one\/de\/#\/schema\/logo\/image\/","url":"https:\/\/ucm.one\/wp-content\/uploads\/2019\/10\/UCM.ONE-Logo-RGB.svg","contentUrl":"https:\/\/ucm.one\/wp-content\/uploads\/2019\/10\/UCM.ONE-Logo-RGB.svg","width":1,"height":1,"caption":"UCM.ONE"},"image":{"@id":"https:\/\/ucm.one\/de\/#\/schema\/logo\/image\/"}}]}},"_links":{"self":[{"href":"https:\/\/ucm.one\/de\/wp-json\/wp\/v2\/product\/410759","targetHints":{"allow":["GET"]}}],"collection":[{"href":"https:\/\/ucm.one\/de\/wp-json\/wp\/v2\/product"}],"about":[{"href":"https:\/\/ucm.one\/de\/wp-json\/wp\/v2\/types\/product"}],"replies":[{"embeddable":true,"href":"https:\/\/ucm.one\/de\/wp-json\/wp\/v2\/comments?post=410759"}],"wp:featuredmedia":[{"embeddable":true,"href":"https:\/\/ucm.one\/de\/wp-json\/wp\/v2\/media\/410765"}],"wp:attachment":[{"href":"https:\/\/ucm.one\/de\/wp-json\/wp\/v2\/media?parent=410759"}],"wp:term":[{"taxonomy":"product_brand","embeddable":true,"href":"https:\/\/ucm.one\/de\/wp-json\/wp\/v2\/product_brand?post=410759"},{"taxonomy":"product_cat","embeddable":true,"href":"https:\/\/ucm.one\/de\/wp-json\/wp\/v2\/product_cat?post=410759"},{"taxonomy":"product_tag","embeddable":true,"href":"https:\/\/ucm.one\/de\/wp-json\/wp\/v2\/product_tag?post=410759"}],"curies":[{"name":"wp","href":"https:\/\/api.w.org\/{rel}","templated":true}]}}