{"id":410734,"date":"2025-10-16T15:05:06","date_gmt":"2025-10-16T15:05:06","guid":{"rendered":"https:\/\/ucm.one\/?post_type=product&#038;p=410734"},"modified":"2025-11-01T13:14:21","modified_gmt":"2025-11-01T13:14:21","slug":"mouse-of-horrors","status":"publish","type":"product","link":"https:\/\/ucm.one\/de\/produkt\/mouse-of-horrors\/","title":{"rendered":"Mouse of Horrors"},"content":{"rendered":"<div class=\"wpb_text_column wpb_content_element \">\n<div class=\"wpb_wrapper\">\n<div class=\"\">\n<div class=\"wpb_text_column wpb_content_element \">\n<div class=\"wpb_wrapper\">\n<div class=\"wpb_text_column wpb_content_element \">\n<div class=\"wpb_wrapper\">\n<div class=\"wpb_text_column wpb_content_element \">\n<div class=\"wpb_wrapper\">\n<div class=\"wpb_text_column wpb_content_element \">\n<div class=\"wpb_wrapper\">\n<p>Eine Gruppe von Freunden feiert in einem verlassen Vergn\u00fcgungspark eine gro\u00dfe Party. Doch was als Spa\u00df beginnt, verwandelt sich schnell in einen puren Albtraum. Denn sie werden nicht nur von der Horrormaus gejagt, sondern auch von <strong>Winnie the Pooh<\/strong>! Inmitten von rostigen Fahrgesch\u00e4ften und labyrinthartigen Attraktionen entbrennt nun ein blutiger Kampf ums nackte \u00dcberleben.<\/p>\n<\/div>\n<\/div>\n<\/div>\n<\/div>\n<\/div>\n<\/div>\n<\/div>\n<\/div>\n<\/div>\n<\/div>\n<\/div>\n<div><div class=\"gap\" style=\"line-height: 20px; height: 20px;\"><\/div><\/div>\n<h5>Weitere Informationen<\/h5>\n<div>\n<div>\n<table style=\"height: 46px; width: 100%; border-collapse: collapse; border-color: #ffffff; background-color: #ffffff; border-style: hidden;\">\n<tbody>\n<tr style=\"height: 23px;\">\n<td style=\"width: 4.701195219123506%; height: 23px; border-style: hidden;\">Label:<\/td>\n<td style=\"width: 95.29880478087651%; height: 23px; border-style: hidden;\"><a title=\"M-Square Pictures\" href=\"https:\/\/ucm.one\/de\/produkt-kategorie\/label-film-de\/itn-germany-de\/\">ITN Germany<\/a><\/td>\n<\/tr>\n<\/tbody>\n<\/table>\n<\/div>\n<div><\/div>\n<\/div>\n<div>\n<div><div class=\"gap\" style=\"line-height: 10px; height: 10px;\"><\/div><\/div>\n<div>\u2117 2025 <strong>ITN<\/strong>, \u00a9 2025 <strong>ITN Germany<\/strong>\u00a0\/ <span style=\"font-family: 'arial black', sans-serif;\"><strong>UCM.ONE<\/strong><\/span><\/div>\n<div><div class=\"gap\" style=\"line-height: 20px; height: 20px;\"><\/div><\/div>\n<div>\n<div><\/div>\n<div>\n<div><div class=\"gap\" style=\"line-height: 10px; height: 10px;\"><\/div><\/div>\n<div><span style=\"color: #003a80;\"><strong>\u27a0 <a style=\"color: #003a80;\" href=\"https:\/\/ucm.one\/de\/produkt-kategorie\/art-de\/filme-de\/\">zum Shop<\/a><\/strong><\/span><\/div>\n<div><div class=\"gap\" style=\"line-height: 20px; height: 20px;\"><\/div><\/div>\n<\/div>\n<\/div>\n<\/div>\n","protected":false},"excerpt":{"rendered":"<p>Regie: <a title=\"Brendan Petrizzo\" href=\"https:\/\/ucm.one\/de\/?s=%22Brendan+Petrizzo%22&amp;post_type=product\"><strong>Brendan Petrizzo<\/strong><\/a><\/p>\n<p>Label: <a title=\"M-Square Pictures\" href=\"https:\/\/ucm.one\/de\/produkt-kategorie\/label-film-de\/itn-germany-de\/\"><strong>ITN Germany<\/strong><\/a><\/p>\n<p>Art:\u00a0<strong><a href=\"https:\/\/ucm.one\/de\/produkt-kategorie\/art-de\/filme-de\/\">Film<\/a> (Spielfilm)<\/strong><\/p>\n<p>Genre:\u00a0<b><a href=\"https:\/\/ucm.one\/de\/produkt-kategorie\/genre-film-de\/horror-de\/\">Horror<\/a><\/b><\/p>\n<p>Jahr: <strong>2025<\/strong><\/p>\n<p>FSK: <strong>18<\/strong><\/p>\n<p>Formate: <strong>Diverse<\/strong><\/p>\n","protected":false},"featured_media":411618,"comment_status":"open","ping_status":"closed","template":"","meta":{"_acf_changed":false},"product_brand":[],"product_cat":[10327,19104,10331,10332,11948,9708,10011],"product_tag":[19114,10349,19097,19101,19102,19103],"class_list":{"0":"post-410734","1":"product","2":"type-product","3":"status-publish","4":"has-post-thumbnail","6":"product_cat-horror-de","7":"product_cat-itn-germany-de","8":"product_cat-dvd-de","9":"product_cat-blu-ray-de","10":"product_cat-slasher-de","11":"product_cat-filme-de","12":"product_cat-genre-film-de","13":"product_tag-itn-germany","14":"product_tag-horror","15":"product_tag-itn","16":"product_tag-mouse-of-horrors","17":"product_tag-winnie-the-pooh","18":"product_tag-blood-and-honey","19":"product_shipping_class-dvd-2","20":"pa_format-dvd","21":"pa_format-blu-ray-de","22":"description-off","24":"first","25":"instock","26":"taxable","27":"shipping-taxable","28":"purchasable","29":"product-type-variable"},"acf":[],"yoast_head":"<!-- This site is optimized with the Yoast SEO plugin v27.5 - https:\/\/yoast.com\/product\/yoast-seo-wordpress\/ -->\n<title>Mouse of Horrors<\/title>\n<meta name=\"description\" content=\"Shop | Mouse of Horrors\u00a0 | 2025 | ITN Germany | Blu-ray, DVD | FSK 18\" \/>\n<meta name=\"robots\" content=\"index, follow, max-snippet:-1, max-image-preview:large, max-video-preview:-1\" \/>\n<link rel=\"canonical\" href=\"https:\/\/ucm.one\/de\/produkt\/mouse-of-horrors\/\" \/>\n<meta property=\"og:locale\" content=\"de_DE\" \/>\n<meta property=\"og:type\" content=\"article\" \/>\n<meta property=\"og:title\" content=\"Mouse of Horrors\" \/>\n<meta property=\"og:description\" content=\"Shop | Mouse of Horrors | 2025 | ITN Germany | Blu-ray, DVD | FSK 18\" \/>\n<meta property=\"og:url\" content=\"https:\/\/ucm.one\/de\/produkt\/mouse-of-horrors\/\" \/>\n<meta property=\"og:site_name\" content=\"UCM.ONE\" \/>\n<meta property=\"article:modified_time\" content=\"2025-11-01T13:14:21+00:00\" \/>\n<meta property=\"og:image\" content=\"https:\/\/ucm.one\/wp-content\/uploads\/2025\/10\/ITN1510_BD-2D-Frontansicht_Mouse_of_Horrors.jpg\" \/>\n\t<meta property=\"og:image:width\" content=\"1544\" \/>\n\t<meta property=\"og:image:height\" content=\"1975\" \/>\n\t<meta property=\"og:image:type\" content=\"image\/jpeg\" \/>\n<meta name=\"twitter:card\" content=\"summary_large_image\" \/>\n<meta name=\"twitter:title\" content=\"Mouse of Horrors\" \/>\n<meta name=\"twitter:description\" content=\"Shop | Mouse of Horrors | 2025 | ITN Germany | Blu-ray, DVD | FSK 18\" \/>\n<meta name=\"twitter:image\" content=\"https:\/\/ucm.one\/wp-content\/uploads\/2025\/10\/ITN1510_BD-2D-Frontansicht_Mouse_of_Horrors.jpg\" \/>\n<meta name=\"twitter:label1\" content=\"Gesch\u00e4tzte Lesezeit\" \/>\n\t<meta name=\"twitter:data1\" content=\"1\u00a0Minute\" \/>\n<!-- \/ Yoast SEO plugin. -->","yoast_head_json":{"title":"Mouse of Horrors","description":"Shop | Mouse of Horrors\u00a0 | 2025 | ITN Germany | Blu-ray, DVD | FSK 18","robots":{"index":"index","follow":"follow","max-snippet":"max-snippet:-1","max-image-preview":"max-image-preview:large","max-video-preview":"max-video-preview:-1"},"canonical":"https:\/\/ucm.one\/de\/produkt\/mouse-of-horrors\/","og_locale":"de_DE","og_type":"article","og_title":"Mouse of Horrors","og_description":"Shop | Mouse of Horrors | 2025 | ITN Germany | Blu-ray, DVD | FSK 18","og_url":"https:\/\/ucm.one\/de\/produkt\/mouse-of-horrors\/","og_site_name":"UCM.ONE","article_modified_time":"2025-11-01T13:14:21+00:00","og_image":[{"width":1544,"height":1975,"url":"https:\/\/ucm.one\/wp-content\/uploads\/2025\/10\/ITN1510_BD-2D-Frontansicht_Mouse_of_Horrors.jpg","type":"image\/jpeg"}],"twitter_card":"summary_large_image","twitter_title":"Mouse of Horrors","twitter_description":"Shop | Mouse of Horrors | 2025 | ITN Germany | Blu-ray, DVD | FSK 18","twitter_image":"https:\/\/ucm.one\/wp-content\/uploads\/2025\/10\/ITN1510_BD-2D-Frontansicht_Mouse_of_Horrors.jpg","twitter_misc":{"Gesch\u00e4tzte Lesezeit":"1\u00a0Minute"},"schema":{"@context":"https:\/\/schema.org","@graph":[{"@type":"WebPage","@id":"https:\/\/ucm.one\/de\/produkt\/mouse-of-horrors\/","url":"https:\/\/ucm.one\/de\/produkt\/mouse-of-horrors\/","name":"Mouse of Horrors","isPartOf":{"@id":"https:\/\/ucm.one\/de\/#website"},"primaryImageOfPage":{"@id":"https:\/\/ucm.one\/de\/produkt\/mouse-of-horrors\/#primaryimage"},"image":{"@id":"https:\/\/ucm.one\/de\/produkt\/mouse-of-horrors\/#primaryimage"},"thumbnailUrl":"https:\/\/ucm.one\/wp-content\/uploads\/2025\/10\/C-Mouse-of-Horrors.jpg","datePublished":"2025-10-16T15:05:06+00:00","dateModified":"2025-11-01T13:14:21+00:00","description":"Shop | Mouse of Horrors\u00a0 | 2025 | ITN Germany | Blu-ray, DVD | FSK 18","breadcrumb":{"@id":"https:\/\/ucm.one\/de\/produkt\/mouse-of-horrors\/#breadcrumb"},"inLanguage":"de","potentialAction":[{"@type":"ReadAction","target":["https:\/\/ucm.one\/de\/produkt\/mouse-of-horrors\/"]}]},{"@type":"ImageObject","inLanguage":"de","@id":"https:\/\/ucm.one\/de\/produkt\/mouse-of-horrors\/#primaryimage","url":"https:\/\/ucm.one\/wp-content\/uploads\/2025\/10\/C-Mouse-of-Horrors.jpg","contentUrl":"https:\/\/ucm.one\/wp-content\/uploads\/2025\/10\/C-Mouse-of-Horrors.jpg","width":699,"height":1000},{"@type":"BreadcrumbList","@id":"https:\/\/ucm.one\/de\/produkt\/mouse-of-horrors\/#breadcrumb","itemListElement":[{"@type":"ListItem","position":1,"name":"Home","item":"https:\/\/ucm.one\/de\/"},{"@type":"ListItem","position":2,"name":"Shop","item":"https:\/\/ucm.one\/de\/shop\/"},{"@type":"ListItem","position":3,"name":"Mouse of Horrors"}]},{"@type":"WebSite","@id":"https:\/\/ucm.one\/de\/#website","url":"https:\/\/ucm.one\/de\/","name":"UCM.ONE","description":"","publisher":{"@id":"https:\/\/ucm.one\/de\/#organization"},"potentialAction":[{"@type":"SearchAction","target":{"@type":"EntryPoint","urlTemplate":"https:\/\/ucm.one\/de\/?s={search_term_string}"},"query-input":{"@type":"PropertyValueSpecification","valueRequired":true,"valueName":"search_term_string"}}],"inLanguage":"de"},{"@type":"Organization","@id":"https:\/\/ucm.one\/de\/#organization","name":"UCM.ONE","url":"https:\/\/ucm.one\/de\/","logo":{"@type":"ImageObject","inLanguage":"de","@id":"https:\/\/ucm.one\/de\/#\/schema\/logo\/image\/","url":"https:\/\/ucm.one\/wp-content\/uploads\/2019\/10\/UCM.ONE-Logo-RGB.svg","contentUrl":"https:\/\/ucm.one\/wp-content\/uploads\/2019\/10\/UCM.ONE-Logo-RGB.svg","width":1,"height":1,"caption":"UCM.ONE"},"image":{"@id":"https:\/\/ucm.one\/de\/#\/schema\/logo\/image\/"}}]}},"_links":{"self":[{"href":"https:\/\/ucm.one\/de\/wp-json\/wp\/v2\/product\/410734","targetHints":{"allow":["GET"]}}],"collection":[{"href":"https:\/\/ucm.one\/de\/wp-json\/wp\/v2\/product"}],"about":[{"href":"https:\/\/ucm.one\/de\/wp-json\/wp\/v2\/types\/product"}],"replies":[{"embeddable":true,"href":"https:\/\/ucm.one\/de\/wp-json\/wp\/v2\/comments?post=410734"}],"wp:featuredmedia":[{"embeddable":true,"href":"https:\/\/ucm.one\/de\/wp-json\/wp\/v2\/media\/411618"}],"wp:attachment":[{"href":"https:\/\/ucm.one\/de\/wp-json\/wp\/v2\/media?parent=410734"}],"wp:term":[{"taxonomy":"product_brand","embeddable":true,"href":"https:\/\/ucm.one\/de\/wp-json\/wp\/v2\/product_brand?post=410734"},{"taxonomy":"product_cat","embeddable":true,"href":"https:\/\/ucm.one\/de\/wp-json\/wp\/v2\/product_cat?post=410734"},{"taxonomy":"product_tag","embeddable":true,"href":"https:\/\/ucm.one\/de\/wp-json\/wp\/v2\/product_tag?post=410734"}],"curies":[{"name":"wp","href":"https:\/\/api.w.org\/{rel}","templated":true}]}}