{"id":410723,"date":"2025-10-16T01:07:05","date_gmt":"2025-10-16T01:07:05","guid":{"rendered":"https:\/\/ucm.one\/?post_type=product&#038;p=410723"},"modified":"2025-11-01T15:08:26","modified_gmt":"2025-11-01T15:08:26","slug":"der-fluch-von-humpty-dumpty","status":"publish","type":"product","link":"https:\/\/ucm.one\/de\/produkt\/der-fluch-von-humpty-dumpty\/","title":{"rendered":"Der Fluch von Humpty Dumpty"},"content":{"rendered":"<div class=\"wpb_text_column wpb_content_element \">\n<div class=\"wpb_wrapper\">\n<div class=\"\">\n<div class=\"wpb_text_column wpb_content_element \">\n<div class=\"wpb_wrapper\">\n<div class=\"wpb_text_column wpb_content_element \">\n<div class=\"wpb_wrapper\">\n<div class=\"wpb_text_column wpb_content_element \">\n<div class=\"wpb_wrapper\">\n<div class=\"wpb_text_column wpb_content_element \">\n<div class=\"wpb_wrapper\">\n<p>Bei Wendy Loomas (Nicola Wright) wird Demenz diagnostiziert und so beschlie\u00dfen ihre T\u00f6chter, Liz und Hazel, sie in das Landhaus der Familie zur\u00fcckzubringen, in dem sie alle aufgewachsen sind, um durch die Vertrautheit der Umgebung ihrer Mutter zu helfen. Doch die Lage verschlimmert sich dort extrem. Denn womit Liz und Hazel nicht gerechnet haben, sind die schrecklichen Erinnerungen, die dort bei Wendy wieder zum Leben erwachen. Sie alle drehen sich um eine gruselige Porzellanpuppe namens Humpty Dumpty, von der Wendy behauptet, dass sie vor Jahren ihr geh\u00f6rte, als der Vater des M\u00e4dchens noch lebte \u2026 und die alsbald ein m\u00f6rderisches Eigenleben zu entwickeln scheint.<\/p>\n<\/div>\n<\/div>\n<\/div>\n<\/div>\n<\/div>\n<\/div>\n<\/div>\n<\/div>\n<\/div>\n<\/div>\n<\/div>\n<div><div class=\"gap\" style=\"line-height: 20px; height: 20px;\"><\/div><\/div>\n<h5>Weitere Informationen<\/h5>\n<div>\n<div>\n<table style=\"height: 46px; width: 100%; border-collapse: collapse; border-color: #ffffff; background-color: #ffffff; border-style: hidden;\">\n<tbody>\n<tr style=\"height: 23px;\">\n<td style=\"width: 4.701195219123506%; height: 23px; border-style: hidden;\">Label:<\/td>\n<td style=\"width: 95.29880478087651%; height: 23px; border-style: hidden;\"><a title=\"M-Square Pictures\" href=\"https:\/\/ucm.one\/de\/produkt-kategorie\/label-film-de\/itn-germany-de\/\">ITN Germany<\/a><\/td>\n<\/tr>\n<\/tbody>\n<\/table>\n<\/div>\n<div><\/div>\n<\/div>\n<div>\n<div><div class=\"gap\" style=\"line-height: 10px; height: 10px;\"><\/div><\/div>\n<div>\u2117 2021 <strong>ITN Distribution<\/strong>, \u00a9 2025 <strong>ITN Germany<\/strong>\u00a0\/ <span style=\"font-family: 'arial black', sans-serif;\"><strong>UCM.ONE<\/strong><\/span><\/div>\n<div><div class=\"gap\" style=\"line-height: 20px; height: 20px;\"><\/div><\/div>\n<div>\n<div><\/div>\n<div>\n<div><div class=\"gap\" style=\"line-height: 10px; height: 10px;\"><\/div><\/div>\n<div><span style=\"color: #003a80;\"><strong>\u27a0 <a style=\"color: #003a80;\" href=\"https:\/\/ucm.one\/de\/produkt-kategorie\/art-de\/filme-de\/\">zum Shop<\/a><\/strong><\/span><\/div>\n<div><div class=\"gap\" style=\"line-height: 20px; height: 20px;\"><\/div><\/div>\n<\/div>\n<\/div>\n<\/div>\n","protected":false},"excerpt":{"rendered":"<p>Regie: <a title=\"Brendan Petrizzo\" href=\"https:\/\/ucm.one\/de\/?s=%22Scott+Jeffrey%22&amp;post_type=product\"><strong>Scott Jeffrey<\/strong><\/a><\/p>\n<p>Label: <a title=\"M-Square Pictures\" href=\"https:\/\/ucm.one\/de\/produkt-kategorie\/label-film-de\/itn-germany-de\/\"><strong>ITN Germany<\/strong><\/a><\/p>\n<p>Art:\u00a0<strong><a href=\"https:\/\/ucm.one\/de\/produkt-kategorie\/art-de\/filme-de\/\">Film<\/a> (Spielfilm)<\/strong><\/p>\n<p>Genre:\u00a0<b><a href=\"https:\/\/ucm.one\/de\/produkt-kategorie\/genre-film-de\/horror-de\/\">Horror<\/a><\/b><\/p>\n<p>Jahr: <strong>2025<\/strong><\/p>\n<p>FSK: <strong>16<\/strong><\/p>\n<p>Formate: <strong>Diverse<\/strong><\/p>\n","protected":false},"featured_media":411624,"comment_status":"open","ping_status":"closed","template":"","meta":{"_acf_changed":false},"product_brand":[],"product_cat":[10011,10327,19104,10331,10332,11948,9708],"product_tag":[19099,19100,19113,19114,10349,19097,19098],"class_list":{"0":"post-410723","1":"product","2":"type-product","3":"status-publish","4":"has-post-thumbnail","6":"product_cat-genre-film-de","7":"product_cat-horror-de","8":"product_cat-itn-germany-de","9":"product_cat-dvd-de","10":"product_cat-blu-ray-de","11":"product_cat-slasher-de","12":"product_cat-filme-de","13":"product_tag-fluch","14":"product_tag-moerderpuppe","15":"product_tag-puppe","16":"product_tag-itn-germany","17":"product_tag-horror","18":"product_tag-itn","19":"product_tag-humpty-dumpty","20":"product_shipping_class-dvd-2","21":"pa_format-dvd","22":"pa_format-blu-ray-de","23":"description-off","25":"first","26":"instock","27":"taxable","28":"shipping-taxable","29":"purchasable","30":"product-type-variable"},"acf":[],"yoast_head":"<!-- This site is optimized with the Yoast SEO plugin v27.5 - https:\/\/yoast.com\/product\/yoast-seo-wordpress\/ -->\n<title>Der Fluch von Humpty Dumpty<\/title>\n<meta name=\"description\" content=\"Shop | Der Fluch von Humpty Dumpty\u00a0 | 2021 | ITN Germany | Blu-ray, DVD | FSK 16\" \/>\n<meta name=\"robots\" content=\"index, follow, max-snippet:-1, max-image-preview:large, max-video-preview:-1\" \/>\n<link rel=\"canonical\" href=\"https:\/\/ucm.one\/de\/produkt\/der-fluch-von-humpty-dumpty\/\" \/>\n<meta property=\"og:locale\" content=\"de_DE\" \/>\n<meta property=\"og:type\" content=\"article\" \/>\n<meta property=\"og:title\" content=\"Der Fluch von Humpty Dumpty\" \/>\n<meta property=\"og:description\" content=\"Shop | Der Fluch von Humpty Dumpty | 2021 | ITN Germany | Blu-ray, DVD | FSK 16\" \/>\n<meta property=\"og:url\" content=\"https:\/\/ucm.one\/de\/produkt\/der-fluch-von-humpty-dumpty\/\" \/>\n<meta property=\"og:site_name\" content=\"UCM.ONE\" \/>\n<meta property=\"article:modified_time\" content=\"2025-11-01T15:08:26+00:00\" \/>\n<meta property=\"og:image\" content=\"https:\/\/ucm.one\/wp-content\/uploads\/2025\/10\/ITN0110-2D-BD-Frontansicht_Der-Fluch-von-Humpty-Dumpty.jpg\" \/>\n\t<meta property=\"og:image:width\" content=\"1544\" \/>\n\t<meta property=\"og:image:height\" content=\"1975\" \/>\n\t<meta property=\"og:image:type\" content=\"image\/jpeg\" \/>\n<meta name=\"twitter:card\" content=\"summary_large_image\" \/>\n<meta name=\"twitter:title\" content=\"Der Fluch von Humpty Dumpty\" \/>\n<meta name=\"twitter:description\" content=\"Shop | Der Fluch von Humpty Dumpty | 2021 | ITN Germany | Blu-ray, DVD | FSK 16\" \/>\n<meta name=\"twitter:image\" content=\"https:\/\/ucm.one\/wp-content\/uploads\/2025\/10\/ITN0110-2D-BD-Frontansicht_Der-Fluch-von-Humpty-Dumpty.jpg\" \/>\n<meta name=\"twitter:label1\" content=\"Gesch\u00e4tzte Lesezeit\" \/>\n\t<meta name=\"twitter:data1\" content=\"1\u00a0Minute\" \/>\n<!-- \/ Yoast SEO plugin. -->","yoast_head_json":{"title":"Der Fluch von Humpty Dumpty","description":"Shop | Der Fluch von Humpty Dumpty\u00a0 | 2021 | ITN Germany | Blu-ray, DVD | FSK 16","robots":{"index":"index","follow":"follow","max-snippet":"max-snippet:-1","max-image-preview":"max-image-preview:large","max-video-preview":"max-video-preview:-1"},"canonical":"https:\/\/ucm.one\/de\/produkt\/der-fluch-von-humpty-dumpty\/","og_locale":"de_DE","og_type":"article","og_title":"Der Fluch von Humpty Dumpty","og_description":"Shop | Der Fluch von Humpty Dumpty | 2021 | ITN Germany | Blu-ray, DVD | FSK 16","og_url":"https:\/\/ucm.one\/de\/produkt\/der-fluch-von-humpty-dumpty\/","og_site_name":"UCM.ONE","article_modified_time":"2025-11-01T15:08:26+00:00","og_image":[{"width":1544,"height":1975,"url":"https:\/\/ucm.one\/wp-content\/uploads\/2025\/10\/ITN0110-2D-BD-Frontansicht_Der-Fluch-von-Humpty-Dumpty.jpg","type":"image\/jpeg"}],"twitter_card":"summary_large_image","twitter_title":"Der Fluch von Humpty Dumpty","twitter_description":"Shop | Der Fluch von Humpty Dumpty | 2021 | ITN Germany | Blu-ray, DVD | FSK 16","twitter_image":"https:\/\/ucm.one\/wp-content\/uploads\/2025\/10\/ITN0110-2D-BD-Frontansicht_Der-Fluch-von-Humpty-Dumpty.jpg","twitter_misc":{"Gesch\u00e4tzte Lesezeit":"1\u00a0Minute"},"schema":{"@context":"https:\/\/schema.org","@graph":[{"@type":"WebPage","@id":"https:\/\/ucm.one\/de\/produkt\/der-fluch-von-humpty-dumpty\/","url":"https:\/\/ucm.one\/de\/produkt\/der-fluch-von-humpty-dumpty\/","name":"Der Fluch von Humpty Dumpty","isPartOf":{"@id":"https:\/\/ucm.one\/de\/#website"},"primaryImageOfPage":{"@id":"https:\/\/ucm.one\/de\/produkt\/der-fluch-von-humpty-dumpty\/#primaryimage"},"image":{"@id":"https:\/\/ucm.one\/de\/produkt\/der-fluch-von-humpty-dumpty\/#primaryimage"},"thumbnailUrl":"https:\/\/ucm.one\/wp-content\/uploads\/2025\/10\/C-Der-Fluch-von-Humpty-Dumpty.jpg","datePublished":"2025-10-16T01:07:05+00:00","dateModified":"2025-11-01T15:08:26+00:00","description":"Shop | Der Fluch von Humpty Dumpty\u00a0 | 2021 | ITN Germany | Blu-ray, DVD | FSK 16","breadcrumb":{"@id":"https:\/\/ucm.one\/de\/produkt\/der-fluch-von-humpty-dumpty\/#breadcrumb"},"inLanguage":"de","potentialAction":[{"@type":"ReadAction","target":["https:\/\/ucm.one\/de\/produkt\/der-fluch-von-humpty-dumpty\/"]}]},{"@type":"ImageObject","inLanguage":"de","@id":"https:\/\/ucm.one\/de\/produkt\/der-fluch-von-humpty-dumpty\/#primaryimage","url":"https:\/\/ucm.one\/wp-content\/uploads\/2025\/10\/C-Der-Fluch-von-Humpty-Dumpty.jpg","contentUrl":"https:\/\/ucm.one\/wp-content\/uploads\/2025\/10\/C-Der-Fluch-von-Humpty-Dumpty.jpg","width":699,"height":1000},{"@type":"BreadcrumbList","@id":"https:\/\/ucm.one\/de\/produkt\/der-fluch-von-humpty-dumpty\/#breadcrumb","itemListElement":[{"@type":"ListItem","position":1,"name":"Home","item":"https:\/\/ucm.one\/de\/"},{"@type":"ListItem","position":2,"name":"Shop","item":"https:\/\/ucm.one\/de\/shop\/"},{"@type":"ListItem","position":3,"name":"Der Fluch von Humpty Dumpty"}]},{"@type":"WebSite","@id":"https:\/\/ucm.one\/de\/#website","url":"https:\/\/ucm.one\/de\/","name":"UCM.ONE","description":"","publisher":{"@id":"https:\/\/ucm.one\/de\/#organization"},"potentialAction":[{"@type":"SearchAction","target":{"@type":"EntryPoint","urlTemplate":"https:\/\/ucm.one\/de\/?s={search_term_string}"},"query-input":{"@type":"PropertyValueSpecification","valueRequired":true,"valueName":"search_term_string"}}],"inLanguage":"de"},{"@type":"Organization","@id":"https:\/\/ucm.one\/de\/#organization","name":"UCM.ONE","url":"https:\/\/ucm.one\/de\/","logo":{"@type":"ImageObject","inLanguage":"de","@id":"https:\/\/ucm.one\/de\/#\/schema\/logo\/image\/","url":"https:\/\/ucm.one\/wp-content\/uploads\/2019\/10\/UCM.ONE-Logo-RGB.svg","contentUrl":"https:\/\/ucm.one\/wp-content\/uploads\/2019\/10\/UCM.ONE-Logo-RGB.svg","width":1,"height":1,"caption":"UCM.ONE"},"image":{"@id":"https:\/\/ucm.one\/de\/#\/schema\/logo\/image\/"}}]}},"_links":{"self":[{"href":"https:\/\/ucm.one\/de\/wp-json\/wp\/v2\/product\/410723","targetHints":{"allow":["GET"]}}],"collection":[{"href":"https:\/\/ucm.one\/de\/wp-json\/wp\/v2\/product"}],"about":[{"href":"https:\/\/ucm.one\/de\/wp-json\/wp\/v2\/types\/product"}],"replies":[{"embeddable":true,"href":"https:\/\/ucm.one\/de\/wp-json\/wp\/v2\/comments?post=410723"}],"wp:featuredmedia":[{"embeddable":true,"href":"https:\/\/ucm.one\/de\/wp-json\/wp\/v2\/media\/411624"}],"wp:attachment":[{"href":"https:\/\/ucm.one\/de\/wp-json\/wp\/v2\/media?parent=410723"}],"wp:term":[{"taxonomy":"product_brand","embeddable":true,"href":"https:\/\/ucm.one\/de\/wp-json\/wp\/v2\/product_brand?post=410723"},{"taxonomy":"product_cat","embeddable":true,"href":"https:\/\/ucm.one\/de\/wp-json\/wp\/v2\/product_cat?post=410723"},{"taxonomy":"product_tag","embeddable":true,"href":"https:\/\/ucm.one\/de\/wp-json\/wp\/v2\/product_tag?post=410723"}],"curies":[{"name":"wp","href":"https:\/\/api.w.org\/{rel}","templated":true}]}}