{"id":410712,"date":"2025-10-16T23:52:41","date_gmt":"2025-10-16T23:52:41","guid":{"rendered":"https:\/\/ucm.one\/?post_type=product&#038;p=410712"},"modified":"2025-11-01T13:20:08","modified_gmt":"2025-11-01T13:20:08","slug":"bull-shark","status":"publish","type":"product","link":"https:\/\/ucm.one\/de\/produkt\/bull-shark\/","title":{"rendered":"Bull Shark"},"content":{"rendered":"<div class=\"wpb_text_column wpb_content_element \">\n<div class=\"wpb_wrapper\">\n<div class=\"\">\n<div class=\"wpb_text_column wpb_content_element \">\n<div class=\"wpb_wrapper\">\n<div class=\"wpb_text_column wpb_content_element \">\n<div class=\"wpb_wrapper\">\n<div class=\"wpb_text_column wpb_content_element \">\n<div class=\"wpb_wrapper\">\n<div class=\"wpb_text_column wpb_content_element \">\n<div class=\"wpb_wrapper\">\n<p><span style=\"font-weight: 400;\">Spencer Timms (Thom Hallum) ist Wildh\u00fcter einer texanischen Kleinstadt, die von den Touristen lebt, die jeden Sommer an den dortigen See str\u00f6men. Als eine junge Frau im See von einem aggressiven Hai attackiert und t\u00f6dlich verletzt wird, setzt Timms alles daran, ihn unsch\u00e4dlich zu machen. Ein \u00f6rtlicher Fischer scheint einen Bullenhai vor der K\u00fcste gefangen, und im See ausgesetzt zu haben. Doch weder der Sheriff noch der B\u00fcrgermeister geben etwas auf Timms Warnungen. Der See soll ge\u00f6ffnet bleiben und die Touristen Geld in die Stadtkassen sp\u00fclen. Nur Timms Exfrau Dottie (Lindsey Marie Wilson) schenkt ihm Glauben und ist bereit, ihm zu helfen, der blutgierigen Bestie eine Falle zu stellen. Doch ist es wirklich nur ein einziger Hai?<\/span><\/p>\n<\/div>\n<\/div>\n<\/div>\n<\/div>\n<\/div>\n<\/div>\n<\/div>\n<\/div>\n<\/div>\n<\/div>\n<\/div>\n<div><div class=\"gap\" style=\"line-height: 20px; height: 20px;\"><\/div><\/div>\n<h5>Weitere Informationen<\/h5>\n<div>\n<div>\n<table style=\"height: 46px; width: 100%; border-collapse: collapse; border-color: #ffffff; background-color: #ffffff; border-style: hidden;\">\n<tbody>\n<tr style=\"height: 23px;\">\n<td style=\"width: 4.701195219123506%; height: 23px; border-style: hidden;\">Label:<\/td>\n<td style=\"width: 95.29880478087651%; height: 23px; border-style: hidden;\"><a title=\"M-Square Pictures\" href=\"https:\/\/ucm.one\/de\/produkt-kategorie\/label-film-de\/itn-germany-de\/\">ITN Germany<\/a><\/td>\n<\/tr>\n<\/tbody>\n<\/table>\n<\/div>\n<div><\/div>\n<\/div>\n<div>\n<div><div class=\"gap\" style=\"line-height: 10px; height: 10px;\"><\/div><\/div>\n<div>\u2117 2022 <strong>ITN Dsitribution<\/strong>, \u00a9 2025 <strong>ITN Germany<\/strong>\u00a0\/ <span style=\"font-family: 'arial black', sans-serif;\"><strong>UCM.ONE<\/strong><\/span><\/div>\n<div><div class=\"gap\" style=\"line-height: 20px; height: 20px;\"><\/div><\/div>\n<div>\n<div><\/div>\n<div>\n<div><div class=\"gap\" style=\"line-height: 10px; height: 10px;\"><\/div><\/div>\n<div><span style=\"color: #003a80;\"><strong>\u27a0 <a style=\"color: #003a80;\" href=\"https:\/\/ucm.one\/de\/produkt-kategorie\/art-de\/filme-de\/\">zum Shop<\/a><\/strong><\/span><\/div>\n<div><div class=\"gap\" style=\"line-height: 20px; height: 20px;\"><\/div><\/div>\n<\/div>\n<\/div>\n<\/div>\n","protected":false},"excerpt":{"rendered":"<p>Regie: <a title=\"Brendan Petrizzo\" href=\"https:\/\/ucm.one\/de\/?s=%22Brett+BRentman%22&amp;post_type=product\"><strong>Brett Brentman<\/strong><\/a><\/p>\n<p>Label: <a title=\"M-Square Pictures\" href=\"https:\/\/ucm.one\/de\/produkt-kategorie\/label-film-de\/itn-germany-de\/\"><strong>ITN Germany<\/strong><\/a><\/p>\n<p>Art:\u00a0<strong><a href=\"https:\/\/ucm.one\/de\/produkt-kategorie\/art-de\/filme-de\/\">Film<\/a> (Spielfilm)<\/strong><\/p>\n<p>Genre: <b><a title=\"\" href=\"https:\/\/ucm.one\/de\/produkt-kategorie\/genre-film-de\/action-de\/\">Action<\/a><\/b>, <b><a href=\"https:\/\/ucm.one\/de\/produkt-kategorie\/genre-film-de\/horror-de\/\">Horror<\/a><\/b><\/p>\n<p>Jahr: <strong>2025<\/strong><\/p>\n<p>FSK: <strong>12<\/strong><\/p>\n<p>Formate: <strong>Diverse<\/strong><\/p>\n","protected":false},"featured_media":411616,"comment_status":"open","ping_status":"closed","template":"","meta":{"_acf_changed":false},"product_brand":[],"product_cat":[10358,9708,10327,10331,10332,19104,10357],"product_tag":[16675,16679,16738,16740,19096,19097,19114],"class_list":{"0":"post-410712","1":"product","2":"type-product","3":"status-publish","4":"has-post-thumbnail","6":"product_cat-action-de","7":"product_cat-filme-de","8":"product_cat-horror-de","9":"product_cat-dvd-de","10":"product_cat-blu-ray-de","11":"product_cat-itn-germany-de","12":"product_cat-abenteuer","13":"product_tag-sharknado","14":"product_tag-sharks","15":"product_tag-megalodon","16":"product_tag-meg","17":"product_tag-bull-shark","18":"product_tag-itn","19":"product_tag-itn-germany","20":"product_shipping_class-dvd-2","21":"pa_format-dvd","22":"pa_format-blu-ray-de","23":"description-off","25":"first","26":"instock","27":"taxable","28":"shipping-taxable","29":"purchasable","30":"product-type-variable"},"acf":[],"yoast_head":"<!-- This site is optimized with the Yoast SEO plugin v27.5 - https:\/\/yoast.com\/product\/yoast-seo-wordpress\/ -->\n<title>Bull Shark<\/title>\n<meta name=\"description\" content=\"Shop | Bull Shark\u00a0 | 2025 | ITN Germany | Blu-ray, DVD | FSK 12\" \/>\n<meta name=\"robots\" content=\"index, follow, max-snippet:-1, max-image-preview:large, max-video-preview:-1\" \/>\n<link rel=\"canonical\" href=\"https:\/\/ucm.one\/de\/produkt\/bull-shark\/\" \/>\n<meta property=\"og:locale\" content=\"de_DE\" \/>\n<meta property=\"og:type\" content=\"article\" \/>\n<meta property=\"og:title\" content=\"Bull Shark\" \/>\n<meta property=\"og:description\" content=\"Shop | Bull Shark\u00a0 | 2025 | ITN Germany | Blu-ray, DVD | FSK 12\" \/>\n<meta property=\"og:url\" content=\"https:\/\/ucm.one\/de\/produkt\/bull-shark\/\" \/>\n<meta property=\"og:site_name\" content=\"UCM.ONE\" \/>\n<meta property=\"article:modified_time\" content=\"2025-11-01T13:20:08+00:00\" \/>\n<meta property=\"og:image\" content=\"https:\/\/ucm.one\/wp-content\/uploads\/2025\/02\/DD-Bull-Shark.jpg.webp\" \/>\n\t<meta property=\"og:image:width\" content=\"699\" \/>\n\t<meta property=\"og:image:height\" content=\"1000\" \/>\n\t<meta property=\"og:image:type\" content=\"image\/webp\" \/>\n<meta name=\"twitter:card\" content=\"summary_large_image\" \/>\n<meta name=\"twitter:title\" content=\"Bull Shark\" \/>\n<meta name=\"twitter:description\" content=\"Shop | Bull Shark\u00a0 | 2025 | ITN Germany | Blu-ray, DVD | FSK 12\" \/>\n<meta name=\"twitter:label1\" content=\"Gesch\u00e4tzte Lesezeit\" \/>\n\t<meta name=\"twitter:data1\" content=\"2\u00a0Minuten\" \/>\n<!-- \/ Yoast SEO plugin. -->","yoast_head_json":{"title":"Bull Shark","description":"Shop | Bull Shark\u00a0 | 2025 | ITN Germany | Blu-ray, DVD | FSK 12","robots":{"index":"index","follow":"follow","max-snippet":"max-snippet:-1","max-image-preview":"max-image-preview:large","max-video-preview":"max-video-preview:-1"},"canonical":"https:\/\/ucm.one\/de\/produkt\/bull-shark\/","og_locale":"de_DE","og_type":"article","og_title":"Bull Shark","og_description":"Shop | Bull Shark\u00a0 | 2025 | ITN Germany | Blu-ray, DVD | FSK 12","og_url":"https:\/\/ucm.one\/de\/produkt\/bull-shark\/","og_site_name":"UCM.ONE","article_modified_time":"2025-11-01T13:20:08+00:00","og_image":[{"width":699,"height":1000,"url":"https:\/\/ucm.one\/wp-content\/uploads\/2025\/02\/DD-Bull-Shark.jpg.webp","type":"image\/webp"}],"twitter_card":"summary_large_image","twitter_title":"Bull Shark","twitter_description":"Shop | Bull Shark\u00a0 | 2025 | ITN Germany | Blu-ray, DVD | FSK 12","twitter_misc":{"Gesch\u00e4tzte Lesezeit":"2\u00a0Minuten"},"schema":{"@context":"https:\/\/schema.org","@graph":[{"@type":"WebPage","@id":"https:\/\/ucm.one\/de\/produkt\/bull-shark\/","url":"https:\/\/ucm.one\/de\/produkt\/bull-shark\/","name":"Bull Shark","isPartOf":{"@id":"https:\/\/ucm.one\/de\/#website"},"primaryImageOfPage":{"@id":"https:\/\/ucm.one\/de\/produkt\/bull-shark\/#primaryimage"},"image":{"@id":"https:\/\/ucm.one\/de\/produkt\/bull-shark\/#primaryimage"},"thumbnailUrl":"https:\/\/ucm.one\/wp-content\/uploads\/2025\/10\/C-Bull-Shark-DVD-2D-FSK.jpg","datePublished":"2025-10-16T23:52:41+00:00","dateModified":"2025-11-01T13:20:08+00:00","description":"Shop | Bull Shark\u00a0 | 2025 | ITN Germany | Blu-ray, DVD | FSK 12","breadcrumb":{"@id":"https:\/\/ucm.one\/de\/produkt\/bull-shark\/#breadcrumb"},"inLanguage":"de","potentialAction":[{"@type":"ReadAction","target":["https:\/\/ucm.one\/de\/produkt\/bull-shark\/"]}]},{"@type":"ImageObject","inLanguage":"de","@id":"https:\/\/ucm.one\/de\/produkt\/bull-shark\/#primaryimage","url":"https:\/\/ucm.one\/wp-content\/uploads\/2025\/10\/C-Bull-Shark-DVD-2D-FSK.jpg","contentUrl":"https:\/\/ucm.one\/wp-content\/uploads\/2025\/10\/C-Bull-Shark-DVD-2D-FSK.jpg","width":699,"height":1000},{"@type":"BreadcrumbList","@id":"https:\/\/ucm.one\/de\/produkt\/bull-shark\/#breadcrumb","itemListElement":[{"@type":"ListItem","position":1,"name":"Home","item":"https:\/\/ucm.one\/de\/"},{"@type":"ListItem","position":2,"name":"Shop","item":"https:\/\/ucm.one\/de\/shop\/"},{"@type":"ListItem","position":3,"name":"Bull Shark"}]},{"@type":"WebSite","@id":"https:\/\/ucm.one\/de\/#website","url":"https:\/\/ucm.one\/de\/","name":"UCM.ONE","description":"","publisher":{"@id":"https:\/\/ucm.one\/de\/#organization"},"potentialAction":[{"@type":"SearchAction","target":{"@type":"EntryPoint","urlTemplate":"https:\/\/ucm.one\/de\/?s={search_term_string}"},"query-input":{"@type":"PropertyValueSpecification","valueRequired":true,"valueName":"search_term_string"}}],"inLanguage":"de"},{"@type":"Organization","@id":"https:\/\/ucm.one\/de\/#organization","name":"UCM.ONE","url":"https:\/\/ucm.one\/de\/","logo":{"@type":"ImageObject","inLanguage":"de","@id":"https:\/\/ucm.one\/de\/#\/schema\/logo\/image\/","url":"https:\/\/ucm.one\/wp-content\/uploads\/2019\/10\/UCM.ONE-Logo-RGB.svg","contentUrl":"https:\/\/ucm.one\/wp-content\/uploads\/2019\/10\/UCM.ONE-Logo-RGB.svg","width":1,"height":1,"caption":"UCM.ONE"},"image":{"@id":"https:\/\/ucm.one\/de\/#\/schema\/logo\/image\/"}}]}},"_links":{"self":[{"href":"https:\/\/ucm.one\/de\/wp-json\/wp\/v2\/product\/410712","targetHints":{"allow":["GET"]}}],"collection":[{"href":"https:\/\/ucm.one\/de\/wp-json\/wp\/v2\/product"}],"about":[{"href":"https:\/\/ucm.one\/de\/wp-json\/wp\/v2\/types\/product"}],"replies":[{"embeddable":true,"href":"https:\/\/ucm.one\/de\/wp-json\/wp\/v2\/comments?post=410712"}],"wp:featuredmedia":[{"embeddable":true,"href":"https:\/\/ucm.one\/de\/wp-json\/wp\/v2\/media\/411616"}],"wp:attachment":[{"href":"https:\/\/ucm.one\/de\/wp-json\/wp\/v2\/media?parent=410712"}],"wp:term":[{"taxonomy":"product_brand","embeddable":true,"href":"https:\/\/ucm.one\/de\/wp-json\/wp\/v2\/product_brand?post=410712"},{"taxonomy":"product_cat","embeddable":true,"href":"https:\/\/ucm.one\/de\/wp-json\/wp\/v2\/product_cat?post=410712"},{"taxonomy":"product_tag","embeddable":true,"href":"https:\/\/ucm.one\/de\/wp-json\/wp\/v2\/product_tag?post=410712"}],"curies":[{"name":"wp","href":"https:\/\/api.w.org\/{rel}","templated":true}]}}