{"id":402195,"date":"2025-08-14T22:00:50","date_gmt":"2025-08-14T22:00:50","guid":{"rendered":"https:\/\/ucm.one\/?post_type=product&#038;p=402195"},"modified":"2026-05-05T08:35:06","modified_gmt":"2026-05-05T08:35:06","slug":"der-dritte-raum-replacement-dreams","status":"publish","type":"product","link":"https:\/\/ucm.one\/de\/produkt\/der-dritte-raum-replacement-dreams\/","title":{"rendered":"Der Dritte Raum &#8211; Replacement Dreams"},"content":{"rendered":"<div class=\"wpb-content-wrapper\"><div class=\"wpb_text_column wpb_content_element \">\n<div class=\"wpb_wrapper\">\n<div class=\"\">\n<div class=\"wpb_text_column wpb_content_element \">\n<div class=\"wpb_wrapper\">\n<div class=\"wpb_text_column wpb_content_element \">\n<div class=\"wpb_wrapper\">\n<div class=\"\">\n<div class=\"wpb_text_column wpb_content_element \">\n<div class=\"wpb_wrapper\">\n<div class=\"\">\n<div class=\"\">\n<div class=\"wpb_text_column wpb_content_element \">\n<div class=\"wpb_wrapper\">\n<div class=\"wpb_text_column wpb_content_element \">\n<div class=\"wpb_wrapper\">\n<div class=\"\">\n<div class=\"wpb_text_column wpb_content_element \">\n<div class=\"wpb_wrapper\">\n<div class=\"\">\n<div class=\"\">\n<div class=\"vc_row wpb_row vc_row-fluid\">\n<div class=\"wpb_column vc_column_container vc_col-sm-12\">\n<div class=\"vc_column-inner\">\n<div class=\"wpb_wrapper\">\n<div class=\"wpb_text_column wpb_content_element \">\n<div class=\"wpb_wrapper\">\n<div class=\"\">\n<div class=\"\">Mit \u201e<strong>Replacement Dreams<\/strong>\u201c kehrt <strong>Der Dritte Raum<\/strong> mit einem neuen Album zur\u00fcck, das tief in hypnotischen Techno, spacigen Synth-Reisen, verspielten Sequenzen und einer \u00e4u\u00dferst musikalischen Interpretation elektronischer Tanzmusik eintaucht. Mit einer einzigartigen Mischung aus analoger W\u00e4rme und futuristischer Pr\u00e4zision erkundet dieses Album, welches wieder auf dem Label <strong>Harthouse<\/strong> erscheint, die Bereiche des Unterbewusstseins, der Traumlogik und der k\u00f6rperbetonten Rhythmen. \u201e<strong>Replacement Dreams<\/strong>\u201c ist sowohl fantasievoll als auch clubtauglich und erz\u00e4hlt eine Geschichte von Bewegung, Introspektion und klanglicher Transformation. Minimalistisch in der Form, aber reich an klanglicher Textur, verbindet das Album mechanische Strukturen mit traumhafter Abstraktion. Keine Vocals, keine weichen Kanten \u2013 nur pure elektronische Bewegung f\u00fcr grenz\u00fcberschreitende Sets.<\/div>\n<div><div class=\"gap\" style=\"line-height: 10px; height: 10px;\"><\/div><\/div>\n<div class=\"\">&#8222;<strong>Replacement Dreams<\/strong>&#8220; ist ein kompromissloses Techno-Statement. Dieses Album ist eine unerbittliche Reise durch hypnotische Sequenzen, pr\u00e4zise Drum-Programmierung und die unverkennbare W\u00e4rme und Kraft analoger Synthesizer \u2013 gemacht f\u00fcr die dunkleren, intensiveren Momente der Nacht.<\/div>\n<\/div>\n<\/div>\n<\/div>\n<\/div>\n<\/div>\n<\/div>\n<\/div>\n<\/div>\n<\/div>\n<\/div>\n<\/div>\n<\/div>\n<\/div>\n<\/div>\n<\/div>\n<\/div>\n<div class=\"wpb_text_column wpb_content_element \">\n<div class=\"wpb_wrapper\">\n<div class=\"wpb_text_column wpb_content_element \">\n<div class=\"wpb_wrapper\">\n<div class=\"\"><\/div>\n<\/div>\n<\/div>\n<\/div>\n<\/div>\n<\/div>\n<\/div>\n<\/div>\n<\/div>\n<\/div>\n<\/div>\n<\/div>\n<\/div>\n<\/div>\n<\/div>\n<\/div>\n<\/div>\n<div><div class=\"gap\" style=\"line-height: 20px; height: 20px;\"><\/div><\/div>\n<h5>Weitere Informationen<\/h5>\n<div>\n<div>\n<table style=\"height: 46px; width: 100%; border-collapse: collapse; border-color: #ffffff; background-color: #ffffff; border-style: hidden;\">\n<tbody>\n<tr style=\"height: 23px; border-style: hidden; border-color: #ffffff; background-color: #ffffff;\">\n<td style=\"width: 4.724409448818898%; height: 23px; border-style: hidden;\">K\u00fcnstler:<\/td>\n<td style=\"width: 95.27559055118111%; height: 23px; border-style: hidden;\"><a title=\"Der Dritte Raum | Harthouse\" href=\"https:\/\/ucm.one\/de\/tag\/der-dritte-raum\">Der Dritte Raum<\/a><\/td>\n<\/tr>\n<tr style=\"height: 23px;\">\n<td style=\"width: 4.724409448818898%; height: 23px; border-style: hidden;\">Label:<\/td>\n<td style=\"width: 95.27559055118111%; height: 23px; border-style: hidden;\"><a title=\"Harthouse\" href=\"https:\/\/ucm.one\/de\/musik-labels\/harthouse\/\">Harthouse<\/a><\/td>\n<\/tr>\n<\/tbody>\n<\/table>\n<\/div>\n<div><\/div>\n<div><div class=\"gap\" style=\"line-height: 10px; height: 10px;\"><\/div><\/div>\n<div>\u2117 &amp; \u00a9 2025 <strong>Harthouse<\/strong> \/ <span style=\"font-family: 'arial black', sans-serif;\"><strong>UCM.ONE<\/strong><\/span><\/div>\n<div><div class=\"gap\" style=\"line-height: 20px; height: 20px;\"><\/div><\/div>\n<div>\n<div><\/div>\n<div><div class=\"gap\" style=\"line-height: 10px; height: 10px;\"><\/div><\/div>\n<div><span style=\"color: #003a80;\"><strong>\u27a0 <a style=\"color: #003a80;\" title=\"\" href=\"https:\/\/ucm.one\/de\/produkt-kategorie\/art-de\/musik-de\/\">zum Shop<\/a><\/strong><\/span><\/div>\n<div><div class=\"gap\" style=\"line-height: 20px; height: 20px;\"><\/div><\/div>\n<\/div>\n<\/div>\n<\/div>","protected":false},"excerpt":{"rendered":"<p>Artist:\u00a0<a href=\"https:\/\/ucm.one\/de\/?s=%22Der+Dritte+Raum%22&amp;post_type=product\"><strong>Der Dritte Raum<\/strong><\/a><\/p>\n<p>Label:\u00a0<a href=\"https:\/\/ucm.one\/de\/produkt-kategorie\/label-musik-de\/harthouse-de\"><b>Harthouse<\/b><\/a><\/p>\n<p>Art:\u00a0<strong><a href=\"https:\/\/ucm.one\/de\/produkt-kategorie\/art-de\/musik-de\/\">Musik<\/a>\u00a0(Album)<\/strong><\/p>\n<p>Genres:\u00a0<b><a href=\"https:\/\/ucm.one\/de\/produkt-kategorie\/genre-musik-de\/dance-de\/techno-de\/\">Techno<\/a>,\u00a0<a href=\"https:\/\/ucm.one\/de\/produkt-kategorie\/genre-musik-de\/dance-de\/progressive-trance\/\">Progressive Trance<\/a><\/b><\/p>\n<p>&nbsp;<\/p>\n<p>Jahr: <strong>2025<\/strong><\/p>\n<p>Format: <b>Vinyl (2xLP)<\/b><\/p>\n","protected":false},"featured_media":402196,"comment_status":"open","ping_status":"closed","template":"","meta":{"_acf_changed":false},"product_brand":[],"product_cat":[9857,10010,9713,10318,9714,10322,9755,9796,9797],"product_tag":[18976,10385,10386,10387,9799,11266,9805,18975],"class_list":{"0":"post-402195","1":"product","2":"type-product","3":"status-publish","4":"has-post-thumbnail","6":"product_cat-dance-de","7":"product_cat-genre-musik-de","8":"product_cat-musik-de","9":"product_cat-progressive-trance","10":"product_cat-vinyl-de","11":"product_cat-trance-de","12":"product_cat-label-musik-de","13":"product_cat-harthouse-de","14":"product_cat-techno-de","15":"product_tag-progressive-techno","16":"product_tag-der-dritte-raum","17":"product_tag-the-third-room","18":"product_tag-andreas-krueger","19":"product_tag-harthouse","20":"product_tag-progressive-trance","21":"product_tag-techno","22":"product_tag-replacement-dreams","23":"product_shipping_class-doppelvinyl-2","24":"pa_format-2xlp-translucent-red-black-marbled-vinyl","25":"pa_format-2xlp","26":"description-off","28":"first","29":"instock","30":"taxable","31":"shipping-taxable","32":"purchasable","33":"product-type-variable"},"acf":[],"yoast_head":"<!-- This site is optimized with the Yoast SEO plugin v27.5 - https:\/\/yoast.com\/product\/yoast-seo-wordpress\/ -->\n<title>Der Dritte Raum - Replacement Dreams<\/title>\n<meta name=\"description\" content=\"Shop | Der Dritte Raum - Replacement Dreams | 2025 | Harthouse | Vinyl (2xLP)\" \/>\n<meta name=\"robots\" content=\"index, follow, max-snippet:-1, max-image-preview:large, max-video-preview:-1\" \/>\n<link rel=\"canonical\" href=\"https:\/\/ucm.one\/de\/produkt\/der-dritte-raum-replacement-dreams\/\" \/>\n<meta property=\"og:locale\" content=\"de_DE\" \/>\n<meta property=\"og:type\" content=\"article\" \/>\n<meta property=\"og:title\" content=\"Der Dritte Raum - Replacement Dreams\" \/>\n<meta property=\"og:description\" content=\"Shop | Der Dritte Raum - Replacement Dreams | 2025 | Harthouse | Vinyl (2xLP)\" \/>\n<meta property=\"og:url\" content=\"https:\/\/ucm.one\/de\/produkt\/der-dritte-raum-replacement-dreams\/\" \/>\n<meta property=\"og:site_name\" content=\"UCM.ONE\" \/>\n<meta property=\"article:modified_time\" content=\"2026-05-05T08:35:06+00:00\" \/>\n<meta property=\"og:image\" content=\"https:\/\/ucm.one\/wp-content\/uploads\/2025\/08\/C-er-Dritte-Raum-Replacement-Dreams.jpg\" \/>\n\t<meta property=\"og:image:width\" content=\"1000\" \/>\n\t<meta property=\"og:image:height\" content=\"1000\" \/>\n\t<meta property=\"og:image:type\" content=\"image\/jpeg\" \/>\n<meta name=\"twitter:card\" content=\"summary_large_image\" \/>\n<meta name=\"twitter:title\" content=\"Der Dritte Raum - Replacement Dreams\" \/>\n<meta name=\"twitter:description\" content=\"Shop | Der Dritte Raum - Replacement Dreams | 2025 | Harthouse | Vinyl (2xLP)\" \/>\n<meta name=\"twitter:image\" content=\"https:\/\/ucm.one\/wp-content\/uploads\/2025\/08\/C-er-Dritte-Raum-Replacement-Dreams.jpg\" \/>\n<meta name=\"twitter:label1\" content=\"Gesch\u00e4tzte Lesezeit\" \/>\n\t<meta name=\"twitter:data1\" content=\"2\u00a0Minuten\" \/>\n<!-- \/ Yoast SEO plugin. -->","yoast_head_json":{"title":"Der Dritte Raum - Replacement Dreams","description":"Shop | Der Dritte Raum - Replacement Dreams | 2025 | Harthouse | Vinyl (2xLP)","robots":{"index":"index","follow":"follow","max-snippet":"max-snippet:-1","max-image-preview":"max-image-preview:large","max-video-preview":"max-video-preview:-1"},"canonical":"https:\/\/ucm.one\/de\/produkt\/der-dritte-raum-replacement-dreams\/","og_locale":"de_DE","og_type":"article","og_title":"Der Dritte Raum - Replacement Dreams","og_description":"Shop | Der Dritte Raum - Replacement Dreams | 2025 | Harthouse | Vinyl (2xLP)","og_url":"https:\/\/ucm.one\/de\/produkt\/der-dritte-raum-replacement-dreams\/","og_site_name":"UCM.ONE","article_modified_time":"2026-05-05T08:35:06+00:00","og_image":[{"width":1000,"height":1000,"url":"https:\/\/ucm.one\/wp-content\/uploads\/2025\/08\/C-er-Dritte-Raum-Replacement-Dreams.jpg","type":"image\/jpeg"}],"twitter_card":"summary_large_image","twitter_title":"Der Dritte Raum - Replacement Dreams","twitter_description":"Shop | Der Dritte Raum - Replacement Dreams | 2025 | Harthouse | Vinyl (2xLP)","twitter_image":"https:\/\/ucm.one\/wp-content\/uploads\/2025\/08\/C-er-Dritte-Raum-Replacement-Dreams.jpg","twitter_misc":{"Gesch\u00e4tzte Lesezeit":"2\u00a0Minuten"},"schema":{"@context":"https:\/\/schema.org","@graph":[{"@type":"WebPage","@id":"https:\/\/ucm.one\/de\/produkt\/der-dritte-raum-replacement-dreams\/","url":"https:\/\/ucm.one\/de\/produkt\/der-dritte-raum-replacement-dreams\/","name":"Der Dritte Raum - Replacement Dreams","isPartOf":{"@id":"https:\/\/ucm.one\/de\/#website"},"primaryImageOfPage":{"@id":"https:\/\/ucm.one\/de\/produkt\/der-dritte-raum-replacement-dreams\/#primaryimage"},"image":{"@id":"https:\/\/ucm.one\/de\/produkt\/der-dritte-raum-replacement-dreams\/#primaryimage"},"thumbnailUrl":"https:\/\/ucm.one\/wp-content\/uploads\/2025\/08\/C-er-Dritte-Raum-Replacement-Dreams.jpg","datePublished":"2025-08-14T22:00:50+00:00","dateModified":"2026-05-05T08:35:06+00:00","description":"Shop | Der Dritte Raum - Replacement Dreams | 2025 | Harthouse | Vinyl (2xLP)","breadcrumb":{"@id":"https:\/\/ucm.one\/de\/produkt\/der-dritte-raum-replacement-dreams\/#breadcrumb"},"inLanguage":"de","potentialAction":[{"@type":"ReadAction","target":["https:\/\/ucm.one\/de\/produkt\/der-dritte-raum-replacement-dreams\/"]}]},{"@type":"ImageObject","inLanguage":"de","@id":"https:\/\/ucm.one\/de\/produkt\/der-dritte-raum-replacement-dreams\/#primaryimage","url":"https:\/\/ucm.one\/wp-content\/uploads\/2025\/08\/C-er-Dritte-Raum-Replacement-Dreams.jpg","contentUrl":"https:\/\/ucm.one\/wp-content\/uploads\/2025\/08\/C-er-Dritte-Raum-Replacement-Dreams.jpg","width":1000,"height":1000},{"@type":"BreadcrumbList","@id":"https:\/\/ucm.one\/de\/produkt\/der-dritte-raum-replacement-dreams\/#breadcrumb","itemListElement":[{"@type":"ListItem","position":1,"name":"Home","item":"https:\/\/ucm.one\/de\/"},{"@type":"ListItem","position":2,"name":"Shop","item":"https:\/\/ucm.one\/de\/shop\/"},{"@type":"ListItem","position":3,"name":"Der Dritte Raum &#8211; Replacement Dreams"}]},{"@type":"WebSite","@id":"https:\/\/ucm.one\/de\/#website","url":"https:\/\/ucm.one\/de\/","name":"UCM.ONE","description":"","publisher":{"@id":"https:\/\/ucm.one\/de\/#organization"},"potentialAction":[{"@type":"SearchAction","target":{"@type":"EntryPoint","urlTemplate":"https:\/\/ucm.one\/de\/?s={search_term_string}"},"query-input":{"@type":"PropertyValueSpecification","valueRequired":true,"valueName":"search_term_string"}}],"inLanguage":"de"},{"@type":"Organization","@id":"https:\/\/ucm.one\/de\/#organization","name":"UCM.ONE","url":"https:\/\/ucm.one\/de\/","logo":{"@type":"ImageObject","inLanguage":"de","@id":"https:\/\/ucm.one\/de\/#\/schema\/logo\/image\/","url":"https:\/\/ucm.one\/wp-content\/uploads\/2019\/10\/UCM.ONE-Logo-RGB.svg","contentUrl":"https:\/\/ucm.one\/wp-content\/uploads\/2019\/10\/UCM.ONE-Logo-RGB.svg","width":1,"height":1,"caption":"UCM.ONE"},"image":{"@id":"https:\/\/ucm.one\/de\/#\/schema\/logo\/image\/"}}]}},"_links":{"self":[{"href":"https:\/\/ucm.one\/de\/wp-json\/wp\/v2\/product\/402195","targetHints":{"allow":["GET"]}}],"collection":[{"href":"https:\/\/ucm.one\/de\/wp-json\/wp\/v2\/product"}],"about":[{"href":"https:\/\/ucm.one\/de\/wp-json\/wp\/v2\/types\/product"}],"replies":[{"embeddable":true,"href":"https:\/\/ucm.one\/de\/wp-json\/wp\/v2\/comments?post=402195"}],"wp:featuredmedia":[{"embeddable":true,"href":"https:\/\/ucm.one\/de\/wp-json\/wp\/v2\/media\/402196"}],"wp:attachment":[{"href":"https:\/\/ucm.one\/de\/wp-json\/wp\/v2\/media?parent=402195"}],"wp:term":[{"taxonomy":"product_brand","embeddable":true,"href":"https:\/\/ucm.one\/de\/wp-json\/wp\/v2\/product_brand?post=402195"},{"taxonomy":"product_cat","embeddable":true,"href":"https:\/\/ucm.one\/de\/wp-json\/wp\/v2\/product_cat?post=402195"},{"taxonomy":"product_tag","embeddable":true,"href":"https:\/\/ucm.one\/de\/wp-json\/wp\/v2\/product_tag?post=402195"}],"curies":[{"name":"wp","href":"https:\/\/api.w.org\/{rel}","templated":true}]}}