{"id":304883,"date":"2025-07-08T14:15:28","date_gmt":"2025-07-08T14:15:28","guid":{"rendered":"https:\/\/ucm.one\/?post_type=product&#038;p=304883"},"modified":"2025-08-14T09:55:00","modified_gmt":"2025-08-14T09:55:00","slug":"the-art-of-destruction","status":"publish","type":"product","link":"https:\/\/ucm.one\/de\/produkt\/the-art-of-destruction\/","title":{"rendered":"The Art Of Destruction"},"content":{"rendered":"<div class=\"wpb-content-wrapper\"><div class=\"wpb_text_column wpb_content_element \">\n<div class=\"wpb_wrapper\">\n<div class=\"\">\n<div class=\"wpb_text_column wpb_content_element \">\n<div class=\"wpb_wrapper\">\n<div class=\"wpb_text_column wpb_content_element \">\n<div class=\"wpb_wrapper\">\n<div class=\"wpb_text_column wpb_content_element \">\n<div class=\"wpb_wrapper\">\n<div class=\"vc_row wpb_row vc_row-fluid\">\n<div class=\"wpb_column vc_column_container vc_col-sm-9\">\n<div class=\"vc_column-inner\">\n<div class=\"wpb_wrapper\">\n<div class=\"wpb_text_column wpb_content_element \">\n<div class=\"wpb_wrapper\">\n<div class=\"wpb_text_column wpb_content_element \">\n<div class=\"wpb_wrapper\">\n<div class=\"wpb_text_column wpb_content_element \">\n<div class=\"wpb_wrapper\">\n<div class=\"\">\n<div class=\"wpb_text_column wpb_content_element \">\n<div class=\"wpb_wrapper\">\n<div class=\"wpb_text_column wpb_content_element \">\n<div class=\"wpb_wrapper\">\n<div class=\"wpb_text_column wpb_content_element \">\n<div class=\"wpb_wrapper\">\n<div class=\"vc_row wpb_row vc_row-fluid\">\n<div class=\"wpb_column vc_column_container vc_col-sm-9\">\n<div class=\"vc_column-inner\">\n<div class=\"wpb_wrapper\">\n<div class=\"wpb_text_column wpb_content_element \">\n<div class=\"wpb_wrapper\">\n<p>Nach fast 40 Jahren Bandgeschichte wollen es Schmier und Mike noch einmal wissen und die Urv\u00e4ter des Deutschen Thrash Metal f\u00fcr eine Welttour zusammenbringen. Doch dann schl\u00e4gt das Schicksal zu. Die Kamera ist hautnah dabei, als <strong>Destruction<\/strong>\u00a0durch die h\u00e4rteste Phase ihrer Geschichte gehen. Ein Film \u00fcber die Magie der Musik. Ein intimer Blick hinter die Kulissen einer Musiklegende.<\/p>\n<\/div>\n<p><strong>Destruction<\/strong> ist eine der \u00e4ltesten deutschen Thrash-Metal-Bands. Gegr\u00fcndet 1982 in Weil am Rhein, geh\u00f6rt<br \/>\nsie gemeinsam mit <strong>Kreator<\/strong> und <strong>Sodom<\/strong> zur deutschen Speerspitze des Genres. Die Alben von <strong>Destruction <\/strong>sind Klassiker des Genres f\u00fcr Millionen Fans weltweit!<\/p>\n<\/div>\n<\/div>\n<\/div>\n<\/div>\n<\/div>\n<\/div>\n<\/div>\n<\/div>\n<\/div>\n<\/div>\n<\/div>\n<\/div>\n<\/div>\n<\/div>\n<\/div>\n<\/div>\n<\/div>\n<\/div>\n<\/div>\n<\/div>\n<\/div>\n<\/div>\n<\/div>\n<\/div>\n<\/div>\n<\/div>\n<\/div>\n<\/div>\n<\/div>\n<\/div>\n<\/div>\n<div><div class=\"gap\" style=\"line-height: 20px; height: 20px;\"><\/div><\/div>\n<h5>Weitere Informationen<\/h5>\n<div>\n<div>\n<table style=\"height: 47px; width: 100%; border-collapse: collapse; border-color: #ffffff; background-color: #ffffff; border-style: hidden;\">\n<tbody>\n<tr style=\"height: 23px; border-style: hidden; border-color: #ffffff; background-color: #ffffff;\">\n<td style=\"width: 4.701195219123506%; height: 23px; border-style: hidden;\">Film:<\/td>\n<td style=\"width: 95.29880478087651%; height: 23px; border-style: hidden;\"><a title=\"Bloody Nose, Empty Pockets (2020) von Bill Ross IV &amp; Turner Ross | NONFY Documentaries\" href=\"https:\/\/ucm.one\/de\/the-art-of-destruction\/\">The Art of Destruction<\/a><\/td>\n<\/tr>\n<tr style=\"height: 23px;\">\n<td style=\"width: 4.701195219123506%; height: 24px; border-style: hidden;\">Label:<\/td>\n<td style=\"width: 95.29880478087651%; height: 24px; border-style: hidden;\"><a title=\"NONFY Documentaries\" href=\"https:\/\/ucm.one\/de\/film-labels\/nonfy-documentaries\/\">NONFY Documentaries<\/a><\/td>\n<\/tr>\n<\/tbody>\n<\/table>\n<\/div>\n<div><\/div>\n<\/div>\n<div>\n<div><div class=\"gap\" style=\"line-height: 10px; height: 10px;\"><\/div><\/div>\n<div>\u00a9 2025 <strong>NONFY Documentaries \/<span style=\"font-family: 'arial black', sans-serif;\"> UCM.ONE<\/span><\/strong><\/div>\n<div><div class=\"gap\" style=\"line-height: 20px; height: 20px;\"><\/div><\/div>\n<\/div>\n<div>\n<div><\/div>\n<div>\n<div><div class=\"gap\" style=\"line-height: 10px; height: 10px;\"><\/div><\/div>\n<div><span style=\"color: #003a80;\"><strong>\u27a0 <a style=\"color: #003a80;\" href=\"https:\/\/ucm.one\/de\/produkt-kategorie\/art-de\/filme-de\/\">zum Shop<\/a><\/strong><\/span><\/div>\n<div><div class=\"gap\" style=\"line-height: 20px; height: 20px;\"><\/div><\/div>\n<\/div>\n<\/div>\n<\/div>","protected":false},"excerpt":{"rendered":"<p>Label:\u00a0<a title=\"Artkeim\u00b2\" href=\"https:\/\/ucm.one\/de\/produkt-kategorie\/label-film-de\/nonfy-documentaries-de\/\"><strong>NONFY Documentaries<\/strong><\/a><\/p>\n<p>Art:\u00a0<strong><a href=\"https:\/\/ucm.one\/de\/produkt-kategorie\/art-de\/filme-de\/\">Film<\/a>,\u00a0\u00a0<a href=\"https:\/\/ucm.one\/de\/produkt-kategorie\/art-de\/musik-de\/\">Musik<\/a><\/strong><\/p>\n<p>Genre: <strong><a title=\"Dokumentarfilm\" href=\"https:\/\/ucm.one\/de\/produkt-kategorie\/genre-film-de\/dokumentarfilm-de\/\">Dokumentarfilm<\/a><\/strong><\/p>\n<p>&nbsp;<\/p>\n<p>Jahr: <strong>2025<\/strong><\/p>\n<p>Format: <strong>DVD<\/strong><\/p>\n","protected":false},"featured_media":354906,"comment_status":"open","ping_status":"closed","template":"","meta":{"_acf_changed":false},"product_brand":[],"product_cat":[9754,9755,10331,10938,12646,9708,9713,9753],"product_tag":[18910,18911,18912,18913,18914,14201,18908,18909],"class_list":{"0":"post-304883","1":"product","2":"type-product","3":"status-publish","4":"has-post-thumbnail","6":"product_cat-heavy-metal-de","7":"product_cat-label-musik-de","8":"product_cat-dvd-de","9":"product_cat-dokumentarfilm-de","10":"product_cat-nonfy-documentaries-de","11":"product_cat-filme-de","12":"product_cat-musik-de","13":"product_cat-metal-de","14":"product_tag-doku","15":"product_tag-kreator","16":"product_tag-sodom","17":"product_tag-napalm-records","18":"product_tag-nuclear-blast","19":"product_tag-destruction","20":"product_tag-schmier","21":"product_tag-trash","22":"product_shipping_class-dvd-2","23":"pa_format-dvd","24":"description-off","26":"first","27":"instock","28":"taxable","29":"shipping-taxable","30":"purchasable","31":"product-type-variable","32":"has-default-attributes"},"acf":[],"yoast_head":"<!-- This site is optimized with the Yoast SEO plugin v27.2 - https:\/\/yoast.com\/product\/yoast-seo-wordpress\/ -->\n<title>The Art Of Destruction<\/title>\n<meta name=\"description\" content=\"Shop | The Art Of Destruction | 2025 | NONFY Documentaries | DVD | FSK 0\" \/>\n<meta name=\"robots\" content=\"index, follow, max-snippet:-1, max-image-preview:large, max-video-preview:-1\" \/>\n<link rel=\"canonical\" href=\"https:\/\/ucm.one\/de\/produkt\/the-art-of-destruction\/\" \/>\n<meta property=\"og:locale\" content=\"de_DE\" \/>\n<meta property=\"og:type\" content=\"article\" \/>\n<meta property=\"og:title\" content=\"The Art Of Destruction\" \/>\n<meta property=\"og:description\" content=\"Shop | The Art Of Destruction | 2025 | NONFY Documentaries | DVD | FSK 0\" \/>\n<meta property=\"og:url\" content=\"https:\/\/ucm.one\/de\/produkt\/the-art-of-destruction\/\" \/>\n<meta property=\"og:site_name\" content=\"UCM.ONE\" \/>\n<meta property=\"article:modified_time\" content=\"2025-08-14T09:55:00+00:00\" \/>\n<meta property=\"og:image\" content=\"https:\/\/ucm.one\/wp-content\/uploads\/2025\/02\/The-Art-Of-Destruction-Banner-1080x1080-Artwork.jpg\" \/>\n\t<meta property=\"og:image:width\" content=\"1080\" \/>\n\t<meta property=\"og:image:height\" content=\"1080\" \/>\n\t<meta property=\"og:image:type\" content=\"image\/jpeg\" \/>\n<meta name=\"twitter:card\" content=\"summary_large_image\" \/>\n<meta name=\"twitter:title\" content=\"The Art Of Destruction\" \/>\n<meta name=\"twitter:description\" content=\"Shop | The Art Of Destruction | 2025 | NONFY Documentaries | DVD | FSK 0\" \/>\n<meta name=\"twitter:image\" content=\"https:\/\/ucm.one\/wp-content\/uploads\/2025\/02\/The-Art-Of-Destruction-Banner-1080x1080-Artwork.jpg\" \/>\n<meta name=\"twitter:label1\" content=\"Gesch\u00e4tzte Lesezeit\" \/>\n\t<meta name=\"twitter:data1\" content=\"1\u00a0Minute\" \/>\n<!-- \/ Yoast SEO plugin. -->","yoast_head_json":{"title":"The Art Of Destruction","description":"Shop | The Art Of Destruction | 2025 | NONFY Documentaries | DVD | FSK 0","robots":{"index":"index","follow":"follow","max-snippet":"max-snippet:-1","max-image-preview":"max-image-preview:large","max-video-preview":"max-video-preview:-1"},"canonical":"https:\/\/ucm.one\/de\/produkt\/the-art-of-destruction\/","og_locale":"de_DE","og_type":"article","og_title":"The Art Of Destruction","og_description":"Shop | The Art Of Destruction | 2025 | NONFY Documentaries | DVD | FSK 0","og_url":"https:\/\/ucm.one\/de\/produkt\/the-art-of-destruction\/","og_site_name":"UCM.ONE","article_modified_time":"2025-08-14T09:55:00+00:00","og_image":[{"width":1080,"height":1080,"url":"https:\/\/ucm.one\/wp-content\/uploads\/2025\/02\/The-Art-Of-Destruction-Banner-1080x1080-Artwork.jpg","type":"image\/jpeg"}],"twitter_card":"summary_large_image","twitter_title":"The Art Of Destruction","twitter_description":"Shop | The Art Of Destruction | 2025 | NONFY Documentaries | DVD | FSK 0","twitter_image":"https:\/\/ucm.one\/wp-content\/uploads\/2025\/02\/The-Art-Of-Destruction-Banner-1080x1080-Artwork.jpg","twitter_misc":{"Gesch\u00e4tzte Lesezeit":"1\u00a0Minute"},"schema":{"@context":"https:\/\/schema.org","@graph":[{"@type":"WebPage","@id":"https:\/\/ucm.one\/de\/produkt\/the-art-of-destruction\/","url":"https:\/\/ucm.one\/de\/produkt\/the-art-of-destruction\/","name":"The Art Of Destruction","isPartOf":{"@id":"https:\/\/ucm.one\/de\/#website"},"primaryImageOfPage":{"@id":"https:\/\/ucm.one\/de\/produkt\/the-art-of-destruction\/#primaryimage"},"image":{"@id":"https:\/\/ucm.one\/de\/produkt\/the-art-of-destruction\/#primaryimage"},"thumbnailUrl":"https:\/\/ucm.one\/wp-content\/uploads\/2025\/07\/DVD_2D_1.jpg","datePublished":"2025-07-08T14:15:28+00:00","dateModified":"2025-08-14T09:55:00+00:00","description":"Shop | The Art Of Destruction | 2025 | NONFY Documentaries | DVD | FSK 0","breadcrumb":{"@id":"https:\/\/ucm.one\/de\/produkt\/the-art-of-destruction\/#breadcrumb"},"inLanguage":"de","potentialAction":[{"@type":"ReadAction","target":["https:\/\/ucm.one\/de\/produkt\/the-art-of-destruction\/"]}]},{"@type":"ImageObject","inLanguage":"de","@id":"https:\/\/ucm.one\/de\/produkt\/the-art-of-destruction\/#primaryimage","url":"https:\/\/ucm.one\/wp-content\/uploads\/2025\/07\/DVD_2D_1.jpg","contentUrl":"https:\/\/ucm.one\/wp-content\/uploads\/2025\/07\/DVD_2D_1.jpg","width":1565,"height":2232},{"@type":"BreadcrumbList","@id":"https:\/\/ucm.one\/de\/produkt\/the-art-of-destruction\/#breadcrumb","itemListElement":[{"@type":"ListItem","position":1,"name":"Home","item":"https:\/\/ucm.one\/de\/"},{"@type":"ListItem","position":2,"name":"Shop","item":"https:\/\/ucm.one\/de\/shop\/"},{"@type":"ListItem","position":3,"name":"The Art Of Destruction"}]},{"@type":"WebSite","@id":"https:\/\/ucm.one\/de\/#website","url":"https:\/\/ucm.one\/de\/","name":"UCM.ONE","description":"","publisher":{"@id":"https:\/\/ucm.one\/de\/#organization"},"potentialAction":[{"@type":"SearchAction","target":{"@type":"EntryPoint","urlTemplate":"https:\/\/ucm.one\/de\/?s={search_term_string}"},"query-input":{"@type":"PropertyValueSpecification","valueRequired":true,"valueName":"search_term_string"}}],"inLanguage":"de"},{"@type":"Organization","@id":"https:\/\/ucm.one\/de\/#organization","name":"UCM.ONE","url":"https:\/\/ucm.one\/de\/","logo":{"@type":"ImageObject","inLanguage":"de","@id":"https:\/\/ucm.one\/de\/#\/schema\/logo\/image\/","url":"https:\/\/ucm.one\/wp-content\/uploads\/2019\/10\/UCM.ONE-Logo-RGB.svg","contentUrl":"https:\/\/ucm.one\/wp-content\/uploads\/2019\/10\/UCM.ONE-Logo-RGB.svg","width":1,"height":1,"caption":"UCM.ONE"},"image":{"@id":"https:\/\/ucm.one\/de\/#\/schema\/logo\/image\/"}}]}},"_links":{"self":[{"href":"https:\/\/ucm.one\/de\/wp-json\/wp\/v2\/product\/304883","targetHints":{"allow":["GET"]}}],"collection":[{"href":"https:\/\/ucm.one\/de\/wp-json\/wp\/v2\/product"}],"about":[{"href":"https:\/\/ucm.one\/de\/wp-json\/wp\/v2\/types\/product"}],"replies":[{"embeddable":true,"href":"https:\/\/ucm.one\/de\/wp-json\/wp\/v2\/comments?post=304883"}],"wp:featuredmedia":[{"embeddable":true,"href":"https:\/\/ucm.one\/de\/wp-json\/wp\/v2\/media\/354906"}],"wp:attachment":[{"href":"https:\/\/ucm.one\/de\/wp-json\/wp\/v2\/media?parent=304883"}],"wp:term":[{"taxonomy":"product_brand","embeddable":true,"href":"https:\/\/ucm.one\/de\/wp-json\/wp\/v2\/product_brand?post=304883"},{"taxonomy":"product_cat","embeddable":true,"href":"https:\/\/ucm.one\/de\/wp-json\/wp\/v2\/product_cat?post=304883"},{"taxonomy":"product_tag","embeddable":true,"href":"https:\/\/ucm.one\/de\/wp-json\/wp\/v2\/product_tag?post=304883"}],"curies":[{"name":"wp","href":"https:\/\/api.w.org\/{rel}","templated":true}]}}