{"id":292785,"date":"2025-05-15T12:29:11","date_gmt":"2025-05-15T12:29:11","guid":{"rendered":"https:\/\/ucm.one\/?post_type=product&#038;p=292785"},"modified":"2025-10-31T13:27:14","modified_gmt":"2025-10-31T13:27:14","slug":"die-schlacht-um-schloss-itter","status":"publish","type":"product","link":"https:\/\/ucm.one\/de\/produkt\/die-schlacht-um-schloss-itter\/","title":{"rendered":"Die Schlacht um Schloss Itter"},"content":{"rendered":"<div class=\"wpb_text_column wpb_content_element \">\n<div class=\"wpb_wrapper\">\n<div class=\"\">\n<div class=\"wpb_text_column wpb_content_element \">\n<div class=\"wpb_wrapper\">\n<div class=\"wpb_text_column wpb_content_element \">\n<div class=\"wpb_wrapper\">\n<p><span style=\"font-weight: 400\">Mai 1945: Die letzten Tage des Zweiten Weltkriegs. In den Tiroler Alpen wird das abgelegene Schloss\u00a0Itter\u00a0zur B\u00fchne eines unglaublichen historischen Moments \u2013 der vielleicht bizarrsten Schlacht des gesamten Krieges. Ein kleines US-Kommando unter Captain John C. &#8222;Jack&#8220; Lee Jr. (<strong>Daniel Grogan<\/strong>) wird losgeschickt, um eine Handvoll hochrangiger franz\u00f6sischer Geiseln vor dem sicheren Tod durch die vorr\u00fcckende Waffen-SS zu retten.<\/span><\/p>\n<p><span style=\"font-weight: 400\">Doch das, was folgt, sprengt jede Vorstellung: Seite an Seite mit den Amerikanern k\u00e4mpfen ausgerechnet deutsche Wehrmachtssoldaten, die genug vom Wahnsinn des NS-Regimes haben. Misstrauen liegt in der Luft, als fr\u00fchere Feinde pl\u00f6tzlich Verb\u00fcndete sind. Doch als die Waffen-SS das Schloss einkesselt, z\u00e4hlt nur noch eines: \u00dcberleben.<\/span><\/p>\n<p><span style=\"font-weight: 400\">Ein verzweifelter Verteidigungskampf beginnt \u2013 Franzosen, Amerikaner und Deutsche vereint gegen die Waffen-SS!<\/span><\/p>\n<p><span style=\"font-weight: 400\">\u201eIn den letzten Tagen des Zweiten Weltkriegs verb\u00fcnden sich Amerikaner, Franzosen und Deutsche in einem \u00f6sterreichischen Schloss, um gegen eingefleischte Nazis zu k\u00e4mpfen. Nun, daraus sollte man einen Film machen.\u201c (thatshouldbeamoviewebseries.com)<\/span><\/p>\n<\/div>\n<\/div>\n<\/div>\n<\/div>\n<\/div>\n<\/div>\n<\/div>\n<div><div class=\"gap\" style=\"line-height: 20px; height: 20px;\"><\/div><\/div>\n<h5>Weitere Informationen<\/h5>\n<div>\n<div>\n<table style=\"height: 46px;width: 100%;border-collapse: collapse;border-color: #ffffff;background-color: #ffffff;border-style: hidden\">\n<tbody>\n<tr style=\"height: 23px;border-style: hidden;border-color: #ffffff;background-color: #ffffff\">\n<td style=\"width: 4.7012%;height: 23px;border-style: hidden\">Film:<\/td>\n<td style=\"width: 95.2988%;height: 23px;border-style: hidden\"><a href=\"https:\/\/ucm.one\/de\/die-schlacht-um-schloss-ittler-von-maximilian-elfeldt-auf-blu-ray-und-dvd-ueberall-erhaeltlich-m-square-pictures-pictures\/\">Die Schlacht um Schloss Itter<\/a><\/td>\n<\/tr>\n<tr style=\"height: 23px\">\n<td style=\"width: 4.7012%;height: 23px;border-style: hidden\">Label:<\/td>\n<td style=\"width: 95.2988%;height: 23px;border-style: hidden\"><a title=\"M-Square Pictures\" href=\"https:\/\/ucm.one\/de\/film-labels\/m-square-pictures\/\">M-Square Pictures<\/a><\/td>\n<\/tr>\n<\/tbody>\n<\/table>\n<\/div>\n<div><\/div>\n<\/div>\n<div>\n<div><div class=\"gap\" style=\"line-height: 10px; height: 10px;\"><\/div><\/div>\n<div>\u2117 2025 <strong>The Asylum<\/strong>, \u00a9 2025 <strong>M-Square\u00a0<\/strong><strong>Pictures<span style=\"font-family: arial black, sans-serif\">\u00a0\/ UCM.ONE<\/span><\/strong><\/div>\n<div><div class=\"gap\" style=\"line-height: 20px; height: 20px;\"><\/div><\/div>\n<div>\n<div><\/div>\n<div>\n<div><div class=\"gap\" style=\"line-height: 10px; height: 10px;\"><\/div><\/div>\n<div><span style=\"color: #003a80\"><strong>\u27a0 <a style=\"color: #003a80\" href=\"https:\/\/ucm.one\/de\/produkt-kategorie\/art-de\/filme-de\/\">zum Shop<\/a><\/strong><\/span><\/div>\n<div><div class=\"gap\" style=\"line-height: 20px; height: 20px;\"><\/div><\/div>\n<\/div>\n<\/div>\n<\/div>\n","protected":false},"excerpt":{"rendered":"<p>Regie: <span class=\"a-text-bold\">\u200e <\/span><a href=\"https:\/\/ucm.one\/de\/?s=%22Maximilian+Elfeldt%22&amp;post_type=product\"><strong>Maximilian Elfeldt<\/strong><\/a><\/p>\n<p>Label: <a title=\"M-Square Pictures\" href=\"https:\/\/ucm.one\/de\/produkt-kategorie\/label-film-de\/m-square-pictures-de\/\"><strong>M-Square Pictures<\/strong><\/a><\/p>\n<p>Art:\u00a0<strong><a href=\"https:\/\/ucm.one\/de\/produkt-kategorie\/art-de\/filme-de\/\">Film<\/a> (Spielfilm) <\/strong><\/p>\n<p>Genres: <strong><a href=\"https:\/\/ucm.one\/de\/produkt-kategorie\/genre-film-de\/action-de\/\">Action<\/a><\/strong>, <a href=\"https:\/\/ucm.one\/de\/produkt-kategorie\/genre-film-de\/krieg-de\/\"><b>Krieg, <\/b><\/a><b><strong><a href=\"https:\/\/ucm.one\/de\/produkt-kategorie\/genre-film-de\/history-de\/\">History<\/a><\/strong><\/b><\/p>\n<p>Jahr: <strong>2025<\/strong><\/p>\n<p>FSK: <strong>12<\/strong><\/p>\n<p>Formate: <strong>Diverse<\/strong><\/p>\n","protected":false},"featured_media":292786,"comment_status":"open","ping_status":"closed","template":"","meta":{"_acf_changed":false},"product_brand":[],"product_cat":[10323,10331,10332,10334,10358,10952,9708,11308],"product_tag":[11315,18713,18714,18715,18716,18717],"class_list":{"0":"post-292785","1":"product","2":"type-product","3":"status-publish","4":"has-post-thumbnail","6":"product_cat-m-square-pictures-de","7":"product_cat-dvd-de","8":"product_cat-blu-ray-de","9":"product_cat-drama-de","10":"product_cat-action-de","11":"product_cat-history-de","12":"product_cat-filme-de","13":"product_cat-krieg-de","14":"product_tag-kriegsfilm","15":"product_tag-itter","16":"product_tag-zweiter-weltkrieg","17":"product_tag-waffen-ss","18":"product_tag-wehrmacht","19":"product_tag-asylum-de","20":"product_shipping_class-bd-2","21":"pa_format-dvd","22":"pa_format-blu-ray-de","23":"description-off","25":"first","26":"instock","27":"taxable","28":"shipping-taxable","29":"purchasable","30":"product-type-variable"},"acf":[],"yoast_head":"<!-- This site is optimized with the Yoast SEO plugin v27.2 - https:\/\/yoast.com\/product\/yoast-seo-wordpress\/ -->\n<title>Die Schlacht um Schloss Itter<\/title>\n<meta name=\"description\" content=\"Shop | Die Schlacht um Schloss Itter | 2025 | M-Square | Blu-ray + DVD | FSK 12\" \/>\n<meta name=\"robots\" content=\"index, follow, max-snippet:-1, max-image-preview:large, max-video-preview:-1\" \/>\n<link rel=\"canonical\" href=\"https:\/\/ucm.one\/de\/produkt\/die-schlacht-um-schloss-itter\/\" \/>\n<meta property=\"og:locale\" content=\"de_DE\" \/>\n<meta property=\"og:type\" content=\"article\" \/>\n<meta property=\"og:title\" content=\"Die Schlacht um Schloss Itter\" \/>\n<meta property=\"og:description\" content=\"Shop | Die Schlacht um Schloss Itter | 2025 | M-Square | Blu-ray + DVD | FSK 12\" \/>\n<meta property=\"og:url\" content=\"https:\/\/ucm.one\/de\/produkt\/die-schlacht-um-schloss-itter\/\" \/>\n<meta property=\"og:site_name\" content=\"UCM.ONE\" \/>\n<meta property=\"article:modified_time\" content=\"2025-10-31T13:27:14+00:00\" \/>\n<meta property=\"og:image\" content=\"https:\/\/ucm.one\/wp-content\/uploads\/2025\/05\/GMS1089-2D-Die-Schlacht-um-Schloss-Itter-DVD.jpg\" \/>\n\t<meta property=\"og:image:width\" content=\"1549\" \/>\n\t<meta property=\"og:image:height\" content=\"2199\" \/>\n\t<meta property=\"og:image:type\" content=\"image\/jpeg\" \/>\n<meta name=\"twitter:card\" content=\"summary_large_image\" \/>\n<meta name=\"twitter:title\" content=\"Die Schlacht um Schloss Itter\" \/>\n<meta name=\"twitter:description\" content=\"Shop | Die Schlacht um Schloss Itter | 2025 | M-Square | Blu-ray + DVD | FSK 12\" \/>\n<meta name=\"twitter:image\" content=\"https:\/\/ucm.one\/wp-content\/uploads\/2025\/06\/P-Battle-for-Castle-Itter.jpg\" \/>\n<meta name=\"twitter:label1\" content=\"Gesch\u00e4tzte Lesezeit\" \/>\n\t<meta name=\"twitter:data1\" content=\"2\u00a0Minuten\" \/>\n<!-- \/ Yoast SEO plugin. -->","yoast_head_json":{"title":"Die Schlacht um Schloss Itter","description":"Shop | Die Schlacht um Schloss Itter | 2025 | M-Square | Blu-ray + DVD | FSK 12","robots":{"index":"index","follow":"follow","max-snippet":"max-snippet:-1","max-image-preview":"max-image-preview:large","max-video-preview":"max-video-preview:-1"},"canonical":"https:\/\/ucm.one\/de\/produkt\/die-schlacht-um-schloss-itter\/","og_locale":"de_DE","og_type":"article","og_title":"Die Schlacht um Schloss Itter","og_description":"Shop | Die Schlacht um Schloss Itter | 2025 | M-Square | Blu-ray + DVD | FSK 12","og_url":"https:\/\/ucm.one\/de\/produkt\/die-schlacht-um-schloss-itter\/","og_site_name":"UCM.ONE","article_modified_time":"2025-10-31T13:27:14+00:00","og_image":[{"width":1549,"height":2199,"url":"https:\/\/ucm.one\/wp-content\/uploads\/2025\/05\/GMS1089-2D-Die-Schlacht-um-Schloss-Itter-DVD.jpg","type":"image\/jpeg"}],"twitter_card":"summary_large_image","twitter_title":"Die Schlacht um Schloss Itter","twitter_description":"Shop | Die Schlacht um Schloss Itter | 2025 | M-Square | Blu-ray + DVD | FSK 12","twitter_image":"https:\/\/ucm.one\/wp-content\/uploads\/2025\/06\/P-Battle-for-Castle-Itter.jpg","twitter_misc":{"Gesch\u00e4tzte Lesezeit":"2\u00a0Minuten"},"schema":{"@context":"https:\/\/schema.org","@graph":[{"@type":"WebPage","@id":"https:\/\/ucm.one\/de\/produkt\/die-schlacht-um-schloss-itter\/","url":"https:\/\/ucm.one\/de\/produkt\/die-schlacht-um-schloss-itter\/","name":"Die Schlacht um Schloss Itter","isPartOf":{"@id":"https:\/\/ucm.one\/de\/#website"},"primaryImageOfPage":{"@id":"https:\/\/ucm.one\/de\/produkt\/die-schlacht-um-schloss-itter\/#primaryimage"},"image":{"@id":"https:\/\/ucm.one\/de\/produkt\/die-schlacht-um-schloss-itter\/#primaryimage"},"thumbnailUrl":"https:\/\/ucm.one\/wp-content\/uploads\/2025\/05\/GMS1089-2D-Die-Schlacht-um-Schloss-Itter-DVD.jpg","datePublished":"2025-05-15T12:29:11+00:00","dateModified":"2025-10-31T13:27:14+00:00","description":"Shop | Die Schlacht um Schloss Itter | 2025 | M-Square | Blu-ray + DVD | FSK 12","breadcrumb":{"@id":"https:\/\/ucm.one\/de\/produkt\/die-schlacht-um-schloss-itter\/#breadcrumb"},"inLanguage":"de","potentialAction":[{"@type":"ReadAction","target":["https:\/\/ucm.one\/de\/produkt\/die-schlacht-um-schloss-itter\/"]}]},{"@type":"ImageObject","inLanguage":"de","@id":"https:\/\/ucm.one\/de\/produkt\/die-schlacht-um-schloss-itter\/#primaryimage","url":"https:\/\/ucm.one\/wp-content\/uploads\/2025\/05\/GMS1089-2D-Die-Schlacht-um-Schloss-Itter-DVD.jpg","contentUrl":"https:\/\/ucm.one\/wp-content\/uploads\/2025\/05\/GMS1089-2D-Die-Schlacht-um-Schloss-Itter-DVD.jpg","width":1549,"height":2199},{"@type":"BreadcrumbList","@id":"https:\/\/ucm.one\/de\/produkt\/die-schlacht-um-schloss-itter\/#breadcrumb","itemListElement":[{"@type":"ListItem","position":1,"name":"Home","item":"https:\/\/ucm.one\/de\/"},{"@type":"ListItem","position":2,"name":"Shop","item":"https:\/\/ucm.one\/de\/shop\/"},{"@type":"ListItem","position":3,"name":"Die Schlacht um Schloss Itter"}]},{"@type":"WebSite","@id":"https:\/\/ucm.one\/de\/#website","url":"https:\/\/ucm.one\/de\/","name":"UCM.ONE","description":"","publisher":{"@id":"https:\/\/ucm.one\/de\/#organization"},"potentialAction":[{"@type":"SearchAction","target":{"@type":"EntryPoint","urlTemplate":"https:\/\/ucm.one\/de\/?s={search_term_string}"},"query-input":{"@type":"PropertyValueSpecification","valueRequired":true,"valueName":"search_term_string"}}],"inLanguage":"de"},{"@type":"Organization","@id":"https:\/\/ucm.one\/de\/#organization","name":"UCM.ONE","url":"https:\/\/ucm.one\/de\/","logo":{"@type":"ImageObject","inLanguage":"de","@id":"https:\/\/ucm.one\/de\/#\/schema\/logo\/image\/","url":"https:\/\/ucm.one\/wp-content\/uploads\/2019\/10\/UCM.ONE-Logo-RGB.svg","contentUrl":"https:\/\/ucm.one\/wp-content\/uploads\/2019\/10\/UCM.ONE-Logo-RGB.svg","width":1,"height":1,"caption":"UCM.ONE"},"image":{"@id":"https:\/\/ucm.one\/de\/#\/schema\/logo\/image\/"}}]}},"_links":{"self":[{"href":"https:\/\/ucm.one\/de\/wp-json\/wp\/v2\/product\/292785","targetHints":{"allow":["GET"]}}],"collection":[{"href":"https:\/\/ucm.one\/de\/wp-json\/wp\/v2\/product"}],"about":[{"href":"https:\/\/ucm.one\/de\/wp-json\/wp\/v2\/types\/product"}],"replies":[{"embeddable":true,"href":"https:\/\/ucm.one\/de\/wp-json\/wp\/v2\/comments?post=292785"}],"wp:featuredmedia":[{"embeddable":true,"href":"https:\/\/ucm.one\/de\/wp-json\/wp\/v2\/media\/292786"}],"wp:attachment":[{"href":"https:\/\/ucm.one\/de\/wp-json\/wp\/v2\/media?parent=292785"}],"wp:term":[{"taxonomy":"product_brand","embeddable":true,"href":"https:\/\/ucm.one\/de\/wp-json\/wp\/v2\/product_brand?post=292785"},{"taxonomy":"product_cat","embeddable":true,"href":"https:\/\/ucm.one\/de\/wp-json\/wp\/v2\/product_cat?post=292785"},{"taxonomy":"product_tag","embeddable":true,"href":"https:\/\/ucm.one\/de\/wp-json\/wp\/v2\/product_tag?post=292785"}],"curies":[{"name":"wp","href":"https:\/\/api.w.org\/{rel}","templated":true}]}}