{"id":227269,"date":"2025-03-20T13:35:54","date_gmt":"2025-03-20T13:35:54","guid":{"rendered":"https:\/\/ucm.one\/?post_type=product&#038;p=227269"},"modified":"2025-10-16T14:34:42","modified_gmt":"2025-10-16T14:34:42","slug":"the-art-of-destruction-kinoplakat-2","status":"publish","type":"product","link":"https:\/\/ucm.one\/de\/produkt\/the-art-of-destruction-kinoplakat-2\/","title":{"rendered":"The Art of Destruction (Kinoplakat)"},"content":{"rendered":"<div class=\"wpb_text_column wpb_content_element \">\n<div class=\"wpb_wrapper\">\n<div class=\"\">\n<div class=\"wpb_text_column wpb_content_element \">\n<div class=\"wpb_wrapper\">\n<div class=\"wpb_text_column wpb_content_element \">\n<div class=\"wpb_wrapper\">\n<div class=\"wpb_text_column wpb_content_element \">\n<div class=\"wpb_wrapper\">\n<p>Destruction ist eine der \u00e4ltesten und bis heute aktivsten deutschen Thrash-Metal-Bands. Gegr\u00fcndet 1982 im s\u00fcdbadischen Weil am Rhein, geh\u00f6rt sie gemeinsam mit <strong>Kreator<\/strong>, <strong>Sodom<\/strong> und <strong>Tankard<\/strong> zu den \u201eBig Four\u201c des deutschen Thrash Metal und weltweit zur Speerspitze des Genres. Mit ihrer kompromisslosen Musik und energetischen Liveshows hat die Band weltweit Millionen Fans begeistert und eine beeindruckende Reihe von Alben ver\u00f6ffentlicht, die zu Klassikern des Genres z\u00e4hlen.<\/p>\n<p>Der Dokumentarfilm \u201e<strong>The Art Of Destruction<\/strong>\u201c von <strong>Ili Jelusic<\/strong> und <strong>Denise D\u00f6rner<\/strong> gew\u00e4hrt einen einzigartigen Blick hinter die Kulissen einer der erfolgreichsten Bands ihrer Stilrichtung!<\/p>\n<\/div>\n<\/div>\n<\/div>\n<\/div>\n<\/div>\n<\/div>\n<\/div>\n<\/div>\n<\/div>\n<div><div class=\"gap\" style=\"line-height: 20px; height: 20px;\"><\/div><\/div>\n<h5>Weitere Informationen<\/h5>\n<div>\n<div>\n<table style=\"height: 46px;width: 100%;border-collapse: collapse;border-color: #ffffff;background-color: #ffffff;border-style: hidden\">\n<tbody>\n<tr style=\"height: 23px;border-style: hidden;border-color: #ffffff;background-color: #ffffff\">\n<td style=\"width: 4.701195219123506%;height: 23px;border-style: hidden\">Film:<\/td>\n<td style=\"width: 95.29880478087651%;height: 23px;border-style: hidden\"><a title=\"Heikos Welt (2021) von Dominik Galizia | Darling Berlin\" href=\"https:\/\/ucm.one\/de\/the-art-of-destruction\/\">The Art of Destruction<\/a><\/td>\n<\/tr>\n<tr style=\"height: 23px\">\n<td style=\"width: 4.701195219123506%;height: 23px;border-style: hidden\">Label:<\/td>\n<td style=\"width: 95.29880478087651%;height: 23px;border-style: hidden\"><a title=\"Darling Berlin\" href=\"https:\/\/ucm.one\/de\/film-labels\/nonfy-documentaries\/\">Nonfy Documentaries<\/a><\/td>\n<\/tr>\n<\/tbody>\n<\/table>\n<\/div>\n<div><\/div>\n<\/div>\n<div>\n<div><div class=\"gap\" style=\"line-height: 10px; height: 10px;\"><\/div><\/div>\n<\/div>\n<div>\n<div><span style=\"color: #003a80\"><strong>\u27a0 <a style=\"color: #003a80\" href=\"https:\/\/ucm.one\/de\/produkt-kategorie\/art-de\/filme-de\/\">zum Shop<\/a><\/strong><\/span><\/div>\n<div><div class=\"gap\" style=\"line-height: 20px; height: 20px;\"><\/div><\/div>\n<\/div>\n","protected":false},"excerpt":{"rendered":"<p>Titel: <strong><a href=\"https:\/\/ucm.one\/de\/the-art-of-destruction\">The Art of Destruction<\/a><\/strong><\/p>\n<p>Label: <a title=\"Darling Berlin\" href=\"https:\/\/ucm.one\/de\/film-labels\/nonfy-documentaries\/\"><strong>NONFY Documentaries<\/strong><\/a><\/p>\n<p>Art:\u00a0<strong><a href=\"https:\/\/ucm.one\/de\/produkt-kategorie\/art-de\/filme-de\/\">Film<\/a> (<a href=\"https:\/\/ucm.one\/de\/produkt-kategorie\/merchandise-de\/\">Merchandise<\/a>)<\/strong><\/p>\n<p>Genre: <strong><a href=\"https:\/\/ucm.one\/de\/produkt-kategorie\/genre-film-de\/dokumentarfilm-de\/\">Dokumentarfilm<\/a><\/strong><\/p>\n<p>Jahr: <strong>2025<\/strong><\/p>\n<p>Format: <strong>Plakat<\/strong><\/p>\n","protected":false},"featured_media":228425,"comment_status":"open","ping_status":"closed","template":"","meta":{"_acf_changed":false},"product_brand":[],"product_cat":[10012,10400,12646,10938,12526,9708],"product_tag":[12562,12610,14201,18583,12538,12539,12561,9763],"class_list":{"0":"post-227269","1":"product","2":"type-product","3":"status-publish","4":"has-post-thumbnail","6":"product_cat-label-film-de","7":"product_cat-merchandise-de","8":"product_cat-nonfy-documentaries-de","9":"product_cat-dokumentarfilm-de","10":"product_cat-plakat-de","11":"product_cat-filme-de","12":"product_tag-poster","13":"product_tag-plakate","14":"product_tag-destruction","15":"product_tag-thrash-metal","16":"product_tag-bier","17":"product_tag-bierdeckel","18":"product_tag-plakat","19":"product_tag-noble-demon","20":"product_shipping_class-poster-en","21":"description-off","23":"first","24":"instock","25":"taxable","26":"shipping-taxable","27":"purchasable","28":"product-type-variable"},"acf":[],"yoast_head":"<!-- This site is optimized with the Yoast SEO plugin v27.5 - https:\/\/yoast.com\/product\/yoast-seo-wordpress\/ -->\n<title>The Art of Destruction (Kinoplakat)<\/title>\n<meta name=\"description\" content=\"Shop | The Art of Destruction (Kinoplakat) | 2024 | Nonfy Documenaries | Plakat\" \/>\n<meta name=\"robots\" content=\"index, follow, max-snippet:-1, max-image-preview:large, max-video-preview:-1\" \/>\n<link rel=\"canonical\" href=\"https:\/\/ucm.one\/de\/produkt\/the-art-of-destruction-kinoplakat-2\/\" \/>\n<meta property=\"og:locale\" content=\"de_DE\" \/>\n<meta property=\"og:type\" content=\"article\" \/>\n<meta property=\"og:title\" content=\"The Art of Destruction\" \/>\n<meta property=\"og:description\" content=\"Shop | The Art of Destruction (Kinoplakat) | 2024 | NONFY Documentatries | Plakat\" \/>\n<meta property=\"og:url\" content=\"https:\/\/ucm.one\/de\/produkt\/the-art-of-destruction-kinoplakat-2\/\" \/>\n<meta property=\"og:site_name\" content=\"UCM.ONE\" \/>\n<meta property=\"article:modified_time\" content=\"2025-10-16T14:34:42+00:00\" \/>\n<meta property=\"og:image\" content=\"https:\/\/ucm.one\/wp-content\/uploads\/2025\/03\/Art-of-Destruction-Plakat-2-fuer-Webseite.jpg\" \/>\n\t<meta property=\"og:image:width\" content=\"699\" \/>\n\t<meta property=\"og:image:height\" content=\"1000\" \/>\n\t<meta property=\"og:image:type\" content=\"image\/jpeg\" \/>\n<meta name=\"twitter:card\" content=\"summary_large_image\" \/>\n<meta name=\"twitter:title\" content=\"The Art of Destruction\" \/>\n<meta name=\"twitter:description\" content=\"Shop | The Art of Destruction (Kinoplakat) | 2024 | NONFY Documentatries | Plakat\" \/>\n<meta name=\"twitter:image\" content=\"https:\/\/ucm.one\/wp-content\/uploads\/2025\/03\/Art-of-Destruction-Plakat-2-fuer-Webseite.jpg\" \/>\n<meta name=\"twitter:label1\" content=\"Gesch\u00e4tzte Lesezeit\" \/>\n\t<meta name=\"twitter:data1\" content=\"1\u00a0Minute\" \/>\n<!-- \/ Yoast SEO plugin. -->","yoast_head_json":{"title":"The Art of Destruction (Kinoplakat)","description":"Shop | The Art of Destruction (Kinoplakat) | 2024 | Nonfy Documenaries | Plakat","robots":{"index":"index","follow":"follow","max-snippet":"max-snippet:-1","max-image-preview":"max-image-preview:large","max-video-preview":"max-video-preview:-1"},"canonical":"https:\/\/ucm.one\/de\/produkt\/the-art-of-destruction-kinoplakat-2\/","og_locale":"de_DE","og_type":"article","og_title":"The Art of Destruction","og_description":"Shop | The Art of Destruction (Kinoplakat) | 2024 | NONFY Documentatries | Plakat","og_url":"https:\/\/ucm.one\/de\/produkt\/the-art-of-destruction-kinoplakat-2\/","og_site_name":"UCM.ONE","article_modified_time":"2025-10-16T14:34:42+00:00","og_image":[{"width":699,"height":1000,"url":"https:\/\/ucm.one\/wp-content\/uploads\/2025\/03\/Art-of-Destruction-Plakat-2-fuer-Webseite.jpg","type":"image\/jpeg"}],"twitter_card":"summary_large_image","twitter_title":"The Art of Destruction","twitter_description":"Shop | The Art of Destruction (Kinoplakat) | 2024 | NONFY Documentatries | Plakat","twitter_image":"https:\/\/ucm.one\/wp-content\/uploads\/2025\/03\/Art-of-Destruction-Plakat-2-fuer-Webseite.jpg","twitter_misc":{"Gesch\u00e4tzte Lesezeit":"1\u00a0Minute"},"schema":{"@context":"https:\/\/schema.org","@graph":[{"@type":"WebPage","@id":"https:\/\/ucm.one\/de\/produkt\/the-art-of-destruction-kinoplakat-2\/","url":"https:\/\/ucm.one\/de\/produkt\/the-art-of-destruction-kinoplakat-2\/","name":"The Art of Destruction (Kinoplakat)","isPartOf":{"@id":"https:\/\/ucm.one\/de\/#website"},"primaryImageOfPage":{"@id":"https:\/\/ucm.one\/de\/produkt\/the-art-of-destruction-kinoplakat-2\/#primaryimage"},"image":{"@id":"https:\/\/ucm.one\/de\/produkt\/the-art-of-destruction-kinoplakat-2\/#primaryimage"},"thumbnailUrl":"https:\/\/ucm.one\/wp-content\/uploads\/2025\/03\/Art-of-Destruction-Plakat-3-fur-Webseite-1.jpg","datePublished":"2025-03-20T13:35:54+00:00","dateModified":"2025-10-16T14:34:42+00:00","description":"Shop | The Art of Destruction (Kinoplakat) | 2024 | Nonfy Documenaries | Plakat","breadcrumb":{"@id":"https:\/\/ucm.one\/de\/produkt\/the-art-of-destruction-kinoplakat-2\/#breadcrumb"},"inLanguage":"de","potentialAction":[{"@type":"ReadAction","target":["https:\/\/ucm.one\/de\/produkt\/the-art-of-destruction-kinoplakat-2\/"]}]},{"@type":"ImageObject","inLanguage":"de","@id":"https:\/\/ucm.one\/de\/produkt\/the-art-of-destruction-kinoplakat-2\/#primaryimage","url":"https:\/\/ucm.one\/wp-content\/uploads\/2025\/03\/Art-of-Destruction-Plakat-3-fur-Webseite-1.jpg","contentUrl":"https:\/\/ucm.one\/wp-content\/uploads\/2025\/03\/Art-of-Destruction-Plakat-3-fur-Webseite-1.jpg","width":699,"height":1000},{"@type":"BreadcrumbList","@id":"https:\/\/ucm.one\/de\/produkt\/the-art-of-destruction-kinoplakat-2\/#breadcrumb","itemListElement":[{"@type":"ListItem","position":1,"name":"Home","item":"https:\/\/ucm.one\/de\/"},{"@type":"ListItem","position":2,"name":"Shop","item":"https:\/\/ucm.one\/de\/shop\/"},{"@type":"ListItem","position":3,"name":"The Art of Destruction (Kinoplakat)"}]},{"@type":"WebSite","@id":"https:\/\/ucm.one\/de\/#website","url":"https:\/\/ucm.one\/de\/","name":"UCM.ONE","description":"","publisher":{"@id":"https:\/\/ucm.one\/de\/#organization"},"potentialAction":[{"@type":"SearchAction","target":{"@type":"EntryPoint","urlTemplate":"https:\/\/ucm.one\/de\/?s={search_term_string}"},"query-input":{"@type":"PropertyValueSpecification","valueRequired":true,"valueName":"search_term_string"}}],"inLanguage":"de"},{"@type":"Organization","@id":"https:\/\/ucm.one\/de\/#organization","name":"UCM.ONE","url":"https:\/\/ucm.one\/de\/","logo":{"@type":"ImageObject","inLanguage":"de","@id":"https:\/\/ucm.one\/de\/#\/schema\/logo\/image\/","url":"https:\/\/ucm.one\/wp-content\/uploads\/2019\/10\/UCM.ONE-Logo-RGB.svg","contentUrl":"https:\/\/ucm.one\/wp-content\/uploads\/2019\/10\/UCM.ONE-Logo-RGB.svg","width":1,"height":1,"caption":"UCM.ONE"},"image":{"@id":"https:\/\/ucm.one\/de\/#\/schema\/logo\/image\/"}}]}},"_links":{"self":[{"href":"https:\/\/ucm.one\/de\/wp-json\/wp\/v2\/product\/227269","targetHints":{"allow":["GET"]}}],"collection":[{"href":"https:\/\/ucm.one\/de\/wp-json\/wp\/v2\/product"}],"about":[{"href":"https:\/\/ucm.one\/de\/wp-json\/wp\/v2\/types\/product"}],"replies":[{"embeddable":true,"href":"https:\/\/ucm.one\/de\/wp-json\/wp\/v2\/comments?post=227269"}],"wp:featuredmedia":[{"embeddable":true,"href":"https:\/\/ucm.one\/de\/wp-json\/wp\/v2\/media\/228425"}],"wp:attachment":[{"href":"https:\/\/ucm.one\/de\/wp-json\/wp\/v2\/media?parent=227269"}],"wp:term":[{"taxonomy":"product_brand","embeddable":true,"href":"https:\/\/ucm.one\/de\/wp-json\/wp\/v2\/product_brand?post=227269"},{"taxonomy":"product_cat","embeddable":true,"href":"https:\/\/ucm.one\/de\/wp-json\/wp\/v2\/product_cat?post=227269"},{"taxonomy":"product_tag","embeddable":true,"href":"https:\/\/ucm.one\/de\/wp-json\/wp\/v2\/product_tag?post=227269"}],"curies":[{"name":"wp","href":"https:\/\/api.w.org\/{rel}","templated":true}]}}